{"id":9986,"date":"2024-09-05T09:52:51","date_gmt":"2024-09-05T02:52:51","guid":{"rendered":"https:\/\/congtybinhminh.com\/?post_type=product&#038;p=9986"},"modified":"2024-09-05T09:52:52","modified_gmt":"2024-09-05T02:52:52","slug":"may-bam-xo-dua-b250-inox","status":"publish","type":"product","link":"https:\/\/congtybinhminh.com\/?product=may-bam-xo-dua-b250-inox","title":{"rendered":"M\u00e1y b\u0103m x\u01a1 d\u1eeba B250 inox"},"content":{"rendered":"<h2>Gi\u1edbi thi\u1ec7u m\u00e1y b\u0103m x\u01a1 d\u1eeba B250 inox<\/h2>\n<p>M\u00e1y b\u0103m x\u01a1 d\u1eeba B250 inox do c\u00f4ng ty B\u00ecnh M\u00ednh s\u1ea3n xu\u1ea5t &#8211; gi\u1ea3i ph\u00e1p ho\u00e0n h\u1ea3o cho nh\u1eefng ai \u0111ang mu\u1ed1n t\u1ed1i \u01b0u h\u00f3a quy tr\u00ecnh ch\u1ebf bi\u1ebfn n\u00f4ng s\u1ea3n.<\/p>\n<p><img loading=\"lazy\" decoding=\"async\" class=\"aligncenter wp-image-9993 size-full\" src=\"https:\/\/congtybinhminh.com\/wp-content\/uploads\/2024\/09\/may-bam-xo-dua-b250-inox_result222-1.webp\" alt=\"may-bam-xo-dua-b250-inox_result222\" width=\"800\" height=\"1078\" srcset=\"https:\/\/congtybinhminh.com\/wp-content\/uploads\/2024\/09\/may-bam-xo-dua-b250-inox_result222-1.webp 800w, https:\/\/congtybinhminh.com\/wp-content\/uploads\/2024\/09\/may-bam-xo-dua-b250-inox_result222-1-297x400.webp 297w, https:\/\/congtybinhminh.com\/wp-content\/uploads\/2024\/09\/may-bam-xo-dua-b250-inox_result222-1-594x800.webp 594w, https:\/\/congtybinhminh.com\/wp-content\/uploads\/2024\/09\/may-bam-xo-dua-b250-inox_result222-1-768x1035.webp 768w, https:\/\/congtybinhminh.com\/wp-content\/uploads\/2024\/09\/may-bam-xo-dua-b250-inox_result222-1-510x687.webp 510w\" sizes=\"auto, (max-width: 800px) 100vw, 800px\" \/><\/p>\n<p>\u0110\u01b0\u1ee3c l\u00e0m b\u1eb1ng ch\u1ea5t li\u1ec7u inox kh\u00f4ng g\u00e2y hoen g\u1ec9 trong qu\u00e1 tr\u00ecnh s\u1eed d\u1ee5ng g\u00f3p ph\u1ea7n t\u0103ng tu\u1ed5i th\u1ecd c\u1ee7a m\u00e1y.<\/p>\n<p>\u0110\u01b0\u1ee3c trang b\u1ecb \u0111\u1ed9ng c\u01a1 3,5kw ho\u1ea1t \u0111\u1ed9ng ngu\u1ed3n \u0111i\u1ec7n 220V, m\u00e1y c\u00f3 kh\u1ea3 n\u0103ng b\u0103m nh\u1ecf l\u00e1 kh\u00f4, d\u01b0\u1ee3c li\u1ec7u v\u00e0 c\u00e1c lo\u1ea1i ph\u1ee5 ph\u1ea9m n\u00f4ng nghi\u1ec7p nhanh ch\u00f3ng v\u00e0 hi\u1ec7u qu\u1ea3<\/p>\n<p><img loading=\"lazy\" decoding=\"async\" class=\"aligncenter wp-image-9995 size-full\" src=\"https:\/\/congtybinhminh.com\/wp-content\/uploads\/2024\/09\/may-bam-duoc-lieu-copy_result222.webp\" alt=\"may-bam-duoc-lieu copy_result222\" width=\"800\" height=\"790\" srcset=\"https:\/\/congtybinhminh.com\/wp-content\/uploads\/2024\/09\/may-bam-duoc-lieu-copy_result222.webp 800w, https:\/\/congtybinhminh.com\/wp-content\/uploads\/2024\/09\/may-bam-duoc-lieu-copy_result222-405x400.webp 405w, https:\/\/congtybinhminh.com\/wp-content\/uploads\/2024\/09\/may-bam-duoc-lieu-copy_result222-768x758.webp 768w, https:\/\/congtybinhminh.com\/wp-content\/uploads\/2024\/09\/may-bam-duoc-lieu-copy_result222-510x504.webp 510w, https:\/\/congtybinhminh.com\/wp-content\/uploads\/2024\/09\/may-bam-duoc-lieu-copy_result222-100x100.webp 100w\" sizes=\"auto, (max-width: 800px) 100vw, 800px\" \/><\/p>\n<p>S\u1ea3n ph\u1ea9m s\u1ebd l\u00e0 tr\u1ee3 th\u1ee7 \u0111\u1eafc l\u1ef1c, gi\u00fap b\u1ea1n n\u00e2ng cao n\u0103ng su\u1ea5t v\u00e0 ch\u1ea5t l\u01b0\u1ee3ng c\u00f4ng vi\u1ec7c<\/p>\n<h2>C\u1ea5u t\u1ea1o m\u00e1y b\u0103m x\u01a1 d\u1eeba B250 inox<\/h2>\n<h3>Khung m\u00e1y ch\u1eafc ch\u1eafn<\/h3>\n<p>Thu\u1ed9c d\u00f2ng m\u00e1y c\u00f4ng nghi\u1ec7p cao c\u1ea5p, \u0111\u01b0\u1ee3c l\u00e0m b\u1eb1ng ch\u1ea5t li\u1ec7u inox kh\u00f4ng g\u00e2y hoen g\u1ec9, \u0111\u1ea3m b\u1ea3o s\u1ef1 b\u1ec1n b\u1ec9 v\u00e0 tu\u1ed5i th\u1ecd l\u00e2u b\u00e8n trong su\u1ed1t qu\u00e1 tr\u00ecnh v\u1eadn h\u00e0nh<\/p>\n<p><img loading=\"lazy\" decoding=\"async\" class=\"aligncenter wp-image-9994 size-full\" src=\"https:\/\/congtybinhminh.com\/wp-content\/uploads\/2024\/09\/cau-tao-may-bam-xo-dua-b250-inox_result222-1.webp\" alt=\"cau-tao-may-bam-xo-dua-b250-inox_result222\" width=\"800\" height=\"600\" srcset=\"https:\/\/congtybinhminh.com\/wp-content\/uploads\/2024\/09\/cau-tao-may-bam-xo-dua-b250-inox_result222-1.webp 800w, https:\/\/congtybinhminh.com\/wp-content\/uploads\/2024\/09\/cau-tao-may-bam-xo-dua-b250-inox_result222-1-533x400.webp 533w, https:\/\/congtybinhminh.com\/wp-content\/uploads\/2024\/09\/cau-tao-may-bam-xo-dua-b250-inox_result222-1-768x576.webp 768w, https:\/\/congtybinhminh.com\/wp-content\/uploads\/2024\/09\/cau-tao-may-bam-xo-dua-b250-inox_result222-1-510x383.webp 510w\" sizes=\"auto, (max-width: 800px) 100vw, 800px\" \/><\/p>\n<p>Khung m\u00e1y \u0111\u01b0\u1ee3c h\u00e0n g\u1eafn ch\u1eafc ch\u1eafn, v\u1edbi 5 b\u1ed9 ph\u1eadn ch\u00ednh: toa n\u1ea1p; bu\u1ed3ng b\u0103m; c\u1eeda x\u1ea3; \u0111\u1ed9ng c\u01a1 v\u00e0 ch\u00e2n m\u00e1y<\/p>\n<h3>Toa n\u1ea1p nguy\u00ean li\u1ec7u<\/h3>\n<p>Toa n\u1ea1p \u0111\u01b0\u1ee3c thi\u1ebft k\u1ebf d\u00e1ng \u0111\u1ee9ng k\u1ebft h\u1ee3p ph\u1ea7n mi\u1ec7ng v\u00e0 khoang ch\u1ee9a thi\u1ebft k\u1ebf r\u1ed9ng ch\u1ee9a nhi\u1ec1u nguy\u00ean li\u1ec7u h\u01a1n trong m\u1ed7i l\u1ea7n b\u0103m<\/p>\n<p><img loading=\"lazy\" decoding=\"async\" class=\"aligncenter wp-image-9996 size-full\" src=\"https:\/\/congtybinhminh.com\/wp-content\/uploads\/2024\/09\/toa-nap-nguyen-lieu-may-bam-xo-dua_result222.webp\" alt=\"toa-nap-nguyen-lieu-may-bam-xo-dua_result222\" width=\"800\" height=\"474\" srcset=\"https:\/\/congtybinhminh.com\/wp-content\/uploads\/2024\/09\/toa-nap-nguyen-lieu-may-bam-xo-dua_result222.webp 800w, https:\/\/congtybinhminh.com\/wp-content\/uploads\/2024\/09\/toa-nap-nguyen-lieu-may-bam-xo-dua_result222-675x400.webp 675w, https:\/\/congtybinhminh.com\/wp-content\/uploads\/2024\/09\/toa-nap-nguyen-lieu-may-bam-xo-dua_result222-768x455.webp 768w, https:\/\/congtybinhminh.com\/wp-content\/uploads\/2024\/09\/toa-nap-nguyen-lieu-may-bam-xo-dua_result222-510x302.webp 510w\" sizes=\"auto, (max-width: 800px) 100vw, 800px\" \/><\/p>\n<h3>Bu\u1ed3ng dao b\u0103m v\u00e0 m\u1eb7t s\u00e0ng<\/h3>\n<p>B\u00ean trong h\u1ec7 th\u1ed1ng bu\u1ed3ng l\u00e0m vi\u1ec7c thi\u1ebft k\u1ebf g\u1ed3m 2 h\u1ec7 th\u1ed1ng dao;<\/p>\n<ul>\n<li>2 dao k\u00ea g\u1eafn c\u1ed1 \u0111inh 2 b\u00ean th\u00e0nh m\u00e1y<\/li>\n<li>4 dao b\u0103m ch\u00ednh g\u1eafn tr\u00ean tr\u1ee5c quay k\u1ebft h\u1ee3p v\u1edbi 2 b\u00e1nh \u0111\u00e0 c\u00e2n x\u1ee9ng 2 b\u00ean tr\u1ee5c gi\u00fap m\u00e1y ch\u1ea1y kh\u1ecfe, qu\u00e1 tr\u00ecnh b\u0103m nh\u1ecf nguy\u00ean li\u1ec7u li\u00ean t\u1ee5c \u0111\u1ebfn khi v\u1eeba v\u1edbi l\u1ed7 s\u00e0ng l\u1eafp b\u00ean d\u01b0\u1edbi r\u1ed3i tho\u00e1t ra ngo\u00e0i c\u1eeda x\u1ea3<\/li>\n<\/ul>\n<p><img loading=\"lazy\" decoding=\"async\" class=\"aligncenter wp-image-9997 size-full\" src=\"https:\/\/congtybinhminh.com\/wp-content\/uploads\/2024\/09\/dao-bam-xo-dua_result222.webp\" alt=\"dao-bam-xo-dua_result222\" width=\"800\" height=\"1481\" srcset=\"https:\/\/congtybinhminh.com\/wp-content\/uploads\/2024\/09\/dao-bam-xo-dua_result222.webp 800w, https:\/\/congtybinhminh.com\/wp-content\/uploads\/2024\/09\/dao-bam-xo-dua_result222-216x400.webp 216w, https:\/\/congtybinhminh.com\/wp-content\/uploads\/2024\/09\/dao-bam-xo-dua_result222-432x800.webp 432w, https:\/\/congtybinhminh.com\/wp-content\/uploads\/2024\/09\/dao-bam-xo-dua_result222-768x1422.webp 768w, https:\/\/congtybinhminh.com\/wp-content\/uploads\/2024\/09\/dao-bam-xo-dua_result222-510x944.webp 510w\" sizes=\"auto, (max-width: 800px) 100vw, 800px\" \/><\/p>\n<p>M\u1eb7t s\u00e0ng bi\u00ean \u0111\u1ed9 cong n\u1eb1m d\u01b0\u1edbi h\u1ec7 th\u1ed1ng dao. V\u1edbi thi\u1ebft k\u1ebf m\u1edbi, ng\u01b0\u1eddi d\u00f9ng c\u00f3 th\u1ec3 ch\u1ee7 \u0111\u1ed9ng th\u00e1o l\u1eafp s\u00e0ng ngay b\u00ean ngo\u00e0i<\/p>\n<p><img loading=\"lazy\" decoding=\"async\" class=\"aligncenter wp-image-9998 size-full\" src=\"https:\/\/congtybinhminh.com\/wp-content\/uploads\/2024\/09\/mat-sang-lap-trong-may_result222.webp\" alt=\"mat-sang-lap-trong-may_result222\" width=\"800\" height=\"544\" srcset=\"https:\/\/congtybinhminh.com\/wp-content\/uploads\/2024\/09\/mat-sang-lap-trong-may_result222.webp 800w, https:\/\/congtybinhminh.com\/wp-content\/uploads\/2024\/09\/mat-sang-lap-trong-may_result222-588x400.webp 588w, https:\/\/congtybinhminh.com\/wp-content\/uploads\/2024\/09\/mat-sang-lap-trong-may_result222-768x522.webp 768w, https:\/\/congtybinhminh.com\/wp-content\/uploads\/2024\/09\/mat-sang-lap-trong-may_result222-510x347.webp 510w\" sizes=\"auto, (max-width: 800px) 100vw, 800px\" \/><\/p>\n<p>\u0110i k\u00e8m theo m\u00e1y c\u00f3 3 m\u1eb7t s\u00e0ng c\u00f3 k\u00edch th\u01b0\u1edbc kh\u00e1c nhau, ng\u01b0\u1eddi d\u00f9ng c\u00f3 th\u1ec3 t\u00f9y \u00fd thay \u0111\u1ed5i \u0111\u1ec3 thu v\u1ec1 th\u00e0nh ph\u1ea9m to\/nh\u1ecf theo \u00fd mu\u1ed1n<\/p>\n<p>V\u1ecf d\u1eeba sau khi \u0111\u01b0\u1ee3c b\u0103m nh\u1ecf s\u1ebd \u0111i qua l\u00f4 s\u00e0ng r\u1ed3i tho\u00e1t ra ngo\u00e0i c\u1eeda x\u1ea3<\/p>\n<p><img loading=\"lazy\" decoding=\"async\" class=\"aligncenter wp-image-9999 size-full\" src=\"https:\/\/congtybinhminh.com\/wp-content\/uploads\/2024\/09\/mat-sang-may-bam-xo-dua_result222.webp\" alt=\"mat-sang-may-bam-xo-dua_result222\" width=\"800\" height=\"600\" srcset=\"https:\/\/congtybinhminh.com\/wp-content\/uploads\/2024\/09\/mat-sang-may-bam-xo-dua_result222.webp 800w, https:\/\/congtybinhminh.com\/wp-content\/uploads\/2024\/09\/mat-sang-may-bam-xo-dua_result222-533x400.webp 533w, https:\/\/congtybinhminh.com\/wp-content\/uploads\/2024\/09\/mat-sang-may-bam-xo-dua_result222-768x576.webp 768w, https:\/\/congtybinhminh.com\/wp-content\/uploads\/2024\/09\/mat-sang-may-bam-xo-dua_result222-510x383.webp 510w\" sizes=\"auto, (max-width: 800px) 100vw, 800px\" \/><\/p>\n<p>\u0110\u1eb7c bi\u1ec7t, \u0111\u1ec3 b\u1ea3o v\u1ec7 m\u1ea1ch \u0111i\u1ec7n m\u00e1y \u0111\u01b0\u1ee3c trang b\u1ecb aptomat b\u1ea3o v\u1ec7 ng\u0103n c\u00e1c tr\u01b0\u1eddng h\u1ee3p qu\u00e1 t\u1ea3i, s\u1ee5t \u00e1p v\u00e0 ch\u1ed1ng gi\u1eadt, ch\u1ed1ng r\u00f2 \u0111\u1ea3m b\u1ea3o an to\u00e0n cho ng\u01b0\u1eddi d\u00f9ng<\/p>\n<h3>\u0110\u1ed9ng c\u01a1 l\u00f5i d\u00e2y \u0111\u1ed3ng 100%<\/h3>\n<p>M\u00e1y b\u0103m x\u01a1 d\u1eeba 1 pha \u0111\u1ed9ng c\u01a1 3,5kw motor l\u00f5i d\u00e2y \u0111\u1ed3ng 100% cho n\u0103ng su\u1ea5t cao<\/p>\n<p><img loading=\"lazy\" decoding=\"async\" class=\"aligncenter wp-image-10000 size-full\" src=\"https:\/\/congtybinhminh.com\/wp-content\/uploads\/2024\/09\/may-bam-duoc-lieu-kho_result222.webp\" alt=\"may-bam-duoc-lieu-kho_result222\" width=\"800\" height=\"600\" srcset=\"https:\/\/congtybinhminh.com\/wp-content\/uploads\/2024\/09\/may-bam-duoc-lieu-kho_result222.webp 800w, https:\/\/congtybinhminh.com\/wp-content\/uploads\/2024\/09\/may-bam-duoc-lieu-kho_result222-533x400.webp 533w, https:\/\/congtybinhminh.com\/wp-content\/uploads\/2024\/09\/may-bam-duoc-lieu-kho_result222-768x576.webp 768w, https:\/\/congtybinhminh.com\/wp-content\/uploads\/2024\/09\/may-bam-duoc-lieu-kho_result222-510x383.webp 510w\" sizes=\"auto, (max-width: 800px) 100vw, 800px\" \/><\/p>\n<p>\u0110\u1ed1i v\u1edbi nh\u1eefng h\u1ed9 \u0111i\u1ec7n y\u1ebfu, \u0111i\u1ec7n kh\u00f4ng \u0111\u1ee7 t\u1ea3i v\u1eabn c\u00f3 th\u1ec3 d\u00f9ng \u0111\u1ea7u n\u1ed5 \u0111\u1ec3 ch\u1ea1y m\u00e1y m\u00e0 v\u1eabn \u0111\u1ea3m b\u1ea3o n\u0103ng su\u1ea5t<\/p>\n<h2>\u0110\u1ecba ch\u1ec9 mua m\u00e1y b\u0103m x\u01a1 d\u1eeba gi\u00e1 t\u1ed1t, ch\u00ednh h\u00e3ng<\/h2>\n<p>\u0110\u1ec3 \u0111\u1eb7t mua h\u00e0ng ch\u00ednh h\u00e3ng, b\u00e0 con c\u00f3 th\u1ec3 \u0111\u1ebfn tr\u1ee5 s\u1edf g\u1ea7n nh\u1ea5t c\u1ee7a c\u00f4ng ty \u0111\u1ec3 xem v\u00e0 \u0111\u1eb7t mua h\u00e0ng:<\/p>\n<ul>\n<li>Tr\u1ee5 s\u1edf ch\u00ednh: p. L\u00ea L\u1ee3i &#8211; Tx S\u01a1n T\u00e2y &#8211; H\u00e0 N\u1ed9i<\/li>\n<li>Chi nh\u00e1nh mi\u1ec1n Nam; x\u00e3 T\u00e2n Ki\u00ean &#8211; H, B\u00ecnh Ch\u00e1nh &#8211; TP H\u1ed3 Ch\u00ed Minh<\/li>\n<\/ul>\n<p><img loading=\"lazy\" decoding=\"async\" class=\"aligncenter wp-image-9930 size-full\" src=\"https:\/\/congtybinhminh.com\/wp-content\/uploads\/2024\/08\/dia-chi-ban-may-bam-xo-dua-copy-2_result222.webp\" alt=\"dia-chi-ban-may-bam-xo-dua copy 2_result222\" width=\"800\" height=\"1152\" srcset=\"https:\/\/congtybinhminh.com\/wp-content\/uploads\/2024\/08\/dia-chi-ban-may-bam-xo-dua-copy-2_result222.webp 800w, https:\/\/congtybinhminh.com\/wp-content\/uploads\/2024\/08\/dia-chi-ban-may-bam-xo-dua-copy-2_result222-278x400.webp 278w, https:\/\/congtybinhminh.com\/wp-content\/uploads\/2024\/08\/dia-chi-ban-may-bam-xo-dua-copy-2_result222-556x800.webp 556w, https:\/\/congtybinhminh.com\/wp-content\/uploads\/2024\/08\/dia-chi-ban-may-bam-xo-dua-copy-2_result222-768x1106.webp 768w, https:\/\/congtybinhminh.com\/wp-content\/uploads\/2024\/08\/dia-chi-ban-may-bam-xo-dua-copy-2_result222-510x734.webp 510w\" sizes=\"auto, (max-width: 800px) 100vw, 800px\" \/><\/p>\n<p>Khi \u0111\u1ebfn \u0111\u00e2y, b\u00e0 con s\u1ebd \u0111\u01b0\u1ee3c th\u1eed nghi\u1ec7m v\u1eadn h\u00e0nh m\u00e1y d\u01b0\u1edbi s\u1ef1 h\u01b0\u1edbng d\u1eabn c\u1ee7a \u0111\u1ed9i ng\u0169 k\u1ef9 thu\u1eadt<\/p>\n<p>\u0110\u1ed1i v\u1edbi b\u00e0 con \u1edf xa, c\u00f3 th\u1ec3 li\u00ean h\u1ec7 t\u1edbi s\u1ed1 \u0111i\u1ec7n tho\u1ea1i tr\u00ean website ho\u1eb7c \u0111\u1ec3 l\u1ea1i l\u1eddi nh\u1eafn \u0111\u1ed9i ng\u0169 t\u01b0 v\u1ea5n s\u1ebd li\u00ean h\u1ec7 b\u00e0 con trong th\u1eddi gian s\u1edbm nh\u1ea5t<\/p>\n<p><strong>Th\u00f4ng s\u1ed1 k\u1ef9 thu\u1eadt<\/strong><\/p>\n<table border=\"1\" cellspacing=\"1\" cellpadding=\"1\">\n<tbody>\n<tr>\n<td colspan=\"1\" rowspan=\"3\">\u0110\u1ed9ng c\u01a1<\/td>\n<td>C\u00f4ng su\u1ea5t \u0111\u1ed9ng c\u01a1<\/td>\n<td>3.5kw<\/td>\n<\/tr>\n<tr>\n<td>Ngu\u1ed3n \u0111i\u1ec7n<\/td>\n<td>220V<\/td>\n<\/tr>\n<tr>\n<td>T\u1ed1c \u0111\u1ed9 m\u00e1y<\/td>\n<td>1450 v\/p<\/td>\n<\/tr>\n<tr>\n<td colspan=\"1\" rowspan=\"2\">B\u1ea3o h\u00e0nh<\/td>\n<td>K\u1ef9 thu\u1eadt<\/td>\n<td>06 th\u00e1ng<\/td>\n<\/tr>\n<tr>\n<td>\u0110\u1ed9ng c\u01a1<\/td>\n<td>Theo t\u1eebng h\u00e3ng s\u1ea3n xu\u1ea5t<\/td>\n<\/tr>\n<tr>\n<td>N\u0103ng su\u1ea5t<\/td>\n<td colspan=\"2\" rowspan=\"1\">\u00a0200 \u2013 400 kg\/gi\u1edd<\/td>\n<\/tr>\n<tr>\n<td>K\u00edch th\u01b0\u1edbc (d*c*r)<\/td>\n<td colspan=\"2\" rowspan=\"1\">101*124*53 cm<\/td>\n<\/tr>\n<tr>\n<td>H\u00ecnh th\u1ee9c thanh to\u00e1n<\/td>\n<td colspan=\"2\" rowspan=\"1\">Ti\u1ec1n m\u1eb7t ho\u1eb7c chuy\u1ec3n kho\u1ea3n<\/td>\n<\/tr>\n<\/tbody>\n<\/table>\n","protected":false},"excerpt":{"rendered":"<ul>\n<li><strong>H\u00e3ng s\u1ea3n xu\u1ea5t:<\/strong> B\u00ecnh Minh<\/li>\n<li><strong>Ch\u1ea5t li\u1ec7u<\/strong>: inox<\/li>\n<li><strong>C\u00f4ng su\u1ea5t \u0111\u1ed9ng c\u01a1:<\/strong>\u00a03,5kw<\/li>\n<li><strong>Ngu\u1ed3n \u0111i\u1ec7n:<\/strong>\u00a0220V<\/li>\n<li><strong>T\u1ed1c \u0111\u1ed9:<\/strong>\u00a01450 v\/p<\/li>\n<li><strong>K\u00edch th\u01b0\u1edbc (d*c*r):<\/strong>\u00a0101*124*53 cm<\/li>\n<li><strong>T\u00ednh n\u0103ng<\/strong>: m\u00e1y chuy\u00ean d\u00f9ng b\u0103m nh\u1ecf c\u00e1c lo\u1ea1i d\u01b0\u1ee3c li\u1ec7u v\u00e0 c\u00e1c lo\u1ea1i ph\u1ee5 ph\u1ea9m<\/li>\n<\/ul>\n","protected":false},"featured_media":9987,"comment_status":"closed","ping_status":"closed","template":"","meta":[],"product_brand":[],"product_cat":[197],"product_tag":[],"class_list":{"0":"post-9986","1":"product","2":"type-product","3":"status-publish","4":"has-post-thumbnail","6":"product_cat-may-bam-xo-dua-2","8":"first","9":"instock","10":"shipping-taxable","11":"product-type-simple"},"_links":{"self":[{"href":"https:\/\/congtybinhminh.com\/index.php?rest_route=\/wp\/v2\/product\/9986","targetHints":{"allow":["GET"]}}],"collection":[{"href":"https:\/\/congtybinhminh.com\/index.php?rest_route=\/wp\/v2\/product"}],"about":[{"href":"https:\/\/congtybinhminh.com\/index.php?rest_route=\/wp\/v2\/types\/product"}],"replies":[{"embeddable":true,"href":"https:\/\/congtybinhminh.com\/index.php?rest_route=%2Fwp%2Fv2%2Fcomments&post=9986"}],"wp:featuredmedia":[{"embeddable":true,"href":"https:\/\/congtybinhminh.com\/index.php?rest_route=\/wp\/v2\/media\/9987"}],"wp:attachment":[{"href":"https:\/\/congtybinhminh.com\/index.php?rest_route=%2Fwp%2Fv2%2Fmedia&parent=9986"}],"wp:term":[{"taxonomy":"product_brand","embeddable":true,"href":"https:\/\/congtybinhminh.com\/index.php?rest_route=%2Fwp%2Fv2%2Fproduct_brand&post=9986"},{"taxonomy":"product_cat","embeddable":true,"href":"https:\/\/congtybinhminh.com\/index.php?rest_route=%2Fwp%2Fv2%2Fproduct_cat&post=9986"},{"taxonomy":"product_tag","embeddable":true,"href":"https:\/\/congtybinhminh.com\/index.php?rest_route=%2Fwp%2Fv2%2Fproduct_tag&post=9986"}],"curies":[{"name":"wp","href":"https:\/\/api.w.org\/{rel}","templated":true}]}}