{"id":9970,"date":"2024-08-31T14:22:54","date_gmt":"2024-08-31T07:22:54","guid":{"rendered":"https:\/\/congtybinhminh.com\/?post_type=product&#038;p=9970"},"modified":"2024-09-15T07:05:28","modified_gmt":"2024-09-15T00:05:28","slug":"may-ep-cam-vien-s250-4l","status":"publish","type":"product","link":"https:\/\/congtybinhminh.com\/?product=may-ep-cam-vien-s250-4l","title":{"rendered":"M\u00e1y \u00e9p c\u00e1m vi\u00ean S250-4L"},"content":{"rendered":"<h2>Video ho\u1ea1t \u0111\u1ed9ng c\u1ee7a m\u00e1y<\/h2>\n<p><iframe loading=\"lazy\" title=\"C\u1eadp Nh\u1eadp Gi\u00e1 B\u00e1n M\u00e1y \u00c9p C\u00e1m Vi\u00ean 3 Pha C\u00f3 4 Qu\u1ea3 L\u00f4 S250 - 4L Th\u1ebf H\u1ec7 M\u1edbi\" width=\"1020\" height=\"574\" src=\"https:\/\/www.youtube.com\/embed\/xxyivEf96nw?feature=oembed\" frameborder=\"0\" allow=\"accelerometer; autoplay; clipboard-write; encrypted-media; gyroscope; picture-in-picture; web-share\" referrerpolicy=\"strict-origin-when-cross-origin\" allowfullscreen><\/iframe><\/p>\n<h2>Gi\u1edbi thi\u1ec7u m\u00e1y \u00e9p c\u00e1m vi\u00ean S250-4L<\/h2>\n<p>M\u00e1y \u00e9p c\u00e1m vi\u00ean S250-4L l\u00f4 l\u1ef1a ch\u1ecdn th\u00f4ng minh cho b\u00e0 con mu\u1ed1n ki\u1ec3m so\u00e1t ch\u1ea5t l\u01b0\u1ee3ng th\u1ee9c \u0103n cho gia s\u00fac &#8211; gia c\u1ea7m.<\/p>\n<p><img loading=\"lazy\" decoding=\"async\" class=\"aligncenter wp-image-10004 size-full\" src=\"https:\/\/congtybinhminh.com\/wp-content\/uploads\/2024\/08\/may-ep-cam-vien-s250-4l-cong-ty-binh-minh_result222.webp\" alt=\"may-ep-cam-vien-s250-4l-cong-ty-binh-minh_result222\" width=\"800\" height=\"1078\" srcset=\"https:\/\/congtybinhminh.com\/wp-content\/uploads\/2024\/08\/may-ep-cam-vien-s250-4l-cong-ty-binh-minh_result222.webp 800w, https:\/\/congtybinhminh.com\/wp-content\/uploads\/2024\/08\/may-ep-cam-vien-s250-4l-cong-ty-binh-minh_result222-297x400.webp 297w, https:\/\/congtybinhminh.com\/wp-content\/uploads\/2024\/08\/may-ep-cam-vien-s250-4l-cong-ty-binh-minh_result222-594x800.webp 594w, https:\/\/congtybinhminh.com\/wp-content\/uploads\/2024\/08\/may-ep-cam-vien-s250-4l-cong-ty-binh-minh_result222-768x1035.webp 768w, https:\/\/congtybinhminh.com\/wp-content\/uploads\/2024\/08\/may-ep-cam-vien-s250-4l-cong-ty-binh-minh_result222-510x687.webp 510w\" sizes=\"auto, (max-width: 800px) 100vw, 800px\" \/><\/p>\n<p>V\u1edbi thi\u1ebft b\u1ecb n\u00e0y, b\u00e0 con kh\u00f4ng c\u00f2n ph\u1ea3i lo mua c\u00e1m ngo\u00e0i v\u1edbi gi\u00e1 \u0111\u1eaft \u0111\u1ecf hay ch\u1ea5t l\u01b0\u1ee3ng kh\u00f4ng \u0111\u1ea3m b\u1ea3o. Thay v\u00e0o \u0111\u00f3, m\u00e1y \u00e9p c\u00e1m gi\u00fap b\u1ea1n t\u1ef1 tay l\u00e0m ra nh\u1eefng vi\u00ean c\u00e1m s\u1ea1ch ngay t\u1ea1o nh\u00e0 t\u1eadn d\u1ee5ng t\u1ed1i \u0111a nguy\u00ean li\u1ec7u s\u1eb5n c\u00f3<\/p>\n<p><img loading=\"lazy\" decoding=\"async\" class=\"aligncenter wp-image-10005 size-full\" src=\"https:\/\/congtybinhminh.com\/wp-content\/uploads\/2024\/08\/may-lam-cam-vien-cho-ga_result222.webp\" alt=\"may-lam-cam-vien-cho-ga_result222\" width=\"800\" height=\"1010\" srcset=\"https:\/\/congtybinhminh.com\/wp-content\/uploads\/2024\/08\/may-lam-cam-vien-cho-ga_result222.webp 800w, https:\/\/congtybinhminh.com\/wp-content\/uploads\/2024\/08\/may-lam-cam-vien-cho-ga_result222-317x400.webp 317w, https:\/\/congtybinhminh.com\/wp-content\/uploads\/2024\/08\/may-lam-cam-vien-cho-ga_result222-634x800.webp 634w, https:\/\/congtybinhminh.com\/wp-content\/uploads\/2024\/08\/may-lam-cam-vien-cho-ga_result222-768x970.webp 768w, https:\/\/congtybinhminh.com\/wp-content\/uploads\/2024\/08\/may-lam-cam-vien-cho-ga_result222-510x644.webp 510w\" sizes=\"auto, (max-width: 800px) 100vw, 800px\" \/><\/p>\n<p>\u0110i\u1ec1u n\u00e0y kh\u00f4ng ch\u1ec9 gi\u00fap ti\u1ebft ki\u1ec7m chi ph\u00ed m\u00e0 c\u00f2n n\u00e2ng cao gi\u00e1 tr\u1ecb dinh d\u01b0\u1ee1ng cho v\u1eadt nu\u00f4i, gi\u00fap ch\u00fang ph\u00e1t tri\u1ec3n kh\u1ecfe m\u1ea1nh h\u01a1n<\/p>\n<p>S\u1edf h\u1eefu ngay \u0111\u1ec3 ch\u1ee7 \u0111\u1ed9ng trong vi\u1ec7c cung c\u1ea5p th\u1ee9c \u0103n cho \u0111\u00e0n gia s\u00fac &#8211; gia c\u1ea7m c\u1ee7a m\u00ecnh<\/p>\n<h2>C\u1ea5u t\u1ea1o m\u00e1y \u00e9p c\u00e1m vi\u00ean S250-4L<\/h2>\n<h3>Khung m\u00e1y ch\u1eafc ch\u1eafn<\/h3>\n<p>M\u00e1y \u00e9p c\u00e1m vi\u00ean tr\u1ee5c \u0111\u1ee9ng v\u1edbi ph\u1ea7n k\u1ebft c\u1ea5u m\u00e1y \u0111\u01b0\u1ee3c h\u00e0n g\u1eafn ch\u1eafc ch\u1eafn kh\u00f4ng g\u00e2y rung l\u1eafc trong qu\u00e1 tr\u00ecnh ho\u1ea1t \u0111\u1ed9ng<\/p>\n<p><img loading=\"lazy\" decoding=\"async\" class=\"aligncenter wp-image-10006 size-full\" src=\"https:\/\/congtybinhminh.com\/wp-content\/uploads\/2024\/08\/cau-tao-may-ep-cam-vien-s270-4-lo-1_result222.webp\" alt=\"cau-tao-may-ep-cam-vien-s270-4-lo-1_result222\" width=\"800\" height=\"600\" srcset=\"https:\/\/congtybinhminh.com\/wp-content\/uploads\/2024\/08\/cau-tao-may-ep-cam-vien-s270-4-lo-1_result222.webp 800w, https:\/\/congtybinhminh.com\/wp-content\/uploads\/2024\/08\/cau-tao-may-ep-cam-vien-s270-4-lo-1_result222-533x400.webp 533w, https:\/\/congtybinhminh.com\/wp-content\/uploads\/2024\/08\/cau-tao-may-ep-cam-vien-s270-4-lo-1_result222-768x576.webp 768w, https:\/\/congtybinhminh.com\/wp-content\/uploads\/2024\/08\/cau-tao-may-ep-cam-vien-s270-4-lo-1_result222-510x383.webp 510w\" sizes=\"auto, (max-width: 800px) 100vw, 800px\" \/><\/p>\n<p>Ph\u00eda d\u01b0\u1edbi ch\u00e2n m\u00e1y l\u1eafp \u0111\u1eb7t 4 b\u00e1nh xe thu\u1eadn ti\u1ec7n di chuy\u1ec3n v\u1ecb tr\u00ed \u0111\u1eb7t m\u00e1y<\/p>\n<p><img loading=\"lazy\" decoding=\"async\" class=\"aligncenter wp-image-9979 size-full\" src=\"https:\/\/congtybinhminh.com\/wp-content\/uploads\/2024\/08\/huong-dan-thao-lap-may-ep-cam-vien_result222.webp\" alt=\"huong-dan-thao-lap-may-ep-cam-vien_result222\" width=\"800\" height=\"447\" srcset=\"https:\/\/congtybinhminh.com\/wp-content\/uploads\/2024\/08\/huong-dan-thao-lap-may-ep-cam-vien_result222.webp 800w, https:\/\/congtybinhminh.com\/wp-content\/uploads\/2024\/08\/huong-dan-thao-lap-may-ep-cam-vien_result222-716x400.webp 716w, https:\/\/congtybinhminh.com\/wp-content\/uploads\/2024\/08\/huong-dan-thao-lap-may-ep-cam-vien_result222-768x429.webp 768w, https:\/\/congtybinhminh.com\/wp-content\/uploads\/2024\/08\/huong-dan-thao-lap-may-ep-cam-vien_result222-510x285.webp 510w\" sizes=\"auto, (max-width: 800px) 100vw, 800px\" \/><\/p>\n<p>\u0110\u1eb7c bi\u1ec7t, m\u00e1y c\u00f3 th\u1ec3 th\u00e1o r\u1eddi t\u1eebng b\u1ed9 ph\u1eadn r\u1ed3i l\u1eafp gh\u00e9p l\u1ea1i v\u1edbi nhau, thu\u1eadn ti\u1ec7n cho qu\u00e1 tr\u00ecnh v\u1ec7 sinh v\u00e0 b\u1ea3o d\u01b0\u1ee1ng m\u00e1y<\/p>\n<h3>Toa n\u1ea1p nguy\u00ean li\u1ec7u<\/h3>\n<p>Toa n\u1ea1p thi\u1ebft k\u1ebf d\u1ea1ng \u0111\u1ee9ng mi\u1ec7ng ph\u1ec5u tr\u00f2n r\u1ed9ng c\u00f3 s\u1ee9c ch\u1ee9a h\u00e0ng ch\u1ee5c c\u00e2n m\u1ed7i m\u1ebb<\/p>\n<p><img loading=\"lazy\" decoding=\"async\" class=\"aligncenter wp-image-9980 size-full\" src=\"https:\/\/congtybinhminh.com\/wp-content\/uploads\/2024\/08\/toa-nap-nguyen-lieu_result222-3.webp\" alt=\"toa-nap-nguyen-lieu_result222\" width=\"800\" height=\"600\" srcset=\"https:\/\/congtybinhminh.com\/wp-content\/uploads\/2024\/08\/toa-nap-nguyen-lieu_result222-3.webp 800w, https:\/\/congtybinhminh.com\/wp-content\/uploads\/2024\/08\/toa-nap-nguyen-lieu_result222-3-533x400.webp 533w, https:\/\/congtybinhminh.com\/wp-content\/uploads\/2024\/08\/toa-nap-nguyen-lieu_result222-3-768x576.webp 768w, https:\/\/congtybinhminh.com\/wp-content\/uploads\/2024\/08\/toa-nap-nguyen-lieu_result222-3-510x383.webp 510w\" sizes=\"auto, (max-width: 800px) 100vw, 800px\" \/><\/p>\n<h3>H\u1ec7 th\u1ed1ng qu\u1ea3 l\u00f4 v\u00e0 m\u1eb7t s\u00e0ng<\/h3>\n<p>Khi m\u00e1y ho\u1eb7c \u0111\u1ed9ng, m\u1eb7t s\u00e0ng quay tr\u00f2n k\u1ebft h\u1ee3p v\u1edbi 4 qu\u1ea3 l\u00f4 nghi\u1ec1n v\u00e0 \u00e9p h\u1ed7n h\u1ee3p, ch\u00fang s\u1ebd \u0111\u01b0\u1ee3c \u0111i qua l\u1ed7 s\u00e0ng \u0111\u1ec3 t\u1ea1o h\u00ecnh<\/p>\n<p>Sau \u0111\u00f3, thanh dao c\u1eaft l\u1eafp b\u00ean d\u01b0\u1edbi s\u1ebd c\u1eaft ch\u00fang th\u00e0nh vi\u00ean r\u1ed3i \u0111i ra ngo\u00e0i c\u1eeda x\u1ea3<\/p>\n<p><img loading=\"lazy\" decoding=\"async\" class=\"aligncenter wp-image-9982 size-full\" src=\"https:\/\/congtybinhminh.com\/wp-content\/uploads\/2024\/08\/may-ep-cam-vien-4-qua-lo_result222.webp\" alt=\"may-ep-cam-vien-4-qua-lo_result222\" width=\"800\" height=\"546\" srcset=\"https:\/\/congtybinhminh.com\/wp-content\/uploads\/2024\/08\/may-ep-cam-vien-4-qua-lo_result222.webp 800w, https:\/\/congtybinhminh.com\/wp-content\/uploads\/2024\/08\/may-ep-cam-vien-4-qua-lo_result222-586x400.webp 586w, https:\/\/congtybinhminh.com\/wp-content\/uploads\/2024\/08\/may-ep-cam-vien-4-qua-lo_result222-768x524.webp 768w, https:\/\/congtybinhminh.com\/wp-content\/uploads\/2024\/08\/may-ep-cam-vien-4-qua-lo_result222-510x348.webp 510w\" sizes=\"auto, (max-width: 800px) 100vw, 800px\" \/><\/p>\n<p>C\u00e1c b\u1ed9 ph\u1eadn l\u00e0m vi\u1ec7c t\u1ea1o ma s\u00e1t sinh nhi\u1ec7t 60 &#8211; 70 \u0111\u1ed9, gi\u00fap vi\u00ean c\u00e1m c\u00f3 \u0111\u1ed9 \u1ea5m n\u00f3ng, v\u1eadt nu\u00f4i c\u00f3 th\u1ec3 \u0103n ngay ho\u1eb7c ph\u01a1i kh\u00f4 d\u00f9ng d\u1ea7n<\/p>\n<p>M\u00e1y \u00e9p c\u00e1m vi\u00ean th\u1ebf h\u1ec7 m\u1edbi trang b\u1ecb 4 qu\u1ea3 l\u00f4, \u0111\u01b0\u1ee3c t\u00f4i cao t\u1ea7n gi\u00fap t\u0103ng c\u01b0\u1eddng \u0111\u1ed9 c\u1ee9ng v\u01b0\u1ee3t tr\u1ed9i so v\u1edbi th\u00e9p th\u00f4ng th\u01b0\u1eddng<\/p>\n<p><img loading=\"lazy\" decoding=\"async\" class=\"aligncenter wp-image-10007 size-full\" src=\"https:\/\/congtybinhminh.com\/wp-content\/uploads\/2024\/08\/4-qua-lo-may-ep-cam-1_result222.webp\" alt=\"4-qua-lo-may-ep-cam-1_result222\" width=\"800\" height=\"1158\" srcset=\"https:\/\/congtybinhminh.com\/wp-content\/uploads\/2024\/08\/4-qua-lo-may-ep-cam-1_result222.webp 800w, https:\/\/congtybinhminh.com\/wp-content\/uploads\/2024\/08\/4-qua-lo-may-ep-cam-1_result222-276x400.webp 276w, https:\/\/congtybinhminh.com\/wp-content\/uploads\/2024\/08\/4-qua-lo-may-ep-cam-1_result222-553x800.webp 553w, https:\/\/congtybinhminh.com\/wp-content\/uploads\/2024\/08\/4-qua-lo-may-ep-cam-1_result222-768x1112.webp 768w, https:\/\/congtybinhminh.com\/wp-content\/uploads\/2024\/08\/4-qua-lo-may-ep-cam-1_result222-510x738.webp 510w\" sizes=\"auto, (max-width: 800px) 100vw, 800px\" \/><\/p>\n<p>B\u1ec1 m\u1eb7t tr\u00ean m\u1ed7i qu\u1ea3 l\u00f4 c\u00f3 c\u00e1c khe r\u00e3nh t\u0103ng \u0111\u1ed9 b\u00e1m v\u00e0 ch\u1ed1ng m\u00f2n t\u1ed1t h\u01a1n<\/p>\n<p>M\u1eb7t s\u00e0ng d\u00e0y 2 m\u1eb7t c\u00f3 th\u1ec3 \u0111\u1ea3o chi\u1ec1u, mang l\u1ea1i s\u1ef1 linh ho\u1ea1t t\u1ed1i \u0111a trong qu\u00e1 tr\u00ecnh s\u1eed d\u1ee5ng<\/p>\n<p><img loading=\"lazy\" decoding=\"async\" class=\"aligncenter wp-image-10008 size-full\" src=\"https:\/\/congtybinhminh.com\/wp-content\/uploads\/2024\/08\/mat-sang-may-ep-cam-1_result222.webp\" alt=\"mat-sang-may-ep-cam-1_result222\" width=\"800\" height=\"957\" srcset=\"https:\/\/congtybinhminh.com\/wp-content\/uploads\/2024\/08\/mat-sang-may-ep-cam-1_result222.webp 800w, https:\/\/congtybinhminh.com\/wp-content\/uploads\/2024\/08\/mat-sang-may-ep-cam-1_result222-334x400.webp 334w, https:\/\/congtybinhminh.com\/wp-content\/uploads\/2024\/08\/mat-sang-may-ep-cam-1_result222-669x800.webp 669w, https:\/\/congtybinhminh.com\/wp-content\/uploads\/2024\/08\/mat-sang-may-ep-cam-1_result222-768x919.webp 768w, https:\/\/congtybinhminh.com\/wp-content\/uploads\/2024\/08\/mat-sang-may-ep-cam-1_result222-510x610.webp 510w\" sizes=\"auto, (max-width: 800px) 100vw, 800px\" \/><\/p>\n<p>B\u00e0 con c\u00f3 th\u1ec3 t\u00f9y ch\u1ecdn k\u00edch th\u01b0\u1edbc l\u1ed7 s\u00e0ng ( 3ly; 4ly;5ly..) \u0111\u1ec3 t\u1ea1o ra vi\u00ean c\u00e1m v\u1edbi k\u00edch th\u01b0\u1edbc ph\u00f9 h\u1ee3p v\u1edbi nhu c\u1ea7u ch\u0103n nu\u00f4i<\/p>\n<h3>C\u1eeda x\u1ea3 th\u00e0nh ph\u1ea9m<\/h3>\n<p>Ph\u00eda tr\u01b0\u1edbc c\u1eeda x\u1ea3 c\u00f3 thanh dao c\u1eaft gi\u00fap ng\u01b0\u1eddi d\u00f9ng c\u00f3 th\u1ec3 t\u1ef1 \u0111i\u1ec1u ch\u1ec9nh \u0111\u1ed9 d\u00e0i &#8211; ng\u1eafn c\u1ee7a vi\u00ean c\u00e1m, b\u1eb1ng c\u00e1ch:<\/p>\n<p><img loading=\"lazy\" decoding=\"async\" class=\"aligncenter wp-image-9984 size-full\" src=\"https:\/\/congtybinhminh.com\/wp-content\/uploads\/2024\/08\/dieu-chinh-thanh-dao-cat-cam_result222.webp\" alt=\"dieu-chinh-thanh-dao-cat-cam_result222\" width=\"800\" height=\"600\" srcset=\"https:\/\/congtybinhminh.com\/wp-content\/uploads\/2024\/08\/dieu-chinh-thanh-dao-cat-cam_result222.webp 800w, https:\/\/congtybinhminh.com\/wp-content\/uploads\/2024\/08\/dieu-chinh-thanh-dao-cat-cam_result222-533x400.webp 533w, https:\/\/congtybinhminh.com\/wp-content\/uploads\/2024\/08\/dieu-chinh-thanh-dao-cat-cam_result222-768x576.webp 768w, https:\/\/congtybinhminh.com\/wp-content\/uploads\/2024\/08\/dieu-chinh-thanh-dao-cat-cam_result222-510x383.webp 510w\" sizes=\"auto, (max-width: 800px) 100vw, 800px\" \/><\/p>\n<ul>\n<li>Vi\u00ean c\u00e1m ra ng\u1eafn: n\u00e2ng dao c\u1eaft l\u00ean s\u00e1t m\u1eb7t s\u00e0ng<\/li>\n<li>Vi\u00ean c\u00e1m ra d\u00e0i: h\u1ea1 dao c\u1eaft xu\u1ed1ng th\u1ea5p<\/li>\n<\/ul>\n<p><img loading=\"lazy\" decoding=\"async\" class=\"aligncenter wp-image-9985 size-full\" src=\"https:\/\/congtybinhminh.com\/wp-content\/uploads\/2024\/08\/vien-cam_result222.webp\" alt=\"vien-cam_result222\" width=\"800\" height=\"600\" srcset=\"https:\/\/congtybinhminh.com\/wp-content\/uploads\/2024\/08\/vien-cam_result222.webp 800w, https:\/\/congtybinhminh.com\/wp-content\/uploads\/2024\/08\/vien-cam_result222-533x400.webp 533w, https:\/\/congtybinhminh.com\/wp-content\/uploads\/2024\/08\/vien-cam_result222-768x576.webp 768w, https:\/\/congtybinhminh.com\/wp-content\/uploads\/2024\/08\/vien-cam_result222-510x383.webp 510w\" sizes=\"auto, (max-width: 800px) 100vw, 800px\" \/><\/p>\n<p>M\u00e1y \u00e9p c\u00e1m vi\u00ean 3 pha s\u1eed d\u1ee5ng \u0111\u1ed9ng c\u01a1 7,5kw &#8211; motor l\u00f5i d\u00e2y \u0111\u1ed3ng 100% cho n\u0103ng su\u1ea5t \u0111\u1ea1t t\u1eeb 350 &#8211; 450 kg\/gi\u1edd<\/p>\n<h2>\u0110\u1ecba ch\u1ec9 mua m\u00e1y \u00e9p c\u00e1m vi\u00ean gi\u00e1 t\u1ed1t t\u1ea1i x\u01b0\u1edfng<\/h2>\n<p>\u0110\u1ec3 \u0111\u1eb7t mua h\u00e0ng ch\u00ednh h\u00e3ng, b\u00e0 con c\u00f3 th\u1ec3 \u0111\u1ebfn tr\u1ee5 s\u1edf g\u1ea7n nh\u1ea5t c\u1ee7a c\u00f4ng ty \u0111\u1ec3 xem v\u00e0 \u0111\u1eb7t mua h\u00e0ng;<\/p>\n<ul>\n<li>Tr\u1ee5 s\u1edf ch\u00ednh: p. L\u00ea L\u1ee3i &#8211; Tx S\u01a1n T\u00e2y &#8211; H\u00e0 N\u1ed9i<\/li>\n<li>Chi nh\u00e1nh mi\u1ec1n Nam: x\u00e3 T\u00e2n Ki\u00ean &#8211; H. B\u00ecnh Ch\u00e1nh &#8211; TP H\u1ed3 Ch\u00ed Minh<\/li>\n<\/ul>\n<p><img loading=\"lazy\" decoding=\"async\" class=\"aligncenter wp-image-10014 size-full\" src=\"https:\/\/congtybinhminh.com\/wp-content\/uploads\/2024\/08\/dia-chi-ban-may-ep-cam-vien-copy_result222.webp\" alt=\"dia-chi-ban-may-ep-cam-vien copy_result222\" width=\"800\" height=\"1057\" srcset=\"https:\/\/congtybinhminh.com\/wp-content\/uploads\/2024\/08\/dia-chi-ban-may-ep-cam-vien-copy_result222.webp 800w, https:\/\/congtybinhminh.com\/wp-content\/uploads\/2024\/08\/dia-chi-ban-may-ep-cam-vien-copy_result222-303x400.webp 303w, https:\/\/congtybinhminh.com\/wp-content\/uploads\/2024\/08\/dia-chi-ban-may-ep-cam-vien-copy_result222-605x800.webp 605w, https:\/\/congtybinhminh.com\/wp-content\/uploads\/2024\/08\/dia-chi-ban-may-ep-cam-vien-copy_result222-768x1015.webp 768w, https:\/\/congtybinhminh.com\/wp-content\/uploads\/2024\/08\/dia-chi-ban-may-ep-cam-vien-copy_result222-510x674.webp 510w\" sizes=\"auto, (max-width: 800px) 100vw, 800px\" \/><\/p>\n<p>Khi \u0111\u1ebfn \u0111\u00e2y, b\u00e0 con s\u1ebd \u0111\u01b0\u1ee3c th\u1eed nghi\u1ec7m v\u1eadn h\u00e0nh m\u00e1y d\u01b0\u1edbi s\u1ef1 h\u01b0\u1edbng d\u1eabn c\u1ee7a \u0111\u1ed9i ng\u0169 k\u1ef9 thu\u1eadt<\/p>\n<p>\u0110\u1ed1i v\u1edbi b\u00e0 con \u1edf xa, c\u00f3 th\u1ec3 li\u00ean h\u1ec7 t\u1edbi s\u1ed1 \u0111i\u1ec7n tho\u1ea1i tr\u00ean website ho\u1eb7c \u0111\u1ec3 l\u1ea1i l\u1eddi nh\u1eafn \u0111\u1ed9i ng\u0169 t\u01b0 v\u1ea5n s\u1ebd li\u00ean h\u1ec7 t\u1edbi b\u00e0 con trong th\u1eddi gian s\u1edbm nh\u1ea5t<\/p>\n<p><strong>Th\u00f4ng s\u1ed1 k\u1ef9 thu\u1eadt<\/strong><\/p>\n<table border=\"1\" cellspacing=\"1\" cellpadding=\"1\">\n<tbody>\n<tr>\n<td colspan=\"1\" rowspan=\"3\">\u0110\u1ed9ng c\u01a1<\/td>\n<td>C\u00f4ng su\u1ea5t \u0111\u1ed9ng c\u01a1<\/td>\n<td>7.5kw<\/td>\n<\/tr>\n<tr>\n<td>Ngu\u1ed3n \u0111i\u1ec7n<\/td>\n<td>\u00a0380V<\/td>\n<\/tr>\n<tr>\n<td>T\u1ed1c \u0111\u1ed9<\/td>\n<td>\u00a01450 v\/p<\/td>\n<\/tr>\n<tr>\n<td colspan=\"1\" rowspan=\"2\">B\u1ea3o h\u00e0nh<\/td>\n<td>K\u1ef9 thu\u1eadt<\/td>\n<td>\u00a006 th\u00e1ng<\/td>\n<\/tr>\n<tr>\n<td>\u0110\u1ed9ng c\u01a1<\/td>\n<td>Theo t\u1eebng h\u00e3ng s\u1ea3n xu\u1ea5t<\/td>\n<\/tr>\n<tr>\n<td>N\u0103ng su\u1ea5t<\/td>\n<td colspan=\"2\" rowspan=\"1\">\u00a0350 \u2013 450 kg\/gi\u1edd<\/td>\n<\/tr>\n<tr>\n<td>\u00a0K\u00edch th\u01b0\u1edbc (d*c*r)<\/td>\n<td colspan=\"2\" rowspan=\"1\">111*115*69 cm<\/td>\n<\/tr>\n<tr>\n<td>H\u00ecnh th\u1ee9c thanh to\u00e1n<\/td>\n<td colspan=\"2\" rowspan=\"1\">\u00a0Ti\u1ec1n m\u1eb7t ho\u1eb7c chuy\u1ec3n kho\u1ea3n<\/td>\n<\/tr>\n<\/tbody>\n<\/table>\n<p>&nbsp;<\/p>\n","protected":false},"excerpt":{"rendered":"<ul>\n<li><strong>H\u00e3ng s\u1ea3n xu\u1ea5t:<\/strong> B\u00ecnh Minh<\/li>\n<li><strong>C\u00f4ng su\u1ea5t \u0111\u1ed9ng c\u01a1<\/strong>: 7,5kw<\/li>\n<li><strong>Ngu\u1ed3n \u0111i\u1ec7n:<\/strong>\u00a0380V<\/li>\n<li><strong>T\u1ed1c \u0111\u1ed9:<\/strong>\u00a01450 v\u00f2ng\/ph\u00fat<\/li>\n<li><strong>N\u0103ng su\u1ea5t:<\/strong>\u00a0350 \u2013 450 kg\/gi\u1edd<\/li>\n<li><strong>K\u00edch th\u01b0\u1edbc (d*c*r)<\/strong>: 111*115*69 cm<\/li>\n<li><strong>T\u00ednh n\u0103ng:<\/strong>\u00a0chuy\u00ean d\u00f9ng nghi\u1ec1n \u2013 \u00e9p h\u1ed7n h\u1ee3p b\u1ed9t c\u00e1m t\u1ea1o th\u00e0nh vi\u00ean l\u00e0m th\u1ee9c \u0103n cho gia s\u00fac \u2013 gia c\u1ea7m<\/li>\n<\/ul>\n","protected":false},"featured_media":9971,"comment_status":"closed","ping_status":"closed","template":"","meta":[],"product_brand":[],"product_cat":[64,63],"product_tag":[],"class_list":{"0":"post-9970","1":"product","2":"type-product","3":"status-publish","4":"has-post-thumbnail","6":"product_cat-may-ep-cam","7":"product_cat-may-ep-cam-vien-truc-dung","9":"first","10":"instock","11":"shipping-taxable","12":"product-type-simple"},"_links":{"self":[{"href":"https:\/\/congtybinhminh.com\/index.php?rest_route=\/wp\/v2\/product\/9970","targetHints":{"allow":["GET"]}}],"collection":[{"href":"https:\/\/congtybinhminh.com\/index.php?rest_route=\/wp\/v2\/product"}],"about":[{"href":"https:\/\/congtybinhminh.com\/index.php?rest_route=\/wp\/v2\/types\/product"}],"replies":[{"embeddable":true,"href":"https:\/\/congtybinhminh.com\/index.php?rest_route=%2Fwp%2Fv2%2Fcomments&post=9970"}],"wp:featuredmedia":[{"embeddable":true,"href":"https:\/\/congtybinhminh.com\/index.php?rest_route=\/wp\/v2\/media\/9971"}],"wp:attachment":[{"href":"https:\/\/congtybinhminh.com\/index.php?rest_route=%2Fwp%2Fv2%2Fmedia&parent=9970"}],"wp:term":[{"taxonomy":"product_brand","embeddable":true,"href":"https:\/\/congtybinhminh.com\/index.php?rest_route=%2Fwp%2Fv2%2Fproduct_brand&post=9970"},{"taxonomy":"product_cat","embeddable":true,"href":"https:\/\/congtybinhminh.com\/index.php?rest_route=%2Fwp%2Fv2%2Fproduct_cat&post=9970"},{"taxonomy":"product_tag","embeddable":true,"href":"https:\/\/congtybinhminh.com\/index.php?rest_route=%2Fwp%2Fv2%2Fproduct_tag&post=9970"}],"curies":[{"name":"wp","href":"https:\/\/api.w.org\/{rel}","templated":true}]}}