{"id":9949,"date":"2024-08-27T09:27:58","date_gmt":"2024-08-27T02:27:58","guid":{"rendered":"https:\/\/congtybinhminh.com\/?post_type=product&#038;p=9949"},"modified":"2024-10-23T07:25:43","modified_gmt":"2024-10-23T00:25:43","slug":"may-ep-cam-vien-s250-4l-lien-hoan","status":"publish","type":"product","link":"https:\/\/congtybinhminh.com\/?product=may-ep-cam-vien-s250-4l-lien-hoan","title":{"rendered":"M\u00e1y \u00e9p c\u00e1m vi\u00ean S250-4L li\u00ean ho\u00e0n"},"content":{"rendered":"<h2>Video th\u1ef1c t\u1ebf c\u1ee7a m\u00e1y:<\/h2>\n<p><iframe loading=\"lazy\" title=\"M\u00e1y \u00c9p C\u00e1m Vi\u00ean S250 4 Qu\u1ea3 L\u00f4 Li\u00ean Ho\u00e0n - T\u00edch H\u1ee3p C\u1ea3 Chu Tr\u00ecnh B\u00f3n Nguy\u00ean Li\u1ec7u T\u1ef1 \u0110\u1ed9ng\" width=\"1020\" height=\"574\" src=\"https:\/\/www.youtube.com\/embed\/vUHl2Sr-15E?feature=oembed\" frameborder=\"0\" allow=\"accelerometer; autoplay; clipboard-write; encrypted-media; gyroscope; picture-in-picture; web-share\" referrerpolicy=\"strict-origin-when-cross-origin\" allowfullscreen><\/iframe><\/p>\n<h2>Gi\u1edbi thi\u1ec7u m\u00e1y \u00e9p c\u00e1m vi\u00ean S250-4L li\u00ean ho\u00e0n<\/h2>\n<p>M\u00e1y \u00e9p c\u00e1m vi\u00ean S250-4L li\u00ean ho\u00e0n do c\u00f4ng ty B\u00ecnh Minh s\u1ea3n xu\u1ea5t &#8211; gi\u1ea3i ph\u00e1p l\u00fd t\u01b0\u1edfng gi\u00fap b\u1ea1n t\u1ef1 s\u1ea3n xu\u1ea5t th\u1ee9c \u0103n ch\u0103n nu\u00f4i ngay t\u1ea1i nh\u00e0 m\u00e0 kh\u00f4ng c\u1ea7n lo l\u1eafng v\u1ec1 vi\u1ec7c \u0111ong \u0111\u1ebfm t\u1eafc s\u00e0ng<\/p>\n<p><img loading=\"lazy\" decoding=\"async\" class=\"aligncenter wp-image-9956 size-full\" src=\"https:\/\/congtybinhminh.com\/wp-content\/uploads\/2024\/08\/may-ep-cam-vien-s250-4L-lien-hoan-binh-minh_result222.webp\" alt=\"may-ep-cam-vien-s250-4L-lien-hoan-binh-minh_result222\" width=\"800\" height=\"1078\" srcset=\"https:\/\/congtybinhminh.com\/wp-content\/uploads\/2024\/08\/may-ep-cam-vien-s250-4L-lien-hoan-binh-minh_result222.webp 800w, https:\/\/congtybinhminh.com\/wp-content\/uploads\/2024\/08\/may-ep-cam-vien-s250-4L-lien-hoan-binh-minh_result222-297x400.webp 297w, https:\/\/congtybinhminh.com\/wp-content\/uploads\/2024\/08\/may-ep-cam-vien-s250-4L-lien-hoan-binh-minh_result222-594x800.webp 594w, https:\/\/congtybinhminh.com\/wp-content\/uploads\/2024\/08\/may-ep-cam-vien-s250-4L-lien-hoan-binh-minh_result222-768x1035.webp 768w, https:\/\/congtybinhminh.com\/wp-content\/uploads\/2024\/08\/may-ep-cam-vien-s250-4L-lien-hoan-binh-minh_result222-510x687.webp 510w\" sizes=\"auto, (max-width: 800px) 100vw, 800px\" \/><\/p>\n<p>V\u1edbi thi\u1ebft k\u1ebf th\u00f4ng minh, m\u00e1y t\u00edch h\u1ee3p 2 t\u00ednh n\u0103ng &#8221; b\u00f3n nguy\u00ean li\u1ec7u li\u1ec7u v\u00e0 \u00e9p c\u00e1m&#8221; trong c\u00f9ng m\u1ed9t thi\u1ebft b\u1ecb, gi\u00fap qu\u00e1 tr\u00ecnh s\u1ea3n xu\u1ea5t di\u1ec5n ra ho\u00e0n to\u00e0n t\u1ef1 \u0111\u1ed9ng<\/p>\n<p><img loading=\"lazy\" decoding=\"async\" class=\"aligncenter wp-image-9962 size-full\" src=\"https:\/\/congtybinhminh.com\/wp-content\/uploads\/2024\/08\/may-lam-cam-vien-3-pha-1_result222.webp\" alt=\"may-lam-cam-vien-3-pha-1_result222\" width=\"800\" height=\"879\" srcset=\"https:\/\/congtybinhminh.com\/wp-content\/uploads\/2024\/08\/may-lam-cam-vien-3-pha-1_result222.webp 800w, https:\/\/congtybinhminh.com\/wp-content\/uploads\/2024\/08\/may-lam-cam-vien-3-pha-1_result222-364x400.webp 364w, https:\/\/congtybinhminh.com\/wp-content\/uploads\/2024\/08\/may-lam-cam-vien-3-pha-1_result222-728x800.webp 728w, https:\/\/congtybinhminh.com\/wp-content\/uploads\/2024\/08\/may-lam-cam-vien-3-pha-1_result222-768x844.webp 768w, https:\/\/congtybinhminh.com\/wp-content\/uploads\/2024\/08\/may-lam-cam-vien-3-pha-1_result222-510x560.webp 510w\" sizes=\"auto, (max-width: 800px) 100vw, 800px\" \/><\/p>\n<p>H\u1ec7 th\u1ed1ng tr\u1ee5c xo\u1eafn d\u01b0\u1edbi bu\u1ed3ng b\u00f3n cho ph\u00e9p b\u1ea1n \u0111i\u1ec1u ch\u1ec9nh t\u1ed1c \u0111\u1ed9 b\u00f3n nguy\u00ean li\u1ec7u, m\u00e1y s\u1ebd t\u1ef1 \u0111\u1ed9ng \u0111i\u1ec1u ch\u1ec9nh v\u1edbi n\u0103ng su\u1ea5t t\u1eeb 400 &#8211; 500 kg\/gi\u1edd<\/p>\n<h2>C\u1ea5u t\u1ea1o v\u00e0 nguy\u00ean l\u00fd ho\u1ea1t \u0111\u1ed9ng m\u00e1y \u00e9p c\u00e1m vi\u00ean S250-4L li\u00ean ho\u00e0n<\/h2>\n<h3>Khung m\u00e1y ch\u1eafc ch\u1eafn<\/h3>\n<p>M\u00e1y \u00e9p c\u00e1m hi\u1ec7n \u0111\u1ea1i v\u1edbi k\u1ebft c\u1ea5u m\u00e1y \u0111\u01b0\u1ee3c h\u00e0n g\u1eafn ch\u1eafc ch\u1eafn kh\u00f4ng g\u00e2y rung l\u1eafc trong qu\u00e1 tr\u00ecnh \u00e9p<\/p>\n<p><img loading=\"lazy\" decoding=\"async\" class=\"aligncenter wp-image-9961 size-full\" src=\"https:\/\/congtybinhminh.com\/wp-content\/uploads\/2024\/08\/cau-tao-may-ep-cam-vien-s250-4l-lien-hoan_result222.webp\" alt=\"cau-tao-may-ep-cam-vien-s250-4l-lien-hoan_result222\" width=\"800\" height=\"600\" srcset=\"https:\/\/congtybinhminh.com\/wp-content\/uploads\/2024\/08\/cau-tao-may-ep-cam-vien-s250-4l-lien-hoan_result222.webp 800w, https:\/\/congtybinhminh.com\/wp-content\/uploads\/2024\/08\/cau-tao-may-ep-cam-vien-s250-4l-lien-hoan_result222-533x400.webp 533w, https:\/\/congtybinhminh.com\/wp-content\/uploads\/2024\/08\/cau-tao-may-ep-cam-vien-s250-4l-lien-hoan_result222-768x576.webp 768w, https:\/\/congtybinhminh.com\/wp-content\/uploads\/2024\/08\/cau-tao-may-ep-cam-vien-s250-4l-lien-hoan_result222-510x383.webp 510w\" sizes=\"auto, (max-width: 800px) 100vw, 800px\" \/><\/p>\n<p>Ph\u00eda d\u01b0\u1edbi ch\u00e2n m\u00e1y l\u1eafp \u0111\u1eb7t 4 b\u00e1nh xe thu\u1eadn ti\u1ec7n di chuy\u1ec3n v\u1ecb tr\u00ed \u0111\u1eb7t m\u00e1y<\/p>\n<h3>Bu\u1ed3ng b\u00f3n t\u1ef1 \u0111\u1ed9ng<\/h3>\n<p>Khi h\u1ed7n h\u1ee3p b\u1ed9t c\u00e1m \u0111\u01b0\u1ee3c ph\u1ed1i tr\u1ed9n \u0111\u1ea1t t\u1ef7 l\u1ec7 \u0111\u1ed9 \u1ea9m kho\u1ea3ng 20-25% b\u1ea1n ch\u1ec9 c\u1ea7n \u0111\u01b0a ch\u00fang v\u00e0o th\u00f9ng ch\u1ee9a ph\u00eda tr\u00ean v\u1edbi s\u1ee9c ch\u1ee9a kho\u1ea3ng 10 &#8211; 20 kg\/m\u1ebb<\/p>\n<p><img loading=\"lazy\" decoding=\"async\" class=\"aligncenter wp-image-9963 size-full\" src=\"https:\/\/congtybinhminh.com\/wp-content\/uploads\/2024\/08\/buong-bon-nguyen-lieu_result222.webp\" alt=\"buong-bon-nguyen-lieu_result222\" width=\"800\" height=\"636\" srcset=\"https:\/\/congtybinhminh.com\/wp-content\/uploads\/2024\/08\/buong-bon-nguyen-lieu_result222.webp 800w, https:\/\/congtybinhminh.com\/wp-content\/uploads\/2024\/08\/buong-bon-nguyen-lieu_result222-503x400.webp 503w, https:\/\/congtybinhminh.com\/wp-content\/uploads\/2024\/08\/buong-bon-nguyen-lieu_result222-768x611.webp 768w, https:\/\/congtybinhminh.com\/wp-content\/uploads\/2024\/08\/buong-bon-nguyen-lieu_result222-510x405.webp 510w\" sizes=\"auto, (max-width: 800px) 100vw, 800px\" \/><\/p>\n<p>Ngay l\u1eadp t\u1ef1c, h\u1ed7n h\u1ee3p s\u1ebd \u0111\u01b0\u1ee3c h\u1ec7 th\u1ed1ng tr\u1ee5c xo\u1eafn k\u00e9o t\u1ea3i b\u1edfi \u0111\u1ed9ng c\u01a1 1,5kw &#8211; 3 pha t\u1ef1 \u0111\u1ed9ng l\u1ea7n l\u01b0\u1ee3t b\u00f3n nguy\u00ean li\u1ec7u v\u00e0o tr\u1ee5c \u00e9p<\/p>\n<h3>M\u00e1y \u00e9p c\u00e1m vi\u00ean 4 qu\u1ea3 l\u00f4<\/h3>\n<p>Ph\u00eda d\u01b0\u1edbi l\u00e0 h\u1ec7 th\u1ed1ng m\u00e1y \u00e9p c\u00e1m vi\u00ean tr\u1ee5c \u0111\u1ee9ng s\u1ebd l\u00e0m nhi\u1ec7m v\u1ee5 nghi\u1ec1n v\u00e0 \u00e9p h\u1ed7n h\u1ee3p b\u1edfi b\u1ed9 4 qu\u1ea3 l\u00f4 v\u1edbi m\u1eb7t s\u00e0ng t\u1ea1o th\u00e0nh vi\u00ean<\/p>\n<p><img loading=\"lazy\" decoding=\"async\" class=\"aligncenter wp-image-9966 size-full\" src=\"https:\/\/congtybinhminh.com\/wp-content\/uploads\/2024\/08\/may-ep-cam_result222.webp\" alt=\"may-ep-cam_result222\" width=\"800\" height=\"504\" srcset=\"https:\/\/congtybinhminh.com\/wp-content\/uploads\/2024\/08\/may-ep-cam_result222.webp 800w, https:\/\/congtybinhminh.com\/wp-content\/uploads\/2024\/08\/may-ep-cam_result222-635x400.webp 635w, https:\/\/congtybinhminh.com\/wp-content\/uploads\/2024\/08\/may-ep-cam_result222-768x484.webp 768w, https:\/\/congtybinhminh.com\/wp-content\/uploads\/2024\/08\/may-ep-cam_result222-510x321.webp 510w\" sizes=\"auto, (max-width: 800px) 100vw, 800px\" \/><\/p>\n<p>M\u1ed7i qu\u1ea3 l\u00f4 \u0111\u01b0\u1ee3c t\u00f4i b\u1eb1ng c\u00f4ng ngh\u1ec7 cao t\u1ea7n hi\u1ec7n \u0111\u1ea1i \u0111\u1ea1t \u0111\u1ed9 c\u1ee9ng cao h\u1edbn c\u00e1c lo\u1ea1i th\u00e9p th\u00f4ng th\u01b0\u1eddng. Tr\u00ean b\u1ec1 m\u1eb7t m\u1ed7i qu\u1ea3 l\u00f4 l\u00e0 c\u00e1c khe r\u00e3nh t\u1ea1o \u0111\u1ed9 b\u00e1m t\u0103ng kh\u1ea3 n\u0103ng ch\u1ed1ng m\u00f2n t\u1ed1t<\/p>\n<p><img loading=\"lazy\" decoding=\"async\" class=\"aligncenter wp-image-9964 size-full\" src=\"https:\/\/congtybinhminh.com\/wp-content\/uploads\/2024\/08\/qua-lo-ep-cam-vien_result222.webp\" alt=\"qua-lo-ep-cam-vien_result222\" width=\"800\" height=\"1152\" srcset=\"https:\/\/congtybinhminh.com\/wp-content\/uploads\/2024\/08\/qua-lo-ep-cam-vien_result222.webp 800w, https:\/\/congtybinhminh.com\/wp-content\/uploads\/2024\/08\/qua-lo-ep-cam-vien_result222-278x400.webp 278w, https:\/\/congtybinhminh.com\/wp-content\/uploads\/2024\/08\/qua-lo-ep-cam-vien_result222-556x800.webp 556w, https:\/\/congtybinhminh.com\/wp-content\/uploads\/2024\/08\/qua-lo-ep-cam-vien_result222-768x1106.webp 768w, https:\/\/congtybinhminh.com\/wp-content\/uploads\/2024\/08\/qua-lo-ep-cam-vien_result222-510x734.webp 510w\" sizes=\"auto, (max-width: 800px) 100vw, 800px\" \/><\/p>\n<p>K\u00edch c\u1ee1 m\u1eb7t s\u00e0ng \u0111a d\u1ea1ng 3ly; 4ly;5ly.. cho ra k\u00edch th\u01b0\u1edbc vi\u00ean c\u00e1m t\u01b0\u01a1ng \u1ee9ng v\u1edbi l\u1ed7 s\u00e0ng t\u00f9y nhu c\u1ea7u s\u1eed d\u1ee5ng<\/p>\n<p><img loading=\"lazy\" decoding=\"async\" class=\"aligncenter wp-image-9965 size-full\" src=\"https:\/\/congtybinhminh.com\/wp-content\/uploads\/2024\/08\/mat-sang-may-ep-cam-vien_result222.webp\" alt=\"mat-sang-may-ep-cam-vien_result222\" width=\"794\" height=\"1044\" srcset=\"https:\/\/congtybinhminh.com\/wp-content\/uploads\/2024\/08\/mat-sang-may-ep-cam-vien_result222.webp 794w, https:\/\/congtybinhminh.com\/wp-content\/uploads\/2024\/08\/mat-sang-may-ep-cam-vien_result222-304x400.webp 304w, https:\/\/congtybinhminh.com\/wp-content\/uploads\/2024\/08\/mat-sang-may-ep-cam-vien_result222-608x800.webp 608w, https:\/\/congtybinhminh.com\/wp-content\/uploads\/2024\/08\/mat-sang-may-ep-cam-vien_result222-768x1010.webp 768w, https:\/\/congtybinhminh.com\/wp-content\/uploads\/2024\/08\/mat-sang-may-ep-cam-vien_result222-510x671.webp 510w\" sizes=\"auto, (max-width: 794px) 100vw, 794px\" \/><\/p>\n<p>Trong su\u1ed1t qu\u00e1 tr\u00ecnh \u00e9p, ma s\u00e1t gi\u1eefa c\u00e1c b\u1ed9 ph\u1eadn c\u1ee7a m\u00e1t t\u1ea1o ra nhi\u1ec7t \u0111\u1ed9 kho\u1ea3ng 60-70 \u0111\u1ed9 C gi\u00fap vi\u00ean c\u00e1m c\u00f3 \u0111\u1ed9 \u1ea5m n\u00f3ng t\u1ef1 nhi\u00ean an to\u00e0n v\u1edbi v\u1eadt nu\u00f4i<\/p>\n<h3>B\u1ea3ng \u0111i\u1ec1u khi\u1ec3n bi\u1ebfn t\u1ea7n<\/h3>\n<p>\u0110\u1eb7c bi\u1ec7t, qu\u00e1 tr\u00ecnh m\u00e1y ho\u1ea1t \u0111\u1ed9ng th\u00f4ng qua h\u1ec7 th\u1ed1ng b\u1ea3ng \u0111i\u1ec1u khi\u1ec3n bi\u1ebfn t\u1ea7n bao g\u1ed3m:<\/p>\n<p><img loading=\"lazy\" decoding=\"async\" class=\"aligncenter wp-image-9957 size-full\" src=\"https:\/\/congtybinhminh.com\/wp-content\/uploads\/2024\/08\/bang-dieu-khien-bien-tan_result222.webp\" alt=\"bang-dieu-khien-bien-tan_result222\" width=\"800\" height=\"584\" srcset=\"https:\/\/congtybinhminh.com\/wp-content\/uploads\/2024\/08\/bang-dieu-khien-bien-tan_result222.webp 800w, https:\/\/congtybinhminh.com\/wp-content\/uploads\/2024\/08\/bang-dieu-khien-bien-tan_result222-548x400.webp 548w, https:\/\/congtybinhminh.com\/wp-content\/uploads\/2024\/08\/bang-dieu-khien-bien-tan_result222-768x561.webp 768w, https:\/\/congtybinhminh.com\/wp-content\/uploads\/2024\/08\/bang-dieu-khien-bien-tan_result222-510x372.webp 510w\" sizes=\"auto, (max-width: 800px) 100vw, 800px\" \/><\/p>\n<ul>\n<li>C\u00f4ng t\u1eafc t\u1eaft\/m\u1edf: kh\u1edfi \u0111\u1ed9ng v\u00e0 d\u1eebng m\u00e1y \u00e9p tr\u1ee5c \u0111\u1ee9ng<\/li>\n<li>\u0110\u00e8n b\u00e1o v\u00f4n: hi\u1ec3n th\u1ecb ngu\u1ed3n \u0111i\u1ec7n \u0111ang s\u1eed d\u1ee5ng<\/li>\n<li>B\u1ed9 \u0111i\u1ec1u ch\u1ec9nh bi\u1ebfn t\u1ea7n: c\u00f4ng t\u1eafc kh\u1edfi \u0111\u1ed9ng v\u00e0 \u0111i\u1ec1u ch\u1ec9nh t\u1ed1c \u0111\u1ed9 b\u00f3n nhanh &#8211; ch\u1eadm<\/li>\n<li>N\u00fat d\u1eebng kh\u1ea9n c\u1ea5p<\/li>\n<\/ul>\n<h3>Th\u00e0nh ph\u1ea9m sau khi \u00e9p<\/h3>\n<p>Vi\u00ean c\u00e1m sau khi \u00e9p \u0111\u01b0\u1ee3c \u0111\u01b0a ra ngo\u00e0i c\u1eeda x\u1ea3, ph\u00eda tr\u01b0\u1edbc c\u1eeda x\u1ea3 c\u00f3 thanh dao c\u1eaft ng\u01b0\u1eddi d\u00f9ng c\u00f3 th\u1ec3 t\u1ef1 \u0111i\u1ec1u ch\u1ec9nh k\u00edch th\u01b0\u1edbc \u0111\u1ed9 d\u00e0i &#8211; ng\u1eafn c\u1ee7a vi\u00ean c\u00e1m theo \u00fd mu\u1ed1n b\u1eb1ng c\u00e1ch:<\/p>\n<p><img loading=\"lazy\" decoding=\"async\" class=\"size-full wp-image-9958 aligncenter\" src=\"https:\/\/congtybinhminh.com\/wp-content\/uploads\/2024\/08\/dao-cat-cam_result222.webp\" alt=\"dao-cat-cam_result222\" width=\"800\" height=\"362\" srcset=\"https:\/\/congtybinhminh.com\/wp-content\/uploads\/2024\/08\/dao-cat-cam_result222.webp 800w, https:\/\/congtybinhminh.com\/wp-content\/uploads\/2024\/08\/dao-cat-cam_result222-768x348.webp 768w, https:\/\/congtybinhminh.com\/wp-content\/uploads\/2024\/08\/dao-cat-cam_result222-510x231.webp 510w\" sizes=\"auto, (max-width: 800px) 100vw, 800px\" \/><\/p>\n<ul>\n<li>N\u00e2ng dao c\u1eaft s\u1eaft m\u1eb7t s\u00e0ng: mu\u1ed1n vi\u00ean c\u00e1m ra ng\u1eafn<\/li>\n<li>H\u1ea1 dao c\u1eaft th\u1ea5p xu\u1ed1ng n\u1ebfu mu\u1ed1n vi\u00ean c\u00e1m ra d\u00e0i<\/li>\n<\/ul>\n<h3>\u0110\u1ed9ng c\u01a1 n\u1ed1i li\u1ec1n tr\u1ee5c<\/h3>\n<p>Mu\u1ed1n n\u0103ng su\u1ea5t m\u00e1y cao th\u00ec c\u1ed9ng c\u01a1 ph\u1ea3i kh\u1ecfe, m\u1ed9t \u01b0u \u0111i\u1ec3m n\u1eefa c\u1ee7a d\u00f2ng m\u00e1y \u00e9p c\u00e1m vi\u00ean S250-4L li\u00ean ho\u00e0n th\u1ebf h\u1ec7 m\u1edbi l\u00e0 ph\u1ea7n tr\u1ee5c \u00e9p v\u00e0 \u0111\u1ed9ng c\u01a1 \u0111\u01b0\u1ee3c n\u1ed1i tr\u1ef1c ti\u1ebfp v\u1edbi nhau, kh\u00f4ng s\u1eed d\u1ee5ng d\u00e2y curoa l\u00e0m b\u1ed9 ph\u1eadn trung gian<\/p>\n<p>Thi\u1ebft k\u1ebf n\u00e0y gi\u00fap m\u00e1y v\u1eadn h\u00e0nh hi\u1ec7u qu\u1ea3 h\u01a1n, gi\u1ea3m thi\u1ec3u ti\u00eau hao n\u0103ng l\u01b0\u1ee3ng v\u00e0 c\u00e1c s\u1ef1 c\u1ed1 k\u1ef9 thu\u1eadt<\/p>\n<p><img loading=\"lazy\" decoding=\"async\" class=\"aligncenter wp-image-9960 size-full\" src=\"https:\/\/congtybinhminh.com\/wp-content\/uploads\/2024\/08\/may-ep-cam-vien-s250-4L-binh-minh_result222.webp\" alt=\"may-ep-cam-vien-s250-4L-binh-minh_result222\" width=\"800\" height=\"636\" srcset=\"https:\/\/congtybinhminh.com\/wp-content\/uploads\/2024\/08\/may-ep-cam-vien-s250-4L-binh-minh_result222.webp 800w, https:\/\/congtybinhminh.com\/wp-content\/uploads\/2024\/08\/may-ep-cam-vien-s250-4L-binh-minh_result222-503x400.webp 503w, https:\/\/congtybinhminh.com\/wp-content\/uploads\/2024\/08\/may-ep-cam-vien-s250-4L-binh-minh_result222-768x611.webp 768w, https:\/\/congtybinhminh.com\/wp-content\/uploads\/2024\/08\/may-ep-cam-vien-s250-4L-binh-minh_result222-510x405.webp 510w\" sizes=\"auto, (max-width: 800px) 100vw, 800px\" \/><\/p>\n<p>M\u00e1y \u00e9p c\u00e1m vi\u00ean 3 pha\u00a0 motor l\u00f5i d\u00e2y \u0111\u1ed3ng 100% cho n\u0103ng su\u1ea5t \u0111\u1ea1t t\u1eeb 400-500 kg\/gi\u1edd<\/p>\n<h2>M\u00e1y \u00e9p c\u00e1m vi\u00ean S250-4L li\u00ean ho\u00e0n mang t\u1edbi gi\u1ea3i ph\u00e1p g\u00ec cho b\u1ea1n ?<\/h2>\n<p>M\u00e1y \u00e9p c\u00e1m vi\u00ean &#8211; thi\u1ebft b\u1ecb kh\u00f4ng th\u1ec3 thi\u1ebfu trong ng\u00e0nh ch\u0103n nu\u00f4i hi\u1ec7n \u0111\u1ea1i, mang l\u1ea1i v\u00f4 s\u1ed1 l\u1ee3i \u00edch cho b\u00e0 con trong vi\u1ec7c t\u1ef1 s\u1ea3n xu\u1ea5t th\u1ef1c \u0103n cho \u0111\u00e0n g\u00e0, v\u1ecbt l\u1ee3n..<\/p>\n<p><img loading=\"lazy\" decoding=\"async\" class=\"aligncenter wp-image-9959 size-full\" src=\"https:\/\/congtybinhminh.com\/wp-content\/uploads\/2024\/08\/lam-cam-vien-cho-ga_result222.webp\" alt=\"lam-cam-vien-cho-ga_result222\" width=\"800\" height=\"640\" srcset=\"https:\/\/congtybinhminh.com\/wp-content\/uploads\/2024\/08\/lam-cam-vien-cho-ga_result222.webp 800w, https:\/\/congtybinhminh.com\/wp-content\/uploads\/2024\/08\/lam-cam-vien-cho-ga_result222-500x400.webp 500w, https:\/\/congtybinhminh.com\/wp-content\/uploads\/2024\/08\/lam-cam-vien-cho-ga_result222-768x614.webp 768w, https:\/\/congtybinhminh.com\/wp-content\/uploads\/2024\/08\/lam-cam-vien-cho-ga_result222-510x408.webp 510w\" sizes=\"auto, (max-width: 800px) 100vw, 800px\" \/><\/p>\n<ul>\n<li>Ti\u1ebft ki\u1ec7m h\u01a1n 40% chi ph\u00ed ch\u0103n nu\u00f4i t\u1eeb t\u1eadn d\u1ee5ng nguy\u00ean li\u1ec7u s\u1eb5n c\u00f3 thay v\u00ec mua c\u00e1m ngo\u00e0i v\u1edbi gi\u00e1 cao<\/li>\n<li>Ki\u1ec3m so\u00e1t ch\u1ea5t l\u01b0\u1ee3ng nguy\u00ean li\u1ec7u \u0111\u1ea7u v\u00e0o cho \u0111\u1ebfn khi th\u00e0nh ph\u1ea9m ra vi\u00ean c\u00e1m<\/li>\n<li>Linh \u0111\u1ed9ng thay \u0111\u1ed5i c\u00f4ng th\u1ee9c l\u00e0m c\u00e1m d\u1ef1a tr\u00ean nhu c\u1ea7u ph\u00e1t tri\u1ec3n c\u1ee7a t\u1eebng gi\u00e1 s\u00fac &#8211; gia c\u1ea7m<\/li>\n<li>Ch\u1ee7 \u0111\u1ed9ng d\u1ef1 ph\u00f2ng ngu\u1ed3n th\u1ee9c \u0103n<\/li>\n<\/ul>\n<h2>\u0110\u1ecba ch\u1ec9 mua m\u00e1y \u00e9p c\u00e1m vi\u00ean gi\u00e1 t\u1ed1t t\u1ea1i x\u01b0\u1edfng<\/h2>\n<p>\u0110\u1ec3 \u0111\u1eb7t mua h\u00e0ng ch\u00ednh h\u00e3ng, b\u00e0 con c\u00f3 th\u1ec3 \u0111\u1ebfn tr\u1ee5 s\u1edf g\u1ea7n nh\u1ea5t c\u1ee7a c\u00f4ng ty \u0111\u1ec3 xem v\u00e0 \u0111\u1eb7t mua h\u00e0ng:<\/p>\n<ul>\n<li>Tr\u1ee5 s\u1edf ch\u00ednh: p.L\u00ea L\u1ee3i &#8211; Tx S\u01a1n T\u00e2y &#8211; H\u00e0 N\u1ed9i<\/li>\n<li>Chi nh\u00e1nh mi\u1ec1n Nam: x\u00e3 T\u00e2n Ki\u00ean &#8211; H. B\u00ecnh Ch\u00e1nh &#8211; Tp H\u1ed3 Ch\u00ed Minh<\/li>\n<\/ul>\n<p>Khi \u0111\u1ebfn \u0111\u00e2y, b\u00e0 con s\u1ebd \u0111\u01b0\u1ee3c th\u1eed nghi\u1ec7m v\u1eadn h\u00e0nh m\u00e1y d\u01b0\u1edbi s\u1ef1 h\u01b0\u1edbng d\u1eabn c\u1ee7a \u0111\u1ed9i ng\u0169 k\u1ef9 thu\u1eadt<\/p>\n<p>\u0110\u1ed1i v\u1edbi b\u00e0 con \u1edf xa, c\u00f3 th\u1ec3 li\u00ean h\u1ec7 t\u1edbi s\u1ed1 \u0111i\u1ec7n tho\u1ea1i tr\u00ean website ho\u1eb7c \u0111\u1ec3 l\u1ea1i l\u1eddi nh\u1eafn \u0111\u1ed9i ng\u0169 t\u01b0 v\u1ea5n s\u1ebd li\u00ean h\u1ec7 b\u00e0 con trong th\u1eddi gian s\u1edbm nh\u1ea5t<\/p>\n<p><strong>Th\u00f4ng s\u1ed1 k\u1ef9 thu\u1eadt\u00a0<\/strong><\/p>\n<table border=\"1\" cellspacing=\"1\" cellpadding=\"1\">\n<tbody>\n<tr>\n<td colspan=\"1\" rowspan=\"3\">\u0110\u1ed9ng c\u01a1<\/td>\n<td>C\u00f4ng su\u1ea5t \u0111\u1ed9ng c\u01a1<\/td>\n<td>Tr\u1ee5c \u00e9p: 7.5 kw &#8211; 11kw<\/td>\n<\/tr>\n<tr>\n<td>c\u00f4ng su\u1ea5t bu\u1ed3ng b\u00f3n<\/td>\n<td>1.5kw<\/td>\n<\/tr>\n<tr>\n<td>Ngu\u1ed3n \u0111i\u1ec7n<\/td>\n<td>380V<\/td>\n<\/tr>\n<tr>\n<td colspan=\"1\" rowspan=\"2\">B\u1ea3o h\u00e0nh<\/td>\n<td>K\u1ef9 thu\u1eadt<\/td>\n<td>\u00a006 th\u00e1ng<\/td>\n<\/tr>\n<tr>\n<td>\u0110\u1ed9ng c\u01a1<\/td>\n<td>Theo t\u1eebng h\u00e3ng s\u1ea3n xu\u1ea5t<\/td>\n<\/tr>\n<tr>\n<td>N\u0103ng su\u1ea5t<\/td>\n<td colspan=\"2\" rowspan=\"1\">\u00a0400 &#8211; 500 kg\/gi\u1edd<\/td>\n<\/tr>\n<tr>\n<td>K\u00edch th\u01b0\u1edbc (d*c*r)<\/td>\n<td colspan=\"2\" rowspan=\"1\">150*148*65 cm<\/td>\n<\/tr>\n<tr>\n<td>H\u00ecnh th\u1ee9c thanh to\u00e1n<\/td>\n<td colspan=\"2\" rowspan=\"1\">\u00a0Ti\u1ec1n m\u1eb7t ho\u1eb7c chuy\u1ec3n kho\u1ea3n<\/td>\n<\/tr>\n<\/tbody>\n<\/table>\n","protected":false},"excerpt":{"rendered":"<ul>\n<li><strong>H\u00e3ng s\u1ea3n xu\u1ea5t:<\/strong> B\u00ecnh Minh<\/li>\n<li><strong>C\u00f4ng su\u1ea5t \u0111\u1ed9ng c\u01a1<\/strong>: 7.5kw &#8211; 11kw<\/li>\n<li><strong>Ngu\u1ed3n \u0111i\u1ec7n:<\/strong> 3 pha<\/li>\n<li><strong>N\u0103ng su\u1ea5t:<\/strong> 400 &#8211; 500 kg\/gi\u1edd<\/li>\n<li><strong>T\u00ednh n\u0103ng:<\/strong> m\u00e1y \u00e9p c\u00e1m li\u00ean ho\u00e0n &#8221; b\u00f3n nguy\u00ean li\u1ec7u v\u00e0 \u00e9p c\u00e1m&#8221; l\u00e0m c\u00e1m vi\u00ean cho gia s\u00fac &#8211; gia c\u1ea7m<\/li>\n<\/ul>\n","protected":false},"featured_media":9950,"comment_status":"closed","ping_status":"closed","template":"","meta":[],"product_brand":[],"product_cat":[64,63],"product_tag":[],"class_list":{"0":"post-9949","1":"product","2":"type-product","3":"status-publish","4":"has-post-thumbnail","6":"product_cat-may-ep-cam","7":"product_cat-may-ep-cam-vien-truc-dung","9":"first","10":"instock","11":"shipping-taxable","12":"product-type-simple"},"_links":{"self":[{"href":"https:\/\/congtybinhminh.com\/index.php?rest_route=\/wp\/v2\/product\/9949","targetHints":{"allow":["GET"]}}],"collection":[{"href":"https:\/\/congtybinhminh.com\/index.php?rest_route=\/wp\/v2\/product"}],"about":[{"href":"https:\/\/congtybinhminh.com\/index.php?rest_route=\/wp\/v2\/types\/product"}],"replies":[{"embeddable":true,"href":"https:\/\/congtybinhminh.com\/index.php?rest_route=%2Fwp%2Fv2%2Fcomments&post=9949"}],"wp:featuredmedia":[{"embeddable":true,"href":"https:\/\/congtybinhminh.com\/index.php?rest_route=\/wp\/v2\/media\/9950"}],"wp:attachment":[{"href":"https:\/\/congtybinhminh.com\/index.php?rest_route=%2Fwp%2Fv2%2Fmedia&parent=9949"}],"wp:term":[{"taxonomy":"product_brand","embeddable":true,"href":"https:\/\/congtybinhminh.com\/index.php?rest_route=%2Fwp%2Fv2%2Fproduct_brand&post=9949"},{"taxonomy":"product_cat","embeddable":true,"href":"https:\/\/congtybinhminh.com\/index.php?rest_route=%2Fwp%2Fv2%2Fproduct_cat&post=9949"},{"taxonomy":"product_tag","embeddable":true,"href":"https:\/\/congtybinhminh.com\/index.php?rest_route=%2Fwp%2Fv2%2Fproduct_tag&post=9949"}],"curies":[{"name":"wp","href":"https:\/\/api.w.org\/{rel}","templated":true}]}}