{"id":9913,"date":"2024-08-14T09:00:17","date_gmt":"2024-08-14T02:00:17","guid":{"rendered":"https:\/\/congtybinhminh.com\/?post_type=product&#038;p=9913"},"modified":"2024-08-14T09:00:23","modified_gmt":"2024-08-14T02:00:23","slug":"may-bam-xo-dua-b1200-be-keo-dau-no","status":"publish","type":"product","link":"https:\/\/congtybinhminh.com\/?product=may-bam-xo-dua-b1200-be-keo-dau-no","title":{"rendered":"M\u00e1y b\u0103m x\u01a1 d\u1eeba B1200 b\u1ec7 k\u00e9o \u0111\u1ea7u n\u1ed5"},"content":{"rendered":"<h2>Gi\u1edbi thi\u1ec7u m\u00e1y b\u0103m x\u01a1 d\u1eeba B1200 b\u1ec7 k\u00e9o \u0111\u1ea7u n\u1ed5<\/h2>\n<p>N\u1ebfu b\u1ea1n \u0111ang t\u00ecm ki\u1ebfm m\u1ed9t gi\u1ea3i ph\u00e1p hi\u1ec7u qu\u1ea3 \u0111\u1ec3 x\u1eed l\u00fd v\u1ecf d\u1eeba trong qu\u00e1 tr\u00ecnh t\u00e1i ch\u1ebf, m\u00e1y b\u0103m x\u01a1 d\u1eeba B1200 b\u1ec7 k\u00e9o \u0111\u1ea7u n\u1ed5 c\u1ee7a c\u00f4ng ty B\u00ecnh Minh ch\u00ednh l\u00e0 s\u1ef1 l\u1ef1a ch\u1ecdn \u0111\u00e1ng tin c\u1eady.<\/p>\n<p><img loading=\"lazy\" decoding=\"async\" class=\"aligncenter wp-image-9920 size-full\" src=\"https:\/\/congtybinhminh.com\/wp-content\/uploads\/2024\/08\/may-bam-xo-dua-b1200-be-keo-dau-no-binh-minh_result222.webp\" alt=\"may-bam-xo-dua-b1200-be-keo-dau-no-binh-minh_result222\" width=\"800\" height=\"1078\" srcset=\"https:\/\/congtybinhminh.com\/wp-content\/uploads\/2024\/08\/may-bam-xo-dua-b1200-be-keo-dau-no-binh-minh_result222.webp 800w, https:\/\/congtybinhminh.com\/wp-content\/uploads\/2024\/08\/may-bam-xo-dua-b1200-be-keo-dau-no-binh-minh_result222-297x400.webp 297w, https:\/\/congtybinhminh.com\/wp-content\/uploads\/2024\/08\/may-bam-xo-dua-b1200-be-keo-dau-no-binh-minh_result222-594x800.webp 594w, https:\/\/congtybinhminh.com\/wp-content\/uploads\/2024\/08\/may-bam-xo-dua-b1200-be-keo-dau-no-binh-minh_result222-768x1035.webp 768w, https:\/\/congtybinhminh.com\/wp-content\/uploads\/2024\/08\/may-bam-xo-dua-b1200-be-keo-dau-no-binh-minh_result222-510x687.webp 510w\" sizes=\"auto, (max-width: 800px) 100vw, 800px\" \/><\/p>\n<p>M\u00e1y \u0111\u01b0\u1ee3c thi\u1ebft k\u1ebf \u0111\u1eb7c bi\u1ec7t \u0111\u1ec3 b\u0103m nh\u1ecf v\u1ecf d\u1eeba t\u01b0\u01a1i v\u00e0 kh\u00f4 th\u00e0nh m\u00f9n v\u1edbi s\u1ed1 l\u01b0\u1ee3ng l\u1edbn, \u0111\u00e1p \u1ee9ng nhu c\u1ea7u s\u1ea3n xu\u1ea5t c\u00f4ng nghi\u1ec7p<\/p>\n<p>\u0110i\u1ec3m m\u1ea1nh c\u1ee7a s\u1ea3n ph\u1ea9m l\u00e0 kh\u1ea3 n\u0103ng ho\u1ea1t \u0111\u1ed9ng m\u1ea1nh m\u1ebd ngay c\u1ea3 khi ngu\u1ed3n \u0111i\u1ec7n kh\u00f4ng \u1ed5n \u0111\u1ecbnh, nh\u1edd v\u00e0o \u0111\u1ea7u n\u1ed5 v\u00e0 b\u00e1nh xe l\u1edbn gi\u00fap d\u1ec5 d\u00e0ng di chuy\u1ec3n.<\/p>\n<p><img loading=\"lazy\" decoding=\"async\" class=\"aligncenter wp-image-9928 size-full\" src=\"https:\/\/congtybinhminh.com\/wp-content\/uploads\/2024\/08\/may-xay-xo-dua-copy_result222.webp\" alt=\"may-xay-xo-dua copy_result222\" width=\"800\" height=\"1110\" srcset=\"https:\/\/congtybinhminh.com\/wp-content\/uploads\/2024\/08\/may-xay-xo-dua-copy_result222.webp 800w, https:\/\/congtybinhminh.com\/wp-content\/uploads\/2024\/08\/may-xay-xo-dua-copy_result222-288x400.webp 288w, https:\/\/congtybinhminh.com\/wp-content\/uploads\/2024\/08\/may-xay-xo-dua-copy_result222-577x800.webp 577w, https:\/\/congtybinhminh.com\/wp-content\/uploads\/2024\/08\/may-xay-xo-dua-copy_result222-768x1066.webp 768w, https:\/\/congtybinhminh.com\/wp-content\/uploads\/2024\/08\/may-xay-xo-dua-copy_result222-510x708.webp 510w\" sizes=\"auto, (max-width: 800px) 100vw, 800px\" \/><\/p>\n<p>H\u00e3y \u0111\u1ec3 m\u00e1y b\u0103m x\u01a1 d\u1eeba B1200 tr\u1edf th\u00e0nh ng\u01b0\u1eddi b\u1ea1n \u0111\u1ed3ng h\u00e0nh \u0111\u00e1ng tin c\u1eady trong vi\u1ec7c n\u00e2ng cao hi\u1ec7u su\u1ea5t v\u00e0 ch\u1ea5t l\u01b0\u1ee3ng s\u1ea3n ph\u1ea9m c\u1ee7a b\u1ea1n<\/p>\n<h2>C\u1ea5u t\u1ea1o m\u00e1y b\u0103m x\u01a1 d\u1eeba B1200 b\u1ec7 k\u00e9o \u0111\u1ea7u n\u1ed5<\/h2>\n<h3>Khung m\u00e1y ch\u1eafc ch\u1eafn<\/h3>\n<p>Thu\u1ed9c d\u00f2ng m\u00e1y c\u00f4ng nghi\u1ec7p, v\u1edbi ph\u1ea7n khung m\u00e1y \u0111\u01b0\u1ee3c h\u00e0n g\u1eafn ch\u1eafc ch\u1eafn kh\u00f4ng g\u00e2y rung l\u1eafc trong qu\u00e1 tr\u00ecnh b\u0103m<\/p>\n<p><img loading=\"lazy\" decoding=\"async\" class=\"aligncenter wp-image-9921 size-full\" src=\"https:\/\/congtybinhminh.com\/wp-content\/uploads\/2024\/08\/cau-tao-may-bam-xo-dua-b1200-be-keo-dau-no_result222.webp\" alt=\"cau-tao-may-bam-xo-dua-b1200-be-keo-dau-no_result222\" width=\"800\" height=\"600\" srcset=\"https:\/\/congtybinhminh.com\/wp-content\/uploads\/2024\/08\/cau-tao-may-bam-xo-dua-b1200-be-keo-dau-no_result222.webp 800w, https:\/\/congtybinhminh.com\/wp-content\/uploads\/2024\/08\/cau-tao-may-bam-xo-dua-b1200-be-keo-dau-no_result222-533x400.webp 533w, https:\/\/congtybinhminh.com\/wp-content\/uploads\/2024\/08\/cau-tao-may-bam-xo-dua-b1200-be-keo-dau-no_result222-768x576.webp 768w, https:\/\/congtybinhminh.com\/wp-content\/uploads\/2024\/08\/cau-tao-may-bam-xo-dua-b1200-be-keo-dau-no_result222-510x383.webp 510w\" sizes=\"auto, (max-width: 800px) 100vw, 800px\" \/><\/p>\n<p>Ph\u1ea7n ch\u00e2n b\u1ec7 l\u1eafp \u0111\u1eb7t b\u00e1nh xe thu\u1eadn ti\u1ec7n di chuy\u1ec3n v\u1ecb tr\u00ed \u0111\u1eb7t m\u00e1y<\/p>\n<h3>Toa n\u1ea1p v\u00e0 c\u1eeda x\u1ea3 linh ho\u1ea1t<\/h3>\n<p>Ph\u1ea7n toa n\u1ea1p thi\u1ebft k\u1ebf d\u1ea1ng ph\u1ec5u l\u1edbn, mi\u1ec7ng r\u1ed9ng c\u00f3 kh\u1ea3 n\u0103ng ch\u1ee9a \u0111\u01b0\u1ee3c nhi\u1ec1u nguy\u00ean li\u1ec7u h\u01a1n, gi\u00fap cho vi\u1ec7c \u0111\u01b0a nguy\u00ean li\u1ec7u v\u00e0o bu\u1ed3ng b\u0103m d\u1ec5 d\u00e0ng, kh\u00f4ng b\u1ecb v\u0103ng ra ngo\u00e0i<\/p>\n<p><img loading=\"lazy\" decoding=\"async\" class=\"aligncenter wp-image-9925 size-full\" src=\"https:\/\/congtybinhminh.com\/wp-content\/uploads\/2024\/08\/toa-nap-nguyen-lieu-may-bam-xo-dua_result222.webp\" alt=\"toa-nap-nguyen-lieu-may-bam-xo-dua_result222\" width=\"800\" height=\"474\" srcset=\"https:\/\/congtybinhminh.com\/wp-content\/uploads\/2024\/08\/toa-nap-nguyen-lieu-may-bam-xo-dua_result222.webp 800w, https:\/\/congtybinhminh.com\/wp-content\/uploads\/2024\/08\/toa-nap-nguyen-lieu-may-bam-xo-dua_result222-675x400.webp 675w, https:\/\/congtybinhminh.com\/wp-content\/uploads\/2024\/08\/toa-nap-nguyen-lieu-may-bam-xo-dua_result222-768x455.webp 768w, https:\/\/congtybinhminh.com\/wp-content\/uploads\/2024\/08\/toa-nap-nguyen-lieu-may-bam-xo-dua_result222-510x302.webp 510w\" sizes=\"auto, (max-width: 800px) 100vw, 800px\" \/><\/p>\n<p>Ph\u1ea7n c\u1eeda x\u1ea3 \u0111\u01b0\u1ee3c thi\u1ebft k\u1ebf 2 c\u1eeda t\u00e1ch bi\u1ec7t. Gi\u00fap ng\u01b0\u1eddi d\u00f9ng c\u00f3 th\u1ec3 th\u00f4ng qua c\u00f4ng \u0111o\u1ea1n ph\u00e2n lo\u1ea1i th\u00e0nh ph\u1ea9m sau khi b\u0103m:<\/p>\n<p><img loading=\"lazy\" decoding=\"async\" class=\"aligncenter wp-image-9926 size-full\" src=\"https:\/\/congtybinhminh.com\/wp-content\/uploads\/2024\/08\/cua-xa-xo-dua_result222.webp\" alt=\"cua-xa-xo-dua_result222\" width=\"800\" height=\"528\" srcset=\"https:\/\/congtybinhminh.com\/wp-content\/uploads\/2024\/08\/cua-xa-xo-dua_result222.webp 800w, https:\/\/congtybinhminh.com\/wp-content\/uploads\/2024\/08\/cua-xa-xo-dua_result222-606x400.webp 606w, https:\/\/congtybinhminh.com\/wp-content\/uploads\/2024\/08\/cua-xa-xo-dua_result222-768x507.webp 768w, https:\/\/congtybinhminh.com\/wp-content\/uploads\/2024\/08\/cua-xa-xo-dua_result222-510x337.webp 510w\" sizes=\"auto, (max-width: 800px) 100vw, 800px\" \/><\/p>\n<ul>\n<li>1 c\u1eeda cho ra th\u00e0nh ph\u1ea9m d\u1ea1ng m\u00f9n<\/li>\n<li>1 c\u1eeda cho ra th\u00e0nh ph\u1ea9m d\u1ea1ng s\u1ee3i<\/li>\n<\/ul>\n<h3>H\u1ec7 th\u1ed1ng bu\u1ed3ng l\u00e0m vi\u1ec7c<\/h3>\n<p>Th\u00e0nh m\u00e1y d\u00e0y, b\u00ean trong bu\u1ed3ng l\u00e0m vi\u1ec7c \u0111\u01b0\u1ee3c trang b\u1ecb h\u1ec7 th\u1ed1ng b\u00faa x\u1ebfp d\u1ea1ng xo\u1eafn tr\u00ean 1 tr\u1ee5c quay ch\u00ednh v\u00e0 k\u1ebft h\u1ee3p c\u00f9ng v\u1edbi 2 thanh b\u00faa \u0111\u1eadp \u0111\u01b0\u1ee3c h\u00e0n g\u1eafn c\u1ed1 \u0111\u1ecbnh gi\u00fap gia t\u0103ng kh\u1ea3 n\u0103ng \u0111\u1eadp &#8211; x\u00e9 v\u1ecf d\u1eeba<\/p>\n<p><img loading=\"lazy\" decoding=\"async\" class=\"aligncenter wp-image-9927 size-full\" src=\"https:\/\/congtybinhminh.com\/wp-content\/uploads\/2024\/08\/cau-tao-may-bam-xo-dua-copy_result222.webp\" alt=\"cau-tao-may-bam-xo-dua copy_result222\" width=\"800\" height=\"1473\" srcset=\"https:\/\/congtybinhminh.com\/wp-content\/uploads\/2024\/08\/cau-tao-may-bam-xo-dua-copy_result222.webp 800w, https:\/\/congtybinhminh.com\/wp-content\/uploads\/2024\/08\/cau-tao-may-bam-xo-dua-copy_result222-217x400.webp 217w, https:\/\/congtybinhminh.com\/wp-content\/uploads\/2024\/08\/cau-tao-may-bam-xo-dua-copy_result222-434x800.webp 434w, https:\/\/congtybinhminh.com\/wp-content\/uploads\/2024\/08\/cau-tao-may-bam-xo-dua-copy_result222-768x1414.webp 768w, https:\/\/congtybinhminh.com\/wp-content\/uploads\/2024\/08\/cau-tao-may-bam-xo-dua-copy_result222-510x939.webp 510w\" sizes=\"auto, (max-width: 800px) 100vw, 800px\" \/><\/p>\n<p>K\u1ebft h\u1ee3p v\u1edbi 1 m\u1eb7t s\u00e0ng d\u1ea1ng thanh \u0111\u01b0\u1ee3c l\u1eafp ngay ph\u00eda d\u01b0\u1edbi gi\u00fap s\u00e0ng l\u1ecdc m\u00f9n d\u1eeba v\u00e0 \u0111\u1ea9y th\u00e0nh ph\u1ea9m x\u01a1 d\u1eeba sang ph\u00eda b\u00ean c\u00e1nh qu\u1ea1t, th\u00e0nh ph\u1ea9m sau \u0111\u01b0\u1ee3c \u0111\u1ea9y ra b\u00ean ngo\u00e0i<\/p>\n<p>B\u00ean tr\u00ean n\u1eafp bu\u1ed3ng, m\u00e1y \u0111\u01b0\u1ee3c c\u1ea3i ti\u1ebfn th\u00eam thanh g\u1ea1t \u0111\u1ec3 ng\u01b0\u1eddi d\u00f9ng c\u00f3 th\u1ec3 \u0111i\u1ec1u ch\u1ec9nh t\u1ed1c \u0111\u1ed9 b\u0103m nhanh &#8211; ch\u1eadm trong qu\u00e1 tr\u00ecnh b\u0103m<\/p>\n<p><img loading=\"lazy\" decoding=\"async\" class=\"aligncenter wp-image-9924 size-full\" src=\"https:\/\/congtybinhminh.com\/wp-content\/uploads\/2024\/08\/thanh-gat-may-bam-xo-dua_result222.webp\" alt=\"thanh-gat-may-bam-xo-dua_result222\" width=\"800\" height=\"514\" srcset=\"https:\/\/congtybinhminh.com\/wp-content\/uploads\/2024\/08\/thanh-gat-may-bam-xo-dua_result222.webp 800w, https:\/\/congtybinhminh.com\/wp-content\/uploads\/2024\/08\/thanh-gat-may-bam-xo-dua_result222-623x400.webp 623w, https:\/\/congtybinhminh.com\/wp-content\/uploads\/2024\/08\/thanh-gat-may-bam-xo-dua_result222-768x493.webp 768w, https:\/\/congtybinhminh.com\/wp-content\/uploads\/2024\/08\/thanh-gat-may-bam-xo-dua_result222-510x328.webp 510w\" sizes=\"auto, (max-width: 800px) 100vw, 800px\" \/><\/p>\n<ul>\n<li>G\u1ea1t thanh b\u00ean n\u1eb7ng: n\u1ebfu ng\u01b0\u1eddi d\u00f9ng mu\u1ed1n b\u0103m k\u1ef9 h\u01a1n<\/li>\n<li>G\u1ea1t thanh b\u00ean nh\u1eb9: n\u1ebfu ng\u01b0\u1eddi d\u00f9ng mu\u1ed1n b\u0103m nhanh h\u01a1n<\/li>\n<\/ul>\n<h3>S\u1eed d\u1ee5ng \u0111\u1ea7u n\u1ed5 \u0111\u1ec3 ch\u1ea1y m\u00e1y<\/h3>\n<p>M\u00e1y b\u0103m x\u01a1 d\u1eeba B1200 \u0111\u01b0\u1ee3c l\u1eafp \u0111\u1ea7u n\u1ed5 c\u00f3 c\u00f4ng su\u1ea5t 30Hp gi\u00fap m\u00e1y \u0111\u1ea1t n\u0103ng su\u1ea5t cao<\/p>\n<p><img loading=\"lazy\" decoding=\"async\" class=\"aligncenter wp-image-9923 size-full\" src=\"https:\/\/congtybinhminh.com\/wp-content\/uploads\/2024\/08\/may-bam-xo-dua-b1200-lap-dau-no_result222.webp\" alt=\"may-bam-xo-dua-b1200-lap-dau-no_result222\" width=\"800\" height=\"600\" srcset=\"https:\/\/congtybinhminh.com\/wp-content\/uploads\/2024\/08\/may-bam-xo-dua-b1200-lap-dau-no_result222.webp 800w, https:\/\/congtybinhminh.com\/wp-content\/uploads\/2024\/08\/may-bam-xo-dua-b1200-lap-dau-no_result222-533x400.webp 533w, https:\/\/congtybinhminh.com\/wp-content\/uploads\/2024\/08\/may-bam-xo-dua-b1200-lap-dau-no_result222-768x576.webp 768w, https:\/\/congtybinhminh.com\/wp-content\/uploads\/2024\/08\/may-bam-xo-dua-b1200-lap-dau-no_result222-510x383.webp 510w\" sizes=\"auto, (max-width: 800px) 100vw, 800px\" \/><\/p>\n<p>Ng\u01b0\u1eddi d\u00f9ng c\u00f3 th\u1ec3 ch\u1ee7 \u0111\u1ed9ng v\u1eadn h\u00e0nh m\u00e1y \u1edf m\u1ecdi n\u01a1i m\u00e0 kh\u00f4ng c\u1ea7n ph\u1ee5 thu\u1ed9c v\u00e0o ngu\u1ed3n \u0111i\u1ec7n 380V hay lo \u0111i\u1ec7n y\u1ebfu kh\u00f4ng \u0111\u1ee7 t\u1ea3i<\/p>\n<h2>M\u00e1y b\u0103m x\u01a1 d\u1eeba mang t\u1edbi l\u1ee3i \u00edch g\u00ec cho b\u1ea1n ?<\/h2>\n<p>&#8220;M\u00e1y m\u00f3c thay th\u1ebf s\u1ee9c ng\u01b0\u1eddi&#8221; vi\u1ec7c \u1ee9ng d\u1ee5ng m\u00e1y m\u00f3c v\u00e0o t\u00e1i ch\u1ebf s\u1ebd mang l\u1ea1i nhi\u1ec1u l\u1ee3i \u00edch cho ng\u01b0\u1eddi d\u00f9ng:<\/p>\n<p><img loading=\"lazy\" decoding=\"async\" class=\"aligncenter wp-image-9929 size-full\" src=\"https:\/\/congtybinhminh.com\/wp-content\/uploads\/2024\/08\/mun-dua_result222.webp\" alt=\"mun-dua_result222\" width=\"800\" height=\"528\" srcset=\"https:\/\/congtybinhminh.com\/wp-content\/uploads\/2024\/08\/mun-dua_result222.webp 800w, https:\/\/congtybinhminh.com\/wp-content\/uploads\/2024\/08\/mun-dua_result222-606x400.webp 606w, https:\/\/congtybinhminh.com\/wp-content\/uploads\/2024\/08\/mun-dua_result222-768x507.webp 768w, https:\/\/congtybinhminh.com\/wp-content\/uploads\/2024\/08\/mun-dua_result222-510x337.webp 510w\" sizes=\"auto, (max-width: 800px) 100vw, 800px\" \/><\/p>\n<ul>\n<li>T\u1eadn d\u1ee5ng nh\u1eefng ph\u1ee5 ph\u1ea9m n\u00f4ng nghi\u1ec7p v\u1edbi gi\u00e1 th\u00e0nh r\u1ebb. Th\u00e0nh ph\u1ea9m sau khi b\u0103m \u0111\u01b0\u1ee3c t\u00e1i s\u1eed d\u1ee5ng l\u00e0m ph\u00e2n b\u00f3n h\u1eefu c\u01a1, \u0111\u1ec7m l\u00f3t chu\u1ed3ng ..<\/li>\n<li>Gi\u1ea3m r\u00e1c th\u1ea3i n\u00f4ng nghi\u1ec7p, h\u1ea1n ch\u1ebf h\u00e0ng t\u1ea5n r\u00e1c th\u1ea3i sau m\u1ed7i m\u00f9a v\u1ee5, gi\u1eef m\u00f4i tr\u01b0\u1eddng xanh &#8211; s\u1ea1ch &#8211; \u0111\u1eb9p<\/li>\n<li>T\u1ef1 \u0111\u1ed9ng h\u00f3a qu\u00e1 tr\u00ecnh, gi\u1ea3m thi\u1ec3u nhu c\u1ea7u v\u00e0 \u0111\u1ea3m b\u1ea3o an to\u00e0n lao \u0111\u1ed9ng, gi\u1ea3m thi\u1ec3u r\u1ee7i ro<\/li>\n<li>Linh ho\u1ea1t trong v\u1eadn h\u00e0nh, v\u1edbi thi\u1ebft k\u1ebf t\u00edch h\u1ee3p \u0111\u1ea7u n\u1ed5 v\u00e0 b\u00e1nh xe l\u1edbn m\u00e1y d\u1ec5 d\u00e0ng di chuy\u1ec3n \u0111\u1ebfn nhi\u1ec1u v\u1ecb tr\u00ed kh\u00e1c nhau, gi\u00fap b\u1ea1n linh ho\u1ea1t trong s\u1ea3n xu\u1ea5t v\u00e0 khai th\u00e1c t\u1ed1i \u0111a ti\u1ec1m n\u0103ng c\u1ee7a thi\u1ebft b\u1ecb<\/li>\n<\/ul>\n<h2>\u0110\u1ecba ch\u1ec9 b\u00e1n m\u00e1y b\u0103m x\u01a1 d\u1eeba gi\u00e1 t\u1ed1t t\u1ea1i x\u01b0\u1edfng<\/h2>\n<p>\u0110\u1ec3 \u0111\u1eb7t mua h\u00e0ng ch\u00ednh h\u00e3ng, b\u00e0 con c\u00f3 th\u1ec3 \u0111\u1ebfn tr\u1ee5 s\u1edf g\u1ea7n nh\u1ea5t c\u1ee7a c\u00f4ng ty \u0111\u1ec3 xem v\u00e0 \u0111\u1eb7t mua h\u00e0ng:<\/p>\n<ul>\n<li>Tr\u1ee5 s\u1edf ch\u00ednh: p. L\u00ea L\u1ee3i &#8211; Tx S\u01a1n T\u00e2y &#8211; H\u00e0 N\u1ed9i<\/li>\n<li>Chi nh\u00e1nh mi\u1ec1n Nam: x\u00e3 T\u00e2n Ki\u00ean &#8211; H, B\u00ecnh Ch\u00e1nh &#8211; Tp H\u1ed3 Ch\u00ed Minh<\/li>\n<\/ul>\n<p><img loading=\"lazy\" decoding=\"async\" class=\"aligncenter wp-image-9930 size-full\" src=\"https:\/\/congtybinhminh.com\/wp-content\/uploads\/2024\/08\/dia-chi-ban-may-bam-xo-dua-copy-2_result222.webp\" alt=\"dia-chi-ban-may-bam-xo-dua copy 2_result222\" width=\"800\" height=\"1152\" srcset=\"https:\/\/congtybinhminh.com\/wp-content\/uploads\/2024\/08\/dia-chi-ban-may-bam-xo-dua-copy-2_result222.webp 800w, https:\/\/congtybinhminh.com\/wp-content\/uploads\/2024\/08\/dia-chi-ban-may-bam-xo-dua-copy-2_result222-278x400.webp 278w, https:\/\/congtybinhminh.com\/wp-content\/uploads\/2024\/08\/dia-chi-ban-may-bam-xo-dua-copy-2_result222-556x800.webp 556w, https:\/\/congtybinhminh.com\/wp-content\/uploads\/2024\/08\/dia-chi-ban-may-bam-xo-dua-copy-2_result222-768x1106.webp 768w, https:\/\/congtybinhminh.com\/wp-content\/uploads\/2024\/08\/dia-chi-ban-may-bam-xo-dua-copy-2_result222-510x734.webp 510w\" sizes=\"auto, (max-width: 800px) 100vw, 800px\" \/><\/p>\n<p>Khi \u0111\u1ebfn \u0111\u00e2y, b\u00e0 con s\u1ebd \u0111\u01b0\u1ee3c th\u1eed nghi\u1ec7m v\u1eadn h\u00e0nh m\u00e1y d\u01b0\u1edbi s\u1ef1 h\u01b0\u1edbng d\u1eabn c\u1ee7a \u0111\u1ed9i ng\u0169 k\u1ef9 thu\u1eadt<\/p>\n<p>\u0110\u1ed1i v\u1edbi b\u00e0 con \u1edf xa, c\u00f3 th\u1ec3 li\u00ean h\u1ec7 t\u1edbi s\u1ed1 \u0111i\u1ec7n tho\u1ea1i Hotline tr\u00ean website ho\u1eb7c \u0111\u1ec3 l\u1ea1i l\u1eddi nh\u1eafn \u0111\u1ed9i ng\u0169 t\u01b0 v\u1ea5n s\u1ebd li\u00ean h\u1ec7 b\u00e0 con trong th\u1eddi gian s\u1edbm nh\u1ea5t<\/p>\n<p><strong>Th\u00f4ng s\u1ed1 k\u1ef9 thu\u1eadt<\/strong><\/p>\n<table border=\"1\" cellspacing=\"1\" cellpadding=\"1\">\n<tbody>\n<tr>\n<td colspan=\"1\" rowspan=\"3\">\u0110\u1ed9ng c\u01a1<\/td>\n<td>C\u00f4ng su\u1ea5t \u0111\u1ea7u n\u1ed5<\/td>\n<td>\u00a030Hp<\/td>\n<\/tr>\n<tr>\n<td>Ngu\u1ed3n \u0111i\u1ec7n<\/td>\n<td>V<\/td>\n<\/tr>\n<tr>\n<td>T\u1ed1c \u0111\u1ed9<\/td>\n<td>v\/p<\/td>\n<\/tr>\n<tr>\n<td colspan=\"1\" rowspan=\"2\">B\u1ea3o h\u00e0nh<\/td>\n<td>K\u1ef9 thu\u1eadt<\/td>\n<td>\u00a006 th\u00e1ng<\/td>\n<\/tr>\n<tr>\n<td>\u0110\u1ed9ng c\u01a1<\/td>\n<td>Theo t\u1eebng h\u00e3ng s\u1ea3n xu\u1ea5t<\/td>\n<\/tr>\n<tr>\n<td>N\u0103ng su\u1ea5t<\/td>\n<td colspan=\"2\" rowspan=\"1\">\u00a0900 &#8211; 1000 kg\/gi\u1edd<\/td>\n<\/tr>\n<tr>\n<td>K\u00edch th\u01b0\u1edbc (d*c*r)<\/td>\n<td colspan=\"2\" rowspan=\"1\">290*167*125 cm<\/td>\n<\/tr>\n<tr>\n<td>H\u00ecnh th\u1ee9c thanh to\u00e1n<\/td>\n<td colspan=\"2\" rowspan=\"1\">Ti\u1ec1n m\u1eb7t ho\u1eb7c chuy\u1ec3n kho\u1ea3n<\/td>\n<\/tr>\n<\/tbody>\n<\/table>\n","protected":false},"excerpt":{"rendered":"<ul>\n<li><strong>H\u00e3ng s\u1ea3n xu\u1ea5t:<\/strong> B\u00ecnh Minh<\/li>\n<li><strong>\u0110\u1ed9ng c\u01a1 \u0111\u1ea7u n\u1ed5:<\/strong> D30<\/li>\n<li><strong>N\u0103ng su\u1ea5t:<\/strong> 900 &#8211; 1000 kg\/gi\u1edd<\/li>\n<li><strong>K\u00edch th\u01b0\u1edbc:<\/strong> 290*167*125 cm<\/li>\n<li><strong>T\u00ednh n\u0103ng:\u00a0M\u00e1y<\/strong> chuy\u00ean b\u0103m v\u1ecf d\u1eeba t\u01b0\u01a1i, v\u1ecf d\u1eeba kh\u00f4,&#8230; th\u00e0nh d\u1ea1ng x\u01a1 d\u1eeba v\u00e0 m\u00f9n d\u1eeba l\u00e0m ph\u00e2n b\u00f3n tr\u1ed3ng c\u00e2y, \u0111\u1ec7m l\u00f3t chu\u1ed3ng..<\/li>\n<\/ul>\n","protected":false},"featured_media":9914,"comment_status":"closed","ping_status":"closed","template":"","meta":[],"product_brand":[],"product_cat":[197],"product_tag":[],"class_list":{"0":"post-9913","1":"product","2":"type-product","3":"status-publish","4":"has-post-thumbnail","6":"product_cat-may-bam-xo-dua-2","8":"first","9":"instock","10":"shipping-taxable","11":"product-type-simple"},"_links":{"self":[{"href":"https:\/\/congtybinhminh.com\/index.php?rest_route=\/wp\/v2\/product\/9913","targetHints":{"allow":["GET"]}}],"collection":[{"href":"https:\/\/congtybinhminh.com\/index.php?rest_route=\/wp\/v2\/product"}],"about":[{"href":"https:\/\/congtybinhminh.com\/index.php?rest_route=\/wp\/v2\/types\/product"}],"replies":[{"embeddable":true,"href":"https:\/\/congtybinhminh.com\/index.php?rest_route=%2Fwp%2Fv2%2Fcomments&post=9913"}],"wp:featuredmedia":[{"embeddable":true,"href":"https:\/\/congtybinhminh.com\/index.php?rest_route=\/wp\/v2\/media\/9914"}],"wp:attachment":[{"href":"https:\/\/congtybinhminh.com\/index.php?rest_route=%2Fwp%2Fv2%2Fmedia&parent=9913"}],"wp:term":[{"taxonomy":"product_brand","embeddable":true,"href":"https:\/\/congtybinhminh.com\/index.php?rest_route=%2Fwp%2Fv2%2Fproduct_brand&post=9913"},{"taxonomy":"product_cat","embeddable":true,"href":"https:\/\/congtybinhminh.com\/index.php?rest_route=%2Fwp%2Fv2%2Fproduct_cat&post=9913"},{"taxonomy":"product_tag","embeddable":true,"href":"https:\/\/congtybinhminh.com\/index.php?rest_route=%2Fwp%2Fv2%2Fproduct_tag&post=9913"}],"curies":[{"name":"wp","href":"https:\/\/api.w.org\/{rel}","templated":true}]}}