{"id":9897,"date":"2024-08-12T15:03:31","date_gmt":"2024-08-12T08:03:31","guid":{"rendered":"https:\/\/congtybinhminh.com\/?post_type=product&#038;p=9897"},"modified":"2025-03-22T10:20:50","modified_gmt":"2025-03-22T03:20:50","slug":"may-no-bong-1-pha-phien-ban-moi","status":"publish","type":"product","link":"https:\/\/congtybinhminh.com\/?product=may-no-bong-1-pha-phien-ban-moi","title":{"rendered":"M\u00e1y n\u1ed5 b\u1ecfng 1 pha phi\u00ean b\u1ea3n m\u1edbi"},"content":{"rendered":"<h2>Video ho\u1ea1t \u0111\u1ed9ng c\u1ee7a m\u00e1y<\/h2>\n<p><iframe loading=\"lazy\" title=\"M\u00e1y N\u1ed5 B\u1ecfng 1 Pha Gi\u00e1 R\u1ebb D\u00f9ng \u0110i\u1ec7n 220V Mi\u1ec5n Ph\u00ed V\u1eadn Chuy\u1ec3n To\u00e0n Qu\u1ed1c\" width=\"1020\" height=\"574\" src=\"https:\/\/www.youtube.com\/embed\/nEpUyo4ZkHk?feature=oembed\" frameborder=\"0\" allow=\"accelerometer; autoplay; clipboard-write; encrypted-media; gyroscope; picture-in-picture; web-share\" referrerpolicy=\"strict-origin-when-cross-origin\" allowfullscreen><\/iframe><\/p>\n<h2>Gi\u1edbi thi\u1ec7u m\u00e1y n\u1ed5 b\u1ecfng 1 pha phi\u00ean b\u1ea3n m\u1edbi<\/h2>\n<p>M\u00e1y n\u1ed5 b\u1ecfng 1 pha &#8211; gi\u1ea3i ph\u00e1p ho\u00e0n h\u1ea3o cho c\u00e1c h\u1ed9 gia \u0111\u00ecnh v\u00e0 c\u01a1 s\u1edf ch\u1ebf bi\u1ebfn th\u1ef1c ph\u1ea9m mu\u1ed1n m\u1edf r\u1ed9ng s\u1ea3n xu\u1ea5t.<\/p>\n<p>V\u1edbi kh\u1ea3 n\u0103ng n\u1ed5 \u0111a d\u1ea1ng c\u00e1c lo\u1ea1i nguy\u00ean li\u1ec7u nh\u01b0 g\u1ea1o tr\u1eafng, g\u1ea1o l\u1ee9t, m\u00ec t\u00f4m, b\u00e1nh quy v\u00e0 ng\u00f4 h\u1ea1t&#8230; th\u00e0nh ph\u1ea9m t\u1ea1o ra b\u1ecfng ch\u00edn &#8211; gi\u00f2n x\u1ed1p m\u00e0 ai c\u0169ng y\u00eau th\u00edch<\/p>\n<p><img loading=\"lazy\" decoding=\"async\" class=\"aligncenter wp-image-10571 size-full\" src=\"https:\/\/congtybinhminh.com\/wp-content\/uploads\/2024\/08\/may-no-bong-ong-1-pha-cong-ty-binh-minh_result222.webp\" alt=\"may-no-bong-ong-1-pha-cong-ty-binh-minh_result222\" width=\"800\" height=\"1078\" srcset=\"https:\/\/congtybinhminh.com\/wp-content\/uploads\/2024\/08\/may-no-bong-ong-1-pha-cong-ty-binh-minh_result222.webp 800w, https:\/\/congtybinhminh.com\/wp-content\/uploads\/2024\/08\/may-no-bong-ong-1-pha-cong-ty-binh-minh_result222-297x400.webp 297w, https:\/\/congtybinhminh.com\/wp-content\/uploads\/2024\/08\/may-no-bong-ong-1-pha-cong-ty-binh-minh_result222-594x800.webp 594w, https:\/\/congtybinhminh.com\/wp-content\/uploads\/2024\/08\/may-no-bong-ong-1-pha-cong-ty-binh-minh_result222-768x1035.webp 768w, https:\/\/congtybinhminh.com\/wp-content\/uploads\/2024\/08\/may-no-bong-ong-1-pha-cong-ty-binh-minh_result222-510x687.webp 510w\" sizes=\"auto, (max-width: 800px) 100vw, 800px\" \/><\/p>\n<p>Kh\u00f4ng ch\u1ec9 ti\u1ebft ki\u1ec7m th\u1eddi gian, m\u00e1y c\u00f2n \u0111\u1ea3m b\u1ea3o ch\u1ea5t l\u01b0\u1ee3ng s\u1ea3n ph\u1ea9m lu\u00f4n \u0111\u1ea1t ti\u00eau chu\u1ea9n cao nh\u1ea5t<\/p>\n<h2>M\u00e1y n\u1ed5 \u0111\u01b0\u1ee3c nh\u1eefng lo\u1ea1i b\u1ecfng n\u00e0o ?<\/h2>\n<p>M\u00e1y n\u1ed5 b\u1ecfng 1 pha c\u00f3 th\u1ec3 n\u1ed5 \u0111a d\u1ea1ng h\u1ed7n h\u1ee3p nguy\u00ean li\u1ec7u: g\u1ea1o tr\u1eafng; g\u1ea1o l\u1ee9t, m\u00ec t\u00f4m, b\u00e1nh quy&#8230; hay c\u1ea3 ng\u00f4 h\u1ea1t t\u1ea1o ra \u0111a d\u1ea1ng c\u00e1c lo\u1ea1i b\u1ecfng:<\/p>\n<p><img loading=\"lazy\" decoding=\"async\" class=\"aligncenter wp-image-10228 size-full\" src=\"https:\/\/congtybinhminh.com\/wp-content\/uploads\/2024\/08\/may-no-bong-ong-da-nang-copy_result222.webp\" alt=\"may-no-bong-ong-da-nang copy_result222\" width=\"800\" height=\"1353\" srcset=\"https:\/\/congtybinhminh.com\/wp-content\/uploads\/2024\/08\/may-no-bong-ong-da-nang-copy_result222.webp 800w, https:\/\/congtybinhminh.com\/wp-content\/uploads\/2024\/08\/may-no-bong-ong-da-nang-copy_result222-237x400.webp 237w, https:\/\/congtybinhminh.com\/wp-content\/uploads\/2024\/08\/may-no-bong-ong-da-nang-copy_result222-473x800.webp 473w, https:\/\/congtybinhminh.com\/wp-content\/uploads\/2024\/08\/may-no-bong-ong-da-nang-copy_result222-768x1299.webp 768w, https:\/\/congtybinhminh.com\/wp-content\/uploads\/2024\/08\/may-no-bong-ong-da-nang-copy_result222-510x863.webp 510w\" sizes=\"auto, (max-width: 800px) 100vw, 800px\" \/><\/p>\n<ul>\n<li>M\u00e1y n\u1ed5 b\u1ecfng \u1ed1ng<\/li>\n<li>M\u00e1y n\u1ed5 b\u1ecfng k\u00e9n t\u1eb1m<\/li>\n<li>M\u00e1y n\u1ed5 b\u1ecfng bizonzon<\/li>\n<li>M\u00e1y n\u1ed5 b\u1ecfng h\u1ea1t \u0111u \u0111\u1ee7<\/li>\n<\/ul>\n<h2>C\u1ea5u t\u1ea1o m\u00e1y n\u1ed5 b\u00f3ng 1 pha<\/h2>\n<p>Thi\u1ebft k\u1ebf hi\u1ec7n \u0111\u1ea1i, v\u1edbi k\u1ebft c\u1ea5u m\u00e1y \u0111\u01b0\u1ee3c h\u00e0n g\u1eafn ch\u1eafc ch\u1eafn gi\u00fap m\u00e1y ho\u1ea1t \u0111\u1ed9ng \u1ed5n \u0111\u1ecbnh v\u00e0 \u0111\u1ed9 b\u1ec1n cao, kh\u00f4ng g\u00e2y rung l\u1eafc trong qu\u00e1 tr\u00ecnh ho\u1ea1t \u0111\u1ed9ng<\/p>\n<p><img loading=\"lazy\" decoding=\"async\" class=\"aligncenter wp-image-10229 size-full\" src=\"https:\/\/congtybinhminh.com\/wp-content\/uploads\/2024\/08\/cau-tao-may-no-bong-1-pha-cai-tien-binh-minh_result222.webp\" alt=\"cau-tao-may-no-bong-1-pha-cai-tien-binh-minh_result222\" width=\"800\" height=\"620\" srcset=\"https:\/\/congtybinhminh.com\/wp-content\/uploads\/2024\/08\/cau-tao-may-no-bong-1-pha-cai-tien-binh-minh_result222.webp 800w, https:\/\/congtybinhminh.com\/wp-content\/uploads\/2024\/08\/cau-tao-may-no-bong-1-pha-cai-tien-binh-minh_result222-516x400.webp 516w, https:\/\/congtybinhminh.com\/wp-content\/uploads\/2024\/08\/cau-tao-may-no-bong-1-pha-cai-tien-binh-minh_result222-768x595.webp 768w, https:\/\/congtybinhminh.com\/wp-content\/uploads\/2024\/08\/cau-tao-may-no-bong-1-pha-cai-tien-binh-minh_result222-510x395.webp 510w\" sizes=\"auto, (max-width: 800px) 100vw, 800px\" \/><\/p>\n<p>Toa n\u1ea1p d\u1ea1ng ph\u1ec5u \u0111\u1ee9ng, ph\u00eda tr\u01b0\u1edbc c\u00f3 t\u1ea5m ch\u1eafn gi\u1eefa c\u1eeda n\u1ea1p v\u00e0 th\u00e2n m\u00e1y gi\u00fap ng\u01b0\u1eddi d\u00f9ng \u0111i\u1ec1u ch\u1ec9nh l\u01b0\u1ee3ng nguy\u00ean\u00a0 li\u1ec7u ch\u1ea3y xu\u1ed1ng mi\u1ec7ng b\u00edch b\u1ecfng v\u00e0 \u0111i v\u00e0o tr\u1ee5c xo\u1eafn<\/p>\n<p><img loading=\"lazy\" decoding=\"async\" class=\"aligncenter wp-image-9906 size-full\" src=\"https:\/\/congtybinhminh.com\/wp-content\/uploads\/2024\/08\/toa-nap-may-bong-copy_result222.webp\" alt=\"toa-nap-may-bong copy_result222\" width=\"800\" height=\"632\" srcset=\"https:\/\/congtybinhminh.com\/wp-content\/uploads\/2024\/08\/toa-nap-may-bong-copy_result222.webp 800w, https:\/\/congtybinhminh.com\/wp-content\/uploads\/2024\/08\/toa-nap-may-bong-copy_result222-506x400.webp 506w, https:\/\/congtybinhminh.com\/wp-content\/uploads\/2024\/08\/toa-nap-may-bong-copy_result222-768x607.webp 768w, https:\/\/congtybinhminh.com\/wp-content\/uploads\/2024\/08\/toa-nap-may-bong-copy_result222-510x403.webp 510w\" sizes=\"auto, (max-width: 800px) 100vw, 800px\" \/><\/p>\n<p>Khi m\u00e1y ho\u1ea1t \u0111\u1ed9ng, motor quay chuy\u1ec3n \u0111\u1ed9ng \u0111\u1ebfn bu\u1ed3ng l\u00e0m vi\u1ec7c.<\/p>\n<p>L\u00fac n\u00e0y, h\u1ec7 th\u1ed1ng ru\u1ed9t m\u00e1y n\u1ed5 b\u1ecfng bao g\u1ed3m v\u1ecf \u1ed1ng v\u00e0 l\u00f5i xo\u1eafn s\u1ebd nghi\u1ec1n nh\u1ecf v\u00e0 \u00e9p nguy\u00ean li\u1ec7u v\u00e0o khu\u00f4ng s\u1ebd sinh ra nhi\u1ec7t l\u00e0m ch\u00edn nguy\u00ean li\u1ec7u \u0111\u1ed3ng th\u1eddi th\u1ed5i ph\u1ed3ng qua b\u00e9p b\u1ecfng v\u00e0 \u0111\u01b0a b\u1ed9t ra ngo\u00e0i<\/p>\n<p><img loading=\"lazy\" decoding=\"async\" class=\"aligncenter wp-image-9905 size-full\" src=\"https:\/\/congtybinhminh.com\/wp-content\/uploads\/2024\/08\/bo-ruot-may-bong_result222.webp\" alt=\"bo-ruot-may-bong_result222\" width=\"800\" height=\"1628\" srcset=\"https:\/\/congtybinhminh.com\/wp-content\/uploads\/2024\/08\/bo-ruot-may-bong_result222.webp 800w, https:\/\/congtybinhminh.com\/wp-content\/uploads\/2024\/08\/bo-ruot-may-bong_result222-197x400.webp 197w, https:\/\/congtybinhminh.com\/wp-content\/uploads\/2024\/08\/bo-ruot-may-bong_result222-393x800.webp 393w, https:\/\/congtybinhminh.com\/wp-content\/uploads\/2024\/08\/bo-ruot-may-bong_result222-768x1563.webp 768w, https:\/\/congtybinhminh.com\/wp-content\/uploads\/2024\/08\/bo-ruot-may-bong_result222-755x1536.webp 755w, https:\/\/congtybinhminh.com\/wp-content\/uploads\/2024\/08\/bo-ruot-may-bong_result222-510x1038.webp 510w\" sizes=\"auto, (max-width: 800px) 100vw, 800px\" \/><\/p>\n<p>M\u00e1y \u0111\u01b0\u1ee3c l\u1eafp \u0111\u1eb7t th\u00eam thi\u1ebft b\u1ecb aptomat b\u1ea3o v\u1ec7 m\u1ea1ch \u0111i\u1ec7n, ng\u0103n c\u00e1c tr\u01b0\u1eddng h\u1ee3p qu\u00e1 t\u1ea3i, s\u1ee5t \u00e1p v\u00e0 ch\u1ed1ng gi\u1eadt &#8211; ch\u1ed1ng r\u00f2 \u0111\u1ea3m b\u1ea3o an to\u00e0n cho ng\u01b0\u1eddi d\u00f9ng<\/p>\n<p><img loading=\"lazy\" decoding=\"async\" class=\"aligncenter wp-image-10230 size-full\" src=\"https:\/\/congtybinhminh.com\/wp-content\/uploads\/2024\/08\/may-no-bong_result222.webp\" alt=\"may-no-bong_result222\" width=\"800\" height=\"600\" srcset=\"https:\/\/congtybinhminh.com\/wp-content\/uploads\/2024\/08\/may-no-bong_result222.webp 800w, https:\/\/congtybinhminh.com\/wp-content\/uploads\/2024\/08\/may-no-bong_result222-533x400.webp 533w, https:\/\/congtybinhminh.com\/wp-content\/uploads\/2024\/08\/may-no-bong_result222-768x576.webp 768w, https:\/\/congtybinhminh.com\/wp-content\/uploads\/2024\/08\/may-no-bong_result222-510x383.webp 510w\" sizes=\"auto, (max-width: 800px) 100vw, 800px\" \/><\/p>\n<ul>\n<li>M\u1edf aptomat: khi mu\u1ed1n ch\u1ea1y m\u00e1y<\/li>\n<li>Ng\u1eaft aptomat: khi mu\u1ed1n d\u1eebng m\u00e1y<\/li>\n<\/ul>\n<p>M\u00e1y n\u1ed5 b\u1ecfng 1 pha s\u1eed d\u1ee5ng buly 2 \u0111ai, \u0111\u1ed9ng c\u01a1 3kw motor l\u00f5i d\u00e2y d\u1ed3ng 100% cho n\u0103ng su\u1ea5t cao<\/p>\n<p>H\u01a1n n\u1eefa, bao b\u1ecdc b\u00ean ngo\u00e0i buly v\u00e0 d\u00e2y curoa c\u00f3 l\u1edbp ch\u1eafn b\u1ea3o v\u1ec7 \u0111\u1ea3m b\u1ea3o an to\u00e0n cho ng\u01b0\u1eddi d\u00f9ng trong su\u1ed1t qu\u00e1 tr\u00ecnh v\u1eadn h\u00e0nh<\/p>\n<p><img loading=\"lazy\" decoding=\"async\" class=\"aligncenter wp-image-9909 size-full\" src=\"https:\/\/congtybinhminh.com\/wp-content\/uploads\/2024\/08\/may-no-bong-lap-dau-no_result222.webp\" alt=\"may-no-bong-lap-dau-no_result222\" width=\"800\" height=\"572\" srcset=\"https:\/\/congtybinhminh.com\/wp-content\/uploads\/2024\/08\/may-no-bong-lap-dau-no_result222.webp 800w, https:\/\/congtybinhminh.com\/wp-content\/uploads\/2024\/08\/may-no-bong-lap-dau-no_result222-559x400.webp 559w, https:\/\/congtybinhminh.com\/wp-content\/uploads\/2024\/08\/may-no-bong-lap-dau-no_result222-768x549.webp 768w, https:\/\/congtybinhminh.com\/wp-content\/uploads\/2024\/08\/may-no-bong-lap-dau-no_result222-510x365.webp 510w\" sizes=\"auto, (max-width: 800px) 100vw, 800px\" \/><\/p>\n<p>Ngo\u00e0i ra, \u0111\u1ed1i v\u1edbi nh\u1eefng h\u1ed9 \u0111i\u1ec7n y\u1ebfu, \u0111i\u1ec7n kh\u00f4ng \u0111\u1ee7 t\u1ea3i c\u00f3 th\u1ec3 d\u00f9ng \u0111\u1ea7u cole \u0111\u1ec3 ch\u1ea1y m\u00e1y m\u00e0 v\u1eabn \u0111\u1ea3m b\u1ea3o n\u0103ng su\u1ea5t<\/p>\n<p>H\u00e3y ch\u1ecdn m\u00e1y n\u1ed5 b\u1ecfng c\u1ee7a B\u00ecnh Minh \u0111\u1ec3 \u0111\u1ea3m b\u1ea3o kinh doanh th\u00e0nh c\u00f4ng v\u00e0 hi\u1ec7u qu\u1ea3 cao nh\u1ea5t<\/p>\n<h2>\u0110\u1ecba ch\u1ec9 b\u00e1n m\u00e1y n\u1ed5 b\u1ecfng 1 pha gi\u00e1 t\u1ed1t t\u1ea1i x\u01b0\u1edfng<\/h2>\n<p>\u0110\u1ec3 \u0111\u1eb7t mua h\u00e0ng ch\u00ednh h\u00e3ng, b\u00e0 con c\u00f3 th\u1ec3 \u0111\u1ebfn tr\u1ee5 s\u1edf g\u1ea7n nh\u1ea5t c\u1ee7a c\u00f4ng ty \u0111\u1ec3 xem v\u00e0 \u0111\u1eb7t mua h\u00e0ng<\/p>\n<ul>\n<li>Tr\u1ee5 s\u1edf ch\u00ednh: p. L\u00ea L\u1ee3i &#8211; Tx S\u01a1n T\u00e2y &#8211; H\u00e0 N\u1ed9i<\/li>\n<li>Chi nh\u00e1nh mi\u1ec1n Nam: x\u00e3 T\u00e2n Ki\u00ean &#8211; H. B\u00ecnh Ch\u00e1nh &#8211; TP H\u1ed3 Ch\u00ed Minh<\/li>\n<\/ul>\n<p><img loading=\"lazy\" decoding=\"async\" class=\"aligncenter wp-image-9910 size-full\" src=\"https:\/\/congtybinhminh.com\/wp-content\/uploads\/2024\/08\/dgia-ban-may-no-bong_result222.webp\" alt=\"dia-chi-ban-may-no-bong_result222\" width=\"800\" height=\"1085\" srcset=\"https:\/\/congtybinhminh.com\/wp-content\/uploads\/2024\/08\/dgia-ban-may-no-bong_result222.webp 800w, https:\/\/congtybinhminh.com\/wp-content\/uploads\/2024\/08\/dgia-ban-may-no-bong_result222-295x400.webp 295w, https:\/\/congtybinhminh.com\/wp-content\/uploads\/2024\/08\/dgia-ban-may-no-bong_result222-590x800.webp 590w, https:\/\/congtybinhminh.com\/wp-content\/uploads\/2024\/08\/dgia-ban-may-no-bong_result222-768x1042.webp 768w, https:\/\/congtybinhminh.com\/wp-content\/uploads\/2024\/08\/dgia-ban-may-no-bong_result222-510x692.webp 510w\" sizes=\"auto, (max-width: 800px) 100vw, 800px\" \/><\/p>\n<p>Khi \u0111\u1ebfn \u0111\u00e2y, b\u00e0 con s\u1ebd \u0111\u01b0\u1ee3c th\u1eed nghi\u1ec7m v\u1eadn h\u00e0nh m\u00e1y d\u01b0\u1edbi s\u1ef1 h\u01b0\u1edbng d\u1eabn c\u1ee7a \u0111\u1ed9i ng\u0169 k\u1ef9 thu\u1eadt<\/p>\n<p>\u0110\u1ed1i v\u1edbi b\u00e0 con \u1edf xa, c\u00f3 th\u1ec3 li\u00ean h\u1ec7 t\u1edbi s\u1ed1 \u0111i\u1ec7n tho\u1ea1i Hotline tr\u00ean website ho\u1eb7c \u0111\u1ec3 l\u1ea1i l\u1eddi nh\u1eafn \u0111\u1ed9i ng\u0169 t\u01b0 v\u1ea5n s\u1ebd li\u00ean h\u1ec7 b\u00e0 con trong th\u1eddi gian s\u1edbm nh\u1ea5t<\/p>\n<p><strong>Th\u00f4ng s\u1ed1 k\u1ef9 thu\u1eadt<\/strong><\/p>\n<table border=\"1\" cellspacing=\"1\" cellpadding=\"1\">\n<tbody>\n<tr>\n<td colspan=\"1\" rowspan=\"3\">\u0110\u1ed9ng c\u01a1<\/td>\n<td>C\u00f4ng su\u1ea5t \u0111\u1ed9ng c\u01a1<\/td>\n<td>3 kw<\/td>\n<\/tr>\n<tr>\n<td>Ngu\u1ed3n \u0111i\u1ec7n<\/td>\n<td>220V<\/td>\n<\/tr>\n<tr>\n<td>T\u1ed1c \u0111\u1ed9 quay<\/td>\n<td>1450v\/p<\/td>\n<\/tr>\n<tr>\n<td colspan=\"1\" rowspan=\"2\">B\u1ea3o h\u00e0nh<\/td>\n<td>K\u1ef9 thu\u1eadt<\/td>\n<td>\u00a006 th\u00e1ng<\/td>\n<\/tr>\n<tr>\n<td>\u0110\u1ed9ng c\u01a1<\/td>\n<td>Theo t\u1eebng h\u00e3ng s\u1ea3n xu\u1ea5t<\/td>\n<\/tr>\n<tr>\n<td>N\u0103ng su\u1ea5t<\/td>\n<td colspan=\"2\" rowspan=\"1\">\u00a010 &#8211; 15 kg\/gi\u1edd<\/td>\n<\/tr>\n<tr>\n<td>K\u00edch th\u01b0\u1edbc (d*c*r)<\/td>\n<td colspan=\"2\" rowspan=\"1\">77*49*42 cm<\/td>\n<\/tr>\n<tr>\n<td>H\u00ecnh th\u1ee9c thanh to\u00e1n<\/td>\n<td colspan=\"2\" rowspan=\"1\">Ti\u1ec1n m\u1eb7t ho\u1eb7c chuy\u1ec3n kho\u1ea3n<\/td>\n<\/tr>\n<\/tbody>\n<\/table>\n","protected":false},"excerpt":{"rendered":"<ul>\n<li><strong>H\u00e3ng s\u1ea3n xu\u1ea5t :<\/strong> B\u00ecnh Minh<\/li>\n<li><strong>C\u00f4ng su\u1ea5t \u0111\u1ed9ng c\u01a1:<\/strong> 3kw<\/li>\n<li><strong>T\u1ed1c \u0111\u1ed9 quay:<\/strong> 1450 v\u00f2ng\/ph\u00fat<\/li>\n<li><strong>Ngu\u1ed3n \u0111i\u1ec7n:<\/strong> 220V<\/li>\n<li><strong>N\u0103ng su\u1ea5t<\/strong>: 10 &#8211; 15 kg\/gi\u1edd<\/li>\n<li><strong>K\u00edch th\u01b0\u1edbc (d*c*r):<\/strong> 77*49*42 cm<\/li>\n<li><strong>T\u00ednh n\u0103ng:<\/strong> m\u00e1y chuy\u00ean n\u1ed5 b\u1ecfng g\u1ea1o v\u1edbi \u0111a d\u1ea1ng nguy\u00ean li\u1ec7u g\u1ea1o; \u0111\u01b0\u1eddng; b\u00e1nh quy..<\/li>\n<\/ul>\n","protected":false},"featured_media":10223,"comment_status":"closed","ping_status":"closed","template":"","meta":[],"product_brand":[],"product_cat":[205],"product_tag":[],"class_list":{"0":"post-9897","1":"product","2":"type-product","3":"status-publish","4":"has-post-thumbnail","6":"product_cat-may-no-bong","8":"first","9":"instock","10":"shipping-taxable","11":"product-type-simple"},"_links":{"self":[{"href":"https:\/\/congtybinhminh.com\/index.php?rest_route=\/wp\/v2\/product\/9897","targetHints":{"allow":["GET"]}}],"collection":[{"href":"https:\/\/congtybinhminh.com\/index.php?rest_route=\/wp\/v2\/product"}],"about":[{"href":"https:\/\/congtybinhminh.com\/index.php?rest_route=\/wp\/v2\/types\/product"}],"replies":[{"embeddable":true,"href":"https:\/\/congtybinhminh.com\/index.php?rest_route=%2Fwp%2Fv2%2Fcomments&post=9897"}],"wp:featuredmedia":[{"embeddable":true,"href":"https:\/\/congtybinhminh.com\/index.php?rest_route=\/wp\/v2\/media\/10223"}],"wp:attachment":[{"href":"https:\/\/congtybinhminh.com\/index.php?rest_route=%2Fwp%2Fv2%2Fmedia&parent=9897"}],"wp:term":[{"taxonomy":"product_brand","embeddable":true,"href":"https:\/\/congtybinhminh.com\/index.php?rest_route=%2Fwp%2Fv2%2Fproduct_brand&post=9897"},{"taxonomy":"product_cat","embeddable":true,"href":"https:\/\/congtybinhminh.com\/index.php?rest_route=%2Fwp%2Fv2%2Fproduct_cat&post=9897"},{"taxonomy":"product_tag","embeddable":true,"href":"https:\/\/congtybinhminh.com\/index.php?rest_route=%2Fwp%2Fv2%2Fproduct_tag&post=9897"}],"curies":[{"name":"wp","href":"https:\/\/api.w.org\/{rel}","templated":true}]}}