{"id":9857,"date":"2024-08-06T10:01:57","date_gmt":"2024-08-06T03:01:57","guid":{"rendered":"https:\/\/congtybinhminh.com\/?post_type=product&#038;p=9857"},"modified":"2024-08-06T15:02:37","modified_gmt":"2024-08-06T08:02:37","slug":"bang-tai-thuc-an-chan-nuoi-d400-1m5","status":"publish","type":"product","link":"https:\/\/congtybinhminh.com\/?product=bang-tai-thuc-an-chan-nuoi-d400-1m5","title":{"rendered":"B\u0103ng t\u1ea3i th\u1ee9c \u0103n ch\u0103n nu\u00f4i D400 1m5"},"content":{"rendered":"<h2>Video ho\u1ea1t \u0111\u1ed9ng c\u1ee7a m\u00e1y<\/h2>\n<p><iframe loading=\"lazy\" title=\"Gi\u00e1 B\u00e1n B\u0103ng T\u1ea3i T\u1ef1 \u0110\u1ed9ng V\u1eadn Chuy\u1ec3n C\u00e1m Vi\u00ean Th\u1ec3 H\u1ec7 M\u1edbi D400-1m5 M\u1edbi Nh\u1ea5t Th\u1ecb Tr\u01b0\u1eddng\" width=\"1020\" height=\"574\" src=\"https:\/\/www.youtube.com\/embed\/YXlsKy6z6g8?feature=oembed\" frameborder=\"0\" allow=\"accelerometer; autoplay; clipboard-write; encrypted-media; gyroscope; picture-in-picture; web-share\" referrerpolicy=\"strict-origin-when-cross-origin\" allowfullscreen><\/iframe><\/p>\n<h2>Gi\u1edbi thi\u1ec7u b\u0103ng t\u1ea3i th\u1ee9c \u0103n ch\u0103n nu\u00f4i D400 1m5<\/h2>\n<p>\u0110\u1ec3 \u0111\u00e1p \u1ee9ng nhu c\u1ea7u ng\u00e0y c\u00e0ng cao v\u1ec1 ch\u1ea5t l\u01b0\u1ee3ng v\u00e0 hi\u1ec7u su\u1ea5t trong ng\u00e0nh s\u1ea3n xu\u1ea5t th\u1ee9c \u0103n ch\u0103n nu\u00f4i gia s\u00fac, nhi\u1ec1u doanh nghi\u1ec7p \u0111\u00e3 l\u1ef1a ch\u1ecdn h\u1ec7 th\u1ed1ng b\u0103ng t\u1ea3i nh\u01b0 m\u1ed9t gi\u1ea3i ph\u00e1p t\u1ed1i \u01b0u<\/p>\n<p><img loading=\"lazy\" decoding=\"async\" class=\"aligncenter wp-image-9863 size-full\" src=\"https:\/\/congtybinhminh.com\/wp-content\/uploads\/2024\/08\/bang-tai-thuc-an-chan-nuoi-d400-1m5_result222.webp\" alt=\"bang-tai-thuc-an-chan-nuoi-d400-1m5_result222\" width=\"800\" height=\"1078\" srcset=\"https:\/\/congtybinhminh.com\/wp-content\/uploads\/2024\/08\/bang-tai-thuc-an-chan-nuoi-d400-1m5_result222.webp 800w, https:\/\/congtybinhminh.com\/wp-content\/uploads\/2024\/08\/bang-tai-thuc-an-chan-nuoi-d400-1m5_result222-297x400.webp 297w, https:\/\/congtybinhminh.com\/wp-content\/uploads\/2024\/08\/bang-tai-thuc-an-chan-nuoi-d400-1m5_result222-594x800.webp 594w, https:\/\/congtybinhminh.com\/wp-content\/uploads\/2024\/08\/bang-tai-thuc-an-chan-nuoi-d400-1m5_result222-768x1035.webp 768w, https:\/\/congtybinhminh.com\/wp-content\/uploads\/2024\/08\/bang-tai-thuc-an-chan-nuoi-d400-1m5_result222-510x687.webp 510w\" sizes=\"auto, (max-width: 800px) 100vw, 800px\" \/><\/p>\n<p>B\u0103ng t\u1ea3i th\u1ee9c \u0103n ch\u0103n nu\u00f4i c\u1ee7a ch\u00fang t\u00f4i kh\u00f4ng ch\u1ec9 t\u1ef1 \u0111\u1ed9ng h\u00f3a quy tr\u00ecnh trung chuy\u1ec3n nguy\u00ean li\u1ec7u m\u00e0 c\u00f2n gi\u00fap v\u1eadn chuy\u1ec3n d\u1ec5 d\u00e0ng t\u1eeb v\u1ecb tr\u00ed th\u1ea5p l\u00ean v\u1ecb tr\u00ed cao, gi\u1ea3m thi\u1ec3u s\u1ee9c lao \u0111\u1ed9ng v\u00e0 t\u1ed1i \u01b0u h\u00f3a th\u1eddi gian s\u1ea3n xu\u1ea5t.<\/p>\n<p>\u0110\u1ea7u t\u01b0 v\u00e0o h\u1ec7 th\u1ed1ng b\u0103ng t\u1ea3i v\u00e0o s\u1ea3n xu\u1ea5t s\u1ebd gi\u00fap h\u1ed9 gia \u0111\u00ecnh c\u1ee7a b\u1ea1n \u0111\u1ea1t \u0111\u01b0\u1ee3c s\u1ef1 c\u1ea3i ti\u1ebfn v\u01b0\u1ee3t tr\u1ed9i, \u0111\u1ea3m b\u1ea3o \u0111\u00e1p \u1ee9ng t\u1ed1t nhu c\u1ea7u c\u1ee7a th\u1ecb tr\u01b0\u1eddng<\/p>\n<h2>C\u1ea5u t\u1ea1o b\u0103ng t\u1ea3i th\u1ee9c \u0103n ch\u0103n nu\u00f4i D400 1m5<\/h2>\n<h3>C\u1ea5u tr\u00fac b\u1ea3n l\u1ec1<\/h3>\n<p>Khung \u0111\u1ee1 l\u00e0 m\u1ed9t trong nh\u1eefng b\u1ed9 ph\u1eadn ch\u00ednh gi\u1eef to\u00e0n b\u1ed9 h\u1ec7 th\u1ed1ng v\u00edt t\u1ea3i, v\u1edbi thi\u1ebft k\u1ebf ch\u1eafc ch\u1eafn \u0111\u1ea3m b\u1ea3o \u1ed5n \u0111\u1ecbnh kh\u00f4ng g\u00e2y rung l\u1eafc v\u00e0 an to\u00e0n trong qu\u00e1 tr\u00ecnh v\u1eadn h\u00e0nh<\/p>\n<p><img loading=\"lazy\" decoding=\"async\" class=\"aligncenter wp-image-9864 size-full\" src=\"https:\/\/congtybinhminh.com\/wp-content\/uploads\/2024\/08\/cau-tao-bang-tai-thuc-an-chan-nuoi-d400_result222.webp\" alt=\"cau-tao-bang-tai-thuc-an-chan-nuoi-d400_result222\" width=\"800\" height=\"626\" srcset=\"https:\/\/congtybinhminh.com\/wp-content\/uploads\/2024\/08\/cau-tao-bang-tai-thuc-an-chan-nuoi-d400_result222.webp 800w, https:\/\/congtybinhminh.com\/wp-content\/uploads\/2024\/08\/cau-tao-bang-tai-thuc-an-chan-nuoi-d400_result222-511x400.webp 511w, https:\/\/congtybinhminh.com\/wp-content\/uploads\/2024\/08\/cau-tao-bang-tai-thuc-an-chan-nuoi-d400_result222-768x601.webp 768w, https:\/\/congtybinhminh.com\/wp-content\/uploads\/2024\/08\/cau-tao-bang-tai-thuc-an-chan-nuoi-d400_result222-510x399.webp 510w\" sizes=\"auto, (max-width: 800px) 100vw, 800px\" \/><\/p>\n<p>Ph\u00eda d\u01b0\u1edbi ch\u00e2n m\u00e1y l\u1eafp \u0111\u1eb7t 4 b\u00e1nh xe thu\u1eadn ti\u1ec7n di chuy\u1ec3n v\u1ecb tr\u00ed \u0111\u1eb7t m\u00e1y<\/p>\n<h3>Toa n\u1ea1p v\u00e0 c\u1eeda x\u1ea3 nguy\u00ean li\u1ec7u<\/h3>\n<p>Toa n\u1ea1p nguy\u00ean li\u1ec7u \u0111\u01b0\u1ee3c thi\u1ebft k\u1ebf d\u1ea1ng ph\u1ec5u \u0111\u1ee9ng l\u00e0m b\u1eb1ng ch\u1ea5t li\u1ec7u inox. \u0110\u00e2y l\u00e0 b\u1ed9 ph\u1eadn \u0111\u1ea7u v\u00e0o n\u01a1i nguy\u00ean li\u1ec7u \u0111\u01b0\u1ee3c \u0111\u01b0a v\u00e0o v\u00edt t\u1ea3i<\/p>\n<p><img loading=\"lazy\" decoding=\"async\" class=\"aligncenter wp-image-9865 size-full\" src=\"https:\/\/congtybinhminh.com\/wp-content\/uploads\/2024\/08\/toa-nap-nguyen-lieu_result222.webp\" alt=\"toa-nap-nguyen-lieu_result222\" width=\"800\" height=\"882\" srcset=\"https:\/\/congtybinhminh.com\/wp-content\/uploads\/2024\/08\/toa-nap-nguyen-lieu_result222.webp 800w, https:\/\/congtybinhminh.com\/wp-content\/uploads\/2024\/08\/toa-nap-nguyen-lieu_result222-363x400.webp 363w, https:\/\/congtybinhminh.com\/wp-content\/uploads\/2024\/08\/toa-nap-nguyen-lieu_result222-726x800.webp 726w, https:\/\/congtybinhminh.com\/wp-content\/uploads\/2024\/08\/toa-nap-nguyen-lieu_result222-768x847.webp 768w, https:\/\/congtybinhminh.com\/wp-content\/uploads\/2024\/08\/toa-nap-nguyen-lieu_result222-510x562.webp 510w\" sizes=\"auto, (max-width: 800px) 100vw, 800px\" \/><\/p>\n<p>Nguy\u00ean li\u1ec7u khi \u0111\u01b0\u1ee3c \u0111\u01b0a l\u00ean cao v\u1ecb tr\u00ed nh\u1ea5t \u0111\u1ecbnh, ch\u00fang \u0111\u01b0\u1ee3c t\u1eadp k\u1ebft v\u00e0 l\u1ea7n l\u01b0\u1ee3t cho ra ngo\u00e0i k\u1ebft th\u00fac 1 quy tr\u00ecnh v\u1eadn chuy\u1ec3n<\/p>\n<h3>Kh\u1ea3 n\u0103ng v\u1eadn chuy\u1ec3n<\/h3>\n<p>B\u0103ng t\u1ea3i b\u1ea3n l\u1ec1 nghi\u00eang c\u00f3 kh\u1ea3 n\u0103ng v\u1eadn chuy\u1ec3n c\u00e1c lo\u1ea1i nguy\u00ean li\u1ec7u th\u00f4 nh\u01b0 ng\u0169 c\u1ed1c, d\u01b0\u1ee3c li\u1ec7u, c\u00e1m vi\u00ean.. t\u1eeb v\u1ecb tr\u00ed th\u1ea5p l\u00ean v\u1ecb tr\u00ed cao m\u1ed9t c\u00e1ch hi\u1ec7u qu\u1ea3<\/p>\n<p><img loading=\"lazy\" decoding=\"async\" class=\"aligncenter wp-image-9868 size-full\" src=\"https:\/\/congtybinhminh.com\/wp-content\/uploads\/2024\/08\/bang-tai-inox_result222.webp\" alt=\"bang-tai-inox_result222\" width=\"800\" height=\"600\" srcset=\"https:\/\/congtybinhminh.com\/wp-content\/uploads\/2024\/08\/bang-tai-inox_result222.webp 800w, https:\/\/congtybinhminh.com\/wp-content\/uploads\/2024\/08\/bang-tai-inox_result222-533x400.webp 533w, https:\/\/congtybinhminh.com\/wp-content\/uploads\/2024\/08\/bang-tai-inox_result222-768x576.webp 768w, https:\/\/congtybinhminh.com\/wp-content\/uploads\/2024\/08\/bang-tai-inox_result222-510x383.webp 510w\" sizes=\"auto, (max-width: 800px) 100vw, 800px\" \/><\/p>\n<p>Tr\u00ean b\u1ec1 m\u1eb7t b\u0103ng t\u1ea3i k\u1ebft h\u1ee3p v\u1edbi c\u00e1c thanh ngang t\u1ea1o th\u00e0nh c\u00e1c\u00a0 khoang ch\u1ee9a nh\u1ea5t \u0111\u1ecbnh gi\u00fap nguy\u00ean li\u1ec7u r\u01a1i ra ngo\u00e0i<\/p>\n<h3>H\u1ec7 th\u1ed1ng truy\u1ec3n \u0111\u1ed9ng<\/h3>\n<p>H\u1ec7 th\u1ed1ng truy\u1ec3n \u0111\u1ed9ng bao g\u1ed3m c\u00e1c b\u1ed9 ph\u1eadn nh\u01b0 b\u00e1nh r\u0103ng, d\u00e2y \u0111ai, x\u00edch v\u00e0 tr\u1ee5c c\u00f3 nhi\u1ec7m v\u1ee5 truy\u1ec1n n\u0103ng l\u01b0\u1ee3ng t\u1eeb \u0111\u1ed9ng c\u01a1 \u0111\u1ebfn tr\u1ee5c v\u00edt t\u1ea3i<\/p>\n<p><img loading=\"lazy\" decoding=\"async\" class=\"aligncenter wp-image-9869 size-full\" src=\"https:\/\/congtybinhminh.com\/wp-content\/uploads\/2024\/08\/bang-tai-tu-dong_result222.webp\" alt=\"bang-tai-tu-dong_result222\" width=\"800\" height=\"600\" srcset=\"https:\/\/congtybinhminh.com\/wp-content\/uploads\/2024\/08\/bang-tai-tu-dong_result222.webp 800w, https:\/\/congtybinhminh.com\/wp-content\/uploads\/2024\/08\/bang-tai-tu-dong_result222-533x400.webp 533w, https:\/\/congtybinhminh.com\/wp-content\/uploads\/2024\/08\/bang-tai-tu-dong_result222-768x576.webp 768w, https:\/\/congtybinhminh.com\/wp-content\/uploads\/2024\/08\/bang-tai-tu-dong_result222-510x383.webp 510w\" sizes=\"auto, (max-width: 800px) 100vw, 800px\" \/><\/p>\n<p>B\u0103ng t\u1ea3i s\u1eed d\u1ee5ng \u0111\u1ed9ng c\u01a1 gi\u1ea3m t\u1ed1c 0,75kw ngu\u1ed3n \u0111i\u1ec7n 220V &#8211; 380V h\u1ec7 th\u1ed1ng \u0111\u1ea3m b\u1ea3o ho\u1ea1t \u0111\u1ed9ng li\u00ean t\u1ee5c v\u00e0 \u1ed5n \u0111\u1ecbnh c\u1ee7a v\u00edt t\u1ea3i<\/p>\n<h3>H\u1ec7 th\u1ed1ng b\u1ea3ng \u0111i\u1ec1u khi\u1ec3n<\/h3>\n<p>Qu\u00e1 tr\u00ecnh b\u0103ng t\u1ea3i ho\u1ea1t \u0111\u1ed9ng th\u00f4ng qua b\u1ea3ng \u0111i\u1ec1u khi\u1ec3n cho ph\u00e9p ng\u01b0\u1eddi d\u00f9ng ki\u1ec3m so\u00e1t qu\u00e1 tr\u00ecnh v\u1eadn h\u00e0nh, bao g\u1ed3m:<\/p>\n<p><img loading=\"lazy\" decoding=\"async\" class=\"aligncenter wp-image-9866 size-full\" src=\"https:\/\/congtybinhminh.com\/wp-content\/uploads\/2024\/08\/cong-tac-bang-dieu-khien-bang-tai_result222.webp\" alt=\"cong-tac-bang-dieu-khien-bang-tai_result222\" width=\"800\" height=\"600\" srcset=\"https:\/\/congtybinhminh.com\/wp-content\/uploads\/2024\/08\/cong-tac-bang-dieu-khien-bang-tai_result222.webp 800w, https:\/\/congtybinhminh.com\/wp-content\/uploads\/2024\/08\/cong-tac-bang-dieu-khien-bang-tai_result222-533x400.webp 533w, https:\/\/congtybinhminh.com\/wp-content\/uploads\/2024\/08\/cong-tac-bang-dieu-khien-bang-tai_result222-768x576.webp 768w, https:\/\/congtybinhminh.com\/wp-content\/uploads\/2024\/08\/cong-tac-bang-dieu-khien-bang-tai_result222-510x383.webp 510w\" sizes=\"auto, (max-width: 800px) 100vw, 800px\" \/><\/p>\n<ul>\n<li>N\u00fat b\u1eadt kh\u1edfi \u0111\u1ed9ng b\u0103ng t\u1ea3i<\/li>\n<li>N\u00fat d\u1eebng b\u0103ng t\u1ea3i<\/li>\n<li>\u0110\u00e8n v\u00f4n hi\u1ec7n ngu\u1ed3n \u0111i\u1ec7n \u0111ang s\u1eed d\u1ee5ng<\/li>\n<\/ul>\n<h2>\u1ee8ng d\u1ee5ng c\u00e1c lo\u1ea1i b\u0103ng t\u1ea3i<\/h2>\n<p>C\u00e1c lo\u1ea1i b\u0103ng t\u1ea3i \u0111\u00e1p \u1ee9ng t\u1ed1t nhu c\u1ea7u v\u1eadn chuy\u1ec3n nguy\u00ean v\u1eadt li\u1ec7u nhanh &#8211; li\u00ean t\u1ee5c &#8211; \u1ed5n \u0111\u1ecbnh v\u00e0 t\u1ef1 \u0111\u1ed9ng c\u1ee7a c\u00e1c nh\u00e0 m\u00e1y kho x\u01b0\u1edfng. Do v\u1eady thi\u1ebft b\u1ecb n\u00e0y \u0111\u01b0\u1ee3c \u1ee9ng d\u1ee5ng r\u1ed9ng r\u00e3i trong nhi\u1ec1u l\u0129nh v\u1ef1c nh\u01b0;<\/p>\n<ul>\n<li>Ng\u00e0nh c\u00f4ng nghi\u1ec7p, th\u1ef1c ph\u1ea9m: v\u1eadn chuy\u1ec3n nguy\u00ean v\u1eadt li\u1ec7u, s\u1ea3n ph\u1ea9m \u0111\u00f3ng g\u00f3i<\/li>\n<li>Ng\u00e0nh s\u1ea3n xu\u1ea5t: di chuy\u1ec3n c\u00e1c b\u1ed9 ph\u1eadn, linh ki\u1ec7n trong quy tr\u00ecnh s\u1ea3n xu\u00e2t<\/li>\n<li>Ng\u00e0nh ch\u0103n nu\u00f4i: di chuy\u1ec3n nguy\u00ean li\u1ec7u th\u00f4 ng\u00f4, th\u00f3c, \u0111\u1ed7 t\u01b0\u01a1ng, c\u00e1m vi\u00ean<\/li>\n<\/ul>\n<h2>\u0110\u1ecba ch\u1ec9 b\u00e1n b\u0103ng t\u1ea3i gi\u00e1 g\u1ed1c t\u1ea1i H\u00e0 N\u1ed9i<\/h2>\n<p>\u0110\u1ec3 \u0111\u1eb7t mua h\u00e0ng ch\u00ednh h\u00e3ng, b\u00e0 con c\u00f3 th\u1ec3 \u0111\u1ebfn tr\u1ee5 s\u1edf g\u1ea7n nh\u1ea5t c\u1ee7a c\u00f4ng ty \u0111\u1ec3 xem v\u00e0 \u0111\u1eb7t mua h\u00e0ng:<\/p>\n<ul>\n<li>Tr\u1ee5 s\u1edf ch\u00ednh: p.L\u00ea L\u1ee3i &#8211; Tx S\u01a1n T\u00e2y &#8211; H\u00e0 N\u1ed9i<\/li>\n<li>Chi nh\u00e1nh mi\u1ec1n nam: x\u00e3 T\u00e2n Ki\u00ean &#8211; H. B\u00ecnh Ch\u00e1nh &#8211; Tp H\u1ed3 Ch\u00ed Minh<\/li>\n<\/ul>\n<p><img loading=\"lazy\" decoding=\"async\" class=\"aligncenter wp-image-9867 size-full\" src=\"https:\/\/congtybinhminh.com\/wp-content\/uploads\/2024\/08\/dia-chi-ban-bo-bang-tai_result222.webp\" alt=\"dia-chi-ban-bang-tai_result222\" width=\"800\" height=\"1105\" srcset=\"https:\/\/congtybinhminh.com\/wp-content\/uploads\/2024\/08\/dia-chi-ban-bo-bang-tai_result222.webp 800w, https:\/\/congtybinhminh.com\/wp-content\/uploads\/2024\/08\/dia-chi-ban-bo-bang-tai_result222-290x400.webp 290w, https:\/\/congtybinhminh.com\/wp-content\/uploads\/2024\/08\/dia-chi-ban-bo-bang-tai_result222-579x800.webp 579w, https:\/\/congtybinhminh.com\/wp-content\/uploads\/2024\/08\/dia-chi-ban-bo-bang-tai_result222-768x1061.webp 768w, https:\/\/congtybinhminh.com\/wp-content\/uploads\/2024\/08\/dia-chi-ban-bo-bang-tai_result222-510x704.webp 510w\" sizes=\"auto, (max-width: 800px) 100vw, 800px\" \/><\/p>\n<p>Khi \u0111\u1ebfn \u0111\u00e2y, b\u00e0 con s\u1ebd d\u01b0\u1ee3c th\u1eed nghi\u1ec7m v\u1eadn h\u00e0nh m\u00e1y d\u01b0\u1edbi s\u1ef1 h\u01b0\u1edbng d\u1eabn c\u1ee7a \u0111\u1ed9i ng\u0169 k\u1ef9 thu\u1eadt<\/p>\n<p>\u0110\u1ed1i v\u1edbi b\u00e0 con \u1edf xa, c\u00f3 th\u1ec3 li\u00ean h\u1ec7 t\u1edbi s\u1ed1 \u0111i\u1ec7n tho\u1ea1i Hotline tr\u00ean website ho\u1eb7c \u0111\u1ec3 l\u1ea1i l\u1eddi nh\u1eafn \u0111\u1ed9i ng\u0169 t\u01b0 v\u1ea5n s\u1ebd li\u00ean h\u1ec7 t\u1edbi b\u00e0 con trong th\u1eddi gian s\u1edbm nh\u1ea5t<\/p>\n<p><strong>Th\u00f4ng s\u1ed1 k\u1ef9 thu\u1eadt<\/strong><\/p>\n<table border=\"1\" cellspacing=\"1\" cellpadding=\"1\">\n<tbody>\n<tr>\n<td colspan=\"1\" rowspan=\"3\">\u0110\u1ed9ng c\u01a1<\/td>\n<td>C\u00f4ng su\u1ea5t \u0111\u1ed9ng c\u01a1<\/td>\n<td>\u0110\u1ed9ng c\u01a1 gi\u1ea3m t\u1ed1c 0,75<\/td>\n<\/tr>\n<tr>\n<td>Ngu\u1ed3n \u0111i\u1ec7n<\/td>\n<td>220V\u00a0 \u2013 380V<\/td>\n<\/tr>\n<tr>\n<td>T\u1ed1c \u0111\u1ed9<\/td>\n<td>v\/p<\/td>\n<\/tr>\n<tr>\n<td colspan=\"1\" rowspan=\"2\">B\u1ea3o h\u00e0nh<\/td>\n<td>K\u1ef9 thu\u1eadt<\/td>\n<td>\u00a006 th\u00e1ng<\/td>\n<\/tr>\n<tr>\n<td>\u0110\u1ed9ng c\u01a1<\/td>\n<td>Theo t\u1eebng h\u00e3ng s\u1ea3n xu\u1ea5t<\/td>\n<\/tr>\n<tr>\n<td>N\u0103ng su\u1ea5t<\/td>\n<td colspan=\"2\" rowspan=\"1\">\u00a0kg\/gi\u1edd<\/td>\n<\/tr>\n<tr>\n<td>K\u00edch th\u01b0\u1edbc (d*c*r)<\/td>\n<td colspan=\"2\" rowspan=\"1\">225*184*67 cm<\/td>\n<\/tr>\n<tr>\n<td>H\u00ecnh th\u1ee9c thanh to\u00e1n<\/td>\n<td colspan=\"2\" rowspan=\"1\">\u00a0Ti\u1ec1n m\u1eb7t ho\u1eb7c chuy\u1ec3n kho\u1ea3n<\/td>\n<\/tr>\n<\/tbody>\n<\/table>\n","protected":false},"excerpt":{"rendered":"<div class=\"product-short-description\">\n<ul>\n<li><strong>H\u00e3ng s\u1ea3n xu\u1ea5t<\/strong>: B\u00ecnh Minh<\/li>\n<li><strong>C\u00f4ng su\u1ea5t \u0111\u1ed9ng c\u01a1:<\/strong>\u00a0\u0111\u1ed9ng c\u01a1 gi\u1ea3m t\u1ed1c 0.75kw<\/li>\n<li><strong>Ngu\u1ed3n \u0111i\u1ec7n:<\/strong>\u00a0220V \u2013 380V<\/li>\n<li><strong>K\u00edch th\u01b0\u1edbc (d*c*r):<\/strong>\u00a0225*184*67 cm<\/li>\n<li><strong>T\u00ednh n\u0103ng:<\/strong>\u00a0v\u00edt t\u1ea3i b\u1ea3n l\u1ec1 nghi\u00eang thi\u1ebft b\u1ecb v\u1eadn chuy\u1ec3n nguy\u00ean li\u1ec7u th\u00f4 t\u1eeb v\u1ecb tr\u00ed th\u1ea5p l\u00ean v\u1ecb tr\u00ed cao<\/li>\n<\/ul>\n<\/div>\n","protected":false},"featured_media":9858,"comment_status":"closed","ping_status":"closed","template":"","meta":[],"product_brand":[],"product_cat":[215],"product_tag":[],"class_list":{"0":"post-9857","1":"product","2":"type-product","3":"status-publish","4":"has-post-thumbnail","6":"product_cat-bang-tai","8":"first","9":"instock","10":"shipping-taxable","11":"product-type-simple"},"_links":{"self":[{"href":"https:\/\/congtybinhminh.com\/index.php?rest_route=\/wp\/v2\/product\/9857","targetHints":{"allow":["GET"]}}],"collection":[{"href":"https:\/\/congtybinhminh.com\/index.php?rest_route=\/wp\/v2\/product"}],"about":[{"href":"https:\/\/congtybinhminh.com\/index.php?rest_route=\/wp\/v2\/types\/product"}],"replies":[{"embeddable":true,"href":"https:\/\/congtybinhminh.com\/index.php?rest_route=%2Fwp%2Fv2%2Fcomments&post=9857"}],"wp:featuredmedia":[{"embeddable":true,"href":"https:\/\/congtybinhminh.com\/index.php?rest_route=\/wp\/v2\/media\/9858"}],"wp:attachment":[{"href":"https:\/\/congtybinhminh.com\/index.php?rest_route=%2Fwp%2Fv2%2Fmedia&parent=9857"}],"wp:term":[{"taxonomy":"product_brand","embeddable":true,"href":"https:\/\/congtybinhminh.com\/index.php?rest_route=%2Fwp%2Fv2%2Fproduct_brand&post=9857"},{"taxonomy":"product_cat","embeddable":true,"href":"https:\/\/congtybinhminh.com\/index.php?rest_route=%2Fwp%2Fv2%2Fproduct_cat&post=9857"},{"taxonomy":"product_tag","embeddable":true,"href":"https:\/\/congtybinhminh.com\/index.php?rest_route=%2Fwp%2Fv2%2Fproduct_tag&post=9857"}],"curies":[{"name":"wp","href":"https:\/\/api.w.org\/{rel}","templated":true}]}}