{"id":9842,"date":"2024-08-01T15:56:55","date_gmt":"2024-08-01T08:56:55","guid":{"rendered":"https:\/\/congtybinhminh.com\/?post_type=product&#038;p=9842"},"modified":"2024-08-01T15:56:56","modified_gmt":"2024-08-01T08:56:56","slug":"may-bam-xo-dua-b450-dau-no","status":"publish","type":"product","link":"https:\/\/congtybinhminh.com\/?product=may-bam-xo-dua-b450-dau-no","title":{"rendered":"M\u00e1y b\u0103m x\u01a1 d\u1eeba B450 \u0111\u1ea7u n\u1ed5"},"content":{"rendered":"<h2>Gi\u1edbi thi\u1ec7u m\u00e1y b\u0103m x\u01a1 d\u1eeba B450 \u0111\u1ea7u n\u1ed5<\/h2>\n<p>Thay v\u00ec l\u00e3ng ph\u00ed \u0111em v\u1ee9t hay \u0111\u1ed1t b\u1ecf ph\u1ea7n v\u1ecf d\u1eeba th\u00ec gi\u1edd \u0111\u00e2y b\u00e0 con c\u00f3 th\u1ec3 t\u1eadn d\u1ee5ng ch\u00fang cho v\u00e0o m\u00e1y b\u0103m x\u01a1 d\u1eeba B450 \u0111\u1ea7u n\u1ed5 b\u0103m nh\u1ecf th\u00e0nh d\u1ea1ng m\u00f9n, t\u00e1i ch\u1ebf ch\u00fang th\u00e0nh nh\u1eefng nguy\u00ean li\u1ec7u c\u00f3 gi\u00e1 nh\u01b0:<\/p>\n<p><img loading=\"lazy\" decoding=\"async\" class=\"aligncenter wp-image-9848 size-full\" src=\"https:\/\/congtybinhminh.com\/wp-content\/uploads\/2024\/08\/may-bam-xo-dua-b450-dau-no_result222-1.webp\" alt=\"may-bam-xo-dua-b450-dau-no_result222\" width=\"800\" height=\"1078\" srcset=\"https:\/\/congtybinhminh.com\/wp-content\/uploads\/2024\/08\/may-bam-xo-dua-b450-dau-no_result222-1.webp 800w, https:\/\/congtybinhminh.com\/wp-content\/uploads\/2024\/08\/may-bam-xo-dua-b450-dau-no_result222-1-297x400.webp 297w, https:\/\/congtybinhminh.com\/wp-content\/uploads\/2024\/08\/may-bam-xo-dua-b450-dau-no_result222-1-594x800.webp 594w, https:\/\/congtybinhminh.com\/wp-content\/uploads\/2024\/08\/may-bam-xo-dua-b450-dau-no_result222-1-768x1035.webp 768w, https:\/\/congtybinhminh.com\/wp-content\/uploads\/2024\/08\/may-bam-xo-dua-b450-dau-no_result222-1-510x687.webp 510w\" sizes=\"auto, (max-width: 800px) 100vw, 800px\" \/><\/p>\n<ul>\n<li>L\u00e0m gi\u00e1 th\u1ec3 tr\u1ed3ng c\u00e2y, tr\u1ed3ng lan..<\/li>\n<li>L\u00e0m ph\u00e2n b\u00f3n h\u1eefu c\u01a1 t\u1ed1t cho c\u00e2y tr\u1ed3ng<\/li>\n<li>L\u00e0m \u0111\u1ec7m l\u00f3t sinh h\u1ecdc, kh\u1eed m\u00f9i h\u00f4i<\/li>\n<li>L\u00e0m nguy\u00ean li\u1ec7u \u0111\u1ed1t, t\u00e1i ch\u1ebf b\u1ea3o v\u1ec7 m\u00f4i tr\u01b0\u1eddng<\/li>\n<\/ul>\n<h2>C\u1ea5u t\u1ea1o m\u00e1y b\u0103m x\u01a1 d\u1eeba B450 \u0111\u1ea7u n\u1ed5<\/h2>\n<h3>Khung m\u00e1y ch\u1eafc ch\u1eafn<\/h3>\n<p>Thu\u1ed9c d\u00f2ng m\u00e1y c\u00f4ng nghi\u1ec7p k\u1ebft c\u1ea5u m\u00e1y \u0111\u01b0\u1ee3c h\u00e0n g\u1eafn ch\u1eafc ch\u1eafn v\u1edbi ph\u1ea7n b\u1ec1 m\u1eb7t ti\u1ebfp x\u00fac v\u1edbi m\u1eb7t \u0111\u1ea5t \u0111\u1ee7 l\u1edbn gi\u1ea3m thi\u1ec3u s\u1ef1 rung l\u1eafc v\u00e0 ti\u1ebfng \u1ed1n trong qu\u00e1 tr\u00ecnh m\u00e1y ho\u1ea1t \u0111\u1ed9ng<\/p>\n<p><img loading=\"lazy\" decoding=\"async\" class=\"aligncenter wp-image-9849 size-full\" src=\"https:\/\/congtybinhminh.com\/wp-content\/uploads\/2024\/08\/cau-tao-may-bam-xo-dua-b450-dau-no_result222-1.webp\" alt=\"cau-tao-may-bam-xo-dua-b450-dau-no_result222\" width=\"800\" height=\"600\" srcset=\"https:\/\/congtybinhminh.com\/wp-content\/uploads\/2024\/08\/cau-tao-may-bam-xo-dua-b450-dau-no_result222-1.webp 800w, https:\/\/congtybinhminh.com\/wp-content\/uploads\/2024\/08\/cau-tao-may-bam-xo-dua-b450-dau-no_result222-1-533x400.webp 533w, https:\/\/congtybinhminh.com\/wp-content\/uploads\/2024\/08\/cau-tao-may-bam-xo-dua-b450-dau-no_result222-1-768x576.webp 768w, https:\/\/congtybinhminh.com\/wp-content\/uploads\/2024\/08\/cau-tao-may-bam-xo-dua-b450-dau-no_result222-1-510x383.webp 510w\" sizes=\"auto, (max-width: 800px) 100vw, 800px\" \/><\/p>\n<h3>Toa n\u1ea1p nguy\u00ean li\u1ec7u<\/h3>\n<p>Ph\u1ea7n toa n\u1ea1p \u0111\u01b0\u1ee3c thi\u1ebft k\u1ebf d\u1ea1ng ph\u1ec5u v\u1edbi mi\u1ec7ng r\u1ed9ng ch\u1ee9a \u0111\u01b0\u1ee3c nhi\u1ec1u nguy\u00ean li\u1ec7u h\u01a1n gi\u00fap cho vi\u1ec7c \u0111\u01b0a nguy\u00ean li\u1ec7u v\u00e0o d\u1ec5 d\u00e0ng<\/p>\n<p><img loading=\"lazy\" decoding=\"async\" class=\"aligncenter wp-image-9850 size-full\" src=\"https:\/\/congtybinhminh.com\/wp-content\/uploads\/2024\/08\/toa-nap-may-bam-xo-dua_result222.webp\" alt=\"toa-nap-may-bam-xo-dua_result222\" width=\"800\" height=\"908\" srcset=\"https:\/\/congtybinhminh.com\/wp-content\/uploads\/2024\/08\/toa-nap-may-bam-xo-dua_result222.webp 800w, https:\/\/congtybinhminh.com\/wp-content\/uploads\/2024\/08\/toa-nap-may-bam-xo-dua_result222-352x400.webp 352w, https:\/\/congtybinhminh.com\/wp-content\/uploads\/2024\/08\/toa-nap-may-bam-xo-dua_result222-705x800.webp 705w, https:\/\/congtybinhminh.com\/wp-content\/uploads\/2024\/08\/toa-nap-may-bam-xo-dua_result222-768x872.webp 768w, https:\/\/congtybinhminh.com\/wp-content\/uploads\/2024\/08\/toa-nap-may-bam-xo-dua_result222-510x579.webp 510w\" sizes=\"auto, (max-width: 800px) 100vw, 800px\" \/><\/p>\n<h3>Bu\u1ed3ng l\u00e0m vi\u1ec7c<\/h3>\n<p>H\u1ec7 th\u1ed1ng bu\u1ed3ng dao b\u0103m \u0111\u01b0\u1ee3c trang b\u1ecb g\u1ed3m 2 h\u1ec7 th\u1ed1ng dao:<\/p>\n<ul>\n<li>4 dao k\u00ea g\u1eafn c\u1ed1 \u0111\u1ecbnh 2 b\u00ean th\u00e0nh m\u00e1y, m\u1ed7i b\u00ean th\u00e0nh c\u00f3 2 l\u01b0\u1ee1i dao<\/li>\n<li>6 l\u01b0\u1ee1i dao b\u0103m ch\u00ednh tr\u00ean tr\u1ee5c quay ho\u1ea1t \u0111\u1ed9ng b\u0103m nghi\u1ec1n nh\u1ecf nguy\u00ean li\u1ec7u \u0111\u1ebfn khi v\u1eeba v\u1edbi l\u1ed7 s\u00e0ng l\u1eafp b\u00ean d\u01b0\u1edbi v\u00e0 tho\u00e1t ra ngo\u00e0i<\/li>\n<\/ul>\n<p><img loading=\"lazy\" decoding=\"async\" class=\"aligncenter wp-image-9852 size-full\" src=\"https:\/\/congtybinhminh.com\/wp-content\/uploads\/2024\/08\/dao-may-bam-xo-dua_result222.webp\" alt=\"dao-may-bam-xo-dua_result222\" width=\"800\" height=\"978\" srcset=\"https:\/\/congtybinhminh.com\/wp-content\/uploads\/2024\/08\/dao-may-bam-xo-dua_result222.webp 800w, https:\/\/congtybinhminh.com\/wp-content\/uploads\/2024\/08\/dao-may-bam-xo-dua_result222-327x400.webp 327w, https:\/\/congtybinhminh.com\/wp-content\/uploads\/2024\/08\/dao-may-bam-xo-dua_result222-654x800.webp 654w, https:\/\/congtybinhminh.com\/wp-content\/uploads\/2024\/08\/dao-may-bam-xo-dua_result222-768x939.webp 768w, https:\/\/congtybinhminh.com\/wp-content\/uploads\/2024\/08\/dao-may-bam-xo-dua_result222-510x623.webp 510w\" sizes=\"auto, (max-width: 800px) 100vw, 800px\" \/><\/p>\n<p>M\u0103t s\u00e0ng bi\u00ean \u0111\u1ed9 cong n\u1eb1m d\u01b0\u1edbi h\u1ec7 th\u1ed1ng dao, tr\u00ean m\u1eb7t s\u00e0ng c\u00f3 c\u00e1c l\u1ed7 s\u00e0ng \u0111\u1ec3 tho\u00e1t th\u00e0nh ph\u1ea9m sau khi b\u0103m nh\u1ecf<\/p>\n<p><img loading=\"lazy\" decoding=\"async\" class=\"aligncenter wp-image-9853 size-full\" src=\"https:\/\/congtybinhminh.com\/wp-content\/uploads\/2024\/08\/mat-sang-may-bam-xo-dua-b450-copy_result222.webp\" alt=\"mat-sang-may-bam-xo-dua-b450 copy_result222\" width=\"800\" height=\"846\" srcset=\"https:\/\/congtybinhminh.com\/wp-content\/uploads\/2024\/08\/mat-sang-may-bam-xo-dua-b450-copy_result222.webp 800w, https:\/\/congtybinhminh.com\/wp-content\/uploads\/2024\/08\/mat-sang-may-bam-xo-dua-b450-copy_result222-378x400.webp 378w, https:\/\/congtybinhminh.com\/wp-content\/uploads\/2024\/08\/mat-sang-may-bam-xo-dua-b450-copy_result222-757x800.webp 757w, https:\/\/congtybinhminh.com\/wp-content\/uploads\/2024\/08\/mat-sang-may-bam-xo-dua-b450-copy_result222-768x812.webp 768w, https:\/\/congtybinhminh.com\/wp-content\/uploads\/2024\/08\/mat-sang-may-bam-xo-dua-b450-copy_result222-510x539.webp 510w\" sizes=\"auto, (max-width: 800px) 100vw, 800px\" \/><\/p>\n<p>Ng\u01b0\u1eddi d\u00f9ng c\u00f3 th\u1ec3 l\u1ef1a ch\u1ecdn l\u1eafp k\u00edch c\u1ee1 m\u1eb7t s\u00e0ng l\u1ed7 ( v\u00ed d\u1ee5: 10ly;14ly v\u00e0 20 ly) l\u1eafp trong m\u00e1y cho th\u00e0nh ph\u1ea9m c\u00f3 k\u00edch c\u1ee1 nh\u01b0 mong mu\u1ed1n<\/p>\n<h3>C\u1eeda x\u1ea3 th\u00e0nh ph\u1ea9m<\/h3>\n<p>Th\u00e0nh ph\u1ea9m sau khi b\u0103m \u0111\u01b0\u1ee3c \u0111\u01b0a tr\u1ef1c ti\u1ebfp ra ngo\u00e0i c\u1eeda x\u1ea3, v\u1edbi thi\u1ebft k\u1ebf d\u00e1ng bu\u00f4ng th\u1eb3ng gi\u00fap th\u00e0nh ph\u1ea9m d\u1ec5 d\u00e0ng di chuy\u1ec3n ra b\u00ean ngo\u00e0i m\u00e0 kh\u00f4ng lo b\u1ecb t\u1eafc ngh\u1ebdn<\/p>\n<p><img loading=\"lazy\" decoding=\"async\" class=\"aligncenter wp-image-9851 size-full\" src=\"https:\/\/congtybinhminh.com\/wp-content\/uploads\/2024\/08\/cua-xa-thanh-pham-copy_result222.webp\" alt=\"cua-xa-thanh-pham copy_result222\" width=\"800\" height=\"864\" srcset=\"https:\/\/congtybinhminh.com\/wp-content\/uploads\/2024\/08\/cua-xa-thanh-pham-copy_result222.webp 800w, https:\/\/congtybinhminh.com\/wp-content\/uploads\/2024\/08\/cua-xa-thanh-pham-copy_result222-370x400.webp 370w, https:\/\/congtybinhminh.com\/wp-content\/uploads\/2024\/08\/cua-xa-thanh-pham-copy_result222-741x800.webp 741w, https:\/\/congtybinhminh.com\/wp-content\/uploads\/2024\/08\/cua-xa-thanh-pham-copy_result222-768x829.webp 768w, https:\/\/congtybinhminh.com\/wp-content\/uploads\/2024\/08\/cua-xa-thanh-pham-copy_result222-510x551.webp 510w\" sizes=\"auto, (max-width: 800px) 100vw, 800px\" \/><\/p>\n<p>M\u00e1y b\u0103m x\u01a1 d\u1eeba B450 s\u1eed d\u1ee5ng \u0111\u1ea7u n\u1ed5 ch\u1ea1y m\u00e1y m\u00e0 kh\u00f4ng lo \u0111i\u1ec7n y\u1ebfu hay \u0111i\u1ec7n kh\u00f4ng \u0111\u1ee7 t\u1ea3i. Linh \u0111\u1ed9ng m\u1ecdi v\u1ecb tr\u00ed s\u1eed d\u1ee5ng, th\u00edch h\u1ee3p s\u1eed d\u1ee5ng t\u1ea1i c\u00e1c h\u1ed9 gia \u0111\u00ecnh, c\u01a1 s\u1edf t\u00e1i ch\u1ebf quy m\u00f4 v\u1eeba v\u00e0 l\u1edbn<\/p>\n<h2>\u01afu \u0111i\u1ec3m m\u00e1y b\u0103m x\u01a1 d\u1eeba B450<\/h2>\n<ul>\n<li>Thi\u1ebft k\u1ebf m\u00e1y \u0111\u01a1n gi\u1ea3n, d\u1ec5 d\u00e0ng s\u1eed d\u1ee5ng v\u00e0 \u0111\u01b0\u1ee3c trang b\u1ecb th\u00eam ch\u1eafn b\u1ea3o v\u1ec7 d\u00e2y curoa \u0111\u1ea3m b\u1ea3o an to\u00e0n tuy\u1ec7t \u0111\u1ed1i cho ng\u01b0\u1eddi s\u1eed d\u1ee5ng<\/li>\n<li>S\u1eed d\u1ee5ng \u0111\u1ea7u n\u1ed5 ch\u1ea1y m\u00e1y kh\u00f4ng lo \u0111i\u1ec7n kh\u00f4ng \u0111\u1ee7 t\u1ea3i ch\u1ea1y m\u00e1y m\u00e0 v\u1eabn \u0111\u1ea3m b\u1ea3o n\u0103ng su\u1ea5t<\/li>\n<li>Th\u00e0nh ph\u1ea9m sau khi b\u0103m c\u00f3 th\u1ec3 \u0111em t\u00e1i ch\u1ebf \u1ee9ng d\u1ee5ng trong nhi\u1ec1u l\u0129nh v\u1ef1c mang l\u1ea1i ngu\u1ed3n thu nh\u1eadp cao<\/li>\n<\/ul>\n<h2>\u0110\u1ecba ch\u1ec9 mua m\u00e1y b\u0103m x\u01a1 d\u1eeba gi\u00e1 t\u1ed1t t\u1ea1i H\u00e0 N\u1ed9i<\/h2>\n<p>\u0110\u1ec3 \u0111\u1eb7t mua h\u00e0ng ch\u00ednh h\u00e3ng, b\u00e0 con c\u00f3 th\u1ec3 \u0111\u1ebfn tr\u1ee5 s\u1edf g\u1ea7n nh\u1ea5t c\u1ee7a c\u00f4ng ty \u0111\u1ec3 xem v\u00e0 \u0111\u1eb7t mua h\u00e0ng:<\/p>\n<ul>\n<li>Tr\u1ee5 s\u1edf ch\u00ednh; p. L\u00ea L\u1ee3i &#8211; Tx S\u01a1n T\u00e2y &#8211; H\u00e0 N\u1ed9i<\/li>\n<li>Chi nh\u00e1nh mi\u1ec1n Nam: x\u00e3 T\u00e2n Ki\u00ean &#8211; H. B\u00ecnh Ch\u00e1nh &#8211; Tp H\u1ed3 Ch\u00ed Minh<\/li>\n<\/ul>\n<p><img loading=\"lazy\" decoding=\"async\" class=\"aligncenter wp-image-9854 size-full\" src=\"https:\/\/congtybinhminh.com\/wp-content\/uploads\/2024\/08\/mua-may-bam-xo-dua_result222.webp\" alt=\"mua-may-bam-xo-dua_result222\" width=\"800\" height=\"1407\" srcset=\"https:\/\/congtybinhminh.com\/wp-content\/uploads\/2024\/08\/mua-may-bam-xo-dua_result222.webp 800w, https:\/\/congtybinhminh.com\/wp-content\/uploads\/2024\/08\/mua-may-bam-xo-dua_result222-227x400.webp 227w, https:\/\/congtybinhminh.com\/wp-content\/uploads\/2024\/08\/mua-may-bam-xo-dua_result222-455x800.webp 455w, https:\/\/congtybinhminh.com\/wp-content\/uploads\/2024\/08\/mua-may-bam-xo-dua_result222-768x1351.webp 768w, https:\/\/congtybinhminh.com\/wp-content\/uploads\/2024\/08\/mua-may-bam-xo-dua_result222-510x897.webp 510w\" sizes=\"auto, (max-width: 800px) 100vw, 800px\" \/><\/p>\n<p>Khi \u0111\u1ebfn \u0111\u00e2y, b\u00e0 con s\u1ebd \u0111\u01b0\u1ee3c th\u1eed nghi\u1ec7m v\u1eadn h\u00e0nh m\u00e1y d\u01b0\u1edbi s\u1ef1 h\u01b0\u1edbng d\u1eabn c\u1ee7a \u0111\u1ed9i ng\u0169 k\u1ef9 thu\u1eadt<\/p>\n<p>\u0110\u1ed1i v\u1edbi b\u00e0 con \u1edf xa, c\u00f3 th\u1ec3 li\u00ean h\u1ec7 t\u1edbi s\u1ed1 \u0111i\u1ec7n tho\u1ea1i Hotline tr\u00ean website ho\u1eb7c \u0111\u1ec3 l\u1ea1i l\u1eddi nh\u1eafn \u0111\u1ed9i ng\u0169 t\u01b0 v\u1ea5n s\u1ebd li\u00ean h\u1ec7 t\u1edbi b\u00e0 con trong th\u1eddi gian s\u1edbm nh\u1ea5t<\/p>\n<p><strong>Th\u00f4ng s\u1ed1 k\u1ef9 thu\u1eadt<\/strong><\/p>\n<table border=\"1\" cellspacing=\"1\" cellpadding=\"1\">\n<tbody>\n<tr>\n<td colspan=\"1\" rowspan=\"3\">\u0110\u1ed9ng c\u01a1<\/td>\n<td>C\u00f4ng su\u1ea5t \u0111\u1ea7u n\u1ed5<\/td>\n<td>\u00a0D30<\/td>\n<\/tr>\n<tr>\n<td>Ngu\u1ed3n \u0111i\u1ec7n<\/td>\n<td>V<\/td>\n<\/tr>\n<tr>\n<td>T\u1ed1c \u0111\u1ed9<\/td>\n<td>v\/p<\/td>\n<\/tr>\n<tr>\n<td colspan=\"1\" rowspan=\"2\">B\u1ea3o h\u00e0nh<\/td>\n<td>K\u1ef9 thu\u1eadt<\/td>\n<td>06 th\u00e1ng<\/td>\n<\/tr>\n<tr>\n<td>\u0110\u1ed9ng c\u01a1<\/td>\n<td>\u00a0Theo t\u1eebng h\u00e3ng s\u1ea3n xu\u1ea5t<\/td>\n<\/tr>\n<tr>\n<td>N\u0103ng su\u1ea5t<\/td>\n<td colspan=\"2\" rowspan=\"1\">\u00a0kg\/gi\u1edd<\/td>\n<\/tr>\n<tr>\n<td>K\u00edch th\u01b0\u1edbc (d*c*r)<\/td>\n<td colspan=\"2\" rowspan=\"1\">\u00a0160*154*97 cm<\/td>\n<\/tr>\n<tr>\n<td>H\u00ecnh th\u1ee9c thanh to\u00e1n<\/td>\n<td colspan=\"2\" rowspan=\"1\">\u00a0Ti\u1ec1n m\u1eb7t ho\u1eb7c chuy\u1ec3n kho\u1ea3n<\/td>\n<\/tr>\n<\/tbody>\n<\/table>\n<p>&nbsp;<\/p>\n","protected":false},"excerpt":{"rendered":"<ul>\n<li><strong>H\u00e3ng s\u1ea3n xu\u1ea5t:<\/strong> B\u00ecnh Minh<\/li>\n<li><strong>C\u00f4ng su\u1ea5t \u0111\u1ea7u n\u1ed5:<\/strong> D30<\/li>\n<li><strong>K\u00edch th\u01b0\u1edbc (d*c*r):<\/strong> 160*154*97 cm<\/li>\n<li><strong>T\u00ednh n\u0103ng:<\/strong> chuy\u00ean b\u0103m v\u1ecf d\u1eeba t\u01b0\u01a1i, v\u1ecf d\u1eeba kh\u00f4 t\u00e1i ch\u1ebf l\u00e0m ph\u00e2n b\u00f3n tr\u1ed3ng c\u00e2y, \u0111\u1ec7m l\u00f3t chu\u1ed3ng<\/li>\n<\/ul>\n","protected":false},"featured_media":9843,"comment_status":"closed","ping_status":"closed","template":"","meta":[],"product_brand":[],"product_cat":[197],"product_tag":[],"class_list":{"0":"post-9842","1":"product","2":"type-product","3":"status-publish","4":"has-post-thumbnail","6":"product_cat-may-bam-xo-dua-2","8":"first","9":"instock","10":"shipping-taxable","11":"product-type-simple"},"_links":{"self":[{"href":"https:\/\/congtybinhminh.com\/index.php?rest_route=\/wp\/v2\/product\/9842","targetHints":{"allow":["GET"]}}],"collection":[{"href":"https:\/\/congtybinhminh.com\/index.php?rest_route=\/wp\/v2\/product"}],"about":[{"href":"https:\/\/congtybinhminh.com\/index.php?rest_route=\/wp\/v2\/types\/product"}],"replies":[{"embeddable":true,"href":"https:\/\/congtybinhminh.com\/index.php?rest_route=%2Fwp%2Fv2%2Fcomments&post=9842"}],"wp:featuredmedia":[{"embeddable":true,"href":"https:\/\/congtybinhminh.com\/index.php?rest_route=\/wp\/v2\/media\/9843"}],"wp:attachment":[{"href":"https:\/\/congtybinhminh.com\/index.php?rest_route=%2Fwp%2Fv2%2Fmedia&parent=9842"}],"wp:term":[{"taxonomy":"product_brand","embeddable":true,"href":"https:\/\/congtybinhminh.com\/index.php?rest_route=%2Fwp%2Fv2%2Fproduct_brand&post=9842"},{"taxonomy":"product_cat","embeddable":true,"href":"https:\/\/congtybinhminh.com\/index.php?rest_route=%2Fwp%2Fv2%2Fproduct_cat&post=9842"},{"taxonomy":"product_tag","embeddable":true,"href":"https:\/\/congtybinhminh.com\/index.php?rest_route=%2Fwp%2Fv2%2Fproduct_tag&post=9842"}],"curies":[{"name":"wp","href":"https:\/\/api.w.org\/{rel}","templated":true}]}}