{"id":9825,"date":"2024-07-27T14:59:48","date_gmt":"2024-07-27T07:59:48","guid":{"rendered":"https:\/\/congtybinhminh.com\/?post_type=product&#038;p=9825"},"modified":"2024-08-02T07:19:38","modified_gmt":"2024-08-02T00:19:38","slug":"bang-tai-thuc-an-chan-nuoi-d400-1m8","status":"publish","type":"product","link":"https:\/\/congtybinhminh.com\/?product=bang-tai-thuc-an-chan-nuoi-d400-1m8","title":{"rendered":"B\u0103ng t\u1ea3i th\u1ee9c \u0103n ch\u0103n nu\u00f4i D400 1m8"},"content":{"rendered":"<h2>Video ho\u1ea1t \u0111\u1ed9ng c\u1ee7a m\u00e1y<\/h2>\n<p><iframe loading=\"lazy\" title=\"Gi\u00e1 B\u00e1n B\u0103ng T\u1ea3i T\u1ef1 \u0110\u1ed9ng V\u1eadn Chuy\u1ec3n C\u00e1m Vi\u00ean Th\u1ec3 H\u1ec7 M\u1edbi D400-1m5 M\u1edbi Nh\u1ea5t Th\u1ecb Tr\u01b0\u1eddng\" width=\"1020\" height=\"574\" src=\"https:\/\/www.youtube.com\/embed\/YXlsKy6z6g8?feature=oembed\" frameborder=\"0\" allow=\"accelerometer; autoplay; clipboard-write; encrypted-media; gyroscope; picture-in-picture; web-share\" referrerpolicy=\"strict-origin-when-cross-origin\" allowfullscreen><\/iframe><\/p>\n<h2>Gi\u1edbi thi\u1ec7u b\u0103ng t\u1ea3i th\u1ee9c \u0103n ch\u0103n nu\u00f4i D400 1m8<\/h2>\n<p>C\u00f4ng ty B\u00ecnh Minh \u0111\u01a1n v\u1ecb tr\u1ef1c ti\u1ebfp s\u1ea3n xu\u1ea5t b\u0103ng t\u1ea3i th\u1ee9c \u0103n ch\u0103n nu\u00f4 D400 &#8211;\u00a0 ph\u00e1p l\u00fd t\u01b0\u1edfng cho vi\u1ec7c t\u1ef1 \u0111\u1ed9ng h\u00f3a qu\u00e1 tr\u00ecnh v\u1eadn chuy\u1ec3n nguy\u00ean li\u1ec7u t\u1eeb v\u1ecb tr\u00ed th\u1ea5p l\u00ean v\u1ecb tr\u00ed cao v\u1edbi s\u1ed1 l\u01b0\u1ee3ng l\u1edbn hi\u1ec7u qu\u1ea3 v\u00e0 ti\u1ebft ki\u1ec7m s\u1ee9c lao \u0111\u1ed9ng<\/p>\n<p><img loading=\"lazy\" decoding=\"async\" class=\"aligncenter wp-image-9832 size-full\" src=\"https:\/\/congtybinhminh.com\/wp-content\/uploads\/2024\/07\/bang-tai-thuc-an-chan-nuoi-d400_result222.webp\" alt=\"bang-tai-thuc-an-chan-nuoi-d400_result222\" width=\"800\" height=\"1078\" srcset=\"https:\/\/congtybinhminh.com\/wp-content\/uploads\/2024\/07\/bang-tai-thuc-an-chan-nuoi-d400_result222.webp 800w, https:\/\/congtybinhminh.com\/wp-content\/uploads\/2024\/07\/bang-tai-thuc-an-chan-nuoi-d400_result222-297x400.webp 297w, https:\/\/congtybinhminh.com\/wp-content\/uploads\/2024\/07\/bang-tai-thuc-an-chan-nuoi-d400_result222-594x800.webp 594w, https:\/\/congtybinhminh.com\/wp-content\/uploads\/2024\/07\/bang-tai-thuc-an-chan-nuoi-d400_result222-768x1035.webp 768w, https:\/\/congtybinhminh.com\/wp-content\/uploads\/2024\/07\/bang-tai-thuc-an-chan-nuoi-d400_result222-510x687.webp 510w\" sizes=\"auto, (max-width: 800px) 100vw, 800px\" \/><\/p>\n<p>&#8220;Kh\u00f4ng t\u1ed1n nhi\u1ec1u s\u1ee9c &#8211; kh\u00f4ng m\u1ea5t th\u1eddi gian&#8221; b\u0103ng t\u1ea3i D400 l\u00e0 s\u1ef1 l\u1ef1a ch\u1ecdn ho\u00e0n h\u00e0o h\u1ea3o cho c\u00e1c doanh nghi\u1ec7p mu\u1ed1n t\u1ed1i \u01b0u h\u00f3a quy tr\u00ecnh s\u1ea3n xu\u1ea5t v\u00e0 gi\u1ea3m chi ph\u00ed nh\u00e2n c\u00f4ng.<\/p>\n<h2>B\u0103ng t\u1ea3i th\u1ee9c \u0103n ch\u0103n nu\u00f4i D400 l\u00e0 g\u00ec ?<\/h2>\n<p>B\u0103ng t\u1ea3i th\u1ee9c \u0103n ch\u0103n nu\u00f4i D400 thu\u1ed9c d\u1ea1ng b\u0103ng t\u1ea3i \u0111\u1ee9ng v\u1edbi thi\u1ebft k\u1ebf g\u00f3c nghi\u00eang ti\u00eau chu\u1ea9n \u0111\u1ec3 t\u1ea1o n\u00ean b\u0103ng chuy\u1ec1n l\u1ea7n l\u01b0\u1ee3t \u0111\u01b0a nguy\u00ean li\u1ec7u, th\u00e0nh ph\u1ea9m, s\u1ea3n ph\u1ea9m t\u1eeb v\u1ecb tr\u00ed th\u1ea5p l\u00ean v\u1ecb tr\u00ed cao h\u01a1n &#8211; nhanh h\u01a1n<\/p>\n<p>B\u1ec1 m\u1eb7t b\u1ea3n l\u1ec1 \u0111\u01b0\u1ee3c l\u00e0m b\u1eb1ng inox cao c\u1ea5p ch\u1ed1ng han g\u1ec9, c\u00f9ng kh\u1ea3 n\u0103ng ch\u1ecbu nhi\u1ec7t t\u1ed1t gi\u00fap di chuy\u1ec3n nguy\u00ean li\u1ec7u m\u1ed9t c\u00e1ch \u1ed5n \u0111\u1ecbnh v\u00e0 an to\u00e0n tr\u00ean b\u0103ng truy\u1ec1n<\/p>\n<h2>C\u1ea5u t\u1ea1o b\u0103ng t\u1ea3i th\u1ee9c \u0103n ch\u0103n nu\u00f4i D400<\/h2>\n<p>C\u1ea5u t\u1ea1o b\u0103ng t\u1ea3i kh\u00e1 \u0111\u01a1n gi\u1ea3n, v\u1edbi b\u1ec1 m\u1eb7t b\u1eb1ng t\u1ea3i \u0111\u01b0\u1ee3c thi\u1ebft k\u1ebf g\u1ed3m c\u00e1c m\u1eaft x\u00edch inox li\u00ean k\u1ebft v\u1edbi nhau theo chi\u1ec1u d\u1ecdc<\/p>\n<h3>C\u1ea5u tr\u00fac b\u1ea3n l\u1ec1<\/h3>\n<p>Khung \u0111\u1ee1 l\u00e0 b\u1ed9 ph\u1eadn quan tr\u1ecdng gi\u1eef to\u00e0n b\u1ed9 tr\u1ecdng l\u1ef1c b\u0103ng t\u1ea3i, v\u1edbi thi\u1ebft k\u1ebf ch\u1eafc ch\u1eafn \u0111\u1ea3m b\u1ea3o \u1ed5n \u0111\u1ecbnh kh\u00f4ng g\u00e2y rung l\u1eafc v\u00e0 an to\u00e0n trong qu\u00e1 tr\u00ecnh v\u1eadn h\u00e0nh<\/p>\n<p><img loading=\"lazy\" decoding=\"async\" class=\"aligncenter wp-image-9833 size-full\" src=\"https:\/\/congtybinhminh.com\/wp-content\/uploads\/2024\/07\/cau-tao-bo-bang-tai-thuc-an-chan-nuoi-d400_result222.webp\" alt=\"cau-tao-bo-bang-tai-thuc-an-chan-nuoi-d400_result222\" width=\"800\" height=\"702\" srcset=\"https:\/\/congtybinhminh.com\/wp-content\/uploads\/2024\/07\/cau-tao-bo-bang-tai-thuc-an-chan-nuoi-d400_result222.webp 800w, https:\/\/congtybinhminh.com\/wp-content\/uploads\/2024\/07\/cau-tao-bo-bang-tai-thuc-an-chan-nuoi-d400_result222-456x400.webp 456w, https:\/\/congtybinhminh.com\/wp-content\/uploads\/2024\/07\/cau-tao-bo-bang-tai-thuc-an-chan-nuoi-d400_result222-768x674.webp 768w, https:\/\/congtybinhminh.com\/wp-content\/uploads\/2024\/07\/cau-tao-bo-bang-tai-thuc-an-chan-nuoi-d400_result222-510x448.webp 510w\" sizes=\"auto, (max-width: 800px) 100vw, 800px\" \/><\/p>\n<p>Ph\u00eda d\u01b0\u1edbi ch\u00e2n m\u00e1y l\u1eafp \u0111\u1eb7t 4 b\u00e1nh xe thu\u1eadn ti\u1ec7n di chuy\u1ec3n v\u1ecb tr\u00ed \u0111\u1eb7t m\u00e1y<\/p>\n<h3>Toa n\u1ea1p v\u00e0 c\u1eeda x\u1ea3<\/h3>\n<p>Toa n\u1ea1p \u0111\u01b0\u1ee3c thi\u1ebft k\u1ebf d\u1ea1ng ph\u1ec5u \u0111\u1ee9ng l\u00e0m b\u1eb1ng ch\u1ea5t li\u1ec7u inox, \u0111\u00e2y l\u00e0 b\u1ed9 ph\u1eadn \u0111\u1ea7u gi\u1eef vai tr\u00f2 \u0111\u1ec3 ch\u1ee9a v\u00e0 d\u1eabn h\u01b0\u1edbng nguy\u00ean li\u1ec7u v\u00e0o tr\u1ee5c v\u00edt t\u1ea3i m\u1ed9t c\u00e1ch hi\u1ec7u qu\u1ea3<\/p>\n<p><img loading=\"lazy\" decoding=\"async\" class=\"aligncenter wp-image-9834 size-full\" src=\"https:\/\/congtybinhminh.com\/wp-content\/uploads\/2024\/07\/toa-nap-nguyen-lieu_result222.webp\" alt=\"toa-nap-nguyen-lieu_result222\" width=\"800\" height=\"582\" srcset=\"https:\/\/congtybinhminh.com\/wp-content\/uploads\/2024\/07\/toa-nap-nguyen-lieu_result222.webp 800w, https:\/\/congtybinhminh.com\/wp-content\/uploads\/2024\/07\/toa-nap-nguyen-lieu_result222-550x400.webp 550w, https:\/\/congtybinhminh.com\/wp-content\/uploads\/2024\/07\/toa-nap-nguyen-lieu_result222-768x559.webp 768w, https:\/\/congtybinhminh.com\/wp-content\/uploads\/2024\/07\/toa-nap-nguyen-lieu_result222-510x371.webp 510w\" sizes=\"auto, (max-width: 800px) 100vw, 800px\" \/><\/p>\n<p>Nguy\u00ean li\u1ec7u khi \u0111\u01b0\u1ee3c \u0111\u01b0a l\u00ean cao v\u1ecb tr\u00ed nh\u1ea5t \u0111inh, ch\u00fang \u0111\u01b0\u1ee3c t\u1eadp k\u1ebft v\u00e0 l\u1ea7n l\u01b0\u1ee3t cho ra ngo\u00e0i k\u1ebft th\u00fac 1 quy tr\u00ecnh v\u1eadn chuy\u1ec3n<\/p>\n<h3>Kh\u1ea3 n\u0103ng v\u1eadn chuy\u1ec3n<\/h3>\n<p>B\u0103ng t\u1ea3i b\u1ea3n l\u1ec1 nghi\u00eang c\u00f3 kh\u1ea3 n\u0103ng v\u1eadn chuy\u1ec3n c\u00e1c lo\u1ea1i nguy\u00ean li\u1ec7u th\u00f4 nh\u01b0 ng\u0169 c\u00f3c, c\u00e1m vi\u00ean, .. t\u1eeb v\u1ecb tr\u00ed th\u1ea5p l\u00ean v\u1ecb tr\u00ed cao m\u1ed9t c\u00e1ch hi\u1ec7u qu\u1ea3<\/p>\n<p><img loading=\"lazy\" decoding=\"async\" class=\"aligncenter wp-image-9837 size-full\" src=\"https:\/\/congtybinhminh.com\/wp-content\/uploads\/2024\/07\/bang-tai-ban-le_result222.webp\" alt=\"bang-tai-ban-le_result222\" width=\"800\" height=\"600\" srcset=\"https:\/\/congtybinhminh.com\/wp-content\/uploads\/2024\/07\/bang-tai-ban-le_result222.webp 800w, https:\/\/congtybinhminh.com\/wp-content\/uploads\/2024\/07\/bang-tai-ban-le_result222-533x400.webp 533w, https:\/\/congtybinhminh.com\/wp-content\/uploads\/2024\/07\/bang-tai-ban-le_result222-768x576.webp 768w, https:\/\/congtybinhminh.com\/wp-content\/uploads\/2024\/07\/bang-tai-ban-le_result222-510x383.webp 510w\" sizes=\"auto, (max-width: 800px) 100vw, 800px\" \/><\/p>\n<p>Tr\u00ean b\u1ec1 m\u1eb7t b\u0103ng t\u1ea3i k\u1ebft h\u1ee3p v\u1edbi c\u00e1c thanh ngang t\u1ea1o th\u00e0nh c\u00e1c khoang ch\u1ee9a nh\u1ea5t \u0111\u1ecbnh, gi\u00fap nguy\u00ean li\u1ec7u kh\u00f4ng r\u01a1i ra ngo\u00e0i<\/p>\n<h3>H\u1ec7 th\u1ed1ng truy\u1ec3n \u0111\u1ed9ng<\/h3>\n<p>H\u1ec7 th\u1ed1ng truy\u1ec3n \u0111\u1ed9ng bao g\u1ed3m c\u00e1c b\u1ed9 ph\u1eadn nh\u01b0 b\u00e1nh r\u0103ng, d\u00e2y \u0111ai, x\u00edch v\u00e0 tr\u1ee5c c\u00e1c nhi\u1ec7m v\u1ee5 truy\u1ec1n n\u0103ng l\u01b0\u1ee3ng t\u1eeb \u0111\u1ed9ng c\u01a1 \u0111\u1ebfn tr\u1ee5c v\u00edt t\u1ea3i<\/p>\n<p><img loading=\"lazy\" decoding=\"async\" class=\"aligncenter wp-image-9838 size-full\" src=\"https:\/\/congtybinhminh.com\/wp-content\/uploads\/2024\/07\/bo-vit-tai-d400_result222-1.webp\" alt=\"bo-vit-tai-d400_result222\" width=\"800\" height=\"556\" srcset=\"https:\/\/congtybinhminh.com\/wp-content\/uploads\/2024\/07\/bo-vit-tai-d400_result222-1.webp 800w, https:\/\/congtybinhminh.com\/wp-content\/uploads\/2024\/07\/bo-vit-tai-d400_result222-1-576x400.webp 576w, https:\/\/congtybinhminh.com\/wp-content\/uploads\/2024\/07\/bo-vit-tai-d400_result222-1-768x534.webp 768w, https:\/\/congtybinhminh.com\/wp-content\/uploads\/2024\/07\/bo-vit-tai-d400_result222-1-510x354.webp 510w\" sizes=\"auto, (max-width: 800px) 100vw, 800px\" \/><\/p>\n<p>B\u0103ng t\u1ea3i s\u1eed d\u1ee5ng \u0111\u1ed9ng c\u01a1 1,5kw ngu\u1ed3n \u0111i\u1ec7n 3 pha. H\u1ec7 th\u1ed1ng n\u00e0y \u0111\u1ea3m b\u1ea3o s\u1ef1 ho\u1ea1t \u0111\u1ed9ng li\u00ean t\u1ee5c v\u00e0 \u1ed5n \u0111\u1ecbnh c\u1ee7a v\u00edt t\u1ea3i<\/p>\n<h3>H\u1ec7 th\u1ed1ng b\u1ea3ng \u0111i\u1ec1u khi\u1ec3n<\/h3>\n<p>Qu\u00e1 tr\u00ecnh b\u0103ng t\u1ea3i ho\u1ea1t \u0111\u1ed9ng th\u00f4ng qua h\u1ec7 th\u1ed1ng b\u1ea3ng \u0111i\u1ec1u khi\u1ec3n cho ph\u00e9p ng\u01b0\u1eddi d\u00f9ng ki\u1ec3m so\u00e1t qu\u00e1 tr\u00ecnh v\u1eadn h\u00e0nh, bao g\u1ed3m;<\/p>\n<p><img loading=\"lazy\" decoding=\"async\" class=\"aligncenter wp-image-9836 size-full\" src=\"https:\/\/congtybinhminh.com\/wp-content\/uploads\/2024\/07\/cong-tac-bang-dieu-khien_result222.webp\" alt=\"cong-tac-bang-dieu-khien_result222\" width=\"800\" height=\"556\" srcset=\"https:\/\/congtybinhminh.com\/wp-content\/uploads\/2024\/07\/cong-tac-bang-dieu-khien_result222.webp 800w, https:\/\/congtybinhminh.com\/wp-content\/uploads\/2024\/07\/cong-tac-bang-dieu-khien_result222-576x400.webp 576w, https:\/\/congtybinhminh.com\/wp-content\/uploads\/2024\/07\/cong-tac-bang-dieu-khien_result222-768x534.webp 768w, https:\/\/congtybinhminh.com\/wp-content\/uploads\/2024\/07\/cong-tac-bang-dieu-khien_result222-510x354.webp 510w\" sizes=\"auto, (max-width: 800px) 100vw, 800px\" \/><\/p>\n<ul>\n<li>N\u00fat b\u1eadt kh\u1edfi \u0111\u1ed9ng b\u0103ng t\u1ea3i<\/li>\n<li>N\u00fat t\u1eaft d\u1eebng b\u0103ng t\u1ea3i<\/li>\n<li>\u0110\u00e8n v\u00f4n hi\u1ec7n ngu\u1ed3n \u0111i\u1ec7n \u0111ang s\u1eed d\u1ee5ng<\/li>\n<\/ul>\n<h2>B\u0103ng t\u1ea3i th\u1ee9c \u0103n ch\u0103n nu\u00f4i D400 mang t\u1edbi gi\u1ea3i ph\u00e1p g\u00ec cho b\u1ea1n ?<\/h2>\n<p>&#8220;M\u00e1y m\u00f3c thay th\u1ebf s\u1ee9c ng\u01b0\u1eddi&#8221; vi\u1ec7c \u1ee9ng d\u1ee5ng b\u0103ng t\u1ea3i v\u00e0o s\u1ea3n xu\u1ea5t mang t\u1edbi nhi\u1ec1u l\u1ee3i \u00edch cho b\u1ea1n:<\/p>\n<ul>\n<li>Gi\u00fap di chuy\u1ec3n h\u00e0ng m\u1ed9t c\u00e1ch li\u00ean t\u1ee5c v\u00e0 \u1ed5n \u0111\u1ecbnh, t\u1eeb \u0111\u00f3 t\u0103ng hi\u1ec7u su\u1ea5t l\u00e0m vi\u1ec7c<\/li>\n<li>Thi\u1ebft k\u1ebf nghi\u00eang gi\u00fap ti\u1ebft ki\u1ec7m kh\u00f4ng gian s\u00e0n v\u00e0 t\u1ed1i \u01b0u h\u00f3a di\u1ec7n t\u00edch s\u1eed d\u1ee5ng trong nh\u00e0 m\u00e1y ho\u1eb7c kho b\u00e3i<\/li>\n<li>C\u1ea5u tr\u00fac b\u1ea3n l\u1ec1 ch\u1eafc ch\u1eafn \u0111\u01b0\u1ee3c chia th\u00e0nh c\u00e1c khoang ch\u1ee9a gi\u00fap gi\u1ea3m nguy c\u01a1 tr\u01b0\u1ee3t ho\u1eb7c r\u01a1i nguy\u00ean li\u1ec7u, \u0111\u1ea3m b\u1ea3o an to\u00e0n trong qu\u00e1 tr\u00ecnh v\u1eadn chuy\u1ec3n<\/li>\n<li>\u1ee8ng d\u1ee5ng trong nhi\u1ec1u ng\u00e0nh ngh\u1ec1 kh\u00e1c nhau t\u1eeb s\u1ea3n xu\u1ea5t, kho v\u1eadn, n\u00f4ng nghi\u1ec7p..<\/li>\n<\/ul>\n<h2>\u0110\u1ecba ch\u1ec9 b\u1ed9 b\u0103ng t\u1ea3i gi\u00e1 g\u1ed1c s\u1ea3n xu\u1ea5t t\u1ea1i H\u00e0 N\u1ed9i<\/h2>\n<p>\u0110\u1ec3 \u0111\u1eb7t mua h\u00e0ng ch\u00ednh h\u00e3ng, b\u00e0 con c\u00f3 th\u1ec3 \u0111\u1ebfn tr\u1ee5 s\u1edf g\u1ea7n nh\u1ea5t c\u1ee7a c\u00f4ng ty \u0111\u1ec3 xem v\u00e0 \u0111\u1eb7t mua h\u00e0ng:<\/p>\n<ul>\n<li>Tr\u1ee5 s\u1edf ch\u00ednh: p. L\u00ea L\u1ee3i &#8211; Tx S\u01a1n T\u00e2y &#8211; H\u00e0 N\u1ed9i<\/li>\n<li>Chi nh\u00e1nh mi\u1ec1n Nam: x\u00e3 T\u00e2n Ki\u00ean &#8211; H. B\u00ecnh Ch\u00e1nh &#8211; TP H\u1ed3 Ch\u00ed Minh<\/li>\n<\/ul>\n<p><img loading=\"lazy\" decoding=\"async\" class=\"aligncenter wp-image-9835 size-full\" src=\"https:\/\/congtybinhminh.com\/wp-content\/uploads\/2024\/07\/dia-chi-ban-bo-bang-tai_result222.webp\" alt=\"dia-chi-ban-bo-bang-tai_result222\" width=\"800\" height=\"1105\" srcset=\"https:\/\/congtybinhminh.com\/wp-content\/uploads\/2024\/07\/dia-chi-ban-bo-bang-tai_result222.webp 800w, https:\/\/congtybinhminh.com\/wp-content\/uploads\/2024\/07\/dia-chi-ban-bo-bang-tai_result222-290x400.webp 290w, https:\/\/congtybinhminh.com\/wp-content\/uploads\/2024\/07\/dia-chi-ban-bo-bang-tai_result222-579x800.webp 579w, https:\/\/congtybinhminh.com\/wp-content\/uploads\/2024\/07\/dia-chi-ban-bo-bang-tai_result222-768x1061.webp 768w, https:\/\/congtybinhminh.com\/wp-content\/uploads\/2024\/07\/dia-chi-ban-bo-bang-tai_result222-510x704.webp 510w\" sizes=\"auto, (max-width: 800px) 100vw, 800px\" \/><\/p>\n<p>Khi \u0111\u1ebfn \u0111\u00e2y, b\u00e0 con s\u1ebd \u0111\u01b0\u1ee3c th\u1eed nghi\u1ec7m v\u1eadn h\u00e0nh m\u00e1y d\u01b0\u1edbi s\u1ef1 h\u01b0\u1edbng d\u1eabn c\u1ee7a \u0111\u1ed9i ng\u0169 k\u1ef9 thu\u1eadt<\/p>\n<p>\u0110\u1ed1i v\u1edbi b\u00e0 con \u1edf xa, c\u00f3 th\u1ec3 li\u00ean h\u1ec7 t\u1edbi s\u1ed1 \u0111i\u1ec7n tho\u1ea1i Hotline tr\u00ean website ho\u1eb7c \u0111\u1ec3 l\u1ea1i l\u1eddi nh\u1eafn \u0111\u1ed9i ng\u0169 t\u01b0 v\u1ea5n s\u1ebd li\u00ean h\u1ec7 b\u00e0 con trong th\u1eddi gian s\u1edbm nh\u1ea5t<\/p>\n<p><strong>Th\u00f4ng s\u1ed1 k\u1ef9 thu\u1eadt\u00a0<\/strong><\/p>\n<table border=\"1\" cellspacing=\"1\" cellpadding=\"1\">\n<tbody>\n<tr>\n<td colspan=\"1\" rowspan=\"3\">\u0110\u1ed9ng c\u01a1<\/td>\n<td>C\u00f4ng su\u1ea5t \u0111\u1ed9ng c\u01a1<\/td>\n<td>\u0111\u1ed9ng c\u01a1 gi\u1ea3m t\u1ed1c 1.5kw<\/td>\n<\/tr>\n<tr>\n<td>Ngu\u1ed3n \u0111i\u1ec7n<\/td>\n<td>\u00a0380V<\/td>\n<\/tr>\n<tr>\n<td>T\u1ed1c \u0111\u1ed9<\/td>\n<td>v\/p<\/td>\n<\/tr>\n<tr>\n<td colspan=\"1\" rowspan=\"2\">B\u1ea3o h\u00e0nh<\/td>\n<td>K\u1ef9 thu\u1eadt<\/td>\n<td>\u00a006 th\u00e1ng<\/td>\n<\/tr>\n<tr>\n<td>\u0110\u1ed9ng c\u01a1<\/td>\n<td>\u00a0Theo t\u1eebng h\u00e3ng s\u1ea3n xu\u1ea5t<\/td>\n<\/tr>\n<tr>\n<td>N\u0103ng su\u1ea5t<\/td>\n<td colspan=\"2\" rowspan=\"1\">\u00a0kg\/gi\u1edd<\/td>\n<\/tr>\n<tr>\n<td>K\u00edch th\u01b0\u1edbc (d*c*r)<\/td>\n<td colspan=\"2\" rowspan=\"1\">\u00a0255* 217 (\u0111i\u1ec3m cao nh\u1ea5t) *67 cm<\/td>\n<\/tr>\n<tr>\n<td>H\u00ecnh th\u1ee9c than to\u00e1n<\/td>\n<td colspan=\"2\" rowspan=\"1\">Ti\u1ec1n m\u1eb7t ho\u1eb7c chuy\u1ec3n kho\u1ea3n<\/td>\n<\/tr>\n<\/tbody>\n<\/table>\n","protected":false},"excerpt":{"rendered":"<ul>\n<li><strong>H\u00e3ng s\u1ea3n xu\u1ea5t:<\/strong> B\u00ecnh Minh<\/li>\n<li><strong>C\u00f4ng su\u1ea5t \u0111\u1ed9ng c\u01a1:<\/strong>\u00a0\u0111\u1ed9ng c\u01a1 gi\u1ea3m t\u1ed1c 1.5kw<\/li>\n<li><strong>Ngu\u1ed3n \u0111i\u1ec7n:<\/strong>\u00a0380V<\/li>\n<li><strong>K\u00edch th\u01b0\u1edbc (d*c*r):<\/strong>\u00a0255*217*67 cm<\/li>\n<li><strong>T\u00ednh n\u0103ng:<\/strong>\u00a0v\u00edt t\u1ea3i b\u1ea3n l\u1ec1 nghi\u00eang thi\u1ebf<\/li>\n<\/ul>\n","protected":false},"featured_media":9826,"comment_status":"closed","ping_status":"closed","template":"","meta":[],"product_brand":[],"product_cat":[215],"product_tag":[],"class_list":{"0":"post-9825","1":"product","2":"type-product","3":"status-publish","4":"has-post-thumbnail","6":"product_cat-bang-tai","8":"first","9":"instock","10":"shipping-taxable","11":"product-type-simple"},"_links":{"self":[{"href":"https:\/\/congtybinhminh.com\/index.php?rest_route=\/wp\/v2\/product\/9825","targetHints":{"allow":["GET"]}}],"collection":[{"href":"https:\/\/congtybinhminh.com\/index.php?rest_route=\/wp\/v2\/product"}],"about":[{"href":"https:\/\/congtybinhminh.com\/index.php?rest_route=\/wp\/v2\/types\/product"}],"replies":[{"embeddable":true,"href":"https:\/\/congtybinhminh.com\/index.php?rest_route=%2Fwp%2Fv2%2Fcomments&post=9825"}],"wp:featuredmedia":[{"embeddable":true,"href":"https:\/\/congtybinhminh.com\/index.php?rest_route=\/wp\/v2\/media\/9826"}],"wp:attachment":[{"href":"https:\/\/congtybinhminh.com\/index.php?rest_route=%2Fwp%2Fv2%2Fmedia&parent=9825"}],"wp:term":[{"taxonomy":"product_brand","embeddable":true,"href":"https:\/\/congtybinhminh.com\/index.php?rest_route=%2Fwp%2Fv2%2Fproduct_brand&post=9825"},{"taxonomy":"product_cat","embeddable":true,"href":"https:\/\/congtybinhminh.com\/index.php?rest_route=%2Fwp%2Fv2%2Fproduct_cat&post=9825"},{"taxonomy":"product_tag","embeddable":true,"href":"https:\/\/congtybinhminh.com\/index.php?rest_route=%2Fwp%2Fv2%2Fproduct_tag&post=9825"}],"curies":[{"name":"wp","href":"https:\/\/api.w.org\/{rel}","templated":true}]}}