{"id":9812,"date":"2024-07-25T09:53:59","date_gmt":"2024-07-25T02:53:59","guid":{"rendered":"https:\/\/congtybinhminh.com\/?post_type=product&#038;p=9812"},"modified":"2024-08-12T07:10:21","modified_gmt":"2024-08-12T00:10:21","slug":"may-dun-mi-2-nong-inox","status":"publish","type":"product","link":"https:\/\/congtybinhminh.com\/?product=may-dun-mi-2-nong-inox","title":{"rendered":"M\u00e1y \u0111\u00f9n m\u00ec 2 n\u00f2ng inox"},"content":{"rendered":"<h2>Video ho\u1ea1t \u0111\u1ed9ng c\u1ee7a m\u00e1y<\/h2>\n<p><iframe loading=\"lazy\" title=\"T\u01b0 V\u1ea5n C\u1eadp Nh\u1eadp Gi\u00e1 B\u00e1n M\u00e1y \u0110\u00f9n M\u00ec 2 N\u00f2ng Inox S\u1ea3n Xu\u1ea5t M\u00ec Ph\u1edf Kh\u00f4 Hi\u1ec7n \u0110\u1ea1i 2024\" width=\"1020\" height=\"574\" src=\"https:\/\/www.youtube.com\/embed\/vdmxdg0kNcI?feature=oembed\" frameborder=\"0\" allow=\"accelerometer; autoplay; clipboard-write; encrypted-media; gyroscope; picture-in-picture; web-share\" referrerpolicy=\"strict-origin-when-cross-origin\" allowfullscreen><\/iframe><\/p>\n<h2>Gi\u1edbi thi\u1ec7u m\u00e1y \u0111\u00f9n m\u00ec 2 n\u00f2ng inox<\/h2>\n<p>M\u00e1y \u0111\u00f9n m\u00ec 2 n\u00f2ng inox do c\u00f4ng ty B\u00ecnh Minh s\u1ea3n xu\u1ea5t kh\u00f4ng ch\u1ec9 l\u00e0 thi\u1ebft b\u1ecb l\u00e0m m\u00ec kh\u00f4 m\u00e0 c\u00f2n l\u00e0 ch\u00eca kh\u00f3a \u0111\u1ec3 b\u1ea1n m\u1edf r\u1ed9ng th\u1ecb tr\u01b0\u1eddng v\u00e0 n\u00e2ng cao n\u0103ng l\u1ef1c c\u1ea1nh tranh.<\/p>\n<p><img loading=\"lazy\" decoding=\"async\" class=\"aligncenter wp-image-9818 size-full\" src=\"https:\/\/congtybinhminh.com\/wp-content\/uploads\/2024\/07\/may-dun-mi-2-nong-inox-binh-minh_result222.webp\" alt=\"may-dun-mi-2-nong-inox-binh-minh_result222\" width=\"800\" height=\"1078\" srcset=\"https:\/\/congtybinhminh.com\/wp-content\/uploads\/2024\/07\/may-dun-mi-2-nong-inox-binh-minh_result222.webp 800w, https:\/\/congtybinhminh.com\/wp-content\/uploads\/2024\/07\/may-dun-mi-2-nong-inox-binh-minh_result222-297x400.webp 297w, https:\/\/congtybinhminh.com\/wp-content\/uploads\/2024\/07\/may-dun-mi-2-nong-inox-binh-minh_result222-594x800.webp 594w, https:\/\/congtybinhminh.com\/wp-content\/uploads\/2024\/07\/may-dun-mi-2-nong-inox-binh-minh_result222-768x1035.webp 768w, https:\/\/congtybinhminh.com\/wp-content\/uploads\/2024\/07\/may-dun-mi-2-nong-inox-binh-minh_result222-510x687.webp 510w\" sizes=\"auto, (max-width: 800px) 100vw, 800px\" \/><\/p>\n<p>V\u1edbi thi\u1ebft k\u1ebf inox cao c\u1ea5p \u0111\u1ea3m b\u1ea3o m\u00e1y lu\u00f4n ho\u1ea1t \u0111\u1ed9ng \u1ed5n \u0111\u1ecbnh v\u00e0 b\u1ec1n b\u1ec9 m\u00e0 kh\u00f4ng ph\u1ea3i m\u1ea5t nhi\u1ec1u th\u1eddi gian v\u00e0 c\u00f4ng s\u1ee9c,<\/p>\n<p>Qu\u00e1 tr\u00ecnh m\u00e1y ch\u1ea1y t\u1ef1 \u0111\u1ed9ng gi\u00fap b\u1ea1n t\u1ea1o ra nh\u1eefng s\u1ee3i m\u00ec kh\u00f4, ph\u1edf kh\u00f4 ch\u1ea5t l\u01b0\u1ee3ng \u0111\u00e1p \u1ee9ng ti\u00eau chu\u1ea9n an to\u00e0n th\u1ef1c ph\u1ea9m, gia t\u0103ng l\u1ee3i nhu\u1eadn v\u00e0 ph\u00e1t tri\u1ec3n kinh doanh m\u1ed9t c\u00e1ch hi\u1ec7u qu\u1ea3<\/p>\n<h2>C\u1ea5u t\u1ea1o m\u00e1y \u0111\u00f9n m\u00ec 2 n\u00f2ng inox<\/h2>\n<p>Thu\u1ed9c d\u00f2ng m\u00e1y th\u1ef1c ph\u1ea9m v\u1edbi thi\u1ebft k\u1ebf hi\u1ec7n \u0111\u1ea1i, khung m\u00e1y \u0111\u01b0\u1ee3c h\u00e0n g\u1eafn ch\u1eafc ch\u1eafn kh\u00f4ng g\u00e2y rung l\u1eafc trong qu\u00e1 tr\u00ecnh l\u00e0m m\u00ec<\/p>\n<p><img loading=\"lazy\" decoding=\"async\" class=\"aligncenter wp-image-9819 size-full\" src=\"https:\/\/congtybinhminh.com\/wp-content\/uploads\/2024\/07\/cau-tao-may-dun-mi-2-nong-inox-binh-minh_result222.webp\" alt=\"cau-tao-may-dun-mi-2-nong-inox-binh-minh_result222\" width=\"800\" height=\"636\" srcset=\"https:\/\/congtybinhminh.com\/wp-content\/uploads\/2024\/07\/cau-tao-may-dun-mi-2-nong-inox-binh-minh_result222.webp 800w, https:\/\/congtybinhminh.com\/wp-content\/uploads\/2024\/07\/cau-tao-may-dun-mi-2-nong-inox-binh-minh_result222-503x400.webp 503w, https:\/\/congtybinhminh.com\/wp-content\/uploads\/2024\/07\/cau-tao-may-dun-mi-2-nong-inox-binh-minh_result222-768x611.webp 768w, https:\/\/congtybinhminh.com\/wp-content\/uploads\/2024\/07\/cau-tao-may-dun-mi-2-nong-inox-binh-minh_result222-510x405.webp 510w\" sizes=\"auto, (max-width: 800px) 100vw, 800px\" \/><\/p>\n<p>M\u00e1y m\u00ec 2 n\u00f2ng c\u1ea3i ti\u1ebfn v\u1edbi h\u1ec7 th\u1ed1ng xilanh v\u00e0 tr\u1ee5c xo\u1eafn b\u1ed9 ph\u1eadn tr\u1ef1c ti\u1ebfp ti\u1ebfp x\u00fac v\u1edbi b\u1ed9t hay nguy\u00ean li\u1ec7u l\u00e0m m\u00ec \u0111\u01b0\u1ee3c l\u00e0m b\u1eb1ng ch\u1ea5t li\u1ec7u inox cao c\u1ea5p \u0111\u1ea3m b\u1ea3o v\u1ec7 sinh an to\u00e0n th\u1ef1c ph\u1ea9m<\/p>\n<p><img loading=\"lazy\" decoding=\"async\" class=\"aligncenter wp-image-9820 size-full\" src=\"https:\/\/congtybinhminh.com\/wp-content\/uploads\/2024\/07\/truc-xoan-may-mi_result222.webp\" alt=\"truc-xoan-may-mi_result222\" width=\"800\" height=\"1239\" srcset=\"https:\/\/congtybinhminh.com\/wp-content\/uploads\/2024\/07\/truc-xoan-may-mi_result222.webp 800w, https:\/\/congtybinhminh.com\/wp-content\/uploads\/2024\/07\/truc-xoan-may-mi_result222-258x400.webp 258w, https:\/\/congtybinhminh.com\/wp-content\/uploads\/2024\/07\/truc-xoan-may-mi_result222-517x800.webp 517w, https:\/\/congtybinhminh.com\/wp-content\/uploads\/2024\/07\/truc-xoan-may-mi_result222-768x1189.webp 768w, https:\/\/congtybinhminh.com\/wp-content\/uploads\/2024\/07\/truc-xoan-may-mi_result222-510x790.webp 510w\" sizes=\"auto, (max-width: 800px) 100vw, 800px\" \/><\/p>\n<p>H\u1ec7 th\u1ed1ng tr\u1ee5c xo\u1eafn trong bu\u1ed3ng l\u00e0m vi\u1ec7c t\u1ea1o nhi\u1ec7t l\u00e0m ch\u00edn b\u1ed9t v\u00e0 \u0111\u01b0a h\u1ed7n h\u1ee3p b\u1ed9t qua khu\u00f4ng t\u1ea1o th\u00e0nh s\u1ee3i m\u00ec<\/p>\n<p><img loading=\"lazy\" decoding=\"async\" class=\"aligncenter wp-image-9821 size-full\" src=\"https:\/\/congtybinhminh.com\/wp-content\/uploads\/2024\/07\/sang-may-mi_result222.webp\" alt=\"sang-may-mi_result222\" width=\"800\" height=\"636\" srcset=\"https:\/\/congtybinhminh.com\/wp-content\/uploads\/2024\/07\/sang-may-mi_result222.webp 800w, https:\/\/congtybinhminh.com\/wp-content\/uploads\/2024\/07\/sang-may-mi_result222-503x400.webp 503w, https:\/\/congtybinhminh.com\/wp-content\/uploads\/2024\/07\/sang-may-mi_result222-768x611.webp 768w, https:\/\/congtybinhminh.com\/wp-content\/uploads\/2024\/07\/sang-may-mi_result222-510x405.webp 510w\" sizes=\"auto, (max-width: 800px) 100vw, 800px\" \/><\/p>\n<ul>\n<li>S\u00e0ng b\u00fan kh\u00f4: 0.7mm; 0.8mm; 0.9mm; 2mm..<\/li>\n<li>S\u00e0ng m\u00ec kh\u00f4, ph\u1edf kh\u00f4: 2.5mm; 3mm; 4mm; 4.5mm; 5mm..<\/li>\n<\/ul>\n<p>Th\u00edch h\u1ee3p s\u1eed d\u1ee5ng t\u1ea1i c\u00e1c h\u1ed9 gia \u0111\u00ecnh, c\u01a1 s\u1edf ch\u1ebf bi\u1ebfn quy m\u00f4 v\u1eeba v\u00e0 nh\u1ecf<\/p>\n<h2>M\u00e1y \u0111\u00f9n m\u00ec 2 n\u00f2ng inox mang t\u1edbi cho b\u1ea1n nh\u1eefng l\u1ee3i \u00edch g\u00ec ?<\/h2>\n<p>Ph\u1ee5c v\u1ee5 trong ng\u00e0nh th\u1ef1c ph\u1ea9m, m\u1ed7i thi\u1ebft b\u1ecb tham gia quy tr\u00ecnh \u0111\u1ec1u \u0111\u00f2i h\u1ecfi s\u1ef1 kh\u1eaft khe \u0111\u1ea3m b\u1ea3o v\u1ec7 sinh, vi\u1ec7c s\u1eed d\u1ee5ng m\u00e1y m\u00ec mang l\u1ea1i nhi\u1ec1u l\u1ee3i \u00edch cho b\u1ea1n:<\/p>\n<p><img loading=\"lazy\" decoding=\"async\" class=\"aligncenter wp-image-9822 size-full\" src=\"https:\/\/congtybinhminh.com\/wp-content\/uploads\/2024\/07\/lam-mi-kho_result222.webp\" alt=\"lam-mi-kho_result222\" width=\"800\" height=\"600\" srcset=\"https:\/\/congtybinhminh.com\/wp-content\/uploads\/2024\/07\/lam-mi-kho_result222.webp 800w, https:\/\/congtybinhminh.com\/wp-content\/uploads\/2024\/07\/lam-mi-kho_result222-533x400.webp 533w, https:\/\/congtybinhminh.com\/wp-content\/uploads\/2024\/07\/lam-mi-kho_result222-768x576.webp 768w, https:\/\/congtybinhminh.com\/wp-content\/uploads\/2024\/07\/lam-mi-kho_result222-510x383.webp 510w\" sizes=\"auto, (max-width: 800px) 100vw, 800px\" \/><\/p>\n<ul>\n<li>M\u00e1y \u0111\u00f9n \u0111a d\u1ea1ng k\u00edch c\u1ee1 s\u1ee3i m\u00ec &#8221; s\u1ee3i m\u00ec dai h\u01a1n &#8211; gi\u00f2n h\u01a1n &#8211; kh\u00f4ng b\u1ecb b\u1ebft d\u00ednh&#8221;<\/li>\n<li>D\u00e2y chuy\u1ec3n l\u00e0m m\u00ec kh\u00e9p k\u00edn \u0111\u1ea3m b\u1ea3o v\u1ec7 sinh an to\u00e0n th\u1ef1c ph\u1ea9m<\/li>\n<li>Qu\u00e1 tr\u00ecnh v\u1eadn h\u00e0nh t\u1ef1 \u0111\u1ed9ng, h\u1ea1n ch\u1ebf ti\u1ebfp x\u00fac v\u1edbi b\u00ean ngo\u00e0i kh\u00f4ng kh\u00ed \u1ea3nh h\u01b0\u1edfng \u0111\u1ebfn ch\u1ea5t l\u01b0\u1ee3ng c\u1ee7a th\u00e0nh ph\u1ea9m<\/li>\n<\/ul>\n<p><img loading=\"lazy\" decoding=\"async\" class=\"aligncenter wp-image-9823 size-full\" src=\"https:\/\/congtybinhminh.com\/wp-content\/uploads\/2024\/07\/xuong-lam-mi-kho-copy_result222.webp\" alt=\"xuong-lam-mi-kho copy_result222\" width=\"800\" height=\"732\" srcset=\"https:\/\/congtybinhminh.com\/wp-content\/uploads\/2024\/07\/xuong-lam-mi-kho-copy_result222.webp 800w, https:\/\/congtybinhminh.com\/wp-content\/uploads\/2024\/07\/xuong-lam-mi-kho-copy_result222-437x400.webp 437w, https:\/\/congtybinhminh.com\/wp-content\/uploads\/2024\/07\/xuong-lam-mi-kho-copy_result222-768x703.webp 768w, https:\/\/congtybinhminh.com\/wp-content\/uploads\/2024\/07\/xuong-lam-mi-kho-copy_result222-510x467.webp 510w\" sizes=\"auto, (max-width: 800px) 100vw, 800px\" \/><\/p>\n<ul>\n<li>\u1ee8ng d\u1ee5ng \u0111a d\u1ea1ng t\u1ea1i c\u00e1c h\u1ed9 gia \u0111\u00ecnh \u0111\u1ebfn c\u00e1c c\u01a1 s\u1edf s\u1ea3n xu\u1ea5t m\u00ec, g\u00f3p ph\u1ea7n t\u0103ng n\u0103ng su\u1ea5t &#8211; t\u1ea1o ra c\u01a1 h\u1ed9i m\u1edf r\u1ed9ng th\u1ecb tr\u01b0\u1eddng<\/li>\n<\/ul>\n<h2>\u0110\u1ecba ch\u1ec9 mua m\u00e1y \u0111\u00f9n m\u00ec kh\u00f4 gi\u00e1 t\u1ed1t t\u1ea1i H\u00e0 N\u1ed9i<\/h2>\n<p>\u0110\u1ec3 \u0111\u1eb7t mua h\u00e0ng ch\u00ednh h\u00e3ng, b\u00e0 con c\u00f3 th\u1ec3 \u0111\u1ebfn tr\u1ee5 s\u1edf g\u1ea7n nh\u1ea5t c\u1ee7a c\u00f4ng ty \u0111\u1ec3 xem v\u00e0 \u0111\u1eb7t mua h\u00e0ng:<\/p>\n<ul>\n<li>Tr\u1ee5 s\u1edf ch\u00ednh: P.L\u00ea L\u1ee3i &#8211; Tx S\u01a1n T\u00e2y &#8211; H\u00e0 N\u1ed9i<\/li>\n<li>Chi nh\u00e1nh mi\u1ec1n Nam; x\u00e3 T\u00e2n Ki\u00ean &#8211; H, B\u00ecnh Ch\u00e1nh &#8211; Tp H\u1ed3 Ch\u00ed Minh<\/li>\n<\/ul>\n<p><img loading=\"lazy\" decoding=\"async\" class=\"aligncenter wp-image-9824 size-full\" src=\"https:\/\/congtybinhminh.com\/wp-content\/uploads\/2024\/07\/dia-chi-ban-may-mi_result222.webp\" alt=\"dia-chi-ban-may-mi_result222\" width=\"800\" height=\"1206\" srcset=\"https:\/\/congtybinhminh.com\/wp-content\/uploads\/2024\/07\/dia-chi-ban-may-mi_result222.webp 800w, https:\/\/congtybinhminh.com\/wp-content\/uploads\/2024\/07\/dia-chi-ban-may-mi_result222-265x400.webp 265w, https:\/\/congtybinhminh.com\/wp-content\/uploads\/2024\/07\/dia-chi-ban-may-mi_result222-531x800.webp 531w, https:\/\/congtybinhminh.com\/wp-content\/uploads\/2024\/07\/dia-chi-ban-may-mi_result222-768x1158.webp 768w, https:\/\/congtybinhminh.com\/wp-content\/uploads\/2024\/07\/dia-chi-ban-may-mi_result222-510x769.webp 510w\" sizes=\"auto, (max-width: 800px) 100vw, 800px\" \/><\/p>\n<p>Khi \u0111\u1ebfn \u0111\u00e2y, b\u00e0 con s\u1ebd \u0111\u01b0\u1ee3c th\u1eed nghi\u1ec7m v\u1eadn h\u00e0nh m\u00e1y d\u01b0\u1edbi s\u1ef1 h\u01b0\u1edbng d\u1eabn c\u1ee7a \u0111\u1ed9i ng\u0169 k\u1ef9 thu\u1eadt<\/p>\n<p>\u0110\u1ed1i v\u1edbi b\u00e0 con \u1edf xa, c\u00f3 th\u1ec3 li\u00ean h\u1ec7 t\u1edbi s\u1ed1 \u0111i\u1ec7n tho\u1ea1i Hotline tr\u00ean website ho\u1eb7c \u0111\u1ec3 l\u1ea1i l\u1eddi nh\u1eafn \u0111\u1ed9i ng\u0169 t\u01b0 v\u1ea5n s\u1ebd li\u00ean h\u1ec7 t\u1edbi b\u00e0 con trong th\u1eddi gian s\u1edbm nh\u1ea5t<\/p>\n<p><strong>Th\u00f4ng s\u1ed1 k\u1ef9 thu\u1eadt\u00a0<\/strong><\/p>\n<table border=\"1\" cellspacing=\"1\" cellpadding=\"1\">\n<tbody>\n<tr>\n<td colspan=\"1\" rowspan=\"3\">\u0110\u1ed9ng c\u01a1<\/td>\n<td>C\u00f4ng su\u1ea5t \u0111\u1ed9ng c\u01a1<\/td>\n<td>15- 18.5kw<\/td>\n<\/tr>\n<tr>\n<td>Ngu\u1ed3n \u0111i\u1ec7n<\/td>\n<td>380V<\/td>\n<\/tr>\n<tr>\n<td>T\u1ed1c \u0111\u1ed9 m\u00e1y<\/td>\n<td><\/td>\n<\/tr>\n<tr>\n<td colspan=\"1\" rowspan=\"2\">M\u1eb7t s\u00e0ng<\/td>\n<td>C\u00e1c lo\u1ea1i s\u00e0ng b\u00fan<\/td>\n<td>0.7; 0.8; 0.9; 1; 1.2..(ly)<\/td>\n<\/tr>\n<tr>\n<td>C\u00e1c lo\u1ea1i s\u00e0ng m\u00ec<\/td>\n<td>2.5; 3; 3.5; 4; 5..(ly)<\/td>\n<\/tr>\n<tr>\n<td>N\u0103ng su\u1ea5t<\/td>\n<td colspan=\"2\" rowspan=\"1\">\u00a0\u00a0Kg\/gi\u1edd<\/td>\n<\/tr>\n<tr>\n<td>K\u00edch th\u01b0\u1edbc (d*c*r) \u0111\u1ea7u m\u00e1y m\u00ec<\/td>\n<td colspan=\"2\" rowspan=\"1\">76*40*54 cm<\/td>\n<\/tr>\n<tr>\n<td>H\u00ecnh th\u1ee9c thanh to\u00e1n<\/td>\n<td colspan=\"2\" rowspan=\"1\">Ti\u1ec1n m\u1eb7t ho\u1eb7c chuy\u1ec3n kho\u1ea3n<\/td>\n<\/tr>\n<\/tbody>\n<\/table>\n","protected":false},"excerpt":{"rendered":"<ul>\n<li><strong>H\u00e3ng s\u1ea3n xu\u1ea5t:<\/strong> B\u00ecnh Minh<\/li>\n<li><strong>C\u00f4ng su\u1ea5t \u0111\u1ed9ng c\u01a1:<\/strong>\u00a015 \u2013 18.5kw<\/li>\n<li><strong>Ngu\u1ed3n \u0111i\u1ec7n:<\/strong>\u00a0380V<\/li>\n<li><strong>K\u00edch th\u01b0\u1edbc (d*c*r) \u0111\u1ea7u m\u00e1y<\/strong>: 76*40*54 cm<\/li>\n<li><strong>T\u00ednh n\u0103ng:<\/strong>\u00a0m\u00e1y chuy\u00ean d\u00f9ng l\u00e0m m\u00ec kh\u00f4, b\u00fan kh\u00f4, ph\u1edf kh\u00f4 s\u1ea1ch t\u1eeb b\u1ed9t g\u1ea1o<\/li>\n<\/ul>\n","protected":false},"featured_media":9816,"comment_status":"closed","ping_status":"closed","template":"","meta":[],"product_brand":[],"product_cat":[204],"product_tag":[],"class_list":{"0":"post-9812","1":"product","2":"type-product","3":"status-publish","4":"has-post-thumbnail","6":"product_cat-may-dun-my","8":"first","9":"instock","10":"shipping-taxable","11":"product-type-simple"},"_links":{"self":[{"href":"https:\/\/congtybinhminh.com\/index.php?rest_route=\/wp\/v2\/product\/9812","targetHints":{"allow":["GET"]}}],"collection":[{"href":"https:\/\/congtybinhminh.com\/index.php?rest_route=\/wp\/v2\/product"}],"about":[{"href":"https:\/\/congtybinhminh.com\/index.php?rest_route=\/wp\/v2\/types\/product"}],"replies":[{"embeddable":true,"href":"https:\/\/congtybinhminh.com\/index.php?rest_route=%2Fwp%2Fv2%2Fcomments&post=9812"}],"wp:featuredmedia":[{"embeddable":true,"href":"https:\/\/congtybinhminh.com\/index.php?rest_route=\/wp\/v2\/media\/9816"}],"wp:attachment":[{"href":"https:\/\/congtybinhminh.com\/index.php?rest_route=%2Fwp%2Fv2%2Fmedia&parent=9812"}],"wp:term":[{"taxonomy":"product_brand","embeddable":true,"href":"https:\/\/congtybinhminh.com\/index.php?rest_route=%2Fwp%2Fv2%2Fproduct_brand&post=9812"},{"taxonomy":"product_cat","embeddable":true,"href":"https:\/\/congtybinhminh.com\/index.php?rest_route=%2Fwp%2Fv2%2Fproduct_cat&post=9812"},{"taxonomy":"product_tag","embeddable":true,"href":"https:\/\/congtybinhminh.com\/index.php?rest_route=%2Fwp%2Fv2%2Fproduct_tag&post=9812"}],"curies":[{"name":"wp","href":"https:\/\/api.w.org\/{rel}","templated":true}]}}