{"id":9797,"date":"2024-07-22T10:57:14","date_gmt":"2024-07-22T03:57:14","guid":{"rendered":"https:\/\/congtybinhminh.com\/?post_type=product&#038;p=9797"},"modified":"2024-07-22T10:58:01","modified_gmt":"2024-07-22T03:58:01","slug":"may-xay-nhuyen-rau-cu-qua","status":"publish","type":"product","link":"https:\/\/congtybinhminh.com\/?product=may-xay-nhuyen-rau-cu-qua","title":{"rendered":"M\u00e1y xay nhuy\u1ec5n rau c\u1ee7 qu\u1ea3"},"content":{"rendered":"<h2>Gi\u1edbi thi\u1ec7u m\u00e1y xay nhuy\u1ec5n rau c\u1ee7 qu\u1ea3<\/h2>\n<p>M\u00e1y xay nhuy\u1ec5n rau c\u1ee7 qu\u1ea3 do c\u00f4ng ty B\u00ecnh Minh s\u1ea3n xu\u1ea5t &#8211; s\u1ef1 l\u1ef1a ch\u1ecdn ho\u00e0n h\u1ea3o cho nh\u1eefng ai mu\u1ed1n ti\u1ebft ki\u1ec7m th\u1eddi gian v\u00e0 c\u00f4ng s\u1ee9c trong vi\u1ec7c ch\u1ebf bi\u1ebfn th\u1ef1c ph\u1ea9m.<\/p>\n<p><img loading=\"lazy\" decoding=\"async\" class=\"aligncenter wp-image-9804 size-full\" src=\"https:\/\/congtybinhminh.com\/wp-content\/uploads\/2024\/07\/may-xay-nhuyen-rau-cu-qua-binh-minh_result222.webp\" alt=\"may-xay-nhuyen-rau-cu-qua-binh-minh_result222\" width=\"800\" height=\"1078\" srcset=\"https:\/\/congtybinhminh.com\/wp-content\/uploads\/2024\/07\/may-xay-nhuyen-rau-cu-qua-binh-minh_result222.webp 800w, https:\/\/congtybinhminh.com\/wp-content\/uploads\/2024\/07\/may-xay-nhuyen-rau-cu-qua-binh-minh_result222-297x400.webp 297w, https:\/\/congtybinhminh.com\/wp-content\/uploads\/2024\/07\/may-xay-nhuyen-rau-cu-qua-binh-minh_result222-594x800.webp 594w, https:\/\/congtybinhminh.com\/wp-content\/uploads\/2024\/07\/may-xay-nhuyen-rau-cu-qua-binh-minh_result222-768x1035.webp 768w, https:\/\/congtybinhminh.com\/wp-content\/uploads\/2024\/07\/may-xay-nhuyen-rau-cu-qua-binh-minh_result222-510x687.webp 510w\" sizes=\"auto, (max-width: 800px) 100vw, 800px\" \/><\/p>\n<p>V\u1edbi thi\u1ebft k\u1ebf chuy\u00ean nghi\u1ec7p, m\u00e1y gi\u00fap xay nhuy\u1ec5n c\u00e1c lo\u1ea1i rau c\u1ee7 m\u1ed9t c\u00e1ch nhanh ch\u00f3ng v\u00e0 hi\u1ec7u qu\u1ea3, \u0111\u1ea3m b\u1ea3o nguy\u00ean li\u1ec7u \u0111\u01b0\u1ee3c xay nhuy\u1ec5n \u0111\u1ed3ng \u0111\u1ec1u<\/p>\n<p><img loading=\"lazy\" decoding=\"async\" class=\"aligncenter wp-image-9805 size-full\" src=\"https:\/\/congtybinhminh.com\/wp-content\/uploads\/2024\/07\/may-xay-nhuyen-chuoi_result222.webp\" alt=\"may-xay-nhuyen-chuoi_result222\" width=\"800\" height=\"893\" srcset=\"https:\/\/congtybinhminh.com\/wp-content\/uploads\/2024\/07\/may-xay-nhuyen-chuoi_result222.webp 800w, https:\/\/congtybinhminh.com\/wp-content\/uploads\/2024\/07\/may-xay-nhuyen-chuoi_result222-358x400.webp 358w, https:\/\/congtybinhminh.com\/wp-content\/uploads\/2024\/07\/may-xay-nhuyen-chuoi_result222-717x800.webp 717w, https:\/\/congtybinhminh.com\/wp-content\/uploads\/2024\/07\/may-xay-nhuyen-chuoi_result222-768x857.webp 768w, https:\/\/congtybinhminh.com\/wp-content\/uploads\/2024\/07\/may-xay-nhuyen-chuoi_result222-510x569.webp 510w\" sizes=\"auto, (max-width: 800px) 100vw, 800px\" \/><\/p>\n<p>Kh\u00f4ng ch\u1ec9 \u0111em l\u1ea1i n\u0103ng su\u1ea5t cao m\u00e0 c\u00f2n gi\u00fap qu\u00e1 tr\u00ecnh xay tr\u1edf n\u00ean d\u1ec5 d\u00e0ng. Nhanh &#8211; g\u1ecdn \u0111a d\u1ea1ng c\u00e1c lo\u1ea1i nguy\u00ean li\u1ec7u nh\u01b0;<\/p>\n<ul>\n<li>Xay c\u00e1c lo\u1ea1i c\u1ee7 qu\u1ea3 nh\u01b0: khoai t\u00e2y, c\u00e0 r\u1ed1t, b\u00ed \u0111\u1ecf, chu\u1ed1i&#8230;<\/li>\n<li>Xay c\u00e1c lo\u1ea1i gia v\u1ecb: \u1edbt, t\u1ecfi, g\u1eebng, gi\u1ec1ng, ngh\u1ec7&#8230; l\u00e0m nguy\u00ean li\u1ec7u gia v\u1ecb<\/li>\n<li>Xay th\u1ef1c ph\u1ea9m t\u01b0\u01a1i s\u1ed1ng: th\u1ecbt, t\u00f4m, c\u00e1..<\/li>\n<\/ul>\n<h2>C\u1ea5u t\u1ea1o m\u00e1y xay nhuy\u1ec5n rau c\u1ee7 qu\u1ea3<\/h2>\n<h3>Khung m\u00e1y ch\u1eafc ch\u1eafn<\/h3>\n<p>M\u00e1y xay \u0111\u01b0\u1ee3c l\u00e0m b\u1eb1ng ch\u1ea5t li\u1ec7u inox cao c\u1ea5p kh\u00f4ng han g\u1ec9 trong qu\u00e1 tr\u00ecnh s\u1eed d\u1ee5ng, \u0111\u1ea3m b\u1ea3o v\u1ec7 sinh an to\u00e0n th\u1ef1c ph\u1ea9m<\/p>\n<p><img loading=\"lazy\" decoding=\"async\" class=\"aligncenter wp-image-9806 size-full\" src=\"https:\/\/congtybinhminh.com\/wp-content\/uploads\/2024\/07\/cau-tao-may-xay-nhuyen-rau-cu-qua_result222.webp\" alt=\"cau-tao-may-xay-nhuyen-rau-cu-qua_result222\" width=\"800\" height=\"600\" srcset=\"https:\/\/congtybinhminh.com\/wp-content\/uploads\/2024\/07\/cau-tao-may-xay-nhuyen-rau-cu-qua_result222.webp 800w, https:\/\/congtybinhminh.com\/wp-content\/uploads\/2024\/07\/cau-tao-may-xay-nhuyen-rau-cu-qua_result222-533x400.webp 533w, https:\/\/congtybinhminh.com\/wp-content\/uploads\/2024\/07\/cau-tao-may-xay-nhuyen-rau-cu-qua_result222-768x576.webp 768w, https:\/\/congtybinhminh.com\/wp-content\/uploads\/2024\/07\/cau-tao-may-xay-nhuyen-rau-cu-qua_result222-510x383.webp 510w\" sizes=\"auto, (max-width: 800px) 100vw, 800px\" \/><\/p>\n<p>Thi\u1ebft k\u1ebf nh\u1ecf g\u1ecdn kh\u00f4ng chi\u1ebfm nhi\u1ec1u di\u1ec7n t\u00edch, ph\u00eda d\u01b0\u1edbi ch\u00e2n m\u00e1y l\u1eafp \u0111\u1eb7t 4 b\u00e1nh xe thu\u1eadn ti\u1ec7n di chuy\u1ec3n v\u1ecb tr\u00ed \u0111\u1eb7t m\u00e1y<\/p>\n<h3>H\u1ec7 th\u1ed1ng dao b\u0103m s\u1eafc b\u00e9n<\/h3>\n<p>Nguy\u00ean li\u1ec7u khi \u0111\u01b0\u1ee3c \u0111\u01b0a v\u00e0o bu\u1ed3ng b\u0103m, h\u1ec7 th\u1ed1ng l\u01b0\u1ee1i dao b\u0103m ho\u1ea1t \u0111\u1ed9ng v\u1edbi t\u1ed1c \u0111\u1ed9 cao, b\u0103m nhuy\u1ec5n nguy\u00ean li\u1ec7u \u0111\u1ebfn khi \u0111\u1ea1t ti\u00eau chu\u1ea9n \u0111\u1ed3ng \u0111\u1ec1u<\/p>\n<p>H\u1ec7 th\u1ed1ng bu\u1ed3ng dao b\u0103m g\u1ed3m 3 dao 2 l\u01b0\u1ee1i s\u1eafc b\u00e9n ho\u1ea1t \u0111\u1ed9ng xay nhuy\u1ec5n nguy\u00ean li\u1ec7u. Ng\u01b0\u1eddi d\u00f9ng c\u00f3 th\u1ec3 th\u00e1o r\u1eddi l\u01b0\u1ee1i dao \u0111\u1ec3 v\u1ec7 sinh hay th\u00e1o l\u1eafp khi c\u00f3 d\u1ea5u hi\u1ec7u m\u00f2n, s\u1ee9t ho\u1eb7c m\u1ebb dao<\/p>\n<p><img loading=\"lazy\" decoding=\"async\" class=\"aligncenter wp-image-9808 size-full\" src=\"https:\/\/congtybinhminh.com\/wp-content\/uploads\/2024\/07\/dao-xay-rau-cu-qua_result222.webp\" alt=\"dao-xay-rau-cu-qua_result222\" width=\"800\" height=\"1481\" srcset=\"https:\/\/congtybinhminh.com\/wp-content\/uploads\/2024\/07\/dao-xay-rau-cu-qua_result222.webp 800w, https:\/\/congtybinhminh.com\/wp-content\/uploads\/2024\/07\/dao-xay-rau-cu-qua_result222-216x400.webp 216w, https:\/\/congtybinhminh.com\/wp-content\/uploads\/2024\/07\/dao-xay-rau-cu-qua_result222-432x800.webp 432w, https:\/\/congtybinhminh.com\/wp-content\/uploads\/2024\/07\/dao-xay-rau-cu-qua_result222-768x1422.webp 768w, https:\/\/congtybinhminh.com\/wp-content\/uploads\/2024\/07\/dao-xay-rau-cu-qua_result222-510x944.webp 510w\" sizes=\"auto, (max-width: 800px) 100vw, 800px\" \/><\/p>\n<p>Ph\u00eda tr\u01b0\u1edbc c\u1eeda x\u1ea3 c\u00f3 t\u1ea5m ch\u1eafn gi\u00fap ng\u01b0\u1eddi d\u00f9ng \u0111i\u1ec1u ch\u1ec9nh l\u01b0\u1ee3ng th\u00e0nh ph\u1ea9m tho\u00e1t ra ngo\u00e0i, ch\u1ec9 c\u1ea7n m\u1edf ch\u1ed1t v\u00e0 n\u00e2ng t\u1ea5m ch\u1eafn. V\u1eeba c\u00f3 th\u1ec3 theo d\u00f5i v\u1eeba gi\u00fap nguy\u00ean li\u1ec7u kh\u00f4ng b\u1ecb b\u1eafn ra ngo\u00e0i<\/p>\n<h3>H\u1ec7 th\u1ed1ng b\u1ea3ng \u0111i\u1ec1u khi\u1ec3n<\/h3>\n<p>Qu\u00e1 tr\u00ecnh m\u00e1y ho\u1ea1t \u0111\u1ed9ng th\u00f4ng qua b\u1ea3ng \u0111i\u1ec1u khi\u1ec3n tr\u1ef1c quan v\u00e0 d\u1ec5 s\u1eed d\u1ee5ng, bao g\u1ed3m:<\/p>\n<ul>\n<li>C\u00f4ng t\u1eafc aptomat<\/li>\n<li>N\u00fat b\u1eadt\/t\u1eaft<\/li>\n<li>\u0110\u00e8n b\u00e1o hi\u1ec7u ngu\u1ed3n \u0111i\u1ec7n \u0111ang s\u1eed d\u1ee5ng<\/li>\n<\/ul>\n<h3>\u0110\u1ed9ng c\u01a1 l\u00f5i d\u00e2y \u0111\u1ed3ng 100%<\/h3>\n<p>M\u00e1y xay nhuy\u1ec5n rau c\u1ee7 qu\u1ea3 s\u1eed d\u1ee5ng \u0111\u1ed9ng c\u01a1 7,5kw ngu\u1ed3n \u0111i\u1ec7n 3 pha motor l\u00f5i d\u00e2y \u0111\u1ed3ng 100%<\/p>\n<p>M\u1ecdi vi\u1ec7c \u0111\u01a1n gi\u1ea3n l\u00e0 ch\u1ec9 c\u1ea7n kh\u1edfi \u0111\u1ed9ng m\u00e1y v\u00e0 cho nguy\u00ean li\u1ec7u v\u00e0o bu\u1ed3ng b\u0103m.<\/p>\n<p>T\u1ea5t c\u1ea3 \u0111\u01b0\u1ee3c thi\u1ec7c hi\u1ec7n nhanh ch\u00f3ng v\u00e0 \u0111\u01a1n gi\u1ea3n, ti\u1ebft ki\u1ec7m\u00a0 t\u1ed1i \u0111a th\u1eddi gian cho ng\u01b0\u1eddi d\u00f9ng<\/p>\n<h2>\u0110\u1ecba ch\u1ec9 mua m\u00e1y xay rau c\u1ee7 qu\u1ea3 gi\u00e1 g\u1ed1c t\u1ea1i H\u00e0 N\u1ed9i<\/h2>\n<p>C\u00f4ng ty B\u00ecnh Minh &#8211; \u0111\u01a1n v\u1ecb tr\u1ef1c ti\u1ebfp ch\u1ebf t\u1ea1o m\u00e1y b\u0103m x\u01a1 d\u1eeba t\u1ea1i H\u00e0 N\u1ed9i v\u1edbi cam k\u1ebft h\u00e0ng m\u1edbi ch\u00ednh h\u00e3ng 100% &#8211; kh\u00f4ng qua \u0111\u1ea1i l\u00fd trung gian<\/p>\n<p>\u0110\u1ec3 \u0111\u1eb7t mua h\u00e0ng ch\u00ednh h\u00e3ng, b\u00e0 con c\u00f3 th\u1ec3 \u0111\u1ebfn tr\u1ef1c ti\u1ebfp c\u01a1 s\u1edf g\u1ea7n nh\u1ea5t<\/p>\n<ul>\n<li>Tr\u1ee5 s\u1edf ch\u00ednh: p.L\u00ea L\u1ee3i &#8211; Tx S\u01a1n T\u00e2y &#8211; H\u00e0 N\u1ed9i<\/li>\n<li>Chi nh\u00e1nh mi\u1ec1n Nam: x\u00e3 T\u00e2n Ki\u00ean &#8211; H. B\u00ecnh Ch\u00e1nh &#8211; TP H\u1ed3 Ch\u00ed Minh<\/li>\n<\/ul>\n<p><img loading=\"lazy\" decoding=\"async\" class=\"aligncenter wp-image-9807 size-full\" src=\"https:\/\/congtybinhminh.com\/wp-content\/uploads\/2024\/07\/dia-chi-san-xuat-may-xay_result222.webp\" alt=\"dia-chi-san-xuat-may-xay_result222\" width=\"800\" height=\"600\" srcset=\"https:\/\/congtybinhminh.com\/wp-content\/uploads\/2024\/07\/dia-chi-san-xuat-may-xay_result222.webp 800w, https:\/\/congtybinhminh.com\/wp-content\/uploads\/2024\/07\/dia-chi-san-xuat-may-xay_result222-533x400.webp 533w, https:\/\/congtybinhminh.com\/wp-content\/uploads\/2024\/07\/dia-chi-san-xuat-may-xay_result222-768x576.webp 768w, https:\/\/congtybinhminh.com\/wp-content\/uploads\/2024\/07\/dia-chi-san-xuat-may-xay_result222-510x383.webp 510w\" sizes=\"auto, (max-width: 800px) 100vw, 800px\" \/><\/p>\n<p>Khi \u0111\u1ebfn c\u00f4ng ty mua m\u00e1y, b\u00e0 con s\u1ebd \u0111\u01b0\u1ee3c th\u1eed nghi\u1ec7m v\u1eadn h\u00e0nh m\u00e1y d\u01b0\u1edbi s\u1ef1 h\u01b0\u1edbng d\u1eabn c\u1ee7a \u0111\u1ed9i ng\u0169 k\u1ef9 thu\u1eadt<\/p>\n<p>\u0110\u1ed1i v\u1edbi b\u00e0 con \u1edf xa, c\u00f3 th\u1ec3 li\u00ean h\u1ec7 t\u1edbi s\u1ed1 \u0111i\u1ec7n tho\u1ea1i Hotline tr\u00ean website ho\u1eb7c \u0111\u1ec3 l\u1ea1i ph\u1ea7n b\u00ecnh lu\u1eadn \u0111\u1ed9i ng\u0169 t\u01b0 v\u1ea5n s\u1ebd li\u00ean h\u1ec7 b\u00e0 con trong th\u1eddi gian s\u1edbm nh\u1ea5t<\/p>\n<p><strong>Th\u00f4ng s\u1ed1 k\u1ef9 thu\u1eadt\u00a0<\/strong><\/p>\n<table border=\"1\" cellspacing=\"1\" cellpadding=\"1\">\n<tbody>\n<tr>\n<td colspan=\"1\" rowspan=\"3\">\u0110\u1ed9ng c\u01a1<\/td>\n<td>C\u00f4ng su\u1ea5t \u0111\u1ed9ng c\u01a1<\/td>\n<td>7.5kw<\/td>\n<\/tr>\n<tr>\n<td>Ngu\u1ed3n \u0111i\u1ec7n<\/td>\n<td>380V<\/td>\n<\/tr>\n<tr>\n<td>T\u1ed1c \u0111\u1ed9 m\u00e1y<\/td>\n<td>V\/p<\/td>\n<\/tr>\n<tr>\n<td colspan=\"1\" rowspan=\"2\">B\u1ea3o h\u00e0nh<\/td>\n<td>K\u1ef9 thu\u1eadt<\/td>\n<td>\u00a006 th\u00e1ng<\/td>\n<\/tr>\n<tr>\n<td>\u0110\u1ed9ng c\u01a1<\/td>\n<td>Theo t\u1eebng h\u00e3ng s\u1ea3n xu\u1ea5t<\/td>\n<\/tr>\n<tr>\n<td>N\u0103ng su\u1ea5t<\/td>\n<td colspan=\"2\" rowspan=\"1\">\u00a0kg\/m\u1ebb<\/td>\n<\/tr>\n<tr>\n<td>K\u00edch th\u01b0\u1edbc (d*c*r)<\/td>\n<td colspan=\"2\" rowspan=\"1\">107*110*64 cm<\/td>\n<\/tr>\n<tr>\n<td>H\u00ecnh th\u1ee9c thanh to\u00e1n<\/td>\n<td colspan=\"2\" rowspan=\"1\">Ti\u1ec1n m\u1eb7t ho\u1eb7c chuy\u1ec3n kho\u1ea3n<\/td>\n<\/tr>\n<\/tbody>\n<\/table>\n","protected":false},"excerpt":{"rendered":"<ul>\n<li><strong>H\u00e3ng s\u1ea3n xu\u1ea5t:<\/strong> B\u00ecnh Minh<\/li>\n<li><strong>Ch\u1ea5t li\u1ec7u:<\/strong> inox<\/li>\n<li><strong>C\u00f4ng su\u1ea5t \u0111\u1ed9ng c\u01a1:<\/strong> 7,5kw<\/li>\n<li><strong>Ngu\u1ed3n \u0111i\u1ec7n<\/strong>: 380V<\/li>\n<li><strong>K\u00edch th\u01b0\u1edbc (d*c*r)<\/strong>: 107*110*64 cm<\/li>\n<li><strong>T\u00ednh n\u0103ng:<\/strong> m\u00e1y chuy\u00ean d\u00f9ng xay nhuy\u1ec5n c\u00e1c lo\u1ea1i rau, c\u1ee7, qu\u1ea3 th\u00edch h\u1ee3p s\u1eed d\u1ee5ng t\u1ea1i c\u00e1c h\u1ed9 gia \u0111\u00ecnh, c\u01a1 s\u1edf ch\u1ebf bi\u1ebfn th\u1ef1c ph\u1ea9m, n\u00f4ng nghi\u1ec7p<\/li>\n<\/ul>\n","protected":false},"featured_media":9798,"comment_status":"closed","ping_status":"closed","template":"","meta":[],"product_brand":[],"product_cat":[194],"product_tag":[],"class_list":{"0":"post-9797","1":"product","2":"type-product","3":"status-publish","4":"has-post-thumbnail","6":"product_cat-may-xay-rau-cu","8":"first","9":"instock","10":"shipping-taxable","11":"product-type-simple"},"_links":{"self":[{"href":"https:\/\/congtybinhminh.com\/index.php?rest_route=\/wp\/v2\/product\/9797","targetHints":{"allow":["GET"]}}],"collection":[{"href":"https:\/\/congtybinhminh.com\/index.php?rest_route=\/wp\/v2\/product"}],"about":[{"href":"https:\/\/congtybinhminh.com\/index.php?rest_route=\/wp\/v2\/types\/product"}],"replies":[{"embeddable":true,"href":"https:\/\/congtybinhminh.com\/index.php?rest_route=%2Fwp%2Fv2%2Fcomments&post=9797"}],"wp:featuredmedia":[{"embeddable":true,"href":"https:\/\/congtybinhminh.com\/index.php?rest_route=\/wp\/v2\/media\/9798"}],"wp:attachment":[{"href":"https:\/\/congtybinhminh.com\/index.php?rest_route=%2Fwp%2Fv2%2Fmedia&parent=9797"}],"wp:term":[{"taxonomy":"product_brand","embeddable":true,"href":"https:\/\/congtybinhminh.com\/index.php?rest_route=%2Fwp%2Fv2%2Fproduct_brand&post=9797"},{"taxonomy":"product_cat","embeddable":true,"href":"https:\/\/congtybinhminh.com\/index.php?rest_route=%2Fwp%2Fv2%2Fproduct_cat&post=9797"},{"taxonomy":"product_tag","embeddable":true,"href":"https:\/\/congtybinhminh.com\/index.php?rest_route=%2Fwp%2Fv2%2Fproduct_tag&post=9797"}],"curies":[{"name":"wp","href":"https:\/\/api.w.org\/{rel}","templated":true}]}}