{"id":9758,"date":"2024-06-08T15:03:59","date_gmt":"2024-06-08T08:03:59","guid":{"rendered":"https:\/\/congtybinhminh.com\/?post_type=product&#038;p=9758"},"modified":"2024-06-10T07:09:36","modified_gmt":"2024-06-10T00:09:36","slug":"may-bam-xo-dua-b450-phien-ban-moi","status":"publish","type":"product","link":"https:\/\/congtybinhminh.com\/?product=may-bam-xo-dua-b450-phien-ban-moi","title":{"rendered":"M\u00e1y b\u0103m x\u01a1 d\u1eeba B450 phi\u00ean b\u1ea3n m\u1edbi"},"content":{"rendered":"<h2>Video ho\u1ea1t \u0111\u1ed9ng c\u1ee7a m\u00e1y<\/h2>\n<p><iframe loading=\"lazy\" title=\"Phi\u00ean B\u1ea3n M\u1edbi M\u00e1y B\u0103m X\u01a1 D\u1eeba B450 B\u0103m C\u1ea3 T\u1ea5n V\u1ecf D\u1eeba Th\u00e0nh M\u00f9n D\u1eeba L\u00e0m Ph\u00e2n B\u00f3n\" width=\"1020\" height=\"574\" src=\"https:\/\/www.youtube.com\/embed\/YsHCnLPD6AI?feature=oembed\" frameborder=\"0\" allow=\"accelerometer; autoplay; clipboard-write; encrypted-media; gyroscope; picture-in-picture; web-share\" referrerpolicy=\"strict-origin-when-cross-origin\" allowfullscreen><\/iframe><\/p>\n<h2>Gi\u1edbi thi\u1ec7u m\u00e1y b\u0103m x\u01a1 d\u1eeba B450 phi\u00ean b\u1ea3n m\u1edbi<\/h2>\n<p>B\u1ea1n \u0111ang g\u1eb7p kh\u00f3 kh\u0103n trong vi\u1ec7c x\u1eed l\u00fd l\u01b0\u1ee3ng v\u1ecf d\u1eeba th\u00f4 c\u1ee9ng v\u00e0 c\u1ed3ng k\u1ec1nh m\u1ed7i ng\u00e0y ? Vi\u1ec7c b\u0103m nh\u1ecf v\u1ecf d\u1eeba th\u1ee7 c\u00f4ng b\u1eb3ng tay kh\u00f4ng chi m\u1ea5t nhi\u1ec1u th\u1eddi gian m\u00e0 c\u00f2n r\u1ea5t t\u1ed1n s\u1ee9c<\/p>\n<p><img loading=\"lazy\" decoding=\"async\" class=\"aligncenter wp-image-9766 size-full\" src=\"https:\/\/congtybinhminh.com\/wp-content\/uploads\/2024\/06\/may-bam-xo-dua-b450-binh-minh_result222.webp\" alt=\"may-bam-xo-dua-b450-binh-minh_result222\" width=\"800\" height=\"1078\" srcset=\"https:\/\/congtybinhminh.com\/wp-content\/uploads\/2024\/06\/may-bam-xo-dua-b450-binh-minh_result222.webp 800w, https:\/\/congtybinhminh.com\/wp-content\/uploads\/2024\/06\/may-bam-xo-dua-b450-binh-minh_result222-297x400.webp 297w, https:\/\/congtybinhminh.com\/wp-content\/uploads\/2024\/06\/may-bam-xo-dua-b450-binh-minh_result222-594x800.webp 594w, https:\/\/congtybinhminh.com\/wp-content\/uploads\/2024\/06\/may-bam-xo-dua-b450-binh-minh_result222-768x1035.webp 768w, https:\/\/congtybinhminh.com\/wp-content\/uploads\/2024\/06\/may-bam-xo-dua-b450-binh-minh_result222-510x687.webp 510w\" sizes=\"auto, (max-width: 800px) 100vw, 800px\" \/><\/p>\n<p>H\u00e3y \u0111\u1ec3 c\u00f4ng ty B\u00ecnh Minh mang t\u1edbi cho b\u1ea1n gi\u1ea3i ph\u00e1p ho\u00e0n h\u1ea3o cho b\u1ea1n v\u00e0 c\u00e1c c\u01a1 s\u1edf t\u00e1i ch\u1ebf v\u1edbi m\u00e1y b\u0103m x\u01a1 d\u1eeba B450 phi\u00ean b\u1ea3n m\u1edbi.<\/p>\n<h2>Nh\u1eefng t\u00ednh n\u0103ng m\u00e1y b\u0103m x\u01a1 d\u1eeba B450<\/h2>\n<p>M\u00e1y c\u00f3 th\u1ec3 b\u0103m nh\u1ecf v\u1ecf d\u1eeba t\u01b0\u01a1i, v\u1ecf d\u1eeba kh\u00f4 th\u00e0nh d\u1ea1ng m\u00f9n. Ngo\u00e0i ra, m\u00e1y c\u00f2n h\u1ed7 tr\u1ee3 b\u0103m c\u00e1c lo\u1ea1i ph\u1ee5 ph\u1ea9m kh\u00e1c nh\u1eb1m t\u00e1i ch\u1ebf ch\u00fang v\u00e0 \u1ee9ng d\u1ee5ng trong nhi\u1ec5u l\u0129nh v\u1ef1c;<\/p>\n<p><img loading=\"lazy\" decoding=\"async\" class=\"aligncenter wp-image-9772 size-full\" src=\"https:\/\/congtybinhminh.com\/wp-content\/uploads\/2024\/06\/may-xay-vo-dua_result222.webp\" alt=\"may-xay-vo-dua_result222\" width=\"800\" height=\"893\" srcset=\"https:\/\/congtybinhminh.com\/wp-content\/uploads\/2024\/06\/may-xay-vo-dua_result222.webp 800w, https:\/\/congtybinhminh.com\/wp-content\/uploads\/2024\/06\/may-xay-vo-dua_result222-358x400.webp 358w, https:\/\/congtybinhminh.com\/wp-content\/uploads\/2024\/06\/may-xay-vo-dua_result222-717x800.webp 717w, https:\/\/congtybinhminh.com\/wp-content\/uploads\/2024\/06\/may-xay-vo-dua_result222-768x857.webp 768w, https:\/\/congtybinhminh.com\/wp-content\/uploads\/2024\/06\/may-xay-vo-dua_result222-510x569.webp 510w\" sizes=\"auto, (max-width: 800px) 100vw, 800px\" \/><\/p>\n<ul>\n<li>Trong n\u00f4ng nghi\u1ec7p: m\u00f9n d\u1eeba \u0111\u01b0\u1ee3c s\u1eed d\u1ee5ng r\u1ed9ng r\u00e3i trong tr\u1ed3ng tr\u1ecdt, l\u00e0m gi\u00e1 th\u1ec3 tr\u1ed3ng c\u00e2y gi\u00fap gi\u1eef \u1ea5m v\u00e0 cung c\u1ea5p d\u01b0\u1ee1ng ch\u1ea5t<\/li>\n<li>Trong ch\u0103n nu\u00f4i: h\u1ed7 tr\u1ee3 l\u00e0m ch\u1ea5t \u0111\u1ed9n chu\u1ed3ng, gi\u00fap h\u00fat \u1ea9m v\u00e0 v\u1ec7 sinh chu\u1ed3ng tr\u1ea1i<\/li>\n<\/ul>\n<h2>C\u1ea5u t\u1ea1o m\u00e1y b\u0103m x\u01a1 d\u1eeba B450 phi\u00ean b\u1ea3n m\u1edbi<\/h2>\n<h3>Khung m\u00e1y ch\u1eafc ch\u1eafn<\/h3>\n<p>Thi\u1ebft k\u1ebf hi\u1ec7n \u0111\u1ea1i, k\u1ebft c\u1ea5u m\u00e1y \u0111\u01b0\u1ee3c h\u00e0n g\u1eafn ch\u1eafc ch\u1eafn v\u1edbi ph\u1ea7n b\u1ec1 m\u1eb7t ti\u1ebfp x\u00fac m\u1eb7t \u0111\u1ea5t \u0111\u1ee7 l\u1edbn gi\u1ea3m thi\u1ec3u s\u1ef1 rung l\u1eafc v\u00e0 ti\u1ebfng \u1ed3n trong qu\u00e1 tr\u00ecnh m\u00e1y ho\u1ea1t \u0111\u1ed9ng<\/p>\n<p><img loading=\"lazy\" decoding=\"async\" class=\"aligncenter wp-image-9767 size-full\" src=\"https:\/\/congtybinhminh.com\/wp-content\/uploads\/2024\/06\/cau-tao-may-bam-xo-dua-b450-binh-minh_result222.webp\" alt=\"cau-tao-may-bam-xo-dua-b450-binh-minh_result222\" width=\"800\" height=\"600\" srcset=\"https:\/\/congtybinhminh.com\/wp-content\/uploads\/2024\/06\/cau-tao-may-bam-xo-dua-b450-binh-minh_result222.webp 800w, https:\/\/congtybinhminh.com\/wp-content\/uploads\/2024\/06\/cau-tao-may-bam-xo-dua-b450-binh-minh_result222-533x400.webp 533w, https:\/\/congtybinhminh.com\/wp-content\/uploads\/2024\/06\/cau-tao-may-bam-xo-dua-b450-binh-minh_result222-768x576.webp 768w, https:\/\/congtybinhminh.com\/wp-content\/uploads\/2024\/06\/cau-tao-may-bam-xo-dua-b450-binh-minh_result222-510x383.webp 510w\" sizes=\"auto, (max-width: 800px) 100vw, 800px\" \/><\/p>\n<h3>Toa n\u1ea1p nguy\u00ean li\u1ec7u<\/h3>\n<p>Ph\u1ea7n toa n\u1ea1p thi\u1ebft k\u1ebf d\u1ea1ng \u0111\u1ee9ng v\u1edbi \u0111\u1ed9 cao v\u1eeba t\u1ea7m ng\u01b0\u1eddi d\u00f9ng<\/p>\n<p><img loading=\"lazy\" decoding=\"async\" class=\"aligncenter wp-image-9768 size-full\" src=\"https:\/\/congtybinhminh.com\/wp-content\/uploads\/2024\/06\/toa-nap-may-bam-xo-dua-copy_result222.webp\" alt=\"toa-nap-may-bam-xo-dua copy_result222\" width=\"800\" height=\"908\" srcset=\"https:\/\/congtybinhminh.com\/wp-content\/uploads\/2024\/06\/toa-nap-may-bam-xo-dua-copy_result222.webp 800w, https:\/\/congtybinhminh.com\/wp-content\/uploads\/2024\/06\/toa-nap-may-bam-xo-dua-copy_result222-352x400.webp 352w, https:\/\/congtybinhminh.com\/wp-content\/uploads\/2024\/06\/toa-nap-may-bam-xo-dua-copy_result222-705x800.webp 705w, https:\/\/congtybinhminh.com\/wp-content\/uploads\/2024\/06\/toa-nap-may-bam-xo-dua-copy_result222-768x872.webp 768w, https:\/\/congtybinhminh.com\/wp-content\/uploads\/2024\/06\/toa-nap-may-bam-xo-dua-copy_result222-510x579.webp 510w\" sizes=\"auto, (max-width: 800px) 100vw, 800px\" \/><\/p>\n<p>H\u01a1n n\u1eefa, ph\u1ec5u n\u1ea1p mi\u1ec7ng r\u1ed9ng c\u00f3 th\u1ec3 ch\u1ee9a \u0111\u01b0\u1ee3c nhi\u1ec1u nguy\u00ean li\u1ec7u h\u01a1n khi b\u0103m m\u00e0 kh\u00f4ng l\u00e0m v\u01b0\u01a1n b\u1eafn ra ngo\u00e0i<\/p>\n<h3>Bu\u1ed3ng l\u00e0m vi\u1ec7c<\/h3>\n<p>Bu\u1ed3ng dao b\u0103m \u0111\u01b0\u1ee3c trang b\u1ecb g\u1ed3m 2 h\u1ec7 th\u1ed1ng dao:<\/p>\n<ul>\n<li>4 dao k\u00ea g\u1eafn c\u1ed1 \u0111\u1ecbnh 2 b\u00ean th\u00e0nh m\u00e1y, m\u1ed7i b\u00ean th\u00e0nh c\u00f3 2 l\u01b0\u1ee1i dao<\/li>\n<li>6 l\u01b0\u1ee1i dao b\u0103m ch\u00ednh g\u1eafn tr\u00ean tr\u1ee5c quay ho\u1ea1t \u0111\u1ed9ng b\u0103m nghi\u1ec1n nh\u1ecf nguy\u00ean li\u1ec7u \u0111\u1ebfn khi v\u1eeba v\u1edbi l\u1ed7 s\u00e0ng l\u1eafp b\u00ean d\u01b0\u1edbi v\u00e0 tho\u00e1t ra ngo\u00e0i<\/li>\n<\/ul>\n<p><img loading=\"lazy\" decoding=\"async\" class=\"aligncenter wp-image-9769 size-full\" src=\"https:\/\/congtybinhminh.com\/wp-content\/uploads\/2024\/06\/dao-bam-xo-dua-copy_result222.webp\" alt=\"dao-bam-xo-dua copy_result222\" width=\"800\" height=\"1567\" srcset=\"https:\/\/congtybinhminh.com\/wp-content\/uploads\/2024\/06\/dao-bam-xo-dua-copy_result222.webp 800w, https:\/\/congtybinhminh.com\/wp-content\/uploads\/2024\/06\/dao-bam-xo-dua-copy_result222-204x400.webp 204w, https:\/\/congtybinhminh.com\/wp-content\/uploads\/2024\/06\/dao-bam-xo-dua-copy_result222-408x800.webp 408w, https:\/\/congtybinhminh.com\/wp-content\/uploads\/2024\/06\/dao-bam-xo-dua-copy_result222-768x1504.webp 768w, https:\/\/congtybinhminh.com\/wp-content\/uploads\/2024\/06\/dao-bam-xo-dua-copy_result222-784x1536.webp 784w, https:\/\/congtybinhminh.com\/wp-content\/uploads\/2024\/06\/dao-bam-xo-dua-copy_result222-510x999.webp 510w\" sizes=\"auto, (max-width: 800px) 100vw, 800px\" \/><\/p>\n<p>M\u1eb7t s\u00e0ng bi\u00ean \u0111\u1ed9 cong n\u1eb1m ngay d\u01b0\u1edbi bu\u1ed3ng dao b\u0103m, gi\u00fap s\u00e0ng l\u1ecdc ch\u1ec9 cho ph\u00e9p c\u00e1c m\u1ea9u v\u1ee5n c\u00f3 k\u00edch th\u01b0\u1edbc nh\u1ecf t\u01b0\u01a1ng \u1ee9ng \u0111i qua, cho ra th\u00e0nh ph\u1ea9m c\u00f3 k\u00edch th\u01b0\u1edbc \u0111\u1ed3ng \u0111\u1ec1u<\/p>\n<p><img loading=\"lazy\" decoding=\"async\" class=\"size-full wp-image-9770 aligncenter\" src=\"https:\/\/congtybinhminh.com\/wp-content\/uploads\/2024\/06\/mat-sang-lap-trong-may_result222.webp\" alt=\"mat-sang-lap-trong-may_result222\" width=\"800\" height=\"366\" srcset=\"https:\/\/congtybinhminh.com\/wp-content\/uploads\/2024\/06\/mat-sang-lap-trong-may_result222.webp 800w, https:\/\/congtybinhminh.com\/wp-content\/uploads\/2024\/06\/mat-sang-lap-trong-may_result222-768x351.webp 768w, https:\/\/congtybinhminh.com\/wp-content\/uploads\/2024\/06\/mat-sang-lap-trong-may_result222-510x233.webp 510w\" sizes=\"auto, (max-width: 800px) 100vw, 800px\" \/><\/p>\n<p>Ng\u01b0\u1eddi d\u00f9ng c\u00f3 th\u1ec3 l\u1ef1a ch\u1ecdn l\u1eafp k\u00edch c\u1ee1 m\u1eb7t s\u00e0ng l\u1ed7 ( v\u00ed d\u1ee5: 10ly; 14ly v\u00e0 20 ly) \u0111\u1ec3 l\u1eafp trong m\u00e1y cho th\u00e0nh ph\u1ea9m c\u00f3 k\u00edch th\u01b0\u1edbc nh\u01b0 mong mu\u1ed1n<\/p>\n<p><img loading=\"lazy\" decoding=\"async\" class=\"aligncenter wp-image-9771 size-full\" src=\"https:\/\/congtybinhminh.com\/wp-content\/uploads\/2024\/06\/mat-sang-may-bam-xo-dua_result222.webp\" alt=\"mat-sang-may-bam-xo-dua_result222\" width=\"800\" height=\"554\" srcset=\"https:\/\/congtybinhminh.com\/wp-content\/uploads\/2024\/06\/mat-sang-may-bam-xo-dua_result222.webp 800w, https:\/\/congtybinhminh.com\/wp-content\/uploads\/2024\/06\/mat-sang-may-bam-xo-dua_result222-578x400.webp 578w, https:\/\/congtybinhminh.com\/wp-content\/uploads\/2024\/06\/mat-sang-may-bam-xo-dua_result222-768x532.webp 768w, https:\/\/congtybinhminh.com\/wp-content\/uploads\/2024\/06\/mat-sang-may-bam-xo-dua_result222-510x353.webp 510w\" sizes=\"auto, (max-width: 800px) 100vw, 800px\" \/><\/p>\n<h3>C\u1eeda x\u1ea3 th\u00e0nh ph\u1ea9m<\/h3>\n<p>Th\u00e0nh ph\u1ea9m sau khi b\u0103m \u0111\u01b0\u1ee3c \u0111\u01b0a ra ngo\u00e0i c\u1eeda x\u1ea3,\u00a0thi\u1ebft k\u1ebf bu\u00f4ng th\u1eb3ng gi\u00fap th\u00e0nh ph\u1ea9m d\u1ec5 d\u00e0ng di chuy\u1ec3n ra b\u00ean ngo\u00e0i m\u00e0 kh\u00f4ng lo b\u1ecb t\u1eafc ngh\u1eb9n m\u00e1y<\/p>\n<p><img loading=\"lazy\" decoding=\"async\" class=\"aligncenter wp-image-9773 size-full\" src=\"https:\/\/congtybinhminh.com\/wp-content\/uploads\/2024\/06\/may-bam-xo-dua-3-pha_result222.webp\" alt=\"may-bam-xo-dua-3-pha_result222\" width=\"800\" height=\"600\" srcset=\"https:\/\/congtybinhminh.com\/wp-content\/uploads\/2024\/06\/may-bam-xo-dua-3-pha_result222.webp 800w, https:\/\/congtybinhminh.com\/wp-content\/uploads\/2024\/06\/may-bam-xo-dua-3-pha_result222-533x400.webp 533w, https:\/\/congtybinhminh.com\/wp-content\/uploads\/2024\/06\/may-bam-xo-dua-3-pha_result222-768x576.webp 768w, https:\/\/congtybinhminh.com\/wp-content\/uploads\/2024\/06\/may-bam-xo-dua-3-pha_result222-510x383.webp 510w\" sizes=\"auto, (max-width: 800px) 100vw, 800px\" \/><\/p>\n<p>M\u00e1y b\u0103m x\u01a1 d\u1eeba 3 pha s\u1eed d\u1ee5ng \u0111\u1ed9ng c\u01a1 15kw motor l\u00f5i d\u00e2y \u0111\u1ed3ng 100% cho n\u0103ng su\u1ea5t cao, th\u00edch h\u1ee3p s\u1eed d\u1ee5ng t\u1ea1i c\u00e1c h\u1ed9 gia \u0111\u00ecnh, c\u01a1 s\u1edf t\u00e1i ch\u1ebf quy m\u00f4 v\u1eeba v\u00e0 l\u1edbn<\/p>\n<p><img loading=\"lazy\" decoding=\"async\" class=\"aligncenter wp-image-9774 size-full\" src=\"https:\/\/congtybinhminh.com\/wp-content\/uploads\/2024\/06\/mun-dua_result222.webp\" alt=\"mun-dua_result222\" width=\"800\" height=\"600\" srcset=\"https:\/\/congtybinhminh.com\/wp-content\/uploads\/2024\/06\/mun-dua_result222.webp 800w, https:\/\/congtybinhminh.com\/wp-content\/uploads\/2024\/06\/mun-dua_result222-533x400.webp 533w, https:\/\/congtybinhminh.com\/wp-content\/uploads\/2024\/06\/mun-dua_result222-768x576.webp 768w, https:\/\/congtybinhminh.com\/wp-content\/uploads\/2024\/06\/mun-dua_result222-510x383.webp 510w\" sizes=\"auto, (max-width: 800px) 100vw, 800px\" \/><\/p>\n<h2>Nh\u1eefng l\u01b0u \u00fd khi s\u1eed d\u1ee5ng v\u00e0 v\u1ec7 sinh m\u00e1y b\u0103m x\u01a1 d\u1eeba B450<\/h2>\n<ul>\n<li>K\u1ebft th\u00fac qu\u00e1 tr\u00ecnh b\u0103m, cho m\u00e1y ch\u1ea1y th\u00eam kho\u1ea3ng 10 &#8211; 20 gi\u00e2y \u0111\u1ec3 \u0111\u1ea3m b\u1ea3o th\u00e0nh ph\u1ea9m \u0111\u01b0\u1ee3c \u0111\u1ea9y ra h\u1ebft b\u00ean ngo\u00e0i, tr\u00e1nh l\u01b0u l\u1ea1i trong m\u00e1y<\/li>\n<li>Th\u01b0\u1eddng xuy\u00ean tra d\u1ea7u m\u1ee1 v\u00e0o c\u00e1c g\u1ed1i bi \u0111\u1ec3 b\u1ea3o d\u01b0\u1ee1ng v\u00e0 duy tr\u00ec ho\u1ea1t \u0111\u1ed9ng m\u00e1y th\u01b0\u1eddng xuy\u00ean<\/li>\n<li>Kh\u00f4ng b\u0103m nh\u1eefng nguy\u00ean li\u1ec7u qu\u00e1 c\u1ee9ng, kh\u00f4ng ph\u00f9 h\u1ee3p ho\u1eb7c \u0111\u1ec3 kim lo\u1ea1i r\u01a1i v\u00e0o bu\u1ed3ng b\u0103m s\u1ebd l\u00e0m m\u1ebb, h\u1ecfng dao<\/li>\n<\/ul>\n<h2>\u0110\u1ecba ch\u1ec9 mua m\u00e1y b\u0103m x\u01a1 d\u1eeba gi\u00e1 g\u1ed1c t\u1ea1i x\u01b0\u1edfng<\/h2>\n<p>\u0110\u1ec3 \u0111\u1eb7t mua h\u00e0ng ch\u00ednh h\u00e3ng, b\u00e0 con c\u00f3 th\u1ec3 \u0111\u1ebfn tr\u1ee5 s\u1edf g\u1ea7n nh\u1ea5t c\u1ee7a c\u00f4ng ty \u0111\u1ec3 xem v\u00e0 \u0111\u1eb7t mua h\u00e0ng:<\/p>\n<ul>\n<li>Tr\u1ee5 s\u1edf ch\u00ednh: p.L\u00ea L\u1ee3i &#8211; Tx S\u01a1n T\u00e2y &#8211; H\u00e0 N\u1ed9i<\/li>\n<li>Chi nh\u00e1nh mi\u1ec1n Nam: x\u00e3 T\u00e2n Ki\u00ean &#8211; H. B\u00ecnh Ch\u00e1nh &#8211; TP H\u1ed3 Ch\u00ed Minh<\/li>\n<\/ul>\n<p><img loading=\"lazy\" decoding=\"async\" class=\"aligncenter wp-image-9775 size-full\" src=\"https:\/\/congtybinhminh.com\/wp-content\/uploads\/2024\/06\/mua-may-bam-xo-dua_result222.webp\" alt=\"mua-may-bam-xo-dua_result222\" width=\"800\" height=\"1407\" srcset=\"https:\/\/congtybinhminh.com\/wp-content\/uploads\/2024\/06\/mua-may-bam-xo-dua_result222.webp 800w, https:\/\/congtybinhminh.com\/wp-content\/uploads\/2024\/06\/mua-may-bam-xo-dua_result222-227x400.webp 227w, https:\/\/congtybinhminh.com\/wp-content\/uploads\/2024\/06\/mua-may-bam-xo-dua_result222-455x800.webp 455w, https:\/\/congtybinhminh.com\/wp-content\/uploads\/2024\/06\/mua-may-bam-xo-dua_result222-768x1351.webp 768w, https:\/\/congtybinhminh.com\/wp-content\/uploads\/2024\/06\/mua-may-bam-xo-dua_result222-510x897.webp 510w\" sizes=\"auto, (max-width: 800px) 100vw, 800px\" \/><\/p>\n<p>Khi \u0111\u1ebfn \u0111\u00e2y, b\u00e0 con s\u1ebd \u0111\u01b0\u1ee3c th\u1eed nghi\u1ec7m v\u1eadn h\u00e0nh m\u00e1y d\u01b0\u1edbi s\u1ef1 h\u01b0\u1edbng d\u1eabn c\u1ee7a \u0111\u1ed9i ng\u0169 k\u1ef9 thu\u1eadt<\/p>\n<p>\u0110\u1ed1i v\u1edbi b\u00e0 con \u1edf xa, c\u00f3 th\u1ec3 li\u00ean h\u1ec7 t\u1edbi s\u1ed1 \u0111i\u1ec7n tho\u1ea1i Hotline tr\u00ean website ho\u1eb7c \u0111\u1ec3 l\u1ea1i l\u1eddi nh\u1eafn \u0111\u1ed9i ng\u0169 t\u01b0 v\u1ea5n s\u1ebd li\u00ean h\u1ec7 b\u00e0 con trong th\u1eddi gian s\u1edbm nh\u1ea5t<\/p>\n<p><strong>Th\u00f4ng s\u1ed1 k\u1ef9 thu\u1eadt\u00a0<\/strong><\/p>\n<table border=\"1\" cellspacing=\"1\" cellpadding=\"1\">\n<tbody>\n<tr>\n<td colspan=\"1\" rowspan=\"3\">\u0110\u1ed9ng c\u01a1<\/td>\n<td>C\u00f4ng su\u1ea5t \u0111\u1ed9ng c\u01a1<\/td>\n<td>15 kw<\/td>\n<\/tr>\n<tr>\n<td>Ngu\u1ed3n \u0111i\u1ec7n<\/td>\n<td>380V<\/td>\n<\/tr>\n<tr>\n<td>T\u1ed1c \u0111\u1ed9 m\u00e1y<\/td>\n<td>1450 v\/p<\/td>\n<\/tr>\n<tr>\n<td colspan=\"1\" rowspan=\"2\">B\u1ea3o h\u00e0nh<\/td>\n<td>K\u1ef9 thu\u1eadt<\/td>\n<td>\u00a006 th\u00e1ng<\/td>\n<\/tr>\n<tr>\n<td>\u0110\u1ed9ng c\u01a1<\/td>\n<td>\u00a0Theo t\u1eebng h\u00e3ng s\u1ea3n xu\u1ea5t<\/td>\n<\/tr>\n<tr>\n<td>N\u0103ng su\u1ea5t<\/td>\n<td colspan=\"2\" rowspan=\"1\">\u00a0kg\/gi\u1edd<\/td>\n<\/tr>\n<tr>\n<td>K\u00edch th\u01b0\u1edbc (d*c*r)<\/td>\n<td colspan=\"2\" rowspan=\"1\">\u00a0140*155*90 cm<\/td>\n<\/tr>\n<tr>\n<td>H\u00ecnh th\u1ee9c thanh to\u00e1n<\/td>\n<td colspan=\"2\" rowspan=\"1\">Ti\u1ec1n m\u1eb7t ho\u1eb7c chuy\u1ec3n kho\u1ea3n<\/td>\n<\/tr>\n<\/tbody>\n<\/table>\n","protected":false},"excerpt":{"rendered":"<ul>\n<li><strong>H\u00e3ng s\u1ea3n xu\u1ea5t:<\/strong> B\u00ecnh Minh<\/li>\n<li><strong>C\u00f4ng su\u1ea5t \u0111\u1ed9ng c\u01a1:<\/strong> 15kw<\/li>\n<li><strong>Ngu\u1ed3n \u0111i\u1ec7n:<\/strong> 3 pha<\/li>\n<li><strong>T\u1ed1c \u0111\u1ed9:<\/strong> 1450 v\u00f2ng\/ph\u00fat<\/li>\n<li><strong>K\u00edch th\u01b0\u1edbc (d*c*r)<\/strong>: 140*155*90 cm<\/li>\n<li><strong>T\u00ednh n\u0103ng:<\/strong> m\u00e1y chuy\u00ean b\u0103m nh\u1ecf v\u1ecf d\u1eeba t\u01b0\u01a1i, v\u1ecf d\u1eeba kh\u00f4.. v\u00e0 c\u00e1c lo\u1ea1i ph\u1ee5 ph\u1ea9m kh\u00e1c g\u00f3p ph\u1ea7n t\u00e1i ch\u1ebf l\u00e0m ph\u00e2n b\u00f3n tr\u1ed3ng c\u00e2y<\/li>\n<\/ul>\n","protected":false},"featured_media":9761,"comment_status":"closed","ping_status":"closed","template":"","meta":[],"product_brand":[],"product_cat":[197],"product_tag":[],"class_list":{"0":"post-9758","1":"product","2":"type-product","3":"status-publish","4":"has-post-thumbnail","6":"product_cat-may-bam-xo-dua-2","8":"first","9":"instock","10":"shipping-taxable","11":"product-type-simple"},"_links":{"self":[{"href":"https:\/\/congtybinhminh.com\/index.php?rest_route=\/wp\/v2\/product\/9758","targetHints":{"allow":["GET"]}}],"collection":[{"href":"https:\/\/congtybinhminh.com\/index.php?rest_route=\/wp\/v2\/product"}],"about":[{"href":"https:\/\/congtybinhminh.com\/index.php?rest_route=\/wp\/v2\/types\/product"}],"replies":[{"embeddable":true,"href":"https:\/\/congtybinhminh.com\/index.php?rest_route=%2Fwp%2Fv2%2Fcomments&post=9758"}],"wp:featuredmedia":[{"embeddable":true,"href":"https:\/\/congtybinhminh.com\/index.php?rest_route=\/wp\/v2\/media\/9761"}],"wp:attachment":[{"href":"https:\/\/congtybinhminh.com\/index.php?rest_route=%2Fwp%2Fv2%2Fmedia&parent=9758"}],"wp:term":[{"taxonomy":"product_brand","embeddable":true,"href":"https:\/\/congtybinhminh.com\/index.php?rest_route=%2Fwp%2Fv2%2Fproduct_brand&post=9758"},{"taxonomy":"product_cat","embeddable":true,"href":"https:\/\/congtybinhminh.com\/index.php?rest_route=%2Fwp%2Fv2%2Fproduct_cat&post=9758"},{"taxonomy":"product_tag","embeddable":true,"href":"https:\/\/congtybinhminh.com\/index.php?rest_route=%2Fwp%2Fv2%2Fproduct_tag&post=9758"}],"curies":[{"name":"wp","href":"https:\/\/api.w.org\/{rel}","templated":true}]}}