{"id":9727,"date":"2024-05-31T16:05:47","date_gmt":"2024-05-31T09:05:47","guid":{"rendered":"https:\/\/congtybinhminh.com\/?post_type=product&#038;p=9727"},"modified":"2024-06-01T07:06:42","modified_gmt":"2024-06-01T00:06:42","slug":"may-rua-nong-san","status":"publish","type":"product","link":"https:\/\/congtybinhminh.com\/?product=may-rua-nong-san","title":{"rendered":"M\u00e1y r\u1eeda n\u00f4ng s\u1ea3n"},"content":{"rendered":"<h2>Video ho\u1ea1t \u0111\u1ed9ng c\u1ee7a m\u00e1y<\/h2>\n<p><iframe loading=\"lazy\" title=\"M\u00e1y r\u1eeda c\u1ee7 qu\u1ea3 \u0111a n\u0103ng\" width=\"1020\" height=\"574\" src=\"https:\/\/www.youtube.com\/embed\/iPDjv5ibYFY?feature=oembed\" frameborder=\"0\" allow=\"accelerometer; autoplay; clipboard-write; encrypted-media; gyroscope; picture-in-picture; web-share\" referrerpolicy=\"strict-origin-when-cross-origin\" allowfullscreen><\/iframe><\/p>\n<h2>Gi\u1edbi thi\u1ec7u m\u00e1y r\u1eeda n\u00f4ng s\u1ea3n<\/h2>\n<p>M\u00e1y r\u1eeda n\u00f4ng s\u1ea3n do c\u00f4ng ty B\u00ecnh Minh s\u1ea3n xu\u1ea5t, \u0111\u00e2y kh\u00f4ng ch\u1ec9 \u0111\u01a1n thu\u1ea7n l\u00e0 m\u1ed9t thi\u1ebft b\u1ecb r\u1eeda, m\u00e1y c\u00f2n l\u00e0 c\u00f4ng c\u1ee5 h\u1ed7 tr\u1ee3 quan tr\u1ecdng trong vi\u1ec7c duy tr\u00ec v\u1ec7 sinh v\u00e0 ch\u1ea5t l\u01b0\u1ee3ng s\u1ea3n ph\u1ea9m.V\u1edbi t\u00ednh n\u0103ng l\u00e0m s\u1ea1ch v\u00e0 lo\u1ea1i b\u1ecf b\u1ee5i b\u1ea9n b\u1ec1 m\u1eb7t c\u1ee7 qu\u1ea3 c\u00e1c lo\u1ea1i trong th\u1eddi gian ng\u1eafn<\/p>\n<p><img loading=\"lazy\" decoding=\"async\" class=\"aligncenter wp-image-9732 size-full\" src=\"https:\/\/congtybinhminh.com\/wp-content\/uploads\/2024\/05\/may-rua-nong-san-binh-minh_result222.webp\" alt=\"may-rua-nong-san-binh-minh_result222\" width=\"800\" height=\"1078\" srcset=\"https:\/\/congtybinhminh.com\/wp-content\/uploads\/2024\/05\/may-rua-nong-san-binh-minh_result222.webp 800w, https:\/\/congtybinhminh.com\/wp-content\/uploads\/2024\/05\/may-rua-nong-san-binh-minh_result222-297x400.webp 297w, https:\/\/congtybinhminh.com\/wp-content\/uploads\/2024\/05\/may-rua-nong-san-binh-minh_result222-594x800.webp 594w, https:\/\/congtybinhminh.com\/wp-content\/uploads\/2024\/05\/may-rua-nong-san-binh-minh_result222-768x1035.webp 768w, https:\/\/congtybinhminh.com\/wp-content\/uploads\/2024\/05\/may-rua-nong-san-binh-minh_result222-510x687.webp 510w\" sizes=\"auto, (max-width: 800px) 100vw, 800px\" \/><\/p>\n<p>Qu\u00e1 tr\u00ecnh r\u1eeda t\u1ef1 \u0111\u1ed1ng th\u00edch h\u1ee3p s\u1eed d\u1ee5ng t\u1ea1i c\u00e1c h\u1ed9 gia \u0111\u00ecnh, c\u01a1 s\u1edf ch\u1ebf bi\u1ebfn quy m\u00f4 v\u1eeba v\u00e0 l\u1edbn. G\u00f3p ph\u1ea7n ti\u1ebft ki\u1ec7m th\u1eddi gian v\u00e0 c\u00f4ng s\u1ee9c qu\u00e1 tr\u00ecnh b\u00e0 con chu\u1ea9n b\u1ecb nguy\u00ean li\u1ec7u<\/p>\n<h2>Nh\u1eefng t\u00ednh n\u0103ng m\u00e1y r\u1eeda n\u00f4ng s\u1ea3n<\/h2>\n<p>M\u00e1y \u0111\u01b0\u1ee3c thi\u1ebft k\u1ebf d\u1ea1ng c\u00f4ng nghi\u1ec7p, v\u1edbi l\u1ed3ng xoay v\u00e0 v\u00f2i x\u1ecbt \u00e1p l\u1ef1c m\u1ea1nh gi\u00fap r\u1eeda s\u1ea1ch \u0111\u1ea5t c\u00e1t tr\u00ean b\u1ec1 m\u1eb7t c\u00e1c lo\u1ea1i c\u1ee7 qu\u1ea3 nh\u01b0:<\/p>\n<p><img loading=\"lazy\" decoding=\"async\" class=\"aligncenter wp-image-9738 size-full\" src=\"https:\/\/congtybinhminh.com\/wp-content\/uploads\/2024\/05\/may-rua-cu-nghe_result222.webp\" alt=\"may-rua-cu-nghe_result222\" width=\"800\" height=\"708\" srcset=\"https:\/\/congtybinhminh.com\/wp-content\/uploads\/2024\/05\/may-rua-cu-nghe_result222.webp 800w, https:\/\/congtybinhminh.com\/wp-content\/uploads\/2024\/05\/may-rua-cu-nghe_result222-452x400.webp 452w, https:\/\/congtybinhminh.com\/wp-content\/uploads\/2024\/05\/may-rua-cu-nghe_result222-768x680.webp 768w, https:\/\/congtybinhminh.com\/wp-content\/uploads\/2024\/05\/may-rua-cu-nghe_result222-510x451.webp 510w\" sizes=\"auto, (max-width: 800px) 100vw, 800px\" \/><\/p>\n<ul>\n<li>C\u1ee7a g\u1eebng, c\u1ee7 ngh\u1ec7, c\u1ee7 ri\u1ec1ng..<\/li>\n<li>Khoai t\u00e2y, khoai m\u00f4n, khoai lang..<\/li>\n<\/ul>\n<h2>C\u1ea5u t\u1ea1o m\u00e1y r\u1eeda n\u00f4ng s\u1ea3n<\/h2>\n<p>M\u00e1y r\u1eeda \u0111\u01b0\u1ee3c thi\u1ebft k\u1ebf n\u1eb1m ngang v\u1edbi \u0111\u1ed9 cao v\u1eeba t\u1ea7m ng\u01b0\u1eddi d\u00f9ng. Ph\u00eda d\u01b0\u1edbi ch\u00e2n m\u00e1y l\u1eafp \u0111\u1eb7t 4 b\u00e1nh xe thu\u1eadn ti\u1ec7n di chuy\u1ec3n v\u1ecb tr\u00ed \u0111\u1eb7t m\u00e1y<\/p>\n<p><img loading=\"lazy\" decoding=\"async\" class=\"aligncenter wp-image-9733 size-full\" src=\"https:\/\/congtybinhminh.com\/wp-content\/uploads\/2024\/05\/cau-tao-may-rua-nong-san_result222.webp\" alt=\"cau-tao-may-rua-nong-san_result222\" width=\"800\" height=\"694\" srcset=\"https:\/\/congtybinhminh.com\/wp-content\/uploads\/2024\/05\/cau-tao-may-rua-nong-san_result222.webp 800w, https:\/\/congtybinhminh.com\/wp-content\/uploads\/2024\/05\/cau-tao-may-rua-nong-san_result222-461x400.webp 461w, https:\/\/congtybinhminh.com\/wp-content\/uploads\/2024\/05\/cau-tao-may-rua-nong-san_result222-768x666.webp 768w, https:\/\/congtybinhminh.com\/wp-content\/uploads\/2024\/05\/cau-tao-may-rua-nong-san_result222-510x442.webp 510w\" sizes=\"auto, (max-width: 800px) 100vw, 800px\" \/><\/p>\n<p>Ph\u1ea7n m\u00e1ng n\u1ea1p \u0111\u01b0\u1ee3c thi\u1ebft k\u1ebf cao r\u00e1o, r\u1ed9ng r\u00e3i thu\u1eadn ti\u1ec7n khi \u0111\u01b0a nguy\u00ean li\u1ec7u v\u00e0o bu\u1ed3ng<\/p>\n<p>Nguy\u00ean li\u1ec7u khi \u0111\u01b0\u1ee3c \u0111\u01b0a v\u00e0o l\u1ed3ng r\u1eeda chuy\u00ean d\u1ee5ng, qu\u00e1 tr\u00ecnh l\u00e0m s\u1ea1ch di\u1ec5n ra kh\u00e9p k\u00edn b\u1eaft \u0111\u1ea7u t\u1eeb v\u1ecb tr\u00ed \u0111\u1ea7u \u0111\u1ebfn cu\u1ed1i l\u1ed3ng.<\/p>\n<p><img loading=\"lazy\" decoding=\"async\" class=\"aligncenter wp-image-9734 size-full\" src=\"https:\/\/congtybinhminh.com\/wp-content\/uploads\/2024\/05\/long-may-rua-rau-cu_result222.webp\" alt=\"long-may-rua-rau-cu_result222\" width=\"800\" height=\"586\" srcset=\"https:\/\/congtybinhminh.com\/wp-content\/uploads\/2024\/05\/long-may-rua-rau-cu_result222.webp 800w, https:\/\/congtybinhminh.com\/wp-content\/uploads\/2024\/05\/long-may-rua-rau-cu_result222-546x400.webp 546w, https:\/\/congtybinhminh.com\/wp-content\/uploads\/2024\/05\/long-may-rua-rau-cu_result222-768x563.webp 768w, https:\/\/congtybinhminh.com\/wp-content\/uploads\/2024\/05\/long-may-rua-rau-cu_result222-510x374.webp 510w\" sizes=\"auto, (max-width: 800px) 100vw, 800px\" \/><\/p>\n<p>H\u1ec7 th\u1ed1ng tr\u1ee5c \u1edf gi\u1eefa c\u00f3 nhi\u1ec7m v\u1ee5 xoay tr\u00f2n c\u00f9ng v\u1edbi h\u1ec7 th\u1ed1ng v\u00f2i phun n\u01b0\u1edbc lo\u1ea1i b\u1ecf b\u00f9n \u0111\u1ea5t b\u00e1m tr\u00ean b\u1ec1 m\u1eb7t v\u00e0 l\u00e0m s\u1ea1ch c\u1ee7 qu\u1ea3 m\u00e0 kh\u00f4ng l\u00e0m r\u1eadp n\u00e1t<\/p>\n<p><img loading=\"lazy\" decoding=\"async\" class=\"aligncenter wp-image-9735 size-full\" src=\"https:\/\/congtybinhminh.com\/wp-content\/uploads\/2024\/05\/ong-tiep-nuoc_result222.webp\" alt=\"ong-tiep-nuoc_result222\" width=\"800\" height=\"460\" srcset=\"https:\/\/congtybinhminh.com\/wp-content\/uploads\/2024\/05\/ong-tiep-nuoc_result222.webp 800w, https:\/\/congtybinhminh.com\/wp-content\/uploads\/2024\/05\/ong-tiep-nuoc_result222-696x400.webp 696w, https:\/\/congtybinhminh.com\/wp-content\/uploads\/2024\/05\/ong-tiep-nuoc_result222-768x442.webp 768w, https:\/\/congtybinhminh.com\/wp-content\/uploads\/2024\/05\/ong-tiep-nuoc_result222-510x293.webp 510w\" sizes=\"auto, (max-width: 800px) 100vw, 800px\" \/><\/p>\n<p>Khi t\u1ea5t c\u1ea3 \u0111\u00e3 \u0111\u01b0\u1ee3c l\u00e0m s\u1ea1ch, ng\u01b0\u1eddi d\u00f9ng ch\u1ec9 c\u1ea7n th\u00e1o ch\u1ed1t m\u1edf n\u1eafp c\u1eeda x\u1ea3, nguy\u00ean li\u1ec7u s\u1ebd theo gu\u1ed3ng quay \u0111i ra ngo\u00e0i c\u1eeda x\u1ea3 l\u00e0 c\u00f3 th\u1ec3 thu \u0111\u01b0\u1ee3c th\u00e0nh ph\u1ea9m<\/p>\n<p><img loading=\"lazy\" decoding=\"async\" class=\"size-full wp-image-9736 aligncenter\" src=\"https:\/\/congtybinhminh.com\/wp-content\/uploads\/2024\/05\/cua-xa-thanh-pham_result222.webp\" alt=\"cua-xa-thanh-pham_result222\" width=\"800\" height=\"362\" srcset=\"https:\/\/congtybinhminh.com\/wp-content\/uploads\/2024\/05\/cua-xa-thanh-pham_result222.webp 800w, https:\/\/congtybinhminh.com\/wp-content\/uploads\/2024\/05\/cua-xa-thanh-pham_result222-768x348.webp 768w, https:\/\/congtybinhminh.com\/wp-content\/uploads\/2024\/05\/cua-xa-thanh-pham_result222-510x231.webp 510w\" sizes=\"auto, (max-width: 800px) 100vw, 800px\" \/><\/p>\n<p>M\u00e1y r\u1eeda ngh\u1ec7 1 pha s\u1eed d\u1ee5ng \u0111\u1ed9ng c\u01a1 c\u00f4ng su\u1ea5t 1,5kw motor l\u00f5i d\u00e2y \u0111\u1ed3ng 100% cho n\u0103ng su\u1ea5t \u0111\u1ea1t 500 &#8211; 700 kg\/gi\u1edd<\/p>\n<h2>M\u00e1y r\u1eeda n\u00f4ng s\u1ea3n mang t\u1edbi gi\u1ea3i ph\u00e1p g\u00ec cho b\u00e0 con ?<\/h2>\n<p>Qu\u00e1 tr\u00ecnh r\u1eeda t\u1ef1 \u0111\u1ed9ng, vi\u1ec7c \u1ee9ng d\u1ee5ng m\u00e1y m\u00f3c v\u00e0o s\u01a1 ch\u1ebf s\u1ea3n xu\u1ea5t mang l\u1ea1i nhi\u1ec1u ti\u1ec7n \u00edch cho ng\u01b0\u1eddi d\u00f9ng:<\/p>\n<p><img loading=\"lazy\" decoding=\"async\" class=\"aligncenter wp-image-9739 size-full\" src=\"https:\/\/congtybinhminh.com\/wp-content\/uploads\/2024\/05\/may-rua-rau-cu-qua_result222.webp\" alt=\"may-rua-rau-cu-qua_result222\" width=\"800\" height=\"1297\" srcset=\"https:\/\/congtybinhminh.com\/wp-content\/uploads\/2024\/05\/may-rua-rau-cu-qua_result222.webp 800w, https:\/\/congtybinhminh.com\/wp-content\/uploads\/2024\/05\/may-rua-rau-cu-qua_result222-247x400.webp 247w, https:\/\/congtybinhminh.com\/wp-content\/uploads\/2024\/05\/may-rua-rau-cu-qua_result222-493x800.webp 493w, https:\/\/congtybinhminh.com\/wp-content\/uploads\/2024\/05\/may-rua-rau-cu-qua_result222-768x1245.webp 768w, https:\/\/congtybinhminh.com\/wp-content\/uploads\/2024\/05\/may-rua-rau-cu-qua_result222-510x827.webp 510w\" sizes=\"auto, (max-width: 800px) 100vw, 800px\" \/><\/p>\n<ul>\n<li>Thay v\u00ec ph\u1ea3i d\u00e0nh h\u00e0ng gi\u1edd m\u1ed7i ng\u00e0y cho vi\u1ec7c r\u1eeda t\u1eebng chi\u1ebfc c\u1ee7 qu\u1ea3 b\u1eb1ng tay th\u1ee7 c\u00f4ng, m\u00e1y gi\u00fap ti\u1ebft ki\u1ec7m th\u1eddi gian v\u00e0 c\u00f4ng s\u1ee9c, gi\u00fap b\u1ea1n t\u1eadp trung v\u00e0o c\u00e1c c\u00f4ng vi\u1ec7c kh\u00e1c<\/li>\n<li>M\u00e1y r\u1eeda s\u1eed d\u1ee5ng c\u00f4ng ngh\u1ec7 hi\u1ec7n \u0111\u1ea1i lo\u1ea1i b\u1ecf b\u1ee5i b\u1ea9n v\u00e0 t\u1ea1p ch\u1ea5t tr\u00ean b\u1ec1 m\u1eb7t c\u00e1c lo\u1ea1i c\u1ee7 qu\u1ea3. Gi\u00fap s\u1ea3n ph\u1ea9m cu\u1ed1i c\u00f9ng lu\u00f4n s\u1ea1ch s\u1ebd &#8211; an to\u00e0n &#8211; b\u1ea3o v\u1ec7 s\u1ee9c kh\u1ecfe c\u1ee7a ng\u01b0\u1eddi d\u00f9ng<\/li>\n<li>T\u1ed1i \u01b0u h\u00f3a qu\u00e1 tr\u00ecnh s\u1ea3n xu\u1ea5t v\u00e0 gi\u1ea3m th\u1eddi gian ch\u1edd \u0111\u1ee3i. T\u1eeb \u0111\u00f3, t\u0103ng c\u01b0\u1eddng n\u0103ng su\u1ea5t v\u00e0 l\u1ee3i nhu\u1eadn cho doanh nghi\u1ec7p<\/li>\n<li>\u0110\u1ea7u t\u01b0 ban \u0111\u1ea7u, nh\u01b0ng l\u1ea1i ti\u1ebft ki\u1ec7m chi ph\u00ed d\u00e0i h\u1ea1n b\u1eb1ng c\u00e1ch gi\u1ea3m b\u1edbt vi\u1ec7c thu\u00ea nh\u00e2n c\u00f4ng &#8211; gi\u1ea3m l\u01b0\u1ee3ng n\u01b0\u1edbc ti\u00eau th\u1ee5 h\u01a1n so v\u1edbi r\u1eeda b\u1eb1ng tay<\/li>\n<li>\u0110\u00e1p \u1ee9ng \u0111a d\u1ea1ng nhu c\u1ea7u c\u1ee7a nhi\u1ec1u ng\u00e0nh, l\u0129nh v\u1ef1c kh\u00e1c nhau t\u1eeb c\u00e1c h\u1ed9 gia \u0111\u00ecnh, c\u01a1 s\u1edf ch\u1ebf bi\u1ebfn quy m\u00f4 v\u1eeba v\u00e0 nh\u1ecf<\/li>\n<\/ul>\n<p><img loading=\"lazy\" decoding=\"async\" class=\"aligncenter wp-image-9737 size-full\" src=\"https:\/\/congtybinhminh.com\/wp-content\/uploads\/2024\/05\/may-rua-cu-qua_result222.webp\" alt=\"may-rua-cu-qua_result222\" width=\"800\" height=\"488\" srcset=\"https:\/\/congtybinhminh.com\/wp-content\/uploads\/2024\/05\/may-rua-cu-qua_result222.webp 800w, https:\/\/congtybinhminh.com\/wp-content\/uploads\/2024\/05\/may-rua-cu-qua_result222-656x400.webp 656w, https:\/\/congtybinhminh.com\/wp-content\/uploads\/2024\/05\/may-rua-cu-qua_result222-768x468.webp 768w, https:\/\/congtybinhminh.com\/wp-content\/uploads\/2024\/05\/may-rua-cu-qua_result222-510x311.webp 510w\" sizes=\"auto, (max-width: 800px) 100vw, 800px\" \/><\/p>\n<p>\u0110\u1ea7u t\u01b0 v\u00e0o m\u00e1y r\u1eeda n\u00f4ng s\u1ea3n c\u1ee7a ch\u00fang t\u00f4i l\u00e0 \u0111\u1ea7u t\u01b0 v\u00e0o s\u1ef1 hi\u1ec7u qu\u1ea3 v\u00e0 th\u00e0nh c\u00f4ng c\u1ee7a doanh nghi\u1ec7p c\u1ee7a b\u1ea1n<\/p>\n<h2>\u0110\u1ecba ch\u1ec9 mua m\u00e1y r\u1eeda n\u00f4ng s\u1ea3n gi\u00e1 g\u1ed1c t\u1ea1i x\u01b0\u1edfng<\/h2>\n<p>\u0110\u1ec3 \u0111\u1eb7t mua h\u00e0ng ch\u00ednh h\u00e3ng, b\u00e0 con c\u00f3 th\u1ec3 \u0111\u1ebfn tr\u1ee5 s\u1edf g\u1ea7n nh\u1ea5t c\u1ee7a c\u00f4ng ty \u0111\u1ec3 xem v\u00e0 \u0111\u1eb7t mua h\u00e0ng:<\/p>\n<ul>\n<li>Tr\u1ee5 s\u1edf ch\u00ednh: p. L\u00ea L\u1ee3i &#8211; Tx S\u01a1n T\u00e2y &#8211; H\u00e0 N\u1ed9i<\/li>\n<li>Chi nh\u00e1nh mi\u1ec1n Nam: x\u00e3 T\u00e2n Ki\u00ean &#8211; H. B\u00ecnh Ch\u00e1nh &#8211; TP H\u1ed3 Ch\u00ed Minh<\/li>\n<\/ul>\n<p>Khi \u0111\u1ebfn \u0111\u00e2y, b\u00e0 con s\u1ebd \u0111\u01b0\u1ee3c th\u1eed nghi\u1ec7m v\u1eadn h\u00e0nh m\u00e1y d\u01b0\u1edbi s\u1ef1 h\u01b0\u1edbng d\u1eabn c\u1ee7a \u0111\u1ed9i ng\u0169 k\u1ef9 thu\u1eadt<\/p>\n<p>\u0110\u1ed1i v\u1edbi b\u00e0 con \u1edf xa, c\u00f3 th\u1ec3 li\u00ean h\u1ec7 t\u1edbi s\u1ed1 \u0111i\u1ec7n tho\u1ea1i Hotline tr\u00ean website ho\u1eb7c \u0111\u1ec3 l\u1ea1i l\u1eddi nh\u1eafn \u0111\u1ed9i ng\u0169 t\u01b0 v\u1ea5n s\u1ebd li\u00ean h\u1ec7 t\u1edbi b\u00e0 con trong th\u1eddi gian s\u1edbm nh\u1ea5t<\/p>\n<p><strong>Th\u00f4ng s\u1ed1 k\u1ef9 thu\u1eadt\u00a0<\/strong><\/p>\n<table>\n<tbody>\n<tr>\n<td rowspan=\"3\" width=\"274\">\u0110\u1ed9ng c\u01a1<\/td>\n<td width=\"214\">C\u00f4ng su\u1ea5t \u0111\u1ed9ng c\u01a1<\/td>\n<td width=\"213\">1.5kW<\/td>\n<\/tr>\n<tr>\n<td width=\"214\">Ngu\u1ed3n \u0111i\u1ec7n<\/td>\n<td width=\"213\">220V<\/td>\n<\/tr>\n<tr>\n<td width=\"214\">T\u1ed1c \u0111\u1ed9 \u0111\u1ed9ng c\u01a1<\/td>\n<td width=\"213\">1450 v\/p<\/td>\n<\/tr>\n<tr>\n<td rowspan=\"2\" width=\"274\">Tr\u1ecdng l\u01b0\u1ee3ng m\u00e1y<\/td>\n<td width=\"214\">Nguy\u00ean b\u1ed9<\/td>\n<td width=\"213\">217( kg)<\/td>\n<\/tr>\n<tr>\n<td width=\"214\">Kh\u00f4ng \u0111\u1ed9ng c\u01a1<\/td>\n<td width=\"213\">197( kg)<\/td>\n<\/tr>\n<tr>\n<td rowspan=\"2\" width=\"274\">B\u1ea3o h\u00e0nh<\/td>\n<td width=\"214\">K\u1ef9 thu\u1eadt<\/td>\n<td width=\"213\">06\u00a0th\u00e1ng<\/td>\n<\/tr>\n<tr>\n<td width=\"214\">\u0110\u1ed9ng c\u01a1<\/td>\n<td width=\"213\">Theo t\u1eebng h\u00e3ng s\u1ea3n xu\u1ea5t<\/td>\n<\/tr>\n<tr>\n<td width=\"274\">N\u0103ng su\u1ea5t<\/td>\n<td colspan=\"2\" width=\"427\">500 \u2013 700 kg\/h<\/td>\n<\/tr>\n<tr>\n<td width=\"274\">K\u00edch th\u01b0\u1edbc ( D * C * R )<\/td>\n<td colspan=\"2\" width=\"427\">157*105*79 cm<\/td>\n<\/tr>\n<tr>\n<td width=\"274\">H\u00ecnh th\u1ee9c thanh to\u00e1n<\/td>\n<td colspan=\"2\" width=\"427\"><b><strong>Ti\u1ec1n m\u1eb7t ho\u1eb7c chuy\u1ec3n kho\u1ea3n<\/strong><\/b><\/td>\n<\/tr>\n<\/tbody>\n<\/table>\n","protected":false},"excerpt":{"rendered":"<ul>\n<li><strong>H\u00e3ng s\u1ea3n xu\u1ea5t :<\/strong> B\u00ecnh Minh<\/li>\n<li><strong>C\u00f4ng su\u1ea5t:<\/strong>\u00a01,5kw<\/li>\n<li><strong>Ngu\u1ed3n \u0111i\u1ec7n:<\/strong>\u00a0220V<\/li>\n<li><strong>N\u0103ng su\u1ea5t:<\/strong>\u00a0500 \u2013 700 kg\/gi\u1edd<\/li>\n<li><strong>T\u00ednh n\u0103ng:<\/strong>\u00a0m\u00e1y r\u1eeda v\u00e0 lo\u1ea1i b\u1ecf b\u1ee5i b\u1ea9n b\u00e1m tr\u00ean b\u1ec1 m\u1eb7t c\u00e1c lo\u1ea1i c\u1ee7 qu\u1ea3: ngh\u1ec7, ri\u1ec1ng; c\u1ee7 \u0111\u1eadu..<\/li>\n<\/ul>\n","protected":false},"featured_media":9728,"comment_status":"closed","ping_status":"closed","template":"","meta":[],"product_brand":[],"product_cat":[214],"product_tag":[],"class_list":{"0":"post-9727","1":"product","2":"type-product","3":"status-publish","4":"has-post-thumbnail","6":"product_cat-may-xay-ep-nghe-tuoi","8":"first","9":"instock","10":"shipping-taxable","11":"product-type-simple"},"_links":{"self":[{"href":"https:\/\/congtybinhminh.com\/index.php?rest_route=\/wp\/v2\/product\/9727","targetHints":{"allow":["GET"]}}],"collection":[{"href":"https:\/\/congtybinhminh.com\/index.php?rest_route=\/wp\/v2\/product"}],"about":[{"href":"https:\/\/congtybinhminh.com\/index.php?rest_route=\/wp\/v2\/types\/product"}],"replies":[{"embeddable":true,"href":"https:\/\/congtybinhminh.com\/index.php?rest_route=%2Fwp%2Fv2%2Fcomments&post=9727"}],"wp:featuredmedia":[{"embeddable":true,"href":"https:\/\/congtybinhminh.com\/index.php?rest_route=\/wp\/v2\/media\/9728"}],"wp:attachment":[{"href":"https:\/\/congtybinhminh.com\/index.php?rest_route=%2Fwp%2Fv2%2Fmedia&parent=9727"}],"wp:term":[{"taxonomy":"product_brand","embeddable":true,"href":"https:\/\/congtybinhminh.com\/index.php?rest_route=%2Fwp%2Fv2%2Fproduct_brand&post=9727"},{"taxonomy":"product_cat","embeddable":true,"href":"https:\/\/congtybinhminh.com\/index.php?rest_route=%2Fwp%2Fv2%2Fproduct_cat&post=9727"},{"taxonomy":"product_tag","embeddable":true,"href":"https:\/\/congtybinhminh.com\/index.php?rest_route=%2Fwp%2Fv2%2Fproduct_tag&post=9727"}],"curies":[{"name":"wp","href":"https:\/\/api.w.org\/{rel}","templated":true}]}}