{"id":9683,"date":"2024-05-27T09:28:54","date_gmt":"2024-05-27T02:28:54","guid":{"rendered":"https:\/\/congtybinhminh.com\/?post_type=product&#038;p=9683"},"modified":"2025-07-26T10:01:44","modified_gmt":"2025-07-26T03:01:44","slug":"may-nghien-thuc-an-chan-nuoi-b30-buong-thang","status":"publish","type":"product","link":"https:\/\/congtybinhminh.com\/?product=may-nghien-thuc-an-chan-nuoi-b30-buong-thang","title":{"rendered":"M\u00e1y nghi\u1ec1n th\u1ee9c \u0103n ch\u0103n nu\u00f4i B30 bu\u00f4ng th\u1eb3ng"},"content":{"rendered":"<h2>Gi\u1edbi thi\u1ec7u m\u00e1y nghi\u1ec1n th\u1ee9c \u0103n ch\u0103n nu\u00f4i B30 bu\u00f4ng th\u1eb3ng<\/h2>\n<p>M\u00e1y nghi\u1ec1n b\u1ed9t c\u00e1m l\u00e0 c\u00f4ng c\u1ee5 kh\u00f4ng th\u1ec3 thi\u1ebfu gi\u00fap chuy\u1ec3n \u0111\u1ed5i nguy\u00ean li\u1ec7u t\u1eeb d\u1ea1ng th\u00f4 sang d\u1ea1ng b\u1ed9t. V\u1edbi c\u00f4ng ngh\u1ec7 hi\u1ec7n \u0111\u1ea1i, c\u00e1c m\u00e1y nghi\u1ec1n b\u1ed9t c\u00e1m ng\u00e0y tr\u1edf n\u00ean ph\u1ed5 bi\u1ebfn t\u1ea1i c\u00e1c h\u1ed9 ch\u0103n nu\u00f4i, trang tr\u1ea1i hay c\u00e1c c\u01a1 s\u1edf s\u1ea3n xu\u1ea5t v\u1edbi kh\u1ea3 n\u0103ng nghi\u1ec1n hi\u1ec7u qu\u1ea3 v\u00e0 ti\u1ebft ki\u1ec7m th\u1eddi gian<\/p>\n<p><img loading=\"lazy\" decoding=\"async\" class=\"aligncenter wp-image-9690 size-full\" src=\"https:\/\/congtybinhminh.com\/wp-content\/uploads\/2024\/05\/may-nghien-thuc-an-chan-nuoi-b30-buong-thang-binh-minh-1_result222.webp\" alt=\"may-nghien-thuc-an-chan-nuoi-b30-buong-thang-binh-minh-1_result222\" width=\"800\" height=\"1079\" srcset=\"https:\/\/congtybinhminh.com\/wp-content\/uploads\/2024\/05\/may-nghien-thuc-an-chan-nuoi-b30-buong-thang-binh-minh-1_result222.webp 800w, https:\/\/congtybinhminh.com\/wp-content\/uploads\/2024\/05\/may-nghien-thuc-an-chan-nuoi-b30-buong-thang-binh-minh-1_result222-297x400.webp 297w, https:\/\/congtybinhminh.com\/wp-content\/uploads\/2024\/05\/may-nghien-thuc-an-chan-nuoi-b30-buong-thang-binh-minh-1_result222-593x800.webp 593w, https:\/\/congtybinhminh.com\/wp-content\/uploads\/2024\/05\/may-nghien-thuc-an-chan-nuoi-b30-buong-thang-binh-minh-1_result222-768x1036.webp 768w, https:\/\/congtybinhminh.com\/wp-content\/uploads\/2024\/05\/may-nghien-thuc-an-chan-nuoi-b30-buong-thang-binh-minh-1_result222-510x688.webp 510w\" sizes=\"auto, (max-width: 800px) 100vw, 800px\" \/><\/p>\n<p>C\u00f4ng ty B\u00ecnh Minh &#8211; n\u01a1i b\u1ea1n c\u00f3 th\u1ec3 t\u00ecm th\u1ea5y gi\u1ea3i ph\u00e1p ho\u00e0n h\u1ea3o cho vi\u1ec7c nghi\u1ec1n c\u00e1m ng\u00f4, c\u00e1m g\u1ea1o v\u00e0 c\u00e1c lo\u1ea1i nguy\u00ean li\u1ec7u ph\u1ee5c ph\u1ea9m kh\u00e1c ngay t\u1ea1i nh\u00e0 m\u1ed9t c\u00e1c ti\u1ec7n l\u1ee3i, t\u1ed1i \u01b0u h\u00f3a quy tr\u00ecnh s\u1ea3n xu\u1ea5t<\/p>\n<h2>Nh\u1eefng t\u00ednh n\u0103ng m\u00e1y nghi\u1ec1n th\u1ee9c \u0103n ch\u0103n nu\u00f4i B30 bu\u00f4ng th\u1eb3ng<\/h2>\n<p>M\u00e1y nghi\u1ec1n th\u1ee9c \u0103n ch\u0103n nu\u00f4i B30 bu\u00f4ng th\u1eb1ng l\u00e0 nh\u1eefng thi\u1ebft b\u1ecb quan tr\u1ecdng trong qu\u00e1 tr\u00ecnh s\u1ea3n xu\u1ea5t c\u00f4ng &#8211; n\u00f4ng nghi\u1ec7p, \u1ee9ng d\u1ee5ng trong nhi\u1ec1u l\u0129nh v\u1ef1c:<\/p>\n<ul>\n<li>Trong ch\u0103n nu\u00f4i: m\u00e1y nghi\u1ec1n c\u00e1c lo\u1ea1i n\u00f4ng ph\u1ea9m kh\u00f4 nh\u01b0 ng\u00f4 h\u1ea1t, th\u00f3c.. th\u00e0nh b\u1ed9t c\u00e1m. Nghi\u1ec1n x\u01b0\u01a1ng g\u00e0&#8230; l\u00e0m th\u1ee9c \u0103n ch\u0103n nu\u00f4i<\/li>\n<li>Trong n\u00f4ng nghi\u1ec7p: m\u00e1y nghi\u1ec1n l\u00e1 kh\u00f4.. l\u00e0m d\u01b0\u1ee3c li\u1ec7u<\/li>\n<\/ul>\n<h2>C\u1ea5u t\u1ea1o m\u00e1y nghi\u1ec1n th\u1ee9c \u0103n ch\u0103n nu\u00f4i B30 bu\u00f4ng th\u1eb3ng<\/h2>\n<p>Thu\u1ed9c d\u00f2ng m\u00e1y c\u00f4ng nghi\u1ec7p, v\u1edbi k\u1ebft c\u1ea5u m\u00e1y \u0111\u01b0\u1ee3c h\u00e0n g\u1eafn ch\u1eafc ch\u1eafn kh\u00f4ng g\u00e2y rung l\u1eafc trong qu\u00e1 tr\u00ecnh nghi\u1ec1n<\/p>\n<p><img loading=\"lazy\" decoding=\"async\" class=\"aligncenter wp-image-9691 size-full\" src=\"https:\/\/congtybinhminh.com\/wp-content\/uploads\/2024\/05\/cau-tao-may-nghien-thuc-an-chan-nuoi-b30-buong-thang_result222.webp\" alt=\"cau-tao-may-nghien-thuc-an-chan-nuoi-b30-buong-thang_result222\" width=\"800\" height=\"600\" srcset=\"https:\/\/congtybinhminh.com\/wp-content\/uploads\/2024\/05\/cau-tao-may-nghien-thuc-an-chan-nuoi-b30-buong-thang_result222.webp 800w, https:\/\/congtybinhminh.com\/wp-content\/uploads\/2024\/05\/cau-tao-may-nghien-thuc-an-chan-nuoi-b30-buong-thang_result222-533x400.webp 533w, https:\/\/congtybinhminh.com\/wp-content\/uploads\/2024\/05\/cau-tao-may-nghien-thuc-an-chan-nuoi-b30-buong-thang_result222-768x576.webp 768w, https:\/\/congtybinhminh.com\/wp-content\/uploads\/2024\/05\/cau-tao-may-nghien-thuc-an-chan-nuoi-b30-buong-thang_result222-510x383.webp 510w\" sizes=\"auto, (max-width: 800px) 100vw, 800px\" \/><\/p>\n<p>Toa n\u1ea1p thi\u1ebft k\u1ebf n\u1eb1m ngang v\u1edbi \u0111\u1ed9 cao v\u1eeba t\u1ea7m ng\u01b0\u1eddi d\u00f9ng, khoang ch\u1ee9a r\u1ed9ng c\u00f3 s\u1ee9c ch\u1ee9a s\u1ed1 l\u01b0\u1ee3ng l\u1edbn nguy\u00ean li\u1ec7u<\/p>\n<p><img loading=\"lazy\" decoding=\"async\" class=\"aligncenter wp-image-9692 size-full\" src=\"https:\/\/congtybinhminh.com\/wp-content\/uploads\/2024\/05\/toa-nap-nguyen-lieu_result222.webp\" alt=\"toa-nap-nguyen-lieu_result222\" width=\"800\" height=\"494\" srcset=\"https:\/\/congtybinhminh.com\/wp-content\/uploads\/2024\/05\/toa-nap-nguyen-lieu_result222.webp 800w, https:\/\/congtybinhminh.com\/wp-content\/uploads\/2024\/05\/toa-nap-nguyen-lieu_result222-648x400.webp 648w, https:\/\/congtybinhminh.com\/wp-content\/uploads\/2024\/05\/toa-nap-nguyen-lieu_result222-768x474.webp 768w, https:\/\/congtybinhminh.com\/wp-content\/uploads\/2024\/05\/toa-nap-nguyen-lieu_result222-510x315.webp 510w\" sizes=\"auto, (max-width: 800px) 100vw, 800px\" \/><\/p>\n<p>Ph\u00eda tr\u01b0\u1edbc mi\u1ec7ng toa g\u1eafn thanh ch\u1eafn gi\u00fap ki\u1ec3m so\u00e1t ch\u1ea5t l\u01b0\u1ee3ng nguy\u00ean li\u1ec7u \u0111\u1ea7u v\u00e0o tr\u00e1nh g\u00e2y \u0111\u1ea7y l\u00e0m qu\u00e1 t\u1ea3i m\u00e1y<\/p>\n<p><img loading=\"lazy\" decoding=\"async\" class=\"aligncenter wp-image-9693 size-full\" src=\"https:\/\/congtybinhminh.com\/wp-content\/uploads\/2024\/05\/tam-chan-toa-nap-may-nghien_result222.webp\" alt=\"tam-chan-toa-nap-may-nghien_result222\" width=\"800\" height=\"426\" srcset=\"https:\/\/congtybinhminh.com\/wp-content\/uploads\/2024\/05\/tam-chan-toa-nap-may-nghien_result222.webp 800w, https:\/\/congtybinhminh.com\/wp-content\/uploads\/2024\/05\/tam-chan-toa-nap-may-nghien_result222-751x400.webp 751w, https:\/\/congtybinhminh.com\/wp-content\/uploads\/2024\/05\/tam-chan-toa-nap-may-nghien_result222-768x409.webp 768w, https:\/\/congtybinhminh.com\/wp-content\/uploads\/2024\/05\/tam-chan-toa-nap-may-nghien_result222-510x272.webp 510w\" sizes=\"auto, (max-width: 800px) 100vw, 800px\" \/><\/p>\n<h3>H\u1ec7 th\u1ed1ng bu\u1ed3ng l\u00e0m vi\u1ec7c<\/h3>\n<p>Bu\u1ed3ng nghi\u1ec1n r\u1ed9ng v\u1edbi s\u1ee9c 30 b\u00faa \u0111\u1eadp c\u00f9ng b\u1ed9 qu\u1ea1t 6 c\u00e1nh kh\u1ecfe \u0111\u1eadp v\u1ee1 v\u00e0 nghi\u1ec1n nh\u1ecf nguy\u00ean li\u1ec7u v\u1edbi m\u1eb7t s\u00e0ng. Cho n\u0103ng su\u1ea5t cao g\u1ea5p 2 &#8211; 3 l\u1ea7n so v\u1edbi c\u00e1c d\u00f2ng m\u00e1y nghi\u1ec1n th\u00f4ng th\u01b0\u1eddng<\/p>\n<p><img loading=\"lazy\" decoding=\"async\" class=\"aligncenter wp-image-9694 size-full\" src=\"https:\/\/congtybinhminh.com\/wp-content\/uploads\/2024\/05\/may-nghien-bua_result222.webp\" alt=\"may-nghien-bua_result222\" width=\"800\" height=\"1080\" srcset=\"https:\/\/congtybinhminh.com\/wp-content\/uploads\/2024\/05\/may-nghien-bua_result222.webp 800w, https:\/\/congtybinhminh.com\/wp-content\/uploads\/2024\/05\/may-nghien-bua_result222-296x400.webp 296w, https:\/\/congtybinhminh.com\/wp-content\/uploads\/2024\/05\/may-nghien-bua_result222-593x800.webp 593w, https:\/\/congtybinhminh.com\/wp-content\/uploads\/2024\/05\/may-nghien-bua_result222-768x1037.webp 768w, https:\/\/congtybinhminh.com\/wp-content\/uploads\/2024\/05\/may-nghien-bua_result222-510x689.webp 510w\" sizes=\"auto, (max-width: 800px) 100vw, 800px\" \/><\/p>\n<p>Qu\u00e1 tr\u00ecnh nghi\u1ec1n n\u00e0y t\u1ea1o ra th\u00e0nh ph\u1ea9m c\u00f3 k\u00edch th\u01b0\u1edbc \u0111\u1ed3ng \u0111\u1ec1u v\u00e0 d\u1ec5 h\u00f2a tr\u1ed9n v\u00e0o th\u1ee9c \u0103n ch\u0103n nu\u00f4i cho gia s\u00fac &#8211; gia c\u1ea7m<\/p>\n<p>Th\u00e0nh ph\u1ea9m sau khi nghi\u1ec1n s\u1ebd \u0111\u01b0\u1ee3c \u0111\u01b0a tr\u1ef1c ti\u1ebfp ra ngo\u00e0i c\u1eeda x\u1ea3m thu\u1eadn ti\u1ec7n qu\u00e1 tr\u00ecnh thu gom<\/p>\n<h3>Cho n\u0103ng su\u1ea5t cao<\/h3>\n<p>M\u00e1y nghi\u1ec1n 3 pha s\u1eed d\u1ee5ng \u0111\u1ed9ng c\u01a1 45kw motor l\u00f5i d\u00e2y \u0111\u1ed3ng 100 % cho n\u0103ng su\u1ea5t cao<\/p>\n<p>Th\u00edch h\u1ee3p s\u1eed d\u1ee5ng t\u1ea1i c\u00e1c c\u01a1 s\u1edf ch\u1ebf bi\u1ebfn quy m\u00f4 v\u1eeba v\u00e0 l\u1edbn, c\u00e1c h\u1ed9 kinh doanh s\u1ea3n xu\u1ea5t. Ngo\u00e0i ra, c\u00f4ng ty B\u00ecnh Minh c\u00f2n s\u1ea3n xu\u1ea5t 2 phi\u00ean b\u1ea3n m\u00e1y nghi\u1ec1n B30 kh\u00e1c \u0111\u00e1p \u1ee9ng nhu c\u1ea7u ng\u01b0\u1eddi d\u00f9ng:<\/p>\n<p><img loading=\"lazy\" decoding=\"async\" class=\"aligncenter wp-image-9696 size-full\" src=\"https:\/\/congtybinhminh.com\/wp-content\/uploads\/2024\/05\/may-nghien-b30-inox_result222.webp\" alt=\"may-nghien-b30-inox_result222\" width=\"800\" height=\"782\" srcset=\"https:\/\/congtybinhminh.com\/wp-content\/uploads\/2024\/05\/may-nghien-b30-inox_result222.webp 800w, https:\/\/congtybinhminh.com\/wp-content\/uploads\/2024\/05\/may-nghien-b30-inox_result222-409x400.webp 409w, https:\/\/congtybinhminh.com\/wp-content\/uploads\/2024\/05\/may-nghien-b30-inox_result222-768x751.webp 768w, https:\/\/congtybinhminh.com\/wp-content\/uploads\/2024\/05\/may-nghien-b30-inox_result222-510x499.webp 510w\" sizes=\"auto, (max-width: 800px) 100vw, 800px\" \/><\/p>\n<h2>V\u00ec sao n\u00ean d\u00f9ng m\u00e1y nghi\u1ec1n th\u1ee9c \u0103n ch\u0103n nu\u00f4i B30 bu\u00f4ng th\u1eb3ng<\/h2>\n<p>&#8221; M\u00e1y m\u00f3c thay th\u1ebf s\u1ee9c ng\u01b0\u1eddi&#8221; vi\u1ec7c \u1ee9ng d\u1ee5ng m\u00e1y nghi\u1ec1n v\u00e0o ch\u1eafn nu\u00f4i mang l\u1ea1i s\u1ef1 ti\u1ec7n l\u1ee3i cho b\u00e0 con:<\/p>\n<ul>\n<li>M\u00e1y nghi\u1ec1n \u0111a d\u1ea1ng c\u00e1c lo\u1ea1i nguy\u00ean li\u1ec7u \u1ee9ng d\u1ee5ng trong nhi\u1ec1u l\u0129nh v\u1ef1c<\/li>\n<li>M\u00e1y nghi\u1ec1n t\u1ef1 \u0111\u1ed9ng gi\u00fap b\u00e0 con t\u1ef1 ch\u1ee7 ngu\u1ed3n th\u1ee9c \u0103n trong qu\u00e1 tr\u00ecnh ch\u0103n nu\u00f4i<\/li>\n<li>Ki\u1ec3m so\u00e1t ch\u1ea5t l\u01b0\u1ee3ng t\u1eeb nguy\u00ean li\u1ec7u \u0111\u1ea7u v\u00e0o \u0111\u1ebfn trong su\u1ed1t qu\u00e1 tr\u00ecnh nghi\u1ec1n<\/li>\n<li>Ti\u1ebft ki\u1ec7m th\u1eddi gian v\u00e0 chi ph\u00ed nh\u00e2n c\u00f4ng<\/li>\n<\/ul>\n<h2>\u0110ia ch\u1ec9 mua m\u00e1y nghi\u1ec1n c\u00e1m c\u00f4ng nghi\u1ec7p gi\u00e1 g\u1ed1c t\u1ea1i x\u01b0\u1edfng<\/h2>\n<p>\u0110\u1ec3 \u0111\u1eb7t mua h\u00e0ng ch\u00ednh h\u00e3ng, b\u00e0 con c\u00f3 th\u1ec3 \u0111\u1ebfn tr\u1ee5 s\u1edf g\u1ea7n nh\u1ea5t c\u1ee7a c\u00f4ng ty \u0111\u1ec3 xem v\u00e0 \u0111\u1eb7t mua h\u00e0ng:<\/p>\n<ul>\n<li>Tr\u1ee5 s\u1edf ch\u00ednh: P.L\u00ea L\u1ee3i &#8211; Tx S\u01a1n T\u00e2y &#8211; H\u00e0 N\u1ed9i<\/li>\n<li>Chi nh\u00e1nh mi\u1ec1n Nam: x\u00e3 T\u00e2n Ki\u00ean &#8211; H. B\u00ecnh Ch\u00e1nh &#8211; TP H\u1ed3 Ch\u00ed Minh<\/li>\n<\/ul>\n<p><img loading=\"lazy\" decoding=\"async\" class=\"aligncenter wp-image-9695 size-full\" src=\"https:\/\/congtybinhminh.com\/wp-content\/uploads\/2024\/05\/dia-chi-mua-may-nghien_result222.webp\" alt=\"dia-chi-mua-may-nghien_result222\" width=\"800\" height=\"1231\" srcset=\"https:\/\/congtybinhminh.com\/wp-content\/uploads\/2024\/05\/dia-chi-mua-may-nghien_result222.webp 800w, https:\/\/congtybinhminh.com\/wp-content\/uploads\/2024\/05\/dia-chi-mua-may-nghien_result222-260x400.webp 260w, https:\/\/congtybinhminh.com\/wp-content\/uploads\/2024\/05\/dia-chi-mua-may-nghien_result222-520x800.webp 520w, https:\/\/congtybinhminh.com\/wp-content\/uploads\/2024\/05\/dia-chi-mua-may-nghien_result222-768x1182.webp 768w, https:\/\/congtybinhminh.com\/wp-content\/uploads\/2024\/05\/dia-chi-mua-may-nghien_result222-510x785.webp 510w\" sizes=\"auto, (max-width: 800px) 100vw, 800px\" \/><\/p>\n<p>Khi \u0111\u1ebfn \u0111\u00e2y, b\u00e0 con s\u1ebd \u0111\u01b0\u1ee3c th\u1eed nghi\u1ec7m v\u1eadn h\u00e0nh m\u00e1y d\u01b0\u1edbi s\u1ef1 h\u01b0\u1edbng d\u1eabn c\u1ee7a \u0111\u1ed9i ng\u0169 k\u1ef9 thu\u1eadt<\/p>\n<p>\u0110\u1ed1i v\u1edbi b\u00e0 con \u1edf xa, c\u00f3 th\u1ec3 li\u00ean h\u1ec7 t\u1edbi s\u1ed1 \u0111i\u1ec7n tho\u1ea1i Hotline tr\u00ean website ho\u1eb7c \u0111\u1ec3 l\u1ea1i \u0111\u1ed9i ng\u0169 t\u01b0 v\u1ea5n s\u1ebd li\u00ean h\u1ec7 t\u1edbi b\u00e0 con trong th\u1eddi gian s\u1edbm nh\u1ea5t<\/p>\n<p><strong>Th\u00f4ng s\u1ed7 k\u1ef9 thu\u1eadt<\/strong><\/p>\n<table border=\"1\" cellspacing=\"1\" cellpadding=\"1\">\n<tbody>\n<tr>\n<td>C\u00f4ng su\u1ea5t \u0111\u1ed9ng c\u01a1<\/td>\n<td>37 &#8211; 45kw<\/td>\n<\/tr>\n<tr>\n<td>Ngu\u1ed3n \u0111i\u1ec7n<\/td>\n<td>\u00a0380V<\/td>\n<\/tr>\n<tr>\n<td>T\u1ed1c \u0111\u1ed9 \u0111\u1ed9ng c\u01a1<\/td>\n<td>1450 v\u00f2ng\/ph\u00fat<\/td>\n<\/tr>\n<tr>\n<td>N\u0103ng su\u1ea5t<\/td>\n<td>\u00a0kg\/gi\u1edd<\/td>\n<\/tr>\n<tr>\n<td>B\u1ea3o h\u00e0nh<\/td>\n<td>\u00a012 th\u00e1ng<\/td>\n<\/tr>\n<tr>\n<td>H\u00ecnh th\u1ee9c thanh to\u00e1n<\/td>\n<td>Ti\u1ec1n m\u1eb7t ho\u1eb7c chuy\u1ec3n kho\u1ea3n<\/td>\n<\/tr>\n<\/tbody>\n<\/table>\n","protected":false},"excerpt":{"rendered":"<ul>\n<li><strong>H\u00e3ng s\u1ea3n xu\u1ea5t :<\/strong> B\u00ecnh Minh<\/li>\n<li><strong>C\u00f4ng su\u1ea5t \u0111\u1ed9ng c\u01a1:<\/strong> 45kw<\/li>\n<li><strong>Ngu\u1ed3n \u0111i\u1ec7n:<\/strong> 380V<\/li>\n<li><strong>T\u1ed1c \u0111\u1ed9:<\/strong> 1450 v\u00f2ng\/ph\u00fat<\/li>\n<li><strong>T\u00ednh n\u0103ng:<\/strong> m\u00e1y chuy\u00ean d\u00f9ng nghi\u1ec1n c\u00e1c lo\u1ea1i n\u00f4ng ph\u1ea9m kh\u00f4, nghi\u1ec1n x\u01b0\u01a1ng.. th\u00e0nh d\u1ea1ng b\u1ed9t l\u00e0m th\u1ee9c \u0103n cho gia s\u00fac &#8211; gia c\u1ea7m<\/li>\n<\/ul>\n","protected":false},"featured_media":9684,"comment_status":"closed","ping_status":"closed","template":"","meta":[],"product_brand":[],"product_cat":[32],"product_tag":[],"class_list":{"0":"post-9683","1":"product","2":"type-product","3":"status-publish","4":"has-post-thumbnail","6":"product_cat-may-nghien","8":"first","9":"instock","10":"shipping-taxable","11":"product-type-simple"},"_links":{"self":[{"href":"https:\/\/congtybinhminh.com\/index.php?rest_route=\/wp\/v2\/product\/9683","targetHints":{"allow":["GET"]}}],"collection":[{"href":"https:\/\/congtybinhminh.com\/index.php?rest_route=\/wp\/v2\/product"}],"about":[{"href":"https:\/\/congtybinhminh.com\/index.php?rest_route=\/wp\/v2\/types\/product"}],"replies":[{"embeddable":true,"href":"https:\/\/congtybinhminh.com\/index.php?rest_route=%2Fwp%2Fv2%2Fcomments&post=9683"}],"wp:featuredmedia":[{"embeddable":true,"href":"https:\/\/congtybinhminh.com\/index.php?rest_route=\/wp\/v2\/media\/9684"}],"wp:attachment":[{"href":"https:\/\/congtybinhminh.com\/index.php?rest_route=%2Fwp%2Fv2%2Fmedia&parent=9683"}],"wp:term":[{"taxonomy":"product_brand","embeddable":true,"href":"https:\/\/congtybinhminh.com\/index.php?rest_route=%2Fwp%2Fv2%2Fproduct_brand&post=9683"},{"taxonomy":"product_cat","embeddable":true,"href":"https:\/\/congtybinhminh.com\/index.php?rest_route=%2Fwp%2Fv2%2Fproduct_cat&post=9683"},{"taxonomy":"product_tag","embeddable":true,"href":"https:\/\/congtybinhminh.com\/index.php?rest_route=%2Fwp%2Fv2%2Fproduct_tag&post=9683"}],"curies":[{"name":"wp","href":"https:\/\/api.w.org\/{rel}","templated":true}]}}