{"id":9627,"date":"2024-04-29T09:28:53","date_gmt":"2024-04-29T02:28:53","guid":{"rendered":"https:\/\/congtybinhminh.com\/?post_type=product&#038;p=9627"},"modified":"2024-04-29T09:28:54","modified_gmt":"2024-04-29T02:28:54","slug":"may-nghien-bot-nuoc-inox-350","status":"publish","type":"product","link":"https:\/\/congtybinhminh.com\/?product=may-nghien-bot-nuoc-inox-350","title":{"rendered":"M\u00e1y nghi\u1ec1n b\u1ed9t n\u01b0\u1edbc inox 350"},"content":{"rendered":"<h2>Video ho\u1ea1t \u0111\u1ed9ng c\u1ee7a m\u00e1y<\/h2>\n<p><iframe loading=\"lazy\" title=\"M\u00e1y Xay Nghi\u1ec1n B\u1ed9t N\u01b0\u1edbc Inox 350 Th\u1ebf H\u1ec7 M\u1edbi Gi\u00e0nh Cho M\u1ecdi H\u1ed9 Kinh Doanh\" width=\"1020\" height=\"574\" src=\"https:\/\/www.youtube.com\/embed\/drcz19jevhQ?feature=oembed\" frameborder=\"0\" allow=\"accelerometer; autoplay; clipboard-write; encrypted-media; gyroscope; picture-in-picture; web-share\" referrerpolicy=\"strict-origin-when-cross-origin\" allowfullscreen><\/iframe><\/p>\n<h2>Gi\u1edbi thi\u1ec7u m\u00e1y nghi\u1ec1n b\u1ed9t n\u01b0\u1edbc inox 350<\/h2>\n<p>M\u00e1y nghi\u1ec1n b\u1ed9t n\u01b0\u1edbc inox 350 thi\u1ebft b\u1ecb nghi\u1ec1n th\u1ef1c ph\u1ea9m do c\u00f4ng ty B\u00ecnh Minh s\u1ea3n xu\u1ea5t, h\u1ed7 tr\u1ee3 b\u00e0 con nghi\u1ec1n b\u1ed9t g\u1ea1o ngay t\u1ea1i nh\u00e0 thay v\u00ec ph\u1ee5 thu\u1ed9c mua b\u1ed9t ngo\u00e0i v\u1edbi gi\u00e1 cao<\/p>\n<p><img loading=\"lazy\" decoding=\"async\" class=\"aligncenter wp-image-9634 size-full\" src=\"https:\/\/congtybinhminh.com\/wp-content\/uploads\/2024\/04\/may-nghien-bot-nuoc-inox-350_result222-1.webp\" alt=\"may-nghien-bot-nuoc-inox-350_result222\" width=\"800\" height=\"1078\" srcset=\"https:\/\/congtybinhminh.com\/wp-content\/uploads\/2024\/04\/may-nghien-bot-nuoc-inox-350_result222-1.webp 800w, https:\/\/congtybinhminh.com\/wp-content\/uploads\/2024\/04\/may-nghien-bot-nuoc-inox-350_result222-1-297x400.webp 297w, https:\/\/congtybinhminh.com\/wp-content\/uploads\/2024\/04\/may-nghien-bot-nuoc-inox-350_result222-1-594x800.webp 594w, https:\/\/congtybinhminh.com\/wp-content\/uploads\/2024\/04\/may-nghien-bot-nuoc-inox-350_result222-1-768x1035.webp 768w, https:\/\/congtybinhminh.com\/wp-content\/uploads\/2024\/04\/may-nghien-bot-nuoc-inox-350_result222-1-510x687.webp 510w\" sizes=\"auto, (max-width: 800px) 100vw, 800px\" \/><\/p>\n<p>M\u00e1y nghi\u1ec1n b\u1ed9t n\u01b0\u1edbc 3 pha cho n\u0103ng su\u1ea5t 30-35kg\/gi\u1edd th\u00edch h\u1ee3p s\u1eed d\u1ee5ng t\u1ea1i c\u00e1c h\u1ed9 gia \u0111\u00ecnh, c\u01a1 s\u1edf ch\u1ebf bi\u1ebfn th\u1ef1c ph\u1ea9m quy m\u00f4 v\u1eeba v\u00e0 nh\u1ecf<\/p>\n<h2>Nh\u1eefng t\u00ednh n\u0103ng m\u00e1y nghi\u1ec1n b\u1ed9t n\u01b0\u1edbc inox 350<\/h2>\n<p>Qu\u00e1 tr\u00ecnh nghi\u1ec1n t\u1ef1 \u0111\u1ed9ng, m\u00e1y nghi\u1ec1n \u0111a d\u1ea1ng c\u00e1c lo\u1ea1i g\u1ea1o ng\u00e2m, h\u1ea1t \u0111\u1ed7 ng\u00e2m, h\u1ea1t b\u1eafp ng\u00e2m.. th\u00e0nh b\u1ed9t n\u01b0\u1edbc nguy\u00ean ch\u1ea5t s\u00e1nh &#8211; m\u1ecbn kh\u00f4ng ch\u1ea5t b\u1ea3o qu\u1ea3n<\/p>\n<p><img loading=\"lazy\" decoding=\"async\" class=\"aligncenter wp-image-9636 size-full\" src=\"https:\/\/congtybinhminh.com\/wp-content\/uploads\/2024\/04\/may-nghien-bot-nuoc_result222.webp\" alt=\"may-nghien-bot-nuoc_result222\" width=\"800\" height=\"893\" srcset=\"https:\/\/congtybinhminh.com\/wp-content\/uploads\/2024\/04\/may-nghien-bot-nuoc_result222.webp 800w, https:\/\/congtybinhminh.com\/wp-content\/uploads\/2024\/04\/may-nghien-bot-nuoc_result222-358x400.webp 358w, https:\/\/congtybinhminh.com\/wp-content\/uploads\/2024\/04\/may-nghien-bot-nuoc_result222-717x800.webp 717w, https:\/\/congtybinhminh.com\/wp-content\/uploads\/2024\/04\/may-nghien-bot-nuoc_result222-768x857.webp 768w, https:\/\/congtybinhminh.com\/wp-content\/uploads\/2024\/04\/may-nghien-bot-nuoc_result222-510x569.webp 510w\" sizes=\"auto, (max-width: 800px) 100vw, 800px\" \/><\/p>\n<h2>C\u1ea5u t\u1ea1o m\u00e1y nghi\u1ec1n b\u1ed9t n\u01b0\u1edbc inox 350<\/h2>\n<h3>Ch\u1ea5t li\u1ec7u inox<\/h3>\n<p>M\u00e1y nghi\u1ec1n b\u1ed9t n\u01b0\u1edbc \u0111\u01b0\u1ee3c l\u00e0m b\u1eb1ng inox cao c\u1ea5p, ch\u1ed1ng han g\u1ec9 thu\u1eadn ti\u1ec7n v\u1ec7 sinh gi\u00fap m\u00e1y lu\u00f4n s\u1ea1ch &#8211; s\u00e1ng b\u00f3ng gi\u1eef \u0111\u1ed9 b\u1ec1n v\u00e0 k\u00e9o d\u00e0i tu\u1ed5i th\u1ecd c\u1ee7a m\u00e1y<\/p>\n<p><img loading=\"lazy\" decoding=\"async\" class=\"aligncenter wp-image-9635 size-full\" src=\"https:\/\/congtybinhminh.com\/wp-content\/uploads\/2024\/04\/cau-tao-may-nghien-bot-nuoc-350-inox-copy_result222.webp\" alt=\"cau-tao-may-nghien-bot-nuoc-350-inox copy_result222\" width=\"800\" height=\"666\" srcset=\"https:\/\/congtybinhminh.com\/wp-content\/uploads\/2024\/04\/cau-tao-may-nghien-bot-nuoc-350-inox-copy_result222.webp 800w, https:\/\/congtybinhminh.com\/wp-content\/uploads\/2024\/04\/cau-tao-may-nghien-bot-nuoc-350-inox-copy_result222-480x400.webp 480w, https:\/\/congtybinhminh.com\/wp-content\/uploads\/2024\/04\/cau-tao-may-nghien-bot-nuoc-350-inox-copy_result222-768x639.webp 768w, https:\/\/congtybinhminh.com\/wp-content\/uploads\/2024\/04\/cau-tao-may-nghien-bot-nuoc-350-inox-copy_result222-510x425.webp 510w\" sizes=\"auto, (max-width: 800px) 100vw, 800px\" \/><\/p>\n<p>Ph\u00eda d\u01b0\u1edbi ch\u00e2n m\u00e1y l\u1eafp \u0111\u1eb7t 4 b\u00e1nh xe thu\u1eadn ti\u1ec7n di chuy\u1ec3n \u0111\u1eb7t m\u00e1y, \u1edf m\u1ed7i b\u00e1nh xe c\u00f3 ch\u1ed1t c\u00e0i c\u1ed1 \u0111\u1ecbnh m\u00e1y ch\u1eafc ch\u1eafn<\/p>\n<h3>Toa n\u1ea1p nguy\u00ean li\u1ec7u<\/h3>\n<p>Toa n\u1ea1p thi\u1ebft k\u1ebf d\u1ea1ng ph\u1ec5u r\u1ed9ng v\u1edbi s\u1ee9c ch\u1ee9a l\u1edbn, k\u1ebft h\u1ee3p v\u1edbi thanh n\u1ed1i \u0111\u01b0a nguy\u00ean li\u1ec7u xu\u1ed1ng bu\u1ed3ng nghi\u1ec1n<\/p>\n<p><img loading=\"lazy\" decoding=\"async\" class=\"aligncenter wp-image-9639 size-full\" src=\"https:\/\/congtybinhminh.com\/wp-content\/uploads\/2024\/04\/toa-nap-nguyen-lieu-may-nghien-bot-nuoc_result222.webp\" alt=\"toa-nap-nguyen-lieu-may-nghien-bot-nuoc_result222\" width=\"800\" height=\"548\" srcset=\"https:\/\/congtybinhminh.com\/wp-content\/uploads\/2024\/04\/toa-nap-nguyen-lieu-may-nghien-bot-nuoc_result222.webp 800w, https:\/\/congtybinhminh.com\/wp-content\/uploads\/2024\/04\/toa-nap-nguyen-lieu-may-nghien-bot-nuoc_result222-584x400.webp 584w, https:\/\/congtybinhminh.com\/wp-content\/uploads\/2024\/04\/toa-nap-nguyen-lieu-may-nghien-bot-nuoc_result222-768x526.webp 768w, https:\/\/congtybinhminh.com\/wp-content\/uploads\/2024\/04\/toa-nap-nguyen-lieu-may-nghien-bot-nuoc_result222-510x349.webp 510w\" sizes=\"auto, (max-width: 800px) 100vw, 800px\" \/><\/p>\n<p>Tr\u00ean thanh n\u1ed1i c\u00f3 t\u1ea5m ch\u1eafn gi\u00fap ng\u01b0\u1eddi d\u00f9ng \u0111i\u1ec1u ch\u1ec9nh l\u01b0\u1ee3ng nguy\u00ean li\u1ec7u v\u1eeba \u0111\u1ee7 xu\u1ed1ng bu\u1ed3ng nghi\u1ec1n<\/p>\n<p>Tr\u00e1nh \u0111\u1ec3 nguy\u00ean li\u1ec7u r\u01a1i xu\u1ed1ng qu\u00e1 nhi\u1ec1u l\u00e0m ngh\u1eb9n m\u00e1y<\/p>\n<p><img loading=\"lazy\" decoding=\"async\" class=\"aligncenter wp-image-9640 size-full\" src=\"https:\/\/congtybinhminh.com\/wp-content\/uploads\/2024\/04\/dieu-chinh-toa-nap_result222.webp\" alt=\"dieu-chinh-toa-nap_result222\" width=\"800\" height=\"520\" srcset=\"https:\/\/congtybinhminh.com\/wp-content\/uploads\/2024\/04\/dieu-chinh-toa-nap_result222.webp 800w, https:\/\/congtybinhminh.com\/wp-content\/uploads\/2024\/04\/dieu-chinh-toa-nap_result222-615x400.webp 615w, https:\/\/congtybinhminh.com\/wp-content\/uploads\/2024\/04\/dieu-chinh-toa-nap_result222-768x499.webp 768w, https:\/\/congtybinhminh.com\/wp-content\/uploads\/2024\/04\/dieu-chinh-toa-nap_result222-510x332.webp 510w\" sizes=\"auto, (max-width: 800px) 100vw, 800px\" \/><\/p>\n<p>\u0110\u1eb7c bi\u1ec7t, ph\u00eda tr\u00ean toa n\u1ea1p \u0111\u01b0\u1ee3c trang b\u1ecb m\u00f3c treo th\u00f9ng ch\u1ee9a n\u01b0\u1edbc c\u00f3 van s\u1ea3, \u0111i\u1ec1u ch\u1ec9nh l\u01b0\u1ee3ng n\u01b0\u1edbc ch\u1ea3y \u0111\u1ec1u xuy\u00ean su\u1ed1t qu\u00e1 tr\u00ecnh nghi\u1ec1n<\/p>\n<p><img loading=\"lazy\" decoding=\"async\" class=\"aligncenter wp-image-9641 size-full\" src=\"https:\/\/congtybinhminh.com\/wp-content\/uploads\/2024\/04\/thung-chua-nuoc_result222.webp\" alt=\"thung-chua-nuoc_result222\" width=\"800\" height=\"548\" srcset=\"https:\/\/congtybinhminh.com\/wp-content\/uploads\/2024\/04\/thung-chua-nuoc_result222.webp 800w, https:\/\/congtybinhminh.com\/wp-content\/uploads\/2024\/04\/thung-chua-nuoc_result222-584x400.webp 584w, https:\/\/congtybinhminh.com\/wp-content\/uploads\/2024\/04\/thung-chua-nuoc_result222-768x526.webp 768w, https:\/\/congtybinhminh.com\/wp-content\/uploads\/2024\/04\/thung-chua-nuoc_result222-510x349.webp 510w\" sizes=\"auto, (max-width: 800px) 100vw, 800px\" \/><\/p>\n<p>B\u1ea1n ch\u1ec9 c\u1ea7n th\u00eam n\u01b0\u1edbc v\u00e0o th\u00f9ng ch\u1ee9a v\u00e0 \u0111i\u1ec1u ch\u1ec9nh van ch\u1ea3y m\u1ea1nh ho\u1eb7c nh\u1eb9. Vi\u1ec7c c\u00f2n l\u1ea1i chi\u1ebfc m\u00e1y s\u1ebd t\u1ef1 \u0111\u1ed9ng nghi\u1ec1n cho b\u1ea1n<\/p>\n<h3>H\u1ec7 th\u1ed1ng bu\u1ed3ng nghi\u1ec1n<\/h3>\n<p>Nguy\u00ean li\u1ec7u ngay khi qua \u1ed1ng d\u1eabn xu\u1ed1ng bu\u1ed3ng nghi\u1ec1n, s\u1ebd \u0111\u01b0\u1ee3c tr\u1ee5c xo\u1eafn d\u00e0y d\u1eb5n n\u01b0\u1edbc v\u00e0 nguy\u00ean li\u1ec7u ti\u1ebfn h\u00e0nh nghi\u1ec1n nguy\u00ean li\u1ec7u<\/p>\n<p><img loading=\"lazy\" decoding=\"async\" class=\"aligncenter wp-image-9637 size-full\" src=\"https:\/\/congtybinhminh.com\/wp-content\/uploads\/2024\/04\/may-nghien-bot-nuoc-bang-bua_result222.webp\" alt=\"may-nghien-bot-nuoc-bang-bua_result222\" width=\"800\" height=\"1062\" srcset=\"https:\/\/congtybinhminh.com\/wp-content\/uploads\/2024\/04\/may-nghien-bot-nuoc-bang-bua_result222.webp 800w, https:\/\/congtybinhminh.com\/wp-content\/uploads\/2024\/04\/may-nghien-bot-nuoc-bang-bua_result222-301x400.webp 301w, https:\/\/congtybinhminh.com\/wp-content\/uploads\/2024\/04\/may-nghien-bot-nuoc-bang-bua_result222-603x800.webp 603w, https:\/\/congtybinhminh.com\/wp-content\/uploads\/2024\/04\/may-nghien-bot-nuoc-bang-bua_result222-768x1020.webp 768w, https:\/\/congtybinhminh.com\/wp-content\/uploads\/2024\/04\/may-nghien-bot-nuoc-bang-bua_result222-510x677.webp 510w\" sizes=\"auto, (max-width: 800px) 100vw, 800px\" \/><\/p>\n<p>H\u1ec7 th\u1ed1ng 4\u00a0 c\u00e1nh qu\u1ea1t c\u00f3 nhi\u1ec7m v\u1ee5 \u0111\u1eadp v\u1ee1 v\u00e0 nghi\u1ec1n ch\u00fang. K\u1ebft h\u1ee3p bao quanh th\u00e0nh l\u00e0 l\u01b0\u1edbi s\u00e0ng m\u1ecbn l\u1ecdc ph\u1ea7n c\u1eb7n, ph\u1ea7n n\u01b0\u1edbc c\u1ed1t s\u1ebd \u0111i qua s\u00e0ng theo c\u1eeda x\u1ea3 tho\u00e1t ra ngo\u00e0i<\/p>\n<h3>Cho n\u0103ng su\u1ea5t cao<\/h3>\n<p>M\u00e1y nghi\u1ec1n b\u1ed9t n\u01b0\u1edbc s\u1eed d\u1ee5ng \u0111i\u1ec7n 3 pha \u0111\u1ed9ng c\u01a1 5,5kw motor l\u00f5i d\u00e2y \u0111\u1ed3ng 100% cho n\u0103ng su\u1ea5t \u0111\u1ea1t t\u1eeb 30 &#8211; 35 kg\/gi\u1edd. Qu\u00e1 tr\u00ecnh nghi\u1ec1n th\u00f4ng qua h\u1ec7 th\u1ed1ng c\u00f4ng t\u1eafc aptomat an to\u00e0n cho ng\u01b0\u1eddi d\u00f9ng<\/p>\n<p><img loading=\"lazy\" decoding=\"async\" class=\"aligncenter wp-image-9642 size-full\" src=\"https:\/\/congtybinhminh.com\/wp-content\/uploads\/2024\/04\/cong-tac-may-nghien-bot-nuoc-copy_result222.webp\" alt=\"cong-tac-may-nghien-bot-nuoc copy_result222\" width=\"800\" height=\"548\" srcset=\"https:\/\/congtybinhminh.com\/wp-content\/uploads\/2024\/04\/cong-tac-may-nghien-bot-nuoc-copy_result222.webp 800w, https:\/\/congtybinhminh.com\/wp-content\/uploads\/2024\/04\/cong-tac-may-nghien-bot-nuoc-copy_result222-584x400.webp 584w, https:\/\/congtybinhminh.com\/wp-content\/uploads\/2024\/04\/cong-tac-may-nghien-bot-nuoc-copy_result222-768x526.webp 768w, https:\/\/congtybinhminh.com\/wp-content\/uploads\/2024\/04\/cong-tac-may-nghien-bot-nuoc-copy_result222-510x349.webp 510w\" sizes=\"auto, (max-width: 800px) 100vw, 800px\" \/><\/p>\n<p>Th\u00edch h\u1ee3p s\u1eed d\u1ee5ng t\u1ea1i c\u00e1c h\u1ed9 gia \u0111\u00ecnh, c\u01a1 s\u1edf ch\u1ebf bi\u1ebfn th\u1ef1c ph\u1ea9m: l\u00e0m b\u00e1nh cu\u1ed1n, b\u00e1nh tr\u00f4i, s\u1eefa \u0111\u1eadu<\/p>\n<p><img loading=\"lazy\" decoding=\"async\" class=\"aligncenter wp-image-9638 size-full\" src=\"https:\/\/congtybinhminh.com\/wp-content\/uploads\/2024\/04\/may-nghien-bot-banh-cuon_result222.webp\" alt=\"may-nghien-bot-banh-cuon_result222\" width=\"800\" height=\"678\" srcset=\"https:\/\/congtybinhminh.com\/wp-content\/uploads\/2024\/04\/may-nghien-bot-banh-cuon_result222.webp 800w, https:\/\/congtybinhminh.com\/wp-content\/uploads\/2024\/04\/may-nghien-bot-banh-cuon_result222-472x400.webp 472w, https:\/\/congtybinhminh.com\/wp-content\/uploads\/2024\/04\/may-nghien-bot-banh-cuon_result222-768x651.webp 768w, https:\/\/congtybinhminh.com\/wp-content\/uploads\/2024\/04\/may-nghien-bot-banh-cuon_result222-510x432.webp 510w\" sizes=\"auto, (max-width: 800px) 100vw, 800px\" \/><\/p>\n<h2>\u0110\u1ecba ch\u1ec9 mua m\u00e1y nghi\u1ec1n b\u1ed9t n\u01b0\u1edbc gi\u00e1 g\u1ed1c t\u1ea1i x\u01b0\u1edfng<\/h2>\n<p>\u0110\u1ec3 \u0111\u1eb7t mua h\u00e0ng ch\u00ednh h\u00e3ng, b\u00e0 con c\u00f3 th\u1ec3 \u0111\u1ebfn tr\u1ee5 s\u1edf g\u1ea7n nh\u1ea5t c\u1ee7a c\u00f4ng ty \u0111\u1ec3 xem v\u00e0 \u0111\u1eb7t mua h\u00e0ng:<\/p>\n<ul>\n<li>Tr\u1ee5 s\u1edf ch\u00ednh; p. L\u00ea L\u1ee3i \u2013 Tx S\u01a1n T\u00e2y \u2013 H\u00e0 N\u1ed9i<\/li>\n<li>Chi nh\u00e1nh mi\u1ec1n nam: x\u00e3 T\u00e2n Ki\u00ean \u2013 H. B\u00ecnh Ch\u00e1nh \u2013 Tp H\u1ed3 Ch\u00ed Minh<\/li>\n<\/ul>\n<p>Khi \u0111\u1ebfn \u0111\u00e2y, b\u00e0 con s\u1ebd \u0111\u01b0\u1ee3c th\u1eed nghi\u1ec7m v\u1eadn h\u00e0nh m\u00e1y d\u01b0\u1edbi s\u1ef1 h\u01b0\u1edbng d\u1eabn c\u1ee7a \u0111\u1ed9i ng\u0169 k\u1ef9 thu\u1eadt<\/p>\n<p>\u0110\u1ed1i v\u1edbi b\u00e0 con \u1edf xa, c\u00f3 th\u1ec3 li\u00ean h\u1ec7 t\u1edbi s\u1ed1 \u0111i\u1ec7n tho\u1ea1i Hotline tr\u00ean website ho\u1eb7c \u0111\u1ec3 l\u1ea1i l\u1eddi nh\u1eafn \u0111\u1ed9i ng\u0169 t\u01b0 v\u1ea5n s\u1ebd li\u00ean h\u1ec7 t\u1edbi b\u00e0 con trong th\u1eddi gian s\u1edbm nh\u1ea5t<\/p>\n<p><strong>Th\u00f4ng s\u1ed1 k\u1ef9 thu\u1eadt\u00a0<\/strong><\/p>\n<table border=\"1\" cellspacing=\"1\" cellpadding=\"1\">\n<tbody>\n<tr>\n<td colspan=\"1\" rowspan=\"3\">\u0110\u1ed9ng c\u01a1<\/td>\n<td>C\u00f4ng su\u1ea5t \u0111\u1ed9ng c\u01a1<\/td>\n<td>5.5kw<\/td>\n<\/tr>\n<tr>\n<td>T\u1ed1c \u0111\u1ed9<\/td>\n<td><\/td>\n<\/tr>\n<tr>\n<td>Ngu\u1ed3n \u0111i\u1ec7n<\/td>\n<td>3800V<\/td>\n<\/tr>\n<tr>\n<td colspan=\"1\" rowspan=\"2\">B\u1ea3o h\u00e0nh<\/td>\n<td>K\u1ef9 thu\u1eadt<\/td>\n<td>06 th\u00e1ng<\/td>\n<\/tr>\n<tr>\n<td>\u0110\u1ed9ng c\u01a1<\/td>\n<td>Theo t\u1eebng h\u00e3ng s\u1ea3n xu\u1ea5t<\/td>\n<\/tr>\n<tr>\n<td>N\u0103ng su\u1ea5t<\/td>\n<td colspan=\"2\" rowspan=\"1\">30 \u2013 35 kg\/gi\u1edd<\/td>\n<\/tr>\n<tr>\n<td>K\u00edch th\u01b0\u1edbc (d*c*r)<\/td>\n<td colspan=\"2\" rowspan=\"1\">100*170*50 cm<\/td>\n<\/tr>\n<tr>\n<td>H\u00ecnh th\u1ee9c thanh to\u00e1n<\/td>\n<td colspan=\"2\" rowspan=\"1\">Ti\u1ec1n m\u1eb7t ho\u1eb7c chuy\u1ec3n kho\u1ea3n<\/td>\n<\/tr>\n<\/tbody>\n<\/table>\n","protected":false},"excerpt":{"rendered":"<ul>\n<li><strong>H\u00e3ng s\u1ea3n xu\u1ea5t:<\/strong>\u00a0B\u00ecnh Minh<\/li>\n<li><strong>C\u00f4ng su\u1ea5t \u0111\u1ed9ng c\u01a1<\/strong>: 5,5kw<\/li>\n<li><strong>Ngu\u1ed3n \u0111i\u1ec7n:<\/strong>\u00a0380V<\/li>\n<li><strong>N\u0103ng su\u1ea5t:<\/strong>\u00a030 \u2013 35 kg\/gi\u1edd<\/li>\n<li><strong>K\u00edch th\u01b0\u1edbc<\/strong>: 100*170*50 cm<\/li>\n<li><strong>T\u00ednh n\u0103ng<\/strong>: chuy\u00ean ngi\u1ec1n c\u00e1c lo\u1ea1i g\u1ea1o \u1ea9m th\u00e0nh b\u1ed9t n\u01b0\u1edbc l\u00e0m b\u00e1nh, ch\u1ebf bi\u1ebfn th\u1ef1c ph\u1ea9m<\/li>\n<\/ul>\n","protected":false},"featured_media":9628,"comment_status":"closed","ping_status":"closed","template":"","meta":[],"product_brand":[],"product_cat":[213],"product_tag":[],"class_list":{"0":"post-9627","1":"product","2":"type-product","3":"status-publish","4":"has-post-thumbnail","6":"product_cat-may-nghien-bot-nuoc","8":"first","9":"instock","10":"shipping-taxable","11":"product-type-simple"},"_links":{"self":[{"href":"https:\/\/congtybinhminh.com\/index.php?rest_route=\/wp\/v2\/product\/9627","targetHints":{"allow":["GET"]}}],"collection":[{"href":"https:\/\/congtybinhminh.com\/index.php?rest_route=\/wp\/v2\/product"}],"about":[{"href":"https:\/\/congtybinhminh.com\/index.php?rest_route=\/wp\/v2\/types\/product"}],"replies":[{"embeddable":true,"href":"https:\/\/congtybinhminh.com\/index.php?rest_route=%2Fwp%2Fv2%2Fcomments&post=9627"}],"wp:featuredmedia":[{"embeddable":true,"href":"https:\/\/congtybinhminh.com\/index.php?rest_route=\/wp\/v2\/media\/9628"}],"wp:attachment":[{"href":"https:\/\/congtybinhminh.com\/index.php?rest_route=%2Fwp%2Fv2%2Fmedia&parent=9627"}],"wp:term":[{"taxonomy":"product_brand","embeddable":true,"href":"https:\/\/congtybinhminh.com\/index.php?rest_route=%2Fwp%2Fv2%2Fproduct_brand&post=9627"},{"taxonomy":"product_cat","embeddable":true,"href":"https:\/\/congtybinhminh.com\/index.php?rest_route=%2Fwp%2Fv2%2Fproduct_cat&post=9627"},{"taxonomy":"product_tag","embeddable":true,"href":"https:\/\/congtybinhminh.com\/index.php?rest_route=%2Fwp%2Fv2%2Fproduct_tag&post=9627"}],"curies":[{"name":"wp","href":"https:\/\/api.w.org\/{rel}","templated":true}]}}