{"id":9613,"date":"2024-04-29T08:21:23","date_gmt":"2024-04-29T01:21:23","guid":{"rendered":"https:\/\/congtybinhminh.com\/?post_type=product&#038;p=9613"},"modified":"2024-05-10T14:46:05","modified_gmt":"2024-05-10T07:46:05","slug":"may-tron-thuc-an-chan-nuoi-dung-inox-50kg","status":"publish","type":"product","link":"https:\/\/congtybinhminh.com\/?product=may-tron-thuc-an-chan-nuoi-dung-inox-50kg","title":{"rendered":"M\u00e1y tr\u1ed9n th\u1ee9c \u0103n ch\u0103n nu\u00f4i \u0111\u1ee9ng inox 50kg"},"content":{"rendered":"<h2>Video ho\u1ea1t \u0111\u1ed9ng c\u1ee7a m\u00e1y<\/h2>\n<p><iframe loading=\"lazy\" title=\"M\u00e1y Tr\u1ed9n H\u1ed7n H\u1ee3p Th\u1ee9c \u0102n Ch\u0103n Nu\u00f4i \u0110\u1ee9ng Inox 50Kg Th\u1ebf H\u1ec7 M\u1edbi Gi\u00e1 Ch\u1ec9 T\u1eeb 7 Tri\u1ec7u\" width=\"1020\" height=\"574\" src=\"https:\/\/www.youtube.com\/embed\/eVaXqNOw-U8?feature=oembed\" frameborder=\"0\" allow=\"accelerometer; autoplay; clipboard-write; encrypted-media; gyroscope; picture-in-picture; web-share\" referrerpolicy=\"strict-origin-when-cross-origin\" allowfullscreen><\/iframe><\/p>\n<h2>Gi\u1edbi thi\u1ec7u m\u00e1y tr\u1ed9n th\u1ee9c \u0103n ch\u0103n nu\u00f4i \u0111\u1ee9ng inox 50kg<\/h2>\n<p>M\u00e1y tr\u1ed9n th\u1ee9c \u0103n ch\u0103n nu\u00f4i \u0111\u1ee9ng inox 50kg do c\u00f4ng ty B\u00ecnh Minh s\u1ea3n xu\u1ea5t chuy\u00ean tr\u1ed9n \u0111\u1ea3o \u0111\u1ec1u nguy\u00ean li\u1ec7u b\u1ed9t kh\u00f4 v\u00e0 h\u1ed7n h\u1ee3p nguy\u00ean li\u1ec7u l\u00e0m th\u1ee9c \u0103n cho gia s\u00fac &#8211; gia c\u1ea7m<\/p>\n<p><img loading=\"lazy\" decoding=\"async\" class=\"aligncenter wp-image-9618 size-full\" src=\"https:\/\/congtybinhminh.com\/wp-content\/uploads\/2024\/04\/may-tron-thuc-an-chan-nuoi-dung-inox-50kg_result222.webp\" alt=\"may-tron-thuc-an-chan-nuoi-dung-inox-50kg_result222\" width=\"800\" height=\"1079\" srcset=\"https:\/\/congtybinhminh.com\/wp-content\/uploads\/2024\/04\/may-tron-thuc-an-chan-nuoi-dung-inox-50kg_result222.webp 800w, https:\/\/congtybinhminh.com\/wp-content\/uploads\/2024\/04\/may-tron-thuc-an-chan-nuoi-dung-inox-50kg_result222-297x400.webp 297w, https:\/\/congtybinhminh.com\/wp-content\/uploads\/2024\/04\/may-tron-thuc-an-chan-nuoi-dung-inox-50kg_result222-593x800.webp 593w, https:\/\/congtybinhminh.com\/wp-content\/uploads\/2024\/04\/may-tron-thuc-an-chan-nuoi-dung-inox-50kg_result222-768x1036.webp 768w, https:\/\/congtybinhminh.com\/wp-content\/uploads\/2024\/04\/may-tron-thuc-an-chan-nuoi-dung-inox-50kg_result222-510x688.webp 510w\" sizes=\"auto, (max-width: 800px) 100vw, 800px\" \/><\/p>\n<p>Thu\u1ed9c d\u00f2ng m\u00e1y tr\u1ed9n \u0111\u00fang c\u1ee1 nh\u1ecf th\u00edch h\u1ee3p s\u1eed d\u1ee5ng t\u1ea1i c\u00e1c h\u00f4 gia \u0111\u00ecnh, c\u00e1c trang tr\u1ea1i ch\u0103n nu\u00f4i ch\u1ee7 \u0111\u1ed9ng ngu\u1ed3n th\u1ee9c \u0103n, gi\u1ea3m thi\u1ec3u chi ph\u00ed v\u00e0 mang l\u1ea1i hi\u1ec7u qu\u1ea3 cao<\/p>\n<h2>Nh\u1eefng t\u00ednh n\u0103ng m\u00e1y tr\u1ed9n \u0111\u1ee9ng inox 50kg<\/h2>\n<p>M\u00e1y tr\u1ed9n c\u00e1m t\u1ef1 \u0111\u1ed9ng mang l\u1ea1i nhi\u1ec1u ti\u1ec7n \u00edch cho c\u00e1c h\u1ed9 ch\u0103n nu\u00f4i v\u00e0 trang tr\u1ea1i. S\u1eed d\u1ee5ng m\u00e1y c\u00f3 th\u1ec3 ph\u1ed1i tr\u1ed9n b\u1ed9t kh\u00f4 v\u00e0 h\u1ed7n h\u1ee3p nguy\u00ean li\u1ec7u l\u00e0m c\u00e1m trong th\u1eddi gian kho\u1ea3ng 7-15 ph\u00fat ( t\u00f9y nguy\u00ean li\u1ec7u)<\/p>\n<p><img loading=\"lazy\" decoding=\"async\" class=\"aligncenter wp-image-9624 size-full\" src=\"https:\/\/congtybinhminh.com\/wp-content\/uploads\/2024\/04\/may-tron-bot_result222.webp\" alt=\"may-tron-bot_result222\" width=\"800\" height=\"893\" srcset=\"https:\/\/congtybinhminh.com\/wp-content\/uploads\/2024\/04\/may-tron-bot_result222.webp 800w, https:\/\/congtybinhminh.com\/wp-content\/uploads\/2024\/04\/may-tron-bot_result222-358x400.webp 358w, https:\/\/congtybinhminh.com\/wp-content\/uploads\/2024\/04\/may-tron-bot_result222-717x800.webp 717w, https:\/\/congtybinhminh.com\/wp-content\/uploads\/2024\/04\/may-tron-bot_result222-768x857.webp 768w, https:\/\/congtybinhminh.com\/wp-content\/uploads\/2024\/04\/may-tron-bot_result222-510x569.webp 510w\" sizes=\"auto, (max-width: 800px) 100vw, 800px\" \/><\/p>\n<ul>\n<li>M\u00e1y tr\u1ed9n \u0111\u1ee9ng l\u00e0m b\u1eb1ng inox cao c\u1ea5p ch\u1ed1ng hoen g\u1ec9 trong qu\u00e1 tr\u00ecnh s\u1eed d\u1ee5ng \u0111\u1ea3m b\u1ea3o v\u1ec7 sinh<\/li>\n<li>Gi\u1ea3m thi\u1ebfu s\u1ee9c lao \u0111\u1ed9ng so v\u1edbi ph\u01b0\u01a1ng ph\u00e1p th\u1ee7 c\u00f4ng b\u1eb1ng tay<\/li>\n<li>Ph\u1ea7n khoang ch\u1ee9a l\u1edbn c\u00f3 tr\u1ee5c xo\u1eafn \u1edf gi\u1eefa gi\u00fap t\u0103ng \u0111\u1ed9 tr\u1ed9n \u0111\u1ea3o \u0111\u1ec1u c\u1ee7a h\u1ed7n h\u1ee3p<\/li>\n<\/ul>\n<h2>C\u1ea5u t\u1ea1o m\u00e1y tr\u1ed9n TACN \u0111\u1ee9ng inox 50kg<\/h2>\n<h3>Ch\u1ea5t li\u1ec7u inox<\/h3>\n<p>Thi\u1ebft k\u1ebf hi\u1ec7n \u0111\u1ea1i, m\u00e1y \u0111\u01b0\u1ee3c l\u00e0m b\u1eb1ng ch\u1ea5t li\u1ec7u inox cao c\u1ea5p \u0111\u1ea3m b\u1ea3o v\u1ec7 sinh an to\u00e0n th\u1ef1c ph\u1ea9m h\u1ea1n ch\u1ebf han g\u1ec9 trong qu\u00e1 tr\u00ecnh s\u1eed d\u1ee5ng<\/p>\n<p><img loading=\"lazy\" decoding=\"async\" class=\"aligncenter wp-image-9619 size-full\" src=\"https:\/\/congtybinhminh.com\/wp-content\/uploads\/2024\/04\/cau-tao-may-tron-dung-50kg_result222.webp\" alt=\"cau-tao-may-tron-dung-50kg_result222\" width=\"800\" height=\"600\" srcset=\"https:\/\/congtybinhminh.com\/wp-content\/uploads\/2024\/04\/cau-tao-may-tron-dung-50kg_result222.webp 800w, https:\/\/congtybinhminh.com\/wp-content\/uploads\/2024\/04\/cau-tao-may-tron-dung-50kg_result222-533x400.webp 533w, https:\/\/congtybinhminh.com\/wp-content\/uploads\/2024\/04\/cau-tao-may-tron-dung-50kg_result222-768x576.webp 768w, https:\/\/congtybinhminh.com\/wp-content\/uploads\/2024\/04\/cau-tao-may-tron-dung-50kg_result222-510x383.webp 510w\" sizes=\"auto, (max-width: 800px) 100vw, 800px\" \/><\/p>\n<p>K\u1ebft c\u1ea5u m\u00e1y \u0111\u01b0\u1ee3c h\u00e0n g\u1eafn ch\u1eafc ch\u1eafn kh\u00f4ng g\u00e2y rung l\u1eafc. Ph\u00eda d\u01b0\u1edbi ch\u00e2n m\u00e1y l\u1eafp \u0111\u1eb7t 2 b\u00e1nh xe ph\u00eda sau thu\u1eadn ti\u1ec7n di chuy\u1ec3n v\u1ecb tr\u00ed \u0111\u1eb7t m\u00e1y<\/p>\n<p><img loading=\"lazy\" decoding=\"async\" class=\"aligncenter wp-image-9622 size-full\" src=\"https:\/\/congtybinhminh.com\/wp-content\/uploads\/2024\/04\/may-tron-co-banh-xe_result222.webp\" alt=\"may-tron-co-banh-xe_result222\" width=\"800\" height=\"582\" srcset=\"https:\/\/congtybinhminh.com\/wp-content\/uploads\/2024\/04\/may-tron-co-banh-xe_result222.webp 800w, https:\/\/congtybinhminh.com\/wp-content\/uploads\/2024\/04\/may-tron-co-banh-xe_result222-550x400.webp 550w, https:\/\/congtybinhminh.com\/wp-content\/uploads\/2024\/04\/may-tron-co-banh-xe_result222-768x559.webp 768w, https:\/\/congtybinhminh.com\/wp-content\/uploads\/2024\/04\/may-tron-co-banh-xe_result222-510x371.webp 510w\" sizes=\"auto, (max-width: 800px) 100vw, 800px\" \/><\/p>\n<p>\u0110\u1ec3 di chuy\u1ec3n \u0111\u01b0\u1ee3c m\u00e1y, ng\u01b0\u1eddi d\u00f9ng ch\u1ec9 c\u1ea7n nghi\u00eang nh\u1eb9 m\u00e1y v\u1ec1 ph\u00eda sau v\u00e0 th\u1ef1c hi\u1ec7n k\u00e9o &#8211; \u0111\u1ea9y l\u00e0 c\u00f3 th\u1ec3 di chuy\u1ec3n m\u00e1y \u0111\u1ebfn b\u1ea5t k\u1ef3 v\u1ecb tr\u00ed n\u00e0o<\/p>\n<h3>Bu\u1ed3ng tr\u1ed9n linh ho\u1ea1t<\/h3>\n<p>M\u00e1y tr\u1ed9n \u0111\u1ee9ng v\u1edbi \u0111\u01b0\u1eddng k\u00ednh bu\u1ed3ng kho\u1ea3ng 74cm s\u1ee9c ch\u1ee9a kho\u1ea3ng 50kg\/m\u1ebb. Tr\u1ee5c xo\u1eafn n\u1eb1m d\u1ecdc th\u00f9ng tr\u1ed9n, tr\u1ed9n \u0111\u1ea3o \u0111\u1ec1u theo chi\u1ec1u kim \u0111\u1ed3ng h\u1ed3<\/p>\n<p><img loading=\"lazy\" decoding=\"async\" class=\"aligncenter wp-image-9625 size-full\" src=\"https:\/\/congtybinhminh.com\/wp-content\/uploads\/2024\/04\/may-tron-dung_result222.webp\" alt=\"may-tron-dung_result222\" width=\"800\" height=\"1014\" srcset=\"https:\/\/congtybinhminh.com\/wp-content\/uploads\/2024\/04\/may-tron-dung_result222.webp 800w, https:\/\/congtybinhminh.com\/wp-content\/uploads\/2024\/04\/may-tron-dung_result222-316x400.webp 316w, https:\/\/congtybinhminh.com\/wp-content\/uploads\/2024\/04\/may-tron-dung_result222-631x800.webp 631w, https:\/\/congtybinhminh.com\/wp-content\/uploads\/2024\/04\/may-tron-dung_result222-768x973.webp 768w, https:\/\/congtybinhminh.com\/wp-content\/uploads\/2024\/04\/may-tron-dung_result222-510x646.webp 510w\" sizes=\"auto, (max-width: 800px) 100vw, 800px\" \/><\/p>\n<p>Qu\u00e1 tr\u00ecnh m\u00e1y ho\u1ea1t \u0111\u1ed9ng th\u00f4ng qua b\u1ea3ng c\u00f4ng t\u1eafc (ON\/OFF) v\u1edbi ch\u1ee9c n\u0103ng:<\/p>\n<p><img loading=\"lazy\" decoding=\"async\" class=\"aligncenter wp-image-9620 size-full\" src=\"https:\/\/congtybinhminh.com\/wp-content\/uploads\/2024\/04\/cong-tac-tat-mo_result222.webp\" alt=\"cong-tac-tat-mo_result222\" width=\"800\" height=\"600\" srcset=\"https:\/\/congtybinhminh.com\/wp-content\/uploads\/2024\/04\/cong-tac-tat-mo_result222.webp 800w, https:\/\/congtybinhminh.com\/wp-content\/uploads\/2024\/04\/cong-tac-tat-mo_result222-533x400.webp 533w, https:\/\/congtybinhminh.com\/wp-content\/uploads\/2024\/04\/cong-tac-tat-mo_result222-768x576.webp 768w, https:\/\/congtybinhminh.com\/wp-content\/uploads\/2024\/04\/cong-tac-tat-mo_result222-510x383.webp 510w\" sizes=\"auto, (max-width: 800px) 100vw, 800px\" \/><\/p>\n<ul>\n<li>On: b\u1eadt kh\u1edfi \u0111\u1ed9ng m\u00e1y<\/li>\n<li>OFF: t\u1eaft d\u1eebng m\u00e1y<\/li>\n<\/ul>\n<p>Th\u00e0nh ph\u1ea9m sau khi tr\u1ed9n \u0111\u01b0\u1ee3c \u0111\u01b0a ra ngo\u00e0i c\u1eeda x\u1ea3, tr\u01b0\u1edbc c\u1eeda x\u1ea3 thi\u1ebft k\u1ebf c\u00f3 t\u1ea5m ch\u1eafn l\u00e0m b\u1eb1ng inoix<\/p>\n<p><img loading=\"lazy\" decoding=\"async\" class=\"wp-image-9621 size-full aligncenter\" src=\"https:\/\/congtybinhminh.com\/wp-content\/uploads\/2024\/04\/cua-xa-thanh-pham_result222-1.webp\" alt=\"cua-xa-thanh-pham_result222\" width=\"800\" height=\"432\" srcset=\"https:\/\/congtybinhminh.com\/wp-content\/uploads\/2024\/04\/cua-xa-thanh-pham_result222-1.webp 800w, https:\/\/congtybinhminh.com\/wp-content\/uploads\/2024\/04\/cua-xa-thanh-pham_result222-1-741x400.webp 741w, https:\/\/congtybinhminh.com\/wp-content\/uploads\/2024\/04\/cua-xa-thanh-pham_result222-1-768x415.webp 768w, https:\/\/congtybinhminh.com\/wp-content\/uploads\/2024\/04\/cua-xa-thanh-pham_result222-1-510x275.webp 510w\" sizes=\"auto, (max-width: 800px) 100vw, 800px\" \/><\/p>\n<p>Khi mu\u1ed1n l\u1ea5y th\u00e0nh ph\u1ea9m, ng\u01b0\u1eddi d\u00f9ng ch\u1ec9 c\u1ea7n k\u00e9o t\u1ea5m ch\u1eafn l\u00ean v\u00e0 khi mu\u1ed1n ti\u1ebfp t\u1ee5c tr\u1ed9n th\u00ec k\u00e9p t\u1ea5m ch\u1eafn xu\u1ed1ng v\u00e0 \u0111\u00f3ng k\u00edn c\u1eeda x\u1ea3 l\u00e0 \u0111\u01b0\u1ee3c<\/p>\n<h3>\u0110\u1ed9ng c\u01a1 l\u00f5i \u0111\u1ed3ng 100%<\/h3>\n<p>M\u00e1y tr\u1ed9n \u0111\u1ee9ng 1 pha d\u00f9ng \u0111\u1ed9ng c\u01a1 2,2kw motor l\u00f5i d\u00e2y \u0111\u1ed3ng 100% th\u00edch h\u1ee3p s\u1eed d\u1ee5ng t\u1ea1i c\u00e1c h\u1ed9 gia \u0111\u00ecnh, ch\u0103n nu\u00f4i quy m\u00f4 v\u1eeba v\u00e0 nh\u1ecf<\/p>\n<p><img loading=\"lazy\" decoding=\"async\" class=\"aligncenter wp-image-9623 size-full\" src=\"https:\/\/congtybinhminh.com\/wp-content\/uploads\/2024\/04\/may-tron-1-pha_result222.webp\" alt=\"may-tron-1-pha_result222\" width=\"800\" height=\"582\" srcset=\"https:\/\/congtybinhminh.com\/wp-content\/uploads\/2024\/04\/may-tron-1-pha_result222.webp 800w, https:\/\/congtybinhminh.com\/wp-content\/uploads\/2024\/04\/may-tron-1-pha_result222-550x400.webp 550w, https:\/\/congtybinhminh.com\/wp-content\/uploads\/2024\/04\/may-tron-1-pha_result222-768x559.webp 768w, https:\/\/congtybinhminh.com\/wp-content\/uploads\/2024\/04\/may-tron-1-pha_result222-510x371.webp 510w\" sizes=\"auto, (max-width: 800px) 100vw, 800px\" \/><\/p>\n<h2>T\u1ed5ng h\u1ee3p c\u00e1c d\u00f2ng m\u00e1y tr\u1ed9n B\u00ecnh Minh<\/h2>\n<p>Ngo\u00e0i m\u00e1y tr\u1ed9n tr\u00ean, c\u00f4ng ty B\u00ecnh Minh c\u00f2n s\u1ea3n xu\u1ea5t nhi\u1ec1u d\u00f2ng m\u00e1y tr\u1ed9n kh\u00e1c nhau v\u1ec1 k\u00edch th\u01b0\u1edbc, ch\u1ea5t li\u1ec7u, ki\u1ec3u d\u00e1ng v\u00e0 c\u00f4ng su\u1ea5t ph\u00f9 h\u1ee3p:<\/p>\n<p><img loading=\"lazy\" decoding=\"async\" class=\"aligncenter wp-image-9626 size-full\" src=\"https:\/\/congtybinhminh.com\/wp-content\/uploads\/2024\/04\/dia-chi-mua-may-tron-bot-cam-copy-2_result222.webp\" alt=\"dia-chi-mua-may-tron-bot-cam, copy 2_result222\" width=\"800\" height=\"1293\" srcset=\"https:\/\/congtybinhminh.com\/wp-content\/uploads\/2024\/04\/dia-chi-mua-may-tron-bot-cam-copy-2_result222.webp 800w, https:\/\/congtybinhminh.com\/wp-content\/uploads\/2024\/04\/dia-chi-mua-may-tron-bot-cam-copy-2_result222-247x400.webp 247w, https:\/\/congtybinhminh.com\/wp-content\/uploads\/2024\/04\/dia-chi-mua-may-tron-bot-cam-copy-2_result222-495x800.webp 495w, https:\/\/congtybinhminh.com\/wp-content\/uploads\/2024\/04\/dia-chi-mua-may-tron-bot-cam-copy-2_result222-768x1241.webp 768w, https:\/\/congtybinhminh.com\/wp-content\/uploads\/2024\/04\/dia-chi-mua-may-tron-bot-cam-copy-2_result222-510x824.webp 510w\" sizes=\"auto, (max-width: 800px) 100vw, 800px\" \/><\/p>\n<ul>\n<li>M\u00e1y tr\u1ed9n th\u1ef1c ph\u1ea9m: <a href=\"https:\/\/congtybinhminh.com\/sp\/may-tron-300kg\/\"><strong>m\u00e1y tr\u1ed9n gia v\u1ecb<\/strong><\/a>, <strong><a href=\"https:\/\/congtybinhminh.com\/sp\/may-tron-bot-inox\/\">m\u00e1y tr\u1ed9n b\u1ed9t inox mini<\/a><\/strong><\/li>\n<li>M\u00e1y tr\u1ed9n b\u1ed9t c\u00e1m c\u00f4ng nghi\u1ec7p:<strong><a href=\"https:\/\/congtybinhminh.com\/sp\/may-tron-ngang\/\">m\u00e1y tr\u1ed9n 50kg<\/a><\/strong>; <a href=\"https:\/\/congtybinhminh.com\/sp\/may-tron-ngang\/\"><strong>m\u00e1y tr\u1ed9n 150kg<\/strong><\/a>; <strong><a href=\"https:\/\/congtybinhminh.com\/sp\/may-tron-300kg\/\">m\u00e1y tr\u1ed9n 3 t\u1ea1<\/a><\/strong><\/li>\n<\/ul>\n<h2>\u0110\u1ecba ch\u1ec9 mua m\u00e1y tr\u1ed9n gi\u00e1 g\u1ed1c t\u1ea1i x\u01b0\u1edfng<\/h2>\n<p>\u0110\u1ec3 \u0111\u1eb7t mua h\u00e0ng ch\u00ednh h\u00e3ng, b\u00e0 con c\u00f3 th\u1ec3 \u0111\u1ebfn tr\u1ee5 s\u1edf g\u1ea7n nh\u1ea5t c\u1ee7a c\u00f4ng ty \u0111\u1ec3 xem v\u00e0 \u0111\u1eb7t mua h\u00e0ng:<\/p>\n<ul>\n<li>Tr\u1ee5 s\u1edf ch\u00ednh; p. L\u00ea L\u1ee3i &#8211; Tx S\u01a1n T\u00e2y &#8211; H\u00e0 N\u1ed9i<\/li>\n<li>Chi nh\u00e1nh mi\u1ec1n nam: x\u00e3 T\u00e2n Ki\u00ean &#8211; H. B\u00ecnh Ch\u00e1nh &#8211; Tp H\u1ed3 Ch\u00ed Minh<\/li>\n<\/ul>\n<p>Khi \u0111\u1ebfn \u0111\u00e2y, b\u00e0 con s\u1ebd \u0111\u01b0\u1ee3c th\u1eed nghi\u1ec7m v\u1eadn h\u00e0nh m\u00e1y d\u01b0\u1edbi s\u1ef1 h\u01b0\u1edbng d\u1eabn c\u1ee7a \u0111\u1ed9i ng\u0169 k\u1ef9 thu\u1eadt<\/p>\n<p>\u0110\u1ed1i v\u1edbi b\u00e0 con \u1edf xa, c\u00f3 th\u1ec3 li\u00ean h\u1ec7 t\u1edbi s\u1ed1 \u0111i\u1ec7n tho\u1ea1i Hotline tr\u00ean website ho\u1eb7c \u0111\u1ec3 l\u1ea1i l\u1eddi nh\u1eafn \u0111\u1ed9i ng\u0169 t\u01b0 v\u1ea5n s\u1ebd li\u00ean h\u1ec7 t\u1edbi b\u00e0 con trong th\u1eddi gian s\u1edbm nh\u1ea5t<\/p>\n<p><strong>Th\u00f4ng s\u1ed1 k\u1ef9 thu\u1eadt<\/strong><\/p>\n<table border=\"1\" cellspacing=\"1\" cellpadding=\"1\">\n<tbody>\n<tr>\n<td colspan=\"1\" rowspan=\"3\">\u0110\u1ed9ng c\u01a1<\/td>\n<td>C\u00f4ng su\u1ea5t \u0111\u1ed9ng c\u01a1<\/td>\n<td>2,2kw<\/td>\n<\/tr>\n<tr>\n<td>T\u1ed1c \u0111\u1ed9<\/td>\n<td>1450 v\/p<\/td>\n<\/tr>\n<tr>\n<td>Ngu\u1ed3n \u0111i\u1ec7n<\/td>\n<td>220V<\/td>\n<\/tr>\n<tr>\n<td colspan=\"1\" rowspan=\"2\">B\u1ea3o h\u00e0nh<\/td>\n<td>K\u1ef9 thu\u1eadt<\/td>\n<td>\u00a006 th\u00e1ng<\/td>\n<\/tr>\n<tr>\n<td>\u0110\u1ed9ng c\u01a1<\/td>\n<td>Theo t\u1eebng h\u00e3ng s\u1ea3n xu\u1ea5t<\/td>\n<\/tr>\n<tr>\n<td>N\u0103ng su\u1ea5t<\/td>\n<td colspan=\"2\" rowspan=\"1\">\u00a050 kg\/m\u1ebb<\/td>\n<\/tr>\n<tr>\n<td>K\u00edch th\u01b0\u1edbc<\/td>\n<td colspan=\"2\" rowspan=\"1\">\u00a0cao 105cm; \u0111\u01b0\u1eddng k\u00ednh th\u00f9ng 74 cm<\/td>\n<\/tr>\n<tr>\n<td>H\u00ecnh th\u1ee9c thanh to\u00e1n<\/td>\n<td colspan=\"2\" rowspan=\"1\">Ti\u1ec1n m\u1eb7t ho\u1eb7c chuy\u1ec3n kho\u1ea3n<\/td>\n<\/tr>\n<\/tbody>\n<\/table>\n<p>&nbsp;<\/p>\n","protected":false},"excerpt":{"rendered":"<ul>\n<li><strong>H\u00e3ng s\u1ea3n xu\u1ea5t:<\/strong>\u00a0B\u00ecnh Minh<\/li>\n<li><strong>C\u00f4ng su\u1ea5t \u0111\u1ed9ng c\u01a1:<\/strong>\u00a0 2,2kw<\/li>\n<li><strong>T\u1ed1c\u00a0 \u0111\u1ed9<\/strong>: 1450 v\u00f2ng\/ph\u00fat<\/li>\n<li><strong>Ngu\u1ed3n \u0111i\u1ec7n<\/strong>: 220V<\/li>\n<li><strong>N\u0103ng su\u1ea5t:<\/strong>\u00a050 kg\/m\u1ebb<\/li>\n<li><strong>T\u00ednh n\u0103ng<\/strong>: m\u00e1y chuy\u00ean d\u00f9ng tr\u1ed9n b\u1ed9t kh\u00f4 v\u00e0 c\u00e1c lo\u1ea1i h\u1ed7n h\u1ee3p nguy\u00ean li\u1ec7u l\u00e0m b\u1ed9t c\u00e1m<\/li>\n<\/ul>\n","protected":false},"featured_media":9614,"comment_status":"closed","ping_status":"closed","template":"","meta":[],"product_brand":[],"product_cat":[98],"product_tag":[],"class_list":{"0":"post-9613","1":"product","2":"type-product","3":"status-publish","4":"has-post-thumbnail","6":"product_cat-may-tron","8":"first","9":"instock","10":"shipping-taxable","11":"product-type-simple"},"_links":{"self":[{"href":"https:\/\/congtybinhminh.com\/index.php?rest_route=\/wp\/v2\/product\/9613","targetHints":{"allow":["GET"]}}],"collection":[{"href":"https:\/\/congtybinhminh.com\/index.php?rest_route=\/wp\/v2\/product"}],"about":[{"href":"https:\/\/congtybinhminh.com\/index.php?rest_route=\/wp\/v2\/types\/product"}],"replies":[{"embeddable":true,"href":"https:\/\/congtybinhminh.com\/index.php?rest_route=%2Fwp%2Fv2%2Fcomments&post=9613"}],"wp:featuredmedia":[{"embeddable":true,"href":"https:\/\/congtybinhminh.com\/index.php?rest_route=\/wp\/v2\/media\/9614"}],"wp:attachment":[{"href":"https:\/\/congtybinhminh.com\/index.php?rest_route=%2Fwp%2Fv2%2Fmedia&parent=9613"}],"wp:term":[{"taxonomy":"product_brand","embeddable":true,"href":"https:\/\/congtybinhminh.com\/index.php?rest_route=%2Fwp%2Fv2%2Fproduct_brand&post=9613"},{"taxonomy":"product_cat","embeddable":true,"href":"https:\/\/congtybinhminh.com\/index.php?rest_route=%2Fwp%2Fv2%2Fproduct_cat&post=9613"},{"taxonomy":"product_tag","embeddable":true,"href":"https:\/\/congtybinhminh.com\/index.php?rest_route=%2Fwp%2Fv2%2Fproduct_tag&post=9613"}],"curies":[{"name":"wp","href":"https:\/\/api.w.org\/{rel}","templated":true}]}}