{"id":9597,"date":"2024-04-04T10:56:18","date_gmt":"2024-04-04T03:56:18","guid":{"rendered":"https:\/\/congtybinhminh.com\/?post_type=product&#038;p=9597"},"modified":"2026-01-19T08:42:54","modified_gmt":"2026-01-19T01:42:54","slug":"may-bam-co-c250","status":"publish","type":"product","link":"https:\/\/congtybinhminh.com\/?product=may-bam-co-c250","title":{"rendered":"M\u00e1y b\u0103m c\u1ecf C250"},"content":{"rendered":"<h2>Video ho\u1ea1t \u0111\u1ed9ng c\u1ee7a m\u00e1y<\/h2>\n<p><iframe loading=\"lazy\" title=\"M\u00e1y B\u0103m C\u1ecf C250 Gi\u00e1 R\u1ebb Th\u1ebf H\u1ec7 M\u1edbi Ph\u1ee5c V\u1ee5 Ch\u0103n Nu\u00f4i 20 Con B\u00f2 V\u00e0 C\u00e1i K\u1ebft?\" width=\"1020\" height=\"574\" src=\"https:\/\/www.youtube.com\/embed\/O9o8PomDQTY?feature=oembed\" frameborder=\"0\" allow=\"accelerometer; autoplay; clipboard-write; encrypted-media; gyroscope; picture-in-picture; web-share\" referrerpolicy=\"strict-origin-when-cross-origin\" allowfullscreen><\/iframe><\/p>\n<h2>Gi\u1edbi thi\u1ec7u m\u00e1y b\u0103m c\u1ecf C250<\/h2>\n<p>C\u1ecf voi, th\u00e2n c\u00e2y ng\u00f4, c\u00e2y s\u1ea3,&#8230; nh\u1eefng nguy\u00ean li\u1ec7u quan thu\u1ed9c \u0111\u01b0\u1ee3c b\u00e0 con s\u1eed d\u1ee5ng l\u00e0m th\u1ee9c \u0103n cho gia s\u00fac &#8211; gia c\u1ea7m. Tuy nhi\u00ean, \u0111\u1ec3 b\u0103m nh\u1ecf ch\u00fang th\u01b0\u1eddng m\u1ea5t r\u1ea5t nhi\u1ec1u th\u1eddi gian v\u00e0 c\u00f4ng s\u1ee9c<\/p>\n<p><img loading=\"lazy\" decoding=\"async\" class=\"aligncenter wp-image-9604 size-full\" src=\"https:\/\/congtybinhminh.com\/wp-content\/uploads\/2024\/04\/may-bam-co-c250-binh-minh_result222.webp\" alt=\"may-bam-co-c250-binh-minh_result222\" width=\"800\" height=\"1080\" srcset=\"https:\/\/congtybinhminh.com\/wp-content\/uploads\/2024\/04\/may-bam-co-c250-binh-minh_result222.webp 800w, https:\/\/congtybinhminh.com\/wp-content\/uploads\/2024\/04\/may-bam-co-c250-binh-minh_result222-296x400.webp 296w, https:\/\/congtybinhminh.com\/wp-content\/uploads\/2024\/04\/may-bam-co-c250-binh-minh_result222-593x800.webp 593w, https:\/\/congtybinhminh.com\/wp-content\/uploads\/2024\/04\/may-bam-co-c250-binh-minh_result222-768x1037.webp 768w, https:\/\/congtybinhminh.com\/wp-content\/uploads\/2024\/04\/may-bam-co-c250-binh-minh_result222-510x689.webp 510w\" sizes=\"auto, (max-width: 800px) 100vw, 800px\" \/><\/p>\n<p>V\u1edbi mong mu\u1ed1n h\u1ed7 tr\u1ee3 b\u00e0 con ch\u0103n nu\u00f4i hi\u1ec7u qu\u1ea3, c\u00f4ng ty B\u00ecnh Minh \u0111\u00e3 s\u1ea3n xu\u1ea5t m\u00e1y b\u0103m c\u1ecf C250 d\u00f9ng \u0111i\u1ec7n 1 pha cho n\u0103ng su\u1ea5t \u0111\u1ea1t t\u1eeb 400 &#8211; 600 kg\/gi\u1edd<\/p>\n<h2>M\u00e1y b\u0103m c\u1ecf C250 mang t\u1edbi gi\u1ea3i ph\u00e1p g\u00ec cho b\u1ea1n ?<\/h2>\n<p>M\u00e1y b\u0103m nh\u1ecf \u0111a d\u1ea1ng c\u00e1c lo\u1ea1i ph\u1ee5 ph\u1ea9m: c\u1ecf voi, th\u00e2n c\u00e2y ng\u00f4, c\u1ecf th\u00e2n m\u1ec1m.. ngay ch\u1ec9 trong 1 l\u1ea7n b\u0103m, t\u1ea1o\u00a0 ra nh\u1eefng nguy\u00ean li\u1ec7u c\u00f3 gi\u00e1 tr\u1ecb v\u00e0 \u1ee9ng d\u1ee5ng trong nhi\u1ec1u l\u0129nh v\u1ef1c;<\/p>\n<p><img loading=\"lazy\" decoding=\"async\" class=\"aligncenter wp-image-9605 size-full\" src=\"https:\/\/congtybinhminh.com\/wp-content\/uploads\/2024\/04\/may-bam-rau_result222.webp\" alt=\"may-bam-rau_result222\" width=\"800\" height=\"1080\" srcset=\"https:\/\/congtybinhminh.com\/wp-content\/uploads\/2024\/04\/may-bam-rau_result222.webp 800w, https:\/\/congtybinhminh.com\/wp-content\/uploads\/2024\/04\/may-bam-rau_result222-296x400.webp 296w, https:\/\/congtybinhminh.com\/wp-content\/uploads\/2024\/04\/may-bam-rau_result222-593x800.webp 593w, https:\/\/congtybinhminh.com\/wp-content\/uploads\/2024\/04\/may-bam-rau_result222-768x1037.webp 768w, https:\/\/congtybinhminh.com\/wp-content\/uploads\/2024\/04\/may-bam-rau_result222-510x689.webp 510w\" sizes=\"auto, (max-width: 800px) 100vw, 800px\" \/><\/p>\n<ul>\n<li>Th\u00e0nh ph\u1ea9m sau khi b\u0103m c\u00f3 th\u1ec3 cho v\u1eadt nu\u00f4i \u0103n ngay ho\u1eb7c \u1ee7 chua ho\u1eb7c tr\u1ed9n b\u1ed9t c\u00e1m cho v\u00e0o m\u00e1y \u00e9p t\u1ea1o th\u00e0nh vi\u00ean d\u00f9ng d\u1ea7n<\/li>\n<li>Gi\u1ea3m r\u00e1c th\u1ea3i ra m\u00f4i tr\u01b0\u1eddng, t\u00e1i ch\u1ebf l\u00e0m ph\u00e2n b\u00f3n t\u1ed1t cho c\u00e2y tr\u1ed3ng<\/li>\n<li>Gi\u1ea3i quy\u1ebft kh\u1ed1i l\u01b0\u1ee3ng c\u00f4ng vi\u1ec7c trong th\u1eddi gian ng\u1eafn<\/li>\n<li>Gi\u1ea3m b\u1edbt nh\u00e2n c\u00f4ng lao \u0111\u1ed9ng<\/li>\n<\/ul>\n<h2>C\u1ea5u t\u1ea1o m\u00e1y b\u0103m c\u1ecf C250<\/h2>\n<h3>Khung m\u00e1y ch\u1eafc ch\u1eafn<\/h3>\n<p>Thi\u1ebft k\u1ebf hi\u1ec7n \u0111\u1ea1i v\u1edbi ph\u1ea7n khung m\u00e1y \u0111\u01b0\u1ee3c h\u00e0n g\u1eafn ch\u1eafc ch\u1eafn kh\u00f4ng g\u00e2y rung l\u1eafc trong qu\u00e1 tr\u00ecnh b\u0103m<\/p>\n<p><img loading=\"lazy\" decoding=\"async\" class=\"aligncenter wp-image-9606 size-full\" src=\"https:\/\/congtybinhminh.com\/wp-content\/uploads\/2024\/04\/cau-tao-may-bam-co-c250_result222-1.webp\" alt=\"cau-tao-may-bam-co-c250_result222\" width=\"800\" height=\"600\" srcset=\"https:\/\/congtybinhminh.com\/wp-content\/uploads\/2024\/04\/cau-tao-may-bam-co-c250_result222-1.webp 800w, https:\/\/congtybinhminh.com\/wp-content\/uploads\/2024\/04\/cau-tao-may-bam-co-c250_result222-1-533x400.webp 533w, https:\/\/congtybinhminh.com\/wp-content\/uploads\/2024\/04\/cau-tao-may-bam-co-c250_result222-1-768x576.webp 768w, https:\/\/congtybinhminh.com\/wp-content\/uploads\/2024\/04\/cau-tao-may-bam-co-c250_result222-1-510x383.webp 510w\" sizes=\"auto, (max-width: 800px) 100vw, 800px\" \/><\/p>\n<p>V\u1edbi l\u1ee3i th\u1ebf nh\u1ecf g\u1ecdn, t\u1ed5ng tr\u1ecdng l\u01b0\u1ee3ng m\u00e1y n\u1eb7ng 36 kg th\u00edch h\u1ee3p s\u1eed d\u1ee5ng t\u1ea1i c\u00e1c h\u1ed9 ch\u0103n nu\u00f4i<\/p>\n<h3>Toa n\u1ea1p v\u00e0 c\u1eeda x\u1ea3<\/h3>\n<p>Toa n\u1ea1p \u0111\u01b0\u1ee3c thi\u1ebft k\u1ebf d\u00e1ng \u0111\u1ee9ng h\u01b0\u1edbng d\u1ed1c k\u1ebft n\u1ed1i th\u1eb3ng v\u1edbi bu\u1ed3ng b\u0103m. Ng\u01b0\u1eddi d\u00f9ng c\u00f3 th\u1ec3 tho\u1ea3i m\u00e1i \u0111\u1ee9ng b\u0103m<\/p>\n<p><img loading=\"lazy\" decoding=\"async\" class=\"aligncenter wp-image-9607 size-full\" src=\"https:\/\/congtybinhminh.com\/wp-content\/uploads\/2024\/04\/toa-nap-nguyen-lieu_result222-1.webp\" alt=\"toa-nap-nguyen-lieu_result222\" width=\"800\" height=\"442\" srcset=\"https:\/\/congtybinhminh.com\/wp-content\/uploads\/2024\/04\/toa-nap-nguyen-lieu_result222-1.webp 800w, https:\/\/congtybinhminh.com\/wp-content\/uploads\/2024\/04\/toa-nap-nguyen-lieu_result222-1-724x400.webp 724w, https:\/\/congtybinhminh.com\/wp-content\/uploads\/2024\/04\/toa-nap-nguyen-lieu_result222-1-768x424.webp 768w, https:\/\/congtybinhminh.com\/wp-content\/uploads\/2024\/04\/toa-nap-nguyen-lieu_result222-1-510x282.webp 510w\" sizes=\"auto, (max-width: 800px) 100vw, 800px\" \/><\/p>\n<p>Th\u00e0nh ph\u1ea9m sau khi b\u0103m \u0111\u01b0\u1ee3c \u0111\u01b0a tr\u1ef1c ti\u1ebfp ra ngo\u00e0i c\u1eeda x\u1ea3, ph\u1ea7n c\u1eeda x\u1ea3 c\u00f3 n\u1eafp \u0111\u1eady \u0111i\u1ec1u ch\u1ec9nh h\u01b0\u1edbng phun thu\u1eadn ti\u1ec7n cho vi\u1ec7c thu gom th\u00e0nh ph\u1ea9m<\/p>\n<p><img loading=\"lazy\" decoding=\"async\" class=\"aligncenter wp-image-9608 size-full\" src=\"https:\/\/congtybinhminh.com\/wp-content\/uploads\/2024\/04\/cua-xa-thanh-pham_result222.webp\" alt=\"cua-xa-thanh-pham_result222\" width=\"800\" height=\"492\" srcset=\"https:\/\/congtybinhminh.com\/wp-content\/uploads\/2024\/04\/cua-xa-thanh-pham_result222.webp 800w, https:\/\/congtybinhminh.com\/wp-content\/uploads\/2024\/04\/cua-xa-thanh-pham_result222-650x400.webp 650w, https:\/\/congtybinhminh.com\/wp-content\/uploads\/2024\/04\/cua-xa-thanh-pham_result222-768x472.webp 768w, https:\/\/congtybinhminh.com\/wp-content\/uploads\/2024\/04\/cua-xa-thanh-pham_result222-510x314.webp 510w\" sizes=\"auto, (max-width: 800px) 100vw, 800px\" \/><\/p>\n<ul>\n<li>H\u1ea1 n\u1eafp x\u1ea3: n\u1ebfu mu\u1ed1n th\u00e0nh ph\u1ea9m phun xa<\/li>\n<li>N\u00e2ng n\u1eafp x\u1ea3: n\u1ebfu mu\u1ed1n th\u00e0nh ph\u1ea9m phun g\u1ea7n<\/li>\n<\/ul>\n<h3>H\u1ec7 th\u1ed1ng bu\u1ed3ng l\u00e0m vi\u1ec7c<\/h3>\n<p>M\u00e1y b\u0103m c\u1ecf C250 \u0111\u01b0\u1ee3c trang b\u1ecb 2 dao b\u0103m v\u00e0 b\u00e1nh \u0111\u00e0 quay tr\u00f2n t\u1ea1o ra m\u1ed9t l\u1ef1c b\u0103m m\u1ea1nh trong su\u1ed1t qu\u00e1 tr\u00ecnh m\u00e1y ho\u1ea1t \u0111\u1ed9ng<\/p>\n<p><img loading=\"lazy\" decoding=\"async\" class=\"aligncenter wp-image-9609 size-full\" src=\"https:\/\/congtybinhminh.com\/wp-content\/uploads\/2024\/04\/dao-bam-co-may-bam-co-c250_result222.webp\" alt=\"dao-bam-co-may-bam-co-c250_result222\" width=\"800\" height=\"662\" srcset=\"https:\/\/congtybinhminh.com\/wp-content\/uploads\/2024\/04\/dao-bam-co-may-bam-co-c250_result222.webp 800w, https:\/\/congtybinhminh.com\/wp-content\/uploads\/2024\/04\/dao-bam-co-may-bam-co-c250_result222-483x400.webp 483w, https:\/\/congtybinhminh.com\/wp-content\/uploads\/2024\/04\/dao-bam-co-may-bam-co-c250_result222-768x636.webp 768w, https:\/\/congtybinhminh.com\/wp-content\/uploads\/2024\/04\/dao-bam-co-may-bam-co-c250_result222-510x422.webp 510w\" sizes=\"auto, (max-width: 800px) 100vw, 800px\" \/><\/p>\n<h3>\u0110\u1ed9ng c\u01a1 l\u00f5i d\u00e2y \u0111\u1ed3ng 100%<\/h3>\n<p>M\u00e1y b\u0103m c\u1ecf C250 s\u1eed d\u1ee5ng \u0111\u1ed9ng c\u01a1 1,5kw n\u1ed1i li\u1ec1n tr\u1ee5c dao b\u0103m khi m\u00e1y ho\u1ea1t \u0111\u1ed9ng l\u1ef1c truy\u1ec1n chuy\u1ec3n \u0111\u1ed9ng tr\u1ef1c ti\u1ebfp b\u1eb1ng kh\u1edbp n\u1ed1i<\/p>\n<p><img loading=\"lazy\" decoding=\"async\" class=\"aligncenter wp-image-9610 size-full\" src=\"https:\/\/congtybinhminh.com\/wp-content\/uploads\/2024\/04\/may-bam-co-c250_result222-2.webp\" alt=\"may-bam-co-c250_result222\" width=\"800\" height=\"800\" srcset=\"https:\/\/congtybinhminh.com\/wp-content\/uploads\/2024\/04\/may-bam-co-c250_result222-2.webp 800w, https:\/\/congtybinhminh.com\/wp-content\/uploads\/2024\/04\/may-bam-co-c250_result222-2-400x400.webp 400w, https:\/\/congtybinhminh.com\/wp-content\/uploads\/2024\/04\/may-bam-co-c250_result222-2-280x280.webp 280w, https:\/\/congtybinhminh.com\/wp-content\/uploads\/2024\/04\/may-bam-co-c250_result222-2-768x768.webp 768w, https:\/\/congtybinhminh.com\/wp-content\/uploads\/2024\/04\/may-bam-co-c250_result222-2-247x247.webp 247w, https:\/\/congtybinhminh.com\/wp-content\/uploads\/2024\/04\/may-bam-co-c250_result222-2-510x510.webp 510w, https:\/\/congtybinhminh.com\/wp-content\/uploads\/2024\/04\/may-bam-co-c250_result222-2-100x100.webp 100w\" sizes=\"auto, (max-width: 800px) 100vw, 800px\" \/><\/p>\n<p>M\u00e1y b\u0103m c\u1ecf d\u00f9ng \u0111i\u1ec7n gia \u0111\u00ecnh t\u1ed1c \u0111\u1ed9 quay 2900 v\u00f2ng\/ph\u00fat cho n\u0103ng su\u1ea5t \u0111\u1ea1t 400 &#8211; 600 kg\/gi\u1edd<\/p>\n<p>Th\u00edch h\u1ee3p s\u1eed d\u1ee5ng t\u1ea1i c\u00e1c\u00a0 h\u1ed9 gia \u0111\u00ecnh hay c\u00e1c trang tr\u1ea1i ch\u0103n nu\u00f4i quy m\u00f4 v\u1eeba v\u00e0 nh\u1ecf<\/p>\n<h2>Tham kh\u1ea3o c\u00e1c d\u00f2ng m\u00e1y b\u0103m c\u1ecf 1 pha B\u00ecnh Minh<\/h2>\n<p>V\u1edbi h\u01a1n 30 n\u0103m kinh nghi\u1ec7m trong l\u0129nh v\u1ef1c c\u01a1 kh\u00ed, c\u00f4ng ty B\u00ecnh Minh \u0111\u00e3 s\u1ea3n xu\u1ea5t ra \u0111a d\u1ea1ng c\u00e1c d\u00f2ng m\u00e1y b\u0103m c\u1ecf kh\u00e1c nhau v\u1ec1 k\u00edch th\u01b0\u1edbc, ch\u1ea5t li\u1ec7u v\u00e0 c\u00f4ng su\u1ea5t ph\u00f9 h\u1ee3p v\u1edbi t\u1eebng \u0111\u1ed1i t\u01b0\u1ee3ng;<\/p>\n<table border=\"1\" cellspacing=\"1\" cellpadding=\"1\">\n<tbody>\n<tr>\n<td>Ch\u1ec9 ti\u00eau<\/td>\n<td><a href=\"https:\/\/congtybinhminh.com\/sp\/may-bam-co-inox-c150\/\"><strong>M\u00e1y b\u0103m c\u1ecf inox C150<\/strong><\/a><img decoding=\"async\" class=\"lazy-load-active\" src=\"https:\/\/bizweb.dktcdn.net\/100\/098\/206\/files\/may-bam-co-inox-c150-result222.webp?v=1711682738667\" data-src=\"https:\/\/bizweb.dktcdn.net\/100\/098\/206\/files\/may-bam-co-inox-c150-result222.webp?v=1711682738667\" data-thumb=\"original\" \/><\/td>\n<td><strong>M\u00e1y b\u0103m c\u1ecf C250<\/strong><img decoding=\"async\" class=\"lazy-load-active\" src=\"https:\/\/bizweb.dktcdn.net\/100\/098\/206\/files\/may-bam-co-c250-gia-dinh-result222.webp?v=1711682763235\" data-src=\"https:\/\/bizweb.dktcdn.net\/100\/098\/206\/files\/may-bam-co-c250-gia-dinh-result222.webp?v=1711682763235\" data-thumb=\"original\" \/><\/td>\n<td><strong><a href=\"https:\/\/congtybinhminh.com\/sp\/may-bam-co-mc-6tasp\/\">M\u00e1y b\u0103m c\u1ecf 6TASP<\/a><\/strong><img decoding=\"async\" class=\"lazy-load-active\" src=\"https:\/\/bizweb.dktcdn.net\/100\/098\/206\/files\/may-bam-co-c600-result222-52ed8751-b81e-4471-8f27-9f30efbca2a0.webp?v=1711682789517\" data-src=\"https:\/\/bizweb.dktcdn.net\/100\/098\/206\/files\/may-bam-co-c600-result222-52ed8751-b81e-4471-8f27-9f30efbca2a0.webp?v=1711682789517\" data-thumb=\"original\" \/><\/td>\n<\/tr>\n<tr>\n<td>Ch\u1ea5t li\u1ec7u<\/td>\n<td>\u00a0Inox<\/td>\n<td>\u00a0S\u1eaft th\u00e9p<\/td>\n<td>\u00a0S\u1eaft th\u00e9p<\/td>\n<\/tr>\n<tr>\n<td>C\u00f4ng su\u1ea5t<\/td>\n<td>0.75kw<\/td>\n<td>1.5kw<\/td>\n<td>3kw\/ 5.5HP<\/td>\n<\/tr>\n<tr>\n<td>N\u0103ng su\u1ea5t<\/td>\n<td>\u00a0300 \u2013 500 kg\/gi\u1edd<\/td>\n<td>400 \u2013 600 kg\/gi\u1edd<\/td>\n<td>\u00a0700 \u2013 800 kg\/gi\u1edd<\/td>\n<\/tr>\n<tr>\n<td>Tr\u1ecdng l\u01b0\u1ee3ng<\/td>\n<td>17 kg<\/td>\n<td>36 kg<\/td>\n<td>68kg<\/td>\n<\/tr>\n<tr>\n<td>Kh\u1ea3 n\u0103ng di chuy\u1ec3n<\/td>\n<td>\u00a0C\u1ed1 \u0111\u1ecbnh<\/td>\n<td>\u00a0C\u1ed1 \u0111\u1ecbnh<\/td>\n<td>\u00a0D\u1ec5 d\u00e0ng di chuy\u1ec3n(l\u1eafp 4 b\u00e1nh xe)<\/td>\n<\/tr>\n<\/tbody>\n<\/table>\n<h2>\u0110\u1ecba ch\u1ec9 mua m\u00e1y b\u0103m c\u1ecf gi\u00e1 g\u1ed1c t\u1ea1i x\u01b0\u1edfng<\/h2>\n<p>\u0110\u1ec3 \u0111\u1eb7t mua h\u00e0ng ch\u00ednh h\u00e3ng, b\u00e0 con c\u00f3 th\u1ec3 \u0111\u1ebfn tr\u1ee5 s\u1edf g\u1ea7n nh\u1ea5t c\u1ee7a c\u00f4ng ty \u0111\u1ec3 xem v\u00e0 \u0111\u1eb7t mua h\u00e0ng:<\/p>\n<ul>\n<li>Tr\u1ee5 s\u1edf ch\u00ednh: p.L\u00ea L\u1ee3i &#8211; Tx S\u01a1n T\u00e2y &#8211; H\u00e0 N\u1ed9i<\/li>\n<li>Chi nh\u00e1nh 1: kv 11 &#8211; P. H\u01b0ng Ph\u00fa &#8211; Q. C\u00e1i R\u0103ng &#8211; Tp C\u1ea7n Th\u01a1<\/li>\n<li>Chi nh\u00e1nh 2: x\u00e3 T\u00e2n Ki\u00ean &#8211; H. B\u00ecnh Ch\u00e1nh &#8211; Tp H\u1ed3 Ch\u00ed Min<\/li>\n<\/ul>\n<p><img loading=\"lazy\" decoding=\"async\" class=\"aligncenter wp-image-9596 size-full\" src=\"https:\/\/congtybinhminh.com\/wp-content\/uploads\/2024\/04\/dia-chi-mua-may-bam-co_result222.webp\" alt=\"dia-chi-mua-may-bam-co_result222\" width=\"800\" height=\"1021\" srcset=\"https:\/\/congtybinhminh.com\/wp-content\/uploads\/2024\/04\/dia-chi-mua-may-bam-co_result222.webp 800w, https:\/\/congtybinhminh.com\/wp-content\/uploads\/2024\/04\/dia-chi-mua-may-bam-co_result222-313x400.webp 313w, https:\/\/congtybinhminh.com\/wp-content\/uploads\/2024\/04\/dia-chi-mua-may-bam-co_result222-627x800.webp 627w, https:\/\/congtybinhminh.com\/wp-content\/uploads\/2024\/04\/dia-chi-mua-may-bam-co_result222-768x980.webp 768w, https:\/\/congtybinhminh.com\/wp-content\/uploads\/2024\/04\/dia-chi-mua-may-bam-co_result222-510x651.webp 510w\" sizes=\"auto, (max-width: 800px) 100vw, 800px\" \/><\/p>\n<p>Khi \u0111\u1ebfn \u0111\u00e2y, b\u00e0 con s\u1ebd \u0111\u01b0\u1ee3c th\u1eed nghi\u1ec7m v\u1eadn h\u00e0nh m\u00e1y d\u01b0\u1edbi s\u1ef1 h\u01b0\u1edbng d\u1eabn c\u1ee7a \u0111\u1ed9i ng\u0169 k\u1ef9 thu\u1eadt<\/p>\n<p>\u0110\u1ed1i v\u1edbi b\u00e0 con \u1edf xa, c\u00f3 th\u1ec3 li\u00ean h\u1ec7 t\u1edbi s\u1ed1 \u0111i\u1ec7n tho\u1ea1i hotline tr\u00ean website ho\u1eb7c \u0111\u1ec3 l\u1ea1i l\u1eddi nh\u1eafn \u0111\u1ed9i ng\u0169 t\u01b0 v\u1ea5n s\u1ebd li\u00ean h\u1ec7 t\u1edbi b\u00e0 con trong th\u1eddi gian s\u1edbm nh\u1ea5t<\/p>\n<p><strong>Th\u00f4ng s\u1ed1 k\u1ef9 thu\u1eadt\u00a0<\/strong><\/p>\n<table border=\"1\" cellspacing=\"1\" cellpadding=\"1\">\n<tbody>\n<tr>\n<td colspan=\"1\" rowspan=\"3\">\u0110\u1ed9ng c\u01a1<\/td>\n<td>C\u00f4ng su\u1ea5t \u0111\u1ed9ng c\u01a1<\/td>\n<td>1,5kw<\/td>\n<\/tr>\n<tr>\n<td>T\u1ed1c \u0111\u1ed9<\/td>\n<td>2900 v\/p<\/td>\n<\/tr>\n<tr>\n<td>Ngu\u1ed3n \u0111i\u1ec7n<\/td>\n<td>220V<\/td>\n<\/tr>\n<tr>\n<td colspan=\"1\" rowspan=\"2\">B\u1ea3o h\u00e0nh<\/td>\n<td>K\u1ef9 thu\u1eadt<\/td>\n<td>\u00a006 th\u00e1ng<\/td>\n<\/tr>\n<tr>\n<td>\u0110\u1ed9ng c\u01a1<\/td>\n<td>Theo t\u1eebng h\u00e3ng s\u1ea3n xu\u1ea5t<\/td>\n<\/tr>\n<tr>\n<td>N\u0103ng su\u1ea5t<\/td>\n<td colspan=\"2\" rowspan=\"1\">\u00a0400 &#8211; 600 kg\/gi\u1edd<\/td>\n<\/tr>\n<tr>\n<td>K\u00edch th\u01b0\u1edbc (d*c*r)<\/td>\n<td colspan=\"2\" rowspan=\"1\">\u00a050*68*80 cm<\/td>\n<\/tr>\n<tr>\n<td>H\u00ecnh th\u1ee9c thanh to\u00e1n<\/td>\n<td colspan=\"2\" rowspan=\"1\">Ti\u1ec1n m\u1eb7t ho\u1eb7c chuy\u1ec3n kho\u1ea3n<\/td>\n<\/tr>\n<\/tbody>\n<\/table>\n","protected":false},"excerpt":{"rendered":"<ul>\n<li><strong>H\u00e3ng s\u1ea3n xu\u1ea5t:<\/strong>\u00a0B\u00ecnh Minh<\/li>\n<li><strong>C\u00f4ng su\u1ea5t \u0111\u1ed9ng c\u01a1:<\/strong>\u00a01,5kw<\/li>\n<li><strong>T\u1ed1c \u0111\u1ed9:<\/strong>\u00a02900 v\u00f2ng\/ph\u00fat<\/li>\n<li><strong>Ngu\u1ed3n \u0111i\u1ec7n<\/strong>: 220V<\/li>\n<li><strong>N\u0103ng su\u1ea5t:<\/strong>\u00a0400 \u2013 600 kg\/gi\u1edd<\/li>\n<li><strong>K\u00edch th\u01b0\u1edbc:<\/strong>\u00a050*68*80 cm<\/li>\n<li><strong>T\u00ednh n\u0103ng<\/strong>: m\u00e1y chuy\u00ean b\u0103m nh\u1ecf\u00a0c\u1ecf voi, th\u00e2n c\u00e2y ng\u00f4, c\u00e2y th\u00e2n m\u1ec1m.. l\u00e0m th\u1ee9c \u0103n cho gia s\u00fac \u2013 gia c\u1ea7m<\/li>\n<\/ul>\n","protected":false},"featured_media":9598,"comment_status":"closed","ping_status":"closed","template":"","meta":[],"product_brand":[],"product_cat":[194],"product_tag":[],"class_list":{"0":"post-9597","1":"product","2":"type-product","3":"status-publish","4":"has-post-thumbnail","6":"product_cat-may-xay-rau-cu","8":"first","9":"instock","10":"shipping-taxable","11":"product-type-simple"},"_links":{"self":[{"href":"https:\/\/congtybinhminh.com\/index.php?rest_route=\/wp\/v2\/product\/9597","targetHints":{"allow":["GET"]}}],"collection":[{"href":"https:\/\/congtybinhminh.com\/index.php?rest_route=\/wp\/v2\/product"}],"about":[{"href":"https:\/\/congtybinhminh.com\/index.php?rest_route=\/wp\/v2\/types\/product"}],"replies":[{"embeddable":true,"href":"https:\/\/congtybinhminh.com\/index.php?rest_route=%2Fwp%2Fv2%2Fcomments&post=9597"}],"wp:featuredmedia":[{"embeddable":true,"href":"https:\/\/congtybinhminh.com\/index.php?rest_route=\/wp\/v2\/media\/9598"}],"wp:attachment":[{"href":"https:\/\/congtybinhminh.com\/index.php?rest_route=%2Fwp%2Fv2%2Fmedia&parent=9597"}],"wp:term":[{"taxonomy":"product_brand","embeddable":true,"href":"https:\/\/congtybinhminh.com\/index.php?rest_route=%2Fwp%2Fv2%2Fproduct_brand&post=9597"},{"taxonomy":"product_cat","embeddable":true,"href":"https:\/\/congtybinhminh.com\/index.php?rest_route=%2Fwp%2Fv2%2Fproduct_cat&post=9597"},{"taxonomy":"product_tag","embeddable":true,"href":"https:\/\/congtybinhminh.com\/index.php?rest_route=%2Fwp%2Fv2%2Fproduct_tag&post=9597"}],"curies":[{"name":"wp","href":"https:\/\/api.w.org\/{rel}","templated":true}]}}