{"id":9580,"date":"2024-04-04T09:29:44","date_gmt":"2024-04-04T02:29:44","guid":{"rendered":"https:\/\/congtybinhminh.com\/?post_type=product&#038;p=9580"},"modified":"2026-01-19T08:40:48","modified_gmt":"2026-01-19T01:40:48","slug":"may-bam-co-inox-c150","status":"publish","type":"product","link":"https:\/\/congtybinhminh.com\/?product=may-bam-co-inox-c150","title":{"rendered":"M\u00e1y b\u0103m c\u1ecf inox C150"},"content":{"rendered":"<h2>Video ho\u1ea1t \u0111\u1ed9ng c\u1ee7a m\u00e1y<\/h2>\n<p><iframe loading=\"lazy\" title=\"M\u00e1y B\u0103m C\u1ecf Inox C150 1 Pha Gi\u00e1 Ch\u1ec9 H\u01a1n 2 Tri\u1ec7u M\u00e0 N\u0103ng Su\u1ea5t T\u1eadn 5 T\u1ea1 M\u1ed7i Gi\u1edd\" width=\"1020\" height=\"574\" src=\"https:\/\/www.youtube.com\/embed\/WxGORFM9HSY?feature=oembed\" frameborder=\"0\" allow=\"accelerometer; autoplay; clipboard-write; encrypted-media; gyroscope; picture-in-picture; web-share\" referrerpolicy=\"strict-origin-when-cross-origin\" allowfullscreen><\/iframe><\/p>\n<h2>Gi\u1edbi thi\u1ec7u m\u00e1y b\u0103m c\u1ecf inox C150<\/h2>\n<p>M\u00e1y b\u0103m c\u1ecf inox C150 do c\u00f4ng ty B\u00ecnh Minh s\u1ea3n xu\u1ea5t chuy\u00ean d\u00f9ng b\u0103m nh\u1ecf c\u00e1c lo\u1ea1i ph\u1ee5 ph\u1ea9m n\u00f4ng nghi\u1ec7p l\u00e0m th\u1ee9c \u0103n ch\u0103n nu\u00f4i cho gia s\u00fac &#8211; gia c\u1ea7m<\/p>\n<p><img loading=\"lazy\" decoding=\"async\" class=\"aligncenter wp-image-9588 size-full\" src=\"https:\/\/congtybinhminh.com\/wp-content\/uploads\/2024\/04\/may-bam-co-inox-c150-binh-minh_result222.webp\" alt=\"may-bam-co-inox-c150-binh-minh_result222\" width=\"800\" height=\"1080\" srcset=\"https:\/\/congtybinhminh.com\/wp-content\/uploads\/2024\/04\/may-bam-co-inox-c150-binh-minh_result222.webp 800w, https:\/\/congtybinhminh.com\/wp-content\/uploads\/2024\/04\/may-bam-co-inox-c150-binh-minh_result222-296x400.webp 296w, https:\/\/congtybinhminh.com\/wp-content\/uploads\/2024\/04\/may-bam-co-inox-c150-binh-minh_result222-593x800.webp 593w, https:\/\/congtybinhminh.com\/wp-content\/uploads\/2024\/04\/may-bam-co-inox-c150-binh-minh_result222-768x1037.webp 768w, https:\/\/congtybinhminh.com\/wp-content\/uploads\/2024\/04\/may-bam-co-inox-c150-binh-minh_result222-510x689.webp 510w\" sizes=\"auto, (max-width: 800px) 100vw, 800px\" \/><\/p>\n<p>Thi\u1ebft b\u1ecb h\u1ed7 tr\u1ee3 gi\u1ea3i quy\u1ebft kh\u1ed1i l\u01b0\u1ee3ng c\u00f4ng vi\u1ec7c c\u1ee7a 3 -4 ng\u01b0\u1eddi b\u0103m b\u1eb1ng tay trong ph\u00fat ch\u1ed1c, mang t\u1edbi gi\u1ea3i ph\u00e1p m\u1edbi cho b\u00e0 con ch\u0103n nu\u00f4i<\/p>\n<p><img loading=\"lazy\" decoding=\"async\" class=\"aligncenter wp-image-9592 size-full\" src=\"https:\/\/congtybinhminh.com\/wp-content\/uploads\/2024\/04\/may-bam-co-cho-bo_result222.webp\" alt=\"may-bam-co-cho-bo_result222\" width=\"800\" height=\"893\" srcset=\"https:\/\/congtybinhminh.com\/wp-content\/uploads\/2024\/04\/may-bam-co-cho-bo_result222.webp 800w, https:\/\/congtybinhminh.com\/wp-content\/uploads\/2024\/04\/may-bam-co-cho-bo_result222-358x400.webp 358w, https:\/\/congtybinhminh.com\/wp-content\/uploads\/2024\/04\/may-bam-co-cho-bo_result222-717x800.webp 717w, https:\/\/congtybinhminh.com\/wp-content\/uploads\/2024\/04\/may-bam-co-cho-bo_result222-768x857.webp 768w, https:\/\/congtybinhminh.com\/wp-content\/uploads\/2024\/04\/may-bam-co-cho-bo_result222-510x569.webp 510w\" sizes=\"auto, (max-width: 800px) 100vw, 800px\" \/><\/p>\n<ul>\n<li>Th\u00e0nh ph\u1ea9m sau khi b\u0103m c\u00f3 th\u1ec3 cho v\u1eadt nu\u00f4i d\u00f9ng ngay ho\u1eb7c \u1ee7 chua d\u00f9ng d\u1ea7n ho\u1eb7c tr\u1ed9n b\u1ed9t c\u00e1m cho v\u00e0o m\u00e1y \u00e9p th\u00e0nh vi\u00ean d\u00f9ng d\u1ea7n<\/li>\n<li>Ki\u1ec3m so\u00e1t &#8211; d\u1ef1 ph\u00f2ng ngu\u1ed3n th\u1ee9c \u0103n<\/li>\n<li>X\u1eed l\u00fd r\u00e1c th\u1ea3i l\u00e0m ph\u00e2n b\u00f3n t\u1ed1t cho c\u00e2y tr\u1ed3ng, gi\u1ea3m l\u01b0\u1ee3ng r\u00e1c th\u1ea3i b\u1ea3o v\u1ec7 m\u00f4i tr\u01b0\u1eddng<\/li>\n<\/ul>\n<h2>C\u1ea5u t\u1ea1o m\u00e1y b\u0103m c\u1ecf inox C150<\/h2>\n<h3>Khung m\u00e1y ch\u1eafc ch\u1eafn<\/h3>\n<p>M\u00e1y \u0111\u01b0\u1ee3c l\u00e0m b\u1eb1ng ch\u1ea5t li\u1ec7u inox cao c\u1ea5p, ch\u1ed1ng han g\u1ec9 thu\u1eadn ti\u1ec7n v\u1ec7 sinh gi\u00fap m\u00e1y lu\u00f4n s\u1ea1ch &#8211; s\u00e1ng b\u00f3ng gi\u1eef \u0111\u1ed9 b\u1ec1n v\u00e0 k\u00e9o d\u00e0i tu\u1ed5i th\u1ecd c\u1ee7a m\u00e1y<\/p>\n<p><img loading=\"lazy\" decoding=\"async\" class=\"aligncenter wp-image-9589 size-full\" src=\"https:\/\/congtybinhminh.com\/wp-content\/uploads\/2024\/04\/cau-tao-may-bam-co-inox-c150-binh-minhcopy_result222.webp\" alt=\"cau-tao-may-bam-co-inox-c150-binh-minhcopy_result222\" width=\"800\" height=\"600\" srcset=\"https:\/\/congtybinhminh.com\/wp-content\/uploads\/2024\/04\/cau-tao-may-bam-co-inox-c150-binh-minhcopy_result222.webp 800w, https:\/\/congtybinhminh.com\/wp-content\/uploads\/2024\/04\/cau-tao-may-bam-co-inox-c150-binh-minhcopy_result222-533x400.webp 533w, https:\/\/congtybinhminh.com\/wp-content\/uploads\/2024\/04\/cau-tao-may-bam-co-inox-c150-binh-minhcopy_result222-768x576.webp 768w, https:\/\/congtybinhminh.com\/wp-content\/uploads\/2024\/04\/cau-tao-may-bam-co-inox-c150-binh-minhcopy_result222-510x383.webp 510w\" sizes=\"auto, (max-width: 800px) 100vw, 800px\" \/><\/p>\n<p>V\u1edbi l\u1ee3i th\u1ebf nh\u1ecf g\u1ecdn, t\u1ed5ng tr\u1ecdng l\u01b0\u1ee3ng 17 kg th\u00edch h\u1ee3p s\u1eed d\u1ee5ng t\u1ea1i c\u00e1c h\u1ed9 ch\u0103n nu\u00f4i c\u00f3 kh\u00f4ng gian h\u1ea1n ch\u1ebf<\/p>\n<h3>Toa n\u1ea1p nguy\u00ean li\u1ec7u<\/h3>\n<p>Toa n\u1ea1p thi\u1ebft k\u1ebf d\u00e1ng \u0111\u1ee9ng h\u01b0\u1edbng d\u1ed1c k\u1ebft n\u1ed1i th\u1eb3ng v\u1edbi bu\u1ed3ng b\u0103m. Ng\u01b0\u1eddi d\u00f9ng c\u00f3 th\u1ec3 tho\u1ea3i m\u00e1i \u0111\u1ee9ng b\u0103m m\u00e0 kh\u00f4ng ph\u1ea3i khom ng\u01b0\u1eddi nh\u01b0 khi d\u00f9ng c\u00e1c d\u00f2ng m\u00e1y th\u01b0\u1eddng<\/p>\n<p><img loading=\"lazy\" decoding=\"async\" class=\"aligncenter wp-image-9590 size-full\" src=\"https:\/\/congtybinhminh.com\/wp-content\/uploads\/2024\/04\/toa-nap-nguyen-lieu_result222.webp\" alt=\"toa-nap-nguyen-lieu_result222\" width=\"800\" height=\"654\" srcset=\"https:\/\/congtybinhminh.com\/wp-content\/uploads\/2024\/04\/toa-nap-nguyen-lieu_result222.webp 800w, https:\/\/congtybinhminh.com\/wp-content\/uploads\/2024\/04\/toa-nap-nguyen-lieu_result222-489x400.webp 489w, https:\/\/congtybinhminh.com\/wp-content\/uploads\/2024\/04\/toa-nap-nguyen-lieu_result222-768x628.webp 768w, https:\/\/congtybinhminh.com\/wp-content\/uploads\/2024\/04\/toa-nap-nguyen-lieu_result222-510x417.webp 510w\" sizes=\"auto, (max-width: 800px) 100vw, 800px\" \/><\/p>\n<p>Th\u00e0nh ph\u1ea9m sau khi b\u0103m c\u00f3 th\u1ec3 \u0111\u01b0a tr\u1ef1c ti\u1ebfp ra ngo\u00e0i c\u1eeda x\u1ea3, ph\u1ea7n c\u1eeda x\u1ea3 c\u00f3 n\u1eafp \u0111\u1eady \u0111i\u1ec1u h\u01b0\u1edbng phun thu\u1eadn ti\u1ec7n cho vi\u1ec7c thu gom th\u00e0nh ph\u1ea9m<\/p>\n<ul>\n<li>N\u00e2ng n\u1eafp x\u1ea3: n\u1ebfu mu\u1ed1n th\u00e0nh ph\u1ea9m phun xa<\/li>\n<li>H\u1ea1 n\u1eafp x\u1ea3: n\u1ebfu mu\u1ed1n th\u00e0nh ph\u1ea9m phun g\u1ea7n<\/li>\n<\/ul>\n<h3>H\u1ec7 th\u1ed1ng bu\u1ed3ng dao b\u0103m<\/h3>\n<p>M\u00e1y b\u0103m c\u1ecf d\u00f9ng \u0111i\u1ec7n gia \u0111\u00ecnh trang b\u1ecb 2 dao b\u0103m \u0111\u01b0\u1ee3c r\u00e8n s\u1eafc b\u00e9n \u0111\u1ed9 c\u1ee9ng cao, k\u1ebft h\u1ee3p v\u1edbi b\u00e1nh \u0111\u00e0 t\u1ea1o ra m\u1ed9t l\u1ef1c b\u0103m m\u1ea1nh xuy\u00ean su\u1ed1t qu\u00e1 tr\u00ecnh m\u00e1y ho\u1ea1t \u0111\u1ed9ng<\/p>\n<p><img loading=\"lazy\" decoding=\"async\" class=\"aligncenter wp-image-9591 size-full\" src=\"https:\/\/congtybinhminh.com\/wp-content\/uploads\/2024\/04\/dao-bam-co_result222.webp\" alt=\"dao-bam-co_result222\" width=\"800\" height=\"670\" srcset=\"https:\/\/congtybinhminh.com\/wp-content\/uploads\/2024\/04\/dao-bam-co_result222.webp 800w, https:\/\/congtybinhminh.com\/wp-content\/uploads\/2024\/04\/dao-bam-co_result222-478x400.webp 478w, https:\/\/congtybinhminh.com\/wp-content\/uploads\/2024\/04\/dao-bam-co_result222-768x643.webp 768w, https:\/\/congtybinhminh.com\/wp-content\/uploads\/2024\/04\/dao-bam-co_result222-510x427.webp 510w\" sizes=\"auto, (max-width: 800px) 100vw, 800px\" \/><\/p>\n<h3>Cho n\u0103ng su\u1ea5t cao<\/h3>\n<p>M\u00e1y b\u0103m c\u1ecf inox C150 s\u1eed d\u1ee5ng \u0111\u1ed9ng c\u01a1 0,75kw n\u1ed1i li\u1ec1n tr\u1ee5c dao b\u0103m<\/p>\n<p>Nh\u1edd \u0111\u00f3, khi m\u00e1y ho\u1ea1t \u0111\u1ed9ng l\u1ef1c chuy\u1ec3n \u0111\u1ed9ng tr\u1ef1c ti\u1ebfp b\u1eb1ng kh\u1edbp n\u1ed1i, gi\u00fap truy\u1ec1n l\u1ef1c kh\u1ecfe, t\u1ed1c \u0111\u1ed9 quay 1900 v\u00f2ng\/ph\u00fat cho n\u0103ng su\u1ea5t \u0111\u1ea1t 300 &#8211; 500 kg\/gi\u1edd<\/p>\n<p><img loading=\"lazy\" decoding=\"async\" class=\"aligncenter wp-image-9593 size-full\" src=\"https:\/\/congtybinhminh.com\/wp-content\/uploads\/2024\/04\/may-bam-co-1-pha_result222.webp\" alt=\"may-bam-co-1-pha_result222\" width=\"800\" height=\"600\" srcset=\"https:\/\/congtybinhminh.com\/wp-content\/uploads\/2024\/04\/may-bam-co-1-pha_result222.webp 800w, https:\/\/congtybinhminh.com\/wp-content\/uploads\/2024\/04\/may-bam-co-1-pha_result222-533x400.webp 533w, https:\/\/congtybinhminh.com\/wp-content\/uploads\/2024\/04\/may-bam-co-1-pha_result222-768x576.webp 768w, https:\/\/congtybinhminh.com\/wp-content\/uploads\/2024\/04\/may-bam-co-1-pha_result222-510x383.webp 510w\" sizes=\"auto, (max-width: 800px) 100vw, 800px\" \/><\/p>\n<p>Trong qu\u00e1 tr\u00ecnh b\u0103m, ng\u01b0\u1eddi d\u00f9ng c\u00f3 th\u1ec3 t\u1ef1 l\u00e0m ch\u1ee7 qu\u00e1 t\u1ed1c \u0111\u1ed9 qu\u00e1 tr\u00ecnh b\u0103m cho ra k\u00edch th\u01b0\u1edbc b\u0103m to &#8211; nh\u1ecf t\u01b0\u01a1ng \u1ee9ng<\/p>\n<p><img loading=\"lazy\" decoding=\"async\" class=\"aligncenter wp-image-9594 size-full\" src=\"https:\/\/congtybinhminh.com\/wp-content\/uploads\/2024\/04\/bam-co-voi_result222.webp\" alt=\"bam-co-voi_result222\" width=\"800\" height=\"600\" srcset=\"https:\/\/congtybinhminh.com\/wp-content\/uploads\/2024\/04\/bam-co-voi_result222.webp 800w, https:\/\/congtybinhminh.com\/wp-content\/uploads\/2024\/04\/bam-co-voi_result222-533x400.webp 533w, https:\/\/congtybinhminh.com\/wp-content\/uploads\/2024\/04\/bam-co-voi_result222-768x576.webp 768w, https:\/\/congtybinhminh.com\/wp-content\/uploads\/2024\/04\/bam-co-voi_result222-510x383.webp 510w\" sizes=\"auto, (max-width: 800px) 100vw, 800px\" \/><\/p>\n<h2>L\u00fd do b\u1ea1n n\u00ean mua m\u00e1y b\u0103m c\u1ecf inox B\u00ecnh Minh<\/h2>\n<p>C\u00f4ng ty B\u00ecnh Minh t\u1ef1 h\u00e0o l\u00e0 \u0111\u01a1n v\u1ecb chuy\u00ean s\u1ea3n xu\u1ea5t v\u00e0 cung c\u1ea5p m\u00e1y n\u00f4ng nghi\u1ec7p s\u1ed1 1 Vi\u1ec7t Nam v\u1edbi h\u01a1n 30 n\u0103m kinh nghi\u1ec7m trong l\u0129nh v\u1ef1c c\u01a1 kh\u00ed<\/p>\n<p>V\u1edbi trang thi\u1ebft b\u1ecb hi\u1ec7n \u0111\u1ea1i &#8211; \u0111\u1ed9i ng\u0169 k\u1ef9 thu\u1eadt tr\u00ecnh \u0111\u1ed9 cao. Ch\u00fang t\u00f4i cam k\u1ebft mang \u0111\u1ebfn cho b\u1ea1n nh\u1eefng s\u1ea3n ph\u1ea9m CH\u00cdNH H\u00c3NG &#8211; CH\u1ea4T L\u01af\u1ee2NG &#8211; GI\u00c1 TH\u00c0NH T\u1ed0T NH\u1ea4T &#8211; D\u1ecaCH V\u1ee4 CHU \u0110\u00c1O NH\u1ea4T<\/p>\n<p><img loading=\"lazy\" decoding=\"async\" class=\"aligncenter wp-image-9743 size-full\" src=\"https:\/\/congtybinhminh.com\/wp-content\/uploads\/2024\/04\/dia-chi-mua-may-bam-co_result222-1.webp\" alt=\"dia-chi-mua-may-bam-co_result222\" width=\"800\" height=\"1021\" srcset=\"https:\/\/congtybinhminh.com\/wp-content\/uploads\/2024\/04\/dia-chi-mua-may-bam-co_result222-1.webp 800w, https:\/\/congtybinhminh.com\/wp-content\/uploads\/2024\/04\/dia-chi-mua-may-bam-co_result222-1-313x400.webp 313w, https:\/\/congtybinhminh.com\/wp-content\/uploads\/2024\/04\/dia-chi-mua-may-bam-co_result222-1-627x800.webp 627w, https:\/\/congtybinhminh.com\/wp-content\/uploads\/2024\/04\/dia-chi-mua-may-bam-co_result222-1-768x980.webp 768w, https:\/\/congtybinhminh.com\/wp-content\/uploads\/2024\/04\/dia-chi-mua-may-bam-co_result222-1-510x651.webp 510w\" sizes=\"auto, (max-width: 800px) 100vw, 800px\" \/><\/p>\n<p>\u0110\u1ec3 \u0111\u1eb7t mua h\u00e0ng ch\u00ednh h\u00e3ng, b\u00e0 con c\u00f3 th\u1ec3 \u0111\u1ebfn tr\u1ee5 s\u1edf g\u1ea7n nh\u1ea5t c\u1ee7a c\u00f4ng ty \u0111\u1ec3 xem v\u00e0 \u0111\u1eb7t mua h\u00e0ng:<\/p>\n<ul>\n<li>Tr\u1ee5 s\u1edf ch\u00ednh: p. L\u00ea L\u1ee3i &#8211; Tx S\u01a1n T\u00e2y &#8211; H\u00e0 N\u1ed9i<\/li>\n<li>Chi nh\u00e1nh 1: kv 11 &#8211; p. H\u01b0ng Ph\u00fa &#8211; Q. C\u00e1i R\u0103ng &#8211; TP C\u1ea7n Th\u01a1<\/li>\n<li>Chi nh\u00e1nh 2: x\u00e3 T\u00e2n Ki\u00ean &#8211; H, B\u00ecnh Ch\u00e1nh &#8211; TP H\u1ed3 Ch\u00ed Minh<\/li>\n<\/ul>\n<p>Khi \u0111\u1ebfn \u0111\u00e2y, b\u00e0 con s\u1ebd \u0111\u01b0\u1ee3c tr\u1ea3i nghi\u1ec7m v\u1eadn h\u00e0nh m\u00e1y d\u01b0\u1edbi s\u1ef1 h\u01b0\u1edbng d\u1eabn c\u1ee7a \u0111\u1ed9i ng\u0169 k\u1ef9 thu\u1eadt<\/p>\n<p>\u0110\u1ed1i v\u1edbi b\u00e0 con \u1edf xa, c\u00f3 th\u1ec3 li\u00ean h\u1ec7 t\u1edbi s\u1ed1 \u0111i\u1ec7n tho\u1ea1i tr\u00ean website ho\u1eb7c \u0111\u1ec3 l\u1ea1i l\u1eddi nh\u1eafn \u0111\u1ed9i ng\u0169 t\u01b0 v\u1ea5n s\u1ebd li\u00ean h\u1ec7 t\u1edbi b\u00e0 con trong th\u1eddi gian s\u1edbm nh\u1ea5t<\/p>\n<p><strong>Th\u00f4ng s\u1ed1 k\u1ef9 thu\u1eadt<\/strong><\/p>\n<table border=\"1\" cellspacing=\"1\" cellpadding=\"1\">\n<tbody>\n<tr>\n<td colspan=\"1\" rowspan=\"3\">\u0110\u1ed9ng c\u01a1<\/td>\n<td>C\u00f4ng su\u1ea5t \u0111\u1ed9ng c\u01a1<\/td>\n<td>0.75kw<\/td>\n<\/tr>\n<tr>\n<td>T\u1ed1c \u0111\u1ed9<\/td>\n<td>1900 v\/p<\/td>\n<\/tr>\n<tr>\n<td>Ngu\u1ed3n \u0111i\u1ec7n<\/td>\n<td>220V<\/td>\n<\/tr>\n<tr>\n<td colspan=\"1\" rowspan=\"2\">B\u1ea3o h\u00e0nh<\/td>\n<td>K\u1ef9 thu\u1eadt<\/td>\n<td>06 th\u00e1ng<\/td>\n<\/tr>\n<tr>\n<td>\u0110\u1ed9ng c\u01a1<\/td>\n<td>Theo t\u1eebng h\u00e3ng s\u1ea3n xu\u1ea5t<\/td>\n<\/tr>\n<tr>\n<td>N\u0103ng su\u1ea5t<\/td>\n<td colspan=\"2\" rowspan=\"1\">300 \u2013 500 kg\/gi\u1edd<\/td>\n<\/tr>\n<tr>\n<td>K\u00edch th\u01b0\u1edbc (d*c*r)<\/td>\n<td colspan=\"2\" rowspan=\"1\">63*48*40 cm<\/td>\n<\/tr>\n<tr>\n<td>H\u00ecnh th\u1ee9c thanh to\u00e1n<\/td>\n<td colspan=\"2\" rowspan=\"1\">Ti\u1ec1n m\u1eb7t ho\u1eb7c chuy\u1ec3n kho\u1ea3n<\/td>\n<\/tr>\n<\/tbody>\n<\/table>\n","protected":false},"excerpt":{"rendered":"<ul>\n<li><strong>H\u00e3ng s\u1ea3n xu\u1ea5t:<\/strong>\u00a0B\u00ecnh Minh<\/li>\n<li><strong>C\u00f4ng su\u1ea5t \u0111\u1ed9ng c\u01a1:<\/strong>\u00a00,75kw<\/li>\n<li><strong>Ngu\u1ed3n \u0111i\u1ec7n:<\/strong>\u00a0220V<\/li>\n<li><strong>T\u1ed1c \u0111\u1ed9:<\/strong>\u00a01900 v\u00f2ng\/ph\u00fat<\/li>\n<li><strong>N\u0103ng su\u1ea5t:<\/strong>\u00a0300 \u2013 500 kg\/gi\u1edd<\/li>\n<li><strong>K\u00edch th\u01b0\u1edbc (d*c*r):<\/strong>\u00a063*48*40 cm<\/li>\n<li><strong>T\u00ednh n\u0103ng<\/strong>: m\u00e1y chuy\u00ean b\u0103m nh\u1ecf c\u1ecf voi, th\u00e2n c\u00e2y ng\u00f4 v\u00e0 c\u00e1c lo\u1ea1i rau c\u1ee7 qu\u1ea3.. l\u00e0m th\u1ee9c \u0103n cho gia s\u00fac \u2013 gia c\u1ea7m<\/li>\n<\/ul>\n","protected":false},"featured_media":9581,"comment_status":"closed","ping_status":"closed","template":"","meta":[],"product_brand":[],"product_cat":[194],"product_tag":[],"class_list":{"0":"post-9580","1":"product","2":"type-product","3":"status-publish","4":"has-post-thumbnail","6":"product_cat-may-xay-rau-cu","8":"first","9":"instock","10":"shipping-taxable","11":"product-type-simple"},"_links":{"self":[{"href":"https:\/\/congtybinhminh.com\/index.php?rest_route=\/wp\/v2\/product\/9580","targetHints":{"allow":["GET"]}}],"collection":[{"href":"https:\/\/congtybinhminh.com\/index.php?rest_route=\/wp\/v2\/product"}],"about":[{"href":"https:\/\/congtybinhminh.com\/index.php?rest_route=\/wp\/v2\/types\/product"}],"replies":[{"embeddable":true,"href":"https:\/\/congtybinhminh.com\/index.php?rest_route=%2Fwp%2Fv2%2Fcomments&post=9580"}],"wp:featuredmedia":[{"embeddable":true,"href":"https:\/\/congtybinhminh.com\/index.php?rest_route=\/wp\/v2\/media\/9581"}],"wp:attachment":[{"href":"https:\/\/congtybinhminh.com\/index.php?rest_route=%2Fwp%2Fv2%2Fmedia&parent=9580"}],"wp:term":[{"taxonomy":"product_brand","embeddable":true,"href":"https:\/\/congtybinhminh.com\/index.php?rest_route=%2Fwp%2Fv2%2Fproduct_brand&post=9580"},{"taxonomy":"product_cat","embeddable":true,"href":"https:\/\/congtybinhminh.com\/index.php?rest_route=%2Fwp%2Fv2%2Fproduct_cat&post=9580"},{"taxonomy":"product_tag","embeddable":true,"href":"https:\/\/congtybinhminh.com\/index.php?rest_route=%2Fwp%2Fv2%2Fproduct_tag&post=9580"}],"curies":[{"name":"wp","href":"https:\/\/api.w.org\/{rel}","templated":true}]}}