{"id":9546,"date":"2024-04-03T16:15:12","date_gmt":"2024-04-03T09:15:12","guid":{"rendered":"https:\/\/congtybinhminh.com\/?post_type=product&#038;p=9546"},"modified":"2024-04-03T16:16:59","modified_gmt":"2024-04-03T09:16:59","slug":"may-nghien-gia-vi-inox-gv12","status":"publish","type":"product","link":"https:\/\/congtybinhminh.com\/?product=may-nghien-gia-vi-inox-gv12","title":{"rendered":"M\u00e1y nghi\u1ec1n gia v\u1ecb inox GV12"},"content":{"rendered":"<h2>Video ho\u1ea1t \u0111\u1ed9ng c\u1ee7a m\u00e1y<\/h2>\n<p><iframe loading=\"lazy\" title=\"M\u00e1y Nghi\u1ec1n Gia V\u1ecb Inox GV12 Xay Nghi\u1ec1n H\u00e0ng T\u1ea1 Gia V\u1ecb D\u01b0\u1ee3c Li\u1ec7u Gi\u00e1 R\u1ebb N\u0103ng Su\u1ea5t Cao\" width=\"1020\" height=\"574\" src=\"https:\/\/www.youtube.com\/embed\/T4ALG3fqLzQ?feature=oembed\" frameborder=\"0\" allow=\"accelerometer; autoplay; clipboard-write; encrypted-media; gyroscope; picture-in-picture; web-share\" referrerpolicy=\"strict-origin-when-cross-origin\" allowfullscreen><\/iframe><\/p>\n<h2>Gi\u1edbi thi\u1ec7u m\u00e1y nghi\u1ec1n gia v\u1ecb GV12<\/h2>\n<p>T\u1ea1i c\u00e1c c\u01a1 s\u1edf s\u1ea3n xu\u1ea5t nh\u1ecf l\u1ebb hay c\u00e1c h\u1ed9 kinh doanh, vi\u1ec7c nghi\u1ec1n b\u1ed9t t\u1eeb c\u00e1c nguy\u00ean li\u1ec7u th\u00f4 b\u1eb1ng ph\u01b0\u01a1ng ph\u00e1p th\u1ee7 c\u00f4ng th\u01b0\u1eddng m\u1ea5t r\u1ea5t nhi\u1ec1u th\u1eddi gian v\u00e0 c\u00f4ng s\u1ee9c<\/p>\n<p><img loading=\"lazy\" decoding=\"async\" class=\"aligncenter wp-image-9554 size-full\" src=\"https:\/\/congtybinhminh.com\/wp-content\/uploads\/2024\/04\/may-nghien-gia-vi-inox-gv12_result222.webp\" alt=\"may-nghien-gia-vi-inox-gv12_result222\" width=\"800\" height=\"1079\" srcset=\"https:\/\/congtybinhminh.com\/wp-content\/uploads\/2024\/04\/may-nghien-gia-vi-inox-gv12_result222.webp 800w, https:\/\/congtybinhminh.com\/wp-content\/uploads\/2024\/04\/may-nghien-gia-vi-inox-gv12_result222-297x400.webp 297w, https:\/\/congtybinhminh.com\/wp-content\/uploads\/2024\/04\/may-nghien-gia-vi-inox-gv12_result222-593x800.webp 593w, https:\/\/congtybinhminh.com\/wp-content\/uploads\/2024\/04\/may-nghien-gia-vi-inox-gv12_result222-768x1036.webp 768w, https:\/\/congtybinhminh.com\/wp-content\/uploads\/2024\/04\/may-nghien-gia-vi-inox-gv12_result222-510x688.webp 510w\" sizes=\"auto, (max-width: 800px) 100vw, 800px\" \/><\/p>\n<p>Hi\u1ec3u \u0111\u01b0\u1ee3c \u0111i\u1ec1u \u0111\u00f3, c\u00f4ng ty B\u00ecnh Minh \u0111\u00e3 s\u1ea3n xu\u1ea5t m\u00e1y nghi\u1ec1n gia v\u1ecb inox GV12 s\u1eed d\u1ee5ng \u0111\u1ed9ng c\u01a1 3,5kw cho n\u0103ng su\u1ea5t \u0111\u1ea1t 80 &#8211; 150 kg\/gi\u1edd<\/p>\n<h2>Nh\u1eefng t\u00ednh n\u0103ng m\u00e1y nghi\u1ec1n gia v\u1ecb inox GV12<\/h2>\n<p>M\u00e1y nghi\u1ec1n gia v\u1ecb inox GV12 thi\u1ebft b\u1ecb xay nghi\u1ec1n \u0111a d\u1ea1ng c\u00e1c lo\u1ea1i nguy\u00ean li\u1ec7u kh\u00f4 th\u00e0nh d\u1ea1ng b\u1ed9t m\u1ecbn, \u1ee9ng d\u1ee5ng cao trong nhi\u1ec1u l\u0129nh v\u1ef1c nh\u01b0:<\/p>\n<p><img loading=\"lazy\" decoding=\"async\" class=\"aligncenter wp-image-9559 size-full\" src=\"https:\/\/congtybinhminh.com\/wp-content\/uploads\/2024\/04\/may-nghien-bot-ot_result222.webp\" alt=\"may-nghien-bot-ot_result222\" width=\"800\" height=\"1559\" srcset=\"https:\/\/congtybinhminh.com\/wp-content\/uploads\/2024\/04\/may-nghien-bot-ot_result222.webp 800w, https:\/\/congtybinhminh.com\/wp-content\/uploads\/2024\/04\/may-nghien-bot-ot_result222-205x400.webp 205w, https:\/\/congtybinhminh.com\/wp-content\/uploads\/2024\/04\/may-nghien-bot-ot_result222-411x800.webp 411w, https:\/\/congtybinhminh.com\/wp-content\/uploads\/2024\/04\/may-nghien-bot-ot_result222-768x1497.webp 768w, https:\/\/congtybinhminh.com\/wp-content\/uploads\/2024\/04\/may-nghien-bot-ot_result222-788x1536.webp 788w, https:\/\/congtybinhminh.com\/wp-content\/uploads\/2024\/04\/may-nghien-bot-ot_result222-510x994.webp 510w\" sizes=\"auto, (max-width: 800px) 100vw, 800px\" \/><\/p>\n<ul>\n<li>Nghi\u1ec1n c\u00e1c lo\u1ea1i g\u1ea1o: g\u1ea1o n\u1ebfp; g\u1ea1o t\u1ebb..<\/li>\n<li>Nghi\u1ec1n d\u01b0\u1ee3c li\u1ec7u: b\u1ed9t ngh\u1ec7, b\u1ed9t g\u1eebng..<\/li>\n<li>Nghi\u1ec1n gia v\u1ecb: \u0111\u01b0\u1eddng, h\u1ea1t ti\u00eau, \u1edbt kh\u00f4..<\/li>\n<\/ul>\n<h2>C\u1ea5u t\u1ea1o m\u00e1y nghi\u1ec1n gia v\u1ecb GV12<\/h2>\n<h3>Ch\u1ea5t li\u1ec7u inox<\/h3>\n<p>Thu\u1ed9c d\u00f2ng m\u00e1y ch\u1ebf bi\u1ebfn th\u1ef1c ph\u1ea9m, m\u00e1y \u0111\u01b0\u1ee3c l\u00e0m b\u1eb1ng ch\u1ea5t li\u1ec7u inox cao c\u1ea5p kh\u00f4ng g\u00e2y han g\u1ec9 \u0111\u1ea3m b\u1ea3o v\u1ec7 sinh an to\u00e0n th\u1ef1c ph\u1ea9m<\/p>\n<p><img loading=\"lazy\" decoding=\"async\" class=\"aligncenter wp-image-9555 size-full\" src=\"https:\/\/congtybinhminh.com\/wp-content\/uploads\/2024\/04\/cau-tao-may-nghien-gia-vi-gv12-copy_result222.webp\" alt=\"cau-tao-may-nghien-gia-vi-gv12 copy_result222\" width=\"800\" height=\"638\" srcset=\"https:\/\/congtybinhminh.com\/wp-content\/uploads\/2024\/04\/cau-tao-may-nghien-gia-vi-gv12-copy_result222.webp 800w, https:\/\/congtybinhminh.com\/wp-content\/uploads\/2024\/04\/cau-tao-may-nghien-gia-vi-gv12-copy_result222-502x400.webp 502w, https:\/\/congtybinhminh.com\/wp-content\/uploads\/2024\/04\/cau-tao-may-nghien-gia-vi-gv12-copy_result222-768x612.webp 768w, https:\/\/congtybinhminh.com\/wp-content\/uploads\/2024\/04\/cau-tao-may-nghien-gia-vi-gv12-copy_result222-510x407.webp 510w\" sizes=\"auto, (max-width: 800px) 100vw, 800px\" \/><\/p>\n<p>Ch\u00e2n m\u00e1y l\u1eafp \u0111\u1eb7t 4 b\u00e1nh xe xoay 350 \u0111\u1ed9 linh ho\u1ea1t thu\u1eadn ti\u1ec7n di chuy\u1ec3n. 2 b\u00e1nh xe ph\u00eda tr\u01b0\u1edbc c\u00f3 ch\u1ed1t c\u1ed1 \u0111\u1ecbnh ch\u1eafc ch\u1eafn kh\u00f4ng g\u00e2y rung l\u1eafc trong qu\u00e1 tr\u00ecnh v\u1eadn h\u00e0nh m\u00e1y<\/p>\n<p>Ph\u00eda tr\u01b0\u1edbc c\u1eeda n\u1ea1p c\u00f3 t\u00e2m ch\u1eafn thu\u1eadn ti\u1ec7n cho ng\u01b0\u1eddi d\u00f9ng \u0111i\u1ec1u ch\u1ec9nh l\u01b0\u1ee3ng nguy\u00ean li\u1ec7u trong qu\u00e1 tr\u00ecnh nghi\u1ec1n<\/p>\n<h3>Bu\u1ed3ng l\u00e0m vi\u1ec7c<\/h3>\n<p>H\u1ec7 th\u1ed1ng bu\u1ed3ng l\u00e0m vi\u1ec7c c\u1ee7a m\u00e1y g\u1ed3m 7 \u0111\u0129a nghi\u1ec1n v\u00e0 18 b\u00faa \u0111\u1eadp v\u1ee1 th\u00e0nh m\u00e1y v\u00e0 nghi\u1ec1n ch\u00fang v\u1edbi m\u1eb7t s\u00e0ng t\u1ea1o th\u00e0nh b\u1ed9t \u0111i qua l\u1ed7 s\u00e0ng tho\u00e1t ra ngo\u00e0i<img loading=\"lazy\" decoding=\"async\" class=\"aligncenter wp-image-9556 size-full\" src=\"https:\/\/congtybinhminh.com\/wp-content\/uploads\/2024\/04\/may-nghien-bua_result222.webp\" alt=\"may-nghien-bua_result222\" width=\"800\" height=\"1092\" srcset=\"https:\/\/congtybinhminh.com\/wp-content\/uploads\/2024\/04\/may-nghien-bua_result222.webp 800w, https:\/\/congtybinhminh.com\/wp-content\/uploads\/2024\/04\/may-nghien-bua_result222-293x400.webp 293w, https:\/\/congtybinhminh.com\/wp-content\/uploads\/2024\/04\/may-nghien-bua_result222-586x800.webp 586w, https:\/\/congtybinhminh.com\/wp-content\/uploads\/2024\/04\/may-nghien-bua_result222-768x1048.webp 768w, https:\/\/congtybinhminh.com\/wp-content\/uploads\/2024\/04\/may-nghien-bua_result222-510x696.webp 510w\" sizes=\"auto, (max-width: 800px) 100vw, 800px\" \/><\/p>\n<p>T\u00f9y v\u00e0o nhu c\u1ea7u \u0111\u1ed9 m\u1ecbn c\u1ee7a th\u00e0nh ph\u1ea9m, ng\u01b0\u1eddi d\u00f9ng c\u00f3 th\u1ec3 l\u1eafp \u0111\u1eb7t m\u1eb7t s\u00e0ng 1ly; 2ly; 3ly; 4ly trong m\u00e1y<\/p>\n<p><img loading=\"lazy\" decoding=\"async\" class=\"aligncenter wp-image-9557 size-full\" src=\"https:\/\/congtybinhminh.com\/wp-content\/uploads\/2024\/04\/mat-sang-may-nghien_result222-1.webp\" alt=\"mat-sang-may-nghien_result222\" width=\"800\" height=\"540\" srcset=\"https:\/\/congtybinhminh.com\/wp-content\/uploads\/2024\/04\/mat-sang-may-nghien_result222-1.webp 800w, https:\/\/congtybinhminh.com\/wp-content\/uploads\/2024\/04\/mat-sang-may-nghien_result222-1-593x400.webp 593w, https:\/\/congtybinhminh.com\/wp-content\/uploads\/2024\/04\/mat-sang-may-nghien_result222-1-768x518.webp 768w, https:\/\/congtybinhminh.com\/wp-content\/uploads\/2024\/04\/mat-sang-may-nghien_result222-1-510x344.webp 510w\" sizes=\"auto, (max-width: 800px) 100vw, 800px\" \/><\/p>\n<p>M\u1eb7t s\u00e0ng s\u1ebd s\u00e0ng l\u1ecdc h\u1ea1t b\u1ed9t m\u1ecbn c\u00f3 k\u00edch th\u01b0\u1edbc nh\u1ecf t\u01b0\u01a1ng \u1ee9ng \u0111i qua cho th\u00e0nh ph\u1ea9m \u0111\u1ea1t \u0111\u1ed9 \u0111\u1ed3ng \u0111\u1ec1u<\/p>\n<h3>H\u1ec7 th\u1ed1ng b\u1ea3ng \u0111i\u1ec1u khi\u1ec3n<\/h3>\n<p>M\u00e1y nghi\u1ec1n gia v\u1ecb GV12 ho\u1ea1t \u0111\u1ed9ng th\u00f4ng qua b\u1ea3ng \u0111i\u1ec1u khi\u1ec3n tr\u1ef1c quan v\u00e0 d\u1ec5 s\u1eed d\u1ee5ng, bao g\u1ed3m;<\/p>\n<p><img loading=\"lazy\" decoding=\"async\" class=\"aligncenter wp-image-9558 size-full\" src=\"https:\/\/congtybinhminh.com\/wp-content\/uploads\/2024\/04\/bang-dieu-khien-may-nghien_result222.webp\" alt=\"bang-dieu-khien-may-nghien_result222\" width=\"800\" height=\"442\" srcset=\"https:\/\/congtybinhminh.com\/wp-content\/uploads\/2024\/04\/bang-dieu-khien-may-nghien_result222.webp 800w, https:\/\/congtybinhminh.com\/wp-content\/uploads\/2024\/04\/bang-dieu-khien-may-nghien_result222-724x400.webp 724w, https:\/\/congtybinhminh.com\/wp-content\/uploads\/2024\/04\/bang-dieu-khien-may-nghien_result222-768x424.webp 768w, https:\/\/congtybinhminh.com\/wp-content\/uploads\/2024\/04\/bang-dieu-khien-may-nghien_result222-510x282.webp 510w\" sizes=\"auto, (max-width: 800px) 100vw, 800px\" \/><\/p>\n<ul>\n<li>C\u00f4ng t\u1eafc aptomat<\/li>\n<li>N\u00fat b\u1eadt\/t\u1eaft kh\u1edfi \u0111\u1ed9ng m\u00e1y<\/li>\n<li>\u0110\u1ec1n b\u00e1o hi\u1ec3n th\u1ecb ngu\u1ed3n \u0111i\u1ec7n \u0111ang s\u1eed d\u1ee5ng<\/li>\n<\/ul>\n<h3>\u0110\u1ed9ng c\u01a1 l\u00f5i d\u00e2y \u0111\u1ed3ng 100%<\/h3>\n<p>M\u00e1y nghi\u1ec1n b\u1ed9t 1 pha s\u1eed d\u1ee5ng \u0111\u1ed9ng c\u01a1 3,5kw t\u1ed1c \u0111\u1ed9 2900 v\u00f2ng\/ph\u00fat<\/p>\n<p><img loading=\"lazy\" decoding=\"async\" class=\"aligncenter wp-image-9560 size-full\" src=\"https:\/\/congtybinhminh.com\/wp-content\/uploads\/2024\/04\/may-nghien-bot-ot-kho_result222.webp\" alt=\"may-nghien-bot-ot-kho_result222\" width=\"800\" height=\"600\" srcset=\"https:\/\/congtybinhminh.com\/wp-content\/uploads\/2024\/04\/may-nghien-bot-ot-kho_result222.webp 800w, https:\/\/congtybinhminh.com\/wp-content\/uploads\/2024\/04\/may-nghien-bot-ot-kho_result222-533x400.webp 533w, https:\/\/congtybinhminh.com\/wp-content\/uploads\/2024\/04\/may-nghien-bot-ot-kho_result222-768x576.webp 768w, https:\/\/congtybinhminh.com\/wp-content\/uploads\/2024\/04\/may-nghien-bot-ot-kho_result222-510x383.webp 510w\" sizes=\"auto, (max-width: 800px) 100vw, 800px\" \/><\/p>\n<p>D\u00e2y curoa k\u1ebft n\u1ed1i gi\u1eefa c\u00e1c buly truy\u1ec1n l\u1ef1c t\u1eeb \u0111\u1ed9ng c\u01a1 buly m\u00e1y v\u00e0o bu\u1ed3ng nghi\u1ec1n cho n\u0103ng su\u1ea5t \u0111\u1ea1t t\u1eeb 80 &#8211; 150 kg\/gi\u1edd (t\u00f9y thu\u1ed9c v\u00e0o nguy\u00ean li\u1ec7u v\u00e0 m\u1eb7t s\u00e0ng l\u1eafp trong m\u00e1y)<\/p>\n<h2>\u0110\u1ecba ch\u1ec9 mua m\u00e1y nghi\u1ec1n gia v\u1ecb ch\u00ednh h\u00e3ng<\/h2>\n<p>\u0110\u1ec3 \u0111\u1eb7t mua h\u00e0ng ch\u00ednh h\u00e3ng, b\u00e0 con c\u00f3 th\u1ec3 \u0111\u1ebfn tr\u1ee5 s\u1edf g\u1ea7n nh\u1ea5t c\u1ee7a c\u00f4ng ty \u0111\u1ec3 xem v\u00e0 \u0111\u1eb7t mua h\u00e0ng:<\/p>\n<ul>\n<li>Tr\u1ee5 s\u1edf ch\u00ednh: p. L\u00ea L\u1ee3i &#8211; Tx S\u01a1n T\u00e2y &#8211; H\u00e0 N\u1ed9i<\/li>\n<li>Chi nh\u00e1nh 1: kv 11 &#8211; p. H\u1ee9ng Ph\u00fa &#8211; Q, C\u00e1i R\u0103ng &#8211; TP C\u1ea7n Th\u01a1<\/li>\n<li>Chi nh\u00e1nh 2: x\u00e3 T\u00e2n Ki\u00ean &#8211; H. B\u00ecnh Ch\u00e1nh &#8211; Tp H\u1ed3 Ch\u00ed Minh<\/li>\n<\/ul>\n<p><img loading=\"lazy\" decoding=\"async\" class=\"aligncenter wp-image-9561 size-full\" src=\"https:\/\/congtybinhminh.com\/wp-content\/uploads\/2024\/04\/dia-chi-ban-may-nghien-copy-2_result222.webp\" alt=\"dia-chi-ban-may-nghien copy 2_result222\" width=\"800\" height=\"961\" srcset=\"https:\/\/congtybinhminh.com\/wp-content\/uploads\/2024\/04\/dia-chi-ban-may-nghien-copy-2_result222.webp 800w, https:\/\/congtybinhminh.com\/wp-content\/uploads\/2024\/04\/dia-chi-ban-may-nghien-copy-2_result222-333x400.webp 333w, https:\/\/congtybinhminh.com\/wp-content\/uploads\/2024\/04\/dia-chi-ban-may-nghien-copy-2_result222-666x800.webp 666w, https:\/\/congtybinhminh.com\/wp-content\/uploads\/2024\/04\/dia-chi-ban-may-nghien-copy-2_result222-768x923.webp 768w, https:\/\/congtybinhminh.com\/wp-content\/uploads\/2024\/04\/dia-chi-ban-may-nghien-copy-2_result222-510x613.webp 510w\" sizes=\"auto, (max-width: 800px) 100vw, 800px\" \/><\/p>\n<p>Khi \u0111\u1ebfn \u0111\u00e2y, b\u00e0 con s\u1ebd \u0111\u01b0\u1ee3c th\u1eed nghi\u1ec7m v\u1eadn h\u00e0nh m\u00e1y d\u01b0\u1edbi s\u1ef1 h\u01b0\u1edbng d\u1eabn c\u1ee7a \u0111\u1ed9i ng\u0169 k\u1ef9 thu\u1eadt<\/p>\n<p>\u0110\u1ed1i v\u1edbi b\u00e0 con \u1edf xa, c\u00f3 th\u1ec3 li\u00ean h\u1ec7 t\u1edbi s\u1ed1 \u0111i\u1ec7n tho\u1ea1i Hotline tr\u00ean website ho\u1eb7c \u0111\u1ec3 l\u1ea1i l\u1eddi nh\u1eafn \u0111\u1ed9i ng\u0169 t\u01b0 v\u1ea5n s\u1ebd li\u00ean h\u1ec7 t\u1edbi b\u00e0 con trong th\u1eddi gian s\u1edbm nh\u1ea5t<\/p>\n<p><strong>Th\u00f4ng s\u1ed1 k\u1ef9 thu\u1eadt<\/strong><\/p>\n<table border=\"1\" cellspacing=\"1\" cellpadding=\"1\">\n<tbody>\n<tr>\n<td colspan=\"1\" rowspan=\"3\">\u0110\u1ed9ng c\u01a1<\/td>\n<td>C\u00f4ng su\u1ea5t \u0111\u1ed9ng c\u01a1<\/td>\n<td>3.5kw<\/td>\n<\/tr>\n<tr>\n<td>Ngu\u1ed3n \u0111i\u1ec7n<\/td>\n<td>220V<\/td>\n<\/tr>\n<tr>\n<td>T\u1ed1c \u0111\u1ed9<\/td>\n<td>\u00a02900 v\/p<\/td>\n<\/tr>\n<tr>\n<td colspan=\"1\" rowspan=\"2\">B\u1ea3o h\u00e0nh<\/td>\n<td>K\u1ef9 thu\u1eadt<\/td>\n<td>\u00a006 th\u00e1ng<\/td>\n<\/tr>\n<tr>\n<td>\u0110\u1ed9ng c\u01a1<\/td>\n<td>Theo t\u1eebng h\u00e3ng s\u1ea3n xu\u1ea5t<\/td>\n<\/tr>\n<tr>\n<td>N\u0103ng su\u1ea5t<\/td>\n<td colspan=\"2\" rowspan=\"1\">80 &#8211; 150 kg<\/td>\n<\/tr>\n<tr>\n<td>K\u00edch th\u01b0\u1edbc (d*c*r)<\/td>\n<td colspan=\"2\" rowspan=\"1\">75*105*55 cm<\/td>\n<\/tr>\n<tr>\n<td>H\u00ecnh th\u1ee9c thanh to\u00e1n<\/td>\n<td colspan=\"2\" rowspan=\"1\">Ti\u1ec1n m\u1eb7t ho\u1eb7c chuy\u1ec3n kho\u1ea3n<\/td>\n<\/tr>\n<\/tbody>\n<\/table>\n","protected":false},"excerpt":{"rendered":"<ul>\n<li><strong>H\u00e3ng s\u1ea3n xu\u1ea5t:\u00a0<\/strong>B\u00ecnh Minh<\/li>\n<li><strong>C\u00f4ng su\u1ea5t \u0111\u1ed9ng c\u01a1:<\/strong>\u00a03,5kw<\/li>\n<li><strong>T\u1ed1c \u0111\u1ed9:<\/strong>\u00a02900 v\u00f2ng\/ph\u00fat<\/li>\n<li><strong>Ngu\u1ed3n \u0111i\u1ec7n:<\/strong>\u00a0220V<\/li>\n<li><strong>N\u0103ng su\u1ea5t:<\/strong>\u00a080 &#8211; 150 kg\/gi\u1edd<\/li>\n<li><strong>K\u00edch th\u01b0\u1edbc (d*c*r):<\/strong>\u00a075*105*55 cm<\/li>\n<li><strong>T\u00ednh n\u0103ng:<\/strong>\u00a0m\u00e1y chuy\u00ean nghi\u1ec1n c\u00e1c lo\u1ea1i n\u00f4ng ph\u1ea9m kh\u00f4, gia v\u1ecb kh\u00f4.. th\u00e0nh d\u1ea1ng b\u1ed9t<\/li>\n<\/ul>\n","protected":false},"featured_media":9547,"comment_status":"closed","ping_status":"closed","template":"","meta":[],"product_brand":[],"product_cat":[195],"product_tag":[],"class_list":{"0":"post-9546","1":"product","2":"type-product","3":"status-publish","4":"has-post-thumbnail","6":"product_cat-may-nghien-sieu-min","8":"first","9":"instock","10":"shipping-taxable","11":"product-type-simple"},"_links":{"self":[{"href":"https:\/\/congtybinhminh.com\/index.php?rest_route=\/wp\/v2\/product\/9546","targetHints":{"allow":["GET"]}}],"collection":[{"href":"https:\/\/congtybinhminh.com\/index.php?rest_route=\/wp\/v2\/product"}],"about":[{"href":"https:\/\/congtybinhminh.com\/index.php?rest_route=\/wp\/v2\/types\/product"}],"replies":[{"embeddable":true,"href":"https:\/\/congtybinhminh.com\/index.php?rest_route=%2Fwp%2Fv2%2Fcomments&post=9546"}],"wp:featuredmedia":[{"embeddable":true,"href":"https:\/\/congtybinhminh.com\/index.php?rest_route=\/wp\/v2\/media\/9547"}],"wp:attachment":[{"href":"https:\/\/congtybinhminh.com\/index.php?rest_route=%2Fwp%2Fv2%2Fmedia&parent=9546"}],"wp:term":[{"taxonomy":"product_brand","embeddable":true,"href":"https:\/\/congtybinhminh.com\/index.php?rest_route=%2Fwp%2Fv2%2Fproduct_brand&post=9546"},{"taxonomy":"product_cat","embeddable":true,"href":"https:\/\/congtybinhminh.com\/index.php?rest_route=%2Fwp%2Fv2%2Fproduct_cat&post=9546"},{"taxonomy":"product_tag","embeddable":true,"href":"https:\/\/congtybinhminh.com\/index.php?rest_route=%2Fwp%2Fv2%2Fproduct_tag&post=9546"}],"curies":[{"name":"wp","href":"https:\/\/api.w.org\/{rel}","templated":true}]}}