{"id":9532,"date":"2024-04-03T15:00:38","date_gmt":"2024-04-03T08:00:38","guid":{"rendered":"https:\/\/congtybinhminh.com\/?post_type=product&#038;p=9532"},"modified":"2024-04-04T07:28:21","modified_gmt":"2024-04-04T00:28:21","slug":"may-nghien-inox-200-2-buong","status":"publish","type":"product","link":"https:\/\/congtybinhminh.com\/?product=may-nghien-inox-200-2-buong","title":{"rendered":"M\u00e1y nghi\u1ec1n inox 200 &#8211; 2 bu\u1ed3ng"},"content":{"rendered":"<h2>Video ho\u1ea1t \u0111\u1ed9ng c\u1ee7a m\u00e1y<\/h2>\n<p><iframe loading=\"lazy\" title=\"M\u00e1y Nghi\u1ec1n B\u1ed9t Inox 200 - 2 Bu\u1ed3ng T\u00edch H\u1ee3p Nghi\u1ec1n Ph\u00e1 Nghi\u1ec1n M\u1ecbn Trong C\u00f9ng 1 M\u00e1y\" width=\"1020\" height=\"574\" src=\"https:\/\/www.youtube.com\/embed\/raUkRCcz1qE?feature=oembed\" frameborder=\"0\" allow=\"accelerometer; autoplay; clipboard-write; encrypted-media; gyroscope; picture-in-picture; web-share\" referrerpolicy=\"strict-origin-when-cross-origin\" allowfullscreen><\/iframe><\/p>\n<h2>Gi\u1edbi thi\u1ec7u m\u00e1y nghi\u1ec1n inox 200 &#8211; 2 bu\u1ed3ng<\/h2>\n<p>M\u00e1y nghi\u1ec1n inox 200 &#8211; 2 bu\u1ed3ng thi\u1ebft b\u1ecb nghi\u1ec1n b\u1ed9t si\u00eau m\u1ecbn do c\u00f4ng ty B\u00ecnh Minh s\u1ea3n xu\u1ea5t v\u1edbi n\u1eafng su\u1ea5t \u0111\u1ea1t 25 &#8211; 30 kg\/gi\u1edd<\/p>\n<p><img loading=\"lazy\" decoding=\"async\" class=\"aligncenter wp-image-9538 size-full\" src=\"https:\/\/congtybinhminh.com\/wp-content\/uploads\/2024\/04\/may-nghien-inox-200-2-buong-binh-minh_result222.webp\" alt=\"may-nghien-inox-200-2-buong-binh-minh_result222\" width=\"800\" height=\"1079\" srcset=\"https:\/\/congtybinhminh.com\/wp-content\/uploads\/2024\/04\/may-nghien-inox-200-2-buong-binh-minh_result222.webp 800w, https:\/\/congtybinhminh.com\/wp-content\/uploads\/2024\/04\/may-nghien-inox-200-2-buong-binh-minh_result222-297x400.webp 297w, https:\/\/congtybinhminh.com\/wp-content\/uploads\/2024\/04\/may-nghien-inox-200-2-buong-binh-minh_result222-593x800.webp 593w, https:\/\/congtybinhminh.com\/wp-content\/uploads\/2024\/04\/may-nghien-inox-200-2-buong-binh-minh_result222-768x1036.webp 768w, https:\/\/congtybinhminh.com\/wp-content\/uploads\/2024\/04\/may-nghien-inox-200-2-buong-binh-minh_result222-510x688.webp 510w\" sizes=\"auto, (max-width: 800px) 100vw, 800px\" \/><\/p>\n<p>Th\u00edch h\u1ee3p s\u1eed d\u1ee5ng t\u1ea1i c\u00e1c h\u1ed9 gia \u0111\u00ecnh, c\u01a1 s\u1edf ch\u1ebf bi\u1ebfn th\u1ef1c ph\u1ea9m quy m\u00f4 v\u1eeba v\u00e0 nh\u1ecf<\/p>\n<p>Phi\u00ean b\u1ea3n m\u00e1y nghi\u1ec1n th\u1ebf h\u1ec7 m\u1edbi k\u1ebft h\u1ee3p &#8221; bu\u1ed3ng \u0111\u1eadp v\u00e0 bu\u1ed3ng nghi\u1ec1n&#8221; trong 1 m\u00e1y. Mang l\u1ea1i s\u1ef1 ti\u1ec7n l\u1ee3i v\u00e0 \u1ee9ng d\u1ee5ng \u0111\u01b0\u1ee3c trong nhi\u1ec1u l\u0129nh v\u1ef1c:<\/p>\n<p><img loading=\"lazy\" decoding=\"async\" class=\"aligncenter wp-image-9542 size-full\" src=\"https:\/\/congtybinhminh.com\/wp-content\/uploads\/2024\/04\/may-nghien-bot-que_result222.webp\" alt=\"may-nghien-bot-que_result222\" width=\"800\" height=\"1559\" srcset=\"https:\/\/congtybinhminh.com\/wp-content\/uploads\/2024\/04\/may-nghien-bot-que_result222.webp 800w, https:\/\/congtybinhminh.com\/wp-content\/uploads\/2024\/04\/may-nghien-bot-que_result222-205x400.webp 205w, https:\/\/congtybinhminh.com\/wp-content\/uploads\/2024\/04\/may-nghien-bot-que_result222-411x800.webp 411w, https:\/\/congtybinhminh.com\/wp-content\/uploads\/2024\/04\/may-nghien-bot-que_result222-768x1497.webp 768w, https:\/\/congtybinhminh.com\/wp-content\/uploads\/2024\/04\/may-nghien-bot-que_result222-788x1536.webp 788w, https:\/\/congtybinhminh.com\/wp-content\/uploads\/2024\/04\/may-nghien-bot-que_result222-510x994.webp 510w\" sizes=\"auto, (max-width: 800px) 100vw, 800px\" \/><\/p>\n<ul>\n<li>Nghi\u1ec1n b\u1ed9t g\u1ea1o tr\u1ebb em: g\u1ea1o t\u1ebb; g\u1ea1o n\u1ebfp; g\u1ea1o l\u1ee9t&#8230;<\/li>\n<li>Nghi\u1ec1n b\u1ed9t ng\u0169 c\u1ed1c: h\u1ea1t \u0111\u1ed7 \u0111en; \u0111\u1ed7 xanh; \u0111\u1eadu \u0111\u1ecf..<\/li>\n<li>Nghi\u1ec1n b\u1ed9t d\u01b0\u1ee3c li\u1ec7u: l\u00e1t gh\u1ec7 kh\u00f4; l\u00e1t g\u1eebng kh\u00f4..<\/li>\n<li>Nghi\u1ec1n b\u1ed9t \u1edbt..<\/li>\n<\/ul>\n<h2>C\u1ea5u t\u1ea1o m\u00e1y nghi\u1ec1n inox 200 &#8211; 2 bu\u1ed3ng<\/h2>\n<p>M\u00e1y thi\u1ebft k\u1ebf d\u00e1ng \u0111\u1ee9ng nh\u1ecf g\u1ecdn, kh\u00f4ng chi\u1ebfm nhi\u1ec1u di\u1ec7n t\u00edch. V\u1edbi ph\u1ea7n khung m\u00e1y \u0111\u01b0\u1ee3c l\u00e0m b\u1eb1ng inox cao c\u1ea5p kh\u00f4ng g\u00e2y han g\u1ec9 trong qu\u00e1 tr\u00ecnh ho\u1ea1t \u0111\u1ed9ng<\/p>\n<p><img loading=\"lazy\" decoding=\"async\" class=\"aligncenter wp-image-9539 size-full\" src=\"https:\/\/congtybinhminh.com\/wp-content\/uploads\/2024\/04\/cau-tao-may-nghien-inox-200-2-buong_result222.webp\" alt=\"cau-tao-may-nghien-inox-200-2-buong_result222\" width=\"800\" height=\"600\" srcset=\"https:\/\/congtybinhminh.com\/wp-content\/uploads\/2024\/04\/cau-tao-may-nghien-inox-200-2-buong_result222.webp 800w, https:\/\/congtybinhminh.com\/wp-content\/uploads\/2024\/04\/cau-tao-may-nghien-inox-200-2-buong_result222-533x400.webp 533w, https:\/\/congtybinhminh.com\/wp-content\/uploads\/2024\/04\/cau-tao-may-nghien-inox-200-2-buong_result222-768x576.webp 768w, https:\/\/congtybinhminh.com\/wp-content\/uploads\/2024\/04\/cau-tao-may-nghien-inox-200-2-buong_result222-510x383.webp 510w\" sizes=\"auto, (max-width: 800px) 100vw, 800px\" \/><\/p>\n<p>Ch\u00e2n m\u00e1y l\u1eafp \u0111\u1eb7t 4 b\u00e1nh xe thu\u1eadn ti\u1ec7n di chuy\u1ec3n v\u1ecb tr\u00ed \u0111\u1eb7t m\u00e1y<\/p>\n<h3>Toa n\u1ea1p nguy\u00ean li\u1ec7u<\/h3>\n<p>Toa n\u1ea1p nguy\u00ean li\u1ec7u thi\u1ebft k\u1ebf m\u00e1ng n\u1eb1m ngang, khoang ch\u1ee9a r\u1ed9ng v\u1edbi s\u1ee9c ch\u1ee9a kho\u1ea3ng 3-5kg\/m\u1ebb ( t\u00f9y nguy\u00ean li\u1ec7u)<\/p>\n<p><img loading=\"lazy\" decoding=\"async\" class=\"aligncenter wp-image-9544 size-full\" src=\"https:\/\/congtybinhminh.com\/wp-content\/uploads\/2024\/04\/may-nghien-inox-200-2-buong-1-pha_result222.webp\" alt=\"may-nghien-inox-200-2-buong-1-pha_result222\" width=\"800\" height=\"508\" srcset=\"https:\/\/congtybinhminh.com\/wp-content\/uploads\/2024\/04\/may-nghien-inox-200-2-buong-1-pha_result222.webp 800w, https:\/\/congtybinhminh.com\/wp-content\/uploads\/2024\/04\/may-nghien-inox-200-2-buong-1-pha_result222-630x400.webp 630w, https:\/\/congtybinhminh.com\/wp-content\/uploads\/2024\/04\/may-nghien-inox-200-2-buong-1-pha_result222-768x488.webp 768w, https:\/\/congtybinhminh.com\/wp-content\/uploads\/2024\/04\/may-nghien-inox-200-2-buong-1-pha_result222-510x324.webp 510w\" sizes=\"auto, (max-width: 800px) 100vw, 800px\" \/><\/p>\n<p>Ph\u00eda tr\u01b0\u1edbc c\u1eeda n\u1ea1p c\u00f3 t\u1ea5m ch\u1eafn thu\u1eadn ti\u1ec7n cho ng\u01b0\u1eddi d\u00f9ng \u0111i\u1ec1u ch\u1ec9nh l\u01b0\u1ee3ng nguy\u00ean li\u1ec7u trong qu\u00e1 tr\u00ecnh ho\u1ea1t \u0111\u1ed9ng<\/p>\n<p>Tr\u00e1nh kh\u00f4ng \u0111\u1ec3 nguy\u00ean li\u1ec7u nghi\u1ec1n qu\u00e1 nhi\u1ec1u ho\u1eb7c qu\u00e1 \u00edt l\u00e0m t\u1eafc ngh\u1eb9n m\u00e1y<\/p>\n<h3>Bu\u1ed3ng l\u00e0m vi\u1ec7c<\/h3>\n<p>H\u1ec7 th\u1ed1ng bu\u1ed3ng l\u00e0m vi\u1ec7c thi\u1ebft k\u1ebf r\u1ed9ng v\u1edbi 2 bu\u1ed3ng nghi\u1ec1n th\u1ebf h\u1ec7 m\u1edbi, khi m\u00e1y ho\u1ea1t \u0111\u1ed9ng c\u00e1c c\u00e1nh qu\u1ea1t s\u1ebd \u0111\u1eadp v\u1ee1 v\u00e0 nghi\u1ec1n nguy\u00ean li\u1ec7u v\u1edbi m\u1eb7t s\u00e0ng \u0111\u1ebfn khi \u0111\u1ea1t ti\u00eau chu\u1ea9n<\/p>\n<p>Ph\u00eda tr\u01b0\u1edbc l\u00e0 bu\u1ed3ng ph\u00e1: v\u1edbi 4 c\u00e1nh qu\u1ea1t ng\u1eafn xoay tr\u00f2n \u0111\u1eadp v\u1ee1 nguy\u00ean li\u1ec7u v\u1edbi nh\u1eefng thanh b\u00faa t\u00ednh g\u1eafn xung quanh tr\u00ean th\u00e0nh m\u00e1y<\/p>\n<p>Khi h\u1ea1t v\u1ee1 c\u00f3 k\u00edch th\u01b0\u1edbc t\u01b0\u01a1ng \u0111\u1ed3ng s\u1ebd \u0111i qua m\u1eb7t s\u00e0ng l\u1ecdc ti\u1ebfp t\u1ee5c sang bu\u1ed3ng nghi\u1ec1n ph\u00eda sau<\/p>\n<p><img loading=\"lazy\" decoding=\"async\" class=\"aligncenter wp-image-9543 size-full\" src=\"https:\/\/congtybinhminh.com\/wp-content\/uploads\/2024\/04\/may-nghien-bua-bot_result222.webp\" alt=\"may-nghien-bua-bot_result222\" width=\"800\" height=\"1481\" srcset=\"https:\/\/congtybinhminh.com\/wp-content\/uploads\/2024\/04\/may-nghien-bua-bot_result222.webp 800w, https:\/\/congtybinhminh.com\/wp-content\/uploads\/2024\/04\/may-nghien-bua-bot_result222-216x400.webp 216w, https:\/\/congtybinhminh.com\/wp-content\/uploads\/2024\/04\/may-nghien-bua-bot_result222-432x800.webp 432w, https:\/\/congtybinhminh.com\/wp-content\/uploads\/2024\/04\/may-nghien-bua-bot_result222-768x1422.webp 768w, https:\/\/congtybinhminh.com\/wp-content\/uploads\/2024\/04\/may-nghien-bua-bot_result222-510x944.webp 510w\" sizes=\"auto, (max-width: 800px) 100vw, 800px\" \/><\/p>\n<p>Ph\u00eda sau l\u00e0 bu\u1ed3ng nghi\u1ec1n: v\u1edbi 6 c\u00e1nh qu\u1ea1t d\u00e0i ti\u1ebfp t\u1ee5c nghi\u1ec1n nguy\u00ean li\u1ec7u \u0111\u00e3 \u0111\u01b0\u1ee3c \u0111\u1eadp v\u1ee1 th\u00e0nh b\u1ed9t v\u1edbi nh\u1eefng thanh b\u00faa t\u0129nh v\u00e0 m\u1eb7t s\u00e0ng<\/p>\n<p>\u0110\u1ebfn khi th\u00e0nh ph\u1ea9m \u0111\u1ea1t ti\u00eau chu\u1ea9n theo l\u1ed7 s\u00e0ng tho\u00e1t ra ngo\u00e0i<\/p>\n<p>M\u1eb7t s\u00e0ng nghi\u1ec1n m\u1ecbn l\u1eafp ph\u00eda d\u01b0\u1edbi bu\u1ed3ng nghi\u1ec1n, b\u1ea1n c\u00f3 th\u1ec3 thay \u0111\u1ed5i c\u1ee1 s\u00e0ng l\u1eafp trong m\u00e1y ( v\u00ed d\u1ee5 s\u00e0ng: 0,2ly; 0,3ly; 0,4ly..) cho ra \u0111\u1ed9 m\u1ecbn th\u00e0nh ph\u1ea9m kh\u00e1c nhau<\/p>\n<p><img loading=\"lazy\" decoding=\"async\" class=\"aligncenter wp-image-9541 size-full\" src=\"https:\/\/congtybinhminh.com\/wp-content\/uploads\/2024\/04\/mat-sang-may-nghien_result222.webp\" alt=\"mat-sang-may-nghien_result222\" width=\"800\" height=\"508\" srcset=\"https:\/\/congtybinhminh.com\/wp-content\/uploads\/2024\/04\/mat-sang-may-nghien_result222.webp 800w, https:\/\/congtybinhminh.com\/wp-content\/uploads\/2024\/04\/mat-sang-may-nghien_result222-630x400.webp 630w, https:\/\/congtybinhminh.com\/wp-content\/uploads\/2024\/04\/mat-sang-may-nghien_result222-768x488.webp 768w, https:\/\/congtybinhminh.com\/wp-content\/uploads\/2024\/04\/mat-sang-may-nghien_result222-510x324.webp 510w\" sizes=\"auto, (max-width: 800px) 100vw, 800px\" \/><\/p>\n<p>Th\u00e0nh ph\u1ea9m sau khi nghi\u1ec1n s\u1ebd \u0111\u01b0\u1ee3c \u0111\u01b0a tr\u1ef1c ti\u1ebfp xu\u1ed1ng c\u1eeda x\u1ea3, xung quanh mi\u1ec7ng toa \u0111\u01b0\u1ee3c bu\u1ed9c ch\u1eb7t b\u1eb1ng t\u00fai v\u1ea3i \u0111\u1ec3 thu gom th\u00e0nh ph\u1ea9m v\u00e0 tr\u00e1nh th\u1ea5t tho\u00e1t b\u1ee5i ra ngo\u00e0i<\/p>\n<h3>H\u1ec7 th\u1ed1ng b\u1ea3ng \u0111i\u1ec1u khi\u1ec3n<\/h3>\n<p>M\u00e1y nghi\u1ec1n inox 200 &#8211; 2 bu\u1ed3ng ho\u1ea1t \u0111\u1ed9ng th\u00f4ng qua h\u1ec7 th\u1ed1ng b\u1ea3ng \u0111i\u1ec1u khi\u1ec3n tr\u1ef1c quan d\u1ec5 s\u1eed d\u1ee5ng, bao g\u1ed3m:<\/p>\n<p><img loading=\"lazy\" decoding=\"async\" class=\"aligncenter wp-image-9540 size-full\" src=\"https:\/\/congtybinhminh.com\/wp-content\/uploads\/2024\/04\/bang-dieu-khien-may-nghien-inox-200_result222.webp\" alt=\"bang-dieu-khien-may-nghien-inox-200_result222\" width=\"800\" height=\"508\" srcset=\"https:\/\/congtybinhminh.com\/wp-content\/uploads\/2024\/04\/bang-dieu-khien-may-nghien-inox-200_result222.webp 800w, https:\/\/congtybinhminh.com\/wp-content\/uploads\/2024\/04\/bang-dieu-khien-may-nghien-inox-200_result222-630x400.webp 630w, https:\/\/congtybinhminh.com\/wp-content\/uploads\/2024\/04\/bang-dieu-khien-may-nghien-inox-200_result222-768x488.webp 768w, https:\/\/congtybinhminh.com\/wp-content\/uploads\/2024\/04\/bang-dieu-khien-may-nghien-inox-200_result222-510x324.webp 510w\" sizes=\"auto, (max-width: 800px) 100vw, 800px\" \/><\/p>\n<ul>\n<li>C\u00f4ng t\u1eafc aptomat<\/li>\n<li>N\u00fat t\u1eaft\/ b\u1eadt kh\u1edfi \u0111\u1ed9ng m\u00e1y<\/li>\n<li>\u0110\u00e8n b\u00e1o hi\u1ec7u ngu\u1ed3n \u0111i\u1ec7n \u0111ang s\u1eed d\u1ee5ng<\/li>\n<\/ul>\n<h3>\u0110\u1ed9ng c\u01a1 l\u00f5i d\u00e2y \u0111\u1ed3ng 100%<\/h3>\n<p>M\u00e1y nghi\u1ec1n inox 200 &#8211; 2 bu\u1ed3ng s\u1eed d\u1ee5ng \u0111\u1ed9ng c\u01a1 3,5kw ngu\u1ed3n \u0111i\u1ec7n 1 pha 220V motor l\u00f5i d\u00e2y \u0111\u1ed3ng 100% cho n\u0103ng su\u1ea5t \u0111\u1ea1t t\u1eeb 25 &#8211; 30 kg\/gi\u1edd<\/p>\n<p><img loading=\"lazy\" decoding=\"async\" class=\"aligncenter wp-image-9545 size-full\" src=\"https:\/\/congtybinhminh.com\/wp-content\/uploads\/2024\/04\/nghien-bot-nghe_result222.webp\" alt=\"nghien-bot-nghe_result222\" width=\"800\" height=\"600\" srcset=\"https:\/\/congtybinhminh.com\/wp-content\/uploads\/2024\/04\/nghien-bot-nghe_result222.webp 800w, https:\/\/congtybinhminh.com\/wp-content\/uploads\/2024\/04\/nghien-bot-nghe_result222-533x400.webp 533w, https:\/\/congtybinhminh.com\/wp-content\/uploads\/2024\/04\/nghien-bot-nghe_result222-768x576.webp 768w, https:\/\/congtybinhminh.com\/wp-content\/uploads\/2024\/04\/nghien-bot-nghe_result222-510x383.webp 510w\" sizes=\"auto, (max-width: 800px) 100vw, 800px\" \/><\/p>\n<h2>\u0110\u1ecba ch\u1ec9 mua m\u00e1y nghi\u1ec1n b\u1ed9t m\u1ecbn gi\u00e1 t\u1ed1t<\/h2>\n<p>\u0110\u1ec3 \u0111\u1ea1t mua h\u00e0ng ch\u00ednh h\u00e3ng, b\u00e0 con c\u00f3 th\u1ec3 \u0111\u1ebfn tr\u1ee5 s\u1edf g\u1ea7n nh\u1ea5t c\u1ee7a c\u00f4ng ty \u0111\u1ec3 xem v\u00e0 \u0111\u1eb7t mua h\u00e0ng:<\/p>\n<ul>\n<li>Tr\u1ee5 s\u1edf ch\u00ednh: p. L\u00ea L\u1ee3i &#8211; Tx S\u01a1n T\u00e2y &#8211; H\u00e0 N\u1ed9i<\/li>\n<li>Chi nh\u00e1nh 1: kv 11 &#8211; p. H\u01b0ng Ph\u00fa &#8211; Q. C\u00e1i R\u0103ng &#8211; Tp C\u1ea7n Th\u01a1<\/li>\n<li>Chi nh\u00e1nh 2: x\u00e3 T\u00e2n Ki\u00ean &#8211; H. B\u00ecnh Ch\u00e1nh &#8211; Tp H\u1ed3 Ch\u00ed Minh<\/li>\n<\/ul>\n<p>Khi \u0111\u1ebfn \u0111\u00e2y, b\u00e0 con s\u1ebd \u0111\u01b0\u1ee3c th\u1eed nghi\u1ec7m v\u1eadn h\u00e0nh m\u00e1y d\u01b0\u1edbi s\u1ef1 h\u01b0\u1edbng d\u1eabn c\u1ee7a \u0111\u1ed9i ng\u0169 k\u1ef9 thu\u1eadt<\/p>\n<p>\u0110\u1ed1i v\u1edbi b\u00e0 con \u1edf xa, c\u00f3 th\u1ec3 li\u00ean h\u1ec7 t\u1edbi s\u1ed1 \u0111i\u1ec7n tho\u1ea1i Hotline tr\u00ean website ho\u1eb7c \u0111\u1ec3 l\u1ea1i l\u1eddi nh\u1eafn \u0111\u1ed9i ng\u0169 t\u01b0 v\u1ea5n s\u1ebd li\u00ean h\u1ec7 t\u1edbi b\u00e0 con trong th\u1eddi gian s\u1edbm nh\u1ea5t<\/p>\n<p><strong>Th\u00f4ng s\u1ed1 k\u1ef9 thu\u1eadt<\/strong><\/p>\n<table border=\"1\" cellspacing=\"1\" cellpadding=\"1\">\n<tbody>\n<tr>\n<td colspan=\"1\" rowspan=\"3\">\u0110\u1ed9ng c\u01a1<\/td>\n<td>C\u00f4ng su\u1ea5t \u0111\u1ed9ng c\u01a1<\/td>\n<td>3,5kw<\/td>\n<\/tr>\n<tr>\n<td>Ngu\u1ed3n \u0111i\u1ec7n<\/td>\n<td>220V<\/td>\n<\/tr>\n<tr>\n<td>T\u1ed1c \u0111\u1ed9<\/td>\n<td>2900 v\/p<\/td>\n<\/tr>\n<tr>\n<td colspan=\"1\" rowspan=\"2\">B\u1ea3o h\u00e0nh<\/td>\n<td>K\u1ef9 thu\u1eadt<\/td>\n<td>06 th\u00e1ng<\/td>\n<\/tr>\n<tr>\n<td>\u0110\u1ed9ng c\u01a1<\/td>\n<td>Theo t\u1eebng h\u00e3ng s\u1ea3n xu\u1ea5t<\/td>\n<\/tr>\n<tr>\n<td>N\u0103ng su\u1ea5t<\/td>\n<td colspan=\"2\" rowspan=\"1\">\u00a025 \u2013 30 kg\/gi\u1edd<\/td>\n<\/tr>\n<tr>\n<td>K\u00edch th\u01b0\u1edbc (d*c*r)<\/td>\n<td colspan=\"2\" rowspan=\"1\">80*84*52 cm<\/td>\n<\/tr>\n<tr>\n<td>H\u00ecnh th\u1ee9c thanh to\u00e1n<\/td>\n<td colspan=\"2\" rowspan=\"1\">Ti\u1ec1n m\u1eb7t ho\u1eb7c chuy\u1ec3n kho\u1ea3n<\/td>\n<\/tr>\n<\/tbody>\n<\/table>\n","protected":false},"excerpt":{"rendered":"<ul>\n<li><strong>H\u00e3ng s\u1ea3n xu\u1ea5t:<\/strong>\u00a0B\u00ecnh Minh<\/li>\n<li><strong>C\u00f4ng su\u1ea5t \u0111\u1ed9ng c\u01a1:<\/strong>\u00a03.5kw<\/li>\n<li><strong>T\u1ed1c \u0111\u1ed9:<\/strong>\u00a02900 v\/p<\/li>\n<li><strong>Ngu\u1ed3n \u0111i\u1ec7n:<\/strong>\u00a0220V<\/li>\n<li><strong>N\u0103ng su\u1ea5t:<\/strong>\u00a025 \u2013 30 kg\/gi\u1edd<\/li>\n<li><strong>K\u00edch th\u01b0\u1edbc (d*c*r):<\/strong>\u00a080*84*52 cm<\/li>\n<li><strong>T\u00ednh n\u0103ng:<\/strong>\u00a0m\u00e1y chuy\u00ean nghi\u1ec1n b\u1ed9t g\u1ea1o; b\u1ed9t d\u01b0\u1ee3c li\u1ec7u<\/li>\n<\/ul>\n","protected":false},"featured_media":9533,"comment_status":"closed","ping_status":"closed","template":"","meta":[],"product_brand":[],"product_cat":[195],"product_tag":[],"class_list":{"0":"post-9532","1":"product","2":"type-product","3":"status-publish","4":"has-post-thumbnail","6":"product_cat-may-nghien-sieu-min","8":"first","9":"instock","10":"shipping-taxable","11":"product-type-simple"},"_links":{"self":[{"href":"https:\/\/congtybinhminh.com\/index.php?rest_route=\/wp\/v2\/product\/9532","targetHints":{"allow":["GET"]}}],"collection":[{"href":"https:\/\/congtybinhminh.com\/index.php?rest_route=\/wp\/v2\/product"}],"about":[{"href":"https:\/\/congtybinhminh.com\/index.php?rest_route=\/wp\/v2\/types\/product"}],"replies":[{"embeddable":true,"href":"https:\/\/congtybinhminh.com\/index.php?rest_route=%2Fwp%2Fv2%2Fcomments&post=9532"}],"wp:featuredmedia":[{"embeddable":true,"href":"https:\/\/congtybinhminh.com\/index.php?rest_route=\/wp\/v2\/media\/9533"}],"wp:attachment":[{"href":"https:\/\/congtybinhminh.com\/index.php?rest_route=%2Fwp%2Fv2%2Fmedia&parent=9532"}],"wp:term":[{"taxonomy":"product_brand","embeddable":true,"href":"https:\/\/congtybinhminh.com\/index.php?rest_route=%2Fwp%2Fv2%2Fproduct_brand&post=9532"},{"taxonomy":"product_cat","embeddable":true,"href":"https:\/\/congtybinhminh.com\/index.php?rest_route=%2Fwp%2Fv2%2Fproduct_cat&post=9532"},{"taxonomy":"product_tag","embeddable":true,"href":"https:\/\/congtybinhminh.com\/index.php?rest_route=%2Fwp%2Fv2%2Fproduct_tag&post=9532"}],"curies":[{"name":"wp","href":"https:\/\/api.w.org\/{rel}","templated":true}]}}