{"id":9430,"date":"2024-03-03T16:34:01","date_gmt":"2024-03-03T09:34:01","guid":{"rendered":"https:\/\/congtybinhminh.com\/?post_type=product&#038;p=9430"},"modified":"2026-01-19T08:44:14","modified_gmt":"2026-01-19T01:44:14","slug":"may-bam-co-inox-c200","status":"publish","type":"product","link":"https:\/\/congtybinhminh.com\/?product=may-bam-co-inox-c200","title":{"rendered":"M\u00e1y b\u0103m c\u1ecf inox C200"},"content":{"rendered":"<h2>Video ho\u1ea1t \u0111\u1ed9ng c\u1ee7a m\u00e1y<\/h2>\n<p><iframe loading=\"lazy\" title=\"M\u00e1y B\u0103m C\u1ecf Inox C200 \u0110\u1ed9ng C\u01a1 1,5Kw N\u0103ng Su\u1ea5t 5 T\u1ea1 M\u1ed7i Gi\u1edd Gi\u00e1 Ch\u1ec9 3 Tri\u1ec7u\" width=\"1020\" height=\"574\" src=\"https:\/\/www.youtube.com\/embed\/NkoTK8jZWJM?feature=oembed\" frameborder=\"0\" allow=\"accelerometer; autoplay; clipboard-write; encrypted-media; gyroscope; picture-in-picture; web-share\" referrerpolicy=\"strict-origin-when-cross-origin\" allowfullscreen><\/iframe><\/p>\n<h2>Gi\u1edbi thi\u1ec7u m\u00e1y b\u0103m c\u1ecf inox C200<\/h2>\n<p>M\u00e1y b\u0103m c\u1ecf inox C200 do c\u00f4ng ty B\u00ecnh Minh s\u1ea3n xu\u1ea5t chuy\u00ean d\u00f9ng b\u0103m nh\u1ecf c\u00e1c lo\u1ea1i nguy\u00ean li\u1ec7u d\u1ea1ng c\u1ecf l\u00e0m th\u1ee9c \u0103n cho gia s\u00fac &#8211; gia c\u1ea7m cho n\u0103ng su\u1ea5t \u0111\u1ea1t 300 &#8211; 500 kg\/gi\u1edd<\/p>\n<p><img loading=\"lazy\" decoding=\"async\" class=\"aligncenter wp-image-9436 size-full\" src=\"https:\/\/congtybinhminh.com\/wp-content\/uploads\/2024\/03\/may-bam-co-inox-c200_result222-1.webp\" alt=\"may-bam-co-inox-c200_result222\" width=\"800\" height=\"1080\" srcset=\"https:\/\/congtybinhminh.com\/wp-content\/uploads\/2024\/03\/may-bam-co-inox-c200_result222-1.webp 800w, https:\/\/congtybinhminh.com\/wp-content\/uploads\/2024\/03\/may-bam-co-inox-c200_result222-1-510x689.webp 510w, https:\/\/congtybinhminh.com\/wp-content\/uploads\/2024\/03\/may-bam-co-inox-c200_result222-1-296x400.webp 296w, https:\/\/congtybinhminh.com\/wp-content\/uploads\/2024\/03\/may-bam-co-inox-c200_result222-1-593x800.webp 593w, https:\/\/congtybinhminh.com\/wp-content\/uploads\/2024\/03\/may-bam-co-inox-c200_result222-1-768x1037.webp 768w\" sizes=\"auto, (max-width: 800px) 100vw, 800px\" \/><\/p>\n<p>Thi\u1ebft b\u1ecb h\u1ed7 tr\u1ee3 gi\u1ea3i quy\u1ebft kh\u1ed1i l\u01b0\u1ee3ng c\u00f4ng vi\u1ec7c c\u1ee7a 3 &#8211; 4 ng\u01b0\u1eddi b\u0103m b\u1eb1ng tay trong ph\u00fat ch\u1ed1t, mang t\u1edbi gi\u1ea3i ph\u00e1p m\u1edbi cho b\u00e0 con ch\u0103n nu\u00f4i<\/p>\n<p><img loading=\"lazy\" decoding=\"async\" class=\"aligncenter wp-image-9438 size-full\" src=\"https:\/\/congtybinhminh.com\/wp-content\/uploads\/2024\/03\/may-bam-rau-co_result222.webp\" alt=\"may-bam-rau-co_result222\" width=\"800\" height=\"1089\" srcset=\"https:\/\/congtybinhminh.com\/wp-content\/uploads\/2024\/03\/may-bam-rau-co_result222.webp 800w, https:\/\/congtybinhminh.com\/wp-content\/uploads\/2024\/03\/may-bam-rau-co_result222-510x694.webp 510w, https:\/\/congtybinhminh.com\/wp-content\/uploads\/2024\/03\/may-bam-rau-co_result222-294x400.webp 294w, https:\/\/congtybinhminh.com\/wp-content\/uploads\/2024\/03\/may-bam-rau-co_result222-588x800.webp 588w, https:\/\/congtybinhminh.com\/wp-content\/uploads\/2024\/03\/may-bam-rau-co_result222-768x1045.webp 768w\" sizes=\"auto, (max-width: 800px) 100vw, 800px\" \/><\/p>\n<ul>\n<li>Th\u00e0nh ph\u1ea9m sau khi b\u0103m c\u00f3 th\u1ec3 cho v\u1eadt nu\u00f4i d\u00f9ng ngay ho\u1eb7c \u1ee7 chua d\u00f9ng d\u1ea7n ho\u1eb7c tr\u1ed9n b\u1ed9t c\u00e1m cho v\u00e0o m\u00e1y \u00e9p th\u00e0nh vi\u00ean d\u00f9ng d\u1ea7n<\/li>\n<li>Ki\u1ec3m so\u00e1t &#8211; d\u1ef1 ph\u00f2ng ngu\u1ed3n th\u1ee9c \u0103n<\/li>\n<li>X\u1eed l\u00fd r\u00e1c th\u1ea3i l\u00e0m ph\u00e2n b\u00f3n tr\u1ed3ng c\u00e2y t\u1ed1t cho c\u00e2y tr\u1ed3ng, gi\u1ea3m l\u01b0\u1ee3ng r\u00e1c th\u1ea3i b\u1ea3o v\u1ec7 m\u00f4i tr\u01b0\u1eddng<\/li>\n<\/ul>\n<h2>C\u1ea5u t\u1ea1o m\u00e1y b\u0103m c\u1ecf inox C200<\/h2>\n<h3>Khung m\u00e1y ch\u1eafc ch\u1eafn<\/h3>\n<p>M\u00e1y \u0111\u01b0\u1ee3c l\u00e0m b\u1eb1ng ch\u1ea5t li\u1ec7u inox cao c\u1ea5p, ch\u1ed1ng han g\u1ec9 thu\u1eadn ti\u1ec7n v\u1ec7 sinh gi\u00fap m\u00e1y lu\u00f4n s\u1ea1ch\u00a0 &#8211; s\u00e1ng b\u00f3ng gi\u1eef \u0111\u1ed9 b\u1ec1n v\u00e0 k\u00e9o d\u00e0i tu\u1ed5i th\u1ecd c\u1ee7a m\u00e1y<\/p>\n<p><img loading=\"lazy\" decoding=\"async\" class=\"aligncenter wp-image-9437 size-full\" src=\"https:\/\/congtybinhminh.com\/wp-content\/uploads\/2024\/03\/cau-tao-may-bam-co-inox-c200_result222-1.webp\" alt=\"cau-tao-may-bam-co-inox-c200_result222\" width=\"800\" height=\"600\" srcset=\"https:\/\/congtybinhminh.com\/wp-content\/uploads\/2024\/03\/cau-tao-may-bam-co-inox-c200_result222-1.webp 800w, https:\/\/congtybinhminh.com\/wp-content\/uploads\/2024\/03\/cau-tao-may-bam-co-inox-c200_result222-1-510x383.webp 510w, https:\/\/congtybinhminh.com\/wp-content\/uploads\/2024\/03\/cau-tao-may-bam-co-inox-c200_result222-1-533x400.webp 533w, https:\/\/congtybinhminh.com\/wp-content\/uploads\/2024\/03\/cau-tao-may-bam-co-inox-c200_result222-1-768x576.webp 768w\" sizes=\"auto, (max-width: 800px) 100vw, 800px\" \/><\/p>\n<p>V\u1edbi t\u1ed5ng tr\u1ecdng l\u01b0\u1ee3ng 29 kg thu\u1eadn ti\u1ec7n trong vi\u1ec7c di chuy\u1ec3n<\/p>\n<p>Mang trong m\u00ecnh l\u1ee3i th\u1ebf nh\u1ecf g\u1ecdn chi\u1ebfc m\u00e1y v\u1eabn c\u00f3 th\u1ebb s\u1eed d\u1ee5ng t\u1ea1i nh\u1eefng n\u01a1i kh\u00f4ng gian h\u1ea1n ch\u1ebf<\/p>\n<h3>Toa n\u1ea1p nguy\u00ean li\u1ec7u<\/h3>\n<p>Toa n\u1ea1p thi\u1ebft k\u1ebf d\u00e1ng \u0111\u1ee9ng v\u1edbi \u0111\u1ed9 cao v\u1eeba t\u1ea7m ng\u01b0\u1eddi d\u00f9ng, ph\u1ea7n mi\u1ec7ng toa ph\u00eda tr\u00ean r\u1ed9ng ch\u1ee9a \u0111\u01b0\u1ee3c nhi\u1ec1u nguy\u00ean li\u1ec7u h\u01a1n<\/p>\n<p><img loading=\"lazy\" decoding=\"async\" class=\"aligncenter wp-image-9439 size-full\" src=\"https:\/\/congtybinhminh.com\/wp-content\/uploads\/2024\/03\/toa-nap-may-bam-co_result222.webp\" alt=\"toa-nap-may-bam-co_result222\" width=\"800\" height=\"600\" srcset=\"https:\/\/congtybinhminh.com\/wp-content\/uploads\/2024\/03\/toa-nap-may-bam-co_result222.webp 800w, https:\/\/congtybinhminh.com\/wp-content\/uploads\/2024\/03\/toa-nap-may-bam-co_result222-510x383.webp 510w, https:\/\/congtybinhminh.com\/wp-content\/uploads\/2024\/03\/toa-nap-may-bam-co_result222-533x400.webp 533w, https:\/\/congtybinhminh.com\/wp-content\/uploads\/2024\/03\/toa-nap-may-bam-co_result222-768x576.webp 768w\" sizes=\"auto, (max-width: 800px) 100vw, 800px\" \/><\/p>\n<p>Ph\u00eda d\u01b0\u1edbi mi\u1ec7ng toa h\u01b0\u1edbng d\u1ed1c v\u1ec1 bu\u1ed3ng b\u0103m t\u1ea1o \u0111i\u1ec3m t\u1ef1a cho ng\u01b0\u1eddi d\u00f9ng \u0111\u1eb7t c\u1ecf l\u00ean b\u0103m<\/p>\n<h3>H\u1ec7 th\u1ed1ng dao b\u0103m c\u1ecf s\u1eafc b\u00e9n<\/h3>\n<p>B\u00ean trong bu\u1ed3ng b\u0103m c\u1ee7a m\u00e1y g\u1ed3m 1 dao th\u00e9p to 2 l\u01b0\u1ee1i b\u1eb1ng th\u00e9p c\u1ee9ng cao c\u1ea5p \u0111\u01b0\u1ee3c r\u00e8n s\u1eafc b\u00e9n<\/p>\n<p><img loading=\"lazy\" decoding=\"async\" class=\"aligncenter wp-image-9440 size-full\" src=\"https:\/\/congtybinhminh.com\/wp-content\/uploads\/2024\/03\/dao-may-bam-co-inox_result222.webp\" alt=\"dao-may-bam-co-inox_result222\" width=\"800\" height=\"600\" srcset=\"https:\/\/congtybinhminh.com\/wp-content\/uploads\/2024\/03\/dao-may-bam-co-inox_result222.webp 800w, https:\/\/congtybinhminh.com\/wp-content\/uploads\/2024\/03\/dao-may-bam-co-inox_result222-510x383.webp 510w, https:\/\/congtybinhminh.com\/wp-content\/uploads\/2024\/03\/dao-may-bam-co-inox_result222-533x400.webp 533w, https:\/\/congtybinhminh.com\/wp-content\/uploads\/2024\/03\/dao-may-bam-co-inox_result222-768x576.webp 768w\" sizes=\"auto, (max-width: 800px) 100vw, 800px\" \/><\/p>\n<p>B\u0103m nh\u1ecf nguy\u00ean li\u1ec7u ngay ch\u1ec9 trong l\u1ea7n b\u0103m \u0111\u1ea7u ti\u00ean m\u00e0 kh\u00f4ng ph\u1ea3i b\u0103m l\u1ea1i nhi\u1ec1u l\u1ea7n<\/p>\n<p>Th\u00e0nh ph\u1ea9m sau khi b\u0103m c\u00f3 k\u00edch th\u01b0\u1edbc nh\u1ecf, \u0111\u1ed3ng \u0111\u1ec1u gi\u00fap v\u1eadt nu\u00f4i d\u1ec5 \u0103n &#8211; \u0103n \u0111\u01b0\u1ee3c nhi\u1ec1u h\u01a1n &#8211; h\u1ea5p th\u1ee5 nhi\u1ec1u dinh d\u01b0\u1ee1ng<\/p>\n<h3>\u0110\u1ed9ng c\u01a1 ch\u00ednh h\u00e3ng<\/h3>\n<p>M\u00e1y b\u0103m c\u1ecf inox C200 l\u1eafp \u0111\u1ed9ng c\u01a1 ch\u00ednh h\u00e3ng To\u00e0n Ph\u00e1t n\u1ed1i li\u1ec1n tr\u1ee5c dao b\u0103m qua kh\u1edbp n\u1ed1i gi\u00fap m\u00e1y ch\u1ea1y nhanh v\u00e0 kh\u1ecfe h\u01a1n so v\u1edbi c\u00e1c lo\u1ea1i m\u00e1y b\u0103m s\u1eed d\u1ee5ng d\u00e2y curoa tr\u00ean th\u1ecb tr\u01b0\u1eddng<\/p>\n<p><img loading=\"lazy\" decoding=\"async\" class=\"aligncenter wp-image-9441 size-full\" src=\"https:\/\/congtybinhminh.com\/wp-content\/uploads\/2024\/03\/may-bam-co-inox_result222-1.webp\" alt=\"may-bam-co-inox_result222\" width=\"800\" height=\"694\" srcset=\"https:\/\/congtybinhminh.com\/wp-content\/uploads\/2024\/03\/may-bam-co-inox_result222-1.webp 800w, https:\/\/congtybinhminh.com\/wp-content\/uploads\/2024\/03\/may-bam-co-inox_result222-1-510x442.webp 510w, https:\/\/congtybinhminh.com\/wp-content\/uploads\/2024\/03\/may-bam-co-inox_result222-1-461x400.webp 461w, https:\/\/congtybinhminh.com\/wp-content\/uploads\/2024\/03\/may-bam-co-inox_result222-1-768x666.webp 768w\" sizes=\"auto, (max-width: 800px) 100vw, 800px\" \/><\/p>\n<p>M\u00e1y l\u1eafp \u0111\u1ed9ng c\u01a1 1,5kw d\u00f9ng \u0111i\u1ec7n gia \u0111\u00ecnh 220V motor l\u00f5i d\u00e2y \u0111\u1ed3ng 100% t\u1ed1c \u0111\u1ed9 quay 2900 v\u00f2ng\/ph\u00fat cho n\u0103ng su\u1ea5t \u0111\u1ea1t kho\u1ea3ng 300 &#8211; 500 kg\/gi\u1edd<\/p>\n<p><img loading=\"lazy\" decoding=\"async\" class=\"aligncenter wp-image-9442 size-full\" src=\"https:\/\/congtybinhminh.com\/wp-content\/uploads\/2024\/03\/may-bam-co-voi_result222.webp\" alt=\"may-bam-co-voi_result222\" width=\"800\" height=\"600\" srcset=\"https:\/\/congtybinhminh.com\/wp-content\/uploads\/2024\/03\/may-bam-co-voi_result222.webp 800w, https:\/\/congtybinhminh.com\/wp-content\/uploads\/2024\/03\/may-bam-co-voi_result222-510x383.webp 510w, https:\/\/congtybinhminh.com\/wp-content\/uploads\/2024\/03\/may-bam-co-voi_result222-533x400.webp 533w, https:\/\/congtybinhminh.com\/wp-content\/uploads\/2024\/03\/may-bam-co-voi_result222-768x576.webp 768w\" sizes=\"auto, (max-width: 800px) 100vw, 800px\" \/><\/p>\n<p>Trong qu\u00e1 tr\u00ecnh b\u0103m, ng\u01b0\u1eddi d\u00f9ng c\u00f3 th\u1ec3 t\u1ef1 l\u00e0m ch\u1ee7 k\u00edch th\u01b0\u1edbc b\u0103m to\u00a0 &#8211; nh\u1ecf b\u1eb1m c\u00e1ch:<\/p>\n<p><img loading=\"lazy\" decoding=\"async\" class=\"aligncenter wp-image-9443 size-full\" src=\"https:\/\/congtybinhminh.com\/wp-content\/uploads\/2024\/03\/may-bam-co-cho-bo-copy_result222.webp\" alt=\"may-bam-co-cho-bo copy_result222\" width=\"800\" height=\"539\" srcset=\"https:\/\/congtybinhminh.com\/wp-content\/uploads\/2024\/03\/may-bam-co-cho-bo-copy_result222.webp 800w, https:\/\/congtybinhminh.com\/wp-content\/uploads\/2024\/03\/may-bam-co-cho-bo-copy_result222-510x344.webp 510w, https:\/\/congtybinhminh.com\/wp-content\/uploads\/2024\/03\/may-bam-co-cho-bo-copy_result222-594x400.webp 594w, https:\/\/congtybinhminh.com\/wp-content\/uploads\/2024\/03\/may-bam-co-cho-bo-copy_result222-768x517.webp 768w\" sizes=\"auto, (max-width: 800px) 100vw, 800px\" \/><\/p>\n<ul>\n<li>\u0110\u01b0a (\u0111\u00fat) nguy\u00ean li\u1ec7u b\u0103m nhanh cho ra th\u00e0nh ph\u1ea9m to<\/li>\n<li>\u0110\u01b0a ( \u0111\u00fat) nguy\u00ean li\u1ec7u b\u0103m ch\u1eadm cho ra th\u00e0nh ph\u1ea9m nh\u1ecf<\/li>\n<\/ul>\n<h2>L\u00fd do b\u1ea1n n\u00ean mua m\u00e1y b\u0103m c\u1ecf Inox B\u00ecnh Minh<\/h2>\n<p>C\u00f4ng ty B\u00ecnh Minh t\u1ef1 h\u00e0o l\u00e0 \u0111\u01a1n v\u1ecb chuy\u00ean s\u1ea3n xu\u1ea5t v\u00e0 cung c\u1ea5p m\u00e1y n\u00f4ng nghi\u1ec7p s\u1ed1 1 Vi\u1ec7t Nam v\u1edbi h\u01a1n 30 n\u0103m kinh nghi\u1ec7m trong l\u0129nh v\u1ef1c c\u01a1 kh\u00ed<\/p>\n<p><img loading=\"lazy\" decoding=\"async\" class=\"aligncenter wp-image-9444 size-full\" src=\"https:\/\/congtybinhminh.com\/wp-content\/uploads\/2024\/03\/dia-chi-mua-may-bam-co_result222.webp\" alt=\"dia-chi-mua-may-bam-co_result222\" width=\"800\" height=\"570\" srcset=\"https:\/\/congtybinhminh.com\/wp-content\/uploads\/2024\/03\/dia-chi-mua-may-bam-co_result222.webp 800w, https:\/\/congtybinhminh.com\/wp-content\/uploads\/2024\/03\/dia-chi-mua-may-bam-co_result222-510x363.webp 510w, https:\/\/congtybinhminh.com\/wp-content\/uploads\/2024\/03\/dia-chi-mua-may-bam-co_result222-561x400.webp 561w, https:\/\/congtybinhminh.com\/wp-content\/uploads\/2024\/03\/dia-chi-mua-may-bam-co_result222-768x547.webp 768w\" sizes=\"auto, (max-width: 800px) 100vw, 800px\" \/><\/p>\n<p>V\u1edbi trang thi\u1ebft b\u1ecb hi\u1ec7n \u0111\u1ea1i &#8211; \u0111\u1ed9i ng\u0169 k\u1ef9 thu\u1eadt tr\u00ecnh \u0111\u1ed9 cao. Ch\u00fang t\u00f4i cam k\u1ebft mang \u0111\u1ebfn cho b\u1ea1n nh\u1eefng s\u1ea3n ph\u1ea9m CH\u00cdNH H\u00c3NG &#8211; CH\u1ea4T L\u01af\u1ee2NG &#8211; GI\u00c1 TH\u00c0NH T\u1ed0T NH\u1ea4T &#8211; D\u1ecaCH V\u1ee4 CHU \u0110\u00c1O NH\u1ea4T<\/p>\n<p>\u0110\u1ec3 \u0111\u1eb7t mua h\u00e0ng ch\u00ednh h\u00e3ng, b\u00e0 con c\u00f3 th\u1ec3 \u0111\u1ebfn tr\u1ee5 s\u1edf g\u1ea7n nh\u1ea5t c\u1ee7a c\u00f4ng ty \u0111\u1ec3 xem v\u00e0 \u0111\u1eb7t mua h\u00e0ng:<\/p>\n<ul>\n<li>Tr\u1ee5 s\u1edf ch\u00ednh: P. L\u00ea L\u1ee3i &#8211; Tx S\u01a1n T\u00e2y &#8211; H\u00e0 N\u1ed9i<\/li>\n<li>Chi nh\u00e1nh 1: Kv 11 &#8211; P. H\u01b0ng Ph\u00fa &#8211; Q. C\u00e1i R\u0103ng &#8211; Tp C\u1ea7n Th\u01a1<\/li>\n<li>Chi nh\u00e1nh 2: x\u00e3 T\u00e2n Ki\u00ean &#8211; H. B\u00ecnh Ch\u00e1nh &#8211; Tp H\u1ed3 Ch\u00ed Minh<\/li>\n<\/ul>\n<p><img loading=\"lazy\" decoding=\"async\" class=\"aligncenter wp-image-9446 size-full\" src=\"https:\/\/congtybinhminh.com\/wp-content\/uploads\/2024\/03\/dia-chi-mua-may-bam-co-binh-minh_result222.webp\" alt=\"dia-chi-mua-may-bam-co-binh-minh_result222\" width=\"800\" height=\"1013\" srcset=\"https:\/\/congtybinhminh.com\/wp-content\/uploads\/2024\/03\/dia-chi-mua-may-bam-co-binh-minh_result222.webp 800w, https:\/\/congtybinhminh.com\/wp-content\/uploads\/2024\/03\/dia-chi-mua-may-bam-co-binh-minh_result222-510x646.webp 510w, https:\/\/congtybinhminh.com\/wp-content\/uploads\/2024\/03\/dia-chi-mua-may-bam-co-binh-minh_result222-316x400.webp 316w, https:\/\/congtybinhminh.com\/wp-content\/uploads\/2024\/03\/dia-chi-mua-may-bam-co-binh-minh_result222-632x800.webp 632w, https:\/\/congtybinhminh.com\/wp-content\/uploads\/2024\/03\/dia-chi-mua-may-bam-co-binh-minh_result222-768x972.webp 768w\" sizes=\"auto, (max-width: 800px) 100vw, 800px\" \/><\/p>\n<p>Khi \u0111\u1ebfn \u0111\u00e2y, b\u00e0 con s\u1ebd \u0111\u01b0\u1ee3c tr\u1ea3i nghi\u1ec7m v\u1eadn h\u00e0nh m\u00e1y d\u01b0\u1edbi s\u1ef1 h\u01b0\u1edbng d\u1eabn c\u1ee7a \u0111\u1ed9i ng\u0169 k\u1ef9 thu\u1eadt<\/p>\n<p>\u0110\u1ed1i v\u1edbi b\u00e0 con \u1edf xa, c\u00f3 th\u1ec3 li\u00ean h\u1ec7 t\u1edbi s\u1ed1 \u0111i\u1ec7n tho\u1ea1i tr\u00ean website ho\u1eb7c \u0111\u1ec3 l\u1ea1i l\u1eddi nh\u1eafn \u0111\u1ed9i ng\u0169 t\u01b0 v\u1ea5n s\u1ebd li\u00ean h\u1ec7 t\u1edbi b\u00e0 con trong th\u1eddi gian s\u1edbm nh\u1ea5t<\/p>\n<p><strong>Th\u00f4ng s\u1ed1 k\u1ef9 thu\u1eadt<\/strong><\/p>\n<table border=\"1\" cellspacing=\"1\" cellpadding=\"1\">\n<tbody>\n<tr>\n<td colspan=\"1\" rowspan=\"3\">\u0110\u1ed9ng c\u01a1<\/td>\n<td>C\u00f4ng su\u1ea5t \u0111\u1ed9ng c\u01a1<\/td>\n<td>1.5kw<\/td>\n<\/tr>\n<tr>\n<td>T\u1ed1c \u0111\u1ed9<\/td>\n<td>2900 v\/p<\/td>\n<\/tr>\n<tr>\n<td>Ngu\u1ed3n \u0111i\u1ec7n<\/td>\n<td>220V<\/td>\n<\/tr>\n<tr>\n<td colspan=\"1\" rowspan=\"2\">B\u1ea3o h\u00e0nh<\/td>\n<td>K\u1ef9 thu\u1eadt<\/td>\n<td>06 th\u00e1ng<\/td>\n<\/tr>\n<tr>\n<td>\u0110\u1ed9ng c\u01a1<\/td>\n<td>Theo t\u1eebng h\u00e3ng s\u1ea3n xu\u1ea5t<\/td>\n<\/tr>\n<tr>\n<td>N\u0103ng su\u1ea5t<\/td>\n<td colspan=\"2\" rowspan=\"1\">\u00a0300 &#8211; 500 kg\/gi\u1edd<\/td>\n<\/tr>\n<tr>\n<td>K\u00edch th\u01b0\u1edbc (d*c*r)<\/td>\n<td colspan=\"2\" rowspan=\"1\">\u00a048*80*45 cm<\/td>\n<\/tr>\n<tr>\n<td>H\u00ecnh th\u1ee9c thanh to\u00e1n<\/td>\n<td colspan=\"2\" rowspan=\"1\">Ti\u1ec1n m\u1eb7t ho\u1eb7c chuy\u1ec3n kho\u1ea3n<\/td>\n<\/tr>\n<\/tbody>\n<\/table>\n<p>&nbsp;<\/p>\n","protected":false},"excerpt":{"rendered":"<ul>\n<li><strong>H\u00e3ng s\u1ea3n xu\u1ea5t:<\/strong> B\u00ecnh Minh<\/li>\n<li><strong>C\u00f4ng su\u1ea5t \u0111\u1ed9ng c\u01a1<\/strong>: 1.5kw<\/li>\n<li><strong>Ngu\u1ed3n \u0111i\u1ec7n:<\/strong>\u00a0220V<\/li>\n<li><strong>T\u1ed1c \u0111\u1ed9;<\/strong>\u00a02900 v\u00f2ng\/ph\u00fat<\/li>\n<li><strong>N\u0103ng su\u00e2t:<\/strong>\u00a0300 \u2013 500 kg\/gi\u1edd<\/li>\n<li><strong>K\u00edch th\u01b0\u1edbc (d*c*r):<\/strong>\u00a048*80*45 cm<\/li>\n<li><strong>T\u00ednh n\u0103ng:<\/strong>\u00a0M\u00e1y chuy\u00ean d\u00f9ng b\u0103m nh\u1ecf c\u1ecf voi, th\u00e2n c\u00e2y ng\u00f4, c\u1ecf s\u1ea3.. l\u00e0m th\u1ee9c \u0103n cho gia s\u00fac \u2013 gia c\u1ea7m<\/li>\n<\/ul>\n","protected":false},"featured_media":9431,"comment_status":"closed","ping_status":"closed","template":"","meta":[],"product_brand":[],"product_cat":[151],"product_tag":[],"class_list":{"0":"post-9430","1":"product","2":"type-product","3":"status-publish","4":"has-post-thumbnail","6":"product_cat-may-bam-xo-dua","8":"first","9":"instock","10":"shipping-taxable","11":"product-type-simple"},"_links":{"self":[{"href":"https:\/\/congtybinhminh.com\/index.php?rest_route=\/wp\/v2\/product\/9430","targetHints":{"allow":["GET"]}}],"collection":[{"href":"https:\/\/congtybinhminh.com\/index.php?rest_route=\/wp\/v2\/product"}],"about":[{"href":"https:\/\/congtybinhminh.com\/index.php?rest_route=\/wp\/v2\/types\/product"}],"replies":[{"embeddable":true,"href":"https:\/\/congtybinhminh.com\/index.php?rest_route=%2Fwp%2Fv2%2Fcomments&post=9430"}],"wp:featuredmedia":[{"embeddable":true,"href":"https:\/\/congtybinhminh.com\/index.php?rest_route=\/wp\/v2\/media\/9431"}],"wp:attachment":[{"href":"https:\/\/congtybinhminh.com\/index.php?rest_route=%2Fwp%2Fv2%2Fmedia&parent=9430"}],"wp:term":[{"taxonomy":"product_brand","embeddable":true,"href":"https:\/\/congtybinhminh.com\/index.php?rest_route=%2Fwp%2Fv2%2Fproduct_brand&post=9430"},{"taxonomy":"product_cat","embeddable":true,"href":"https:\/\/congtybinhminh.com\/index.php?rest_route=%2Fwp%2Fv2%2Fproduct_cat&post=9430"},{"taxonomy":"product_tag","embeddable":true,"href":"https:\/\/congtybinhminh.com\/index.php?rest_route=%2Fwp%2Fv2%2Fproduct_tag&post=9430"}],"curies":[{"name":"wp","href":"https:\/\/api.w.org\/{rel}","templated":true}]}}