{"id":9313,"date":"2024-02-17T15:58:32","date_gmt":"2024-02-17T08:58:32","guid":{"rendered":"https:\/\/congtybinhminh.com\/?post_type=product&#038;p=9313"},"modified":"2024-03-07T14:05:12","modified_gmt":"2024-03-07T07:05:12","slug":"may-nghien-thuc-an-chan-nuoi-ks140","status":"publish","type":"product","link":"https:\/\/congtybinhminh.com\/?product=may-nghien-thuc-an-chan-nuoi-ks140","title":{"rendered":"M\u00e1y nghi\u1ec1n th\u1ee9c \u0103n ch\u0103n nu\u00f4i KS140"},"content":{"rendered":"<h2>Video ho\u1ea1t \u0111\u1ed9ng c\u1ee7a m\u00e1y<\/h2>\n<p><iframe loading=\"lazy\" title=\"M\u00e1y Nghi\u1ec1n TACN KS140 Kh\u00f4ng L\u1eafp M\u1eb7t S\u00e0ng Nghi\u1ec1n Si\u00eau M\u1ecbn C\u00e1c Lo\u1ea1i Th\u1ebf H\u1ec7 M\u1edbi\" width=\"1020\" height=\"574\" src=\"https:\/\/www.youtube.com\/embed\/PnJLsVqBQRQ?feature=oembed\" frameborder=\"0\" allow=\"accelerometer; autoplay; clipboard-write; encrypted-media; gyroscope; picture-in-picture; web-share\" allowfullscreen><\/iframe><\/p>\n<h2>Gi\u1edbi thi\u1ec7u m\u00e1y nghi\u1ec1n th\u1ee9c \u0103n ch\u0103n nu\u00f4i KS140<\/h2>\n<p>M\u00e1y nghi\u1ec1n th\u1ee9c \u0103n ch\u0103n nu\u00f4i KS140 do c\u00f4ng ty B\u00ecnh Minh thi\u1ebft b\u1ecb chuy\u00ean d\u00f9ng \u0111\u1ec3 nghi\u1ec1n c\u00e1c lo\u1ea1i n\u00f4ng ph\u1ea9m kh\u00f4 th\u00e0nh b\u1ed9t m\u1ecbn v\u00e0 b\u1ed9t si\u00eau m\u1ecbn do c\u00f4ng ty B\u00ecnh Minh s\u1ea3n xu\u1ea5t<\/p>\n<p><img loading=\"lazy\" decoding=\"async\" class=\"aligncenter wp-image-9320 size-full\" src=\"https:\/\/congtybinhminh.com\/wp-content\/uploads\/2024\/02\/may-nghien-thuc-an-chan-nuoi-ks140-cong-ty-binh-minh_result222.webp\" alt=\"may-nghien-thuc-an-chan-nuoi-ks140-cong-ty-binh-minh_result222\" width=\"800\" height=\"1081\" srcset=\"https:\/\/congtybinhminh.com\/wp-content\/uploads\/2024\/02\/may-nghien-thuc-an-chan-nuoi-ks140-cong-ty-binh-minh_result222.webp 800w, https:\/\/congtybinhminh.com\/wp-content\/uploads\/2024\/02\/may-nghien-thuc-an-chan-nuoi-ks140-cong-ty-binh-minh_result222-510x689.webp 510w, https:\/\/congtybinhminh.com\/wp-content\/uploads\/2024\/02\/may-nghien-thuc-an-chan-nuoi-ks140-cong-ty-binh-minh_result222-296x400.webp 296w, https:\/\/congtybinhminh.com\/wp-content\/uploads\/2024\/02\/may-nghien-thuc-an-chan-nuoi-ks140-cong-ty-binh-minh_result222-592x800.webp 592w, https:\/\/congtybinhminh.com\/wp-content\/uploads\/2024\/02\/may-nghien-thuc-an-chan-nuoi-ks140-cong-ty-binh-minh_result222-768x1038.webp 768w\" sizes=\"auto, (max-width: 800px) 100vw, 800px\" \/><\/p>\n<p>H\u1ed7 tr\u1ee3 b\u00e0 con t\u1ef1 l\u00e0m c\u00e1m ngay t\u1ea1i nh\u00e0 thay v\u00ec ph\u1ee5 thu\u1ed9c mua c\u00e1m ngo\u00e0i v\u1edbi gi\u00e1 cao<\/p>\n<h2>Nh\u1eefng \u01b0u \u0111i\u1ec3m m\u00e1y nghi\u1ec1n th\u1ee9c \u0103n ch\u0103n nu\u00f4i KS140<\/h2>\n<p>Phi\u00ean b\u1ea3n m\u00e1y nghi\u1ec1n thi\u1ebft k\u1ebf hi\u1ec7n \u0111\u1ea1i th\u1ebf h\u1ec7 m\u1edbi v\u1edbi ti\u00eau ch\u00ed 3 kh\u00f4ng &#8221; M\u00e1y nghi\u1ec1n kh\u00f4ng c\u1ea7n s\u00e0ng &#8211; kh\u00f4ng b\u1ee5i &#8211; kh\u00f4ng th\u1ea5t tho\u00e1t nguy\u00ean li\u1ec7u&#8221;<\/p>\n<p><img loading=\"lazy\" decoding=\"async\" class=\"aligncenter wp-image-9331 size-full\" src=\"https:\/\/congtybinhminh.com\/wp-content\/uploads\/2024\/02\/may-nghien-ngo-dung-dien-3-pha_result222.webp\" alt=\"may-nghien-ngo-dung-dien-3-pha_result222\" width=\"800\" height=\"600\" \/><\/p>\n<ul>\n<li>K\u00edch th\u01b0\u1edbc th\u00e0nh ph\u1ea9m \u0111\u1ed3ng \u0111\u1ec1u kh\u00f4ng ph\u1ea3i ph\u1ee5 thu\u1ed9c m\u1eb7t s\u00e0ng<\/li>\n<li>T\u1ef1 \u0111\u1ed9ng h\u00f3a trong su\u1ed1t qu\u00e1 tr\u00ecnh nghi\u1ec1n<\/li>\n<li>D\u1ec5 d\u00e0ng \u0111i\u1ec1u ch\u1ec9nh \u0111\u1ed9 m\u1ecbn th\u00e0nh ph\u1ea9m<\/li>\n<li>S\u1eed d\u1ee5ng b\u1ea7u silo h\u00fat gi\u00f3 kh\u00f4ng ho\u1eb7c l\u01b0\u1ee3ng b\u1ee5i tho\u00e1t r\u1ea5t \u00edt ra ngo\u00e0i<\/li>\n<\/ul>\n<h2>M\u00e1y nghi\u1ec1n KS140 nghi\u1ec1n \u0111\u01b0\u1ee3c nh\u1eefng nguy\u00ean li\u1ec7u g\u00ec ?<\/h2>\n<p>M\u00e1y nghi\u1ec1n \u0111\u01b0\u1ee3c \u0111a d\u1ea1ng c\u00e1c lo\u1ea1i nguy\u00ean li\u1ec7u th\u00e0nh d\u1ea1ng b\u1ed9t, \u1ee9ng d\u1ee5ng trong nhi\u00eau l\u0129nh v\u1ef1c:<\/p>\n<p><img loading=\"lazy\" decoding=\"async\" class=\"aligncenter wp-image-9326 size-full\" src=\"https:\/\/congtybinhminh.com\/wp-content\/uploads\/2024\/02\/may-nghien-ngo_result222.webp\" alt=\"may-nghien-ngo_result222\" width=\"800\" height=\"1198\" srcset=\"https:\/\/congtybinhminh.com\/wp-content\/uploads\/2024\/02\/may-nghien-ngo_result222.webp 800w, https:\/\/congtybinhminh.com\/wp-content\/uploads\/2024\/02\/may-nghien-ngo_result222-510x764.webp 510w, https:\/\/congtybinhminh.com\/wp-content\/uploads\/2024\/02\/may-nghien-ngo_result222-267x400.webp 267w, https:\/\/congtybinhminh.com\/wp-content\/uploads\/2024\/02\/may-nghien-ngo_result222-534x800.webp 534w, https:\/\/congtybinhminh.com\/wp-content\/uploads\/2024\/02\/may-nghien-ngo_result222-768x1150.webp 768w\" sizes=\"auto, (max-width: 800px) 100vw, 800px\" \/><\/p>\n<ul>\n<li>Nghi\u1ec1n b\u1ed9t g\u1ea1o: g\u1ea1o t\u1ebb; g\u1ea1o n\u1ebfp; g\u1ea1o l\u1ee9t..<\/li>\n<li>Nghi\u1ec1n c\u00e1c lo\u1ea1i n\u00f4ng ph\u1ea9m kh\u00f4: ng\u00f4 h\u1ea1t, th\u00f3c, tr\u1ea5u..<\/li>\n<li>Nghi\u1ec1n d\u01b0\u1ee3c li\u1ec7u; tr\u1ea7m,.<\/li>\n<\/ul>\n<h2>C\u1ea5u t\u1ea1o m\u00e1y nghi\u1ec1n th\u1ee9c \u0103n ch\u0103n nu\u00f4i KS140<\/h2>\n<h3>Khung m\u00e1y ch\u1eafc ch\u1eafn<\/h3>\n<p>K\u1ebft c\u1ea5u m\u00e1y \u0111\u01b0\u1ee3c h\u00e0n g\u1eafn ch\u1eafc ch\u1eafn, m\u00e1y nghi\u1ec1n c\u00f3 b\u1ea7u gi\u00f3 gi\u00fap thu gom to\u00e0n b\u1ed9 th\u00e0nh ph\u1ea9m kh\u00f4ng g\u00e2y th\u1ea5t tho\u00e1t th\u00e0nh ph\u1ea9m<\/p>\n<p><img loading=\"lazy\" decoding=\"async\" class=\"aligncenter wp-image-9321 size-full\" src=\"https:\/\/congtybinhminh.com\/wp-content\/uploads\/2024\/02\/cau-tao-may-nghien-thuc-an-chan-nuoi-ks140_result222.webp\" alt=\"cau-tao-may-nghien-thuc-an-chan-nuoi-ks140_result222\" width=\"800\" height=\"600\" srcset=\"https:\/\/congtybinhminh.com\/wp-content\/uploads\/2024\/02\/cau-tao-may-nghien-thuc-an-chan-nuoi-ks140_result222.webp 800w, https:\/\/congtybinhminh.com\/wp-content\/uploads\/2024\/02\/cau-tao-may-nghien-thuc-an-chan-nuoi-ks140_result222-510x383.webp 510w, https:\/\/congtybinhminh.com\/wp-content\/uploads\/2024\/02\/cau-tao-may-nghien-thuc-an-chan-nuoi-ks140_result222-533x400.webp 533w, https:\/\/congtybinhminh.com\/wp-content\/uploads\/2024\/02\/cau-tao-may-nghien-thuc-an-chan-nuoi-ks140_result222-768x576.webp 768w\" sizes=\"auto, (max-width: 800px) 100vw, 800px\" \/><\/p>\n<p>Ph\u00eda d\u01b0\u1edbi ch\u00e2n m\u00e1y l\u1eafp \u0111\u1eb7t 4 b\u00e1nh xe thu\u1eadn ti\u1ec7n di chuy\u1ec3n v\u1ecb tr\u00ed \u0111\u1eb7t m\u00e1y<\/p>\n<h3>Toa n\u1ea1p nguy\u00ean li\u1ec7u<\/h3>\n<p>Toa n\u1ea1p \u0111\u01b0\u1ee3c thi\u1ebft k\u1ebf d\u1ea1ng ph\u1ec5u r\u1ed9ng v\u1edbi s\u1ee9c ch\u1ee9a l\u1edbn h\u01b0\u1edbng d\u1ed1c v\u1ec1 bu\u1ed3ng l\u00e0m vi\u1ec7c<\/p>\n<p><img loading=\"lazy\" decoding=\"async\" class=\"aligncenter wp-image-9329 size-full\" src=\"https:\/\/congtybinhminh.com\/wp-content\/uploads\/2024\/02\/may-nghien-ngo-3-pha_result222.webp\" alt=\"may-nghien-ngo-3-pha_result222\" width=\"800\" height=\"600\" srcset=\"https:\/\/congtybinhminh.com\/wp-content\/uploads\/2024\/02\/may-nghien-ngo-3-pha_result222.webp 800w, https:\/\/congtybinhminh.com\/wp-content\/uploads\/2024\/02\/may-nghien-ngo-3-pha_result222-510x383.webp 510w, https:\/\/congtybinhminh.com\/wp-content\/uploads\/2024\/02\/may-nghien-ngo-3-pha_result222-533x400.webp 533w, https:\/\/congtybinhminh.com\/wp-content\/uploads\/2024\/02\/may-nghien-ngo-3-pha_result222-768x576.webp 768w\" sizes=\"auto, (max-width: 800px) 100vw, 800px\" \/><\/p>\n<p>\u0110\u1eb7c bi\u1ec7t, ph\u00eda tr\u01b0\u1edbc toa c\u00f3 t\u1ea5m gi\u00fap ng\u01b0\u1eddi d\u00f9ng \u0111i\u1ec1u ch\u1ec9nh l\u01b0\u1ee3ng nguy\u00ean li\u1ec7u v\u1eeba \u0111\u1ee7 xu\u1ed1ng bu\u1ed3ng nghi\u1ec1n, tr\u00e1nh \u0111\u1ec3 nguy\u00ean li\u1ec7u r\u01a1i xu\u1ed1ng qu\u00e1 nhi\u1ec1u l\u00e0m ngh\u1eb9n m\u00e1y<\/p>\n<p><img loading=\"lazy\" decoding=\"async\" class=\"aligncenter wp-image-9322 size-full\" src=\"https:\/\/congtybinhminh.com\/wp-content\/uploads\/2024\/02\/dieu-chinh-toa-nap_result222.webp\" alt=\"dieu-chinh-toa-nap_result222\" width=\"800\" height=\"436\" srcset=\"https:\/\/congtybinhminh.com\/wp-content\/uploads\/2024\/02\/dieu-chinh-toa-nap_result222.webp 800w, https:\/\/congtybinhminh.com\/wp-content\/uploads\/2024\/02\/dieu-chinh-toa-nap_result222-510x278.webp 510w, https:\/\/congtybinhminh.com\/wp-content\/uploads\/2024\/02\/dieu-chinh-toa-nap_result222-734x400.webp 734w, https:\/\/congtybinhminh.com\/wp-content\/uploads\/2024\/02\/dieu-chinh-toa-nap_result222-768x419.webp 768w\" sizes=\"auto, (max-width: 800px) 100vw, 800px\" \/><\/p>\n<h3>Bu\u1ed3ng l\u00e0m vi\u1ec7c<\/h3>\n<p>Kh\u00e1c v\u1edbi c\u00e1c d\u00f2ng m\u00e1y th\u00f4ng th\u01b0\u1eddng, c\u1ea5u t\u1ea1o m\u00e1y g\u1ed3m t\u1ed5 h\u1ee3p &#8221; bu\u1ed3ng \u0111\u1eadp &#8211; c\u00e1nh g\u1ea1t v\u00e0 c\u00e1nh qu\u1ea1t &#8221; h\u00fat to\u00e0n b\u1ed9 th\u00e0nh ph\u1ea9m n\u00ean b\u1ea7u h\u00fat gi\u00f3 t\u1ea1o n\u00ean d\u00e2y chuy\u1ec1n kh\u00e9p k\u00edn<\/p>\n<p><img loading=\"lazy\" decoding=\"async\" class=\"aligncenter wp-image-9323 size-full\" src=\"https:\/\/congtybinhminh.com\/wp-content\/uploads\/2024\/02\/may-nghien-bua-truc-ngang_result222.webp\" alt=\"may-nghien-bua-truc-ngang_result222\" width=\"800\" height=\"684\" srcset=\"https:\/\/congtybinhminh.com\/wp-content\/uploads\/2024\/02\/may-nghien-bua-truc-ngang_result222.webp 800w, https:\/\/congtybinhminh.com\/wp-content\/uploads\/2024\/02\/may-nghien-bua-truc-ngang_result222-510x436.webp 510w, https:\/\/congtybinhminh.com\/wp-content\/uploads\/2024\/02\/may-nghien-bua-truc-ngang_result222-468x400.webp 468w, https:\/\/congtybinhminh.com\/wp-content\/uploads\/2024\/02\/may-nghien-bua-truc-ngang_result222-768x657.webp 768w\" sizes=\"auto, (max-width: 800px) 100vw, 800px\" \/><\/p>\n<ul>\n<li>Bu\u1ed3ng \u0111\u1eadp g\u1ed3m: 36 b\u00faa \u0111\u1eadp k\u1ebft h\u1ee3p 7 \u0111\u0129a \u0111\u00e0 \u0111\u1eadp v\u1ee1 nguy\u00ean li\u1ec7u th\u00f4<\/li>\n<li>Bu\u1ed3ng nghi\u1ec1n g\u1ed3m 4 c\u00e1nh g\u1ea1t v\u1edbi thi\u1ebft k\u1ebf \u0111\u1ea7u v\u00e1t ch\u00e9o \u0111\u1eb7t s\u00e1t th\u00e0nh m\u00e1y. L\u00e0m nhi\u1ec7m v\u1ee5 nghi\u1ec1n ch\u1ed7 nguy\u00ean li\u1ec7u \u0111\u00e3 \u0111\u01b0\u1ee3c \u0111\u1eadp v\u1ee1 th\u00e0nh d\u1ea1ng b\u1ed9t m\u1ecbn<\/li>\n<\/ul>\n<p>\u0110\u1ec3 \u0111i\u1ec1u ch\u1ec9nh \u0111\u1ed9 m\u1ecbn c\u1ee7a th\u00e0nh ph\u1ea9m, ng\u01b0\u1eddi d\u00f9ng ch\u1ec9 c\u1ea7n linh \u0111\u1ed9ng \u0111i\u1ec1u ch\u1ec9nh tr\u1ee5c c\u00e1nh g\u1ea1t:<\/p>\n<p><img loading=\"lazy\" decoding=\"async\" class=\"aligncenter wp-image-9458 size-full\" src=\"https:\/\/congtybinhminh.com\/wp-content\/uploads\/2024\/02\/cau-tao-chi-tiet-buong-nghien-ks140-1_result222.webp\" alt=\"cau-tao-chi-tiet-buong-nghien-ks140-1_result222\" width=\"800\" height=\"846\" srcset=\"https:\/\/congtybinhminh.com\/wp-content\/uploads\/2024\/02\/cau-tao-chi-tiet-buong-nghien-ks140-1_result222.webp 800w, https:\/\/congtybinhminh.com\/wp-content\/uploads\/2024\/02\/cau-tao-chi-tiet-buong-nghien-ks140-1_result222-510x539.webp 510w, https:\/\/congtybinhminh.com\/wp-content\/uploads\/2024\/02\/cau-tao-chi-tiet-buong-nghien-ks140-1_result222-378x400.webp 378w, https:\/\/congtybinhminh.com\/wp-content\/uploads\/2024\/02\/cau-tao-chi-tiet-buong-nghien-ks140-1_result222-757x800.webp 757w, https:\/\/congtybinhminh.com\/wp-content\/uploads\/2024\/02\/cau-tao-chi-tiet-buong-nghien-ks140-1_result222-768x812.webp 768w\" sizes=\"auto, (max-width: 800px) 100vw, 800px\" \/><\/p>\n<ul>\n<li>Mu\u1ed1n nghi\u1ec1n b\u1ed9t si\u00eau m\u1ecbn: \u0111i\u1ec1u ch\u1ec9nh tr\u1ee5c c\u00e1nh g\u1ea1t lui v\u1ec1 c\u00e1nh qu\u1ea1t<\/li>\n<li>Mu\u1ed1n nghi\u1ec1n b\u1ed9t m\u1ecbn th\u01b0\u1eddng: \u0111i\u1ec1u ch\u1ec9nh tr\u1ee5c c\u00e1nh g\u1ea1t lui v\u1ec1 bu\u1ed3ng nghi\u1ec1n<\/li>\n<\/ul>\n<p>Qu\u00e1 tr\u00ecnh m\u00e1y nghi\u1ec1n li\u00ean t\u1ee5c theo nguy\u00ean l\u00fd \u0111\u1ed1i l\u01b0u tu\u1ea7n ho\u00e0n 2 qu\u1ea1t gi\u00f3 h\u00fat ng\u01b0\u1ee3c nhau nghi\u1ec1n nh\u1ecf nguy\u00ean li\u1ec7u \u0111\u1ebfn khi b\u1ed9t \u0111\u1ea1t \u0111\u1ed9 m\u1ecbn, s\u1ebd h\u00fat l\u00ean b\u1ea7u h\u00fat gi\u00f3 v\u00e0 tho\u00e1t ra ngo\u00e0i<\/p>\n<h3>\u0110\u1ed9ng c\u01a1 100% l\u00f5i d\u00e2y \u0111\u1ed3ng<\/h3>\n<p>M\u00e1y nghi\u1ec1n th\u1ee9c \u0103n ch\u0103n nu\u00f4i KS140 s\u1eed d\u1ee5ng \u0111\u1ed9ng c\u01a1 11kw ngu\u1ed3n \u0111i\u1ec7n 380V motor l\u00f5i d\u00e2y \u0111\u1ed3ng 100%<\/p>\n<p><img loading=\"lazy\" decoding=\"async\" class=\"aligncenter wp-image-9325 size-full\" src=\"https:\/\/congtybinhminh.com\/wp-content\/uploads\/2024\/02\/may-nghien-bot-3-pha-copy_result222.webp\" alt=\"may-nghien-bot-3-pha copy_result222\" width=\"800\" height=\"670\" srcset=\"https:\/\/congtybinhminh.com\/wp-content\/uploads\/2024\/02\/may-nghien-bot-3-pha-copy_result222.webp 800w, https:\/\/congtybinhminh.com\/wp-content\/uploads\/2024\/02\/may-nghien-bot-3-pha-copy_result222-510x427.webp 510w, https:\/\/congtybinhminh.com\/wp-content\/uploads\/2024\/02\/may-nghien-bot-3-pha-copy_result222-478x400.webp 478w, https:\/\/congtybinhminh.com\/wp-content\/uploads\/2024\/02\/may-nghien-bot-3-pha-copy_result222-768x643.webp 768w\" sizes=\"auto, (max-width: 800px) 100vw, 800px\" \/><\/p>\n<p>D\u00e2y curoa k\u1ebft n\u1ed1i gi\u1eefa c\u00e1c buly truy\u1ec1n l\u1ef1c t\u1eeb \u0111\u1ed9ng c\u01a1 t\u1edbi buly m\u00e1y v\u00e0 bu\u1ed3ng nghi\u1ec1n<\/p>\n<p><img loading=\"lazy\" decoding=\"async\" class=\"aligncenter wp-image-9327 size-full\" src=\"https:\/\/congtybinhminh.com\/wp-content\/uploads\/2024\/02\/bot-cam_result222.webp\" alt=\"bot-cam_result222\" width=\"800\" height=\"600\" srcset=\"https:\/\/congtybinhminh.com\/wp-content\/uploads\/2024\/02\/bot-cam_result222.webp 800w, https:\/\/congtybinhminh.com\/wp-content\/uploads\/2024\/02\/bot-cam_result222-510x383.webp 510w, https:\/\/congtybinhminh.com\/wp-content\/uploads\/2024\/02\/bot-cam_result222-533x400.webp 533w, https:\/\/congtybinhminh.com\/wp-content\/uploads\/2024\/02\/bot-cam_result222-768x576.webp 768w\" sizes=\"auto, (max-width: 800px) 100vw, 800px\" \/><\/p>\n<p>Cho n\u0103ng su\u1ea5t nghi\u1ec1n b\u1ed9t m\u1ecbn \u0111\u1ea1t kho\u1ea3ng 120 &#8211; 180 kg\/gi\u1edd, \u0111\u1ed1i v\u1edbi nghi\u1ec1n b\u1ed9t si\u00eau m\u1ecbn \u0111\u1ea1t kho\u1ea3ng 40 &#8211; 60 kg\/gi\u1edd<\/p>\n<h2>\u0110\u1ecba ch\u1ec9 mua m\u00e1y nghi\u1ec1n b\u1ed9t c\u00e1m gi\u00e1 t\u1ed1t<\/h2>\n<p>\u0110\u1ec3 \u0111\u1eb7t mua h\u00e0ng ch\u00ednh h\u00e3ng, b\u00e0 con c\u00f3 th\u1ec3 \u0111\u1ebfn tr\u1ee5 s\u1edf g\u1ea7n nh\u1ea5t c\u1ee7a c\u00f4ng ty \u0111\u1ec3 xem v\u00e0 \u0111\u1eb7t mua h\u00e0ng;<\/p>\n<ul>\n<li>Tr\u1ee5 s\u1edf ch\u00ednh: P.L\u00ea L\u1ee3i &#8211; Tx S\u01a1n T\u00e2y &#8211; H\u00e0 N\u1ed9i<\/li>\n<li>Chi nh\u00e1nh 1: kv 11 &#8211; P. H\u1ee9ng Ph\u00fa &#8211; Q. C\u00e1i R\u0103ng &#8211; Tp C\u1ea7n Th\u01a1<\/li>\n<li>Chi nh\u00e1nh 2: x\u00e3 T\u00e2n Ki\u00ean &#8211; H. B\u00ecnh Ch\u00e1nh &#8211; TP H\u1ed3 Ch\u00ed Minh<\/li>\n<\/ul>\n<p>Khi \u0111\u1ebfn \u0111\u00e2y, b\u00e0 con s\u1ebd \u0111\u01b0\u1ee3c th\u1eed nghi\u1ec7m v\u1eadn h\u00e0nh m\u00e1y d\u01b0\u1edbi s\u1ef1 h\u01b0\u1edbng d\u1eabn c\u1ee7a \u0111\u1ed9i ng\u0169 k\u1ef9 thu\u1eadt<\/p>\n<p>\u0110\u1ed1i v\u1edbi b\u00e0 con \u1edf xa, c\u00f3 th\u1ec3 li\u00ean h\u1ec7 t\u1edbi s\u1ed1 \u0111i\u1ec7n tho\u1ea1i Hotline tr\u00ean website ho\u1eb7c \u0111\u1ec3 l\u1ea1i l\u1eddi nh\u1eafn \u0111\u1ed9i ng\u0169 t\u01b0 v\u1ea5n s\u1ebd li\u00ean h\u1ec7 t\u1edbi b\u00e0 con trong th\u1eddi gian s\u1edbm nh\u1ea5t<\/p>\n<p><strong>Th\u00f4ng s\u1ed1 k\u1ef9 thu\u1eadt<\/strong><\/p>\n<table border=\"1\" cellspacing=\"1\" cellpadding=\"1\">\n<tbody>\n<tr>\n<td colspan=\"1\" rowspan=\"3\">\u0110\u1ed9ng c\u01a1<\/td>\n<td>C\u00f4ng su\u1ea5t \u0111\u1ed9ng c\u01a1<\/td>\n<td>\u00a011kw<\/td>\n<\/tr>\n<tr>\n<td>T\u1ed1c \u0111\u1ed9<\/td>\n<td>\u00a02900V\/p<\/td>\n<\/tr>\n<tr>\n<td>Ngu\u1ed3n \u0111i\u1ec7n<\/td>\n<td>380V<\/td>\n<\/tr>\n<tr>\n<td colspan=\"1\" rowspan=\"2\">B\u1ea3o h\u00e0nh<\/td>\n<td>K\u1ef9 thu\u1eadt<\/td>\n<td>\u00a006 th\u00e1ng<\/td>\n<\/tr>\n<tr>\n<td>\u0110\u1ed9ng c\u01a1<\/td>\n<td>Theo t\u1eebng h\u00e3ng s\u1ea3n xu\u1ea5t<\/td>\n<\/tr>\n<tr>\n<td>N\u0103ng su\u1ea5t<\/td>\n<td colspan=\"2\" rowspan=\"1\">Nghi\u1ec1n b\u1ed9t m\u1ecbn: 120 \u2013 180 kg\/gi\u1eddNghi\u1ec1n b\u1ed9t si\u00eau m\u1ecbn: 40 \u2013 60 kg\/gi\u1edd<\/td>\n<\/tr>\n<tr>\n<td>K\u00edch th\u01b0\u1edbc (d*c*r)<\/td>\n<td colspan=\"2\" rowspan=\"1\">\u00a0142*175*135 cm<\/td>\n<\/tr>\n<tr>\n<td>H\u00ecnh th\u1ee9c chuy\u1ec3n kho\u1ea3n<\/td>\n<td colspan=\"2\" rowspan=\"1\">Ti\u1ec1n m\u1eb7t ho\u1eb7c chuy\u1ec3n kho\u1ea3n<\/td>\n<\/tr>\n<\/tbody>\n<\/table>\n","protected":false},"excerpt":{"rendered":"<ul>\n<li><strong>H\u00e3ng s\u1ea3n xu\u1ea5t:<\/strong> B\u00ecnh Minh<\/li>\n<li><strong>C\u00f4ng su\u1ea5t \u0111\u1ed9ng c\u01a1:<\/strong>\u00a011kw<\/li>\n<li><strong>T\u1ed1c \u0111\u1ed9<\/strong>: 2900 v\/p<\/li>\n<li><strong>Ngu\u1ed3n \u0111i\u1ec7n:<\/strong>\u00a0380V<\/li>\n<li><strong>N\u0103ng su\u1ea5t nghi\u1ec1n b\u1ed9t m\u1ecbn:<\/strong>\u00a0120 \u2013 180 kg\/gi\u1edd<\/li>\n<li><strong>N\u0103ng su\u1ea5t nghi\u1ec1n b\u1ed9t si\u00eau m\u1ecbn:<\/strong>\u00a040 \u2013 60 kg\/gi\u1edd<\/li>\n<li><strong>K\u00edch th\u01b0\u1edbc (d*c*r):<\/strong>\u00a0142*175*135 cm<\/li>\n<li><strong>T\u00ednh n\u0103ng:<\/strong>\u00a0m\u00e1y chuy\u00ean nghi\u1ec1n g\u1ea1o, c\u00e1c lo\u1ea1i n\u00f4ng ph\u1ea9m kh\u00f4 .. th\u00e0nh d\u1ea1ng b\u1ed9t m\u1ecbn v\u00e0 b\u1ed9t si\u00eau m\u1ecbn<\/li>\n<\/ul>\n","protected":false},"featured_media":9314,"comment_status":"closed","ping_status":"closed","template":"","meta":[],"product_brand":[],"product_cat":[32],"product_tag":[],"class_list":{"0":"post-9313","1":"product","2":"type-product","3":"status-publish","4":"has-post-thumbnail","6":"product_cat-may-nghien","8":"first","9":"instock","10":"shipping-taxable","11":"product-type-simple"},"_links":{"self":[{"href":"https:\/\/congtybinhminh.com\/index.php?rest_route=\/wp\/v2\/product\/9313","targetHints":{"allow":["GET"]}}],"collection":[{"href":"https:\/\/congtybinhminh.com\/index.php?rest_route=\/wp\/v2\/product"}],"about":[{"href":"https:\/\/congtybinhminh.com\/index.php?rest_route=\/wp\/v2\/types\/product"}],"replies":[{"embeddable":true,"href":"https:\/\/congtybinhminh.com\/index.php?rest_route=%2Fwp%2Fv2%2Fcomments&post=9313"}],"wp:featuredmedia":[{"embeddable":true,"href":"https:\/\/congtybinhminh.com\/index.php?rest_route=\/wp\/v2\/media\/9314"}],"wp:attachment":[{"href":"https:\/\/congtybinhminh.com\/index.php?rest_route=%2Fwp%2Fv2%2Fmedia&parent=9313"}],"wp:term":[{"taxonomy":"product_brand","embeddable":true,"href":"https:\/\/congtybinhminh.com\/index.php?rest_route=%2Fwp%2Fv2%2Fproduct_brand&post=9313"},{"taxonomy":"product_cat","embeddable":true,"href":"https:\/\/congtybinhminh.com\/index.php?rest_route=%2Fwp%2Fv2%2Fproduct_cat&post=9313"},{"taxonomy":"product_tag","embeddable":true,"href":"https:\/\/congtybinhminh.com\/index.php?rest_route=%2Fwp%2Fv2%2Fproduct_tag&post=9313"}],"curies":[{"name":"wp","href":"https:\/\/api.w.org\/{rel}","templated":true}]}}