{"id":9229,"date":"2024-01-03T16:36:32","date_gmt":"2024-01-03T09:36:32","guid":{"rendered":"https:\/\/congtybinhminh.com\/?post_type=product&#038;p=9229"},"modified":"2024-01-03T16:36:35","modified_gmt":"2024-01-03T09:36:35","slug":"may-say-bang-chuyen","status":"publish","type":"product","link":"https:\/\/congtybinhminh.com\/?product=may-say-bang-chuyen","title":{"rendered":"M\u00e1y s\u1ea5y b\u0103ng chuy\u1ec1n"},"content":{"rendered":"<h2>Video ho\u1ea1t \u0111\u1ed9ng m\u00e1y s\u1ea5y b\u0103ng chuy\u1ec1n<\/h2>\n<p><iframe loading=\"lazy\" title=\"C\u00e1ch L\u00e0m C\u00e1m Vi\u00ean N\u1ed5i Chi Ti\u1ebft C\u1ee5 Th\u1ec3 V\u1edbi H\u1ec7 Th\u1ed1ng M\u00e1y Hi\u1ec7n \u0110\u1ea1i\" width=\"1020\" height=\"574\" src=\"https:\/\/www.youtube.com\/embed\/OnNciX6NkYc?feature=oembed\" frameborder=\"0\" allow=\"accelerometer; autoplay; clipboard-write; encrypted-media; gyroscope; picture-in-picture; web-share\" allowfullscreen><\/iframe><\/p>\n<h2>Gi\u1edbi thi\u1ec7u m\u00e1y s\u1ea5y b\u0103ng chuy\u1ec1n<\/h2>\n<p>M\u00e1y s\u1ea5y b\u0103ng chuy\u1ec1n hay c\u00f2n g\u1ecdi l\u00e0 m\u00e1y s\u1ea5y c\u00e1m vi\u00ean b\u1eb1ng chuy\u1ec1n t\u1ef1 \u0111\u1ed9ng do c\u00f4ng ty B\u00ecnh Minh s\u1ea3n xu\u1ea5t<\/p>\n<p><img loading=\"lazy\" decoding=\"async\" class=\"aligncenter wp-image-9235 size-full\" src=\"https:\/\/congtybinhminh.com\/wp-content\/uploads\/2024\/01\/may-say-bang-chuyen_result222-1.webp\" alt=\"may-say-bang-chuyen_result222\" width=\"800\" height=\"600\" srcset=\"https:\/\/congtybinhminh.com\/wp-content\/uploads\/2024\/01\/may-say-bang-chuyen_result222-1.webp 800w, https:\/\/congtybinhminh.com\/wp-content\/uploads\/2024\/01\/may-say-bang-chuyen_result222-1-510x383.webp 510w, https:\/\/congtybinhminh.com\/wp-content\/uploads\/2024\/01\/may-say-bang-chuyen_result222-1-533x400.webp 533w, https:\/\/congtybinhminh.com\/wp-content\/uploads\/2024\/01\/may-say-bang-chuyen_result222-1-768x576.webp 768w\" sizes=\"auto, (max-width: 800px) 100vw, 800px\" \/><\/p>\n<p>Thi\u1ebft b\u1ecb h\u1ed7 tr\u1ee3 s\u1ea5y l\u00e0m gi\u1ea3m \u0111\u1ed9 \u1ea9m c\u00f3 trong vi\u00ean c\u00e1m, g\u00f3p ph\u1ea7n gi\u00fap b\u1ea3o qu\u1ea3n d\u1ef1 tr\u1eef h\u1ea1n ch\u1ebf n\u1ea5m m\u1ed1c. Th\u00edch h\u1ee3p s\u1eed d\u1ee5ng t\u1ea1i c\u00e1c h\u1ed9 gia \u0111\u00ecnh, c\u00e1c trang tr\u1ea1i hay c\u00e1c nh\u00e0 m\u00e1y s\u1ea3n xu\u1ea5t c\u00e1m s\u1ed1 l\u01b0\u1ee3ng l\u1edbn<\/p>\n<h2>C\u1ea5u t\u1ea1o m\u00e1y s\u1ea5y b\u0103ng chuy\u1ec1n<\/h2>\n<h3>Khung m\u00e1y ch\u1eafc ch\u1eafn<\/h3>\n<p>Thu\u1ed9c d\u00f2ng m\u00e1y c\u00f4ng nghi\u1ec7p, m\u00e1y \u0111\u01b0\u1ee3c thi\u1ebft k\u1ebf hi\u1ec7n \u0111\u1ea1i v\u1edbi ph\u1ea7n khung m\u00e1y \u0111\u01b0\u1ee3c h\u00e0n g\u1eafn ch\u1eafc ch\u1eafn kh\u00f4ng g\u00e2y rung l\u1eafc trong qu\u00e1 tr\u00ecnh ho\u1ea1t \u0111\u1ed9ng<\/p>\n<p><img loading=\"lazy\" decoding=\"async\" class=\"aligncenter wp-image-9236 size-full\" src=\"https:\/\/congtybinhminh.com\/wp-content\/uploads\/2024\/01\/cau-tao-may-say-bang-chuyen-binh-minh_result222.webp\" alt=\"cau-tao-may-say-bang-chuyen-binh-minh_result222\" width=\"800\" height=\"618\" srcset=\"https:\/\/congtybinhminh.com\/wp-content\/uploads\/2024\/01\/cau-tao-may-say-bang-chuyen-binh-minh_result222.webp 800w, https:\/\/congtybinhminh.com\/wp-content\/uploads\/2024\/01\/cau-tao-may-say-bang-chuyen-binh-minh_result222-510x394.webp 510w, https:\/\/congtybinhminh.com\/wp-content\/uploads\/2024\/01\/cau-tao-may-say-bang-chuyen-binh-minh_result222-518x400.webp 518w, https:\/\/congtybinhminh.com\/wp-content\/uploads\/2024\/01\/cau-tao-may-say-bang-chuyen-binh-minh_result222-768x593.webp 768w\" sizes=\"auto, (max-width: 800px) 100vw, 800px\" \/><\/p>\n<h3>Toa n\u1ea1p v\u00e0 c\u1eeda x\u1ea3<\/h3>\n<p>Nguy\u00ean li\u1ec7u khi \u0111\u01b0\u1ee3c \u0111\u01b0a v\u00e0o s\u00e0ng t\u00e1ch v\u00e0 r\u1ea3i \u0111\u1ec1u th\u00e0nh ph\u1ea9m l\u00ean b\u0103ng t\u1ea3i l\u01b0\u1edbi t\u1ef1 \u0111\u1ed9ng \u0111i v\u00e0o b\u1eb1ng t\u1ea3i s\u1ea5y.<\/p>\n<p><img loading=\"lazy\" decoding=\"async\" class=\"aligncenter wp-image-9239 size-full\" src=\"https:\/\/congtybinhminh.com\/wp-content\/uploads\/2024\/01\/sang-tach-hat_result222.webp\" alt=\"sang-tach-hat_result222\" width=\"800\" height=\"591\" srcset=\"https:\/\/congtybinhminh.com\/wp-content\/uploads\/2024\/01\/sang-tach-hat_result222.webp 800w, https:\/\/congtybinhminh.com\/wp-content\/uploads\/2024\/01\/sang-tach-hat_result222-510x377.webp 510w, https:\/\/congtybinhminh.com\/wp-content\/uploads\/2024\/01\/sang-tach-hat_result222-541x400.webp 541w, https:\/\/congtybinhminh.com\/wp-content\/uploads\/2024\/01\/sang-tach-hat_result222-768x567.webp 768w\" sizes=\"auto, (max-width: 800px) 100vw, 800px\" \/><\/p>\n<p>K\u1ebft th\u00fac qu\u00e1 tr\u00ecnh s\u1ea5y, b\u0103ng t\u1ea3i s\u1ebd \u0111\u01b0a c\u00e1m vi\u00ean ra ngo\u00e0i c\u1eeda x\u1ea3<\/p>\n<p><img loading=\"lazy\" decoding=\"async\" class=\"aligncenter wp-image-9240 size-full\" src=\"https:\/\/congtybinhminh.com\/wp-content\/uploads\/2024\/01\/cua-xa-thanh-pham_result222.webp\" alt=\"cua-xa-thanh-pham_result222\" width=\"800\" height=\"591\" srcset=\"https:\/\/congtybinhminh.com\/wp-content\/uploads\/2024\/01\/cua-xa-thanh-pham_result222.webp 800w, https:\/\/congtybinhminh.com\/wp-content\/uploads\/2024\/01\/cua-xa-thanh-pham_result222-510x377.webp 510w, https:\/\/congtybinhminh.com\/wp-content\/uploads\/2024\/01\/cua-xa-thanh-pham_result222-541x400.webp 541w, https:\/\/congtybinhminh.com\/wp-content\/uploads\/2024\/01\/cua-xa-thanh-pham_result222-768x567.webp 768w\" sizes=\"auto, (max-width: 800px) 100vw, 800px\" \/><\/p>\n<h3>Thi\u1ebft k\u1ebf 3 t\u1ea7ng b\u0103ng t\u1ea3i<\/h3>\n<p>B\u00ean trong t\u1ee7 s\u1ea5y \u0111\u01b0\u1ee3c thi\u1ebft k\u1ebf h\u1ec7 th\u1ed1ng b\u0103ng truy\u1ec1n chuy\u1ec3n \u0111\u1ed9ng 3 t\u1ea7ng r\u1ed9ng d\u1ea1ng l\u01b0\u1edbi ch\u1ecbu nhi\u1ec7t t\u1ed1t. Kh\u00f4ng b\u1ecb h\u01b0 h\u1ecfng trong m\u00f4i tr\u01b0\u1eddng nhi\u1ec7t \u0111\u1ed9 s\u1ea5y cao<\/p>\n<p><img loading=\"lazy\" decoding=\"async\" class=\"aligncenter wp-image-9238 size-full\" src=\"https:\/\/congtybinhminh.com\/wp-content\/uploads\/2024\/01\/may-say-cam-bang-chuyen_result222.webp\" alt=\"may-say-cam-bang-chuyen_result222\" width=\"800\" height=\"494\" srcset=\"https:\/\/congtybinhminh.com\/wp-content\/uploads\/2024\/01\/may-say-cam-bang-chuyen_result222.webp 800w, https:\/\/congtybinhminh.com\/wp-content\/uploads\/2024\/01\/may-say-cam-bang-chuyen_result222-510x315.webp 510w, https:\/\/congtybinhminh.com\/wp-content\/uploads\/2024\/01\/may-say-cam-bang-chuyen_result222-648x400.webp 648w, https:\/\/congtybinhminh.com\/wp-content\/uploads\/2024\/01\/may-say-cam-bang-chuyen_result222-768x474.webp 768w\" sizes=\"auto, (max-width: 800px) 100vw, 800px\" \/><\/p>\n<p>Vi\u00ean c\u00e1m s\u1ebd di chuy\u1ec3n qua c\u00e1c t\u1ea7ng b\u0103ng t\u1ea3i t\u1eeb cao xu\u1ed1ng th\u1ea5p, nguy\u00ean li\u1ec7u \u0111\u01b0\u1ee3c c\u1ea5p v\u00e0 ti\u1ebfp n\u1ed1i li\u00ean t\u1ee5c qua c\u00e1c b\u0103ng t\u1ea3i t\u1ea1o l\u00ean chu tr\u00ecnh l\u00e0m vi\u1ec7c kh\u00e9p k\u00edn<\/p>\n<h3>H\u1ec7 th\u1ed1ng gia nhi\u1ec7t \u1ed5n \u0111\u1ecbnh<\/h3>\n<p>M\u00e1y s\u1ea5y b\u0103ng chuy\u1ec1n thi\u1ebft k\u1ebf v\u1edbi 21 thanh nhi\u1ec7t, m\u1ed7i thanh nhi\u1ec7t c\u00f3 c\u00f4ng su\u1ea5t 800W cung c\u1ea5p m\u1ed9t l\u01b0\u1ee3ng nhi\u1ec7t trong su\u1ed1t qu\u00e1 tr\u00ecnh s\u1ea5y trong kho\u1ea3ng 80 &#8211; 90 \u0111\u1ed9 C<\/p>\n<p><img loading=\"lazy\" decoding=\"async\" class=\"size-medium wp-image-9242 aligncenter\" src=\"https:\/\/congtybinhminh.com\/wp-content\/uploads\/2024\/01\/thanh-nhiet_result222-771x400.webp\" alt=\"thanh-nhi\u1eb9t_result222\" width=\"771\" height=\"400\" srcset=\"https:\/\/congtybinhminh.com\/wp-content\/uploads\/2024\/01\/thanh-nhiet_result222-771x400.webp 771w, https:\/\/congtybinhminh.com\/wp-content\/uploads\/2024\/01\/thanh-nhiet_result222-510x265.webp 510w, https:\/\/congtybinhminh.com\/wp-content\/uploads\/2024\/01\/thanh-nhiet_result222-768x398.webp 768w, https:\/\/congtybinhminh.com\/wp-content\/uploads\/2024\/01\/thanh-nhiet_result222.webp 800w\" sizes=\"auto, (max-width: 771px) 100vw, 771px\" \/><\/p>\n<p>\u0110\u1ed3ng th\u1eddi, h\u1ec7 th\u1ed1ng 2 qu\u1ea1t gi\u00f3 ph\u00eda tr\u00ean n\u00f3c t\u1ee7 s\u1ebd t\u1ea3n nhi\u1ec7t kh\u1eafp bu\u1ed3ng s\u1ea5y \u0111\u1ea3m b\u1ea3o t\u1eebng vi\u00ean c\u00e1m \u0111\u01b0\u1ee3c kh\u00f4 \u0111\u1ec1u t\u1eeb trong ra ngo\u00e0i xuy\u00ean su\u1ed1t qu\u00e1 tr\u00ecnh s\u1ea5y<\/p>\n<h3>Thi\u1ebft k\u1ebf an to\u00e0n &#8211; ti\u1ebft ki\u1ec7m \u0111i\u1ec7n n\u0103ng<\/h3>\n<p>Trang b\u1ecb t\u1ee7 \u0111i\u1ec7n \u0111i\u1ec1u khi\u1ec3n v\u1edbi c\u00e1c n\u00fat ch\u1ebf \u0111\u1ed9 l\u00e0m vi\u1ec7c g\u1ed3m:<\/p>\n<ul>\n<li>\u0110\u00e8n v\u00f4n: b\u00e1o hi\u1ec7u ngu\u1ed3n \u0111i\u1ec7n \u0111\u1ee7 t\u1ea3i<\/li>\n<li>\u0110\u1ed3ng h\u1ed3 nhi\u1ec7t: \u0111i\u1ec1u ch\u1ec9nh nhi\u1ec7t \u0111\u1ed9 bu\u1ed3ng s\u1ea5y<\/li>\n<li>T\u1ed1c \u0111\u1ed9 b\u0103ng t\u1ea3i<\/li>\n<li>\u0110\u00e8n ngu\u1ed3n: b\u1eadt s\u00e1ng khi k\u1ebft n\u1ed1i v\u1edbi t\u1ee7 \u0111i\u1ec7n<\/li>\n<li>C\u00f4ng t\u1eafc qu\u1ea1t: k\u1ebft n\u1ed1i v\u1edbi thi\u1ebft b\u1ecb h\u1ed7 tr\u1ee3 th\u1ed5i c\u00e1m v\u00e0 2 qu\u1ea1t t\u1ea3n nhi\u1ec7t tr\u00ean n\u00f3c t\u1ee7<\/li>\n<li>C\u00f4ng t\u1eafc s\u01b0\u1edfi: kh\u1edfi \u0111\u1ed9ng 21 thanh nhi\u1ec7t<\/li>\n<li>C\u00f4ng t\u1eafc b\u0103ng t\u1ea3i: kh\u1edfi \u0111\u1ed9ng b\u0103ng t\u1ea3i<\/li>\n<\/ul>\n<p><img loading=\"lazy\" decoding=\"async\" class=\"aligncenter wp-image-9241 size-full\" src=\"https:\/\/congtybinhminh.com\/wp-content\/uploads\/2024\/01\/bang-dieu-khien-may-say-bang-chuyen_result222.webp\" alt=\"bang-dieu-khien-may-say-bang-chuyen_result222\" width=\"800\" height=\"591\" srcset=\"https:\/\/congtybinhminh.com\/wp-content\/uploads\/2024\/01\/bang-dieu-khien-may-say-bang-chuyen_result222.webp 800w, https:\/\/congtybinhminh.com\/wp-content\/uploads\/2024\/01\/bang-dieu-khien-may-say-bang-chuyen_result222-510x377.webp 510w, https:\/\/congtybinhminh.com\/wp-content\/uploads\/2024\/01\/bang-dieu-khien-may-say-bang-chuyen_result222-541x400.webp 541w, https:\/\/congtybinhminh.com\/wp-content\/uploads\/2024\/01\/bang-dieu-khien-may-say-bang-chuyen_result222-768x567.webp 768w\" sizes=\"auto, (max-width: 800px) 100vw, 800px\" \/><\/p>\n<p>\u0110\u1eb7c bi\u1ec7t, nhi\u1ec7t \u0111\u1ed9 tong qu\u00e1 tr\u00ecnh s\u1ea5y khi \u0111\u1ee7 nhi\u1ec7t s\u1ebd t\u1ef1 ng\u1eaft nhi\u1ec7t v\u00e0 duy tr\u00ec nhi\u1ec7t \u0111\u1ed9 g\u00f3p ph\u1ea7n ti\u1ebft ki\u1ec7m \u0111i\u1ec7n n\u0103ng v\u00e0 an to\u00e0n khi s\u1eed dung<\/p>\n<p><img loading=\"lazy\" decoding=\"async\" class=\"aligncenter wp-image-9244 size-full\" src=\"https:\/\/congtybinhminh.com\/wp-content\/uploads\/2024\/01\/3-tang-say-cam_result222.webp\" alt=\"3-tang-say-cam_result222\" width=\"800\" height=\"539\" srcset=\"https:\/\/congtybinhminh.com\/wp-content\/uploads\/2024\/01\/3-tang-say-cam_result222.webp 800w, https:\/\/congtybinhminh.com\/wp-content\/uploads\/2024\/01\/3-tang-say-cam_result222-510x344.webp 510w, https:\/\/congtybinhminh.com\/wp-content\/uploads\/2024\/01\/3-tang-say-cam_result222-594x400.webp 594w, https:\/\/congtybinhminh.com\/wp-content\/uploads\/2024\/01\/3-tang-say-cam_result222-768x517.webp 768w\" sizes=\"auto, (max-width: 800px) 100vw, 800px\" \/><\/p>\n<p>Trung b\u00ecnh t\u1ed1c \u0111\u1ed9 t\u1ed1i \u0111a b\u0103ng t\u1ea3i ch\u1ea1y kho\u1ea3ng 30 v\u00f2ng\/ph\u00fat v\u00e0 th\u1eddi gian t\u00ednh t\u1eeb l\u00fac nguy\u00ean li\u1ec7u \u0111i v\u00e0o s\u1ea5y v\u00e0 \u0111i ra c\u1eeda x\u1ea3 kho\u1ea3ng 3 ph\u00fat l\u00e0 b\u00e0 con s\u1ebd thu \u0111\u01b0\u1ee3c th\u00e0nh ph\u1ea9m<\/p>\n<h2>D\u00e2y chuy\u1ec1n l\u00e0m c\u00e1m hi\u1ec7n \u0111\u1ea1i<\/h2>\n<p>\u0110\u1ec3 n\u00e2ng cao ch\u1ea5t l\u01b0\u1ee3ng t\u1eebng vi\u00ean c\u00e1m, b\u1ea1n n\u00ean s\u1eed d\u1ee5ng d\u00e2y chuy\u1ec1n l\u00e0m c\u00e1m vi\u00ean do c\u00f4ng ty B\u00ecnh Minh s\u1ea3n xu\u1ea5t, bao g\u1ed3m:<\/p>\n<p><img loading=\"lazy\" decoding=\"async\" class=\"aligncenter wp-image-9243 size-full\" src=\"https:\/\/congtybinhminh.com\/wp-content\/uploads\/2024\/01\/day-chuyen-say-cam_result222.webp\" alt=\"day-chuyen-say-cam_result222\" width=\"800\" height=\"539\" srcset=\"https:\/\/congtybinhminh.com\/wp-content\/uploads\/2024\/01\/day-chuyen-say-cam_result222.webp 800w, https:\/\/congtybinhminh.com\/wp-content\/uploads\/2024\/01\/day-chuyen-say-cam_result222-510x344.webp 510w, https:\/\/congtybinhminh.com\/wp-content\/uploads\/2024\/01\/day-chuyen-say-cam_result222-594x400.webp 594w, https:\/\/congtybinhminh.com\/wp-content\/uploads\/2024\/01\/day-chuyen-say-cam_result222-768x517.webp 768w\" sizes=\"auto, (max-width: 800px) 100vw, 800px\" \/><\/p>\n<ul>\n<li>M\u00e1y tr\u1ed9n th\u1ee9c \u0103n ch\u0103n nu\u00f4i 150K<\/li>\n<li>M\u00e1y \u0111\u00f9n vi\u00ean th\u1ee9c \u0103n ch\u0103n nu\u00f4i 150K<\/li>\n<li>Thi\u1ebft b\u1ecb th\u1ed5i s\u00e0ng m\u00e1ng h\u1ee9ng c\u00e1m<\/li>\n<li>M\u00e1y s\u1ea5y b\u0103ng chuy\u1ec1n<\/li>\n<\/ul>\n<p>M\u00f4 h\u00ecnh gi\u00fap c\u00e1c h\u1ed9 gia \u0111\u00ecnh,trang tr\u1ea1i hay c\u01a1 s\u1edf s\u1ea3n xu\u1ea5t c\u00e1m m\u1edf r\u1ed9ng quy m\u00f4 \u0111\u1ea7u t\u01b0 t\u1ed1i \u01b0u h\u00f3a c\u00e1c kh\u00e2u s\u1ea3n xu\u1ea5t<\/p>\n<h2>\u0110\u1ecba ch\u1ec9 mua m\u00e1y s\u1ea5y b\u0103ng chuy\u1ec1n ch\u00ednh h\u00e3ng<\/h2>\n<p>C\u00f4ng ty B\u00ecnh Minh \u2013 \u0111\u01a1n v\u1ecb tr\u1ef1c ti\u1ebfp s\u1ea3n xu\u1ea5t c\u00e1c d\u00f2ng m\u00e1y n\u00f4ng nghi\u1ec7p \u2013 c\u00f4ng nghi\u1ec7p v\u1edbi cam k\u1ebft h\u00e0ng m\u1edbi ch\u00ednh h\u00e3ng 100% \u2013 kh\u00f4ng qua \u0111\u1ea1i l\u00fd trung gian<\/p>\n<p><img loading=\"lazy\" decoding=\"async\" class=\"aligncenter wp-image-9237 size-full\" src=\"https:\/\/congtybinhminh.com\/wp-content\/uploads\/2024\/01\/mua-may-say-bang-chuyen_result222.webp\" alt=\"mua-may-say-bang-chuyen_result222\" width=\"800\" height=\"604\" srcset=\"https:\/\/congtybinhminh.com\/wp-content\/uploads\/2024\/01\/mua-may-say-bang-chuyen_result222.webp 800w, https:\/\/congtybinhminh.com\/wp-content\/uploads\/2024\/01\/mua-may-say-bang-chuyen_result222-510x385.webp 510w, https:\/\/congtybinhminh.com\/wp-content\/uploads\/2024\/01\/mua-may-say-bang-chuyen_result222-530x400.webp 530w, https:\/\/congtybinhminh.com\/wp-content\/uploads\/2024\/01\/mua-may-say-bang-chuyen_result222-768x580.webp 768w\" sizes=\"auto, (max-width: 800px) 100vw, 800px\" \/><\/p>\n<p>\u0110\u1ec3 \u0111\u1eb7t mua h\u00e0ng ch\u00ednh h\u00e3ng, b\u00e0 con c\u00f3 th\u1ec3 \u0111\u1ebfn tr\u1ef1c ti\u1ebfp tr\u1ee5c s\u1edf g\u1ea7n nh\u1ea5t c\u1ee7a c\u00f4ng ty \u0111\u1ec3 xem v\u00e0 \u0111\u1eb7t mua h\u00e0ng<\/p>\n<ul>\n<li>Tr\u1ee5 s\u1edf ch\u00ednh: P. L\u00ea L\u1ee3i \u2013 Tx S\u01a1n T\u00e2y \u2013 H\u00e0 N\u1ed9i<\/li>\n<li>Chi nh\u00e1nh 1: kv 11 \u2013 P. H\u01b0ng Ph\u00fa \u2013 Q. C\u00e1i R\u0103ng \u2013 TP C\u1ea7n Th\u01a1<\/li>\n<li>Chi nh\u00e1nh 2: x\u00e3 T\u00e2n Ki\u00ean \u2013 H. B\u00ecnh Ch\u00e1nh \u2013 TP H\u1ed3 Ch\u00ed Minh<\/li>\n<\/ul>\n<p>Khi \u0111\u1ebfn \u0111\u00e2y, b\u00e0 con c\u00f3 th\u1ec3 tr\u1ea3i nghi\u1ec7m v\u1eadn h\u00e0nh m\u00e1y d\u01b0\u1edbi s\u1ef1 h\u01b0\u1edbng d\u1eabn c\u1ee7a \u0111\u1ed9i ng\u0169 k\u1ef9 thu\u1eadt<\/p>\n<p>\u0110\u1ed1i v\u1edbi b\u00e0 con \u1edf xa, c\u00f3 th\u1ec3 li\u00ean h\u1ec7 t\u1edbi s\u1ed1 Hotline tr\u00ean website \u0111\u1ec3 \u0111\u01b0\u1ee3c t\u01b0 v\u1ea5n mi\u1ec5n ph\u00ed<\/p>\n<p><strong>Th\u00f4ng s\u1ed1 k\u1ef9 thu\u1eadt\u00a0<\/strong><\/p>\n<table border=\"1\" width=\"601\" cellspacing=\"1\" cellpadding=\"1\">\n<tbody>\n<tr>\n<td colspan=\"1\" rowspan=\"3\">\u0110\u1ed9ng c\u01a1<\/td>\n<td>C\u00f4ng su\u1ea5t ti\u00eau th\u1ee5 nhi\u1ec7t<\/td>\n<td>21thanh nhi\u1ec7t( m\u1ed7i thanh nhi\u1ec7t c\u00f3 c\u00f4ng su\u1ea5t 800W)<\/td>\n<\/tr>\n<tr>\n<td>Ngu\u1ed3n \u0111i\u1ec7n<\/td>\n<td>380 V<\/td>\n<\/tr>\n<tr>\n<td>T\u1ed1c \u0111\u1ed9<\/td>\n<td>v\/p<\/td>\n<\/tr>\n<tr>\n<td colspan=\"1\" rowspan=\"2\">Tr\u1ecdng l\u01b0\u1ee3ng m\u00e1y<\/td>\n<td>Nguy\u00ean b\u1ed9<\/td>\n<td>\u00a0710 (kg) ( kh\u00f4ng b\u1ea7u gi\u00f3)<\/td>\n<\/tr>\n<tr>\n<td>Kh\u00f4ng \u0111\u1ed9ng c\u01a1<\/td>\n<td>\u00a0(kg)<\/td>\n<\/tr>\n<tr>\n<td colspan=\"1\" rowspan=\"2\">B\u1ea3o h\u00e0nh<\/td>\n<td>K\u1ef9 thu\u1eadt<\/td>\n<td>\u00a006 th\u00e1ng<\/td>\n<\/tr>\n<tr>\n<td>\u0110\u1ed9ng c\u01a1<\/td>\n<td>Theo t\u1eebng h\u00e3ng s\u1ea3n xu\u1ea5t<\/td>\n<\/tr>\n<tr>\n<td>\u00a0N\u0103ng su\u1ea5t<\/td>\n<td colspan=\"2\" rowspan=\"1\">\u00a0kg\/gi\u1edd<\/td>\n<\/tr>\n<tr>\n<td>\u00a0K\u00edch th\u01b0\u1edbc (D*C*R)<\/td>\n<td colspan=\"2\" rowspan=\"1\">360*180*104 cm ( kh\u00f4ng c\u00f3 b\u1ea7u c\u1eaft gi\u00f3)<\/td>\n<\/tr>\n<tr>\n<td>H\u00ecnh th\u1ee9c thanh to\u00e1n<\/td>\n<td colspan=\"2\" rowspan=\"1\">Ti\u1ec1n m\u1eb7t ho\u1eb7c chuy\u1ec3n kho\u1ea3n<\/td>\n<\/tr>\n<\/tbody>\n<\/table>\n","protected":false},"excerpt":{"rendered":"<ul>\n<li><strong>H\u00e3ng s\u1ea3n xu\u1ea5t:<\/strong> B\u00ecnh Minh<\/li>\n<li><strong>C\u00f4ng su\u1ea5t ti\u00eau th\u1ee5 nhi\u1ec7t:<\/strong>\u00a021 thanh nhi\u1ec7t\u00a0<strong>(\u00a0<\/strong>m\u1ed7i thanh nhi\u1ec7t c\u00f3 c\u00f4ng su\u1ea5t nhi\u1ec7t ti\u00eau th\u1ee5 800W \/1 thanh)<\/li>\n<li><strong>K\u00edch th\u01b0\u1edbc (D*C*R):<\/strong>\u00a0360*180*104 cm<\/li>\n<li><strong>T\u00ednh n\u0103ng:<\/strong>\u00a0Thi\u1ebft b\u1ecb chuy\u00ean d\u00f9ng s\u1ea5y l\u00e0m gi\u1ea3m \u0111\u1ed9 \u1ea9m c\u00f3 trong vi\u00ean c\u00e1m, thu\u1eadn ti\u1ec7n trong qu\u00e1 tr\u00ecnh b\u1ea3o qu\u1ea3n, h\u1ea1n ch\u1ebf n\u1ea5m m\u1ed1c,<\/li>\n<\/ul>\n","protected":false},"featured_media":9231,"comment_status":"closed","ping_status":"closed","template":"","meta":[],"product_brand":[],"product_cat":[42],"product_tag":[],"class_list":{"0":"post-9229","1":"product","2":"type-product","3":"status-publish","4":"has-post-thumbnail","6":"product_cat-may-dun-vien","8":"first","9":"instock","10":"shipping-taxable","11":"product-type-simple"},"_links":{"self":[{"href":"https:\/\/congtybinhminh.com\/index.php?rest_route=\/wp\/v2\/product\/9229","targetHints":{"allow":["GET"]}}],"collection":[{"href":"https:\/\/congtybinhminh.com\/index.php?rest_route=\/wp\/v2\/product"}],"about":[{"href":"https:\/\/congtybinhminh.com\/index.php?rest_route=\/wp\/v2\/types\/product"}],"replies":[{"embeddable":true,"href":"https:\/\/congtybinhminh.com\/index.php?rest_route=%2Fwp%2Fv2%2Fcomments&post=9229"}],"wp:featuredmedia":[{"embeddable":true,"href":"https:\/\/congtybinhminh.com\/index.php?rest_route=\/wp\/v2\/media\/9231"}],"wp:attachment":[{"href":"https:\/\/congtybinhminh.com\/index.php?rest_route=%2Fwp%2Fv2%2Fmedia&parent=9229"}],"wp:term":[{"taxonomy":"product_brand","embeddable":true,"href":"https:\/\/congtybinhminh.com\/index.php?rest_route=%2Fwp%2Fv2%2Fproduct_brand&post=9229"},{"taxonomy":"product_cat","embeddable":true,"href":"https:\/\/congtybinhminh.com\/index.php?rest_route=%2Fwp%2Fv2%2Fproduct_cat&post=9229"},{"taxonomy":"product_tag","embeddable":true,"href":"https:\/\/congtybinhminh.com\/index.php?rest_route=%2Fwp%2Fv2%2Fproduct_tag&post=9229"}],"curies":[{"name":"wp","href":"https:\/\/api.w.org\/{rel}","templated":true}]}}