{"id":9185,"date":"2023-11-28T08:53:54","date_gmt":"2023-11-28T01:53:54","guid":{"rendered":"https:\/\/congtybinhminh.com\/?post_type=product&#038;p=9185"},"modified":"2023-11-29T10:24:56","modified_gmt":"2023-11-29T03:24:56","slug":"may-nghien-thuc-an-chan-nuoi-bt14","status":"publish","type":"product","link":"https:\/\/congtybinhminh.com\/?product=may-nghien-thuc-an-chan-nuoi-bt14","title":{"rendered":"M\u00e1y nghi\u1ec1n th\u1ee9c \u0103n ch\u0103n nu\u00f4i BT14"},"content":{"rendered":"<h2>Video ho\u1ea1t \u0111\u1ed9ng m\u00e1y nghi\u1ec1n th\u1ee9c \u0103n ch\u0103n nu\u00f4i BT14<\/h2>\n<p><iframe loading=\"lazy\" title=\"M\u00e1y Nghi\u1ec1n B\u1ed9t Kh\u00f4 Inox 14 C\u00f4ng Ty B\u00ecnh Minh (H\u00e0ng \u0110\u1eb7t)\" width=\"1020\" height=\"574\" src=\"https:\/\/www.youtube.com\/embed\/wJ4mj_yJ3-A?feature=oembed\" frameborder=\"0\" allow=\"accelerometer; autoplay; clipboard-write; encrypted-media; gyroscope; picture-in-picture; web-share\" allowfullscreen><\/iframe><\/p>\n<h2>Gi\u1edbi thi\u1ec7u m\u00e1y nghi\u1ec1n th\u1ee9c \u0103n ch\u0103n nu\u00f4i BT14<\/h2>\n<p>M\u00e1y nghi\u1ec1n th\u1ee9c \u0103n ch\u0103n nu\u00f4i BT14 hay con g\u1ecdi l\u00e0 m\u00e1y nghi\u1ec1n 14 bu\u1ed3ng th\u1eb3ng do c\u00f4ng ty B\u00ecnh Minh s\u1ea3n xu\u1ea5t chuy\u00ean d\u00f9ng \u0111\u1ec3 nghi\u1ec1n c\u00e1c lo\u1ea1i n\u00f4ng ph\u1ea9m kh\u00f4 th\u00e0nh b\u1ed9t c\u00e1m l\u00e0m th\u1ee9c \u0103n cho gia s\u00fac &#8211; gia c\u1ea7m<\/p>\n<p><img loading=\"lazy\" decoding=\"async\" class=\"aligncenter wp-image-9190 size-full\" src=\"https:\/\/congtybinhminh.com\/wp-content\/uploads\/2023\/11\/may-nghien-thuc-an-chan-nuoi-bt14_result222.webp\" alt=\"may-nghien-thuc-an-chan-nuoi-bt14_result222\" width=\"800\" height=\"600\" srcset=\"https:\/\/congtybinhminh.com\/wp-content\/uploads\/2023\/11\/may-nghien-thuc-an-chan-nuoi-bt14_result222.webp 800w, https:\/\/congtybinhminh.com\/wp-content\/uploads\/2023\/11\/may-nghien-thuc-an-chan-nuoi-bt14_result222-510x383.webp 510w, https:\/\/congtybinhminh.com\/wp-content\/uploads\/2023\/11\/may-nghien-thuc-an-chan-nuoi-bt14_result222-533x400.webp 533w, https:\/\/congtybinhminh.com\/wp-content\/uploads\/2023\/11\/may-nghien-thuc-an-chan-nuoi-bt14_result222-768x576.webp 768w\" sizes=\"auto, (max-width: 800px) 100vw, 800px\" \/><\/p>\n<p>Th\u00edch h\u1ee3p s\u1eed d\u1ee5ng t\u1ea1i c\u00e1c h\u1ed9 gia \u0111\u00ecnh, c\u00e1c trang tr\u1ea1i hay c\u01a1 s\u1edf s\u1ea3n xu\u1ea5t th\u1ee9c \u0103n ch\u0103n nu\u00f4i<\/p>\n<h2>Nh\u1eefng t\u00ednh n\u0103ng m\u00e1y nghi\u1ec1n th\u1ee9c \u0103n ch\u0103n nu\u00f4i BT14<\/h2>\n<p>&#8221; M\u00e1y m\u00f3c thay th\u1ebf s\u1ee9c ng\u01b0\u1eddi&#8221; vi\u1ec7c s\u1eed d\u1ee5ng m\u00e1y nghi\u1ec1n v\u00e0o ch\u0103n nu\u00f4i s\u1ebd gi\u00fap ng\u01b0\u1eddi d\u00f9ng c\u00f3 th\u1ec3 ch\u1ee7 \u0111\u1ed9ng, r\u00fat ng\u1eafn th\u1eddi gian l\u00e0m th\u1ee9c \u0103n cho gia s\u00fac v\u1edbi nhi\u1ec1u ti\u1ec7n \u00edch:<\/p>\n<p><img loading=\"lazy\" decoding=\"async\" class=\"aligncenter wp-image-9191 size-full\" src=\"https:\/\/congtybinhminh.com\/wp-content\/uploads\/2023\/11\/nghien-ngo-hat_result222.webp\" alt=\"nghien-ngo-hat_result222\" width=\"800\" height=\"636\" srcset=\"https:\/\/congtybinhminh.com\/wp-content\/uploads\/2023\/11\/nghien-ngo-hat_result222.webp 800w, https:\/\/congtybinhminh.com\/wp-content\/uploads\/2023\/11\/nghien-ngo-hat_result222-510x405.webp 510w, https:\/\/congtybinhminh.com\/wp-content\/uploads\/2023\/11\/nghien-ngo-hat_result222-503x400.webp 503w, https:\/\/congtybinhminh.com\/wp-content\/uploads\/2023\/11\/nghien-ngo-hat_result222-768x611.webp 768w\" sizes=\"auto, (max-width: 800px) 100vw, 800px\" \/><\/p>\n<ul>\n<li>M\u00e1y nghi\u1ec1n \u0111a d\u1ea1ng nguy\u00ean li\u1ec7u: g\u1ea1o; ng\u00f4 h\u1ea1t; l\u00e1t khoai s\u1eafn.. l\u00e0m th\u1ee9c \u0103n ch\u0103n nu\u00f4i<\/li>\n<li>B\u1ed9t c\u00e1m sau khi nghi\u1ec1n c\u00f3 th\u1ec3 cho v\u1eadt nu\u00f4i d\u00f9ng ngay ho\u1eb7c cho v\u00e0o m\u00e1y \u00e9p c\u00e1m vi\u00ean d\u00f9ng d\u1ea7n<\/li>\n<li>Linh ho\u1ea1t thay \u0111\u1ed5i k\u00edch th\u01b0\u1edbc hay \u0111\u1ed9 m\u1ecbn c\u1ee7a b\u1ed9t c\u00e1m sao cho ph\u00f9 h\u1ee3p v\u1edbi v\u1eadt nu\u00f4i<\/li>\n<\/ul>\n<h2>C\u1ea5u t\u1ea1o m\u00e1y nghi\u1ec1n th\u1ee9c \u0103n ch\u0103n nu\u00f4i BT14<\/h2>\n<p>M\u00e1y \u0111\u01b0\u1ee3c thi\u1ebft k\u1ebf nh\u1ecf g\u1ecdn, kh\u00f4ng chi\u1ebfm nhi\u1ec1u di\u1ec7n t\u00edch v\u1edbi ph\u1ea7n khung m\u00e1y \u0111\u01b0\u1ee3c h\u00e0n g\u1eafn ch\u1eafc ch\u1eafn kh\u00f4ng g\u00e2y rung l\u1eafc trong qu\u00e1 tr\u00ecnh ho\u1ea1t \u0111\u1ed9ng<\/p>\n<p><img loading=\"lazy\" decoding=\"async\" class=\"aligncenter wp-image-9192 size-full\" src=\"https:\/\/congtybinhminh.com\/wp-content\/uploads\/2023\/11\/cau-tao-may-nghien-thuc-an-chan-nuoi-bt14-3-pha_result222.webp\" alt=\"cau-tao-may-nghien-thuc-an-chan-nuoi-bt14-3-pha_result222\" width=\"800\" height=\"696\" srcset=\"https:\/\/congtybinhminh.com\/wp-content\/uploads\/2023\/11\/cau-tao-may-nghien-thuc-an-chan-nuoi-bt14-3-pha_result222.webp 800w, https:\/\/congtybinhminh.com\/wp-content\/uploads\/2023\/11\/cau-tao-may-nghien-thuc-an-chan-nuoi-bt14-3-pha_result222-510x444.webp 510w, https:\/\/congtybinhminh.com\/wp-content\/uploads\/2023\/11\/cau-tao-may-nghien-thuc-an-chan-nuoi-bt14-3-pha_result222-460x400.webp 460w, https:\/\/congtybinhminh.com\/wp-content\/uploads\/2023\/11\/cau-tao-may-nghien-thuc-an-chan-nuoi-bt14-3-pha_result222-768x668.webp 768w\" sizes=\"auto, (max-width: 800px) 100vw, 800px\" \/><\/p>\n<p>&nbsp;<\/p>\n<p>Toa n\u1ea1p \u0111\u01b0\u1ee3c thi\u1ebft k\u1ebf d\u1ea1ng m\u00e1ng r\u1ed9ng ch\u1ee9a \u0111\u01b0\u1ee3c nhi\u1ec1u nguy\u00ean li\u1ec7u h\u01a1n. Ph\u00eda tr\u01b0\u1edbc c\u1ed5 n\u1ea1p c\u00f3 t\u1ea5m ch\u1eafn gi\u00fap ng\u01b0\u1eddi d\u00f9ng c\u00f3 th\u1ec3 t\u1ef1 \u0111i\u1ec1u ch\u1ec9nh l\u01b0\u1ee3ng nguy\u00ean li\u1ec7u xu\u1ed1ng bu\u1ed3ng nghi\u1ec1n tr\u00e1nh l\u00e0m ngh\u1eb9n m\u00e1y<\/p>\n<p><img loading=\"lazy\" decoding=\"async\" class=\"aligncenter wp-image-9193 size-full\" src=\"https:\/\/congtybinhminh.com\/wp-content\/uploads\/2023\/11\/toa-nap-nguyen-lieu_result222.webp\" alt=\"toa-nap-nguyen-lieu_result222\" width=\"800\" height=\"502\" srcset=\"https:\/\/congtybinhminh.com\/wp-content\/uploads\/2023\/11\/toa-nap-nguyen-lieu_result222.webp 800w, https:\/\/congtybinhminh.com\/wp-content\/uploads\/2023\/11\/toa-nap-nguyen-lieu_result222-510x320.webp 510w, https:\/\/congtybinhminh.com\/wp-content\/uploads\/2023\/11\/toa-nap-nguyen-lieu_result222-637x400.webp 637w, https:\/\/congtybinhminh.com\/wp-content\/uploads\/2023\/11\/toa-nap-nguyen-lieu_result222-768x482.webp 768w\" sizes=\"auto, (max-width: 800px) 100vw, 800px\" \/><\/p>\n<p>Th\u00e0nh ph\u1ea9m sau khi nghi\u1ec1n \u0111\u01b0\u1ee3c \u0111\u01b0a tr\u1ef1c ti\u1ebfp ra ngo\u00e0i c\u1eeda x\u1ea3. Ph\u1ea7n c\u1eeda x\u1ea3 thi\u1ebft k\u1ebf d\u1ed1c xu\u1ed1ng d\u01b0\u1edbi, gi\u00fap nguy\u00ean li\u1ec7u \u0111\u01b0\u1ee3c x\u1ea3 ra ngo\u00e0i d\u1ec5 d\u00e0ng<\/p>\n<p><img loading=\"lazy\" decoding=\"async\" class=\"aligncenter wp-image-9194 size-full\" src=\"https:\/\/congtybinhminh.com\/wp-content\/uploads\/2023\/11\/may-nghien-bua_result222.webp\" alt=\"may-nghien-bua_result222\" width=\"800\" height=\"514\" srcset=\"https:\/\/congtybinhminh.com\/wp-content\/uploads\/2023\/11\/may-nghien-bua_result222.webp 800w, https:\/\/congtybinhminh.com\/wp-content\/uploads\/2023\/11\/may-nghien-bua_result222-510x328.webp 510w, https:\/\/congtybinhminh.com\/wp-content\/uploads\/2023\/11\/may-nghien-bua_result222-623x400.webp 623w, https:\/\/congtybinhminh.com\/wp-content\/uploads\/2023\/11\/may-nghien-bua_result222-768x493.webp 768w\" sizes=\"auto, (max-width: 800px) 100vw, 800px\" \/><\/p>\n<p>H\u1ec7 th\u1ed1ng bu\u1ed3ng l\u00e0m vi\u1ec7c c\u1ee7a m\u00e1y g\u1ed3m 18 b\u00faa \u0111\u1eadp, c\u00f3 nhi\u1ec7m v\u1ee5 quay tr\u00f2n \u0111\u1eadp v\u1ee1 &#8211; nghi\u1ec1n nh\u1ecf nguy\u00ean li\u1ec7u<\/p>\n<p>B\u00ean d\u01b0\u1edbi l\u00e0 m\u1eb7t s\u00e0ng l\u1ed7, b\u1ed9t khi \u0111\u01b0\u1ee3c nghi\u1ec1n nh\u1ecf s\u1ebd \u0111i qua l\u1ed7 s\u00e0ng tho\u00e1t ra ngo\u00e0i<\/p>\n<p><img loading=\"lazy\" decoding=\"async\" class=\"aligncenter wp-image-9195 size-full\" src=\"https:\/\/congtybinhminh.com\/wp-content\/uploads\/2023\/11\/may-nghien-3-pha_result222.webp\" alt=\"may-nghien-3-pha_result222\" width=\"800\" height=\"600\" srcset=\"https:\/\/congtybinhminh.com\/wp-content\/uploads\/2023\/11\/may-nghien-3-pha_result222.webp 800w, https:\/\/congtybinhminh.com\/wp-content\/uploads\/2023\/11\/may-nghien-3-pha_result222-510x383.webp 510w, https:\/\/congtybinhminh.com\/wp-content\/uploads\/2023\/11\/may-nghien-3-pha_result222-533x400.webp 533w, https:\/\/congtybinhminh.com\/wp-content\/uploads\/2023\/11\/may-nghien-3-pha_result222-768x576.webp 768w\" sizes=\"auto, (max-width: 800px) 100vw, 800px\" \/><\/p>\n<p>Ng\u01b0\u1eddi d\u00f9ng c\u00f3 th\u1ec3 thay \u0111\u1ed5i k\u00edch c\u1ee1 hay \u0111\u1ed9 m\u1ecbn c\u1ee7a b\u1ed9t c\u00e1m b\u1eb1ng c\u00e1ch l\u1ef1a ch\u1ecdn m\u1eb7t s\u00e0ng l\u1eafp trong m\u00e1y<\/p>\n<p>M\u00e1y nghi\u1ec1n BT14 s\u1eed d\u1ee5ng \u0111\u1ed9ng c\u01a1 5,5 &#8211; 7,5kw ngu\u1ed3n \u0111i\u1ec7n 3 pha &#8211; 380V motor l\u00f5i d\u00e2y \u0111\u1ed3ng 100% cho n\u0103ng su\u1ea5t \u0111\u1ea1t t\u1eeb 800 &#8211; 1000 kg\/gi\u1edd<\/p>\n<p>Gi\u00fap b\u00e0 con ti\u1ebft ki\u1ec7m th\u1eddi gian v\u00e0 c\u00f4ng s\u1ee9c trong qu\u00e1 tr\u00ecnh ch\u1ebf bi\u1ebfn th\u1ee9c \u0103n ch\u0103n nu\u00f4i<\/p>\n<h2><strong>N\u00ean ch\u1ecdn d\u00f9ng m\u00e1y nghi\u1ec1n BT14, v\u00ec:\u00a0<\/strong><\/h2>\n<ul>\n<li>M\u00e1y cho ra th\u00e0nh ph\u1ea9m v\u1edbi nhi\u1ec1u k\u00edch c\u1ee1 kh\u00e1c nhau t\u00f9y theo nhu c\u1ea7u c\u1ee7a ng\u01b0\u1eddi d\u00f9ng<\/li>\n<li>D\u1ec5 d\u00e0ng s\u1eed d\u1ee5ng, ch\u1ec9 c\u1ea7n 1 \u2013 2 ng\u01b0\u1eddi v\u1eadn h\u00e0nh m\u00e1y m\u00e0 v\u1eabn \u0111\u1ea3m\u00a0 b\u1ea3o n\u0103ng su\u1ea5t<\/li>\n<li>Th\u00e0nh ph\u1ea9m sau khi nghi\u1ec1n c\u00f3 th\u1ec3 cho v\u1eadt nu\u00f4i d\u00f9ng ngay ho\u1eb7c ph\u01a1i kh\u00f4 d\u00f9ng d\u1ea7n<\/li>\n<li>M\u00e1y do c\u00f4ng ty s\u1ea3n xu\u1ea5t tr\u1ef1c ti\u1ebfp, \u0111\u1ea3m b\u1ea3o ch\u1ebf \u0111\u1ed9 b\u1ea3o h\u00e0nh v\u00e0 thay s\u1eeda linh ph\u1ee5 ki\u1ec7n khi mua m\u00e1y t\u1ea1i c\u00f4ng ty<\/li>\n<\/ul>\n<p><strong>Th\u00f4ng s\u1ed1 k\u1ef9 thu\u1eadt\u00a0<\/strong><\/p>\n<table border=\"1\">\n<tbody>\n<tr>\n<td>Ngu\u1ed3n \u0111i\u1ec7n<\/td>\n<td>380 V<\/td>\n<\/tr>\n<tr>\n<td>\u0110\u1ed9ng c\u01a1<\/td>\n<td>5.5 \u2013 7.5 Kw<\/td>\n<\/tr>\n<tr>\n<td>Tr\u1ecdng l\u01b0\u1ee3ng (kh\u00f4ng \u0111\u1ed9ng c\u01a1)<\/td>\n<td>51 Kg<\/td>\n<\/tr>\n<tr>\n<td>B\u1ea3o h\u00e0nh<\/td>\n<td>06 th\u00e1ng<\/td>\n<\/tr>\n<tr>\n<td>N\u0103ng su\u1ea5t<\/td>\n<td>800 \u2013 1000 Kg\/gi\u1edd<\/td>\n<\/tr>\n<tr>\n<td>K\u00edch th\u01b0\u1edbc<\/td>\n<td>80 * 105 * 50 cm<\/td>\n<\/tr>\n<tr>\n<td>H\u00ecnh th\u1ee9c thanh to\u00e1n<\/td>\n<td>Ti\u1ec1n m\u1eb7t ho\u1eb7c chuy\u1ec3n kho\u1ea3n<\/td>\n<\/tr>\n<\/tbody>\n<\/table>\n<p>&nbsp;<\/p>\n","protected":false},"excerpt":{"rendered":"<ul>\n<li><strong>H\u00e3ng s\u1ea3n xu\u1ea5t :<\/strong> B\u00ecnh Minh<\/li>\n<li><strong>C\u00f4ng su\u1ea5t \u0111\u1ed9ng c\u01a1 :<\/strong>\u00a05,5 \u2013 7,5 kw<\/li>\n<li><strong>T\u1ed1c \u0111\u1ed9 quay :<\/strong>\u00a04200 \u2013 4500 vong\/ph\u00fat<\/li>\n<li><strong>Ngu\u1ed3n \u0111i\u1ec7n :<\/strong>\u00a0380 V<\/li>\n<li><strong>N\u0103ng su\u1ea5t :<\/strong>\u00a0800 \u2013 1000 kg\/gi\u1edd<\/li>\n<li><strong>Tr\u1ecdng l\u01b0\u1ee3ng :<\/strong>\u00a051 kg ( kh\u00f4ng \u0111\u1ed9ng c\u01a1)<\/li>\n<li><strong>K\u00edch th\u01b0\u1edbc (d*c*r):<\/strong>\u00a080*105*50 cm<\/li>\n<li><strong>T\u00ednh n\u0103ng :<\/strong>\u00a0M\u00e1y chuy\u00ean d\u00f9ng nghi\u1ec1n c\u00e1c lo\u1ea1i n\u00f4ng ph\u1ea9m kh\u00f4: g\u1ea1o; ng\u00f4 h\u1ea1t, l\u00e1t\u00a0 khoai s\u1eafn, l\u00e1 kh\u00f4\u2026<\/li>\n<\/ul>\n","protected":false},"featured_media":9186,"comment_status":"closed","ping_status":"closed","template":"","meta":[],"product_brand":[],"product_cat":[32],"product_tag":[],"class_list":{"0":"post-9185","1":"product","2":"type-product","3":"status-publish","4":"has-post-thumbnail","6":"product_cat-may-nghien","8":"first","9":"instock","10":"shipping-taxable","11":"product-type-simple"},"_links":{"self":[{"href":"https:\/\/congtybinhminh.com\/index.php?rest_route=\/wp\/v2\/product\/9185","targetHints":{"allow":["GET"]}}],"collection":[{"href":"https:\/\/congtybinhminh.com\/index.php?rest_route=\/wp\/v2\/product"}],"about":[{"href":"https:\/\/congtybinhminh.com\/index.php?rest_route=\/wp\/v2\/types\/product"}],"replies":[{"embeddable":true,"href":"https:\/\/congtybinhminh.com\/index.php?rest_route=%2Fwp%2Fv2%2Fcomments&post=9185"}],"wp:featuredmedia":[{"embeddable":true,"href":"https:\/\/congtybinhminh.com\/index.php?rest_route=\/wp\/v2\/media\/9186"}],"wp:attachment":[{"href":"https:\/\/congtybinhminh.com\/index.php?rest_route=%2Fwp%2Fv2%2Fmedia&parent=9185"}],"wp:term":[{"taxonomy":"product_brand","embeddable":true,"href":"https:\/\/congtybinhminh.com\/index.php?rest_route=%2Fwp%2Fv2%2Fproduct_brand&post=9185"},{"taxonomy":"product_cat","embeddable":true,"href":"https:\/\/congtybinhminh.com\/index.php?rest_route=%2Fwp%2Fv2%2Fproduct_cat&post=9185"},{"taxonomy":"product_tag","embeddable":true,"href":"https:\/\/congtybinhminh.com\/index.php?rest_route=%2Fwp%2Fv2%2Fproduct_tag&post=9185"}],"curies":[{"name":"wp","href":"https:\/\/api.w.org\/{rel}","templated":true}]}}