{"id":9157,"date":"2023-11-11T14:03:24","date_gmt":"2023-11-11T07:03:24","guid":{"rendered":"https:\/\/congtybinhminh.com\/?post_type=product&#038;p=9157"},"modified":"2023-12-20T16:18:13","modified_gmt":"2023-12-20T09:18:13","slug":"may-bam-rom-dua-1-pha-cai-tien","status":"publish","type":"product","link":"https:\/\/congtybinhminh.com\/?product=may-bam-rom-dua-1-pha-cai-tien","title":{"rendered":"M\u00e1y b\u0103m r\u01a1m d\u1eeba 1 pha c\u1ea3i ti\u1ebfn"},"content":{"rendered":"<h2>Video ho\u1ea1t \u0111\u1ed9ng c\u1ee7a m\u00e1y<\/h2>\n<p><iframe loading=\"lazy\" title=\"L\u1ef1a Ch\u1ecdn M\u00e1y B\u0103m R\u01a1m X\u01a1 D\u1eeba 1Pha Gia \u0110\u00ecnh Gi\u00e1 Ch\u01b0a T\u1edbi 8.000.000\u0110 Li\u1ec7u C\u00f3 T\u1ed1t?\" width=\"1020\" height=\"574\" src=\"https:\/\/www.youtube.com\/embed\/fSpj04AE_B8?feature=oembed\" frameborder=\"0\" allow=\"accelerometer; autoplay; clipboard-write; encrypted-media; gyroscope; picture-in-picture; web-share\" allowfullscreen><\/iframe><\/p>\n<h2>Gi\u1edbi thi\u1ec7u m\u00e1y b\u0103m r\u01a1m d\u01b0a 1 pha c\u1ea3i ti\u1ebfn<\/h2>\n<p>Nh\u1eefng tr\u00e1i d\u1eeba sau khi s\u1eed d\u1ee5ng, thay v\u00ec \u0111em v\u1ee9t b\u1ecf v\u1eeba l\u00e3ng ph\u00ed l\u1ea1i g\u00e2y \u00f4 nhi\u1ec5m m\u00f4i tr\u01b0\u1eddng<\/p>\n<p><img loading=\"lazy\" decoding=\"async\" class=\"aligncenter wp-image-9166 size-full\" src=\"https:\/\/congtybinhminh.com\/wp-content\/uploads\/2023\/11\/may-bam-rom-dua-1-pha-cai-tien_result222.webp\" alt=\"may-bam-rom-dua-1-pha-cai-tien_result222\" width=\"800\" height=\"1080\" srcset=\"https:\/\/congtybinhminh.com\/wp-content\/uploads\/2023\/11\/may-bam-rom-dua-1-pha-cai-tien_result222.webp 800w, https:\/\/congtybinhminh.com\/wp-content\/uploads\/2023\/11\/may-bam-rom-dua-1-pha-cai-tien_result222-510x689.webp 510w, https:\/\/congtybinhminh.com\/wp-content\/uploads\/2023\/11\/may-bam-rom-dua-1-pha-cai-tien_result222-296x400.webp 296w, https:\/\/congtybinhminh.com\/wp-content\/uploads\/2023\/11\/may-bam-rom-dua-1-pha-cai-tien_result222-593x800.webp 593w, https:\/\/congtybinhminh.com\/wp-content\/uploads\/2023\/11\/may-bam-rom-dua-1-pha-cai-tien_result222-768x1037.webp 768w\" sizes=\"auto, (max-width: 800px) 100vw, 800px\" \/><\/p>\n<p>Gi\u1edd \u0111\u00e2y, b\u1ea1n c\u00f3 th\u1ec3 t\u00e1i s\u1eed d\u1ee5ng ch\u00fang v\u1edbi m\u00e1y b\u0103m r\u01a1m d\u1eeba 1 pha c\u00e1i ti\u1ebfn chuy\u00ean b\u0103m nh\u1ecf v\u1ecf d\u1eeba t\u01b0\u01a1i, v\u1ecf d\u1eeba kh\u00f4, r\u01a1m kh\u00f4 v\u00e0 c\u00e1c lo\u1ea1i ph\u1ee5 ph\u1ea9m kh\u00e1c&#8230; t\u1ea1o ra\u00a0 s\u1ea3n ph\u1ea9m c\u00f3 gi\u00e1 tr\u1ecb<\/p>\n<p><img loading=\"lazy\" decoding=\"async\" class=\"aligncenter wp-image-9177 size-full\" src=\"https:\/\/congtybinhminh.com\/wp-content\/uploads\/2023\/11\/may-bam-rom-kho_result222.webp\" alt=\"may-bam-rom-kho_result222\" width=\"800\" height=\"1084\" srcset=\"https:\/\/congtybinhminh.com\/wp-content\/uploads\/2023\/11\/may-bam-rom-kho_result222.webp 800w, https:\/\/congtybinhminh.com\/wp-content\/uploads\/2023\/11\/may-bam-rom-kho_result222-510x691.webp 510w, https:\/\/congtybinhminh.com\/wp-content\/uploads\/2023\/11\/may-bam-rom-kho_result222-295x400.webp 295w, https:\/\/congtybinhminh.com\/wp-content\/uploads\/2023\/11\/may-bam-rom-kho_result222-590x800.webp 590w, https:\/\/congtybinhminh.com\/wp-content\/uploads\/2023\/11\/may-bam-rom-kho_result222-768x1041.webp 768w\" sizes=\"auto, (max-width: 800px) 100vw, 800px\" \/><\/p>\n<h2>C\u1ea5u t\u1ea1o m\u00e1y b\u0103m r\u01a1m d\u1eeba 1 pha c\u1ea3i ti\u1ebfn<\/h2>\n<h3>Khung m\u00e1y ch\u1eafc ch\u1eafn<\/h3>\n<p>M\u00e1y b\u0103m r\u01a1m d\u1eeba 1 pha \u0111\u01b0\u1ee3c gia c\u00f4ng s\u1ea3n xu\u1ea5t ch\u1eafc ch\u1eafn, khung m\u00e1y nh\u1ecf g\u1ecdn kh\u00f4ng chi\u1ebfm qu\u00e1 nhi\u1ec1u di\u1ec7n t\u00edch kh\u00f4ng gian s\u1eed d\u1ee5ng<\/p>\n<p><img loading=\"lazy\" decoding=\"async\" class=\"aligncenter wp-image-9168 size-full\" src=\"https:\/\/congtybinhminh.com\/wp-content\/uploads\/2023\/11\/cau-tao-may-bam-rom-dua-1-pha_result222-1.webp\" alt=\"cau-tao-may-bam-rom-dua-1-pha-cai-tien_result222\" width=\"800\" height=\"600\" srcset=\"https:\/\/congtybinhminh.com\/wp-content\/uploads\/2023\/11\/cau-tao-may-bam-rom-dua-1-pha_result222-1.webp 800w, https:\/\/congtybinhminh.com\/wp-content\/uploads\/2023\/11\/cau-tao-may-bam-rom-dua-1-pha_result222-1-510x383.webp 510w, https:\/\/congtybinhminh.com\/wp-content\/uploads\/2023\/11\/cau-tao-may-bam-rom-dua-1-pha_result222-1-533x400.webp 533w, https:\/\/congtybinhminh.com\/wp-content\/uploads\/2023\/11\/cau-tao-may-bam-rom-dua-1-pha_result222-1-768x576.webp 768w\" sizes=\"auto, (max-width: 800px) 100vw, 800px\" \/><\/p>\n<h3>Toa n\u1ea1p v\u00e0 c\u1eeda x\u1ea3<\/h3>\n<p>Bu\u1ed3ng b\u0103m d\u1ea1ng h\u00ecnh tr\u1ee5 \u0111\u1ee9ng, n\u1ed1i li\u1ec1n toa n\u1ea1p d\u1ea1ng ph\u1ec5u tr\u00f2n<\/p>\n<p>Toa n\u1ea1p r\u1ed9ng v\u1edbi \u0111\u01b0\u1eddng k\u00ednh kho\u1ea3ng 19 cm gi\u00fap b\u00e0 con d\u1ec5 d\u00e0ng \u0111\u01b0a nguy\u00ean li\u1ec7u v\u00e0o b\u0103m m\u00e0 kh\u00f4ng ph\u1ea3i b\u0103m nh\u1ecf tr\u01b0\u1edbc<\/p>\n<p><img loading=\"lazy\" decoding=\"async\" class=\"aligncenter wp-image-9169 size-full\" src=\"https:\/\/congtybinhminh.com\/wp-content\/uploads\/2023\/11\/bam-vo-dua_result222.webp\" alt=\"bam-vo-dua_result222\" width=\"800\" height=\"861\" srcset=\"https:\/\/congtybinhminh.com\/wp-content\/uploads\/2023\/11\/bam-vo-dua_result222.webp 800w, https:\/\/congtybinhminh.com\/wp-content\/uploads\/2023\/11\/bam-vo-dua_result222-510x549.webp 510w, https:\/\/congtybinhminh.com\/wp-content\/uploads\/2023\/11\/bam-vo-dua_result222-372x400.webp 372w, https:\/\/congtybinhminh.com\/wp-content\/uploads\/2023\/11\/bam-vo-dua_result222-743x800.webp 743w, https:\/\/congtybinhminh.com\/wp-content\/uploads\/2023\/11\/bam-vo-dua_result222-768x827.webp 768w\" sizes=\"auto, (max-width: 800px) 100vw, 800px\" \/><\/p>\n<p>Xung quanh mi\u1ec7ng toa n\u1ea1p c\u00f3 t\u1ea5m ch\u1eafn gi\u00fap nguy\u00ean li\u1ec7u kh\u00f4ng b\u1ecb b\u1eafn ra ngo\u00e0i khi \u0111ang ch\u1ea1y<\/p>\n<p>Th\u00e0nh ph\u1ea9m sau khi b\u0103m \u0111\u01b0\u1ee3c \u0111\u01b0a ra ngo\u00e0i c\u1eeda x\u1ea3, ph\u00eda tr\u01b0\u1edbc c\u1eeda c\u00f3 n\u1eafp ch\u1eafn thu\u1eadn ti\u1ec7n gi\u00fap ng\u01b0\u1eddi d\u00f9ng \u0111i\u1ec1u ch\u1ec9nh h\u01b0\u1edbng phun :<\/p>\n<p><img loading=\"lazy\" decoding=\"async\" class=\"aligncenter wp-image-9170 size-full\" src=\"https:\/\/congtybinhminh.com\/wp-content\/uploads\/2023\/11\/cua-xa_result222.webp\" alt=\"cua-xa_result222\" width=\"800\" height=\"398\" srcset=\"https:\/\/congtybinhminh.com\/wp-content\/uploads\/2023\/11\/cua-xa_result222.webp 800w, https:\/\/congtybinhminh.com\/wp-content\/uploads\/2023\/11\/cua-xa_result222-510x254.webp 510w, https:\/\/congtybinhminh.com\/wp-content\/uploads\/2023\/11\/cua-xa_result222-768x382.webp 768w\" sizes=\"auto, (max-width: 800px) 100vw, 800px\" \/><\/p>\n<ul>\n<li>H\u1ea1 n\u1eafp ch\u1eafn: n\u1ebfu mu\u1ed1n m\u00f9n \u0111\u1eeba phun g\u1ea7n<\/li>\n<li>N\u00e2ng n\u1eafp ch\u1eafn: n\u1ebfu mu\u1ed1n m\u00f9n d\u1eeba phun xa<\/li>\n<\/ul>\n<h3>Bu\u1ed3ng l\u00e0m vi\u1ec7c<\/h3>\n<p>B\u00ean trong h\u1ec7 th\u1ed1ng bu\u1ed3ng l\u00e0m vi\u1ec7c g\u1ed3m: dao b\u0103m: m\u1eb7t s\u00e0ng; c\u00e1nh xo\u1eafn v\u00e0 c\u00e1nh \u0111\u1ea9y :<\/p>\n<p>Nguy\u00ean li\u1ec7u khi \u0111\u01b0\u1ee3c \u0111\u01b0a v\u00e0o toa, c\u00e1nh xo\u1eafn s\u1ebd gi\u1eef v\u00e0 \u0111\u01b0a nguy\u00ean li\u1ec7u xu\u1ed1ng t\u1eeb t\u1eeb kh\u00f4ng g\u00e2y n\u1eb7ng t\u1ea3i cho m\u00e1y v\u00e0 kh\u00f4ng \u0111\u1ec3 ch\u00fang b\u1eafn ng\u01b0\u1ee3c ra ngo\u00e0i<\/p>\n<p><img loading=\"lazy\" decoding=\"async\" class=\"aligncenter wp-image-9171 size-full\" src=\"https:\/\/congtybinhminh.com\/wp-content\/uploads\/2023\/11\/dao-bam-xo-dua_result222.webp\" alt=\"dao-bam-xo-dua_result222\" width=\"800\" height=\"918\" srcset=\"https:\/\/congtybinhminh.com\/wp-content\/uploads\/2023\/11\/dao-bam-xo-dua_result222.webp 800w, https:\/\/congtybinhminh.com\/wp-content\/uploads\/2023\/11\/dao-bam-xo-dua_result222-510x585.webp 510w, https:\/\/congtybinhminh.com\/wp-content\/uploads\/2023\/11\/dao-bam-xo-dua_result222-349x400.webp 349w, https:\/\/congtybinhminh.com\/wp-content\/uploads\/2023\/11\/dao-bam-xo-dua_result222-697x800.webp 697w, https:\/\/congtybinhminh.com\/wp-content\/uploads\/2023\/11\/dao-bam-xo-dua_result222-768x881.webp 768w\" sizes=\"auto, (max-width: 800px) 100vw, 800px\" \/><\/p>\n<p>Th\u00e0nh ph\u1ea9m sau khi \u0111\u01b0\u1ee3c b\u0103m nh\u1ecf s\u1ebd \u0111i qua l\u1ed7 s\u00e0ng v\u00e0 \u0111\u01b0\u1ee3c c\u00e1nh \u0111\u1ea9y th\u00f4i \u0111\u01b0a ra ngo\u00e0i c\u1eeda x\u1ea3<\/p>\n<p>M\u00e1y \u0111\u01b0\u1ee3c thi\u1ebft k\u1ebf v\u1edbi 2 m\u1eb7t s\u00e0ng t\u1ed1i \u01b0u h\u00f3a qu\u00e1 tr\u00ecnh b\u0103m v\u00e0 cho ra th\u00e0nh ph\u1ea9m x\u01a1 m\u00f9n \u0111\u1ea1t chu\u1ea9n:<\/p>\n<p><img loading=\"lazy\" decoding=\"async\" class=\"aligncenter wp-image-9173 size-full\" src=\"https:\/\/congtybinhminh.com\/wp-content\/uploads\/2023\/11\/mat-sang-may-bam-rom-dua_result222.webp\" alt=\"mat-sang-may-bam-rom-dua_result222\" width=\"800\" height=\"600\" srcset=\"https:\/\/congtybinhminh.com\/wp-content\/uploads\/2023\/11\/mat-sang-may-bam-rom-dua_result222.webp 800w, https:\/\/congtybinhminh.com\/wp-content\/uploads\/2023\/11\/mat-sang-may-bam-rom-dua_result222-510x383.webp 510w, https:\/\/congtybinhminh.com\/wp-content\/uploads\/2023\/11\/mat-sang-may-bam-rom-dua_result222-533x400.webp 533w, https:\/\/congtybinhminh.com\/wp-content\/uploads\/2023\/11\/mat-sang-may-bam-rom-dua_result222-768x576.webp 768w\" sizes=\"auto, (max-width: 800px) 100vw, 800px\" \/><\/p>\n<ul>\n<li>M\u1eb7t s\u00e0ng k\u00edn: b\u0103m v\u1ecf d\u1eeba t\u01b0\u01a1i<\/li>\n<li>M\u1eb7t s\u00e0ng l\u1ed7: b\u0103m v\u1ecf d\u1eeba kh\u00f4<\/li>\n<\/ul>\n<h3>C\u00f4ng t\u1eafc aptomat an to\u00e0n khi d\u00f9ng<\/h3>\n<p>M\u00e1y \u0111\u01b0\u1ee3c l\u1eafp th\u00eam thi\u1ebft b\u1ecb aptomat b\u1ea3o v\u1ec7 m\u1ea1ch \u0111i\u1ec7n. Ng\u0103n c\u00e1c tr\u01b0\u1eddng h\u1ee3p qu\u00e1 t\u1ea3i, s\u1ee5t \u00e1p v\u00e0 ch\u1ed1ng gi\u1eadt, ch\u1ed1ng r\u00f2 \u0111\u1ea3m b\u1ea3o an to\u00e0n cho ng\u01b0\u1eddi d\u00f9ng<\/p>\n<p><img loading=\"lazy\" decoding=\"async\" class=\"aligncenter wp-image-9174 size-full\" src=\"https:\/\/congtybinhminh.com\/wp-content\/uploads\/2023\/11\/cong-tac-aptomat_result222.webp\" alt=\"cong-tac-aptomat_result222\" width=\"800\" height=\"600\" srcset=\"https:\/\/congtybinhminh.com\/wp-content\/uploads\/2023\/11\/cong-tac-aptomat_result222.webp 800w, https:\/\/congtybinhminh.com\/wp-content\/uploads\/2023\/11\/cong-tac-aptomat_result222-510x383.webp 510w, https:\/\/congtybinhminh.com\/wp-content\/uploads\/2023\/11\/cong-tac-aptomat_result222-533x400.webp 533w, https:\/\/congtybinhminh.com\/wp-content\/uploads\/2023\/11\/cong-tac-aptomat_result222-768x576.webp 768w\" sizes=\"auto, (max-width: 800px) 100vw, 800px\" \/><\/p>\n<ul>\n<li>M\u1edf aptomat: khi mu\u1ed1n ch\u1ea1y m\u00e1y<\/li>\n<li>Ng\u1eaft aptomat: khi mu\u1ed1n d\u1eebng m\u00e1y<\/li>\n<\/ul>\n<h3>Cho n\u0103ng su\u1ea5t cao<\/h3>\n<p>S\u1eed d\u1ee5ng \u0111\u1ed9ng c\u01a1 3,5kw d\u00f9ng \u0111i\u1ec7n gia \u0111\u00ecnh 1 pha 220V motor l\u00f5i d\u00e2y \u0111\u1ed3ng 100% cho n\u0103ng su\u1ea5t b\u0103m v\u1ecf d\u1eeba t\u01b0\u01a1i kho\u1ea3ng 400 &#8211; 600 kg\/gi\u1edd<\/p>\n<p><img loading=\"lazy\" decoding=\"async\" class=\"aligncenter wp-image-9175 size-full\" src=\"https:\/\/congtybinhminh.com\/wp-content\/uploads\/2023\/11\/mun-dua_result222.webp\" alt=\"mun-dua_result222\" width=\"800\" height=\"600\" srcset=\"https:\/\/congtybinhminh.com\/wp-content\/uploads\/2023\/11\/mun-dua_result222.webp 800w, https:\/\/congtybinhminh.com\/wp-content\/uploads\/2023\/11\/mun-dua_result222-510x383.webp 510w, https:\/\/congtybinhminh.com\/wp-content\/uploads\/2023\/11\/mun-dua_result222-533x400.webp 533w, https:\/\/congtybinhminh.com\/wp-content\/uploads\/2023\/11\/mun-dua_result222-768x576.webp 768w\" sizes=\"auto, (max-width: 800px) 100vw, 800px\" \/><\/p>\n<p>So v\u1edbi phi\u00ean b\u1ea3n c\u0169, phi\u00ean b\u00e1n m\u00e1y b\u0103m x\u01a1 d\u1eeba c\u1ea3i ti\u1ebfn cao c\u1ea5p h\u01a1n l\u1eafp th\u00eam b\u00e1nh \u0111\u00e0 \u0111\u1ea3m b\u1ea3o \u1ed5n \u0111\u1ecbnh t\u1ed1c \u0111\u1ed9. Chuy\u1ec3n \u0111\u1ed5i th\u00f4ng s\u1ed1 motor v\u1ec1 t\u1ed1c ch\u1eadm, t\u0103ng buly \u0111\u1ec3 gi\u1ea3m t\u1ea3i khi ch\u1ea1y m\u00e1y.<\/p>\n<p><img loading=\"lazy\" decoding=\"async\" class=\"aligncenter wp-image-9178 size-full\" src=\"https:\/\/congtybinhminh.com\/wp-content\/uploads\/2023\/11\/may-bam-xo-dualap-banh-da_result222.webp\" alt=\"may-bam-xo-dualap-banh-da_result222\" width=\"800\" height=\"446\" srcset=\"https:\/\/congtybinhminh.com\/wp-content\/uploads\/2023\/11\/may-bam-xo-dualap-banh-da_result222.webp 800w, https:\/\/congtybinhminh.com\/wp-content\/uploads\/2023\/11\/may-bam-xo-dualap-banh-da_result222-510x284.webp 510w, https:\/\/congtybinhminh.com\/wp-content\/uploads\/2023\/11\/may-bam-xo-dualap-banh-da_result222-717x400.webp 717w, https:\/\/congtybinhminh.com\/wp-content\/uploads\/2023\/11\/may-bam-xo-dualap-banh-da_result222-768x428.webp 768w\" sizes=\"auto, (max-width: 800px) 100vw, 800px\" \/><\/p>\n<p>Qua \u0111\u00f3, m\u00e1y lu\u00f4n gi\u1eef tr\u1ea1ng th\u00e1i \u1ed5n \u0111\u1ecbnh trong su\u1ed1t qu\u00e1 tr\u00ecnh b\u0103m cho n\u0103ng su\u1ea5t \u0111\u1ea1t g\u1ea5p 2 &#8211; 3 l\u1ea7n so v\u1edbi m\u00e1y c\u0169<\/p>\n<h2>V\u00ec sao n\u00ean d\u00f9ng m\u00e1y b\u0103m x\u01a1 d\u1eeba 1 pha c\u1ea3i ti\u1ebfn B\u00ecnh Minh<\/h2>\n<p>C\u00f4ng ty B\u00ecnh Minh &#8211; \u0111\u01a1n v\u1ecb tr\u1ef1c ti\u1ebfp s\u1ea3n xu\u1ea5t c\u00e1c d\u00f2ng m\u00e1y n\u00f4ng nghi\u1ec7p &#8211; c\u00f4ng nghi\u1ec7p v\u1edbi cam k\u1ebft h\u00e0ng m\u1edbi ch\u00ednh h\u00e3ng 100% &#8211; kh\u00f4ng qua \u0111\u1ea1i l\u00fd trung gian<\/p>\n<p><img loading=\"lazy\" decoding=\"async\" class=\"aligncenter wp-image-9176 size-full\" src=\"https:\/\/congtybinhminh.com\/wp-content\/uploads\/2023\/11\/dia-chi-may-bam-xo-dua_result222.webp\" alt=\"dia-chi-may-bam-xo-dua_result222\" width=\"800\" height=\"952\" srcset=\"https:\/\/congtybinhminh.com\/wp-content\/uploads\/2023\/11\/dia-chi-may-bam-xo-dua_result222.webp 800w, https:\/\/congtybinhminh.com\/wp-content\/uploads\/2023\/11\/dia-chi-may-bam-xo-dua_result222-510x607.webp 510w, https:\/\/congtybinhminh.com\/wp-content\/uploads\/2023\/11\/dia-chi-may-bam-xo-dua_result222-336x400.webp 336w, https:\/\/congtybinhminh.com\/wp-content\/uploads\/2023\/11\/dia-chi-may-bam-xo-dua_result222-672x800.webp 672w, https:\/\/congtybinhminh.com\/wp-content\/uploads\/2023\/11\/dia-chi-may-bam-xo-dua_result222-768x914.webp 768w\" sizes=\"auto, (max-width: 800px) 100vw, 800px\" \/><\/p>\n<p>T\u1ef1 h\u00e0o l\u00e0 \u0111\u01a1n v\u1ecb UY T\u00cdN mang \u0111\u1ebfn cho b\u1ea1n nh\u1eefng s\u1ea3n ph\u1ea9m CH\u00cdNH H\u00c3NG &#8211; CH\u1ea4T L\u01af\u1ee2NG T\u1ed0T &#8211; GI\u00c1 TH\u00c0NH R\u1eba V\u00c0 D\u1ecaCH V\u1ee4 CHU \u0110\u00c1O<\/p>\n<p>\u0110\u1ec3 \u0111\u1eb7t mua h\u00e0ng ch\u00ednh h\u00e3ng, b\u00e0 con c\u00f3 th\u1ec3 \u0111\u1ebfn tr\u1ef1c ti\u1ebfp tr\u1ee5 s\u1edf g\u1ea7n nh\u1ea5t c\u1ee7a c\u00f4ng ty \u0111\u1ec3 xem v\u00e0 \u0111\u1eb7t mua h\u00e0ng<\/p>\n<ul>\n<li><strong>Tr\u1ee5 s\u1edf ch\u00ednh:<\/strong> P. L\u00ea L\u1ee3i &#8211; Tx S\u01a1n T\u00e2y &#8211; H\u00e0 N\u1ed9i<\/li>\n<li><strong>Chi nh\u00e1nh 1<\/strong>: kv 11 &#8211; P. H\u01b0ng Ph\u00fa &#8211; Q. C\u00e1i R\u0103ng &#8211; Tp C\u1ea7n Th\u01a1<\/li>\n<li><strong>Chi nh\u00e1nh 2<\/strong>: x\u00e3 T\u00e2n Ki\u00ean &#8211; H. B\u00ecnh Ch\u00e1nh &#8211; Tp H\u1ed3 Ch\u00ed Minh<\/li>\n<\/ul>\n<p>Khi \u0111\u1ebfn \u0111\u00e2y, b\u00e0 con c\u00f3 th\u1ec3 tr\u1ea3i nghi\u1ec7m v\u1eadn h\u00e0nh m\u00e1y d\u01b0\u1edbi s\u1ef1 h\u01b0\u1edbng d\u1eabn c\u1ee7a \u0111\u00f4i ng\u0169 k\u1ef9 thu\u1eadt.<\/p>\n<p>\u0110\u1ed1i v\u1edbi b\u00e0 con \u1edf xa, c\u00f3 th\u1ec3 li\u00ean h\u1ec7 t\u1edbi s\u1ed1 Hotline tr\u00ean website \u0111\u1ec3 \u0111\u01b0\u1ee3c t\u01b0 v\u1ea5n mi\u1ec5n ph\u00ed<\/p>\n","protected":false},"excerpt":{"rendered":"<ul>\n<li><strong>H\u00e3ng s\u1ea3n xu\u1ea5t:<\/strong>\u00a0B\u00ecnh Minh<\/li>\n<li><strong>C\u00f4ng su\u1ea5t \u0111\u1ed9ng c\u01a1:<\/strong>\u00a03,5kw<\/li>\n<li><strong>T\u1ed1c \u0111\u1ed9:<\/strong>\u00a01450 v\u00f2ng\/ph\u00fat<\/li>\n<li><strong>Ngu\u1ed3n \u0111i\u1ec7n:<\/strong>\u00a0220V<\/li>\n<li><strong>N\u0103ng su\u1ea5t:<\/strong>\u00a0400 \u2013 600 kg\/gi\u1edd<\/li>\n<li><strong>K\u00edch th\u01b0\u1edbc (d*c*r);<\/strong>\u00a090*91*48 cm<\/li>\n<li><strong>T\u00ednh n\u0103ng:<\/strong>\u00a0m\u00e1y chuy\u00ean b\u0103m v\u1ecf d\u1eeba t\u01b0\u01a1i\/kh\u00f4; r\u01a1m kh\u00f4 l\u00e0m gi\u00e1 th\u1ec3 tr\u1ed3ng c\u00e2y, \u0111\u1ec7m l\u00f3t sinh h\u1ecdc.<\/li>\n<\/ul>\n","protected":false},"featured_media":9158,"comment_status":"closed","ping_status":"closed","template":"","meta":[],"product_brand":[],"product_cat":[197],"product_tag":[],"class_list":{"0":"post-9157","1":"product","2":"type-product","3":"status-publish","4":"has-post-thumbnail","6":"product_cat-may-bam-xo-dua-2","8":"first","9":"instock","10":"shipping-taxable","11":"product-type-simple"},"_links":{"self":[{"href":"https:\/\/congtybinhminh.com\/index.php?rest_route=\/wp\/v2\/product\/9157","targetHints":{"allow":["GET"]}}],"collection":[{"href":"https:\/\/congtybinhminh.com\/index.php?rest_route=\/wp\/v2\/product"}],"about":[{"href":"https:\/\/congtybinhminh.com\/index.php?rest_route=\/wp\/v2\/types\/product"}],"replies":[{"embeddable":true,"href":"https:\/\/congtybinhminh.com\/index.php?rest_route=%2Fwp%2Fv2%2Fcomments&post=9157"}],"wp:featuredmedia":[{"embeddable":true,"href":"https:\/\/congtybinhminh.com\/index.php?rest_route=\/wp\/v2\/media\/9158"}],"wp:attachment":[{"href":"https:\/\/congtybinhminh.com\/index.php?rest_route=%2Fwp%2Fv2%2Fmedia&parent=9157"}],"wp:term":[{"taxonomy":"product_brand","embeddable":true,"href":"https:\/\/congtybinhminh.com\/index.php?rest_route=%2Fwp%2Fv2%2Fproduct_brand&post=9157"},{"taxonomy":"product_cat","embeddable":true,"href":"https:\/\/congtybinhminh.com\/index.php?rest_route=%2Fwp%2Fv2%2Fproduct_cat&post=9157"},{"taxonomy":"product_tag","embeddable":true,"href":"https:\/\/congtybinhminh.com\/index.php?rest_route=%2Fwp%2Fv2%2Fproduct_tag&post=9157"}],"curies":[{"name":"wp","href":"https:\/\/api.w.org\/{rel}","templated":true}]}}