{"id":9051,"date":"2023-10-04T11:00:57","date_gmt":"2023-10-04T04:00:57","guid":{"rendered":"https:\/\/congtybinhminh.com\/?post_type=product&#038;p=9051"},"modified":"2024-02-19T14:51:34","modified_gmt":"2024-02-19T07:51:34","slug":"may-ep-cam-vien-s400-2","status":"publish","type":"product","link":"https:\/\/congtybinhminh.com\/?product=may-ep-cam-vien-s400-2","title":{"rendered":"M\u00e1y \u00e9p c\u00e1m vi\u00ean S400"},"content":{"rendered":"<h2><strong>Video ho\u1ea1t \u0111\u1ed9ng m\u00e1y \u00e9p c\u00e1m vi\u00ean S400<\/strong><\/h2>\n<p><iframe loading=\"lazy\" title=\"C\u00e1ch L\u00e0m C\u00e1m Vi\u00ean Ti\u1ebft Ki\u1ec7m \u0110\u1ebfn 40% V\u1edbi M\u00e1y \u00c9p C\u00e1m Vi\u00ean S400\" width=\"1020\" height=\"574\" src=\"https:\/\/www.youtube.com\/embed\/epOI01V6cpc?feature=oembed\" frameborder=\"0\" allow=\"accelerometer; autoplay; clipboard-write; encrypted-media; gyroscope; picture-in-picture; web-share\" allowfullscreen><\/iframe><\/p>\n<h2><strong>Gi\u1edbi thi\u1ec7u m\u00e1y \u00e9p c\u00e1m vi\u00ean S400\u00a0<\/strong><\/h2>\n<p>C\u00f4ng ty B\u00ecnh Minh \u0111\u01a1n v\u1ecb tr\u1ef1c ti\u1ebfp tr\u1ef1c ti\u1ebfp s\u1ea3n xu\u1ea5t m\u00e1y \u00e9p c\u00e1m vi\u00ean S400 v\u1edbi h\u01a1n 30 n\u0103m kinh nghi\u1ec7m trong l\u0129nh v\u1ef1c c\u01a1 kh\u00ed, mang \u0111\u1ebfn gi\u1ea3i ph\u00e1p m\u1edbi thay b\u1ea1n ch\u0103m lo t\u1eebng b\u1eefa \u0103n c\u1ee7a v\u1eadt nu\u00f4i<\/p>\n<p><img loading=\"lazy\" decoding=\"async\" class=\"aligncenter wp-image-9057 size-full\" src=\"https:\/\/congtybinhminh.com\/wp-content\/uploads\/2023\/10\/may-ep-cam-vien-s400_result222.webp\" alt=\"may-ep-cam-vien-s400_result222\" width=\"800\" height=\"1078\" srcset=\"https:\/\/congtybinhminh.com\/wp-content\/uploads\/2023\/10\/may-ep-cam-vien-s400_result222.webp 800w, https:\/\/congtybinhminh.com\/wp-content\/uploads\/2023\/10\/may-ep-cam-vien-s400_result222-510x687.webp 510w, https:\/\/congtybinhminh.com\/wp-content\/uploads\/2023\/10\/may-ep-cam-vien-s400_result222-297x400.webp 297w, https:\/\/congtybinhminh.com\/wp-content\/uploads\/2023\/10\/may-ep-cam-vien-s400_result222-594x800.webp 594w, https:\/\/congtybinhminh.com\/wp-content\/uploads\/2023\/10\/may-ep-cam-vien-s400_result222-768x1035.webp 768w\" sizes=\"auto, (max-width: 800px) 100vw, 800px\" \/><\/p>\n<p>M\u00e1y \u00e9p c\u00e1m vi\u00ean d\u00f9ng \u0111i\u1ec7n 3 pha cho n\u0103ng su\u1ea5t cao th\u00edch h\u1ee3p s\u1eed d\u1ee5ng t\u1ea1i c\u00e1c trang tr\u1ea1i ch\u0103n nu\u00f4i quy m\u00f4 v\u1eeba v\u00e0 l\u1edbn<\/p>\n<h2><strong>Nh\u1eefng t\u00ednh n\u0103ng m\u00e1y \u00e9p c\u00e1m vi\u00ean S400\u00a0<\/strong><\/h2>\n<p>Thu\u1ed9c d\u00f2ng m\u00e1y \u00e9p c\u00f4ng nghi\u1ec7p, m\u00e1y c\u00f3 th\u1ec3 \u00e9p \u0111a d\u1ea1ng c\u00e1c lo\u1ea1i nguy\u00ean li\u1ec7u l\u00e0m th\u1ee9c \u0103n ch\u0103n nu\u00f4i cho gia s\u00fac &#8211; gia c\u1ea7m<\/p>\n<p><img loading=\"lazy\" decoding=\"async\" class=\"aligncenter wp-image-9059 size-full\" src=\"https:\/\/congtybinhminh.com\/wp-content\/uploads\/2023\/10\/nguyen-lieu-ep-cam-vien_result222.webp\" alt=\"nguyen-lieu-ep-cam-vien_result222\" width=\"800\" height=\"938\" srcset=\"https:\/\/congtybinhminh.com\/wp-content\/uploads\/2023\/10\/nguyen-lieu-ep-cam-vien_result222.webp 800w, https:\/\/congtybinhminh.com\/wp-content\/uploads\/2023\/10\/nguyen-lieu-ep-cam-vien_result222-510x598.webp 510w, https:\/\/congtybinhminh.com\/wp-content\/uploads\/2023\/10\/nguyen-lieu-ep-cam-vien_result222-341x400.webp 341w, https:\/\/congtybinhminh.com\/wp-content\/uploads\/2023\/10\/nguyen-lieu-ep-cam-vien_result222-682x800.webp 682w, https:\/\/congtybinhminh.com\/wp-content\/uploads\/2023\/10\/nguyen-lieu-ep-cam-vien_result222-768x900.webp 768w\" sizes=\"auto, (max-width: 800px) 100vw, 800px\" \/><\/p>\n<ul>\n<li>Vi\u00ean c\u00e1m sau khi \u00e9p c\u00f3 \u0111\u1ed9 \u1ea5m n\u00f3ng c\u00f3 th\u1ec3 cho v\u1eadt nu\u00f4i d\u00f9ng ngay ho\u1eb7c ph\u01a1i kh\u00f4 d\u00f9ng d\u1ea7n<\/li>\n<\/ul>\n<p><img loading=\"lazy\" decoding=\"async\" class=\"aligncenter wp-image-9067 size-full\" src=\"https:\/\/congtybinhminh.com\/wp-content\/uploads\/2023\/10\/loi-ich-khi-dung-may-ep-cam-vien-binh-minh_result222.webp\" alt=\"loi-ich-khi-dung-may-ep-cam-vien-binh-minh_result222\" width=\"800\" height=\"1913\" srcset=\"https:\/\/congtybinhminh.com\/wp-content\/uploads\/2023\/10\/loi-ich-khi-dung-may-ep-cam-vien-binh-minh_result222.webp 800w, https:\/\/congtybinhminh.com\/wp-content\/uploads\/2023\/10\/loi-ich-khi-dung-may-ep-cam-vien-binh-minh_result222-510x1220.webp 510w, https:\/\/congtybinhminh.com\/wp-content\/uploads\/2023\/10\/loi-ich-khi-dung-may-ep-cam-vien-binh-minh_result222-167x400.webp 167w, https:\/\/congtybinhminh.com\/wp-content\/uploads\/2023\/10\/loi-ich-khi-dung-may-ep-cam-vien-binh-minh_result222-335x800.webp 335w, https:\/\/congtybinhminh.com\/wp-content\/uploads\/2023\/10\/loi-ich-khi-dung-may-ep-cam-vien-binh-minh_result222-768x1836.webp 768w, https:\/\/congtybinhminh.com\/wp-content\/uploads\/2023\/10\/loi-ich-khi-dung-may-ep-cam-vien-binh-minh_result222-642x1536.webp 642w\" sizes=\"auto, (max-width: 800px) 100vw, 800px\" \/><\/p>\n<ul>\n<li>M\u00e1y c\u00f3 th\u1ec3 \u00e9p ph\u00e2n g\u00e0, ph\u00e2n d\u00ea, ph\u00e2n tr\u00f9n qu\u1ebf kh\u00f4&#8230; l\u00e0m vi\u00ean n\u00e9n ph\u00e2n h\u1eefu c\u01a1 t\u1ed1t cho c\u00e2y tr\u1ed3ng<\/li>\n<li>Vi\u00ean ph\u00e2n h\u1ea1t ch\u1eafc &#8211; kh\u00f4ng g\u00e2y m\u00f9i kh\u00f3 ch\u1ecbu &#8211; ti\u1ec7n d\u1ee5ng<\/li>\n<\/ul>\n<h2><strong>C\u1ea5u t\u1ea1o m\u00e1y \u00e9p c\u00e1m vi\u00ean S400\u00a0<\/strong><\/h2>\n<h3><strong>Khung m\u00e1y ch\u1eafc ch\u1eafn<\/strong><\/h3>\n<p>M\u00e1y \u00e9p c\u00e1m vi\u00ean tr\u1ee5c \u0111\u1ee9ng v\u1edbi thi\u1ebft k\u1ebf l\u1edbn, khung m\u00e1y ch\u1eafc ch\u1eafn kh\u00f4ng g\u00e2y rung l\u1eafc trong qu\u00e1 tr\u00ecnh v\u1eadn h\u00e0nh m\u00e1y<\/p>\n<p><img loading=\"lazy\" decoding=\"async\" class=\"aligncenter wp-image-9058 size-full\" src=\"https:\/\/congtybinhminh.com\/wp-content\/uploads\/2023\/10\/cau-tao-may-ep-cam-vien-s400-3-pha_result222.webp\" alt=\"cau-tao-may-ep-cam-vien-s400-3-pha_result222\" width=\"800\" height=\"692\" srcset=\"https:\/\/congtybinhminh.com\/wp-content\/uploads\/2023\/10\/cau-tao-may-ep-cam-vien-s400-3-pha_result222.webp 800w, https:\/\/congtybinhminh.com\/wp-content\/uploads\/2023\/10\/cau-tao-may-ep-cam-vien-s400-3-pha_result222-510x441.webp 510w, https:\/\/congtybinhminh.com\/wp-content\/uploads\/2023\/10\/cau-tao-may-ep-cam-vien-s400-3-pha_result222-462x400.webp 462w, https:\/\/congtybinhminh.com\/wp-content\/uploads\/2023\/10\/cau-tao-may-ep-cam-vien-s400-3-pha_result222-768x664.webp 768w\" sizes=\"auto, (max-width: 800px) 100vw, 800px\" \/><\/p>\n<h3><strong>Toa n\u1ea1p v\u00e0 c\u1eeda x\u1ea3 linh ho\u1ea1t\u00a0<\/strong><\/h3>\n<p>Thi\u1ebft k\u1ebf t\u1ed1i gi\u1ea3n v\u1edbi 1 toa n\u1ea1p v\u00e0 1 c\u1eeda x\u1ea3. Toa n\u1ea1p thi\u1ebft k\u1ebf d\u1ea1ng \u0111\u1ee9ng v\u1edbi ph\u1ec5u tr\u00f2n mi\u1ec7ng r\u1ed9ng s\u00e2u l\u00f2ng c\u00f3 th\u1ec3 \u00e9p \u0111\u01b0\u1ee3c nhi\u1ec1u nguy\u00ean li\u1ec7u h\u01a1n trong m\u1ed7i m\u1ebb<\/p>\n<p><img loading=\"lazy\" decoding=\"async\" class=\"aligncenter wp-image-9062 size-full\" src=\"https:\/\/congtybinhminh.com\/wp-content\/uploads\/2023\/10\/toa-nap-nguyen-lieu-truc-dung_result222.webp\" alt=\"toa-nap-nguyen-lieu-truc-dung_result222\" width=\"800\" height=\"600\" srcset=\"https:\/\/congtybinhminh.com\/wp-content\/uploads\/2023\/10\/toa-nap-nguyen-lieu-truc-dung_result222.webp 800w, https:\/\/congtybinhminh.com\/wp-content\/uploads\/2023\/10\/toa-nap-nguyen-lieu-truc-dung_result222-510x383.webp 510w, https:\/\/congtybinhminh.com\/wp-content\/uploads\/2023\/10\/toa-nap-nguyen-lieu-truc-dung_result222-533x400.webp 533w, https:\/\/congtybinhminh.com\/wp-content\/uploads\/2023\/10\/toa-nap-nguyen-lieu-truc-dung_result222-768x576.webp 768w\" sizes=\"auto, (max-width: 800px) 100vw, 800px\" \/><\/p>\n<h3><strong>Bu\u1ed3ng l\u00e0m vi\u1ec7c c\u1ee7a m\u00e1y<\/strong><\/h3>\n<p>C\u1ed1i nghi\u1ec1n \u0111\u01b0\u1ee3c trang b\u1ecb h\u1ec7 th\u1ed1ng qu\u1ea3 l\u00f4 c\u00f9ng m\u1eb7t s\u00e0ng, khi m\u00e1y ho\u1ea1t \u0111\u1ed9ng qu\u1ea3 l\u00f4 tr\u00f2n nghi\u1ec1n &#8211; \u00e9p nguy\u00ean li\u1ec7u v\u1edbi m\u1eb7t s\u00e0ng t\u1ea1o th\u00e0nh vi\u00ean<\/p>\n<p><img loading=\"lazy\" decoding=\"async\" class=\"aligncenter wp-image-9061 size-full\" src=\"https:\/\/congtybinhminh.com\/wp-content\/uploads\/2023\/10\/lap-dat-may-ep-vien_result222.webp\" alt=\"lap-dat-may-ep-vien_result222\" width=\"800\" height=\"600\" srcset=\"https:\/\/congtybinhminh.com\/wp-content\/uploads\/2023\/10\/lap-dat-may-ep-vien_result222.webp 800w, https:\/\/congtybinhminh.com\/wp-content\/uploads\/2023\/10\/lap-dat-may-ep-vien_result222-510x383.webp 510w, https:\/\/congtybinhminh.com\/wp-content\/uploads\/2023\/10\/lap-dat-may-ep-vien_result222-533x400.webp 533w, https:\/\/congtybinhminh.com\/wp-content\/uploads\/2023\/10\/lap-dat-may-ep-vien_result222-768x576.webp 768w\" sizes=\"auto, (max-width: 800px) 100vw, 800px\" \/><\/p>\n<p>M\u00e1y c\u00f3 th\u1ec3 l\u1eafp c\u00e1c m\u1eb7t s\u00e0ng kh\u00e1c nhau v\u1edbi k\u00edch th\u01b0\u1edbc vi\u00ean 3ly; 4ly; 5ly&#8230; ph\u00f9 h\u1ee3p v\u1edbi c\u00e1c lo\u1ea1i gia s\u00fac &#8211; gia c\u1ea7m<\/p>\n<p><img loading=\"lazy\" decoding=\"async\" class=\"aligncenter wp-image-9063 size-full\" src=\"https:\/\/congtybinhminh.com\/wp-content\/uploads\/2023\/10\/mat-sang-may-ep-vien-s400_result222.webp\" alt=\"mat-sang-may-ep-vien-s400_result222\" width=\"800\" height=\"1190\" srcset=\"https:\/\/congtybinhminh.com\/wp-content\/uploads\/2023\/10\/mat-sang-may-ep-vien-s400_result222.webp 800w, https:\/\/congtybinhminh.com\/wp-content\/uploads\/2023\/10\/mat-sang-may-ep-vien-s400_result222-510x759.webp 510w, https:\/\/congtybinhminh.com\/wp-content\/uploads\/2023\/10\/mat-sang-may-ep-vien-s400_result222-269x400.webp 269w, https:\/\/congtybinhminh.com\/wp-content\/uploads\/2023\/10\/mat-sang-may-ep-vien-s400_result222-538x800.webp 538w, https:\/\/congtybinhminh.com\/wp-content\/uploads\/2023\/10\/mat-sang-may-ep-vien-s400_result222-768x1142.webp 768w\" sizes=\"auto, (max-width: 800px) 100vw, 800px\" \/><\/p>\n<p>Tr\u01b0\u1edbc c\u1eeda x\u1ea3 c\u00f3 thanh dao c\u1eaft. Qua \u0111\u00f3, ng\u01b0\u1eddi d\u00f9ng c\u00f3 th\u1ec3 t\u1ef1 \u0111i\u1ec1u ch\u1ec9nh k\u00edch th\u01b0\u1edbc d\u00e0i &#8211; ng\u1eafn c\u1ee7a vi\u00ean c\u00e1m b\u1eb1ng c\u00e1ch \u0111i\u1ec1u ch\u1ec9nh n\u00e2ng thanh c\u1eaft:<\/p>\n<p><img loading=\"lazy\" decoding=\"async\" class=\"aligncenter wp-image-9064 size-full\" src=\"https:\/\/congtybinhminh.com\/wp-content\/uploads\/2023\/10\/cua-xa-thanh-pham_result222.webp\" alt=\"cua-xa-thanh-pham_result222\" width=\"800\" height=\"600\" srcset=\"https:\/\/congtybinhminh.com\/wp-content\/uploads\/2023\/10\/cua-xa-thanh-pham_result222.webp 800w, https:\/\/congtybinhminh.com\/wp-content\/uploads\/2023\/10\/cua-xa-thanh-pham_result222-510x383.webp 510w, https:\/\/congtybinhminh.com\/wp-content\/uploads\/2023\/10\/cua-xa-thanh-pham_result222-533x400.webp 533w, https:\/\/congtybinhminh.com\/wp-content\/uploads\/2023\/10\/cua-xa-thanh-pham_result222-768x576.webp 768w\" sizes=\"auto, (max-width: 800px) 100vw, 800px\" \/><\/p>\n<ul>\n<li>Mu\u1ed1n vi\u00ean c\u00e1m ng\u1eafn: n\u00e2ng thanh c\u1eaft vi\u00ean c\u00e1m<\/li>\n<li>Mu\u1ed1n vi\u00ean c\u00e1m d\u00e0i: h\u1ea1 thanh c\u1eaft vi\u00ean c\u00e1m xu\u1ed1ng<\/li>\n<\/ul>\n<h3><strong>N\u0103ng su\u1ea5t cao\u00a0<\/strong><\/h3>\n<ul>\n<li style=\"text-align: left;\">L\u1eafp \u0111\u1ed9ng c\u01a1 32 &#8211; 37kw s\u1eed d\u1ee5ng \u0111i\u1ec7n 3 pha motor l\u00f5i d\u00e2y \u0111\u1ed3ng 100% cho n\u0103ng su\u1ea5t \u0111\u1ea1t t\u1eeb 800- 900 kg\/gi\u1edd<\/li>\n<\/ul>\n<p><img loading=\"lazy\" decoding=\"async\" class=\"aligncenter wp-image-9065 size-full\" src=\"https:\/\/congtybinhminh.com\/wp-content\/uploads\/2023\/10\/cam-vien-cho-ga_result222.webp\" alt=\"cam-vien-cho-ga_result222\" width=\"800\" height=\"600\" srcset=\"https:\/\/congtybinhminh.com\/wp-content\/uploads\/2023\/10\/cam-vien-cho-ga_result222.webp 800w, https:\/\/congtybinhminh.com\/wp-content\/uploads\/2023\/10\/cam-vien-cho-ga_result222-510x383.webp 510w, https:\/\/congtybinhminh.com\/wp-content\/uploads\/2023\/10\/cam-vien-cho-ga_result222-533x400.webp 533w, https:\/\/congtybinhminh.com\/wp-content\/uploads\/2023\/10\/cam-vien-cho-ga_result222-768x576.webp 768w\" sizes=\"auto, (max-width: 800px) 100vw, 800px\" \/><\/p>\n<ul>\n<li style=\"text-align: left;\">S\u1eed d\u1ee5ng c\u1ea7u h\u1ed9p s\u1ed1 \u00f4 t\u00f4 kh\u1ecfe gi\u00fap m\u00e1y ho\u1ea1t \u0111\u1ed9ng \u1ed5n \u0111\u1ecbnh trong su\u1ed1t qu\u00e1 tr\u00ecnh m\u00e1y ch\u1ea1y<\/li>\n<li style=\"text-align: left;\">Ti\u1ebft ki\u1ec7m th\u1eddi gian, gi\u00fap b\u00e0 con ch\u0103n nu\u00f4i c\u00f3 th\u1ec3 t\u1ef1 \u0111i\u1ec1u ch\u1ec9nh ngu\u1ed3n th\u1ee9 c\u0103n gi\u00fap v\u1eadt nu\u00f4i mau l\u1edbn, kh\u1ecfe m\u1ea1nh<\/li>\n<\/ul>\n<h2><strong>V\u00ec sao n\u00ean s\u1eed d\u1ee5ng m\u00e1y \u00e9p c\u00e1m vi\u00ean S400 trong ch\u0103n nu\u00f4i\u00a0<\/strong><\/h2>\n<p>Vi\u1ec7c s\u1eed d\u1ee5ng m\u00e1y \u00e9p c\u00e1m mang l\u1ea1i nhi\u1ec1u l\u1ee3i \u00edch trong ch\u0103n nu\u00f4i c\u1ea3 v\u1ec1 ch\u1ea5t l\u01b0\u1ee3ng v\u00e0 kinh t\u1ebf:<\/p>\n<ul>\n<li>T\u1eadn d\u1ee5ng nguy\u00ean li\u1ec7u s\u1eb5n c\u00f3 ti\u1ebft ki\u1ec7m 40-50% chi ph\u00ed l\u00e0m th\u1ee9c \u0103n cho g\u00e0, thay v\u00ec mua c\u00e1m ngo\u00e0i<\/li>\n<li>Ki\u1ec3m so\u00e1t ch\u1ea5t l\u01b0\u1ee3ng \u0111\u1ea7u v\u00e0o v\u00e0 \u0111\u1ea7u ra t\u1ea1o ra vi\u00ean c\u00e1m s\u00e1ch v\u1edbi ti\u00eau ch\u00ed &#8221; kh\u00f4ng ch\u1ea5t b\u1ea3o qu\u1ea3n &#8211; kh\u00f4ng thu\u1ed1c kh\u00e1ng sinh&#8221;<\/li>\n<li>Linh \u0111\u1ed9ng t\u00f9y ch\u1ec9nh c\u00f4ng th\u1ee9c \u0103n ph\u00f9 h\u1ee3p v\u1edbi t\u1eebng giai \u0111o\u1ea1n ph\u00e1t tri\u1ec3n c\u1ee7a gia s\u00fac<\/li>\n<li>Ch\u1ee7 \u0111\u1ed9ng ngu\u1ed3n c\u00e1m d\u1ef1 ph\u00f2ng cung c\u1ea5p th\u1ee9c \u0103n cho v\u1eadt nu\u00f4i<\/li>\n<\/ul>\n<h3><strong>\u0110\u1ecba ch\u1ec9 m\u00e1y \u00e9p c\u00e1m vi\u00ean S400 ch\u00ednh h\u00e3ng t\u1ea1i H\u00e0 N\u1ed9i\u00a0<\/strong><\/h3>\n<p>\u0110\u1ec3 \u0111\u1eb7t mua h\u00e0ng ch\u00ednh h\u00e3ng, b\u00e0 con c\u00f3 th\u1ec3 \u0111\u1ebfn tr\u1ee5 s\u1edf g\u1ea7n nh\u1ea5t c\u1ee7a c\u00f4ng ty \u0111\u1ec3 xem v\u00e0 \u0111\u1eb7t mua h\u00e0ng:<\/p>\n<p><img loading=\"lazy\" decoding=\"async\" class=\"aligncenter wp-image-9069 size-full\" src=\"https:\/\/congtybinhminh.com\/wp-content\/uploads\/2023\/10\/may-ep-cam-binh-minh_result222.webp\" alt=\"may-ep-cam-binh-minh_result222\" width=\"800\" height=\"706\" srcset=\"https:\/\/congtybinhminh.com\/wp-content\/uploads\/2023\/10\/may-ep-cam-binh-minh_result222.webp 800w, https:\/\/congtybinhminh.com\/wp-content\/uploads\/2023\/10\/may-ep-cam-binh-minh_result222-510x450.webp 510w, https:\/\/congtybinhminh.com\/wp-content\/uploads\/2023\/10\/may-ep-cam-binh-minh_result222-453x400.webp 453w, https:\/\/congtybinhminh.com\/wp-content\/uploads\/2023\/10\/may-ep-cam-binh-minh_result222-768x678.webp 768w\" sizes=\"auto, (max-width: 800px) 100vw, 800px\" \/><\/p>\n<ul>\n<li>Tr\u1ee5 s\u1edf ch\u00ednh: 249 &#8211; L\u00ea L\u1ee3i &#8211; Tx S\u01a1n T\u00e2y &#8211; H\u00e0 N\u1ed9i<\/li>\n<li>Chi nh\u00e1nh 1: kv 11 &#8211; P. H\u01b0ng Ph\u00fa &#8211; Q. C\u00e1i R\u0103ng &#8211; TP. C\u1ea7n Th\u01a1<\/li>\n<li>Chi nh\u00e1nh 2: x\u00e3 T\u00e2n Ki\u00ean &#8211; H. B\u00ecnh Ch\u00e1nh &#8211; Tp H\u1ed3 Ch\u00ed Minh<\/li>\n<\/ul>\n<p>Khi \u0111\u1ebfn \u0111\u00e2y, b\u00e0 con c\u00f3 th\u1ec3 tr\u1ea3i nghi\u1ec7m v\u1eadn h\u00e0nh m\u00e1y d\u01b0\u1edbi s\u1ef1 h\u01b0\u1edbng d\u1eabn c\u1ee7a \u0111\u1ed9i ng\u0169 k\u1ef9 thu\u1eadt<\/p>\n<p>\u0110\u1ed1i v\u1edbi b\u00e0 con \u1edf xa, c\u00f3 th\u1ec3 li\u00ean h\u1ec7 t\u1edbi s\u1ed1 \u0111i\u1ec7n tho\u1ea1i Hotline tr\u00ean website ho\u1eb7c \u0111\u1ec3 l\u1ea1i l\u1eddi nh\u1eafn \u0111\u1ed9i ng\u0169 t\u01b0 v\u1ea5n s\u1ebd li\u00ean h\u1ec7 t\u1edbi b\u00e0 con trong th\u1eddi gian s\u1edbm nh\u1ea5t<\/p>\n<p><strong>Th\u00f4ng s\u1ed1 k\u1ef9 thu\u1eadt\u00a0<\/strong><\/p>\n<table style=\"font-weight: 400;\">\n<tbody style=\"font-weight: inherit;\">\n<tr style=\"font-weight: inherit;\">\n<td rowspan=\"3\" width=\"245\">\n<p style=\"font-weight: inherit;\"><span style=\"font-weight: inherit;\">\u0110\u1ed9ng c\u01a1<\/span><\/p>\n<\/td>\n<td width=\"211\">\n<p style=\"font-weight: inherit;\"><span style=\"font-weight: inherit;\">\u00a0C\u00f4ng su\u1ea5t \u0111\u1ed9ng c\u01a1<\/span><\/p>\n<\/td>\n<td width=\"210\">\n<p style=\"font-weight: inherit;\"><span style=\"font-weight: inherit;\">32\u00a0&#8211; 37\u00a0 kw<\/span><\/p>\n<\/td>\n<\/tr>\n<tr style=\"font-weight: inherit;\">\n<td width=\"211\"><span style=\"font-weight: inherit;\">T\u1ed1c \u0111\u1ed9 v\u00f2ng quay \u0111\u1ed9ng c\u01a1<\/span><\/td>\n<td width=\"210\"><span style=\"font-weight: inherit;\">1450v\/p<\/span><\/td>\n<\/tr>\n<tr style=\"font-weight: inherit;\">\n<td width=\"211\">\n<p style=\"font-weight: inherit;\"><span style=\"font-weight: inherit;\">Ngu\u1ed3n \u0111i\u1ec7n<\/span><\/p>\n<\/td>\n<td width=\"210\">\n<p style=\"font-weight: inherit;\"><span style=\"font-weight: inherit;\">380 (V)<\/span><\/p>\n<\/td>\n<\/tr>\n<tr style=\"font-weight: inherit;\">\n<td rowspan=\"1\" width=\"245\">\n<p style=\"font-weight: inherit;\"><span style=\"font-weight: inherit;\">Tr\u1ecdng l\u01b0\u1ee3ng m\u00e1y<\/span><\/p>\n<\/td>\n<td width=\"211\">\n<p style=\"font-weight: inherit;\"><span style=\"font-weight: inherit;\">Nguy\u00ean b\u1ed9<\/span><\/p>\n<\/td>\n<td width=\"210\">\n<p style=\"font-weight: inherit;\"><span style=\"font-weight: inherit;\">620 kg (ch\u01b0a \u0111\u1ed9ng c\u01a1)<\/span><\/p>\n<\/td>\n<\/tr>\n<tr style=\"font-weight: inherit;\">\n<td width=\"245\">\n<p style=\"font-weight: inherit;\"><span style=\"font-weight: inherit;\">N\u0103ng su\u1ea5t<\/span><\/p>\n<\/td>\n<td colspan=\"2\" width=\"421\">\n<p style=\"font-weight: inherit;\"><span style=\"font-weight: inherit;\">800kg &#8211; 900kg\/h<\/span><\/p>\n<\/td>\n<\/tr>\n<tr style=\"font-weight: inherit;\">\n<td width=\"245\">\n<p style=\"font-weight: inherit;\"><span style=\"font-weight: inherit;\">B\u1ea3o h\u00e0nh<\/span><\/p>\n<\/td>\n<td colspan=\"2\" width=\"421\">\n<p style=\"font-weight: inherit;\"><span style=\"font-weight: inherit;\">6 th\u00e1ng<\/span><\/p>\n<\/td>\n<\/tr>\n<tr style=\"font-weight: inherit;\">\n<td width=\"245\">\n<p style=\"font-weight: inherit;\"><span style=\"font-weight: inherit;\">K\u00edch th\u01b0\u1edbc ( D * C * R )<\/span><\/p>\n<\/td>\n<td colspan=\"2\" width=\"421\">\n<p style=\"font-weight: inherit;\"><span style=\"font-weight: inherit;\">150*180*95cm (m\u00e1y \u00e9p c\u00e1m vi\u00ean)<\/span><\/p>\n<\/td>\n<\/tr>\n<tr style=\"font-weight: inherit;\">\n<td width=\"245\">\n<p style=\"font-weight: inherit;\"><span style=\"font-weight: inherit;\">H\u00ecnh th\u1ee9c thanh to\u00e1n<\/span><\/p>\n<\/td>\n<td colspan=\"2\" width=\"421\">Ti\u1ec1n m\u1eb7t ho\u1eb7c chuy\u1ec3n kho\u1ea3n<\/td>\n<\/tr>\n<\/tbody>\n<\/table>\n","protected":false},"excerpt":{"rendered":"<ul>\n<li><strong>H\u00e3ng s\u1ea3n xu\u1ea5t<\/strong>: B\u00ecnh Minh<\/li>\n<li><strong>\u0110\u1ed9ng c\u01a1:\u00a0 \u00a0<\/strong> 30-32kw<\/li>\n<li><strong>T\u1ed1c \u0111\u1ed9:\u00a0<\/strong> \u00a01450\u00a0 (V\u00f2ng\/ph\u00fat)<\/li>\n<li><strong>N\u0103ng su\u1ea5t:<\/strong>\u00a0 800 &#8211; 900kg\/h<\/li>\n<li><strong>K\u00edch th\u01b0\u1edbc (d*c*r):<\/strong> 150*180*95 cm<\/li>\n<li><strong>Tr\u1ecdng l\u01b0\u1ee3ng:<\/strong> 620 kg (kh\u00f4ng \u0111\u1ed9ng c\u01a1)<\/li>\n<li><strong>T\u00ednh n\u0103ng:\u00a0<\/strong> M\u00e1y nghi\u1ec1n &#8211; tr\u1ed9n &#8211; \u00e9p c\u00e1c lo\u1ea1i b\u1ed9t c\u00e1m, rau, cua, c\u00e1 nh\u1ecf th\u00e0nh vi\u00ean c\u00e1m ch\u0103n nu\u00f4i cho gia s\u00fac, gia c\u1ea7m.<\/li>\n<\/ul>\n","protected":false},"featured_media":9052,"comment_status":"closed","ping_status":"closed","template":"","meta":[],"product_brand":[],"product_cat":[64,63],"product_tag":[],"class_list":{"0":"post-9051","1":"product","2":"type-product","3":"status-publish","4":"has-post-thumbnail","6":"product_cat-may-ep-cam","7":"product_cat-may-ep-cam-vien-truc-dung","9":"first","10":"instock","11":"shipping-taxable","12":"product-type-simple"},"_links":{"self":[{"href":"https:\/\/congtybinhminh.com\/index.php?rest_route=\/wp\/v2\/product\/9051","targetHints":{"allow":["GET"]}}],"collection":[{"href":"https:\/\/congtybinhminh.com\/index.php?rest_route=\/wp\/v2\/product"}],"about":[{"href":"https:\/\/congtybinhminh.com\/index.php?rest_route=\/wp\/v2\/types\/product"}],"replies":[{"embeddable":true,"href":"https:\/\/congtybinhminh.com\/index.php?rest_route=%2Fwp%2Fv2%2Fcomments&post=9051"}],"wp:featuredmedia":[{"embeddable":true,"href":"https:\/\/congtybinhminh.com\/index.php?rest_route=\/wp\/v2\/media\/9052"}],"wp:attachment":[{"href":"https:\/\/congtybinhminh.com\/index.php?rest_route=%2Fwp%2Fv2%2Fmedia&parent=9051"}],"wp:term":[{"taxonomy":"product_brand","embeddable":true,"href":"https:\/\/congtybinhminh.com\/index.php?rest_route=%2Fwp%2Fv2%2Fproduct_brand&post=9051"},{"taxonomy":"product_cat","embeddable":true,"href":"https:\/\/congtybinhminh.com\/index.php?rest_route=%2Fwp%2Fv2%2Fproduct_cat&post=9051"},{"taxonomy":"product_tag","embeddable":true,"href":"https:\/\/congtybinhminh.com\/index.php?rest_route=%2Fwp%2Fv2%2Fproduct_tag&post=9051"}],"curies":[{"name":"wp","href":"https:\/\/api.w.org\/{rel}","templated":true}]}}