{"id":9036,"date":"2023-10-03T17:15:46","date_gmt":"2023-10-03T10:15:46","guid":{"rendered":"https:\/\/congtybinhminh.com\/?post_type=product&#038;p=9036"},"modified":"2024-02-19T14:58:57","modified_gmt":"2024-02-19T07:58:57","slug":"may-bam-chuoi-da-nang-co-banh-xe","status":"publish","type":"product","link":"https:\/\/congtybinhminh.com\/?product=may-bam-chuoi-da-nang-co-banh-xe","title":{"rendered":"M\u00e1y b\u0103m chu\u1ed1i \u0111a n\u0103ng (c\u00f3 b\u00e1nh xe)"},"content":{"rendered":"<h2>Video ho\u1ea1t \u0111\u1ed9ng m\u00e1y b\u0103m chu\u1ed1i c\u00f3 b\u00e1nh xe<\/h2>\n<p><iframe loading=\"lazy\" title=\"M\u00e1y B\u0103m Chu\u1ed1i B\u0103m C\u1ecf Rau B\u00e8o \u0110a N\u0103ng Trong Ch\u0103n Nu\u00f4i.\" width=\"1020\" height=\"574\" src=\"https:\/\/www.youtube.com\/embed\/MvGTMAiYopU?feature=oembed\" frameborder=\"0\" allow=\"accelerometer; autoplay; clipboard-write; encrypted-media; gyroscope; picture-in-picture; web-share\" allowfullscreen><\/iframe><\/p>\n<h2>Gi\u1edbi thi\u1ec7u m\u00e1y b\u0103m chu\u1ed1i \u0111a n\u0103ng c\u00f3 b\u00e1nh xe<\/h2>\n<p>M\u00e1y b\u0103m chu\u1ed1i phi\u00ean b\u1ea3n m\u1edbi l\u1eafp \u0111\u1eb7t c\u00f3 b\u00e1nh xe v\u00e0 tay \u0111\u1ea9y thu\u1eadn ti\u1ec7n di chuy\u1ec3n,h\u1ed7 tr\u1ee3 b\u00e0 con b\u0103m nh\u1ecf c\u00e2y chu\u1ed1i, c\u1ecf voi v\u00e0 c\u00e1c lo\u1ea1i rau xanh&#8230; ph\u1ee5 v\u1ee5 qu\u00e1 tr\u00ecnh ch\u0103n nu\u00f4i<\/p>\n<p><img loading=\"lazy\" decoding=\"async\" class=\"aligncenter wp-image-9044 size-full\" src=\"https:\/\/congtybinhminh.com\/wp-content\/uploads\/2023\/10\/may-bam-chuoi-da-nang-co-banh-xe-binh-minh-1_result222.webp\" alt=\"may-bam-chuoi-da-nang-co-banh-xe-binh-minh-1_result222\" width=\"800\" height=\"1078\" srcset=\"https:\/\/congtybinhminh.com\/wp-content\/uploads\/2023\/10\/may-bam-chuoi-da-nang-co-banh-xe-binh-minh-1_result222.webp 800w, https:\/\/congtybinhminh.com\/wp-content\/uploads\/2023\/10\/may-bam-chuoi-da-nang-co-banh-xe-binh-minh-1_result222-510x687.webp 510w, https:\/\/congtybinhminh.com\/wp-content\/uploads\/2023\/10\/may-bam-chuoi-da-nang-co-banh-xe-binh-minh-1_result222-297x400.webp 297w, https:\/\/congtybinhminh.com\/wp-content\/uploads\/2023\/10\/may-bam-chuoi-da-nang-co-banh-xe-binh-minh-1_result222-594x800.webp 594w, https:\/\/congtybinhminh.com\/wp-content\/uploads\/2023\/10\/may-bam-chuoi-da-nang-co-banh-xe-binh-minh-1_result222-768x1035.webp 768w\" sizes=\"auto, (max-width: 800px) 100vw, 800px\" \/><\/p>\n<p>C\u00f4ng ty B\u00ecnh Minh &#8211; \u0111\u01a1n v\u1ecb tr\u1ef1c ti\u1ebfp s\u1ea3n xu\u1ea5t m\u00e1y b\u0103m chu\u1ed1i v\u1edbi h\u01a1n 30 n\u0103m h\u00ecnh th\u00e0nh v\u00e0 ph\u00e1t tri\u1ec3n trong l\u0129nh v\u1ef1c c\u01a1 kh\u00ed mang \u0111\u1ebfn cho b\u00e0 con nh\u1eefng s\u1ea3n ph\u1ea9m ch\u1ea5t l\u01b0\u1ee3ng t\u1ed1t nh\u1ea5t<\/p>\n<h2>Nh\u1eefng t\u00ednh n\u0103ng m\u00e1y b\u0103m chu\u1ed1i c\u00f3 b\u00e1nh xe<\/h2>\n<p>C\u00e2y chu\u1ed1i c\u00f3 \u0111\u1eb7c t\u00ednh nhi\u1ec1u nh\u1ef1a, k\u00edch th\u01b0\u1edbc l\u1ea1i l\u1edbn n\u00ean \u1edf c\u00e1c d\u00f2ng m\u00e1y b\u0103m th\u01b0\u1eddng kh\u00f3 c\u00f3 th\u1ec3 b\u0103m nh\u1ecf. C\u00f2n v\u1edbi m\u00e1y b\u0103m chu\u1ed1i \u0111a n\u0103ng B\u00ecnh Minh c\u00f3 th\u1ec3 b\u0103m nhuy\u1ec5n c\u00e2y chu\u1ed1i ch\u1ec9 trong 20-30 gi\u00e2y<\/p>\n<p>Ngo\u00e0i ra, m\u00e1y c\u00f2n c\u00f3 th\u1ec3 b\u0103m \u0111a d\u1ea1ng c\u1ecf kh\u00e1c nhau nh\u01b0: c\u1ecf voi, th\u00e2n c\u00e2y ng\u00f4, rau b\u00e8o&#8230; l\u00e0m th\u1ee9c \u0103n cho gia s\u00fac &#8211; gia c\u1ea7m<\/p>\n<h2>C\u1ea5u t\u1ea1o m\u00e1y b\u0103m chu\u1ed1i \u0111a n\u0103ng<\/h2>\n<p>Thi\u1ebft k\u1ebf hi\u1ec7n \u0111\u1ea1i, v\u1edb ph\u1ea7n khung m\u00e1y \u0111\u01b0\u1ee3c h\u00e0n g\u1eafn ch\u1eafc ch\u1eafn kh\u00f4ng g\u00e2y rung l\u1eafc trong qu\u00e1 tr\u00ecnh b\u0103m<\/p>\n<p><img loading=\"lazy\" decoding=\"async\" class=\"aligncenter wp-image-9045 size-full\" src=\"https:\/\/congtybinhminh.com\/wp-content\/uploads\/2023\/10\/cau-tao-may-bam-chuoi-co-banh-xe_result222.webp\" alt=\"cau-tao-may-bam-chuoi-co-banh-xe_result222\" width=\"800\" height=\"678\" srcset=\"https:\/\/congtybinhminh.com\/wp-content\/uploads\/2023\/10\/cau-tao-may-bam-chuoi-co-banh-xe_result222.webp 800w, https:\/\/congtybinhminh.com\/wp-content\/uploads\/2023\/10\/cau-tao-may-bam-chuoi-co-banh-xe_result222-510x432.webp 510w, https:\/\/congtybinhminh.com\/wp-content\/uploads\/2023\/10\/cau-tao-may-bam-chuoi-co-banh-xe_result222-472x400.webp 472w, https:\/\/congtybinhminh.com\/wp-content\/uploads\/2023\/10\/cau-tao-may-bam-chuoi-co-banh-xe_result222-768x651.webp 768w\" sizes=\"auto, (max-width: 800px) 100vw, 800px\" \/><\/p>\n<p>Ch\u00e2n m\u00e1y l\u1eafp \u0111\u1eb7t c\u00f3 b\u00e1nh xe v\u00e0 tay \u0111\u1ea9y thu\u1eadn ti\u1ec7n di chuy\u1ec3n v\u1ecb tr\u00ed \u0111\u1eb7t m\u00e1y<\/p>\n<h3>Toa n\u1ea1p nguy\u00ean li\u1ec7u<\/h3>\n<p>Thi\u1ebft k\u1ebf toa n\u1ea1p d\u1ea1ng \u0111\u1ee9ng v\u1edbi ph\u1ea7n mi\u1ec7ng ph\u1ec5u tr\u00f2n r\u1ed9ng c\u00f3 th\u1ec3 \u0111\u01b0a nhi\u1ec1u nguy\u00ean li\u1ec7u v\u00e0o b\u0103m<\/p>\n<p><img loading=\"lazy\" decoding=\"async\" class=\"aligncenter wp-image-9046 size-full\" src=\"https:\/\/congtybinhminh.com\/wp-content\/uploads\/2023\/10\/toa-nap-nguyen-lieu_result222.webp\" alt=\"toa-nap-nguyen-lieu_result222\" width=\"800\" height=\"600\" srcset=\"https:\/\/congtybinhminh.com\/wp-content\/uploads\/2023\/10\/toa-nap-nguyen-lieu_result222.webp 800w, https:\/\/congtybinhminh.com\/wp-content\/uploads\/2023\/10\/toa-nap-nguyen-lieu_result222-510x383.webp 510w, https:\/\/congtybinhminh.com\/wp-content\/uploads\/2023\/10\/toa-nap-nguyen-lieu_result222-533x400.webp 533w, https:\/\/congtybinhminh.com\/wp-content\/uploads\/2023\/10\/toa-nap-nguyen-lieu_result222-768x576.webp 768w\" sizes=\"auto, (max-width: 800px) 100vw, 800px\" \/><\/p>\n<p>M\u00e1y c\u00f3 th\u1ec3 b\u0103m nguy\u00ean c\u00e2y chu\u1ed1i c\u00f3 \u0111\u01b0\u1eddng k\u00ednh d\u01b0\u1edbi 16cm, c\u00f2n \u0111\u1ed1i v\u1edbi nh\u1eefng c\u00e2y to\u00a0 h\u01a1n c\u00f3 th\u1ec3 b\u00f3c b\u1edbt b\u1eb9 l\u1ef1a mi\u1ec7ng toa l\u00e0 \u0111\u01b0\u1ee3c<\/p>\n<h3>Bu\u1ed3ng dao b\u0103m chu\u1ed1i<\/h3>\n<p>H\u1ec7 th\u1ed1ng bu\u1ed3ng dao b\u0103m g\u1ed3m 1 dao th\u00e9p to 2 l\u01b0\u1ee1i v\u00e0 14 dao inox nh\u1ecf b\u0103m nhuy\u1ec5n nguy\u00ean li\u1ec7u<\/p>\n<p><img loading=\"lazy\" decoding=\"async\" class=\"aligncenter wp-image-9047 size-full\" src=\"https:\/\/congtybinhminh.com\/wp-content\/uploads\/2023\/10\/dao-bam-chuoi_result222.webp\" alt=\"dao-bam-chuoi_result222\" width=\"800\" height=\"752\" srcset=\"https:\/\/congtybinhminh.com\/wp-content\/uploads\/2023\/10\/dao-bam-chuoi_result222.webp 800w, https:\/\/congtybinhminh.com\/wp-content\/uploads\/2023\/10\/dao-bam-chuoi_result222-510x479.webp 510w, https:\/\/congtybinhminh.com\/wp-content\/uploads\/2023\/10\/dao-bam-chuoi_result222-426x400.webp 426w, https:\/\/congtybinhminh.com\/wp-content\/uploads\/2023\/10\/dao-bam-chuoi_result222-768x722.webp 768w\" sizes=\"auto, (max-width: 800px) 100vw, 800px\" \/><\/p>\n<p>Th\u00e0nh ph\u1ea9m sau khi b\u0103m s\u1ebd \u0111\u01b0\u1ee3c thanh g\u1ea1t \u0111\u01b0a h\u1ebft ra ngo\u00e0i c\u1eeda x\u1ea3<\/p>\n<h3>C\u1eeda x\u1ea3 th\u00e0nh ph\u1ea9m<\/h3>\n<p>Th\u00e0nh ph\u1ea9m sau khi b\u0103m s\u1ebd \u0111\u01b0\u1ee3c thanh g\u1ea1t \u0111\u01b0a ra ngo\u00e0i c\u1eeda x\u1ea3. Ph\u00eda tr\u01b0\u1edbc c\u1eeda x\u1ea3 c\u00f3 n\u1eafp ch\u1eafn gi\u00fap thu\u1eadn ti\u1ec7n cho b\u00e0 con \u0111i\u1ec1u ch\u1ec9nh h\u01b0\u1edbng phun:<\/p>\n<p><img loading=\"lazy\" decoding=\"async\" class=\"aligncenter wp-image-9048 size-full\" src=\"https:\/\/congtybinhminh.com\/wp-content\/uploads\/2023\/10\/nap-day-may-bam-chuoi_result222.webp\" alt=\"nap-day-may-bam-chuoi_result222\" width=\"800\" height=\"752\" srcset=\"https:\/\/congtybinhminh.com\/wp-content\/uploads\/2023\/10\/nap-day-may-bam-chuoi_result222.webp 800w, https:\/\/congtybinhminh.com\/wp-content\/uploads\/2023\/10\/nap-day-may-bam-chuoi_result222-510x479.webp 510w, https:\/\/congtybinhminh.com\/wp-content\/uploads\/2023\/10\/nap-day-may-bam-chuoi_result222-426x400.webp 426w, https:\/\/congtybinhminh.com\/wp-content\/uploads\/2023\/10\/nap-day-may-bam-chuoi_result222-768x722.webp 768w\" sizes=\"auto, (max-width: 800px) 100vw, 800px\" \/><\/p>\n<ul>\n<li>N\u00e2ng n\u1eafp ch\u1eafn: n\u1ebfu mu\u1ed1n c\u1ecf phun g\u1ea7n<\/li>\n<li>H\u1ea1 n\u1eafp ch\u1eafn: n\u1ebfu mu\u1ed1n c\u1ecf phun xa<\/li>\n<\/ul>\n<h3>Cho n\u0103ng su\u1ea5t cao<\/h3>\n<p>S\u1eed d\u1ee5ng \u0111\u1ed9ng c\u01a1 3kw d\u00f9ng \u0111i\u1ec7n 1 pha 220V motor l\u00f5i d\u00e2y \u0111\u1ed3ng 100% cho n\u0103ng su\u1ea5t cao. Qu\u00e1 tr\u00ecnh b\u0103m t\u1ef1 \u0111\u1ed9ng ch\u1ec9 m\u1ea5t kho\u1ea3ng 20 &#8211; 30 gi\u00e2y. T\u00ednh ra, trung b\u00ecnh trong 1 ph\u00fat m\u00e1y c\u00f3 th\u1ec3 b\u0103m t\u1eeb 2 &#8211; 3 c\u00e2y chu\u1ed1i<\/p>\n<p><img loading=\"lazy\" decoding=\"async\" class=\"aligncenter wp-image-9049 size-full\" src=\"https:\/\/congtybinhminh.com\/wp-content\/uploads\/2023\/10\/may-bam-chuoi-bam-co_result222.webp\" alt=\"may-bam-chuoi-bam-co_result222\" width=\"800\" height=\"869\" srcset=\"https:\/\/congtybinhminh.com\/wp-content\/uploads\/2023\/10\/may-bam-chuoi-bam-co_result222.webp 800w, https:\/\/congtybinhminh.com\/wp-content\/uploads\/2023\/10\/may-bam-chuoi-bam-co_result222-510x554.webp 510w, https:\/\/congtybinhminh.com\/wp-content\/uploads\/2023\/10\/may-bam-chuoi-bam-co_result222-368x400.webp 368w, https:\/\/congtybinhminh.com\/wp-content\/uploads\/2023\/10\/may-bam-chuoi-bam-co_result222-736x800.webp 736w, https:\/\/congtybinhminh.com\/wp-content\/uploads\/2023\/10\/may-bam-chuoi-bam-co_result222-768x834.webp 768w\" sizes=\"auto, (max-width: 800px) 100vw, 800px\" \/><\/p>\n<h2>V\u00ec sao n\u00ean d\u00f9ng m\u00e1y b\u0103m chu\u1ed1i \u0111a n\u0103ng c\u1ee7a c\u00f4ng ty B\u00ecnh Minh<\/h2>\n<ul>\n<li>Qu\u00e1 tr\u00ecnh b\u0103m t\u1ef1 \u0111\u1ed9ng, ti\u1ebft ki\u1ec7m th\u1eddi gian v\u00e0 c\u00f4ng s\u1ee9c thay v\u00ec m\u1ea5t h\u00e0ng gi\u1edd ng\u1ed3i b\u0103m th\u1ee7 c\u00f4ng<\/li>\n<li>Thu\u1eadn ti\u1ec7n di chuy\u1ec3n v\u1ecb tr\u00ed \u0111\u1eb7t m\u00e1y<\/li>\n<li>Th\u00e0nh ph\u1ea9m \u0111\u01b0\u1ee3c b\u0103m \u0111\u1ed3ng \u0111\u1ec1u, gi\u00fap v\u1eadn nu\u00f4i d\u1ec5 \u0103n &#8211; d\u1ec5 h\u1ea5p th\u1ee5<\/li>\n<li>M\u00e1y b\u0103m \u0111a d\u1ea1ng nguy\u00ean li\u1ec7u, t\u1eadn d\u1ee5ng ph\u1ee5 ph\u1ea9m s\u1eb5n c\u00f3 ti\u1ebft ki\u1ec7m chi ph\u00ed<\/li>\n<\/ul>\n<p><img loading=\"lazy\" decoding=\"async\" class=\"aligncenter wp-image-9050 size-full\" src=\"https:\/\/congtybinhminh.com\/wp-content\/uploads\/2023\/10\/dia-chi-ban-may-bam-chuoi_result222.webp\" alt=\"dia-chi-ban-may-bam-chuoi_result222\" width=\"800\" height=\"752\" srcset=\"https:\/\/congtybinhminh.com\/wp-content\/uploads\/2023\/10\/dia-chi-ban-may-bam-chuoi_result222.webp 800w, https:\/\/congtybinhminh.com\/wp-content\/uploads\/2023\/10\/dia-chi-ban-may-bam-chuoi_result222-510x479.webp 510w, https:\/\/congtybinhminh.com\/wp-content\/uploads\/2023\/10\/dia-chi-ban-may-bam-chuoi_result222-426x400.webp 426w, https:\/\/congtybinhminh.com\/wp-content\/uploads\/2023\/10\/dia-chi-ban-may-bam-chuoi_result222-768x722.webp 768w\" sizes=\"auto, (max-width: 800px) 100vw, 800px\" \/><\/p>\n<ul>\n<li>M\u00e1y do c\u00f4ng ty s\u1ea3n xu\u1ea5t ch\u00ednh h\u00e3ng 100% linh ph\u1ee5 ki\u1ec7n s\u1eb5n c\u00f3 thu\u1eadn ti\u1ec7n b\u1ea3o h\u00e0nh m\u00e1y<\/li>\n<\/ul>\n<p><strong>Th\u00f4ng s\u1ed1 k\u1ef9 thu\u1eadt\u00a0<\/strong><\/p>\n<table>\n<tbody>\n<tr>\n<td rowspan=\"3\" width=\"274\">\u0110\u1ed9ng c\u01a1<\/td>\n<td width=\"214\">C\u00f4ng su\u1ea5t \u0111\u1ed9ng c\u01a1<\/td>\n<td width=\"213\">3 kw<\/td>\n<\/tr>\n<tr>\n<td width=\"214\">Ngu\u1ed3n \u0111i\u1ec7n<\/td>\n<td width=\"213\">220 (V)<\/td>\n<\/tr>\n<tr>\n<td width=\"214\">T\u1ed1c \u0111\u1ed9 m\u00e1y<\/td>\n<td width=\"213\">1450( v\/p)<\/td>\n<\/tr>\n<tr>\n<td rowspan=\"2\" width=\"274\">Tr\u1ecdng l\u01b0\u1ee3ng m\u00e1y<\/td>\n<td width=\"214\">Nguy\u00ean b\u1ed9<\/td>\n<td width=\"213\">\u00a064 ( kg)<\/td>\n<\/tr>\n<tr>\n<td width=\"214\">Kh\u00f4ng \u0111\u1ed9ng c\u01a1<\/td>\n<td width=\"213\">44 (kg)<\/td>\n<\/tr>\n<tr>\n<td rowspan=\"2\" width=\"274\">B\u1ea3o h\u00e0nh<\/td>\n<td width=\"214\">K\u1ef9 thu\u1eadt<\/td>\n<td width=\"213\">06 th\u00e1ng<\/td>\n<\/tr>\n<tr>\n<td width=\"214\">\u0110\u1ed9ng c\u01a1<\/td>\n<td width=\"213\">Theo t\u1eebng h\u00e3ng s\u1ea3n xu\u1ea5t<\/td>\n<\/tr>\n<tr>\n<td width=\"274\">N\u0103ng su\u1ea5t<\/td>\n<td colspan=\"2\" width=\"427\">( kg\/h)<\/td>\n<\/tr>\n<tr>\n<td width=\"274\">K\u00edch th\u01b0\u1edbc ( D*C*R)<\/td>\n<td colspan=\"2\" width=\"427\">88*76*46cm<\/td>\n<\/tr>\n<tr>\n<td width=\"274\">H\u00ecnh th\u1ee9c thanh to\u00e1n<\/td>\n<td colspan=\"2\" width=\"427\">Ti\u1ec1n m\u1eb7t ho\u1eb7c chuy\u1ec3n kho\u1ea3n<\/td>\n<\/tr>\n<\/tbody>\n<\/table>\n","protected":false},"excerpt":{"rendered":"<ul>\n<li><strong>H\u00e3ng s\u1ea3n xu\u1ea5t :<\/strong> B\u00ecnh Minh<\/li>\n<li><strong>C\u00f4ng su\u1ea5t \u0111\u1ed9ng c\u01a1 :<\/strong>\u00a03kw<\/li>\n<li><strong>T\u1ed1c \u0111\u1ed9 :<\/strong>\u00a01450 v\u00f2ng\/ph\u00fat<\/li>\n<li><strong>Ngu\u1ed3n \u0111i\u1ec7n :<\/strong>\u00a0220V<\/li>\n<li><strong>K\u00edch th\u01b0\u1edbc (d*c*r):<\/strong> 88*76*46 cm<\/li>\n<li><strong>Tr\u1ecdng l\u01b0\u1ee3ng:<\/strong> 64 kg<\/li>\n<li><strong>T\u00ednh n\u0103ng<\/strong>\u00a0: M\u00e1y chuy\u00ean d\u00f9ng b\u0103m nh\u1ecf c\u00e2y chu\u1ed1i, c\u1ecf voi, th\u00e2n c\u00e2y ng\u00f4, rau b\u00e8o \u2026 l\u00e0m th\u1ee9c \u0103n cho gia s\u00fac, gia c\u1ea7m<\/li>\n<\/ul>\n","protected":false},"featured_media":9347,"comment_status":"closed","ping_status":"closed","template":"","meta":[],"product_brand":[],"product_cat":[33],"product_tag":[],"class_list":{"0":"post-9036","1":"product","2":"type-product","3":"status-publish","4":"has-post-thumbnail","6":"product_cat-may-bam-chuoi-da-nang","8":"first","9":"instock","10":"shipping-taxable","11":"product-type-simple"},"_links":{"self":[{"href":"https:\/\/congtybinhminh.com\/index.php?rest_route=\/wp\/v2\/product\/9036","targetHints":{"allow":["GET"]}}],"collection":[{"href":"https:\/\/congtybinhminh.com\/index.php?rest_route=\/wp\/v2\/product"}],"about":[{"href":"https:\/\/congtybinhminh.com\/index.php?rest_route=\/wp\/v2\/types\/product"}],"replies":[{"embeddable":true,"href":"https:\/\/congtybinhminh.com\/index.php?rest_route=%2Fwp%2Fv2%2Fcomments&post=9036"}],"wp:featuredmedia":[{"embeddable":true,"href":"https:\/\/congtybinhminh.com\/index.php?rest_route=\/wp\/v2\/media\/9347"}],"wp:attachment":[{"href":"https:\/\/congtybinhminh.com\/index.php?rest_route=%2Fwp%2Fv2%2Fmedia&parent=9036"}],"wp:term":[{"taxonomy":"product_brand","embeddable":true,"href":"https:\/\/congtybinhminh.com\/index.php?rest_route=%2Fwp%2Fv2%2Fproduct_brand&post=9036"},{"taxonomy":"product_cat","embeddable":true,"href":"https:\/\/congtybinhminh.com\/index.php?rest_route=%2Fwp%2Fv2%2Fproduct_cat&post=9036"},{"taxonomy":"product_tag","embeddable":true,"href":"https:\/\/congtybinhminh.com\/index.php?rest_route=%2Fwp%2Fv2%2Fproduct_tag&post=9036"}],"curies":[{"name":"wp","href":"https:\/\/api.w.org\/{rel}","templated":true}]}}