{"id":90,"date":"2019-10-23T09:56:18","date_gmt":"2019-10-23T02:56:18","guid":{"rendered":"https:\/\/congtybinhminh.com\/?post_type=product&#038;p=90"},"modified":"2022-06-23T15:03:17","modified_gmt":"2022-06-23T08:03:17","slug":"may-ep-cam-vien-s200","status":"publish","type":"product","link":"https:\/\/congtybinhminh.com\/?product=may-ep-cam-vien-s200","title":{"rendered":"M\u00e1y \u00c9p C\u00e1m Vi\u00ean S200"},"content":{"rendered":"<p><strong>Xem video tr\u1ef1c ti\u1ebfp t\u1ea1i \u0111\u00e2y:<\/strong><\/p>\n<p><iframe loading=\"lazy\" title=\"YouTube video player\" src=\"https:\/\/www.youtube.com\/embed\/lHwNnwRmaLQ\" width=\"100%\" height=\"480px\" frameborder=\"0\" allowfullscreen=\"allowfullscreen\"><span data-mce-type=\"bookmark\" style=\"display: inline-block; width: 0px; overflow: hidden; line-height: 0;\" class=\"mce_SELRES_start\">\ufeff<\/span><\/iframe><\/p>\n<p>M\u00e1y \u00e9p c\u00e1m vi\u00ean S200 \u0111\u01b0\u1ee3c c\u1ea3i ti\u1ebfn t\u1eeb d\u00f2ng m\u00e1y \u00e9p c\u00e1m S150 v\u00e0 \u0111\u01b0\u1ee3c s\u1ea3n xu\u1ea5t b\u1edfi d\u00e2y chuy\u1ec1n hi\u1ec7n \u0111\u1ea1i, \u0111\u01b0\u1ee3c thi\u1ebft k\u1ebf b\u1eb1ng \u0111\u1ed9i ng\u0169 k\u1ef9 s\u01b0 nhi\u1ec1u n\u0103m kinh nghi\u1ec7m c\u1ee7a c\u00f4ng ty B\u00ecnh Minh. M\u00e1y c\u00f3 ch\u1ee9c n\u0103ng \u00e9p \u0111\u01b0\u1ee3c c\u00e1c nguy\u00ean li\u1ec7u ng\u00f4 h\u1ea1t, c\u00e1m, rau, cua, c\u00e1, \u1ed1c nh\u1ecf,&#8230; hay nhi\u1ec1u nguy\u00ean li\u1ec7u kh\u00e1c th\u00e0nh vi\u00ean c\u00e1m c\u00f3 gi\u00e1 tr\u1ecb dinh d\u01b0\u1ee1ng cao cho gia s\u00fac, gia c\u1ea7m.<\/p>\n<p><img loading=\"lazy\" decoding=\"async\" class=\"size-full wp-image-365 aligncenter\" src=\"https:\/\/congtybinhminh.com\/wp-content\/uploads\/2019\/10\/ma-s200-chay-dien-3pha.jpg\" alt=\"ma-s200-chay-dien-3pha\" width=\"800\" height=\"600\" srcset=\"https:\/\/congtybinhminh.com\/wp-content\/uploads\/2019\/10\/ma-s200-chay-dien-3pha.jpg 800w, https:\/\/congtybinhminh.com\/wp-content\/uploads\/2019\/10\/ma-s200-chay-dien-3pha-510x383.jpg 510w, https:\/\/congtybinhminh.com\/wp-content\/uploads\/2019\/10\/ma-s200-chay-dien-3pha-533x400.jpg 533w, https:\/\/congtybinhminh.com\/wp-content\/uploads\/2019\/10\/ma-s200-chay-dien-3pha-768x576.jpg 768w\" sizes=\"auto, (max-width: 800px) 100vw, 800px\" \/><\/p>\n<p>&nbsp;<\/p>\n<p>V\u1edbi m\u00e1y \u00e9p c\u00e1m vi\u00ean S200 b\u00e0 con ho\u00e0n to\u00e0n c\u00f3 th\u1ec3 ch\u1ee7 \u0111\u1ed9ng thay \u0111\u1ed5i ngu\u1ed3n dinh d\u01b0\u1ee1ng \u0111\u1ea7u v\u00e0o theo t\u1eebng giai \u0111o\u1ea1n ph\u00e1t tri\u1ec3n c\u1ee7a v\u1eadt nu\u00f4i. T\u1eadn d\u1ee5ng \u0111\u01b0\u1ee3c ngu\u1ed3n nguy\u00ean li\u1ec7u t\u1ea1i ch\u1ed7, gi\u1ea3m chi ph\u00ed th\u1ee9c \u0103n ch\u0103n nu\u00f4i. Thu v\u1ec1 l\u1ee3i nhu\u1eadn cao h\u01a1n.<\/p>\n<p>M\u00e1y s\u1eed d\u1ee5ng \u0111\u1ed9ng c\u01a1 4kW 3 pha 100% l\u00f5i \u0111\u1ed3ng c\u1ee7a \u0111i\u1ec7n c\u01a1. Cho n\u0103ng su\u1ea5t t\u1eeb 150 &#8211; 250kg\/h t\u00f9y v\u00e0o nguy\u00ean li\u1ec7u \u00e9p. N\u1ebfu ch\u1ec9 c\u00f3 \u0111i\u1ec7n 1 pha, b\u00e0 con c\u00f3 th\u1ec3 tham kh\u1ea3o d\u00f2ng <a href=\"https:\/\/congtybinhminh.com\/sp\/may-ep-cam-vien-s150\/\">M\u00e1y \u00e9p c\u00e1m vi\u00ean S150<\/a>.<\/p>\n<p>Khi nguy\u00ean li\u1ec7u \u0111\u01b0\u1ee3c cho v\u00e0o toa n\u1ea1p, b\u1ed9 ph\u1eadn qu\u1ea3 l\u00f4 s\u1ebd xoay tr\u00f2n quanh tr\u1ee5c v\u1edbi nhi\u1ec7m v\u1ee5 nghi\u1ec1n \u00e9p \u0111\u1ea9y c\u00e1c nguy\u00ean li\u1ec7u qua m\u1eb7t s\u00e0ng \u0111\u1ec3 t\u1ea1o th\u00e0nh vi\u00ean c\u00e1m v\u00e0 cho ra c\u1eeda x\u1ea3. B\u00e0 con c\u00f3 th\u1ec3 l\u1ef1a ch\u1ecdn 1 m\u1eb7t s\u00e0ng ph\u00f9 h\u1ee3p \u0111\u1ec3 l\u1eafp v\u00e0o m\u00e1y l\u00e0 3 ly, 4 ly v\u00e0 5 ly cho ra k\u00edch c\u1ee1 c\u1ee7a vi\u00ean c\u00e1m kh\u00e1c nhau. B\u00ean c\u1ea1nh \u0111\u00f3 chi\u1ec1u d\u00e0i c\u1ee7a vi\u00ean c\u00e1m c\u0169ng \u0111\u01b0\u1ee3c \u0111i\u1ec1u ch\u1ec9nh t\u1eeb 0,8 \u0111\u1ebfn 2cm b\u1edfi b\u1ed9 ph\u1eadn dao c\u1eaft c\u1ee7a m\u00e1y.<\/p>\n<p><img loading=\"lazy\" decoding=\"async\" class=\"size-full wp-image-366 aligncenter\" src=\"https:\/\/congtybinhminh.com\/wp-content\/uploads\/2019\/10\/may-s200-nguyen-lieu.jpg\" alt=\"may-s200-nguyen-lieu\" width=\"800\" height=\"600\" srcset=\"https:\/\/congtybinhminh.com\/wp-content\/uploads\/2019\/10\/may-s200-nguyen-lieu.jpg 800w, https:\/\/congtybinhminh.com\/wp-content\/uploads\/2019\/10\/may-s200-nguyen-lieu-510x383.jpg 510w, https:\/\/congtybinhminh.com\/wp-content\/uploads\/2019\/10\/may-s200-nguyen-lieu-533x400.jpg 533w, https:\/\/congtybinhminh.com\/wp-content\/uploads\/2019\/10\/may-s200-nguyen-lieu-768x576.jpg 768w\" sizes=\"auto, (max-width: 800px) 100vw, 800px\" \/><\/p>\n<p>&nbsp;<\/p>\n<h2><strong><span id=\"Uu_diem_cua_may_ep_cam_vien_S200_so_voi_cac_san_pham_tren_thi_truong\" class=\"ez-toc-section\">\u01afu \u0111i\u1ec3m c\u1ee7a m\u00e1y \u00e9p c\u00e1m vi\u00ean S200 so v\u1edbi c\u00e1c s\u1ea3n ph\u1ea9m tr\u00ean th\u1ecb tr\u01b0\u1eddng:<\/span><\/strong><\/h2>\n<ul>\n<li>M\u00e1y \u0111\u01b0\u1ee3c s\u1eed d\u1ee5ng h\u1ed9p c\u1ea7u s\u1ed1 \u00f4 t\u00f4 gi\u00fap m\u00e1y ho\u1ea1t \u0111\u1ed9ng b\u1ec1n h\u01a1n, kh\u1ecfe h\u01a1n, tr\u00e1nh g\u00e2y ti\u1ebfng \u0111\u1ed9ng to nh\u01b0 c\u00e1c d\u00f2ng m\u00e1y Trung Qu\u1ed1c tr\u00ean th\u1ecb tr\u01b0\u1eddng.<\/li>\n<li>C\u00e1c m\u1eb7t s\u00e0ng \u0111\u01b0\u1ee3c t\u00f4i b\u1eb1ng th\u00e9p c\u1ee9ng tr\u00e1nh t\u00ecnh tr\u1ea1ng hao, m\u00f2n, cong v\u00eanh \u0111\u1ea3m b\u1ea3o s\u1eed d\u1ee5ng l\u00e2u d\u00e0i v\u00e0 \u0111\u1eb7c bi\u1ec7t c\u00f3 th\u1ec3 s\u1eed d\u1ee5ng \u0111\u01b0\u1ee3c 2 m\u1eb7t.<\/li>\n<li>C\u1ed1i \u0111\u01b0\u1ee3c \u0111\u00fac b\u1eb1ng gang gi\u00fap b\u1ea3o v\u1ec7 m\u00e1y v\u00e0 r\u1ea5t b\u1ec1n.<\/li>\n<\/ul>\n<p><img loading=\"lazy\" decoding=\"async\" class=\"size-full wp-image-367 aligncenter\" src=\"https:\/\/congtybinhminh.com\/wp-content\/uploads\/2019\/10\/may-s200-nan-suat-cao.jpg\" alt=\"may-s200-nan-suat-cao\" width=\"800\" height=\"600\" srcset=\"https:\/\/congtybinhminh.com\/wp-content\/uploads\/2019\/10\/may-s200-nan-suat-cao.jpg 800w, https:\/\/congtybinhminh.com\/wp-content\/uploads\/2019\/10\/may-s200-nan-suat-cao-510x383.jpg 510w, https:\/\/congtybinhminh.com\/wp-content\/uploads\/2019\/10\/may-s200-nan-suat-cao-533x400.jpg 533w, https:\/\/congtybinhminh.com\/wp-content\/uploads\/2019\/10\/may-s200-nan-suat-cao-768x576.jpg 768w\" sizes=\"auto, (max-width: 800px) 100vw, 800px\" \/><\/p>\n<p>&nbsp;<\/p>\n<h2><strong><span id=\"Cau_tao_va_thong_so_ky_thuat_cua_may_ep_cam_vien_S200\" class=\"ez-toc-section\">C\u1ea5u t\u1ea1o v\u00e0 th\u00f4ng s\u1ed1 k\u1ef9 thu\u1eadt c\u1ee7a m\u00e1y \u00e9p c\u00e1m vi\u00ean S200:<\/span><\/strong><\/h2>\n<ul>\n<li>M\u00e1ng n\u1ea1p nguy\u00ean li\u1ec7u \u0111\u01b0\u1ee3c thi\u1ebft k\u1ebf d\u1ed1c gi\u00fap nguy\u00ean li\u1ec7u t\u1ef1 \u0111\u1ed9ng \u0111\u1ea9y xu\u1ed1ng th\u00e2n m\u00e1y.<\/li>\n<li>Bu\u1ed3ng l\u00e0m vi\u1ec7c \u0111\u01b0\u1ee3c trang b\u1ecb c\u00e1c b\u1ed9 ph\u1eadn chi ti\u1ebft v\u00e0 \u0111\u01b0\u1ee3c c\u1ed1 \u0111\u1ecbnh b\u1eb1ng ch\u1ed1t \u1ed1c v\u00edt ch\u1eafc ch\u1eafn. Vi\u1ec7c n\u00e0y \u0111\u1ea3m b\u1ea3o nguy\u00ean li\u1ec7u kh\u00f4ng b\u1ecb v\u0103ng ra ngo\u00e0i trong qu\u00e1 tr\u00ecnh v\u1eadn h\u00e0nh.<\/li>\n<li>M\u00e1y ho\u1ea1t \u0111\u1ed9ng ch\u1ee7 y\u1ebfu d\u1ef1a tr\u00ean chuy\u1ec3n \u0111\u1ed9ng c\u1ee7a qu\u1ea3 l\u00f4. D\u01b0\u1edbi t\u00e1c \u0111\u1ed9ng c\u1ee7a \u0111\u1ed9ng c\u01a1 4 kW, ngu\u1ed3n \u0111i\u1ec7n 380V, qu\u1ea3 l\u00f4 quay tr\u00f2n quanh tr\u1ee5c, th\u1ef1c hi\u1ec7n nghi\u1ec7m v\u1ee5 nghi\u1ec1n \u2013 tr\u1ed9n \u2013 n\u00e9n ch\u1eb7t h\u1ed7n h\u1ee3p th\u00f4 th\u00e0nh vi\u00ean c\u00e1m \u0111\u1ea9y xu\u1ed1ng khay c\u1eeda x\u1ea3 qua m\u1eb7t s\u00e0ng.<\/li>\n<\/ul>\n<p><img loading=\"lazy\" decoding=\"async\" class=\"size-full wp-image-368 aligncenter\" src=\"https:\/\/congtybinhminh.com\/wp-content\/uploads\/2019\/10\/cau-tao-may-ep-cam-vien-s2003-2.png\" alt=\"cau-tao-may-ep-cam-vien\" width=\"800\" height=\"994\" srcset=\"https:\/\/congtybinhminh.com\/wp-content\/uploads\/2019\/10\/cau-tao-may-ep-cam-vien-s2003-2.png 800w, https:\/\/congtybinhminh.com\/wp-content\/uploads\/2019\/10\/cau-tao-may-ep-cam-vien-s2003-2-510x634.png 510w, https:\/\/congtybinhminh.com\/wp-content\/uploads\/2019\/10\/cau-tao-may-ep-cam-vien-s2003-2-322x400.png 322w, https:\/\/congtybinhminh.com\/wp-content\/uploads\/2019\/10\/cau-tao-may-ep-cam-vien-s2003-2-768x954.png 768w, https:\/\/congtybinhminh.com\/wp-content\/uploads\/2019\/10\/cau-tao-may-ep-cam-vien-s2003-2-644x800.png 644w\" sizes=\"auto, (max-width: 800px) 100vw, 800px\" \/><\/p>\n<p>&nbsp;<\/p>\n<h2><span id=\"Cam_ket_ve_gia_va_Chinh_sach_bao_hanh\" class=\"ez-toc-section\" style=\"color: #000000;\"><strong>Cam k\u1ebft v\u1ec1 gi\u00e1 v\u00e0 Ch\u00ednh s\u00e1ch b\u1ea3o h\u00e0nh<\/strong><\/span><\/h2>\n<ul>\n<li><span style=\"color: #000000;\">M\u00e1y do c\u00f4ng ty tr\u1ef1c ti\u1ebfp ch\u1ebf t\u1ea1o v\u00e0 s\u1ea3n xu\u1ea5t t\u1ea1i x\u01b0\u1edfng, kh\u00f4ng qua trung gian, \u0111\u1ea3m b\u1ea3o gi\u00e1 r\u1ebb nh\u1ea5t, ch\u1ea5t l\u01b0\u1ee3ng t\u1ed1t nh\u1ea5t, b\u1ea3o h\u00e0nh thu\u1eadn ti\u1ec7n nh\u1ea5t.<\/span><\/li>\n<li><span style=\"color: #000000;\">\u0110\u1ed9i ng\u0169 k\u1ef9 thu\u1eadt c\u00f3 tr\u00ecnh \u0111\u1ed9 chuy\u00ean m\u00f4n cao, s\u1eb5n s\u00e0ng h\u1ed7 tr\u1ee3 k\u1ef9 thu\u1eadt t\u1eadn t\u00ecnh v\u00e0 tr\u1ecdn \u0111\u1eddi.<\/span><\/li>\n<li><span style=\"color: #000000;\">B\u1ea3o h\u00e0nh t\u1ea1i c\u00f4ng ty 6 th\u00e1ng cho tr\u01b0\u1eddng h\u1ee3p m\u00e1y l\u1ed7i k\u1ef9 thu\u1eadt do c\u00f4ng ty s\u1ea3n xu\u1ea5t. H\u1ebft th\u1eddi gian n\u00e0y t\u01b0 v\u1ea5n k\u1ef9 thu\u1eadt tr\u1ecdn \u0111\u1eddi s\u1ea3n ph\u1ea9m.<\/span><\/li>\n<\/ul>\n<h2><span id=\"Huong_dan_mua_hang\" class=\"ez-toc-section\" style=\"color: #000000;\"><strong>H\u01b0\u1edbng d\u1eabn mua h\u00e0ng<\/strong><\/span><\/h2>\n<p><span style=\"color: #000000;\">Kh\u00e1ch h\u00e0ng \u0111\u1ebfn c\u00f4ng ty mua m\u00e1y v\u00e0 thanh to\u00e1n tr\u1ef1c ti\u1ebfp b\u1eb1ng ti\u1ec1n m\u1eb7t.<\/span><\/p>\n<p><span style=\"color: #000000;\">\u0110\u1ed1i v\u1edbi nh\u1eefng kh\u00e1ch h\u00e0ng \u1edf xa, C\u00f4ng ty s\u1ebd h\u01b0\u1edbng d\u1eabn mua h\u00e0ng v\u00e0 h\u1ed7 tr\u1ee3 giao h\u00e0ng to\u00e0n qu\u1ed1c. Qu\u00fd kh\u00e1ch vui l\u00f2ng chuy\u1ec3n kho\u1ea3n \u0111\u1eb7t c\u1ecdc, s\u1ed1 ti\u1ec1n m\u00e1y c\u00f2n l\u1ea1i s\u1ebd thanh to\u00e1n tr\u1ef1c ti\u1ebfp cho \u0111\u01a1n v\u1ecb v\u1eadn chuy\u1ec3n.<\/span><\/p>\n<p><span style=\"color: #000000;\">\u0110\u1ec3 \u0111\u01b0\u1ee3c cung c\u1ea5p th\u00eam th\u00f4ng tin v\u1ec1 c\u00e1c d\u00f2ng s\u1ea3n ph\u1ea9m c\u1ee7a c\u00f4ng ty B\u00ecnh Minh, k\u00ednh m\u1eddi Qu\u00fd kh\u00e1ch li\u00ean h\u1ec7:<\/span><\/p>\n<p><span style=\"color: #000000;\"><strong>C\u00d4NG TY TNHH D\u1ecaCH V\u1ee4 V\u00c0 S\u1ea2N XU\u1ea4T TH\u01af\u01a0NG M\u1ea0I XU\u1ea4T NH\u1eacP KH\u1ea8U B\u00ccNH MINH<\/strong><\/span><\/p>\n<p><span style=\"color: #000000;\"><strong>\u0110\u1ecba ch\u1ec9:<\/strong> S\u1ed1 249, Ph\u1ed1 L\u00ea L\u1ee3i \u2013 Ph\u01b0\u1eddng L\u00ea L\u1ee3i \u2013 Th\u1ecb x\u00e3 S\u01a1n T\u00e2y \u2013 Th\u00e0nh ph\u1ed1 H\u00e0 N\u1ed9i<\/span><\/p>\n","protected":false},"excerpt":{"rendered":"<p><strong><span style=\"color: #ed1c24;\">T\u00ednh n\u0103ng<\/span>:<\/strong>\u00a0<em>Nghi\u1ec1n, tr\u1ed9n, \u00e9p nhanh ch\u00f3ng \u0111a d\u1ea1ng nguy\u00ean li\u1ec7u: c\u00e1 nh\u1ecf, ng\u00f4 nguy\u00ean h\u1ea1t, \u1ed1c nh\u1ecf, t\u00f4m, rau\u2026 th\u00e0nh c\u00e1m vi\u00ean ch\u1eafc m\u1ecbn cho gia s\u00fac, gia c\u1ea7m.<\/em><\/p>\n<p><strong><span style=\"color: #ed1c24;\">N\u0103ng su\u1ea5t<\/span>:<\/strong> 150-250kg\/gi\u1edd<\/p>\n<p><strong><span style=\"color: #ed1c24;\">T\u1ed1c \u0111\u1ed9<\/span>:<\/strong>\u00a01450 v\u00f2ng\/ph\u00fat<\/p>\n<p><strong><span style=\"color: #ed1c24;\">\u0110\u1ed9ng c\u01a1<\/span>:<\/strong> 4kW &#8211; 5,5kw \u0110i\u1ec7n C\u01a1<\/p>\n<p><strong><span style=\"color: #ed1c24;\">\u0110i\u1ec7n n\u0103ng<\/span>:<\/strong>\u00a0380V (3 pha)<\/p>\n<p><strong><span style=\"color: #ed1c24;\">Tr\u1ecdng l\u01b0\u1ee3ng<\/span>:<\/strong>\u00a0126kg<\/p>\n<p><strong><span style=\"color: #ed1c24;\">Th\u01b0\u01a1ng hi\u1ec7u<\/span>:<\/strong>\u00a0B\u00ecnh Minh<\/p>\n<ul>\n<li>C\u1ed1i gang \u0111\u00fac b\u00ean d\u01b0\u1edbi.<\/li>\n<li>H\u1ec7 chuy\u1ec3n \u0111\u1ed9ng: h\u1ed9p c\u1ea7u s\u1ed1 \u00f4 t\u00f4, \u00eam kh\u1ecfe<\/li>\n<li>B\u1ea3o h\u00e0nh: 06 th\u00e1ng<\/li>\n<li>H\u1ed7 tr\u1ee3 k\u1ef9 thu\u1eadt tr\u1ecdn \u0111\u1eddi.<\/li>\n<li>Ph\u00f9 h\u1ee3p v\u1edbi ch\u0103n nu\u00f4i trang tr\u1ea1i v\u00e0 kinh doanh.<\/li>\n<\/ul>\n","protected":false},"featured_media":6526,"comment_status":"closed","ping_status":"closed","template":"","meta":[],"product_brand":[],"product_cat":[64,63],"product_tag":[71,75,86,85,84],"class_list":{"0":"post-90","1":"product","2":"type-product","3":"status-publish","4":"has-post-thumbnail","6":"product_cat-may-ep-cam","7":"product_cat-may-ep-cam-vien-truc-dung","8":"product_tag-may-ep-cam-vien-binh-minh","9":"product_tag-may-ep-cam-vien-chinh-hang","10":"product_tag-may-ep-cam-vien-gia-goc","11":"product_tag-may-ep-cam-vien-gia-rre","12":"product_tag-may-ep-cam-vien-s200","14":"first","15":"instock","16":"shipping-taxable","17":"product-type-simple"},"_links":{"self":[{"href":"https:\/\/congtybinhminh.com\/index.php?rest_route=\/wp\/v2\/product\/90","targetHints":{"allow":["GET"]}}],"collection":[{"href":"https:\/\/congtybinhminh.com\/index.php?rest_route=\/wp\/v2\/product"}],"about":[{"href":"https:\/\/congtybinhminh.com\/index.php?rest_route=\/wp\/v2\/types\/product"}],"replies":[{"embeddable":true,"href":"https:\/\/congtybinhminh.com\/index.php?rest_route=%2Fwp%2Fv2%2Fcomments&post=90"}],"wp:featuredmedia":[{"embeddable":true,"href":"https:\/\/congtybinhminh.com\/index.php?rest_route=\/wp\/v2\/media\/6526"}],"wp:attachment":[{"href":"https:\/\/congtybinhminh.com\/index.php?rest_route=%2Fwp%2Fv2%2Fmedia&parent=90"}],"wp:term":[{"taxonomy":"product_brand","embeddable":true,"href":"https:\/\/congtybinhminh.com\/index.php?rest_route=%2Fwp%2Fv2%2Fproduct_brand&post=90"},{"taxonomy":"product_cat","embeddable":true,"href":"https:\/\/congtybinhminh.com\/index.php?rest_route=%2Fwp%2Fv2%2Fproduct_cat&post=90"},{"taxonomy":"product_tag","embeddable":true,"href":"https:\/\/congtybinhminh.com\/index.php?rest_route=%2Fwp%2Fv2%2Fproduct_tag&post=90"}],"curies":[{"name":"wp","href":"https:\/\/api.w.org\/{rel}","templated":true}]}}