{"id":8970,"date":"2023-09-29T17:15:55","date_gmt":"2023-09-29T10:15:55","guid":{"rendered":"https:\/\/congtybinhminh.com\/?post_type=product&#038;p=8970"},"modified":"2024-01-24T16:57:10","modified_gmt":"2024-01-24T09:57:10","slug":"may-ep-cam-vien-s180-4l","status":"publish","type":"product","link":"https:\/\/congtybinhminh.com\/?product=may-ep-cam-vien-s180-4l","title":{"rendered":"M\u00e1y \u00e9p c\u00e1m vi\u00ean S180 4L"},"content":{"rendered":"<h2><strong>Video ho\u1ea1t \u0111\u1ed9ng m\u00e1y \u00e9p c\u00e1m vi\u00ean S180-4L\u00a0<\/strong><\/h2>\n<p><iframe loading=\"lazy\" title=\"M\u00e1y \u00c9p C\u00e1m Vi\u00ean Gia \u0110\u00ecnh S180 4 Qu\u1ea3 L\u00f4 Kho\u1ea3n \u0110\u1ea7u T\u01b0 C\u00f3 L\u00e3i D\u01b0\u1edbi 10 Tri\u1ec7u \u0110\u1ed3ng\" width=\"1020\" height=\"574\" src=\"https:\/\/www.youtube.com\/embed\/dhdq_XkNu78?feature=oembed\" frameborder=\"0\" allow=\"accelerometer; autoplay; clipboard-write; encrypted-media; gyroscope; picture-in-picture; web-share\" allowfullscreen><\/iframe><\/p>\n<h2><strong>Gi\u1edbi thi\u1ec7u m\u00e1y \u00e9p c\u00e1m vi\u00ean S180-4L\u00a0<\/strong><\/h2>\n<p>M\u00e1y \u00e9p c\u00e1m vi\u00ean S180-4L phi\u00ean b\u1ea3n cao c\u1ea5p s\u1eed d\u1ee5ng 4 qu\u1ea3 l\u00f4 nghi\u1ec1n &#8211; \u00e9p h\u1ed7n h\u1ee3p b\u1ed9t c\u00e1m t\u1ea1o th\u1ee9c \u0103n d\u1ea1ng vi\u00ean do c\u00f4ng ty B\u00ecnh Minh tr\u1ef1c ti\u1ebfp s\u1ea3n xu\u1ea5t<\/p>\n<p><img loading=\"lazy\" decoding=\"async\" class=\"aligncenter wp-image-8976 size-full\" src=\"https:\/\/congtybinhminh.com\/wp-content\/uploads\/2023\/09\/may-ep-cam-vien-s180-4l_result222.webp\" alt=\"may-ep-cam-vien-s180-4l_result222\" width=\"800\" height=\"438\" srcset=\"https:\/\/congtybinhminh.com\/wp-content\/uploads\/2023\/09\/may-ep-cam-vien-s180-4l_result222.webp 800w, https:\/\/congtybinhminh.com\/wp-content\/uploads\/2023\/09\/may-ep-cam-vien-s180-4l_result222-510x279.webp 510w, https:\/\/congtybinhminh.com\/wp-content\/uploads\/2023\/09\/may-ep-cam-vien-s180-4l_result222-731x400.webp 731w, https:\/\/congtybinhminh.com\/wp-content\/uploads\/2023\/09\/may-ep-cam-vien-s180-4l_result222-768x420.webp 768w\" sizes=\"auto, (max-width: 800px) 100vw, 800px\" \/><\/p>\n<p>Th\u00edch h\u1ee3p s\u1eed d\u1ee5ng t\u1ea1i c\u00e1c h\u1ed9 ch\u0103n nu\u00f4i mu\u1ed1n t\u1ef1 ch\u1ee7 l\u00e0m c\u00e1m vi\u00ean s\u1ea1ch ngay t\u1ea1i nh\u00e0 ti\u1ebft ki\u1ec7m chi ph\u00ed, m\u00e0 kh\u00f4ng ph\u1ea3i lo c\u00e1m t\u0103ng gi\u00e1<\/p>\n<h2>Nh\u1eefng t\u00ednh n\u0103ng m\u00e1y \u00e9p c\u00e1m vi\u00ean S180-4l<\/h2>\n<h3>L\u00e0m th\u1ee9c \u0103n ch\u0103n nu\u00f4i<\/h3>\n<p>M\u00e1y \u00e9p c\u00e1m S180 phi\u00ean b\u1ea3n m\u1edbi v\u1edbi 4 qu\u1ea3 l\u00f4\u00a0 c\u00f3 th\u1ec3 nghi\u1ec1n &#8211; \u00e9p h\u1ed7n h\u1ee3p b\u1ed9t c\u00e1m, ng\u00f4 h\u1ea1t, c\u00e1c lo\u1ea1i rau xanh.,. t\u1ea1o th\u00e0nh th\u1ee9c \u0103n d\u1ea1ng vi\u00ean v\u1edbi \u0111\u1ee7 ch\u1ea5t dinh d\u01b0\u1ee1ng cho \u0111\u00e0n v\u1eadt nu\u00f4i v\u1edbi ti\u00eau ch\u00ed 3 kh\u00f4ng<\/p>\n<p><img loading=\"lazy\" decoding=\"async\" class=\"aligncenter wp-image-8977 size-full\" src=\"https:\/\/congtybinhminh.com\/wp-content\/uploads\/2023\/09\/may-lam-thuc-an-dang-vien_result222.webp\" alt=\"may-lam-thuc-an-dang-vien_result222\" width=\"800\" height=\"761\" srcset=\"https:\/\/congtybinhminh.com\/wp-content\/uploads\/2023\/09\/may-lam-thuc-an-dang-vien_result222.webp 800w, https:\/\/congtybinhminh.com\/wp-content\/uploads\/2023\/09\/may-lam-thuc-an-dang-vien_result222-510x485.webp 510w, https:\/\/congtybinhminh.com\/wp-content\/uploads\/2023\/09\/may-lam-thuc-an-dang-vien_result222-420x400.webp 420w, https:\/\/congtybinhminh.com\/wp-content\/uploads\/2023\/09\/may-lam-thuc-an-dang-vien_result222-768x731.webp 768w\" sizes=\"auto, (max-width: 800px) 100vw, 800px\" \/><\/p>\n<ul>\n<li>Kh\u00f4ng\u00a0 ch\u1ea5t b\u1ea3o qu\u1ea3n<\/li>\n<li>Kh\u00f4ng s\u1eed d\u1ee5ng thu\u1ed1c kh\u00e1ng sinh<\/li>\n<li>Kh\u00f4ng ch\u1ea5t ph\u1ea9m m\u00e0u<\/li>\n<\/ul>\n<h3>L\u00e0m vi\u00ean ph\u00e2n tr\u1ed3ng c\u00e2y<\/h3>\n<p>M\u00e1y c\u00f3 th\u1ec3 \u00e9p ph\u00e2n g\u00e0, d\u00ea, tr\u00f9n qu\u1ebf kh\u00f4&#8230; t\u1ea1o th\u00e0nh vi\u00ean nh\u1ecf g\u1ecdn &#8211; kh\u00f4ng g\u00e2y m\u00f9i kh\u00f3 ch\u1ecbu, khi b\u00f3n cho c\u00e2y vi\u00ean ph\u00e2n kh\u00f4ng b\u1ecb tr\u00f4i h\u1ebft m\u00e0 tan t\u1eeb t\u1eeb h\u1ea5p th\u1ee5 v\u00e0o \u0111\u1ea5t cung c\u1ea5p dinh d\u01b0\u1ee1ng cho c\u00e2y tr\u1ed3ng<\/p>\n<p><img loading=\"lazy\" decoding=\"async\" class=\"aligncenter wp-image-8978 size-full\" src=\"https:\/\/congtybinhminh.com\/wp-content\/uploads\/2023\/09\/ep-vien-phan_result222.webp\" alt=\"ep-vien-phan_result222\" width=\"800\" height=\"761\" srcset=\"https:\/\/congtybinhminh.com\/wp-content\/uploads\/2023\/09\/ep-vien-phan_result222.webp 800w, https:\/\/congtybinhminh.com\/wp-content\/uploads\/2023\/09\/ep-vien-phan_result222-510x485.webp 510w, https:\/\/congtybinhminh.com\/wp-content\/uploads\/2023\/09\/ep-vien-phan_result222-420x400.webp 420w, https:\/\/congtybinhminh.com\/wp-content\/uploads\/2023\/09\/ep-vien-phan_result222-768x731.webp 768w\" sizes=\"auto, (max-width: 800px) 100vw, 800px\" \/><\/p>\n<h2>C\u1ea5u t\u1ea1o m\u00e1y \u00e9p c\u00e1m vi\u00ean S180-4L<\/h2>\n<h3>Khung m\u00e1y ch\u1eafc ch\u1eafn<\/h3>\n<p>Khung m\u00e1y \u0111\u01b0\u1ee3c l\u00e0m b\u1eb1ng th\u00e9p c\u1ee9ng cao c\u1ea5p v\u00e0 \u0111\u01b0\u1ee3c k\u1ebft n\u1ed1i b\u1edfi c\u00e1c m\u1ed7i h\u00e0n ch\u1eafc ch\u1eafn kh\u00f4ng g\u00e2y rung l\u1eafc hay m\u00f3p m\u00e9o an to\u00e0n khi s\u1eed d\u1ee5ng<\/p>\n<p><img loading=\"lazy\" decoding=\"async\" class=\"aligncenter wp-image-8979 size-full\" src=\"https:\/\/congtybinhminh.com\/wp-content\/uploads\/2023\/09\/cau-tao-may-ep-cam-vien-s180-4l-copy_result222.webp\" alt=\"cau-tao-may-ep-cam-vien-s180-4l copy_result222\" width=\"800\" height=\"600\" srcset=\"https:\/\/congtybinhminh.com\/wp-content\/uploads\/2023\/09\/cau-tao-may-ep-cam-vien-s180-4l-copy_result222.webp 800w, https:\/\/congtybinhminh.com\/wp-content\/uploads\/2023\/09\/cau-tao-may-ep-cam-vien-s180-4l-copy_result222-510x383.webp 510w, https:\/\/congtybinhminh.com\/wp-content\/uploads\/2023\/09\/cau-tao-may-ep-cam-vien-s180-4l-copy_result222-533x400.webp 533w, https:\/\/congtybinhminh.com\/wp-content\/uploads\/2023\/09\/cau-tao-may-ep-cam-vien-s180-4l-copy_result222-768x576.webp 768w\" sizes=\"auto, (max-width: 800px) 100vw, 800px\" \/><\/p>\n<p>B\u00ean d\u01b0\u1edbi ch\u00e2n m\u00e1y l\u1eafp \u0111\u1eb7t 4 b\u00e1nh xe thu\u1eadn ti\u1ec7n di chuy\u1ec3n v\u1ecb tr\u00ed \u0111\u1eb7t m\u00e1y<\/p>\n<p>B\u1ea1n c\u00f3 th\u1ec3 t\u00e1o r\u1eddi t\u1eebng b\u1ed9 ph\u1eadn r\u1ed3i l\u1eafp gh\u00e9p l\u1ea1i thu\u1eadn ti\u1ec7n cho qu\u00e1 tr\u00ecnh v\u1ec7 sinh v\u00e0 b\u1ea3o d\u01b0\u1ee1ng m\u00e1y<\/p>\n<h3>Toa n\u1ea1p nguy\u00ean li\u1ec7u<\/h3>\n<p>Toa n\u1ea1p \u0111\u01b0\u1ee3c thi\u1ebft k\u1ebf d\u00e1ng \u0111\u1ee9ng, mi\u1ec7ng ph\u1ec5u tr\u00f2n r\u1ed9ng c\u00f3 s\u1ee9c ch\u1ee9a h\u00e0ng c\u00e2n h\u1ed7n h\u1ee3p c\u00e1m trong qu\u00e1 tr\u00ecnh \u00e9p<\/p>\n<p><img loading=\"lazy\" decoding=\"async\" class=\"aligncenter wp-image-8980 size-full\" src=\"https:\/\/congtybinhminh.com\/wp-content\/uploads\/2023\/09\/toa-nap-nguyen-lieu_result222.webp\" alt=\"toa-nap-nguyen-lieu_result222\" width=\"800\" height=\"815\" srcset=\"https:\/\/congtybinhminh.com\/wp-content\/uploads\/2023\/09\/toa-nap-nguyen-lieu_result222.webp 800w, https:\/\/congtybinhminh.com\/wp-content\/uploads\/2023\/09\/toa-nap-nguyen-lieu_result222-510x520.webp 510w, https:\/\/congtybinhminh.com\/wp-content\/uploads\/2023\/09\/toa-nap-nguyen-lieu_result222-393x400.webp 393w, https:\/\/congtybinhminh.com\/wp-content\/uploads\/2023\/09\/toa-nap-nguyen-lieu_result222-785x800.webp 785w, https:\/\/congtybinhminh.com\/wp-content\/uploads\/2023\/09\/toa-nap-nguyen-lieu_result222-768x782.webp 768w\" sizes=\"auto, (max-width: 800px) 100vw, 800px\" \/><\/p>\n<h3>H\u1ec7 th\u1ed1ng tr\u1ee5c \u00e9p<\/h3>\n<p>M\u00e1y \u00e9p c\u00e1m S180 s\u1eed d\u1ee5ng 4 qu\u1ea3 l\u00f4, g\u1ea5p \u0111\u00f4i so v\u1edbi m\u00e1y S150 g\u00f3p ph\u1ea7n r\u00fat ng\u1eaft th\u1eddi gian \u00e9p v\u00e0 cho n\u0103ng su\u1ea5t cao h\u01a1n<\/p>\n<p><img loading=\"lazy\" decoding=\"async\" class=\"aligncenter wp-image-8981 size-full\" src=\"https:\/\/congtybinhminh.com\/wp-content\/uploads\/2023\/09\/qua-lo-may-ep-vien_result222.webp\" alt=\"qua-lo-may-ep-vien_result222\" width=\"800\" height=\"815\" srcset=\"https:\/\/congtybinhminh.com\/wp-content\/uploads\/2023\/09\/qua-lo-may-ep-vien_result222.webp 800w, https:\/\/congtybinhminh.com\/wp-content\/uploads\/2023\/09\/qua-lo-may-ep-vien_result222-510x520.webp 510w, https:\/\/congtybinhminh.com\/wp-content\/uploads\/2023\/09\/qua-lo-may-ep-vien_result222-393x400.webp 393w, https:\/\/congtybinhminh.com\/wp-content\/uploads\/2023\/09\/qua-lo-may-ep-vien_result222-785x800.webp 785w, https:\/\/congtybinhminh.com\/wp-content\/uploads\/2023\/09\/qua-lo-may-ep-vien_result222-768x782.webp 768w\" sizes=\"auto, (max-width: 800px) 100vw, 800px\" \/><\/p>\n<p>M\u1ed7i qu\u1ea3 l\u00f4 \u0111\u01b0\u1ee3c t\u00f4i b\u1eb1ng c\u00f4ng ngh\u1ec7 bi\u1ebfn t\u1ea7n v\u1edbi \u0111\u1ed9 c\u1ee9ng cao. \u0110\u1eb7c bi\u1ec7t, c\u00e1c khe r\u00e3nh tr\u00ean qu\u1ea3 l\u00f4 \u0111\u01b0\u1ee3c t\u1ea1o t\u0103ng \u0111\u1ed9 b\u00e1m v\u00e0 kh\u1ea3 n\u0103ng ch\u1ed1ng m\u00f2n t\u1ed1t h\u01a1n. Gi\u00fap qu\u00e1 tr\u00ecnh nghi\u1ec1n nhanh h\u01a1n m\u00e0 kh\u00f4ng b\u1ecb tr\u01a1n tr\u01b0\u1ee3t<\/p>\n<p><img loading=\"lazy\" decoding=\"async\" class=\"aligncenter wp-image-8982 size-full\" src=\"https:\/\/congtybinhminh.com\/wp-content\/uploads\/2023\/09\/mat-sang-may-ep-vien_result222.webp\" alt=\"mat-sang-may-ep-vien_result222\" width=\"800\" height=\"815\" srcset=\"https:\/\/congtybinhminh.com\/wp-content\/uploads\/2023\/09\/mat-sang-may-ep-vien_result222.webp 800w, https:\/\/congtybinhminh.com\/wp-content\/uploads\/2023\/09\/mat-sang-may-ep-vien_result222-510x520.webp 510w, https:\/\/congtybinhminh.com\/wp-content\/uploads\/2023\/09\/mat-sang-may-ep-vien_result222-393x400.webp 393w, https:\/\/congtybinhminh.com\/wp-content\/uploads\/2023\/09\/mat-sang-may-ep-vien_result222-785x800.webp 785w, https:\/\/congtybinhminh.com\/wp-content\/uploads\/2023\/09\/mat-sang-may-ep-vien_result222-768x782.webp 768w\" sizes=\"auto, (max-width: 800px) 100vw, 800px\" \/><\/p>\n<p>M\u1eb7t s\u00e0ng d\u00e0y 2 m\u1eb7t \u0111\u1ec1u c\u00f3 th\u1ec3 s\u1eed d\u1ee5ng. May c\u00f3 th\u1ec3 thay \u0111\u1ed5i k\u00edch th\u01b0\u1edbc m\u1eb7t s\u00e0ng \u00e9p v\u1edbi k\u00edch th\u01b0\u1edbc 3ly; 4ly; 5ly&#8230; cho ra vi\u00ean c\u00e1m t\u01b0\u01a1ng \u1ee9ng v\u1edbi l\u1ed7 s\u00e0ng t\u00f9y nhu c\u1ea7u s\u1eed d\u1ee5ng<\/p>\n<h3>C\u1eeda x\u1ea3 th\u00e0nh ph\u1ea9m<\/h3>\n<p>Ph\u00eda tr\u01b0\u1edbc c\u1eeda x\u1ea3 c\u00f3 thanh dao c\u1eaft, ng\u01b0\u1eddi d\u00f9ng c\u00f3 th\u1ec3 t\u1ef1 \u0111i\u1ec1u ch\u1ec9nh k\u00edch th\u01b0\u1edbc d\u00e0i &#8211; ng\u1eafn c\u1ee7a vi\u00ean c\u00e1m t\u00f9y theo mong mu\u1ed1n, b\u1eb1ng c\u00e1ch:<\/p>\n<p><img loading=\"lazy\" decoding=\"async\" class=\"aligncenter wp-image-8983 size-full\" src=\"https:\/\/congtybinhminh.com\/wp-content\/uploads\/2023\/09\/dao-cat-cam_result222.webp\" alt=\"dao-cat-cam_result222\" width=\"800\" height=\"815\" srcset=\"https:\/\/congtybinhminh.com\/wp-content\/uploads\/2023\/09\/dao-cat-cam_result222.webp 800w, https:\/\/congtybinhminh.com\/wp-content\/uploads\/2023\/09\/dao-cat-cam_result222-510x520.webp 510w, https:\/\/congtybinhminh.com\/wp-content\/uploads\/2023\/09\/dao-cat-cam_result222-393x400.webp 393w, https:\/\/congtybinhminh.com\/wp-content\/uploads\/2023\/09\/dao-cat-cam_result222-785x800.webp 785w, https:\/\/congtybinhminh.com\/wp-content\/uploads\/2023\/09\/dao-cat-cam_result222-768x782.webp 768w\" sizes=\"auto, (max-width: 800px) 100vw, 800px\" \/><\/p>\n<ul>\n<li>N\u00e2ng dao c\u1eaft l\u00ean s\u00e1t m\u1eb7t s\u00e0ng n\u1ebfu mu\u1ed1n vi\u00ean c\u00e1m ra ng\u1eafn<\/li>\n<li>H\u1ea1 dao c\u1eaft xu\u1ed1ng th\u1ea5p n\u1ebfu mu\u1ed1n vi\u00ean c\u00e1m ra d\u00e0i<\/li>\n<\/ul>\n<h3>C\u00f4ng t\u1eafc aptomat<\/h3>\n<p>Vi\u1ec7c l\u1eafp \u0111\u1eb7t c\u00f4ng t\u1eafc kh\u1edfi \u0111\u1ed9ng gi\u00fap vi\u1ec7c v\u1eadn h\u00e0nh m\u00e1y tr\u1edf n\u00ean \u0111\u01a1n gi\u1ea3n h\u01a1n<\/p>\n<p><img loading=\"lazy\" decoding=\"async\" class=\"aligncenter wp-image-8984 size-full\" src=\"https:\/\/congtybinhminh.com\/wp-content\/uploads\/2023\/09\/may-ep-vien-lap-cong-tac_result222.webp\" alt=\"may-ep-vien-lap-cong-tac_result222\" width=\"800\" height=\"600\" srcset=\"https:\/\/congtybinhminh.com\/wp-content\/uploads\/2023\/09\/may-ep-vien-lap-cong-tac_result222.webp 800w, https:\/\/congtybinhminh.com\/wp-content\/uploads\/2023\/09\/may-ep-vien-lap-cong-tac_result222-510x383.webp 510w, https:\/\/congtybinhminh.com\/wp-content\/uploads\/2023\/09\/may-ep-vien-lap-cong-tac_result222-533x400.webp 533w, https:\/\/congtybinhminh.com\/wp-content\/uploads\/2023\/09\/may-ep-vien-lap-cong-tac_result222-768x576.webp 768w\" sizes=\"auto, (max-width: 800px) 100vw, 800px\" \/><\/p>\n<p>B\u1ea1n ch\u1ec9 c\u1ea7n k\u1ebft n\u1ed1i ngu\u1ed3n \u0111i\u1ec7n, b\u1eadt c\u00f4ng t\u1eafc r\u1ed3i cho nguy\u00ean li\u1ec7u v\u00e0o toa n\u1ea1p m\u00e1y s\u1ebd t\u1ef1 \u0111\u1ed9ng v\u1eadn h\u00e0nh. Sau \u0111\u00f3, thu th\u00e0nh ph\u1ea9m \u1edf c\u1eeda x\u1ea3<\/p>\n<h3>\u0110\u1ed9ng c\u01a1<\/h3>\n<p>M\u00e1y s\u1eed d\u1ee5ng \u0111\u1ed9ng c\u01a1 3kw d\u00f9ng \u0111i\u1ec7n gia \u0111\u00ecnh 220V motor l\u00f5i d\u00e2y \u0111\u1ed3ng 100% . D\u00e2y curoa k\u1ebft n\u1ed1i gi\u1eefa c\u00e1c puly truy\u1ec1n l\u1ef1c t\u1eeb \u0111\u1ed9ng c\u01a1 t\u1edbi puly m\u00e1y v\u00e0o tr\u1ee5c \u00e9p<\/p>\n<p><img loading=\"lazy\" decoding=\"async\" class=\"aligncenter wp-image-8985 size-full\" src=\"https:\/\/congtybinhminh.com\/wp-content\/uploads\/2023\/09\/may-ep-vien-dung-dien-1-pha_result222.webp\" alt=\"may-ep-vien-dung-dien-1-pha_result222\" width=\"800\" height=\"600\" srcset=\"https:\/\/congtybinhminh.com\/wp-content\/uploads\/2023\/09\/may-ep-vien-dung-dien-1-pha_result222.webp 800w, https:\/\/congtybinhminh.com\/wp-content\/uploads\/2023\/09\/may-ep-vien-dung-dien-1-pha_result222-510x383.webp 510w, https:\/\/congtybinhminh.com\/wp-content\/uploads\/2023\/09\/may-ep-vien-dung-dien-1-pha_result222-533x400.webp 533w, https:\/\/congtybinhminh.com\/wp-content\/uploads\/2023\/09\/may-ep-vien-dung-dien-1-pha_result222-768x576.webp 768w\" sizes=\"auto, (max-width: 800px) 100vw, 800px\" \/><\/p>\n<p>V\u1edbi t\u1ed1c \u0111\u1ed9 quay l\u00ean t\u1edbi 1450 v\u00f2ng\/ph\u00fat cho n\u0103ng su\u1ea5t \u0111\u1ea1t t\u1eeb 150 &#8211; 200 kg\/gi\u1edd. Ngo\u00e0i ra, m\u00e1y c\u00f2n c\u00f3 th\u1ec3 l\u1eafp \u0111\u1ed9ng c\u01a1 4kw 3 pha cho n\u0103ng su\u1ea5t cao<\/p>\n<h2>\u0110\u1ecba ch\u1ec9 mua m\u00e1y \u00e9p c\u00e1m vi\u00ean S180 -4L gi\u00e1 t\u1ed1t t\u1ea1i H\u00e0 N\u1ed9i<\/h2>\n<p>C\u00f4ng ty B\u00ecnh Minh \u0111\u01a1n v\u1ecb tr\u1ef1c ti\u1ebfp ch\u1ebf t\u1ea1o m\u00e1y \u00e9p c\u00e1m vi\u00ean t\u1ea1i H\u00e0 N\u1ed9i v\u1edbi cam k\u1ebft 10)% h\u00e0ng m\u1edbi ch\u00ednh h\u00e3ng \u2013 kh\u00f4ng qua \u0111\u1ea1i l\u00fd trung gian:<\/p>\n<p><img loading=\"lazy\" decoding=\"async\" class=\"aligncenter wp-image-8986 size-full\" src=\"https:\/\/congtybinhminh.com\/wp-content\/uploads\/2023\/09\/bao-hanh-ep-vien_result222.webp\" alt=\"bao-hanh-ep-vien_result222\" width=\"800\" height=\"477\" srcset=\"https:\/\/congtybinhminh.com\/wp-content\/uploads\/2023\/09\/bao-hanh-ep-vien_result222.webp 800w, https:\/\/congtybinhminh.com\/wp-content\/uploads\/2023\/09\/bao-hanh-ep-vien_result222-510x304.webp 510w, https:\/\/congtybinhminh.com\/wp-content\/uploads\/2023\/09\/bao-hanh-ep-vien_result222-671x400.webp 671w, https:\/\/congtybinhminh.com\/wp-content\/uploads\/2023\/09\/bao-hanh-ep-vien_result222-768x458.webp 768w\" sizes=\"auto, (max-width: 800px) 100vw, 800px\" \/><\/p>\n<p>\u0110\u1ec3 bi\u1ebft th\u00f4ng tin chi ti\u1ebft li\u00ean v\u1ec7 v\u1edbi ch\u00fang t\u00f4i v\u1edbi 3 c\u00e1ch sau:<\/p>\n<ul>\n<li>Truy c\u1eadp website: congtybinhminh.com<\/li>\n<li>Truy c\u1eadp youtube: c\u00f4ng ty B\u00ecnh Minh<\/li>\n<li>\u0110\u1ebfn tr\u1ef1c ti\u1ebfp x\u01b0\u1edfng s\u1ea3n xu\u1ea5t \u1edf 3 tr\u1ee5 ch\u00ednh t\u1ea1i H\u00e0 N\u1ed9i; C\u1ea7n Th\u01a1 v\u00e0 tp H\u1ed3 Ch\u00ed Minh<\/li>\n<\/ul>\n<p>Khi \u0111\u1ebfn tr\u1ef1c ti\u1ebfp t\u1ea1i x\u01b0\u1edfng mua h\u00e0ng, b\u00e0 con s\u1ebd \u0111\u01b0\u1ee3c tr\u1ea3i nghi\u1ec7m v\u1eadn h\u00e0nh m\u00e1y d\u01b0\u1edbi s\u1ef1 h\u01b0\u1edbng d\u1eabn c\u1ee7a \u0111\u1ed9i ng\u0169 k\u1ef9 thu\u1eadt<\/p>\n<p>\u0110\u1ed1i v\u1edbi b\u00e0 con \u1edf xa, b\u00e0 con c\u00f3 th\u1ec3 li\u00ean h\u1ec7 t\u1edbi s\u1ed1 \u0111i\u1ec7n tho\u1ea1i Hotline tr\u00ean website ho\u1eb7c \u0111\u1ec3 l\u1ea1i l\u1eddi nh\u1eafn ph\u1ea7n \u201d B\u00ecnh Lu\u1eadn\u201d \u0111\u1ed9i ng\u0169 t\u01b0 v\u1ea5n s\u1ebd li\u00ean h\u1ec7 t\u1edbi b\u00e0 con trong th\u1eddi gian s\u1edbm nh\u1ea5t<\/p>\n<p>V\u1edbi h\u01a1n 30 n\u0103m x\u00e2y d\u1ef1ng v\u00e0 ph\u00e1t tri\u1ec3n trong l\u0129nh v\u1ef1c c\u01a1 kh\u00ed. T\u1ef1 h\u00e0o l\u00e0 \u0111\u01a1n v\u1ecb UY T\u00cdNH cam k\u1ebft mang \u0111\u00ean cho b\u1ea1n nh\u1eefng s\u1ea3n ph\u1ea9m CH\u00cdNH H\u00c3NG \u2013 CH\u1ea4T L\u01af\u1ee2NG \u2013 GI\u00c1 C\u1ea2 T\u1ed0T NH\u1ea4T V\u00c0 D\u1ecaCH V\u1ee4 CHU \u0110\u00c1O NH\u1ea4T<\/p>\n","protected":false},"excerpt":{"rendered":"<ul>\n<li><strong>H\u00e3ng s\u1ea3n xu\u1ea5t:<\/strong>\u00a0B\u00ecnh Minh<\/li>\n<li><strong>C\u00f4ng su\u1ea5t \u0111\u1ed9ng c\u01a1:<\/strong>\u00a03kw<\/li>\n<li><strong>Ngu\u1ed3n \u0111i\u1ec7n:<\/strong>\u00a0220V<\/li>\n<li><strong>T\u1ed1c \u0111\u1ed9:<\/strong>\u00a01450 v\/p<\/li>\n<li><strong>N\u0103ng su\u1ea5t:<\/strong>\u00a0150 \u2013 200\u00a0 kg\/gi\u1edd<\/li>\n<li><strong>K\u00edch th\u01b0\u1edbc (d*c*r):<\/strong>\u00a094*97*55 cm<\/li>\n<li><strong>\u00a0Tr\u1ecdng l\u01b0\u1ee3ng:<\/strong>\u00a0123 kg<\/li>\n<li><strong>T\u00ednh n\u0103ng:<\/strong>\u00a0m\u00e1y chuy\u00ean d\u00f9ng nghi\u1ec1n \u00e9p h\u1ed7n h\u1ee3p b\u1ed9t c\u00e1m, ng\u00f4 h\u1ea1t, rau xanh, .. t\u1ea1o th\u00e0nh vi\u00ean l\u00e0m th\u1ee9c \u0103n cho gia s\u00fac \u2013 gia c\u1ea7m<\/li>\n<\/ul>\n","protected":false},"featured_media":8971,"comment_status":"closed","ping_status":"closed","template":"","meta":[],"product_brand":[],"product_cat":[64,63],"product_tag":[],"class_list":{"0":"post-8970","1":"product","2":"type-product","3":"status-publish","4":"has-post-thumbnail","6":"product_cat-may-ep-cam","7":"product_cat-may-ep-cam-vien-truc-dung","9":"first","10":"instock","11":"shipping-taxable","12":"product-type-simple"},"_links":{"self":[{"href":"https:\/\/congtybinhminh.com\/index.php?rest_route=\/wp\/v2\/product\/8970","targetHints":{"allow":["GET"]}}],"collection":[{"href":"https:\/\/congtybinhminh.com\/index.php?rest_route=\/wp\/v2\/product"}],"about":[{"href":"https:\/\/congtybinhminh.com\/index.php?rest_route=\/wp\/v2\/types\/product"}],"replies":[{"embeddable":true,"href":"https:\/\/congtybinhminh.com\/index.php?rest_route=%2Fwp%2Fv2%2Fcomments&post=8970"}],"wp:featuredmedia":[{"embeddable":true,"href":"https:\/\/congtybinhminh.com\/index.php?rest_route=\/wp\/v2\/media\/8971"}],"wp:attachment":[{"href":"https:\/\/congtybinhminh.com\/index.php?rest_route=%2Fwp%2Fv2%2Fmedia&parent=8970"}],"wp:term":[{"taxonomy":"product_brand","embeddable":true,"href":"https:\/\/congtybinhminh.com\/index.php?rest_route=%2Fwp%2Fv2%2Fproduct_brand&post=8970"},{"taxonomy":"product_cat","embeddable":true,"href":"https:\/\/congtybinhminh.com\/index.php?rest_route=%2Fwp%2Fv2%2Fproduct_cat&post=8970"},{"taxonomy":"product_tag","embeddable":true,"href":"https:\/\/congtybinhminh.com\/index.php?rest_route=%2Fwp%2Fv2%2Fproduct_tag&post=8970"}],"curies":[{"name":"wp","href":"https:\/\/api.w.org\/{rel}","templated":true}]}}