{"id":8948,"date":"2023-09-23T16:53:36","date_gmt":"2023-09-23T09:53:36","guid":{"rendered":"https:\/\/congtybinhminh.com\/?post_type=product&#038;p=8948"},"modified":"2025-05-24T16:21:33","modified_gmt":"2025-05-24T09:21:33","slug":"may-bam-xo-dua-b300-phien-ban-moi","status":"publish","type":"product","link":"https:\/\/congtybinhminh.com\/?product=may-bam-xo-dua-b300-phien-ban-moi","title":{"rendered":"M\u00e1y b\u0103m x\u01a1 d\u1eeba B300 phi\u00ean b\u1ea3n m\u1edbi"},"content":{"rendered":"<h2><strong>Video ho\u1ea1t \u0111\u1ed9ng m\u00e1y b\u0103m x\u01a1 d\u1eeba B300 phi\u00ean b\u1ea3n m\u1edbi<\/strong><\/h2>\n<p><iframe loading=\"lazy\" title=\"M\u00e1y B\u0103m X\u01a1 D\u1eeba B300 C\u1ea3i Ti\u1ebfn M\u1edbi B\u0103m V\u1ecf D\u1eeba T\u01b0\u01a1i Kh\u00f4 Th\u00e0nh M\u1ee5n\" width=\"1020\" height=\"574\" src=\"https:\/\/www.youtube.com\/embed\/GYH_1Xyb8gw?feature=oembed\" frameborder=\"0\" allow=\"accelerometer; autoplay; clipboard-write; encrypted-media; gyroscope; picture-in-picture; web-share\" referrerpolicy=\"strict-origin-when-cross-origin\" allowfullscreen><\/iframe><\/p>\n<h2><strong>Gi\u1edbi thi\u1ec7u m\u00e1y b\u0103m x\u01a1 d\u1eeba B300\u00a0<\/strong><\/h2>\n<p>C\u00f4ng ty B\u00ecnh Minh \u0111\u01a1n v\u1ecb tr\u1ef1c ti\u1ebfp s\u1ea3n xu\u1ea5t m\u00e1y b\u0103m x\u01a1 d\u1eeba B300 phi\u00ean b\u1ea3n m\u1edbi chuy\u00ean x\u1eed l\u00fd b\u0103m nh\u1ecf v\u1ecf d\u1eeba th\u00e0nh d\u1ea1ng m\u00f9n.<\/p>\n<p>G\u00f3p ph\u1ea7n t\u00e1i ch\u1ebf ch\u00fang th\u00e0nh nguy\u00ean li\u1ec7u c\u00f3 gi\u00e1 \u1ee9ng d\u1ee5ng \u0111\u01b0\u1ee3c trong nhi\u1ec1u l\u0129nh v\u1ef1c<\/p>\n<p><img loading=\"lazy\" decoding=\"async\" class=\"aligncenter wp-image-9088 size-full\" src=\"https:\/\/congtybinhminh.com\/wp-content\/uploads\/2023\/09\/may-bam-xo-dua-b300-cong-ty-binh-minh_result222.webp\" alt=\"may-bam-xo-dua-b300-cong-ty-binh-minh_result222\" width=\"800\" height=\"1078\" srcset=\"https:\/\/congtybinhminh.com\/wp-content\/uploads\/2023\/09\/may-bam-xo-dua-b300-cong-ty-binh-minh_result222.webp 800w, https:\/\/congtybinhminh.com\/wp-content\/uploads\/2023\/09\/may-bam-xo-dua-b300-cong-ty-binh-minh_result222-510x687.webp 510w, https:\/\/congtybinhminh.com\/wp-content\/uploads\/2023\/09\/may-bam-xo-dua-b300-cong-ty-binh-minh_result222-297x400.webp 297w, https:\/\/congtybinhminh.com\/wp-content\/uploads\/2023\/09\/may-bam-xo-dua-b300-cong-ty-binh-minh_result222-594x800.webp 594w, https:\/\/congtybinhminh.com\/wp-content\/uploads\/2023\/09\/may-bam-xo-dua-b300-cong-ty-binh-minh_result222-768x1035.webp 768w\" sizes=\"auto, (max-width: 800px) 100vw, 800px\" \/><\/p>\n<h2><b>Nh\u1eefng t\u00ednh n\u0103ng m\u00e1y b\u0103m x\u01a1 d\u1eeba B300 phi\u00ean b\u1ea3n m\u1edbi<\/b><\/h2>\n<p>Vi\u1ec7c \u1ee9ng d\u1ee5ng m\u00e1y xay x\u01a1 d\u1eeba mang t\u1edbi gi\u1ea3i ph\u00e1p t\u1ed1i \u01b0u ho\u00e1 t\u00e0i nguy\u00ean, x\u1eed l\u00fd b\u0103m v\u1ecf d\u1eeba t\u01b0\u01a1i, v\u1ecf d\u1eeba kh\u00f4 v\u00e0 x\u01a1 d\u1eeba b\u1ecb m\u1ee7n th\u00e0nh d\u1ea1ng m\u00f9n<\/p>\n<p><img loading=\"lazy\" decoding=\"async\" class=\"aligncenter wp-image-9085 size-full\" src=\"https:\/\/congtybinhminh.com\/wp-content\/uploads\/2023\/09\/may-bam-vo-dua-thanh-dang-mun_result222.webp\" alt=\"may-bam-vo-dua-thanh-dang-mun_result222\" width=\"800\" height=\"1168\" srcset=\"https:\/\/congtybinhminh.com\/wp-content\/uploads\/2023\/09\/may-bam-vo-dua-thanh-dang-mun_result222.webp 800w, https:\/\/congtybinhminh.com\/wp-content\/uploads\/2023\/09\/may-bam-vo-dua-thanh-dang-mun_result222-510x745.webp 510w, https:\/\/congtybinhminh.com\/wp-content\/uploads\/2023\/09\/may-bam-vo-dua-thanh-dang-mun_result222-274x400.webp 274w, https:\/\/congtybinhminh.com\/wp-content\/uploads\/2023\/09\/may-bam-vo-dua-thanh-dang-mun_result222-548x800.webp 548w, https:\/\/congtybinhminh.com\/wp-content\/uploads\/2023\/09\/may-bam-vo-dua-thanh-dang-mun_result222-768x1121.webp 768w\" sizes=\"auto, (max-width: 800px) 100vw, 800px\" \/><\/p>\n<p>V\u1ecf d\u1eeba khi \u0111\u01b0\u1ee3c \u0111\u01b0a v\u00e0o m\u00e1y b\u0103m, h\u1ec7 th\u1ed1ng dao b\u0103m g\u1eafn tr\u00ean tr\u1ee5c quay s\u1ebd b\u0103m v\u00e0 nghi\u1ec1n v\u1ecf d\u1eeba th\u00e0nh c\u00e1c m\u1ea3nh nh\u1ecf, ph\u00f9 h\u1ee3p v\u1edbi c\u00e1c m\u1ee5c \u0111\u00edch s\u1eed d\u1ee5ng kh\u00e1c nhau.<\/p>\n<p><img loading=\"lazy\" decoding=\"async\" class=\"aligncenter wp-image-10743 size-full\" src=\"https:\/\/congtybinhminh.com\/wp-content\/uploads\/2023\/09\/mat-sang-may-bam-xo-dua-B300-binh-minh_result222.webp\" alt=\"mat-sang-may-bam-xo-dua-B300-binh-minh_result222\" width=\"800\" height=\"868\" srcset=\"https:\/\/congtybinhminh.com\/wp-content\/uploads\/2023\/09\/mat-sang-may-bam-xo-dua-B300-binh-minh_result222.webp 800w, https:\/\/congtybinhminh.com\/wp-content\/uploads\/2023\/09\/mat-sang-may-bam-xo-dua-B300-binh-minh_result222-369x400.webp 369w, https:\/\/congtybinhminh.com\/wp-content\/uploads\/2023\/09\/mat-sang-may-bam-xo-dua-B300-binh-minh_result222-737x800.webp 737w, https:\/\/congtybinhminh.com\/wp-content\/uploads\/2023\/09\/mat-sang-may-bam-xo-dua-B300-binh-minh_result222-768x833.webp 768w, https:\/\/congtybinhminh.com\/wp-content\/uploads\/2023\/09\/mat-sang-may-bam-xo-dua-B300-binh-minh_result222-510x553.webp 510w\" sizes=\"auto, (max-width: 800px) 100vw, 800px\" \/><\/p>\n<h2><strong>C\u1ea5u t\u1ea1o chi ti\u1ebft m\u00e1y b\u0103m x\u01a1 d\u1eeba B300\u00a0<\/strong><\/h2>\n<h3><strong>C\u1ea5u t\u1ea1o chung<\/strong><\/h3>\n<p>M\u00e1y \u0111\u01b0\u1ee3c thi\u1ebft k\u1ebf ki\u1ec3u d\u00e1ng \u0111\u1ee9ng, nh\u1ecf g\u1ecdn kh\u00f4ng chi\u1ebfm qu\u00e1 nhi\u1ec1u di\u1ec7n t\u00edch s\u1ea3n xu\u1ea5t, khung m\u00e1y ch\u1eafc ch\u1eafn.<\/p>\n<p><img loading=\"lazy\" decoding=\"async\" class=\"aligncenter wp-image-9087 size-full\" src=\"https:\/\/congtybinhminh.com\/wp-content\/uploads\/2023\/09\/cau-tao-may-bam-xo-dua-b300_result222.webp\" alt=\"cau-tao-may-bam-xo-dua-b300_result222\" width=\"800\" height=\"1063\" srcset=\"https:\/\/congtybinhminh.com\/wp-content\/uploads\/2023\/09\/cau-tao-may-bam-xo-dua-b300_result222.webp 800w, https:\/\/congtybinhminh.com\/wp-content\/uploads\/2023\/09\/cau-tao-may-bam-xo-dua-b300_result222-510x678.webp 510w, https:\/\/congtybinhminh.com\/wp-content\/uploads\/2023\/09\/cau-tao-may-bam-xo-dua-b300_result222-301x400.webp 301w, https:\/\/congtybinhminh.com\/wp-content\/uploads\/2023\/09\/cau-tao-may-bam-xo-dua-b300_result222-602x800.webp 602w, https:\/\/congtybinhminh.com\/wp-content\/uploads\/2023\/09\/cau-tao-may-bam-xo-dua-b300_result222-768x1020.webp 768w\" sizes=\"auto, (max-width: 800px) 100vw, 800px\" \/><\/p>\n<p>\u0110\u01b0\u1ee3c trang b\u1ecb h\u1ec7 th\u1ed1ng 4 b\u00e1nh xe, gi\u00fap di chuy\u1ec3n m\u00e1y d\u1ec5 d\u00e0ng \u0111\u1ebfn m\u1ecdi v\u1ecb tr\u00ed l\u1eafp \u0111\u1eb7t.<\/p>\n<h3><strong>Toa n\u1ea1p nguy\u00ean li\u1ec7u<\/strong><\/h3>\n<p>Toa n\u1ea1p d\u1ea1ng ph\u1ec5u \u0111\u1ee9ng h\u01b0\u1edbng d\u1ed1c xu\u1ed1ng d\u01b0\u1edbi n\u1ed1i li\u1ec1n bu\u1ed3ng b\u0103m gi\u00fap nguy\u00ean li\u1ec7u di chuy\u1ec3n xu\u1ed1ng nhanh ch\u00f3ng, kh\u00f4ng b\u1ecb t\u1eafc ngh\u1ebdn.<\/p>\n<p><img loading=\"lazy\" decoding=\"async\" class=\"aligncenter wp-image-9089 size-full\" src=\"https:\/\/congtybinhminh.com\/wp-content\/uploads\/2023\/09\/toa-nap-may-bam-dua_result222.webp\" alt=\"toa-nap-may-bam-dua_result222\" width=\"800\" height=\"791\" srcset=\"https:\/\/congtybinhminh.com\/wp-content\/uploads\/2023\/09\/toa-nap-may-bam-dua_result222.webp 800w, https:\/\/congtybinhminh.com\/wp-content\/uploads\/2023\/09\/toa-nap-may-bam-dua_result222-100x100.webp 100w, https:\/\/congtybinhminh.com\/wp-content\/uploads\/2023\/09\/toa-nap-may-bam-dua_result222-510x504.webp 510w, https:\/\/congtybinhminh.com\/wp-content\/uploads\/2023\/09\/toa-nap-may-bam-dua_result222-405x400.webp 405w, https:\/\/congtybinhminh.com\/wp-content\/uploads\/2023\/09\/toa-nap-may-bam-dua_result222-768x759.webp 768w\" sizes=\"auto, (max-width: 800px) 100vw, 800px\" \/><\/p>\n<p>Mi\u1ec5ng ph\u1ec5u v\u1edbi k\u00edch th\u01b0\u1edbc l\u1edbn, m\u00e1y c\u00f3 th\u1ec3 b\u0103m nguy\u00ean v\u1ecf tr\u00e1i d\u1eeba m\u00e0 kh\u00f4ng ph\u1ea3i b\u0103m nh\u1ecf tr\u01b0\u1edbc.<\/p>\n<p>H\u01a1n n\u1eefa, ph\u1ea7n toa m\u00e1y c\u00f2n c\u00f3 th\u1ec3 th\u00e1o r\u1eddi gi\u00fap ng\u01b0\u1eddi d\u00f9ng:<\/p>\n<p><img loading=\"lazy\" decoding=\"async\" class=\"aligncenter wp-image-9094 size-full\" src=\"https:\/\/congtybinhminh.com\/wp-content\/uploads\/2023\/09\/thao-lap-may-bam-xo-dua-1_result222.webp\" alt=\"thao-lap-may-bam-xo-dua-1_result222\" width=\"800\" height=\"543\" srcset=\"https:\/\/congtybinhminh.com\/wp-content\/uploads\/2023\/09\/thao-lap-may-bam-xo-dua-1_result222.webp 800w, https:\/\/congtybinhminh.com\/wp-content\/uploads\/2023\/09\/thao-lap-may-bam-xo-dua-1_result222-510x346.webp 510w, https:\/\/congtybinhminh.com\/wp-content\/uploads\/2023\/09\/thao-lap-may-bam-xo-dua-1_result222-589x400.webp 589w, https:\/\/congtybinhminh.com\/wp-content\/uploads\/2023\/09\/thao-lap-may-bam-xo-dua-1_result222-768x521.webp 768w\" sizes=\"auto, (max-width: 800px) 100vw, 800px\" \/><\/p>\n<ul>\n<li>Thu\u1eadn ti\u1ec7n th\u00e1o r\u1eddi \u0111\u1ec3 v\u1ec7 sinh<\/li>\n<li>D\u1ec5 d\u00e0ng g\u1eadp g\u1ecdn thu\u1eadn ti\u1ec7n di chuy\u1ec3n m\u00e1y<\/li>\n<\/ul>\n<h3><strong>H\u1ec7 th\u1ed1ng bu\u1ed3ng b\u0103m<\/strong><\/h3>\n<p>Trong bu\u1ed3ng l\u00e0m vi\u1ec7c \u0111\u01b0\u1ee3c trang b\u1ecb h\u1ec7 th\u1ed1ng dao \u0111\u01b0\u1ee3c r\u00e8n s\u1eafc b\u00e9n, h\u1ec7\u00a0th\u1ed1ng dao b\u0103m g\u1ed3m:<\/p>\n<ul>\n<li>3 con dao b\u0103m ch\u00ednh<\/li>\n<li>4 con dao b\u0103m ph\u1ee5 \u0111\u01b0\u1ee3c l\u1eafp tr\u00ean 1 tr\u1ee5c quay b\u0103m nghi\u1ec1n nh\u1ecf nguy\u00ean li\u1ec7u<\/li>\n<li>2 con dao k\u00ea \u0111\u01b0\u1ee3c g\u1eafn c\u1ed1 \u0111\u1ecbnh 2 b\u00ean th\u00e0nh m\u00e1y.<\/li>\n<\/ul>\n<p><img loading=\"lazy\" decoding=\"async\" class=\"aligncenter wp-image-9090 size-full\" src=\"https:\/\/congtybinhminh.com\/wp-content\/uploads\/2023\/09\/dao-bam-vo-dua_result222.webp\" alt=\"dao-bam-vo-dua_result222\" width=\"800\" height=\"799\" srcset=\"https:\/\/congtybinhminh.com\/wp-content\/uploads\/2023\/09\/dao-bam-vo-dua_result222.webp 800w, https:\/\/congtybinhminh.com\/wp-content\/uploads\/2023\/09\/dao-bam-vo-dua_result222-247x247.webp 247w, https:\/\/congtybinhminh.com\/wp-content\/uploads\/2023\/09\/dao-bam-vo-dua_result222-100x100.webp 100w, https:\/\/congtybinhminh.com\/wp-content\/uploads\/2023\/09\/dao-bam-vo-dua_result222-510x509.webp 510w, https:\/\/congtybinhminh.com\/wp-content\/uploads\/2023\/09\/dao-bam-vo-dua_result222-401x400.webp 401w, https:\/\/congtybinhminh.com\/wp-content\/uploads\/2023\/09\/dao-bam-vo-dua_result222-280x280.webp 280w, https:\/\/congtybinhminh.com\/wp-content\/uploads\/2023\/09\/dao-bam-vo-dua_result222-768x767.webp 768w\" sizes=\"auto, (max-width: 800px) 100vw, 800px\" \/><\/p>\n<p>L\u01b0\u1ee1i dao \u0111\u01b0\u1ee3c l\u1eafp v\u1edbi tr\u1ee5c quay b\u1eb1ng \u1ed1c v\u00edt n\u00ean trong qu\u00e1 tr\u00ecnh s\u1eed d\u1ee5ng, ng\u01b0\u1eddi d\u00f9ng c\u00f3 th\u1ec3 th\u00e1o ra \u0111\u1ec3 v\u1ec7 sinh, m\u00e0i s\u1eafc ho\u1eb7c thay th\u1ebf d\u1ec5 d\u00e0ng<\/p>\n<h3><strong>\u0110\u1ed9ng c\u01a1 3kw\u00a0<\/strong><\/h3>\n<p>L\u1eafp \u0111\u1ed9ng c\u01a1 c\u00f4ng su\u1ea5t 3.5kw s\u1eed d\u1ee5ng ngu\u1ed3n \u0111i\u1ec7n gia \u0111\u00ecnh 220V, cu\u1ed1n d\u00e2y \u0111\u1ed3ng 100%, gi\u00fap m\u00e1y ho\u1ea1t \u0111\u1ed9ng \u1ed5n \u0111\u1ecbnh v\u00e0 cho n\u0103ng su\u1ea5t \u0111\u1ea1t kho\u1ea3ng 200 &#8211; 250 kg\/gi\u1edd.<\/p>\n<p><img loading=\"lazy\" decoding=\"async\" class=\"aligncenter wp-image-9091 size-full\" src=\"https:\/\/congtybinhminh.com\/wp-content\/uploads\/2023\/09\/may-bam-xo-dua-1-pha_result222.webp\" alt=\"may-bam-xo-dua-1-pha_result222\" width=\"800\" height=\"799\" srcset=\"https:\/\/congtybinhminh.com\/wp-content\/uploads\/2023\/09\/may-bam-xo-dua-1-pha_result222.webp 800w, https:\/\/congtybinhminh.com\/wp-content\/uploads\/2023\/09\/may-bam-xo-dua-1-pha_result222-247x247.webp 247w, https:\/\/congtybinhminh.com\/wp-content\/uploads\/2023\/09\/may-bam-xo-dua-1-pha_result222-100x100.webp 100w, https:\/\/congtybinhminh.com\/wp-content\/uploads\/2023\/09\/may-bam-xo-dua-1-pha_result222-510x509.webp 510w, https:\/\/congtybinhminh.com\/wp-content\/uploads\/2023\/09\/may-bam-xo-dua-1-pha_result222-401x400.webp 401w, https:\/\/congtybinhminh.com\/wp-content\/uploads\/2023\/09\/may-bam-xo-dua-1-pha_result222-280x280.webp 280w, https:\/\/congtybinhminh.com\/wp-content\/uploads\/2023\/09\/may-bam-xo-dua-1-pha_result222-768x767.webp 768w\" sizes=\"auto, (max-width: 800px) 100vw, 800px\" \/><\/p>\n<p>M\u00e1y \u0111\u01b0\u1ee3c l\u1eafp th\u00eam thi\u1ebft b\u1ecb aptomat b\u1ea3o v\u1ec7 m\u1ea1ch \u0111i\u1ec7n, ng\u0103n c\u00e1c tr\u01b0\u1eddng h\u1ee3p qu\u00e1 t\u1ea3i, s\u1ee5t \u00e1p v\u00e0 ch\u1ed1ng gi\u1eadt, ch\u1ed1ng r\u00f2 r\u1ec9 \u0111i\u1ec7n \u0111\u1ea3m b\u1ea3o an to\u00e0n cho ng\u01b0\u1eddi s\u1eed d\u1ee5ng.<\/p>\n<h3><strong>C\u1eeda x\u1ea3 th\u00e0nh ph\u1ea9m<\/strong><\/h3>\n<p>Ph\u1ea7n c\u1eeda x\u1ea3 \u0111\u01b0\u1ee3c thi\u1ebft k\u1ebf r\u1ed9ng r\u00e3i, \u0111\u01b0\u1ee3c b\u1ed1 tr\u00ed ngay \u1edf ph\u00eda d\u01b0\u1edbi bu\u1ed3ng b\u0103m.<\/p>\n<p><img loading=\"lazy\" decoding=\"async\" class=\"aligncenter wp-image-9092 size-full\" src=\"https:\/\/congtybinhminh.com\/wp-content\/uploads\/2023\/09\/cua-xa-thanh-pham-dua_result222.webp\" alt=\"cua-xa-thanh-pham-dua_result222\" width=\"800\" height=\"886\" srcset=\"https:\/\/congtybinhminh.com\/wp-content\/uploads\/2023\/09\/cua-xa-thanh-pham-dua_result222.webp 800w, https:\/\/congtybinhminh.com\/wp-content\/uploads\/2023\/09\/cua-xa-thanh-pham-dua_result222-510x565.webp 510w, https:\/\/congtybinhminh.com\/wp-content\/uploads\/2023\/09\/cua-xa-thanh-pham-dua_result222-361x400.webp 361w, https:\/\/congtybinhminh.com\/wp-content\/uploads\/2023\/09\/cua-xa-thanh-pham-dua_result222-722x800.webp 722w, https:\/\/congtybinhminh.com\/wp-content\/uploads\/2023\/09\/cua-xa-thanh-pham-dua_result222-768x851.webp 768w\" sizes=\"auto, (max-width: 800px) 100vw, 800px\" \/><\/p>\n<p>Nguy\u00ean li\u1ec7u sau khi \u0111\u01b0\u1ee3c b\u0103m nh\u1ecf, chui l\u1ecdt qua m\u1eaft s\u00e0ng s\u1ebd di chuy\u1ec3n th\u1eb3ng ra b\u00ean ngo\u00e0i.<\/p>\n<h2><strong>M\u00e1y b\u0103m x\u01a1 d\u1eeba B300 mang t\u1edbi nh\u1eefng gi\u1ea3i ph\u00e1p g\u00ec ?\u00a0<\/strong><\/h2>\n<p>&#8220;M\u00e1y m\u00f3c thay th\u1ebf s\u1ee9c ng\u01b0\u1eddi&#8221; vi\u1ec7c t\u00e1i ch\u1ebf nghi\u1ec1n v\u1ecf d\u1eeba mang t\u1edbi cu\u1ed9c c\u00e1ch m\u1ea1ng m\u1edbi t\u1eadn d\u1ee5ng t\u1ed1i \u0111a c\u00e1c t\u00e0i nguy\u00ean t\u1eeb v\u1ecf d\u1eeba v\u00e0 t\u1ea1o ra c\u00e1c s\u1ea3n ph\u1ea9m ph\u1ee5 tr\u1ee3 c\u00f3 gi\u00e1 tr\u1ecb cao:<\/p>\n<p><img loading=\"lazy\" decoding=\"async\" class=\"aligncenter wp-image-9095 size-full\" src=\"https:\/\/congtybinhminh.com\/wp-content\/uploads\/2023\/09\/loi-ich-cua-may-bam-xo-dua-b300_result222.webp\" alt=\"loi-ich-cua-may-bam-xo-dua-b300_result222\" width=\"800\" height=\"736\" srcset=\"https:\/\/congtybinhminh.com\/wp-content\/uploads\/2023\/09\/loi-ich-cua-may-bam-xo-dua-b300_result222.webp 800w, https:\/\/congtybinhminh.com\/wp-content\/uploads\/2023\/09\/loi-ich-cua-may-bam-xo-dua-b300_result222-510x469.webp 510w, https:\/\/congtybinhminh.com\/wp-content\/uploads\/2023\/09\/loi-ich-cua-may-bam-xo-dua-b300_result222-435x400.webp 435w, https:\/\/congtybinhminh.com\/wp-content\/uploads\/2023\/09\/loi-ich-cua-may-bam-xo-dua-b300_result222-768x707.webp 768w\" sizes=\"auto, (max-width: 800px) 100vw, 800px\" \/><\/p>\n<p><em>Trong ch\u0103n nu\u00f4i:<\/em> x\u01a1 d\u1eeba c\u00f3 kh\u1ea3 n\u0103ng kh\u1eed m\u00f9i l\u00e0nh t\u00ednh \u0111\u01b0\u1ee3c s\u1eed d\u1ee5ng l\u00e0m \u0111\u1ec7m l\u00f3t chu\u1ed3ng an to\u00e0n cho v\u1eadt nu\u00f4i<\/p>\n<p><img loading=\"lazy\" decoding=\"async\" class=\"aligncenter wp-image-9097 size-full\" src=\"https:\/\/congtybinhminh.com\/wp-content\/uploads\/2023\/09\/mun-dua-trong-cay_result222.webp\" alt=\"mun-dua-trong-cay_result222\" width=\"800\" height=\"533\" srcset=\"https:\/\/congtybinhminh.com\/wp-content\/uploads\/2023\/09\/mun-dua-trong-cay_result222.webp 800w, https:\/\/congtybinhminh.com\/wp-content\/uploads\/2023\/09\/mun-dua-trong-cay_result222-510x340.webp 510w, https:\/\/congtybinhminh.com\/wp-content\/uploads\/2023\/09\/mun-dua-trong-cay_result222-600x400.webp 600w, https:\/\/congtybinhminh.com\/wp-content\/uploads\/2023\/09\/mun-dua-trong-cay_result222-768x512.webp 768w\" sizes=\"auto, (max-width: 800px) 100vw, 800px\" \/><\/p>\n<p><em>Trong l\u00e2m nghi\u1ec7p:<\/em> x\u01a1 d\u1eeba c\u00f3 kh\u1ea3 n\u0103ng gi\u1eef \u1ea9m v\u00e0 tho\u00e1t n\u01b0\u1edbc t\u1ed1t th\u00edch h\u1ee3p \u0111\u1ec3 l\u00e0m ph\u00e2n b\u00f3n tr\u1ed3ng c\u00e2y gi\u00fap \u0111\u1ea5t lu\u00f4n t\u01a1i x\u1ed1p<\/p>\n<p><img loading=\"lazy\" decoding=\"async\" class=\"aligncenter wp-image-9098 size-full\" src=\"https:\/\/congtybinhminh.com\/wp-content\/uploads\/2023\/09\/lam-dem-lot-chuong-bang-mun-dua_result222.webp\" alt=\"lam-dem-lot-chuong-bang-mun-dua_result222\" width=\"800\" height=\"501\" srcset=\"https:\/\/congtybinhminh.com\/wp-content\/uploads\/2023\/09\/lam-dem-lot-chuong-bang-mun-dua_result222.webp 800w, https:\/\/congtybinhminh.com\/wp-content\/uploads\/2023\/09\/lam-dem-lot-chuong-bang-mun-dua_result222-510x319.webp 510w, https:\/\/congtybinhminh.com\/wp-content\/uploads\/2023\/09\/lam-dem-lot-chuong-bang-mun-dua_result222-639x400.webp 639w, https:\/\/congtybinhminh.com\/wp-content\/uploads\/2023\/09\/lam-dem-lot-chuong-bang-mun-dua_result222-768x481.webp 768w\" sizes=\"auto, (max-width: 800px) 100vw, 800px\" \/><\/p>\n<h2><strong>\u0110\u1ecba ch\u1ec9 mua m\u00e1y b\u0103m x\u01a1 d\u1eeba B300 phi\u00ean b\u1ea3n m\u1edbi nh\u1ea5t\u00a0<\/strong><\/h2>\n<p>C\u00f4ng ty B\u00ecnh Minh l\u00e0 \u0111\u01a1n v\u1ecb s\u1ea3n xu\u1ea5t tr\u1ef1c ti\u1ebfp d\u00f2ng m\u00e1y b\u0103m x\u01a1 d\u1eeba t\u1ea1i H\u00e0 N\u1ed9i v\u1edbi cam k\u1ebft 100% m\u00e1y m\u1edbi ch\u00ednh h\u00e3ng, kh\u00f4ng qua \u0111\u1ea1i l\u00fd trung gian.<\/p>\n<p><img loading=\"lazy\" decoding=\"async\" class=\"aligncenter wp-image-9096 size-full\" src=\"https:\/\/congtybinhminh.com\/wp-content\/uploads\/2023\/09\/dia-chi-ban-may-bam-xo-dua_result222.webp\" alt=\"dia-chi-ban-may-bam-xo-dua_result222\" width=\"800\" height=\"542\" srcset=\"https:\/\/congtybinhminh.com\/wp-content\/uploads\/2023\/09\/dia-chi-ban-may-bam-xo-dua_result222.webp 800w, https:\/\/congtybinhminh.com\/wp-content\/uploads\/2023\/09\/dia-chi-ban-may-bam-xo-dua_result222-510x346.webp 510w, https:\/\/congtybinhminh.com\/wp-content\/uploads\/2023\/09\/dia-chi-ban-may-bam-xo-dua_result222-590x400.webp 590w, https:\/\/congtybinhminh.com\/wp-content\/uploads\/2023\/09\/dia-chi-ban-may-bam-xo-dua_result222-768x520.webp 768w\" sizes=\"auto, (max-width: 800px) 100vw, 800px\" \/><\/p>\n<p>T\u1ef1 h\u00e0o l\u00e0 \u0111\u01a1n v\u1ecb UY T\u00cdN mang \u0111\u1ebfn cho ban nh\u1eefng s\u1ea3n ph\u1ea9m\u00a0 CH\u00cdNH H\u00c3NG &#8211; CH\u1ea4T L\u01af\u1ee2NG T\u1ed0T &#8211; GI\u00c1 TH\u00c0NH R\u1eba V\u00c0 D\u1ecaCH V\u1ee4 CHU \u0110\u00c1O.<\/p>\n<p style=\"text-align: center\"><img loading=\"lazy\" decoding=\"async\" class=\"alignnone size-full wp-image-8959\" src=\"https:\/\/congtybinhminh.com\/wp-content\/uploads\/2023\/09\/xuong-san-suat.webp\" alt=\"\" width=\"800\" height=\"1102\" srcset=\"https:\/\/congtybinhminh.com\/wp-content\/uploads\/2023\/09\/xuong-san-suat.webp 800w, https:\/\/congtybinhminh.com\/wp-content\/uploads\/2023\/09\/xuong-san-suat-510x703.webp 510w, https:\/\/congtybinhminh.com\/wp-content\/uploads\/2023\/09\/xuong-san-suat-290x400.webp 290w, https:\/\/congtybinhminh.com\/wp-content\/uploads\/2023\/09\/xuong-san-suat-581x800.webp 581w, https:\/\/congtybinhminh.com\/wp-content\/uploads\/2023\/09\/xuong-san-suat-768x1058.webp 768w\" sizes=\"auto, (max-width: 800px) 100vw, 800px\" \/><\/p>\n<p>\u0110\u1ec3 \u0111\u1eb7t mua h\u00e0ng ch\u00ednh h\u00e3ng, b\u00e0 con c\u00f3 th\u1ec3 \u0111\u1ebfn tr\u1ef1c ti\u1ebfp tr\u1ee5 s\u1edf g\u1ea7n nh\u1ea5t c\u1ee7a c\u00f4ng ty \u0111\u1ec3 xem v\u00e0 \u0111\u1eb7t mua h\u00e0ng.<\/p>\n<ul>\n<li>Tr\u1ee5 s\u1edf ch\u00ednh: 249 L\u00ea L\u1ee3i &#8211; P. L\u00ea L\u1ee3i &#8211; Tx. S\u01a1n T\u00e2y &#8211; H\u00e0 N\u1ed9i<\/li>\n<li>Chi nh\u00e1nh 1: Kv11 &#8211; P. H\u01b0ng Ph\u00fa &#8211; Q. C\u00e1i R\u0103ng &#8211; TP. C\u1ea7n Th\u01a1<\/li>\n<li>chi nh\u00e1nh 2: x\u00e3 T\u00e2n Ki\u00ean &#8211; H. B\u00ecnh Ch\u00e1nh &#8211; TP. H\u1ed3 Ch\u00ed Minh<\/li>\n<\/ul>\n<p>Khi \u0111\u1ebfn \u0111\u00e2y, b\u00e0 con c\u00f3 th\u1ec3 tr\u1ea3i nghi\u1ec7m v\u1eadn h\u00e0nh m\u00e1y d\u01b0\u1edbi s\u1ef1 h\u1ed7 tr\u1ee3 h\u01b0\u1edbng d\u1eabn c\u1ee7a \u0111\u1ed9i ng\u0169 k\u1ef9 thu\u1eadt. \u0110\u1ed1i v\u1edbi b\u00e0 con \u1edf xa, c\u00f3 th\u1ec3 li\u00ean h\u1ec7 t\u1edbi s\u1ed1 Hotline tr\u00ean website \u0111\u1ec3 \u0111\u01b0\u1ee3c t\u01b0 v\u1ea5n mi\u1ec5n ph\u00ed.<\/p>\n<h2><strong>Th\u00f4ng s\u1ed1 k\u1ef9 thu\u1eadt<\/strong><\/h2>\n<table border=\"1\" cellspacing=\"1\" cellpadding=\"1\">\n<tbody>\n<tr>\n<td colspan=\"1\" rowspan=\"3\">\u0110\u1ed9ng c\u01a1<\/td>\n<td>C\u00f4ng su\u1ea5t \u0111\u1ed9ng c\u01a1<\/td>\n<td>3,5kw<\/td>\n<\/tr>\n<tr>\n<td>Ngu\u1ed3n \u0111i\u1ec7n<\/td>\n<td>220V<\/td>\n<\/tr>\n<tr>\n<td>T\u1ed1c \u0111\u1ed9 m\u00e1y<\/td>\n<td>1450 v\/p<\/td>\n<\/tr>\n<tr>\n<td colspan=\"1\" rowspan=\"2\">B\u1ea3o h\u00e0nh<\/td>\n<td>K\u1ef9 thu\u1eadt<\/td>\n<td>\u00a006 th\u00e1ng<\/td>\n<\/tr>\n<tr>\n<td>\u0110\u1ed9ng c\u01a1<\/td>\n<td>Theo t\u1eebng h\u00e3ng s\u1ea3n xu\u1ea5t<\/td>\n<\/tr>\n<tr>\n<td>N\u0103ng su\u1ea5t<\/td>\n<td colspan=\"2\" rowspan=\"1\">\u00a0200 &#8211; 250 kg\/gi\u1edd<\/td>\n<\/tr>\n<tr>\n<td>K\u00edch th\u01b0\u1edbc (d*c*r)<\/td>\n<td colspan=\"2\" rowspan=\"1\">\u00a0100*115*85 cm<\/td>\n<\/tr>\n<tr>\n<td>H\u00ecnh th\u1ee9c thanh to\u00e1n<\/td>\n<td colspan=\"2\" rowspan=\"1\">\u00a0Ti\u1ec1n m\u1eb7t ho\u1eb7c chuy\u1ec3n kho\u1ea3n<\/td>\n<\/tr>\n<\/tbody>\n<\/table>\n","protected":false},"excerpt":{"rendered":"<ul>\n<li><strong>H\u00e3ng s\u1ea3n xu\u1ea5t:\u00a0<\/strong>B\u00ecnh Minh<\/li>\n<li><strong>C\u00f4ng su\u1ea5t \u0111\u1ed9ng c\u01a1:<\/strong>\u00a03.5kw<\/li>\n<li><strong>Ngu\u1ed3n \u0111i\u1ec7n:\u00a0<\/strong>220V<\/li>\n<li><strong>N\u0103ng su\u1ea5t:<\/strong> 200 &#8211; 250 kg\/gi\u1edd<\/li>\n<li><strong>T\u1ed1c \u0111\u1ed9:<\/strong>\u00a01400 v\/p<\/li>\n<li><strong>K\u00edch th\u01b0\u1edbc (CD*CC*CR): <\/strong>100*115*85cm<\/li>\n<li><strong>T\u00ednh n\u0103ng:<\/strong>\u00a0M\u00e1y chuy\u00ean b\u0103m v\u1ecf d\u1eeba t\u01b0\u01a1i, v\u1ecf d\u1eeba kh\u00f4,\u2026 th\u00e0nh d\u1ea1ng m\u00f9n d\u1eeba<\/li>\n<\/ul>\n","protected":false},"featured_media":9076,"comment_status":"closed","ping_status":"closed","template":"","meta":[],"product_brand":[],"product_cat":[197],"product_tag":[],"class_list":{"0":"post-8948","1":"product","2":"type-product","3":"status-publish","4":"has-post-thumbnail","6":"product_cat-may-bam-xo-dua-2","8":"first","9":"instock","10":"shipping-taxable","11":"product-type-simple"},"_links":{"self":[{"href":"https:\/\/congtybinhminh.com\/index.php?rest_route=\/wp\/v2\/product\/8948","targetHints":{"allow":["GET"]}}],"collection":[{"href":"https:\/\/congtybinhminh.com\/index.php?rest_route=\/wp\/v2\/product"}],"about":[{"href":"https:\/\/congtybinhminh.com\/index.php?rest_route=\/wp\/v2\/types\/product"}],"replies":[{"embeddable":true,"href":"https:\/\/congtybinhminh.com\/index.php?rest_route=%2Fwp%2Fv2%2Fcomments&post=8948"}],"wp:featuredmedia":[{"embeddable":true,"href":"https:\/\/congtybinhminh.com\/index.php?rest_route=\/wp\/v2\/media\/9076"}],"wp:attachment":[{"href":"https:\/\/congtybinhminh.com\/index.php?rest_route=%2Fwp%2Fv2%2Fmedia&parent=8948"}],"wp:term":[{"taxonomy":"product_brand","embeddable":true,"href":"https:\/\/congtybinhminh.com\/index.php?rest_route=%2Fwp%2Fv2%2Fproduct_brand&post=8948"},{"taxonomy":"product_cat","embeddable":true,"href":"https:\/\/congtybinhminh.com\/index.php?rest_route=%2Fwp%2Fv2%2Fproduct_cat&post=8948"},{"taxonomy":"product_tag","embeddable":true,"href":"https:\/\/congtybinhminh.com\/index.php?rest_route=%2Fwp%2Fv2%2Fproduct_tag&post=8948"}],"curies":[{"name":"wp","href":"https:\/\/api.w.org\/{rel}","templated":true}]}}