{"id":8922,"date":"2023-09-09T07:58:39","date_gmt":"2023-09-09T00:58:39","guid":{"rendered":"https:\/\/congtybinhminh.com\/?post_type=product&#038;p=8922"},"modified":"2024-10-02T08:48:22","modified_gmt":"2024-10-02T01:48:22","slug":"may-nghien-thuc-an-chan-nuoi-b24-inox","status":"publish","type":"product","link":"https:\/\/congtybinhminh.com\/?product=may-nghien-thuc-an-chan-nuoi-b24-inox","title":{"rendered":"M\u00e1y nghi\u1ec1n th\u1ee9c \u0103n ch\u0103n nu\u00f4i B24 inox"},"content":{"rendered":"<h2><strong>Video ho\u1ea1t \u0111\u1ed9ng m\u00e1y\u00a0<\/strong><\/h2>\n<p><iframe loading=\"lazy\" title=\"M\u00e1y Nghi\u1ec1n TACN B24 Inox 304 100% Nghi\u1ec1n H\u00e0ng T\u1ea1 V\u1ecf Qu\u1ebf Th\u00e0nh B\u1ed9t M\u1ecbn\" width=\"1020\" height=\"574\" src=\"https:\/\/www.youtube.com\/embed\/ceTrpmVyWN8?feature=oembed\" frameborder=\"0\" allow=\"accelerometer; autoplay; clipboard-write; encrypted-media; gyroscope; picture-in-picture; web-share\" referrerpolicy=\"strict-origin-when-cross-origin\" allowfullscreen><\/iframe><\/p>\n<h2><strong>Gi\u1edbi thi\u1ec7u m\u00e1y nghi\u1ec1n th\u1ee9c \u0103n ch\u0103n nu\u00f4i B24 inox<\/strong><\/h2>\n<p>C\u00f4ng ty B\u00ecnh Minh \u0111\u00e3 cho ra m\u1eaft d\u00f2ng m\u00e1y nghi\u1ec1n th\u1ee9c \u0103n ch\u0103n nu\u00f4i B24 inox \u0111\u1ea1t hi\u1ec7u qu\u1ea3 n\u0103ng su\u1ea5t cao. D\u00f2ng m\u00e1y n\u00e0y ph\u00f9 h\u1ee3p s\u1eed d\u1ee5ng cho c\u00e1c c\u01a1 s\u1edf kinh doanh, c\u00e1c x\u01b0\u1edfng s\u1ea3n xu\u1ea5t ch\u1ebf bi\u1ebfn th\u1ef1c ph\u1ea9m ho\u1eb7c c\u00e1c trang tr\u1ea1i ch\u0103n nu\u00f4i c\u00f3 quy m\u00f4 v\u1eeba v\u00e0 l\u1edbn.<\/p>\n<p style=\"text-align: center\"><img loading=\"lazy\" decoding=\"async\" class=\"alignnone size-full wp-image-8924\" src=\"https:\/\/congtybinhminh.com\/wp-content\/uploads\/2023\/09\/may-nghien-ngo-b24.webp\" alt=\"\" width=\"800\" height=\"600\" srcset=\"https:\/\/congtybinhminh.com\/wp-content\/uploads\/2023\/09\/may-nghien-ngo-b24.webp 800w, https:\/\/congtybinhminh.com\/wp-content\/uploads\/2023\/09\/may-nghien-ngo-b24-510x383.webp 510w, https:\/\/congtybinhminh.com\/wp-content\/uploads\/2023\/09\/may-nghien-ngo-b24-533x400.webp 533w, https:\/\/congtybinhminh.com\/wp-content\/uploads\/2023\/09\/may-nghien-ngo-b24-768x576.webp 768w\" sizes=\"auto, (max-width: 800px) 100vw, 800px\" \/><\/p>\n<h2><strong>T\u00ednh n\u0103ng c\u1ee7a m\u00e1y nghi\u1ec1n th\u1ee9c \u0103n ch\u0103n nu\u00f4i B24 inox<\/strong><\/h2>\n<p>M\u00e1y nghi\u1ec1n B24 chuy\u00ean d\u00f9ng \u0111\u1ec3 nghi\u1ec1n nhi\u1ec1u lo\u1ea1i nguy\u00ean li\u1ec7u \u0111a d\u1ea1ng th\u00e0nh d\u1ea1ng b\u1ed9t, cho ra th\u00e0nh ph\u1ea9m v\u1edbi k\u00edch th\u01b0\u1edbc kh\u00e1c nhau \u0111\u1ec3 \u0111\u00e1p \u1ee9ng \u0111\u01b0\u1ee3c y\u00eau c\u1ea7u.<\/p>\n<p style=\"text-align: center\"><img loading=\"lazy\" decoding=\"async\" class=\"alignnone size-full wp-image-8927\" src=\"https:\/\/congtybinhminh.com\/wp-content\/uploads\/2023\/09\/nguyen-lieu-nghien-bot.webp\" alt=\"\" width=\"800\" height=\"600\" srcset=\"https:\/\/congtybinhminh.com\/wp-content\/uploads\/2023\/09\/nguyen-lieu-nghien-bot.webp 800w, https:\/\/congtybinhminh.com\/wp-content\/uploads\/2023\/09\/nguyen-lieu-nghien-bot-510x383.webp 510w, https:\/\/congtybinhminh.com\/wp-content\/uploads\/2023\/09\/nguyen-lieu-nghien-bot-533x400.webp 533w, https:\/\/congtybinhminh.com\/wp-content\/uploads\/2023\/09\/nguyen-lieu-nghien-bot-768x576.webp 768w\" sizes=\"auto, (max-width: 800px) 100vw, 800px\" \/><\/p>\n<ul>\n<li>Nghi\u1ec1n ng\u00f4, s\u1eafn l\u00e1t, v\u1ecf tr\u1ea5u,.. th\u00e0nh b\u1ed9t c\u00e1m \u0111\u1ec3 l\u00e0m th\u1ee9c \u0103n ch\u0103n nu\u00f4i.<\/li>\n<li>Nghi\u1ec1n g\u1ea1o, \u0111\u1ed7 t\u01b0\u01a1ng, qu\u1ebf,&#8230; ph\u1ee5c v\u1ee5 trong ng\u00e0nh ch\u1ebf bi\u1ebfn th\u1ef1c ph\u1ea9m.<\/li>\n<li>Nghi\u1ec1n c\u1eabng ch\u00e8, tam th\u1ea5t, n\u1ea5m linh chi, c\u00e0 gai leo,&#8230; \u0111\u1ec3 l\u00e0m tr\u00e0 t\u00fai l\u1ecdc, l\u00e0m thu\u1ed1c.<\/li>\n<\/ul>\n<h2><strong>C\u1ea5u t\u1ea1o m\u00e1y nghi\u1ec1n th\u1ee9c \u0103n ch\u0103n nu\u00f4i B24 inox<\/strong><\/h2>\n<h3><strong>Khung m\u00e1y ch\u1eafc ch\u1eafn<\/strong><\/h3>\n<p>Thu\u1ed9c d\u00f2ng m\u00e1y c\u00f4ng nghi\u1ec7p, m\u00e1y \u0111\u01b0\u1ee3c thi\u1ebft k\u1ebf ki\u1ec3u d\u00e1ng hi\u1ec7n \u0111\u1ea1i, khung m\u00e1y ch\u1eafc ch\u1eafn h\u1ea1n ch\u1ebf rung l\u1eafc trong qu\u00e1 tr\u00ecnh ho\u1ea1t \u0111\u1ed9ng.<\/p>\n<p style=\"text-align: center\"><img loading=\"lazy\" decoding=\"async\" class=\"alignnone size-full wp-image-8928\" src=\"https:\/\/congtybinhminh.com\/wp-content\/uploads\/2023\/09\/cau-tao-chi-tiet.webp\" alt=\"\" width=\"800\" height=\"1078\" srcset=\"https:\/\/congtybinhminh.com\/wp-content\/uploads\/2023\/09\/cau-tao-chi-tiet.webp 800w, https:\/\/congtybinhminh.com\/wp-content\/uploads\/2023\/09\/cau-tao-chi-tiet-510x687.webp 510w, https:\/\/congtybinhminh.com\/wp-content\/uploads\/2023\/09\/cau-tao-chi-tiet-297x400.webp 297w, https:\/\/congtybinhminh.com\/wp-content\/uploads\/2023\/09\/cau-tao-chi-tiet-594x800.webp 594w, https:\/\/congtybinhminh.com\/wp-content\/uploads\/2023\/09\/cau-tao-chi-tiet-768x1035.webp 768w\" sizes=\"auto, (max-width: 800px) 100vw, 800px\" \/><\/p>\n<p>\u0110\u1eb7c bi\u1ec7t, ph\u1ea7n m\u00e1y nghi\u1ec1n v\u00e0 b\u1ea7u h\u00fat gi\u00f3 \u0111\u01b0\u1ee3c thi\u1ebft k\u1ebf ri\u00eang bi\u1ec7t, k\u1ebft n\u1ed1i v\u1edbi nhau th\u00f4ng qua \u1ed1ng n\u1ed1i. Vi\u1ec7c s\u1eed d\u1ee5ng b\u1ea7u h\u00fat gi\u00f3 \u0111\u1ec3 ch\u1ee9a th\u00e0nh ph\u1ea9m sau khi nghi\u1ec1n s\u1ebd thu\u1eadn ti\u1ec7n cho vi\u1ec7c thu gom v\u00e0 h\u1ea1n ch\u1ebf hao h\u1ee5t nguy\u00ean li\u1ec7u.<\/p>\n<h3><strong>Toa n\u1ea1p nguy\u00ean li\u1ec7u<\/strong><\/h3>\n<p>Toa n\u1ea1p \u0111\u01b0\u1ee3c thi\u1ebft k\u1ebf d\u1ea1ng ph\u1ec5u ngang, c\u00f3 k\u00edch th\u01b0\u1edbc l\u1edbn c\u00f3 th\u1ec3 ch\u1ee9a \u0111\u1ef1ng \u0111\u01b0\u1ee3c nhi\u1ec1u nguy\u00ean li\u1ec7u, ti\u1ec7n l\u1ee3i cho vi\u1ec7c b\u00f3n nguy\u00ean li\u1ec7u v\u00e0o bu\u1ed3ng nghi\u1ec1n.<\/p>\n<p style=\"text-align: center\"><img loading=\"lazy\" decoding=\"async\" class=\"alignnone size-full wp-image-8929\" src=\"https:\/\/congtybinhminh.com\/wp-content\/uploads\/2023\/09\/toa-cap-lieu.webp\" alt=\"\" width=\"800\" height=\"510\" srcset=\"https:\/\/congtybinhminh.com\/wp-content\/uploads\/2023\/09\/toa-cap-lieu.webp 800w, https:\/\/congtybinhminh.com\/wp-content\/uploads\/2023\/09\/toa-cap-lieu-510x325.webp 510w, https:\/\/congtybinhminh.com\/wp-content\/uploads\/2023\/09\/toa-cap-lieu-627x400.webp 627w, https:\/\/congtybinhminh.com\/wp-content\/uploads\/2023\/09\/toa-cap-lieu-768x490.webp 768w\" sizes=\"auto, (max-width: 800px) 100vw, 800px\" \/><\/p>\n<p>Tr\u01b0\u1edbc c\u1eeda n\u1ea1p c\u00f2n \u0111\u01b0\u1ee3c l\u1eafp \u0111\u1eb7t th\u00eam t\u1ea5m ch\u1eafn, gi\u00fap ng\u01b0\u1eddi s\u1eed d\u1ee5ng d\u1ec5 d\u00e0ng \u0111i\u1ec1u ch\u1ec9nh l\u01b0\u1ee3ng nguy\u00ean li\u1ec7u di chuy\u1ec3n xu\u1ed1ng bu\u1ed3ng l\u00e0m vi\u1ec7c, tr\u00e1nh t\u00ecnh tr\u1ea1ng b\u00f3n qu\u00e1 nhi\u1ec1u l\u00e0m t\u1eafc ngh\u1ebdn m\u00e1y.<\/p>\n<h3><strong>Bu\u1ed3ng l\u00e0m vi\u1ec7c<\/strong><\/h3>\n<p>B\u00ean trong h\u1ec7 th\u1ed1ng bu\u1ed3ng nghi\u1ec1n \u0111\u01b0\u1ee3c trang b\u1ecb 24 b\u00faa \u0111\u1eadp b\u1eb1ng inox d\u00e0y d\u1eb7n c\u00f9ng v\u1edbi h\u1ec7 th\u1ed1ng qu\u1ea1t 6 c\u00e1nh gi\u00fap m\u00e1y ho\u1ea1t \u0111\u1ed9ng hi\u1ec7u qu\u1ea3, mang l\u1ea1i n\u0103ng su\u1ea5t cao.<\/p>\n<p style=\"text-align: center\"><img loading=\"lazy\" decoding=\"async\" class=\"alignnone size-full wp-image-8930\" src=\"https:\/\/congtybinhminh.com\/wp-content\/uploads\/2023\/09\/he-thong-bua-dap.webp\" alt=\"\" width=\"800\" height=\"802\" srcset=\"https:\/\/congtybinhminh.com\/wp-content\/uploads\/2023\/09\/he-thong-bua-dap.webp 800w, https:\/\/congtybinhminh.com\/wp-content\/uploads\/2023\/09\/he-thong-bua-dap-247x247.webp 247w, https:\/\/congtybinhminh.com\/wp-content\/uploads\/2023\/09\/he-thong-bua-dap-100x100.webp 100w, https:\/\/congtybinhminh.com\/wp-content\/uploads\/2023\/09\/he-thong-bua-dap-510x511.webp 510w, https:\/\/congtybinhminh.com\/wp-content\/uploads\/2023\/09\/he-thong-bua-dap-399x400.webp 399w, https:\/\/congtybinhminh.com\/wp-content\/uploads\/2023\/09\/he-thong-bua-dap-798x800.webp 798w, https:\/\/congtybinhminh.com\/wp-content\/uploads\/2023\/09\/he-thong-bua-dap-280x280.webp 280w, https:\/\/congtybinhminh.com\/wp-content\/uploads\/2023\/09\/he-thong-bua-dap-768x770.webp 768w\" sizes=\"auto, (max-width: 800px) 100vw, 800px\" \/><\/p>\n<h3><strong>\u0110\u1ed9ng c\u01a1 3pha l\u00f5i \u0111\u1ed3ng 100%<\/strong><\/h3>\n<p>\u0110\u01b0\u1ee3c l\u1eafp \u0111\u1eb7t \u0111\u1ed9ng c\u01a1 c\u00f4ng su\u1ea5t 37kw, l\u00f5i \u0111\u1ed3ng 100%, s\u1eed d\u1ee5ng ngu\u1ed3n \u0111i\u1ec7n 380V &#8211; 3pha gi\u00fap m\u00e1y ho\u1ea1t \u0111\u1ed9ng \u1ed5n \u0111\u1ecbnh, b\u1ec1n b\u1ec9 trong th\u1eddi gian d\u00e0i m\u00e0 v\u1eabn \u0111\u1ea3m b\u1ea3o n\u0103ng su\u1ea5t.<\/p>\n<p style=\"text-align: center\"><img loading=\"lazy\" decoding=\"async\" class=\"alignnone size-full wp-image-8931\" src=\"https:\/\/congtybinhminh.com\/wp-content\/uploads\/2023\/09\/dong-co-3pha.webp\" alt=\"\" width=\"800\" height=\"713\" srcset=\"https:\/\/congtybinhminh.com\/wp-content\/uploads\/2023\/09\/dong-co-3pha.webp 800w, https:\/\/congtybinhminh.com\/wp-content\/uploads\/2023\/09\/dong-co-3pha-510x455.webp 510w, https:\/\/congtybinhminh.com\/wp-content\/uploads\/2023\/09\/dong-co-3pha-449x400.webp 449w, https:\/\/congtybinhminh.com\/wp-content\/uploads\/2023\/09\/dong-co-3pha-768x684.webp 768w\" sizes=\"auto, (max-width: 800px) 100vw, 800px\" \/><\/p>\n<h2><strong>\u01afu \u0111i\u1ec3m c\u1ee7a m\u00e1y nghi\u1ec1n th\u1ee9c \u0103n ch\u0103n nu\u00f4i B24 inox<\/strong><\/h2>\n<ul>\n<li>To\u00e0n b\u1ed9 m\u00e1y \u0111\u01b0\u1ee3c l\u00e0m b\u1eb1ng ch\u1ea5t li\u1ec7u inox, \u0111\u1ea3m b\u1ea3o \u0111\u1ed9 b\u1ec1n v\u00e0 \u0103n to\u00e0n v\u1ec7 sinh th\u1ef1c ph\u1ea9m.<\/li>\n<li>M\u00e1y cho n\u0103ng su\u1ea5t cao ph\u00f9 h\u1ee3p v\u1edbi c\u00e1c c\u01a1 s\u1edf s\u1ea3n xu\u1ea5t c\u00f4ng nghi\u1ec7p.<\/li>\n<li>Nghi\u1ec1n \u0111a d\u1ea1ng nguy\u00ean li\u1ec7u, kh\u00f4ng ch\u1ec9 nghi\u1ec1n c\u00e1c lo\u1ea1i n\u00f4ng s\u1ea3n kh\u00f4 nh\u01b0 ng\u00f4 h\u1ea1t, s\u1eafn l\u00e1t, v\u1ecf tr\u1ea5u,..l\u00e0m th\u1ee9c \u0103n ch\u0103n nu\u00f4i, m\u00e0 m\u00e1y c\u00f2n nghi\u1ec1n \u0111\u01b0\u1ee3c g\u1ea1o, qu\u1ebf, c\u1eabng ch\u00e8, d\u01b0\u1ee3c,&#8230;\u1ee9ng d\u1ee5ng cho c\u00e1c c\u01a1 s\u1edf s\u1edf th\u1ef1c ph\u1ea9m, d\u01b0\u1ee3c ph\u1ea9m.<\/li>\n<li>D\u1ec5 d\u00e0ng s\u1eed d\u1ee5ng, \u0111\u1ed9 an to\u00e0n cao, ch\u1ec9 c\u1ea7n 1 nh\u00e2n c\u00f4ng v\u1eadn h\u00e0nh m\u00e1y.<\/li>\n<\/ul>\n<p style=\"text-align: center\"><img loading=\"lazy\" decoding=\"async\" class=\"alignnone size-full wp-image-8932\" src=\"https:\/\/congtybinhminh.com\/wp-content\/uploads\/2023\/09\/uu-diem-may-nghien-b24.webp\" alt=\"\" width=\"800\" height=\"886\" srcset=\"https:\/\/congtybinhminh.com\/wp-content\/uploads\/2023\/09\/uu-diem-may-nghien-b24.webp 800w, https:\/\/congtybinhminh.com\/wp-content\/uploads\/2023\/09\/uu-diem-may-nghien-b24-510x565.webp 510w, https:\/\/congtybinhminh.com\/wp-content\/uploads\/2023\/09\/uu-diem-may-nghien-b24-361x400.webp 361w, https:\/\/congtybinhminh.com\/wp-content\/uploads\/2023\/09\/uu-diem-may-nghien-b24-722x800.webp 722w, https:\/\/congtybinhminh.com\/wp-content\/uploads\/2023\/09\/uu-diem-may-nghien-b24-768x851.webp 768w\" sizes=\"auto, (max-width: 800px) 100vw, 800px\" \/><\/p>\n<h2><strong>Nguy\u00ean l\u00fd ho\u1ea1t \u0111\u1ed9ng c\u1ee7a m\u00e1y nghi\u1ec1n th\u1ee9c \u0103n ch\u0103n nu\u00f4i B24 inox<\/strong><\/h2>\n<p>Sau khi kh\u1edfi \u0111\u1ed9ng, \u0111\u1ed9ng c\u01a1 truy\u1ec1n chuy\u1ec3n \u0111\u1ed9ng t\u1eeb d\u00e2y \u0111ai qua buly \u0111\u1ebfn h\u1ec7 th\u1ed1ng nghi\u1ec1n. Khi nguy\u00ean li\u1ec7u \u0111\u00e3 \u0111\u01b0\u1ee3c \u0111\u01b0a v\u00e0o bu\u1ed3ng nghi\u1ec1n, t\u1ea1i \u0111\u00e2y d\u01b0\u1edbi t\u00e1c \u0111\u1ed9ng c\u1ee7a b\u00faa \u0111\u1eadp, nguy\u00ean li\u1ec7u s\u1ebd \u0111\u01b0\u1ee3c nghi\u1ec1n nh\u1ecf &#8211; m\u1ecbn chui l\u1ecdt qua m\u1eaft l\u1ed7 s\u00e0ng. B\u1ed9 c\u00e1nh qu\u1ea1t s\u1ebd h\u00fat ph\u1ea7n c\u00e1m l\u00ean siro b\u1ea7u gi\u00f3 r\u1ed3i r\u01a1i xu\u1ed1ng ph\u1ea7n t\u00fai \u0111\u1ef1ng.<\/p>\n<h2><strong>Nh\u1eefng l\u01b0u \u00fd khi s\u1eed d\u1ee5ng m\u00e1y nghi\u1ec1n th\u1ee9c \u0103n ch\u0103n nu\u00f4i B24 inox<\/strong><\/h2>\n<ul>\n<li>Tr\u01b0\u1edbc khi kh\u1edfi \u0111\u1ed9ng m\u00e1y, c\u1ea7m ki\u1ec3m tra to\u00e0n b\u1ed9 m\u00e1y bao g\u1ed3m h\u1ec7 th\u1ed1ng \u0111i\u1ec7n, \u0111\u1ed9ng c\u01a1 v\u00e0 bu\u1ed3ng nghi\u1ec1n.<\/li>\n<li>\u0110\u1ec3 m\u00e1y ch\u1ea1y kh\u00f4ng t\u1ea3i kho\u1ea3ng 20 gi\u00e2y sau \u0111\u00f3 m\u1edbi cho nguy\u00ean li\u1ec7u v\u00e0o nghi\u1ec1n.<\/li>\n<li>\u0110i\u1ec1u ch\u1ec9nh t\u1ea5m ch\u1eafn \u1edf toa n\u1ea1p v\u1eeba ph\u1ea3i \u0111\u1ec3 nguy\u00ean li\u1ec7u \u0111i t\u1eeb t\u1eeb xu\u1ed1ng bu\u1ed3ng nghi\u1ec1n, tr\u00e1nh t\u00ecnh tr\u1ea1ng g\u00e2y t\u1eafc ngh\u1ebdn.<\/li>\n<li>Th\u01b0\u1eddng xuy\u00ean tra d\u1ea7u m\u1ee1 v\u00e0o c\u00e1c \u1ed5 bi tr\u00ean m\u00e1y, \u0111\u1ed3ng th\u1eddi ki\u1ec3m tra \u0111\u1ed9 tr\u00f9ng c\u1ee7a d\u00e2y curoa \u0111\u1ec3 c\u0103n ch\u1ec9nh cho ph\u00f9 h\u1ee3p.<\/li>\n<li>Th\u01b0\u1eddng xuy\u00ean ki\u1ec3m tra b\u1ed9 ph\u1eadn b\u00faa \u0111\u1eadp, n\u1ebfu b\u00faa b\u1ecb v\u1ee1 ho\u1eb7c m\u00f2n th\u00ec c\u1ea7n ph\u1ea3i thay th\u1ebf.<\/li>\n<\/ul>\n<h2><strong>Th\u00f4ng s\u1ed1 k\u1ef9 thu\u1eadt<\/strong><\/h2>\n<table style=\"height: 243px\" border=\"1\" width=\"917\" cellspacing=\"1\" cellpadding=\"1\">\n<tbody>\n<tr>\n<td>C\u00f4ng su\u1ea5t \u0111\u1ed9ng c\u01a1<\/td>\n<td>37kw<\/td>\n<\/tr>\n<tr>\n<td>Ngu\u1ed3n \u0111i\u1ec7n<\/td>\n<td>380 ( V)<\/td>\n<\/tr>\n<tr>\n<td>T\u1ed1c \u0111\u1ed9 \u0111\u1ed9ng c\u01a1<\/td>\n<td>1480( v\/p)<\/td>\n<\/tr>\n<tr>\n<td>Nguy\u00ean b\u1ed9<\/td>\n<td>(kg)<\/td>\n<\/tr>\n<tr>\n<td>Kh\u00f4ng \u0111\u1ed9ng c\u01a1<\/td>\n<td>(kg)<\/td>\n<\/tr>\n<tr>\n<td>N\u0103ng su\u1ea5t<\/td>\n<td>( kg\/h)<\/td>\n<\/tr>\n<tr>\n<td>K\u00edch th\u01b0\u1edbc ( D * C * R )<\/td>\n<td>210 * 99 * 95cm<\/td>\n<\/tr>\n<tr>\n<td>B\u1ea3o h\u00e0nh<\/td>\n<td>06 th\u00e1ng<\/td>\n<\/tr>\n<tr>\n<td>H\u00ecnh th\u1ee9c thanh to\u00e1n<\/td>\n<td><em><strong>Ti\u1ec1n m\u1eb7t ho\u1eb7c chuy\u1ec3n kho\u1ea3n<\/strong><\/em><\/td>\n<\/tr>\n<\/tbody>\n<\/table>\n","protected":false},"excerpt":{"rendered":"<ul>\n<li><strong>H\u00e3ng s\u1ea3n xu\u1ea5t<\/strong>: B\u00ecnh Minh<\/li>\n<li><strong>C\u00f4ng su\u1ea5t \u0111\u1ed9ng c\u01a1<\/strong>: 37kW<\/li>\n<li><strong>T\u1ed1c \u0111\u1ed9 :<\/strong> 1480 v\u00f2ng\/ph\u00fat<\/li>\n<li><strong>Ngu\u1ed3n \u0111i\u1ec7n:<\/strong>\u00a0380V<\/li>\n<li><strong>T\u00ednh n\u0103ng: M\u00e1y nghi\u1ec1n cho ra c\u00e1c lo\u1ea1i c\u1ee1 b\u1ed9t kh\u00e1c nhau theo\u00a0 nhu c\u1ea7u c\u1ee7a ng\u01b0\u1eddi d\u00f9ng<\/strong><\/li>\n<\/ul>\n","protected":false},"featured_media":8933,"comment_status":"closed","ping_status":"closed","template":"","meta":[],"product_brand":[],"product_cat":[32],"product_tag":[],"class_list":{"0":"post-8922","1":"product","2":"type-product","3":"status-publish","4":"has-post-thumbnail","6":"product_cat-may-nghien","8":"first","9":"instock","10":"shipping-taxable","11":"product-type-simple"},"_links":{"self":[{"href":"https:\/\/congtybinhminh.com\/index.php?rest_route=\/wp\/v2\/product\/8922","targetHints":{"allow":["GET"]}}],"collection":[{"href":"https:\/\/congtybinhminh.com\/index.php?rest_route=\/wp\/v2\/product"}],"about":[{"href":"https:\/\/congtybinhminh.com\/index.php?rest_route=\/wp\/v2\/types\/product"}],"replies":[{"embeddable":true,"href":"https:\/\/congtybinhminh.com\/index.php?rest_route=%2Fwp%2Fv2%2Fcomments&post=8922"}],"wp:featuredmedia":[{"embeddable":true,"href":"https:\/\/congtybinhminh.com\/index.php?rest_route=\/wp\/v2\/media\/8933"}],"wp:attachment":[{"href":"https:\/\/congtybinhminh.com\/index.php?rest_route=%2Fwp%2Fv2%2Fmedia&parent=8922"}],"wp:term":[{"taxonomy":"product_brand","embeddable":true,"href":"https:\/\/congtybinhminh.com\/index.php?rest_route=%2Fwp%2Fv2%2Fproduct_brand&post=8922"},{"taxonomy":"product_cat","embeddable":true,"href":"https:\/\/congtybinhminh.com\/index.php?rest_route=%2Fwp%2Fv2%2Fproduct_cat&post=8922"},{"taxonomy":"product_tag","embeddable":true,"href":"https:\/\/congtybinhminh.com\/index.php?rest_route=%2Fwp%2Fv2%2Fproduct_tag&post=8922"}],"curies":[{"name":"wp","href":"https:\/\/api.w.org\/{rel}","templated":true}]}}