{"id":8906,"date":"2023-09-08T10:52:38","date_gmt":"2023-09-08T03:52:38","guid":{"rendered":"https:\/\/congtybinhminh.com\/?post_type=product&#038;p=8906"},"modified":"2023-09-08T10:52:40","modified_gmt":"2023-09-08T03:52:40","slug":"may-tron-thuc-an-chan-nuoi-mt300-inox","status":"publish","type":"product","link":"https:\/\/congtybinhminh.com\/?product=may-tron-thuc-an-chan-nuoi-mt300-inox","title":{"rendered":"M\u00e1y tr\u1ed9n th\u1ee9c \u0103n ch\u0103n nu\u00f4i MT300 inox"},"content":{"rendered":"<h2><strong>Video ho\u1ea1t \u0111\u1ed9ng m\u00e1y tr\u1ed9n th\u1ee9c \u0103n ch\u0103n nu\u00f4i MT300 inox<\/strong><\/h2>\n<h2><strong>Gi\u1edbi thi\u00eau m\u00e1y tr\u1ed9n th\u1ee9c \u0103n ch\u0103n nu\u00f4i MT300 inox<\/strong><\/h2>\n<p>T\u1ea1i c\u00e1c h\u1ed9 ch\u0103n nu\u00f4i \u0111ang c\u00f3 xu h\u01b0\u1edbng m\u1edf r\u1ed9ng quy m\u00f4 ho\u1eb7c nh\u1eefng trang tr\u1ea1i ch\u0103n nu\u00f4i l\u1edbn th\u00ec vi\u1ec7c tr\u1ed9n th\u1ee9c \u0103n cho v\u1eadt nu\u00f4i b\u1eb1ng ph\u01b0\u01a1ng ph\u00e1p th\u1ee7 c\u00f4ng s\u1ebd g\u1eb7p r\u1ea5t nhi\u1ec1u kh\u00f3 kh\u0103n. C\u00f4ng ty B\u00ecnh Minh xin gi\u1edbi thi\u1ec7u \u0111\u1ebfn b\u00e0 con d\u00f2ng M\u00e1y tr\u1ed9n c\u00e1m ch\u0103n nu\u00f4i MT300 \u0111\u00e1p \u1ee9ng \u0111\u01b0\u1ee3c nhu c\u1ea7u tr\u1ed9n s\u1ed1 l\u01b0\u1ee3ng l\u1edbn c\u00e1c lo\u1ea1i nguy\u00ean li\u1ec7u h\u1ed7n h\u1ee3p.<\/p>\n<p style=\"text-align: center\"><img loading=\"lazy\" decoding=\"async\" class=\"alignnone size-full wp-image-8908\" src=\"https:\/\/congtybinhminh.com\/wp-content\/uploads\/2023\/09\/may-tron-bot-am.webp\" alt=\"\" width=\"800\" height=\"600\" srcset=\"https:\/\/congtybinhminh.com\/wp-content\/uploads\/2023\/09\/may-tron-bot-am.webp 800w, https:\/\/congtybinhminh.com\/wp-content\/uploads\/2023\/09\/may-tron-bot-am-510x383.webp 510w, https:\/\/congtybinhminh.com\/wp-content\/uploads\/2023\/09\/may-tron-bot-am-533x400.webp 533w, https:\/\/congtybinhminh.com\/wp-content\/uploads\/2023\/09\/may-tron-bot-am-768x576.webp 768w\" sizes=\"auto, (max-width: 800px) 100vw, 800px\" \/><\/p>\n<p style=\"text-align: center\">\n<h2><strong>M\u00e1y tr\u1ed9n \u0111\u01b0\u1ee3c nh\u1eefng ngu\u00ean li\u1ec7u n\u00e0o?<\/strong><\/h2>\n<p>M\u00e1y tr\u1ed9n th\u01b0\u1eddng \u0111\u01b0\u1ee3c s\u1eed d\u1ee5ng\u00a0 \u0111\u1ec3 tr\u1ed9n c\u00e1c lo\u1ea1i nguy\u00ean li\u1ec7u v\u1edbi nhau t\u1ea1o th\u00e0nh th\u00e0nh ph\u1ea9m h\u1ed7n h\u1ee3p. To\u00e0n b\u1ed9 m\u00e1y c\u00f2n \u0111\u01b0\u1ee3c l\u00e0m b\u1eb1ng ch\u1ea5t li\u1ec7u inox \u0111\u1ea3m b\u1ea3o v\u1ec7 sinh an to\u00e0n th\u1ef1c ph\u1ea9m v\u00e0 \u0111\u1ed9 b\u1ec1n l\u00e2u.<\/p>\n<p>&#8211; Tr\u1ed9n th\u1ef1c ph\u1ea9m: b\u1ed9t ng\u0169 c\u1ed1c, h\u1ea1t ng\u0169 c\u1ed1c, \u0111\u01b0\u1eddng, b\u1ed9t m\u1ef3, c\u00e1c lo\u1ea1i h\u01b0\u01a1ng li\u1ec7u ph\u1ee5 gia,&#8230;c\u00e1c lo\u1ea1i th\u1ef1c ph\u1ea9m d\u1ea1ng kh\u00f4, d\u1ea1ng \u1ea9m.<\/p>\n<p>&#8211; Tr\u1ed9n th\u1ee9c \u0103n ch\u0103n nu\u00f4i: tr\u1ed9n c\u00e1c lo\u1ea1i b\u1ed9t c\u00e1m, rau c\u1ecf, c\u00e1c lo\u1ea1i th\u1ee9c \u0103n cho v\u1eadt nu\u00f4i d\u1ea1ng kh\u00f4, d\u1ea1ng \u1ea9m.<\/p>\n<p style=\"text-align: center\"><img loading=\"lazy\" decoding=\"async\" class=\"alignnone size-full wp-image-8909\" src=\"https:\/\/congtybinhminh.com\/wp-content\/uploads\/2023\/09\/nguyen-lieu-tron-da-dang.webp\" alt=\"\" width=\"800\" height=\"600\" srcset=\"https:\/\/congtybinhminh.com\/wp-content\/uploads\/2023\/09\/nguyen-lieu-tron-da-dang.webp 800w, https:\/\/congtybinhminh.com\/wp-content\/uploads\/2023\/09\/nguyen-lieu-tron-da-dang-510x383.webp 510w, https:\/\/congtybinhminh.com\/wp-content\/uploads\/2023\/09\/nguyen-lieu-tron-da-dang-533x400.webp 533w, https:\/\/congtybinhminh.com\/wp-content\/uploads\/2023\/09\/nguyen-lieu-tron-da-dang-768x576.webp 768w\" sizes=\"auto, (max-width: 800px) 100vw, 800px\" \/><\/p>\n<p style=\"text-align: center\">\n<h2><strong>C\u1ea5u t\u1ea1o m\u00e1y tr\u1ed9n th\u1ee9c \u0103n ch\u0103n nu\u00f4i MT300 inox<\/strong><\/h2>\n<p>Thu\u1ed9c d\u00f2ng m\u00e1y c\u00f4ng nghi\u1ec7p, \u0111\u01b0\u1ee3c thi\u1ebft k\u1ebf d\u1ea1ng \u0111\u1ee9ng v\u1edbi tr\u1ee5c tr\u1ed9n n\u1eb1m ngang, th\u00f9ng ch\u1ee9a to r\u1ed9ng c\u00f3 th\u1ec3 ch\u1ee9a \u0111\u01b0\u1ee3c nhi\u1ec1u nguy\u00ean li\u1ec7u trong m\u1ed7i m\u1ebb tr\u1ed9n.<\/p>\n<h3><strong>Khung m\u00e1y ch\u1eafc ch\u1eafn<\/strong><\/h3>\n<p>M\u00e1y \u0111\u01b0\u1ee3c l\u00e0m ho\u00e0n to\u00e0n b\u1eb1ng ch\u1ea5t li\u1ec7u inox cao c\u1ea5p, kh\u00f4ng b\u1ecb g\u1ec9 s\u00e9t hay \u0103n m\u00f2n, \u0111\u1ed9 b\u1ec1n cao. Khung m\u00e1y ch\u1eafc ch\u1eafn, kh\u00f4ng g\u00e2y rung l\u1eafc trong qu\u00e1 tr\u00ecnh m\u00e1y ho\u1ea1t \u0111\u1ed9ng.<\/p>\n<p style=\"text-align: center\"><img loading=\"lazy\" decoding=\"async\" class=\"alignnone size-full wp-image-8910\" src=\"https:\/\/congtybinhminh.com\/wp-content\/uploads\/2023\/09\/cau-tao-chi-tiet-may-tron-cam.webp\" alt=\"\" width=\"800\" height=\"1078\" srcset=\"https:\/\/congtybinhminh.com\/wp-content\/uploads\/2023\/09\/cau-tao-chi-tiet-may-tron-cam.webp 800w, https:\/\/congtybinhminh.com\/wp-content\/uploads\/2023\/09\/cau-tao-chi-tiet-may-tron-cam-510x687.webp 510w, https:\/\/congtybinhminh.com\/wp-content\/uploads\/2023\/09\/cau-tao-chi-tiet-may-tron-cam-297x400.webp 297w, https:\/\/congtybinhminh.com\/wp-content\/uploads\/2023\/09\/cau-tao-chi-tiet-may-tron-cam-594x800.webp 594w, https:\/\/congtybinhminh.com\/wp-content\/uploads\/2023\/09\/cau-tao-chi-tiet-may-tron-cam-768x1035.webp 768w\" sizes=\"auto, (max-width: 800px) 100vw, 800px\" \/><\/p>\n<p style=\"text-align: center\">\n<h3><strong>Bu\u1ed3ng l\u00e0m vi\u1ec7c<\/strong><\/h3>\n<p>B\u00ean trong bu\u1ed3ng tr\u1ed9n \u0111\u01b0\u1ee3c l\u1eafp \u0111\u1eb7t c\u00e1c c\u00e1nh \u0111\u1ea3o d\u1ea1ng xo\u1eafn, d\u00e0y d\u1eb7n ch\u1eafc kho\u1ebb gi\u00fap nguy\u00ean li\u1ec7u \u0111\u01b0\u1ee3c \u0111\u1ea3o tr\u1ed9n li\u00ean t\u1ee5c, thu \u0111\u01b0\u1ee3c th\u00e0nh ph\u1ea9m \u0111\u1ed3ng \u0111\u1ec1u.<\/p>\n<p>Bu\u1ed3ng tr\u1ed9n \u0111\u01b0\u1ee3c thi\u1ebft k\u1ebf k\u00edch th\u01b0\u1edbc l\u1edbn c\u00f3 th\u1ec3 ch\u1ee9a l\u00ean t\u1edbi 300kg nguy\u00ean li\u1ec7u m\u1ed7i m\u1ebb tr\u1ed9n. V\u00e0 ph\u00eda tr\u00ean c\u00f3 n\u1eafp \u0111\u1eady k\u00edn gi\u00fap nguy\u00ean li\u1ec7u kh\u00f4ng b\u1ecb b\u1eafn ra ngo\u00e0i trong qu\u00e1 tr\u00ecnh ho\u1ea1t \u0111\u1ed9ng. M\u00e1y c\u00f2n \u0111\u01b0\u1ee3c l\u1eafp \u0111\u1eb7t th\u00eam \u1ed1ng d\u1eabn n\u01b0\u1edbc v\u00e0o th\u00f9ng tr\u1ed9n, thu\u1eadn ti\u1ec7n cho vi\u1ec7c c\u1ea5p n\u01b0\u1edbc \u0111\u1ec3 tr\u1ed9n b\u1ed9t \u1ea9m.<\/p>\n<p style=\"text-align: center\"><img loading=\"lazy\" decoding=\"async\" class=\"alignnone size-full wp-image-8911\" src=\"https:\/\/congtybinhminh.com\/wp-content\/uploads\/2023\/09\/cau-tao-buong-tron.webp\" alt=\"\" width=\"800\" height=\"694\" srcset=\"https:\/\/congtybinhminh.com\/wp-content\/uploads\/2023\/09\/cau-tao-buong-tron.webp 800w, https:\/\/congtybinhminh.com\/wp-content\/uploads\/2023\/09\/cau-tao-buong-tron-510x442.webp 510w, https:\/\/congtybinhminh.com\/wp-content\/uploads\/2023\/09\/cau-tao-buong-tron-461x400.webp 461w, https:\/\/congtybinhminh.com\/wp-content\/uploads\/2023\/09\/cau-tao-buong-tron-768x666.webp 768w\" sizes=\"auto, (max-width: 800px) 100vw, 800px\" \/><\/p>\n<p style=\"text-align: center\">\n<h3><strong>C\u1eeda x\u1ea3 th\u00e0nh ph\u1ea9m<\/strong><\/h3>\n<p>\u0110\u00e1y th\u00f9ng tr\u1ed9n \u0111\u01b0\u1ee3c thi\u1ebft k\u1ebf d\u1ea1ng h\u00ecnh cung, c\u1eeda ra th\u00e0nh ph\u1ea9m \u1edf \u0111\u00e1y th\u00f9ng gi\u00fap nguy\u00ean li\u1ec7u d\u1ec5 d\u00e0ng di chuy\u1ec3n ra b\u00ean ngo\u00e0i v\u00e0 tr\u00e1nh hao h\u1ee5t nguy\u00ean li\u1ec7u. C\u1eeda x\u1ea3 c\u00f2n \u0111\u01b0\u1ee3c thi\u1ebft k\u1ebf ki\u1ec3u tay kho\u00e1, c\u00f3 c\u00f4ng d\u1ee5ng \u0111\u00f3ng &#8211; m\u1edf linh ho\u1ea1t, d\u1ec5 d\u00e0ng.<\/p>\n<p style=\"text-align: center\"><img loading=\"lazy\" decoding=\"async\" class=\"alignnone size-full wp-image-8912\" src=\"https:\/\/congtybinhminh.com\/wp-content\/uploads\/2023\/09\/cua-xa-nguyen-lieu.webp\" alt=\"\" width=\"800\" height=\"600\" srcset=\"https:\/\/congtybinhminh.com\/wp-content\/uploads\/2023\/09\/cua-xa-nguyen-lieu.webp 800w, https:\/\/congtybinhminh.com\/wp-content\/uploads\/2023\/09\/cua-xa-nguyen-lieu-510x383.webp 510w, https:\/\/congtybinhminh.com\/wp-content\/uploads\/2023\/09\/cua-xa-nguyen-lieu-533x400.webp 533w, https:\/\/congtybinhminh.com\/wp-content\/uploads\/2023\/09\/cua-xa-nguyen-lieu-768x576.webp 768w\" sizes=\"auto, (max-width: 800px) 100vw, 800px\" \/><\/p>\n<p style=\"text-align: center\">\n<h3><strong>\u0110\u1ed9ng c\u01a1 l\u00f5i \u0111\u1ed3ng 100%<\/strong><\/h3>\n<p>M\u00e1y tr\u1ed9n nguy\u00ean li\u1ec7u MT300 \u0111\u01b0\u1ee3c l\u1eafp \u0111\u1eb7t \u0111\u1ed9ng c\u01a1 7.5kw l\u00f5i \u0111\u1ed3ng 100% k\u1ebft n\u1ed1i v\u1edbi ngu\u1ed3n \u0111i\u1ec7n 380V. \u0110\u1ed9ng c\u01a1 kh\u00f4ng truy\u1ec1n t\u1ea3i tr\u1ef1c ti\u1ebfp t\u1edbi tr\u1ee5c tr\u1ed9n, m\u00e0 \u0111\u01b0\u1ee3c truy\u1ec1n qua h\u1ed9p s\u1ed1 gi\u1ea3m t\u1ed1c t\u0103ng kh\u1ea3 n\u0103ng k\u00e9o kho\u1ebb h\u01a1n r\u1ea5t nhi\u1ec1u.<\/p>\n<p style=\"text-align: center\"><img loading=\"lazy\" decoding=\"async\" class=\"alignnone size-full wp-image-8913\" src=\"https:\/\/congtybinhminh.com\/wp-content\/uploads\/2023\/09\/dong-co-may-tron.webp\" alt=\"\" width=\"800\" height=\"713\" srcset=\"https:\/\/congtybinhminh.com\/wp-content\/uploads\/2023\/09\/dong-co-may-tron.webp 800w, https:\/\/congtybinhminh.com\/wp-content\/uploads\/2023\/09\/dong-co-may-tron-510x455.webp 510w, https:\/\/congtybinhminh.com\/wp-content\/uploads\/2023\/09\/dong-co-may-tron-449x400.webp 449w, https:\/\/congtybinhminh.com\/wp-content\/uploads\/2023\/09\/dong-co-may-tron-768x684.webp 768w\" sizes=\"auto, (max-width: 800px) 100vw, 800px\" \/><\/p>\n<p style=\"text-align: center\">\n<p>\u0110\u1eb7c bi\u1ec7t, c\u00f2n tr\u00e1nh \u0111\u01b0\u1ee3c t\u00ecnh tr\u1ea1ng g\u00e2y t\u1ed5n h\u1ea1i \u0111\u1ebfn \u0111\u1ed9ng c\u01a1 khi qu\u00e1 tr\u00f2ng t\u1ea3i, \u0111\u1ea1t s\u1ed1 v\u00f2ng quay theo y\u00eau c\u1ea7u.<\/p>\n<h2><strong>Nh\u1eefng l\u1ee3i \u00edch m\u00e0 m\u00e1y tr\u1ed9n th\u1ee9c \u0103n ch\u0103n nu\u00f4i MT300 inox mang l\u1ea1i<\/strong><\/h2>\n<p>Trong qu\u00e1 tr\u00ecnh ch\u1ebf bi\u1ebfn th\u1ef1c ph\u1ea9m hay ch\u1ebf bi\u1ebfn th\u1ee9c \u0103n ch\u0103n nu\u00f4i th\u00ec c\u00f4ng \u0111o\u1ea1n tr\u1ed9n nguy\u00ean li\u1ec7u s\u1ebd quy\u1ebft \u0111\u1ecbnh \u0111\u1ebfn ch\u1ea5t l\u01b0\u1ee3ng c\u1ee7a h\u1ed7n h\u1ee3p c\u00f3 th\u00e0nh c\u00f4ng hay kh\u00f4ng.<\/p>\n<p style=\"text-align: center\"><img loading=\"lazy\" decoding=\"async\" class=\"alignnone size-full wp-image-8914\" src=\"https:\/\/congtybinhminh.com\/wp-content\/uploads\/2023\/09\/loi-ich-cua-may-tron.webp\" alt=\"\" width=\"800\" height=\"826\" srcset=\"https:\/\/congtybinhminh.com\/wp-content\/uploads\/2023\/09\/loi-ich-cua-may-tron.webp 800w, https:\/\/congtybinhminh.com\/wp-content\/uploads\/2023\/09\/loi-ich-cua-may-tron-510x527.webp 510w, https:\/\/congtybinhminh.com\/wp-content\/uploads\/2023\/09\/loi-ich-cua-may-tron-387x400.webp 387w, https:\/\/congtybinhminh.com\/wp-content\/uploads\/2023\/09\/loi-ich-cua-may-tron-775x800.webp 775w, https:\/\/congtybinhminh.com\/wp-content\/uploads\/2023\/09\/loi-ich-cua-may-tron-768x793.webp 768w\" sizes=\"auto, (max-width: 800px) 100vw, 800px\" \/><\/p>\n<p>V\u00ec v\u1eady, vi\u1ec7c s\u1eed d\u1ee5ng m\u00e1y tr\u1ed9n b\u1ed9t MT300 inox s\u1ebd mang l\u1ea1i nh\u1eefng l\u1ee3i \u00edch sau:<\/p>\n<ul>\n<li>M\u00e1y chuy\u00ean tr\u1ed9n h\u1ed7n h\u1ee3p nguy\u00ean li\u1ec7u d\u1ea1ng kh\u00f4, d\u1ea1ng \u1ea9m.<\/li>\n<li>Tr\u1ed9n nguy\u00ean li\u1ec7u trong qu\u00e1 tr\u00ecnh ch\u1ebf bi\u1ebfn th\u1ef1c ph\u1ea9m.<\/li>\n<li>Tr\u1ed9n c\u00e1c lo\u1ea1i b\u1ed9t c\u00e1m, rau c\u1ecf, men vi sinh l\u00e0m th\u1ee9c \u0103n cho v\u1eadt nu\u00f4i.<\/li>\n<li>Gi\u00fap b\u00e0 con r\u00fat ng\u1eafn \u0111\u01b0\u1ee3c th\u1eddi gian, ti\u1ebft ki\u1ec7m \u0111\u01b0\u1ee3c chi ph\u00ed nh\u00e2n c\u00f4ng, \u0111\u1ea3m b\u1ea3o n\u0103ng su\u1ea5t cao.<\/li>\n<li>To\u00e0n b\u1ed9 m\u00e1y b\u1eb1ng inox cao c\u1ea5p t\u0103ng \u0111\u1ed9 b\u1ec1n, \u0111\u1ea3m b\u1ea3o an to\u00e0n th\u1ef1c ph\u1ea9m.<\/li>\n<\/ul>\n<h2><strong>L\u01b0u \u00fd khi s\u1eed d\u1ee5ng m\u00e1y tr\u1ed9n th\u1ee9c \u0103n ch\u0103n nu\u00f4i MT300 inox<\/strong><\/h2>\n<ul>\n<li>C\u1eafm \u0111i\u1ec7n cho m\u00e1y ch\u1ea1y kh\u00f4ng t\u1ea3i t\u1eeb 10 &#8211; 15 gi\u00e2y \u0111\u1ec3 \u1ed5n \u0111\u1ecbnh \u0111\u1ed9ng c\u01a1.<\/li>\n<li>Cho nguy\u00ean li\u1ec7u v\u1eeba \u0111\u1ee7, tr\u00e1nh cho qu\u00e1 \u0111\u1ea7y g\u00e2y n\u1eb7ng t\u1ea3i l\u00ean c\u00e1nh xo\u1eafn s\u1ebd kh\u00f3 kh\u0103n trong qu\u00e1 tr\u00ecnh \u0111\u1ea3o tr\u1ed9n.<\/li>\n<li>\u0110\u1ea3m b\u1ea3o ngu\u1ed3n \u0111i\u1ec7n \u1ed5n \u0111\u1ecbnh 380V \u0111\u1ec3 m\u00e1y ho\u1ea1t \u0111\u1ed9ng t\u1ed1t.<\/li>\n<li>N\u1ed1i v\u00f2i n\u01b0\u1edbc v\u00e0o \u1ed1ng ti\u1ebfp n\u01b0\u1edbc c\u00f3 \u1edf tr\u00ean th\u00f9ng tr\u1ed9n \u0111\u1ec3 th\u00eam n\u01b0\u1edbc khi tr\u1ed9n b\u1ed9t \u1ea9m.<\/li>\n<li>Th\u01b0\u1eddng xuy\u00ean tra d\u1ea7u v\u00e0o c\u00e1c g\u1ed1i bi \u0111\u1ec3 m\u00e1y ho\u1ea1t \u0111\u1ed9ng \u0111\u01b0\u1ee3c tr\u01a1n tru.<\/li>\n<\/ul>\n<h2><strong>Th\u00f4ng s\u1ed1 k\u1ef9 thu\u1eadt<\/strong><\/h2>\n<table style=\"height: 261px\" border=\"1\" width=\"886\" cellspacing=\"1\" cellpadding=\"1\">\n<tbody>\n<tr>\n<td colspan=\"1\" rowspan=\"3\">\u0110\u1ed9ng c\u01a1<\/td>\n<td>C\u00f4ng su\u1ea5t \u0111\u1ed9ng c\u01a1<\/td>\n<td>7,5kw<\/td>\n<\/tr>\n<tr>\n<td>T\u1ed1c \u0111\u1ed9<\/td>\n<td>1450 v\/p<\/td>\n<\/tr>\n<tr>\n<td>Ngu\u1ed3n \u0111i\u1ec7n<\/td>\n<td>380V<\/td>\n<\/tr>\n<tr>\n<td colspan=\"1\" rowspan=\"2\">B\u1ea3o h\u00e0nh<\/td>\n<td>K\u1ef9 thu\u1eadt<\/td>\n<td>06 th\u00e1ng<\/td>\n<\/tr>\n<tr>\n<td>\u0110\u1ed9ng c\u01a1<\/td>\n<td>Theo t\u1eebng h\u00e3ng s\u1ea3n xu\u1ea5t<\/td>\n<\/tr>\n<tr>\n<td colspan=\"1\" rowspan=\"2\">Tr\u1ecdng l\u01b0\u1ee3ng<\/td>\n<td>Nguy\u00ean b\u1ed9<\/td>\n<td>575 kg<\/td>\n<\/tr>\n<tr>\n<td>Kh\u00f4ng \u0111\u1ed9ng c\u01a1<\/td>\n<td><\/td>\n<\/tr>\n<tr>\n<td>N\u0103ng su\u1ea5t<\/td>\n<td colspan=\"2\" rowspan=\"1\">(kg\/gi\u1edd)<\/td>\n<\/tr>\n<tr>\n<td>K\u00edch th\u01b0\u1edbc (d*c*r)<\/td>\n<td colspan=\"2\" rowspan=\"1\">210*118*110 cm<\/td>\n<\/tr>\n<tr>\n<td>H\u00ecnh th\u1ee9c thanh to\u00e1n<\/td>\n<td colspan=\"2\" rowspan=\"1\">Ti\u1ec1n m\u1eb7t ho\u1eb7c chuy\u1ec3n kho\u1ea3n<\/td>\n<\/tr>\n<\/tbody>\n<\/table>\n","protected":false},"excerpt":{"rendered":"<ul>\n<li><strong>H\u00e3ng s\u1ea3n xu\u1ea5t :<\/strong>\u00a0B\u00ecnh Minh<\/li>\n<li><strong>C\u00f4ng su\u1ea5t \u0111\u1ed9ng c\u01a1<\/strong>\u00a0: 7,5kw<\/li>\n<li><strong>Ngu\u1ed3n \u0111i\u1ec7n<\/strong>\u00a0: 380V<\/li>\n<li><strong>N\u0103ng su\u1ea5t :<\/strong>\u00a03 t\u1ea1\/gi\u1edd<\/li>\n<li><strong>K\u00edch th\u01b0\u1edbc :<\/strong>\u00a0210*181*110 cm<\/li>\n<li><strong>T\u00ednh n\u0103ng :<\/strong>\u00a0M\u00e1y chuy\u00ean d\u00f9ng tr\u1ed9n c\u00e1c lo\u1ea1i nguy\u00ean li\u1ec7u s\u1ed1 l\u01b0\u1ee3ng l\u1edbn. To\u00e0n b\u1ed9 m\u00e1y \u0111\u01b0\u1ee3c l\u00e0m b\u1eb1ng ch\u1ea5t li\u1ec7u inox<\/li>\n<\/ul>\n","protected":false},"featured_media":8915,"comment_status":"closed","ping_status":"closed","template":"","meta":[],"product_brand":[],"product_cat":[98],"product_tag":[],"class_list":{"0":"post-8906","1":"product","2":"type-product","3":"status-publish","4":"has-post-thumbnail","6":"product_cat-may-tron","8":"first","9":"instock","10":"shipping-taxable","11":"product-type-simple"},"_links":{"self":[{"href":"https:\/\/congtybinhminh.com\/index.php?rest_route=\/wp\/v2\/product\/8906","targetHints":{"allow":["GET"]}}],"collection":[{"href":"https:\/\/congtybinhminh.com\/index.php?rest_route=\/wp\/v2\/product"}],"about":[{"href":"https:\/\/congtybinhminh.com\/index.php?rest_route=\/wp\/v2\/types\/product"}],"replies":[{"embeddable":true,"href":"https:\/\/congtybinhminh.com\/index.php?rest_route=%2Fwp%2Fv2%2Fcomments&post=8906"}],"wp:featuredmedia":[{"embeddable":true,"href":"https:\/\/congtybinhminh.com\/index.php?rest_route=\/wp\/v2\/media\/8915"}],"wp:attachment":[{"href":"https:\/\/congtybinhminh.com\/index.php?rest_route=%2Fwp%2Fv2%2Fmedia&parent=8906"}],"wp:term":[{"taxonomy":"product_brand","embeddable":true,"href":"https:\/\/congtybinhminh.com\/index.php?rest_route=%2Fwp%2Fv2%2Fproduct_brand&post=8906"},{"taxonomy":"product_cat","embeddable":true,"href":"https:\/\/congtybinhminh.com\/index.php?rest_route=%2Fwp%2Fv2%2Fproduct_cat&post=8906"},{"taxonomy":"product_tag","embeddable":true,"href":"https:\/\/congtybinhminh.com\/index.php?rest_route=%2Fwp%2Fv2%2Fproduct_tag&post=8906"}],"curies":[{"name":"wp","href":"https:\/\/api.w.org\/{rel}","templated":true}]}}