{"id":8662,"date":"2023-08-22T14:20:41","date_gmt":"2023-08-22T07:20:41","guid":{"rendered":"https:\/\/congtybinhminh.com\/?post_type=product&#038;p=8662"},"modified":"2023-08-22T14:50:53","modified_gmt":"2023-08-22T07:50:53","slug":"may-bam-nghien-co-c300","status":"publish","type":"product","link":"https:\/\/congtybinhminh.com\/?product=may-bam-nghien-co-c300","title":{"rendered":"M\u00e1y b\u0103m nghi\u1ec1n c\u1ecf C300"},"content":{"rendered":"<h2><strong>Video ho\u1ea1t \u0111\u1ed9ng m\u00e1y b\u0103m nghi\u1ec1n c\u1ecf C300<\/strong><\/h2>\n<p><iframe loading=\"lazy\" title=\"M\u00e1y B\u0103m Nghi\u1ec1n C\u1ecf - N\u00f4ng S\u1ea3n \u0110a N\u0103ng Gia \u0110\u00ecnh Th\u1ebf H\u1ec7 M\u1edbi 2023\" width=\"1020\" height=\"574\" src=\"https:\/\/www.youtube.com\/embed\/pYHdKSK3KU8?feature=oembed\" frameborder=\"0\" allow=\"accelerometer; autoplay; clipboard-write; encrypted-media; gyroscope; picture-in-picture; web-share\" allowfullscreen><\/iframe><\/p>\n<h2><strong>Gi\u1edbi thi\u1ec7u m\u00e1y b\u0103m nghi\u1ec1n c\u1ecf C300<\/strong><\/h2>\n<p>M\u00e1y b\u0103m nghi\u1ec1n c\u1ecf C300 do c\u00f4ng ty B\u00ecnh Minh tr\u1ef1c ti\u1ebfp s\u1ea3n xu\u1ea5t t\u00edch h\u1ee3p 2 t\u00ednh n\u0103ng &#8221; B\u0103m nghi\u1ec1n c\u1ecf &#8211; Nghi\u1ec1n b\u1ed9t c\u00e1m&#8221; trong 1 m\u00e1y<\/p>\n<p><img loading=\"lazy\" decoding=\"async\" class=\"aligncenter wp-image-8663 size-full\" src=\"https:\/\/congtybinhminh.com\/wp-content\/uploads\/2023\/08\/may-bam-nghien-co-c300_result222.webp\" alt=\"may-bam-nghien-co-c300_result222\" width=\"800\" height=\"480\" srcset=\"https:\/\/congtybinhminh.com\/wp-content\/uploads\/2023\/08\/may-bam-nghien-co-c300_result222.webp 800w, https:\/\/congtybinhminh.com\/wp-content\/uploads\/2023\/08\/may-bam-nghien-co-c300_result222-510x306.webp 510w, https:\/\/congtybinhminh.com\/wp-content\/uploads\/2023\/08\/may-bam-nghien-co-c300_result222-667x400.webp 667w, https:\/\/congtybinhminh.com\/wp-content\/uploads\/2023\/08\/may-bam-nghien-co-c300_result222-768x461.webp 768w\" sizes=\"auto, (max-width: 800px) 100vw, 800px\" \/><\/p>\n<p>Mang l\u1ea1i gi\u1ea3i ph\u00e1p m\u1edbi cho b\u00e0 con nh\u00e0 n\u00f4ng ch\u0103n nu\u00f4i hi\u1ec7u qu\u1ea3, n\u0103ng su\u1ea5t cao m\u00e0 kh\u00f4ng m\u1ea5t nhi\u1ec1u c\u00f4ng s\u1ee9c. G\u00f3p ph\u1ea7n m\u1edf r\u1ed9ng m\u00f4 h\u00ecnh ch\u0103n nu\u00f4i<\/p>\n<h2><strong>M\u00e1y b\u0103m nghi\u1ec1n c\u1ecf C300 c\u00f3 ch\u1ee9c n\u0103ng g\u00ec ?<\/strong><\/h2>\n<p>Qu\u00e1 tr\u00ecnh nghi\u1ec1n t\u1ef1 \u0111\u1ed9ng, m\u00e1y c\u00f3 th\u1ec3 nghi\u1ec1n nh\u1ecf \u0111a d\u1ea1ng c\u00e1c lo\u1ea1i nguy\u00ean li\u1ec7u, thu\u1eadn ti\u1ec7n trong qu\u00e1 tr\u00ecnh ch\u1ebf bi\u1ebfn th\u1ee9c \u0103n ch\u0103n nu\u00f4i:<\/p>\n<p><img loading=\"lazy\" decoding=\"async\" class=\"aligncenter wp-image-8664 size-full\" src=\"https:\/\/congtybinhminh.com\/wp-content\/uploads\/2023\/08\/loi-ich-may-bam-co_result222.webp\" alt=\"l\u1ecdi-ich-may-bam-co_result222\" width=\"812\" height=\"1064\" srcset=\"https:\/\/congtybinhminh.com\/wp-content\/uploads\/2023\/08\/loi-ich-may-bam-co_result222.webp 812w, https:\/\/congtybinhminh.com\/wp-content\/uploads\/2023\/08\/loi-ich-may-bam-co_result222-510x668.webp 510w, https:\/\/congtybinhminh.com\/wp-content\/uploads\/2023\/08\/loi-ich-may-bam-co_result222-305x400.webp 305w, https:\/\/congtybinhminh.com\/wp-content\/uploads\/2023\/08\/loi-ich-may-bam-co_result222-611x800.webp 611w, https:\/\/congtybinhminh.com\/wp-content\/uploads\/2023\/08\/loi-ich-may-bam-co_result222-768x1006.webp 768w\" sizes=\"auto, (max-width: 812px) 100vw, 812px\" \/><\/p>\n<ul>\n<li>Nghi\u1ec1n nguy\u00ean li\u1ec7u d\u1ea1ng c\u1ecf: c\u1ecf voi, th\u00e2n c\u00e2y ng\u00f4 .. \u1edf d\u1ea1ng c\u1ecf t\u01b0\u01a1i v\u00e0 c\u1ecf kh\u00f4<\/li>\n<li>Nghi\u1ec1n c\u00e1c lo\u1ea1i n\u00f4ng s\u1ea3n kh\u00f4: ng\u00f4 h\u1ea1t, th\u00f3c tr\u1ea5u, h\u1ea1t \u0111\u1ed7&#8230;<\/li>\n<\/ul>\n<p><img loading=\"lazy\" decoding=\"async\" class=\"aligncenter wp-image-8681 size-full\" src=\"https:\/\/congtybinhminh.com\/wp-content\/uploads\/2023\/08\/may-nghien-thuc-an-chan-nuoi_result222.webp\" alt=\"may-nghien-thuc-an-chan-nuoi_result222\" width=\"800\" height=\"698\" srcset=\"https:\/\/congtybinhminh.com\/wp-content\/uploads\/2023\/08\/may-nghien-thuc-an-chan-nuoi_result222.webp 800w, https:\/\/congtybinhminh.com\/wp-content\/uploads\/2023\/08\/may-nghien-thuc-an-chan-nuoi_result222-510x445.webp 510w, https:\/\/congtybinhminh.com\/wp-content\/uploads\/2023\/08\/may-nghien-thuc-an-chan-nuoi_result222-458x400.webp 458w, https:\/\/congtybinhminh.com\/wp-content\/uploads\/2023\/08\/may-nghien-thuc-an-chan-nuoi_result222-768x670.webp 768w\" sizes=\"auto, (max-width: 800px) 100vw, 800px\" \/><\/p>\n<p>Th\u00e0nh ph\u1ea9m sau khi nghi\u1ec1n c\u00f3 th\u1ec3 cho v\u1eadt nu\u00f4i d\u00f9ng ngay ho\u1eb7c \u1ee7 chua, ho\u1eb7c cho v\u00e0o<strong><a href=\"https:\/\/congtybinhminh.com\/sp\/may-ep-cam-vien-s160-3l\/\"> m\u00e1y \u00e9p c\u00e1m<\/a><\/strong> t\u1ea1o th\u00e0nh vi\u00ean d\u00f9ng d\u1ea7n<\/p>\n<h2><strong>M\u00e1y b\u0103m nghi\u1ec1n c\u1ecf C300 mang t\u1edbi nh\u1eefng gi\u1ea3i ph\u00e1p g\u00ec cho b\u1ea1n ?<\/strong><\/h2>\n<p>M\u00e1y b\u0103m c\u1ecf th\u01b0\u1eddng \u0111\u01b0\u1ee3c s\u1eed d\u1ee5ng \u1edf c\u00e1c h\u1ed9 gia \u0111\u00ecnh, c\u00e1c trang tr\u1ea1i ch\u0103n nu\u00f4i \u0111\u1ec3 l\u00e0m th\u1ee9c \u0103n cho gia s\u00fac &#8211; gia c\u1ea7m<\/p>\n<p><img loading=\"lazy\" decoding=\"async\" class=\"aligncenter wp-image-8679 size-full\" src=\"https:\/\/congtybinhminh.com\/wp-content\/uploads\/2023\/08\/may-nghien-co-kho_result222.webp\" alt=\"may-nghien-co-kho_result222\" width=\"800\" height=\"600\" srcset=\"https:\/\/congtybinhminh.com\/wp-content\/uploads\/2023\/08\/may-nghien-co-kho_result222.webp 800w, https:\/\/congtybinhminh.com\/wp-content\/uploads\/2023\/08\/may-nghien-co-kho_result222-510x383.webp 510w, https:\/\/congtybinhminh.com\/wp-content\/uploads\/2023\/08\/may-nghien-co-kho_result222-533x400.webp 533w, https:\/\/congtybinhminh.com\/wp-content\/uploads\/2023\/08\/may-nghien-co-kho_result222-768x576.webp 768w\" sizes=\"auto, (max-width: 800px) 100vw, 800px\" \/><\/p>\n<p>Mang l\u1ea1i gi\u1ea3i ph\u00e1p t\u1ed1i \u01b0u h\u00f3a t\u00e0i nguy\u00ean &#8211; gi\u00fap t\u1eadn d\u1ee5ng t\u1ed1i \u0111a t\u00e0i nguy\u00ean t\u1eeb c\u1ecf<\/p>\n<ul>\n<li>Ch\u1ebf bi\u1ebfn th\u1ee9c \u0103n cho l\u1ee3n, g\u00e0, v\u1ecbt, b\u00f2.. d\u1ec5 d\u00e0ng<\/li>\n<li>Ti\u1ebft ki\u1ec7m th\u1eddi gian v\u00e0 c\u00f4ng s\u1ee9c m\u00e0 v\u1eabn \u0111\u1ea3m b\u1ea3o n\u0103ng su\u1ea5t<\/li>\n<li>Gi\u00fap v\u1eadt nu\u00f4i d\u1ec5 \u0103n &#8211; d\u1ec5 h\u1ea5p th\u1ee5<\/li>\n<li>Ph\u1ed1i tr\u1ed9n \u0111a d\u1ea1ng th\u1ee9c \u0103n<\/li>\n<li>T\u1eadn d\u1ee5ng nguy\u00ean li\u1ec7u s\u1eb5n c\u00f3, ti\u1ebft ki\u1ec7m h\u01a1n 40% chi ph\u00ed ch\u0103n nu\u00f4i<\/li>\n<\/ul>\n<h2><strong>C\u1ea5u t\u1ea1o m\u00e1y b\u0103m nghi\u1ec1n c\u1ecf C300<\/strong><\/h2>\n<h3><strong>Khung m\u00e1y ch\u1eafc ch\u1eafn<\/strong><\/h3>\n<p>V\u1edbi \u01b0u th\u1ebf nh\u1ecf g\u1ecdn, k\u1ebft h\u1ee3p ch\u00e2n m\u00e1y l\u1eafp \u0111\u1eb7t 4 b\u00e1nh xe thu\u1eadn ti\u1ec7n di chuy\u1ec3n \u0111\u1eb7t \u1edf m\u1ecdi v\u1ecb tr\u00ed m\u00e0 kh\u00f4ng chi\u1ebfm nhi\u1ec1u di\u1ec7n t\u00edch<\/p>\n<p><img loading=\"lazy\" decoding=\"async\" class=\"aligncenter wp-image-8665 size-full\" src=\"https:\/\/congtybinhminh.com\/wp-content\/uploads\/2023\/08\/cau-tao-may-bam-co_result222.webp\" alt=\"cau-tao-may-bam-co_result222\" width=\"800\" height=\"1034\" srcset=\"https:\/\/congtybinhminh.com\/wp-content\/uploads\/2023\/08\/cau-tao-may-bam-co_result222.webp 800w, https:\/\/congtybinhminh.com\/wp-content\/uploads\/2023\/08\/cau-tao-may-bam-co_result222-510x659.webp 510w, https:\/\/congtybinhminh.com\/wp-content\/uploads\/2023\/08\/cau-tao-may-bam-co_result222-309x400.webp 309w, https:\/\/congtybinhminh.com\/wp-content\/uploads\/2023\/08\/cau-tao-may-bam-co_result222-619x800.webp 619w, https:\/\/congtybinhminh.com\/wp-content\/uploads\/2023\/08\/cau-tao-may-bam-co_result222-768x993.webp 768w\" sizes=\"auto, (max-width: 800px) 100vw, 800px\" \/><\/p>\n<p>Ph\u1ea7n khung m\u00e1y \u0111\u01b0\u1ee3c h\u00e0n g\u1eafn ch\u1eafc ch\u1eafn kh\u00f4ng g\u00e2y rung l\u1eafc trong qu\u00e1 tr\u00ecnh b\u0103m nghi\u1ec1n<\/p>\n<h3><strong>Toa n\u1ea1p nguy\u00ean li\u1ec7u<\/strong><\/h3>\n<p>Ph\u1ea7n toa n\u1ea1p c\u1ee7a m\u00e1y \u0111\u01b0\u1ee3c thi\u1ebft k\u1ebf g\u1ed3m 2 c\u1eeda ri\u00eang bi\u1ec7t: toa nghi\u1ec1n c\u1ecf &#8211; toa nghi\u1ec1n b\u1ed9t c\u00e1m<\/p>\n<p><strong>Toa nghi\u1ec1n c\u1ecf<\/strong><\/p>\n<p><img loading=\"lazy\" decoding=\"async\" class=\"aligncenter wp-image-8666 size-full\" src=\"https:\/\/congtybinhminh.com\/wp-content\/uploads\/2023\/08\/toa-nap-bam-co_result222.webp\" alt=\"toa-nap-bam-co_result222\" width=\"800\" height=\"453\" srcset=\"https:\/\/congtybinhminh.com\/wp-content\/uploads\/2023\/08\/toa-nap-bam-co_result222.webp 800w, https:\/\/congtybinhminh.com\/wp-content\/uploads\/2023\/08\/toa-nap-bam-co_result222-510x289.webp 510w, https:\/\/congtybinhminh.com\/wp-content\/uploads\/2023\/08\/toa-nap-bam-co_result222-706x400.webp 706w, https:\/\/congtybinhminh.com\/wp-content\/uploads\/2023\/08\/toa-nap-bam-co_result222-768x435.webp 768w\" sizes=\"auto, (max-width: 800px) 100vw, 800px\" \/><\/p>\n<ul>\n<li>Thi\u1ebft k\u1ebf d\u1ea1ng m\u00e1ng d\u00e0i, n\u1eb1m ngang cao v\u1eeba t\u1ea7m ng\u01b0\u1eddi d\u00f9ng<\/li>\n<li>\u0110\u01b0\u1ee3c d\u00f9ng \u0111\u1ec3 b\u0103m c\u1ecf nh\u01b0: c\u1ecf voi, c\u1ecf x\u1ea3. th\u00e2n c\u00e2y ng\u00f4..<\/li>\n<\/ul>\n<p><strong>Toa nghi\u1ec1n b\u1ed9t c\u00e1m<\/strong><\/p>\n<ul>\n<li>Thi\u1ebft k\u1ebf d\u1ea1ng ph\u1ec5u \u0111\u1ee9ng, mi\u1ec7ng r\u1ed9ng c\u00f3 th\u1ec3 ch\u1ee9a nhi\u1ec1u nguy\u00ean li\u1ec7u h\u01a1n m\u00e0 kh\u00f4ng s\u1ee3 v\u01b0\u01a1ng b\u1eafn ra ngo\u00e0i<\/li>\n<li>\u0110\u01b0\u1ee3c d\u00f9ng \u0111\u1ec3 nghi\u1ec1n n\u00f4ng ph\u1ea9m kh\u00f4 nh\u01b0: ng\u00f4 h\u1ea1t, th\u00f3c tr\u1ea5u..<\/li>\n<\/ul>\n<p><img loading=\"lazy\" decoding=\"async\" class=\"aligncenter wp-image-8667 size-full\" src=\"https:\/\/congtybinhminh.com\/wp-content\/uploads\/2023\/08\/toa-nap-nghien_result222.webp\" alt=\"toa-nap-nghien_result222\" width=\"800\" height=\"533\" srcset=\"https:\/\/congtybinhminh.com\/wp-content\/uploads\/2023\/08\/toa-nap-nghien_result222.webp 800w, https:\/\/congtybinhminh.com\/wp-content\/uploads\/2023\/08\/toa-nap-nghien_result222-510x340.webp 510w, https:\/\/congtybinhminh.com\/wp-content\/uploads\/2023\/08\/toa-nap-nghien_result222-600x400.webp 600w, https:\/\/congtybinhminh.com\/wp-content\/uploads\/2023\/08\/toa-nap-nghien_result222-768x512.webp 768w\" sizes=\"auto, (max-width: 800px) 100vw, 800px\" \/><\/p>\n<p>Tr\u00ean m\u1ed7i toa n\u1ea1p c\u1ee7a m\u00e1y \u0111\u1ec1u c\u00f3 t\u1ea5m 1 t\u1ea5m ch\u1eafn \u0111\u1ec3 \u0111i\u1ec1u ch\u1ec9nh l\u01b0\u1ee3ng nguy\u00ean li\u1ec7u khi nghi\u1ec1n. Tr\u00e1nh tr\u01b0\u1eddng h\u1ee3p ng\u01b0\u1eddi d\u00f9ng b\u00f3n qu\u00e1 nhi\u1ec1u l\u00e0m ngh\u1eb9n &#8211; t\u1eafc m\u00e1y:<\/p>\n<ul>\n<li>M\u1edf r\u1ed9ng t\u1ea5m ch\u1eafn: n\u1ebfu mu\u1ed1n cho nhi\u1ec1u nguy\u00ean li\u1ec7u<\/li>\n<li>M\u1edf nh\u1ecf t\u1ea5m ch\u1eafn: n\u1ebfu mu\u1ed1n cho \u00edt nguy\u00ean li\u1ec7u<\/li>\n<\/ul>\n<h3><strong>H\u1ec7 th\u1ed1ng dao b\u0103m c\u1ecf<\/strong><\/h3>\n<p>B\u00ean trong h\u1ec7 th\u1ed1ng bu\u1ed3ng l\u00e0m vi\u1ec7c c\u1ee7a m\u00e1y nghi\u1ec1n c\u1ecf bao g\u1ed3m:<\/p>\n<ul>\n<li>6 l\u01b0\u1ee1i dao b\u0103m tr\u00ean \u0111\u0129a xoay b\u0103m nh\u1ecf nguy\u00ean li\u1ec7u<\/li>\n<li>8 \u0111\u0129a dao nghi\u1ec1n l\u01b0\u1ee1i b\u00e1nh r\u0103ng k\u1ebft h\u1ee3p v\u1edbi c\u00e1c b\u00faa \u0111\u1eadp nghi\u1ec1n nh\u1ecf nguy\u00ean li\u1ec7u v\u1edbi b\u1ed9 m\u1eb7t s\u00e0ng l\u1eafp trong m\u00e1y<\/li>\n<\/ul>\n<p><img loading=\"lazy\" decoding=\"async\" class=\"aligncenter wp-image-8668 size-full\" src=\"https:\/\/congtybinhminh.com\/wp-content\/uploads\/2023\/08\/dao-bam-co_result222.webp\" alt=\"dao-bam-co_result222\" width=\"800\" height=\"1057\" srcset=\"https:\/\/congtybinhminh.com\/wp-content\/uploads\/2023\/08\/dao-bam-co_result222.webp 800w, https:\/\/congtybinhminh.com\/wp-content\/uploads\/2023\/08\/dao-bam-co_result222-510x674.webp 510w, https:\/\/congtybinhminh.com\/wp-content\/uploads\/2023\/08\/dao-bam-co_result222-303x400.webp 303w, https:\/\/congtybinhminh.com\/wp-content\/uploads\/2023\/08\/dao-bam-co_result222-605x800.webp 605w, https:\/\/congtybinhminh.com\/wp-content\/uploads\/2023\/08\/dao-bam-co_result222-768x1015.webp 768w\" sizes=\"auto, (max-width: 800px) 100vw, 800px\" \/><\/p>\n<p>T\u00f9y nguy\u00ean li\u1ec7u b\u0103m, m\u00e0 b\u1ea1n l\u1ef1a ch\u1ecdn m\u1eb7t s\u00e0ng l\u1ed7 v\u00e0 s\u00e0ng k\u00edn l\u1eafp trong m\u00e1y<\/p>\n<h3><strong>C\u1eeda x\u1ea3 th\u00e0nh ph\u1ea9m<\/strong><\/h3>\n<p>T\u01b0\u01a1ng t\u1ef1 v\u1edbi v\u1edbi 2 toa n\u1ea1p th\u00ec m\u00e1y c\u0169ng \u0111\u01b0\u1ee3c thi\u1ebft 2 c\u1eeda x\u1ea3 ri\u00eang<\/p>\n<p><strong>C\u1eeda x\u1ea3 tr\u00ean<\/strong><\/p>\n<p><img loading=\"lazy\" decoding=\"async\" class=\"aligncenter wp-image-8670 size-full\" src=\"https:\/\/congtybinhminh.com\/wp-content\/uploads\/2023\/08\/cua-xa-co_result222.webp\" alt=\"cua-xa-co_result222\" width=\"800\" height=\"533\" srcset=\"https:\/\/congtybinhminh.com\/wp-content\/uploads\/2023\/08\/cua-xa-co_result222.webp 800w, https:\/\/congtybinhminh.com\/wp-content\/uploads\/2023\/08\/cua-xa-co_result222-510x340.webp 510w, https:\/\/congtybinhminh.com\/wp-content\/uploads\/2023\/08\/cua-xa-co_result222-600x400.webp 600w, https:\/\/congtybinhminh.com\/wp-content\/uploads\/2023\/08\/cua-xa-co_result222-768x512.webp 768w\" sizes=\"auto, (max-width: 800px) 100vw, 800px\" \/><\/p>\n<ul>\n<li>D\u00f9ng \u0111\u1ec3 x\u1ea3 th\u00e0nh ph\u1ea9m c\u1ecf ngay khi \u0111\u01b0\u1ee3c b\u0103m nh\u1ecf<\/li>\n<li>C\u1eeda c\u00f3 t\u1ea5m ch\u1eafn thu\u1eadn ti\u1ec7n \u0111i\u1ec1u ch\u1ec9nh h\u01b0\u1edbng phun, m\u1edf t\u1ea5m ch\u1eafn thu\u1eadn ti\u1ec7n \u0111i\u1ec1u ch\u1ec9nh h\u01b0\u1edbng phun, m\u1edf t\u1ea5m ch\u1eafn n\u1ebfu mu\u1ed1n c\u1ecf phun xa v\u00e0 ng\u01b0\u1ee3c l\u1ea1i<\/li>\n<\/ul>\n<p><strong>C\u1eeda x\u1ea3 d\u01b0\u1edbi<\/strong><\/p>\n<p><img loading=\"lazy\" decoding=\"async\" class=\"aligncenter wp-image-8669 size-full\" src=\"https:\/\/congtybinhminh.com\/wp-content\/uploads\/2023\/08\/cua-xa-nghien_result222.webp\" alt=\"cua-xa-nghien_result222\" width=\"800\" height=\"533\" srcset=\"https:\/\/congtybinhminh.com\/wp-content\/uploads\/2023\/08\/cua-xa-nghien_result222.webp 800w, https:\/\/congtybinhminh.com\/wp-content\/uploads\/2023\/08\/cua-xa-nghien_result222-510x340.webp 510w, https:\/\/congtybinhminh.com\/wp-content\/uploads\/2023\/08\/cua-xa-nghien_result222-600x400.webp 600w, https:\/\/congtybinhminh.com\/wp-content\/uploads\/2023\/08\/cua-xa-nghien_result222-768x512.webp 768w\" sizes=\"auto, (max-width: 800px) 100vw, 800px\" \/><\/p>\n<ul>\n<li>N\u1eb1m \u1edf v\u1ecb tr\u00ed ph\u00eda d\u01b0\u1edbi, mi\u1ec7ng r\u1ed9ng d\u00f9ng \u0111\u1ec3 x\u1ea3 th\u00e0nh ph\u1ea9m d\u1ea1ng b\u1ed9t c\u00e1m<\/li>\n<li>Ng\u01b0\u1eddi d\u00f9ng ch\u1ec9 c\u1ea7n \u0111\u1eb7t ch\u1eadu ( x\u00f4) d\u01b0\u1edbi c\u1eeda x\u1ea3 \u0111\u1ec3 thu gom th\u00e0nh ph\u1ea9m<\/li>\n<\/ul>\n<h3><strong>Cho n\u0103ng su\u1ea5t cao<\/strong><\/h3>\n<p>S\u1eed d\u1ee5ng \u0111\u1ed9ng c\u01a1 3,5kw ngu\u1ed3n \u0111i\u1ec7n 1 pha 220V motor l\u00f5i d\u00e2y \u0111\u1ed3ng 100% cho n\u0103ng su\u1ea5t cao:<\/p>\n<p><img loading=\"lazy\" decoding=\"async\" class=\"aligncenter wp-image-8671 size-full\" src=\"https:\/\/congtybinhminh.com\/wp-content\/uploads\/2023\/08\/nghien-co-kho_result222.webp\" alt=\"nghien-co-kho_result222\" width=\"800\" height=\"776\" srcset=\"https:\/\/congtybinhminh.com\/wp-content\/uploads\/2023\/08\/nghien-co-kho_result222.webp 800w, https:\/\/congtybinhminh.com\/wp-content\/uploads\/2023\/08\/nghien-co-kho_result222-510x495.webp 510w, https:\/\/congtybinhminh.com\/wp-content\/uploads\/2023\/08\/nghien-co-kho_result222-412x400.webp 412w, https:\/\/congtybinhminh.com\/wp-content\/uploads\/2023\/08\/nghien-co-kho_result222-768x745.webp 768w\" sizes=\"auto, (max-width: 800px) 100vw, 800px\" \/><\/p>\n<ul>\n<li>\u0110\u1ed1i v\u1edbi nguy\u00ean li\u1ec7u d\u1ea1ng c\u1ecf cho n\u0103ng su\u1ea5t kho\u1ea3ng 100 &#8211; 200 kg\/gi\u1edd<\/li>\n<\/ul>\n<p><img loading=\"lazy\" decoding=\"async\" class=\"aligncenter wp-image-8672 size-full\" src=\"https:\/\/congtybinhminh.com\/wp-content\/uploads\/2023\/08\/nghien-ngo_result222.webp\" alt=\"nghien-ngo_result222\" width=\"800\" height=\"533\" srcset=\"https:\/\/congtybinhminh.com\/wp-content\/uploads\/2023\/08\/nghien-ngo_result222.webp 800w, https:\/\/congtybinhminh.com\/wp-content\/uploads\/2023\/08\/nghien-ngo_result222-510x340.webp 510w, https:\/\/congtybinhminh.com\/wp-content\/uploads\/2023\/08\/nghien-ngo_result222-600x400.webp 600w, https:\/\/congtybinhminh.com\/wp-content\/uploads\/2023\/08\/nghien-ngo_result222-768x512.webp 768w\" sizes=\"auto, (max-width: 800px) 100vw, 800px\" \/><\/p>\n<ul>\n<li>\u0110\u1ed1i v\u1edbi nguy\u00ean li\u1ec7u n\u00f4ng s\u1ea3n kh\u00f4 cho n\u0103ng su\u1ea5t kho\u1ea3ng: 200 &#8211; 300 kg\/gi\u1edd<\/li>\n<\/ul>\n<h2><strong>L\u00fd do b\u1ea1n n\u00ean mua m\u00e1y b\u0103m nghi\u1ec1n c\u1ecf C300<\/strong><\/h2>\n<p>C\u00f4ng ty B\u00ecnh Minh t\u1ef1 h\u00e0o l\u00e0 \u0111\u01a1n v\u1ecb chuy\u00ean s\u1ea3n xu\u1ea5t v\u00e0 cung c\u1ea5p m\u00e1y n\u00f4ng nghi\u1ec7p s\u1ed1 1 Vi\u1ec7t Nam v\u1edbi h\u01a1n 30 n\u0103m kinh nghi\u1ec7m v\u00e0 ph\u00e1t tri\u1ec3n trong l\u0129nh v\u1ef1c c\u01a1 kh\u00ed<\/p>\n<p><img loading=\"lazy\" decoding=\"async\" class=\"aligncenter wp-image-8680 size-full\" src=\"https:\/\/congtybinhminh.com\/wp-content\/uploads\/2023\/08\/may-nghien-ngo_result222.webp\" alt=\"may-nghien-ngo_result222\" width=\"800\" height=\"600\" srcset=\"https:\/\/congtybinhminh.com\/wp-content\/uploads\/2023\/08\/may-nghien-ngo_result222.webp 800w, https:\/\/congtybinhminh.com\/wp-content\/uploads\/2023\/08\/may-nghien-ngo_result222-510x383.webp 510w, https:\/\/congtybinhminh.com\/wp-content\/uploads\/2023\/08\/may-nghien-ngo_result222-533x400.webp 533w, https:\/\/congtybinhminh.com\/wp-content\/uploads\/2023\/08\/may-nghien-ngo_result222-768x576.webp 768w\" sizes=\"auto, (max-width: 800px) 100vw, 800px\" \/><\/p>\n<p>V\u1edbi trang thi\u1ebft b\u1ecb hi\u1ec7n \u0111\u1ea1i &#8211; \u0111\u1ed9i ng\u0169 k\u1ef9 thu\u1eadt tr\u00ecnh \u0111\u1ed9 cao. Ch\u00fang t\u00f4i cam k\u1ebft mang \u0111\u1ebfn cho b\u1ea1n nh\u1eefng s\u1ea3n ph\u1ea9m CH\u00cdNH H\u00c3NG &#8211; CH\u1ea4T L\u01af\u1ee2NG &#8211; GI\u00c1 TH\u00c0NH T\u1ed0T NH\u1ea4T &#8211; D\u1ecaCH V\u1ee4 CHU \u0110\u00c1O NH\u1ea4T<\/p>\n<p>B\u1ea3o h\u00e0nh m\u00e1y 06 th\u00e1ng, sau b\u1ea3o h\u00e0nh \u0111\u1ed9i k\u1ef9 thu\u1eadt v\u1eabn s\u1ebd h\u1ed7 tr\u1ee3 t\u01b0 v\u1ea5n t\u01b0 v\u1ea5n k\u1ef9 thu\u1eadt s\u1eed d\u1ee5ng tr\u1ecdn \u0111\u1eddi m\u00e1y<\/p>\n<h2><strong>L\u00e0m sao \u0111\u1ec3 \u0111\u1eb7t mua h\u00e0ng ch\u00ednh h\u00e3ng<\/strong><\/h2>\n<p>\u0110\u1ec3 \u0111\u1eb7t mua h\u00e0ng ch\u00ednh h\u00e3ng, b\u00e0 con c\u00f3 th\u1ec3 \u0111\u1ebfn tr\u1ee5 s\u1edf g\u1ea7n nh\u1ea5t c\u1ee7a c\u00f4ng ty \u0111\u1ec3 xem v\u00e0 \u0111\u1eb7t mua h\u00e0ng:<\/p>\n<p><img loading=\"lazy\" decoding=\"async\" class=\"aligncenter wp-image-8673 size-full\" src=\"https:\/\/congtybinhminh.com\/wp-content\/uploads\/2023\/08\/dia-chi-mua-may-bam-co_result222.webp\" alt=\"dia-chi-mua-may-bam-co_result222\" width=\"800\" height=\"1011\" srcset=\"https:\/\/congtybinhminh.com\/wp-content\/uploads\/2023\/08\/dia-chi-mua-may-bam-co_result222.webp 800w, https:\/\/congtybinhminh.com\/wp-content\/uploads\/2023\/08\/dia-chi-mua-may-bam-co_result222-510x645.webp 510w, https:\/\/congtybinhminh.com\/wp-content\/uploads\/2023\/08\/dia-chi-mua-may-bam-co_result222-317x400.webp 317w, https:\/\/congtybinhminh.com\/wp-content\/uploads\/2023\/08\/dia-chi-mua-may-bam-co_result222-633x800.webp 633w, https:\/\/congtybinhminh.com\/wp-content\/uploads\/2023\/08\/dia-chi-mua-may-bam-co_result222-768x971.webp 768w\" sizes=\"auto, (max-width: 800px) 100vw, 800px\" \/><\/p>\n<ul>\n<li>Tr\u1ee5 s\u1edf ch\u00ednh: khu c\u00f4ng nghi\u1ec7p Ph\u00fa Th\u1ecbnh &#8211; Tx S\u01a1n T\u00e2y &#8211; H\u00e0 N\u1ed9i<\/li>\n<li>Chi nh\u00e1nh 1: kv11 &#8211; P. H\u01b0ng Ph\u00fa &#8211; Q. C\u00e1i R\u0103ng &#8211; Tp C\u1ea7n Th\u01a1<\/li>\n<li>Chi nh\u00e1nh 2: x\u00e3 T\u00e2n Ki\u00ean &#8211; H. B\u00ecnh Ch\u00e1nh &#8211; TP. H\u1ed3 Ch\u00ed Minh<\/li>\n<\/ul>\n<p>Khi \u0111\u1ebfn \u0111\u00e2y, b\u00e0 con c\u00f3 th\u1ec3 tr\u1ea3i nghi\u1ec7m v\u1eadn h\u00e0nh m\u00e1y d\u01b0\u1edbi s\u1ef1 h\u01b0\u1edbng d\u1eabn c\u1ee7a \u0111\u1ed9i ng\u0169 k\u1ef9 thu\u1eadt<\/p>\n<p>\u0110\u1ed1i v\u1edbi b\u00e0 con \u1edf xa, c\u00f3 th\u1ec3 li\u00ean h\u1ec7 t\u1edbi s\u1ed1 \u0111i\u1ec7n tho\u1ea1i Hotline tr\u00ean website ho\u1eb7c \u0111\u1ec3 l\u1ea1i l\u1eddi nh\u1eafn ph\u1ea7n &#8221; B\u00ecnh Lu\u1eadn&#8221; \u0111\u1ed9i ng\u0169 t\u01b0 v\u1ea5n s\u1ebd li\u00ean h\u1ec7 t\u1edbi b\u00e0 con trong th\u1eddi gian s\u1edbm nh\u1ea5t<\/p>\n<p><strong>Th\u00f4ng s\u1ed1 k\u1ef9 thu\u1eadt\u00a0<\/strong><\/p>\n<table border=\"1\" cellspacing=\"1\" cellpadding=\"1\">\n<tbody>\n<tr>\n<td colspan=\"1\" rowspan=\"3\">\u0110\u1ed9ng c\u01a1<\/td>\n<td>C\u00f4ng su\u1ea5t \u0111\u1ed9ng c\u01a1<\/td>\n<td>3.5kw<\/td>\n<\/tr>\n<tr>\n<td>Ngu\u1ed3n \u0111i\u1ec7n<\/td>\n<td>220V<\/td>\n<\/tr>\n<tr>\n<td>T\u1ed1c \u0111\u1ed9<\/td>\n<td>2900 v\/p<\/td>\n<\/tr>\n<tr>\n<td colspan=\"1\" rowspan=\"2\">B\u1ea3o h\u00e0nh<\/td>\n<td>K\u1ef9 thu\u1eadt<\/td>\n<td>06 th\u00e1ng<\/td>\n<\/tr>\n<tr>\n<td>\u0110\u1ed9ng c\u01a1<\/td>\n<td>Theo t\u1eebng h\u00e3ng s\u1ea3n xu\u1ea5t<\/td>\n<\/tr>\n<tr>\n<td>N\u0103ng su\u1ea5t<\/td>\n<td colspan=\"2\" rowspan=\"1\">Nghi\u1ec1n c\u1ecf: 100 &#8211; 200 kg\/gi\u1edd<\/p>\n<p>Nghi\u1ec1n ng\u00f4: 200 &#8211; 300 kg\/gi\u1edd<\/td>\n<\/tr>\n<tr>\n<td>K\u00edch th\u01b0\u1edbc\u00a0 (d*c*r)<\/td>\n<td colspan=\"2\" rowspan=\"1\">95*106*55 cm<\/td>\n<\/tr>\n<tr>\n<td>H\u00ecnh th\u1ee9c thanh to\u00e1n<\/td>\n<td colspan=\"2\" rowspan=\"1\">Ti\u1ec1n m\u1eb7t ho\u1eb7c chuy\u1ec3n kho\u1ea3n<\/td>\n<\/tr>\n<\/tbody>\n<\/table>\n<p>&nbsp;<\/p>\n","protected":false},"excerpt":{"rendered":"<ul>\n<li><strong>H\u00e3ng s\u1ea3n xu\u1ea5t:<\/strong> B\u00ecnh Minh<\/li>\n<li><strong>C\u00f4ng su\u1ea5t \u0111\u1ed9ng c\u01a1:\u00a0<\/strong>3,5kw<\/li>\n<li><strong>T\u1ed1c \u0111\u1ed9:<\/strong>\u00a02900v\/p<\/li>\n<li><strong>Ngu\u1ed3n \u0111i\u1ec7n:<\/strong>\u00a0220V<\/li>\n<li><strong>K\u00edch th\u01b0\u1edbc (d*c*r):<\/strong>\u00a095*106*55 cm<\/li>\n<li><strong>T\u00ednh n\u0103ng:<\/strong>\u00a0m\u00e1y\u00a0&#8221; b\u0103m nghi\u1ec1n\u00a0c\u1ecf &#8211; nghi\u1ec1n ng\u00f4 th\u00e0nh b\u1ed9t c\u00e1m&#8221; l\u00e0m th\u1ee9c \u0103n cho gia s\u00fac &#8211; gia c\u1ea7m<\/li>\n<\/ul>\n","protected":false},"featured_media":8674,"comment_status":"closed","ping_status":"closed","template":"","meta":[],"product_brand":[],"product_cat":[40],"product_tag":[],"class_list":{"0":"post-8662","1":"product","2":"type-product","3":"status-publish","4":"has-post-thumbnail","6":"product_cat-may-bam-co","8":"first","9":"instock","10":"shipping-taxable","11":"product-type-simple"},"_links":{"self":[{"href":"https:\/\/congtybinhminh.com\/index.php?rest_route=\/wp\/v2\/product\/8662","targetHints":{"allow":["GET"]}}],"collection":[{"href":"https:\/\/congtybinhminh.com\/index.php?rest_route=\/wp\/v2\/product"}],"about":[{"href":"https:\/\/congtybinhminh.com\/index.php?rest_route=\/wp\/v2\/types\/product"}],"replies":[{"embeddable":true,"href":"https:\/\/congtybinhminh.com\/index.php?rest_route=%2Fwp%2Fv2%2Fcomments&post=8662"}],"wp:featuredmedia":[{"embeddable":true,"href":"https:\/\/congtybinhminh.com\/index.php?rest_route=\/wp\/v2\/media\/8674"}],"wp:attachment":[{"href":"https:\/\/congtybinhminh.com\/index.php?rest_route=%2Fwp%2Fv2%2Fmedia&parent=8662"}],"wp:term":[{"taxonomy":"product_brand","embeddable":true,"href":"https:\/\/congtybinhminh.com\/index.php?rest_route=%2Fwp%2Fv2%2Fproduct_brand&post=8662"},{"taxonomy":"product_cat","embeddable":true,"href":"https:\/\/congtybinhminh.com\/index.php?rest_route=%2Fwp%2Fv2%2Fproduct_cat&post=8662"},{"taxonomy":"product_tag","embeddable":true,"href":"https:\/\/congtybinhminh.com\/index.php?rest_route=%2Fwp%2Fv2%2Fproduct_tag&post=8662"}],"curies":[{"name":"wp","href":"https:\/\/api.w.org\/{rel}","templated":true}]}}