{"id":8645,"date":"2023-08-20T16:42:15","date_gmt":"2023-08-20T09:42:15","guid":{"rendered":"https:\/\/congtybinhminh.com\/?post_type=product&#038;p=8645"},"modified":"2024-01-24T16:56:14","modified_gmt":"2024-01-24T09:56:14","slug":"may-ep-cam-vien-s160-3l","status":"publish","type":"product","link":"https:\/\/congtybinhminh.com\/?product=may-ep-cam-vien-s160-3l","title":{"rendered":"M\u00e1y \u00e9p c\u00e1m vi\u00ean S160-3L"},"content":{"rendered":"<h2><strong>Video m\u00e1y ho\u1ea1t \u0111\u1ed9ng<\/strong><\/h2>\n<p><iframe loading=\"lazy\" title=\"\u1ee8ng D\u1ee5ng Th\u1ef1c Ti\u1ec5n M\u00e1y \u00c9p C\u00e1m Vi\u00ean 1 Pha 3 Qu\u1ea3 L\u00f4 S160 Trong Ch\u0103n Nu\u00f4i G\u00e0 Gi\u00e1 R\u1ebb\" width=\"1020\" height=\"574\" src=\"https:\/\/www.youtube.com\/embed\/YdXrfOut_r8?feature=oembed\" frameborder=\"0\" allow=\"accelerometer; autoplay; clipboard-write; encrypted-media; gyroscope; picture-in-picture; web-share\" allowfullscreen><\/iframe><\/p>\n<h2 id=\"ftoc-heading-2\" class=\"ftwp-heading\"><strong>Gi\u1edbi thi\u1ec7u chung v\u1ec1 m\u00e1y \u00e9p c\u00e1m vi\u00ean S160-3L<\/strong><\/h2>\n<p>M\u00e1y \u00e9p c\u00e1m vi\u00ean S160-3L do c\u00f4ng ty B\u00ecnh Minh s\u00e1ng ch\u1ebf v\u00e0 ph\u00e1t tri\u1ec3n, l\u00e0 thi\u1ebft b\u1ecb d\u00e0nh ri\u00eang cho c\u00e1c h\u1ed9 ch\u0103n nu\u00f4i gia \u0111\u00ecnh. M\u00e1y c\u00f3 t\u00ednh n\u0103ng nghi\u1ec1n &#8211; \u00e9p c\u00e1c lo\u1ea1i nguy\u00ean li\u1ec7u nh\u01b0 b\u1ed9t c\u00e1m, n\u00f4ng s\u1ea3n, ph\u1ee5 ph\u1ea9m,&#8230; th\u00e0nh vi\u00ean c\u00e1m l\u00e0m th\u1ee9c \u0103n cho l\u1ee3n, g\u00e0, ngan, v\u1ecbt,&#8230;<\/p>\n<figure id=\"attachment_8652\" aria-describedby=\"caption-attachment-8652\" style=\"width: 800px\" class=\"wp-caption aligncenter\"><img loading=\"lazy\" decoding=\"async\" class=\"size-full wp-image-8652\" src=\"https:\/\/congtybinhminh.com\/wp-content\/uploads\/2023\/08\/may-ep-cam-vien-s160-3l.webp\" alt=\"may-ep-cam-vien-s160-3l\" width=\"800\" height=\"451\" srcset=\"https:\/\/congtybinhminh.com\/wp-content\/uploads\/2023\/08\/may-ep-cam-vien-s160-3l.webp 800w, https:\/\/congtybinhminh.com\/wp-content\/uploads\/2023\/08\/may-ep-cam-vien-s160-3l-510x288.webp 510w, https:\/\/congtybinhminh.com\/wp-content\/uploads\/2023\/08\/may-ep-cam-vien-s160-3l-710x400.webp 710w, https:\/\/congtybinhminh.com\/wp-content\/uploads\/2023\/08\/may-ep-cam-vien-s160-3l-768x433.webp 768w\" sizes=\"auto, (max-width: 800px) 100vw, 800px\" \/><figcaption id=\"caption-attachment-8652\" class=\"wp-caption-text\">M\u00e1y \u00e9p c\u00e1m vi\u00ean S160-3L<\/figcaption><\/figure>\n<p>\u0110\u00e2y l\u00e0 d\u00f2ng m\u00e1y h\u1ed7 tr\u1ee3 b\u00e0 con t\u1eadn d\u1ee5ng ngu\u1ed3n nguy\u00ean li\u1ec7u gi\u00e1 r\u1ebb s\u1eb5n c\u00f3, v\u1eeba ti\u1ebft ki\u1ec7m th\u1eddi gian, chi ph\u00ed, \u0111\u1ed3ng th\u1eddi cung c\u1ea5p \u0111\u1ea7y \u0111\u1ee7 dinh d\u01b0\u1ee1ng gi\u00fap v\u1eadt nu\u00f4i mau l\u1edbn, kh\u1ecfe m\u1ea1nh.<\/p>\n<h2 id=\"ftoc-heading-3\" class=\"ftwp-heading\"><strong>M\u00e1y \u00e9p c\u00e1m vi\u00ean S160-3L c\u00f3 th\u1ec3 \u00e9p vi\u00ean nh\u1eefng nguy\u00ean li\u1ec7u g\u00ec?<\/strong><\/h2>\n<p>V\u1edbi thi\u1ebft k\u1ebf c\u1ea3i ti\u1ebfn hi\u1ec7n \u0111\u1ea1i, kh\u1eafc ph\u1ee5c m\u1ecdi h\u1ea1n ch\u1ebf c\u1ee7a d\u00f2ng S150 tr\u01b0\u1edbc \u0111\u00f3. M\u00e1y \u00e9p c\u00e1m vi\u00ean S160-3L c\u00f3 th\u1ec3 nghi\u1ec1n &#8211; \u00e9p \u0111a d\u1ea1ng nguy\u00ean li\u1ec7u th\u00f4 v\u00e0 cho n\u0103ng su\u1ea5t \u1ea5n t\u01b0\u1ee3ng <span style=\"color: #ff0000\"><strong>100-180kg\/gi\u1edd<\/strong><\/span>, m\u00e0 kh\u00f4ng lo b\u1ecb t\u1eafc ngh\u1ebdn s\u00e0ng.<\/p>\n<figure id=\"attachment_8658\" aria-describedby=\"caption-attachment-8658\" style=\"width: 800px\" class=\"wp-caption aligncenter\"><img loading=\"lazy\" decoding=\"async\" class=\"size-full wp-image-8658\" src=\"https:\/\/congtybinhminh.com\/wp-content\/uploads\/2023\/08\/tinh-nang-may-ep-cam-vien-s160-3l.jpg\" alt=\"tinh-nang-may-ep-cam-vien-s160-3l\" width=\"800\" height=\"1234\" srcset=\"https:\/\/congtybinhminh.com\/wp-content\/uploads\/2023\/08\/tinh-nang-may-ep-cam-vien-s160-3l.jpg 800w, https:\/\/congtybinhminh.com\/wp-content\/uploads\/2023\/08\/tinh-nang-may-ep-cam-vien-s160-3l-510x787.jpg 510w, https:\/\/congtybinhminh.com\/wp-content\/uploads\/2023\/08\/tinh-nang-may-ep-cam-vien-s160-3l-259x400.jpg 259w, https:\/\/congtybinhminh.com\/wp-content\/uploads\/2023\/08\/tinh-nang-may-ep-cam-vien-s160-3l-519x800.jpg 519w, https:\/\/congtybinhminh.com\/wp-content\/uploads\/2023\/08\/tinh-nang-may-ep-cam-vien-s160-3l-768x1185.jpg 768w\" sizes=\"auto, (max-width: 800px) 100vw, 800px\" \/><figcaption id=\"caption-attachment-8658\" class=\"wp-caption-text\">T\u00ednh n\u0103ng c\u1ee7a m\u00e1y<\/figcaption><\/figure>\n<ul>\n<li>N\u00f4ng s\u1ea3n kh\u00f4: ng\u00f4, th\u00f3c, tr\u1ea5u, khoai, s\u1eafn,..<\/li>\n<li>C\u00e1c lo\u1ea1i rau xanh, c\u1ecf t\u01b0\u01a1i, cua, c\u00e1&#8230;<\/li>\n<li>C\u00e1c lo\u1ea1i ph\u1ee5 ph\u1ea9m nh\u01b0 v\u1ecf l\u1ea1c, b\u00e3 bia, b\u00e3 \u0111\u1eadu n\u00e0nh,&#8230;<\/li>\n<\/ul>\n<figure id=\"attachment_8656\" aria-describedby=\"caption-attachment-8656\" style=\"width: 800px\" class=\"wp-caption aligncenter\"><img loading=\"lazy\" decoding=\"async\" class=\"size-full wp-image-8656\" src=\"https:\/\/congtybinhminh.com\/wp-content\/uploads\/2023\/08\/may-ep-cam-vien-s160-3l-ep-phan-vien.webp\" alt=\"may-ep-cam-vien-s160-3l-ep-phan-vien\" width=\"800\" height=\"600\" srcset=\"https:\/\/congtybinhminh.com\/wp-content\/uploads\/2023\/08\/may-ep-cam-vien-s160-3l-ep-phan-vien.webp 800w, https:\/\/congtybinhminh.com\/wp-content\/uploads\/2023\/08\/may-ep-cam-vien-s160-3l-ep-phan-vien-510x383.webp 510w, https:\/\/congtybinhminh.com\/wp-content\/uploads\/2023\/08\/may-ep-cam-vien-s160-3l-ep-phan-vien-533x400.webp 533w, https:\/\/congtybinhminh.com\/wp-content\/uploads\/2023\/08\/may-ep-cam-vien-s160-3l-ep-phan-vien-768x576.webp 768w\" sizes=\"auto, (max-width: 800px) 100vw, 800px\" \/><figcaption id=\"caption-attachment-8656\" class=\"wp-caption-text\">\u00c9p ph\u00e2n vi\u00ean tr\u1ed3ng c\u00e2y<\/figcaption><\/figure>\n<p><strong>\u0110\u1eb7c bi\u1ec7t:<\/strong>\u00a0Ngo\u00e0i vi\u1ec7c \u00e9p c\u00e1m vi\u00ean cho v\u1eadt nu\u00f4i, S160-3L c\u00f2n c\u00f3 th\u1ec3 n\u00e9n ph\u00e2n g\u00e0, ph\u00e2n d\u00ea, b\u00f2,\u2026 th\u00e0nh vi\u00ean \u0111\u1ec3 l\u00e0m ph\u00e2n b\u00f3n cho rau, hoa v\u00e0 c\u00e2y c\u1ea3nh. Dinh d\u01b0\u1ee1ng trong c\u00e1c lo\u1ea1i ph\u00e2n vi\u00ean n\u00e9n ph\u00e2n gi\u1ea3i ch\u1eadm r\u1ea5t hi\u1ec7u qu\u1ea3. Do \u0111\u00f3, l\u01b0\u1ee3ng b\u00f3n \u00edt h\u01a1n nhi\u1ec1u so v\u1edbi c\u00e1ch b\u00f3n th\u00f4ng th\u01b0\u1eddng nh\u01b0ng c\u00e2y lu\u00f4n \u0111\u01b0\u1ee3c cung c\u1ea5p \u0111\u1ea7y \u0111\u1ee7 dinh d\u01b0\u1ee1ng c\u1ea7n thi\u1ebft v\u00ec tr\u00e1nh \u0111\u01b0\u1ee3c hao h\u1ee5t v\u00e0 m\u1ea5t m\u00e1t.<\/p>\n<h2 id=\"ftoc-heading-4\" class=\"ftwp-heading\"><strong>C\u1ea5u t\u1ea1o m\u00e1y \u00e9p c\u00e1m vi\u00ean S160-3L<\/strong><\/h2>\n<figure id=\"attachment_8648\" aria-describedby=\"caption-attachment-8648\" style=\"width: 800px\" class=\"wp-caption aligncenter\"><img loading=\"lazy\" decoding=\"async\" class=\"size-full wp-image-8648\" src=\"https:\/\/congtybinhminh.com\/wp-content\/uploads\/2023\/08\/cau-tao-may-ep-cam-vien-s160-3l.webp\" alt=\"cau-tao-may-ep-cam-vien-s160-3l\" width=\"800\" height=\"600\" srcset=\"https:\/\/congtybinhminh.com\/wp-content\/uploads\/2023\/08\/cau-tao-may-ep-cam-vien-s160-3l.webp 800w, https:\/\/congtybinhminh.com\/wp-content\/uploads\/2023\/08\/cau-tao-may-ep-cam-vien-s160-3l-510x383.webp 510w, https:\/\/congtybinhminh.com\/wp-content\/uploads\/2023\/08\/cau-tao-may-ep-cam-vien-s160-3l-533x400.webp 533w, https:\/\/congtybinhminh.com\/wp-content\/uploads\/2023\/08\/cau-tao-may-ep-cam-vien-s160-3l-768x576.webp 768w\" sizes=\"auto, (max-width: 800px) 100vw, 800px\" \/><figcaption id=\"caption-attachment-8648\" class=\"wp-caption-text\">C\u1ea5u t\u1ea1o m\u00e1y<\/figcaption><\/figure>\n<h3 id=\"ftoc-heading-5\" class=\"ftwp-heading\">Toa n\u1ea1p nguy\u00ean li\u1ec7u<\/h3>\n<figure id=\"attachment_8657\" aria-describedby=\"caption-attachment-8657\" style=\"width: 800px\" class=\"wp-caption aligncenter\"><img loading=\"lazy\" decoding=\"async\" class=\"size-full wp-image-8657\" src=\"https:\/\/congtybinhminh.com\/wp-content\/uploads\/2023\/08\/toa-nap-nguyen-lieumay-ep-cam-vien-s160-3l.webp\" alt=\"toa-nap-nguyen-li\u1eb9umay-ep-cam-vien-s160-3l\" width=\"800\" height=\"600\" srcset=\"https:\/\/congtybinhminh.com\/wp-content\/uploads\/2023\/08\/toa-nap-nguyen-lieumay-ep-cam-vien-s160-3l.webp 800w, https:\/\/congtybinhminh.com\/wp-content\/uploads\/2023\/08\/toa-nap-nguyen-lieumay-ep-cam-vien-s160-3l-510x383.webp 510w, https:\/\/congtybinhminh.com\/wp-content\/uploads\/2023\/08\/toa-nap-nguyen-lieumay-ep-cam-vien-s160-3l-533x400.webp 533w, https:\/\/congtybinhminh.com\/wp-content\/uploads\/2023\/08\/toa-nap-nguyen-lieumay-ep-cam-vien-s160-3l-768x576.webp 768w\" sizes=\"auto, (max-width: 800px) 100vw, 800px\" \/><figcaption id=\"caption-attachment-8657\" class=\"wp-caption-text\">Toa n\u1ea1p nguy\u00ean li\u1ec7u<\/figcaption><\/figure>\n<p>Toa n\u1ea1p to r\u1ed9ng c\u00f3 th\u1ec3 ch\u1ee9a \u0111\u01b0\u1ee3c nhi\u1ec1u nguy\u00ean li\u1ec7u. Nguy\u00ean li\u1ec7u sau khi \u0111\u1ed5 v\u00e0o toa n\u1ea1p s\u1ebd t\u1ef1 \u0111\u1ed9ng ch\u1ea3y xu\u1ed1ng bu\u1ed3ng l\u00e0m vi\u1ec7c.<\/p>\n<h3 id=\"ftoc-heading-6\" class=\"ftwp-heading\">Bu\u1ed3ng l\u00e0m vi\u1ec7c<\/h3>\n<p>\u0110\u01b0\u1ee3c trang b\u1ecb h\u1ec7 th\u1ed1ng 3 qu\u1ea3 l\u00f4 kh\u1ecfe kho\u1eafn gi\u00fap t\u0103ng kh\u1ea3 n\u0103ng nghi\u1ec1n \u00e9p c\u00e1c lo\u1ea1i nguy\u00ean li\u1ec7u th\u00f4 so v\u1edbi c\u00e1c d\u00f2ng m\u00e1y 2 qu\u1ea3 l\u00f4 tr\u01b0\u1edbc \u0111\u00e2y.<\/p>\n<figure id=\"attachment_8647\" aria-describedby=\"caption-attachment-8647\" style=\"width: 800px\" class=\"wp-caption aligncenter\"><img loading=\"lazy\" decoding=\"async\" class=\"size-full wp-image-8647\" src=\"https:\/\/congtybinhminh.com\/wp-content\/uploads\/2023\/08\/buong-lam-viec-may-ep-cam-vien-s160-3l.webp\" alt=\"buong-lam-viec-may-ep-cam-vien-s160-3l\" width=\"800\" height=\"640\" srcset=\"https:\/\/congtybinhminh.com\/wp-content\/uploads\/2023\/08\/buong-lam-viec-may-ep-cam-vien-s160-3l.webp 800w, https:\/\/congtybinhminh.com\/wp-content\/uploads\/2023\/08\/buong-lam-viec-may-ep-cam-vien-s160-3l-510x408.webp 510w, https:\/\/congtybinhminh.com\/wp-content\/uploads\/2023\/08\/buong-lam-viec-may-ep-cam-vien-s160-3l-500x400.webp 500w, https:\/\/congtybinhminh.com\/wp-content\/uploads\/2023\/08\/buong-lam-viec-may-ep-cam-vien-s160-3l-768x614.webp 768w\" sizes=\"auto, (max-width: 800px) 100vw, 800px\" \/><figcaption id=\"caption-attachment-8647\" class=\"wp-caption-text\">Bu\u1ed3ng l\u00e0m vi\u1ec7c<\/figcaption><\/figure>\n<p>Khi m\u00e1y ho\u1ea1t \u0111\u1ed9ng, h\u1ec7 th\u1ed1ng qu\u1ea3 l\u00f4 s\u1ebd xoay tr\u00f2n v\u1edbi t\u1ed1c \u0111\u1ed9 nhanh t\u1ea1o ra ma s\u00e1t nghi\u1ec1n nh\u1ecf nguy\u00ean li\u1ec7u th\u00f4. Sau \u0111\u00f3 s\u1ebd \u0111\u01b0\u1ee3c n\u00e9n \u00e9p th\u00e0nh vi\u00ean \u0111i qua m\u1eb7t s\u00e0ng l\u1eafp b\u00ean d\u01b0\u1edbi. Qu\u00e1 tr\u00ecnh ma s\u00e1t s\u1ebd sinh nhi\u1ec7t kho\u1ea3ng <strong>60-70\u00ba.<\/strong>\u00a0Do \u0111\u00f3 vi\u00ean c\u00e1m \u00e9p ra c\u00f3 th\u1ec3 cho v\u1eadt nu\u00f4i \u0103n lu\u00f4n.<\/p>\n<p>M\u1eb7t s\u00e0ng v\u00e0 qu\u1ea3 l\u00f4 \u0111\u01b0\u1ee3c gia c\u00f4ng b\u1eb1ng th\u00e9p cao c\u1ea5p nhi\u1ec7t luy\u1ec7n l\u00e0m t\u0103ng \u0111\u1ed9 b\u1ec1n v\u00e0 kh\u1ea3 n\u0103ng ch\u1ed1ng m\u00e0i m\u00f2n t\u1ed1t. Ng\u01b0\u1eddi d\u00f9ng c\u00f3 th\u1ec3 t\u00f9y ch\u1ecdn k\u00edch th\u01b0\u1edbc vi\u00ean c\u00e1m to\/nh\u1ecf b\u1eb1ng c\u00e1ch thay l\u1eafp m\u1eb7t s\u00e0ng c\u00f3 k\u00edch th\u01b0\u1edbc t\u01b0\u01a1ng \u1ee9ng \u1edf trong m\u00e1y sao cho v\u1eadt nu\u00f4i nh\u00e0 m\u00ecnh d\u1ec5 \u0103n nh\u1ea5t.<\/p>\n<h3>C\u1eeda x\u1ea3 th\u00e0nh ph\u1ea9m<\/h3>\n<p>Th\u00e0nh ph\u1ea9m tr\u01b0\u1edbc khi \u0111\u01b0\u1ee3c \u0111\u1ea9y ra ngo\u00e0i theo \u0111\u01b0\u1eddng c\u1eeda x\u1ea3 s\u1ebd \u0111i qua 1 thanh dao c\u1eaft c\u00e1m. Ng\u01b0\u1eddi d\u00f9ng c\u00f3 th\u1ec3 \u0111i\u1ec1u ch\u1ec9nh \u0111\u1ed9 d\u00e0i\/ng\u1eafn c\u1ee7a vi\u00ean c\u00e1m b\u1eb1ng c\u00e1ch:<\/p>\n<figure id=\"attachment_8649\" aria-describedby=\"caption-attachment-8649\" style=\"width: 800px\" class=\"wp-caption aligncenter\"><img loading=\"lazy\" decoding=\"async\" class=\"size-full wp-image-8649\" src=\"https:\/\/congtybinhminh.com\/wp-content\/uploads\/2023\/08\/cua-xa-thanh-pham-may-ep-cam-vien-s160-3l.webp\" alt=\"cua-xa-thanh-pham-may-ep-cam-vien-s160-3l\" width=\"800\" height=\"600\" srcset=\"https:\/\/congtybinhminh.com\/wp-content\/uploads\/2023\/08\/cua-xa-thanh-pham-may-ep-cam-vien-s160-3l.webp 800w, https:\/\/congtybinhminh.com\/wp-content\/uploads\/2023\/08\/cua-xa-thanh-pham-may-ep-cam-vien-s160-3l-510x383.webp 510w, https:\/\/congtybinhminh.com\/wp-content\/uploads\/2023\/08\/cua-xa-thanh-pham-may-ep-cam-vien-s160-3l-533x400.webp 533w, https:\/\/congtybinhminh.com\/wp-content\/uploads\/2023\/08\/cua-xa-thanh-pham-may-ep-cam-vien-s160-3l-768x576.webp 768w\" sizes=\"auto, (max-width: 800px) 100vw, 800px\" \/><figcaption id=\"caption-attachment-8649\" class=\"wp-caption-text\">C\u1eeda x\u1ea3 th\u00e0nh ph\u1ea9m<\/figcaption><\/figure>\n<ul>\n<li>N\u00e2ng dao c\u1eaft: n\u1ebfu mu\u1ed1n vi\u00ean c\u00e1m ng\u1eafn.<\/li>\n<li>H\u1ea1 dao c\u1eaft: n\u1ebfu mu\u1ed1n vi\u00ean c\u00e1m d\u00e0i.<\/li>\n<\/ul>\n<h3 id=\"ftoc-heading-7\" class=\"ftwp-heading\">\u0110\u1ed9ng c\u01a1 v\u00e0 aptomat<\/h3>\n<figure id=\"attachment_8650\" aria-describedby=\"caption-attachment-8650\" style=\"width: 800px\" class=\"wp-caption aligncenter\"><img loading=\"lazy\" decoding=\"async\" class=\"size-full wp-image-8650\" src=\"https:\/\/congtybinhminh.com\/wp-content\/uploads\/2023\/08\/dong-co-va-aptomat-may-ep-cam-vien-s160-3l.webp\" alt=\"dong-co-va-aptomat-may-ep-cam-vien-s160-3l\" width=\"800\" height=\"600\" srcset=\"https:\/\/congtybinhminh.com\/wp-content\/uploads\/2023\/08\/dong-co-va-aptomat-may-ep-cam-vien-s160-3l.webp 800w, https:\/\/congtybinhminh.com\/wp-content\/uploads\/2023\/08\/dong-co-va-aptomat-may-ep-cam-vien-s160-3l-510x383.webp 510w, https:\/\/congtybinhminh.com\/wp-content\/uploads\/2023\/08\/dong-co-va-aptomat-may-ep-cam-vien-s160-3l-533x400.webp 533w, https:\/\/congtybinhminh.com\/wp-content\/uploads\/2023\/08\/dong-co-va-aptomat-may-ep-cam-vien-s160-3l-768x576.webp 768w\" sizes=\"auto, (max-width: 800px) 100vw, 800px\" \/><figcaption id=\"caption-attachment-8650\" class=\"wp-caption-text\">\u0110\u1ed9ng c\u01a1 v\u00e0 aptomat<\/figcaption><\/figure>\n<p>M\u00e1y l\u1eafp \u0111\u1ed9ng c\u01a1 3kW l\u00f5i \u0111\u1ed3ng 100%, ngu\u1ed3n \u0111i\u1ec7n d\u00e2n d\u1ee5ng 220V. Cho n\u0103ng su\u1ea5t \u1ea5n t\u01b0\u1ee3ng ph\u00f9 h\u1ee3p v\u1edbi c\u00e1c h\u1ed9 ch\u0103n nu\u00f4i v\u00e0 trang tr\u1ea1i quy m\u00f4 gia \u0111\u00ecnh.<\/p>\n<p>Aptomat tr\u00ean b\u1ec7 m\u00e1y c\u00f3 nhi\u1ec7m v\u1ee5 b\u1ea3o v\u1ec7 m\u1ea1ch \u0111i\u1ec7n, ng\u0103n c\u00e1c tr\u01b0\u1eddng h\u1ee3p qu\u00e1 t\u1ea3i, ng\u1eaft m\u1ea1ch, s\u1ee5t \u00e1p, ch\u1ed1ng gi\u1eadt khi m\u00e1y ho\u1ea1t \u0111\u1ed9ng.<\/p>\n<p>B\u00e0 con c\u00f3 th\u1ec3 tham kh\u1ea3o c\u00e1c d\u00f2ng m\u00e1y \u00e9p c\u00e1m vi\u00ean \u0111ang b\u00e1n ch\u1ea1y t\u1ea1i c\u00f4ng ty B\u00ecnh Minh nh\u01b0: <a href=\"https:\/\/congtybinhminh.com\/sp\/may-ep-cam-vien-s150\/\" target=\"_blank\" rel=\"noopener\"><span style=\"color: #00aae7\"><strong>M\u00e1y \u00e9p c\u00e1m vi\u00ean S150<\/strong><\/span><\/a>,\u00a0<a href=\"https:\/\/congtybinhminh.com\/sp\/may-ep-cam-vien-s200\/\" target=\"_blank\" rel=\"noopener\"><span style=\"color: #00aae7\"><strong>M\u00e1y \u00e9p c\u00e1m vi\u00ean S200<\/strong><\/span><\/a>,\u00a0<strong><a href=\"https:\/\/congtybinhminh.com\/sp\/may-ep-cam-vien-s250\/\" target=\"_blank\" rel=\"noopener\"><span style=\"color: #00aae7\">M\u00e1y \u00e9p c\u00e1m vi\u00ean S250<\/span><\/a>.<\/strong><\/p>\n<h2 id=\"ftoc-heading-8\" class=\"ftwp-heading\">5 l\u1ee3i \u00edch khi d\u00f9ng m\u00e1y \u00e9p c\u00e1m vi\u00ean S160-3L B\u00ecnh Minh<\/h2>\n<figure id=\"attachment_8646\" aria-describedby=\"caption-attachment-8646\" style=\"width: 800px\" class=\"wp-caption aligncenter\"><img loading=\"lazy\" decoding=\"async\" class=\"size-full wp-image-8646\" src=\"https:\/\/congtybinhminh.com\/wp-content\/uploads\/2023\/08\/5-loi-ich-khi-su-dung-may-ep-cam-vien-s160-3l-binh-minh.webp\" alt=\"5-loi-ich-khi-su-dung-may-ep-cam-vien-s160-3l-binh-minh\" width=\"800\" height=\"800\" srcset=\"https:\/\/congtybinhminh.com\/wp-content\/uploads\/2023\/08\/5-loi-ich-khi-su-dung-may-ep-cam-vien-s160-3l-binh-minh.webp 800w, https:\/\/congtybinhminh.com\/wp-content\/uploads\/2023\/08\/5-loi-ich-khi-su-dung-may-ep-cam-vien-s160-3l-binh-minh-247x247.webp 247w, https:\/\/congtybinhminh.com\/wp-content\/uploads\/2023\/08\/5-loi-ich-khi-su-dung-may-ep-cam-vien-s160-3l-binh-minh-100x100.webp 100w, https:\/\/congtybinhminh.com\/wp-content\/uploads\/2023\/08\/5-loi-ich-khi-su-dung-may-ep-cam-vien-s160-3l-binh-minh-510x510.webp 510w, https:\/\/congtybinhminh.com\/wp-content\/uploads\/2023\/08\/5-loi-ich-khi-su-dung-may-ep-cam-vien-s160-3l-binh-minh-400x400.webp 400w, https:\/\/congtybinhminh.com\/wp-content\/uploads\/2023\/08\/5-loi-ich-khi-su-dung-may-ep-cam-vien-s160-3l-binh-minh-280x280.webp 280w, https:\/\/congtybinhminh.com\/wp-content\/uploads\/2023\/08\/5-loi-ich-khi-su-dung-may-ep-cam-vien-s160-3l-binh-minh-768x768.webp 768w\" sizes=\"auto, (max-width: 800px) 100vw, 800px\" \/><figcaption id=\"caption-attachment-8646\" class=\"wp-caption-text\">5 L\u1ee3i \u00edch khi s\u1eed d\u1ee5ng c\u1ee7a m\u00e1y \u00e9p c\u00e1m vi\u00ean S160-3L B\u00ecnh Minh<\/figcaption><\/figure>\n<p><strong><span class=\"x1xsqp64 xiy17q3 x1o6pynw x19co3pv xdj266r xcwd3tp xat24cr x39eecv x2b8uid\" data-testid=\"emoji\"><span class=\"xexx8yu xn5pp95 x18d9i69 x2fxd7x x1yqt14a x1bhl96m\">\u2714\ufe0f \u0110\u1ed9 b\u1ec1n cao<\/span><\/span>:<\/strong> Khung m\u00e1y \u0111\u01b0\u1ee3c ch\u1ebf t\u1ea1o b\u1eb1ng th\u00e9p cao c\u1ea5p d\u00e0y d\u1eb7n, c\u00f3 gi\u1ea3m ch\u1ea5n gi\u1eefa kh\u1edbp n\u1ed1i \u0111\u1ed9ng c\u01a1 v\u00e0 m\u00e1y gi\u00fap m\u00e1y v\u1eadn h\u00e0nh \u1ed5n \u0111\u1ecbnh, \u0111\u1ed9 b\u1ec1n cao.<\/p>\n<p><strong><span class=\"x1xsqp64 xiy17q3 x1o6pynw x19co3pv xdj266r xcwd3tp xat24cr x39eecv x2b8uid\" data-testid=\"emoji\"><span class=\"xexx8yu xn5pp95 x18d9i69 x2fxd7x x1yqt14a x1bhl96m\">\u2714\ufe0f\u00a0<\/span><\/span>D\u1ec5 s\u1eed d\u1ee5ng, d\u1ec5 b\u1ea3o d\u01b0\u1ee1ng:<\/strong> C\u00e1c thao t\u00e1c v\u1eadn h\u00e0nh m\u00e1y r\u1ea5t \u0111\u01a1n gi\u1ea3n. Khi mua m\u00e1y t\u1ea1i B\u00ecnh Minh, kh\u00e1ch h\u00e0ng s\u1ebd \u0111\u01b0\u1ee3c c\u00e1c k\u1ef9 thu\u1eadt vi\u00ean c\u00f3 tay ngh\u1ec1 cao h\u01b0\u1edbng d\u1eabn chi ti\u1ebft c\u00e1ch v\u1eadn h\u00e0nh m\u00e1y v\u00e0 b\u1ea3o d\u01b0\u1ee1ng m\u00e1y trong qu\u00e1 tr\u00ecnh s\u1eed d\u1ee5ng.<\/p>\n<p><strong><span class=\"x1xsqp64 xiy17q3 x1o6pynw x19co3pv xdj266r xcwd3tp xat24cr x39eecv x2b8uid\" data-testid=\"emoji\"><span class=\"xexx8yu xn5pp95 x18d9i69 x2fxd7x x1yqt14a x1bhl96m\">\u2714\ufe0f\u00a0<\/span><\/span>Ti\u1ebft ki\u1ec7m 40% chi ph\u00ed ch\u0103n nu\u00f4i: <\/strong>Nh\u1edd vi\u1ec7c t\u1eadn d\u00f9ng ngu\u1ed3n nguy\u00ean li\u1ec7u gi\u00e1 r\u1ebb s\u1eb5n c\u00f3, ng\u01b0\u1eddi d\u00f9ng c\u00f3 th\u1ec3 t\u1ef1 s\u1ea3n xu\u1ea5t th\u1ee9c \u0103n ch\u0103n nu\u00f4i t\u1ea1i nh\u00e0 m\u00e0 kh\u00f4ng c\u1ea7n ph\u1ea3i mua c\u00e1m c\u00f4ng nghi\u1ec7p \u0111\u1eaft \u0111\u1ecf ngo\u00e0i th\u1ecb tr\u01b0\u1eddng.<\/p>\n<p><strong><span class=\"x1xsqp64 xiy17q3 x1o6pynw x19co3pv xdj266r xcwd3tp xat24cr x39eecv x2b8uid\" data-testid=\"emoji\"><span class=\"xexx8yu xn5pp95 x18d9i69 x2fxd7x x1yqt14a x1bhl96m\">\u2714\ufe0f V\u1eadt nu\u00f4i mau l\u1edbn, kh\u1ecfe m\u1ea1nh: <\/span><\/span><\/strong><span class=\"x1xsqp64 xiy17q3 x1o6pynw x19co3pv xdj266r xcwd3tp xat24cr x39eecv x2b8uid\" data-testid=\"emoji\"><span class=\"xexx8yu xn5pp95 x18d9i69 x2fxd7x x1yqt14a x1bhl96m\">B\u00e0 con c\u00f3 th\u1ec3 ph\u1ed1i tr\u1ed9n \u0111a d\u1ea1ng nguy\u00ean li\u1ec7u \u0111\u1ec3 cung c\u1ea5p \u0111\u1ee7 dinh d\u01b0\u1ee1ng cho v\u1eadt nu\u00f4i, gi\u00fap v\u1eadt nu\u00f4i \u0103n nhi\u1ec1u, mau l\u1edbn v\u00e0 kho\u1ea3n m\u1ea1nh.<\/span><\/span><\/p>\n<p><strong><span class=\"x1xsqp64 xiy17q3 x1o6pynw x19co3pv xdj266r xcwd3tp xat24cr x39eecv x2b8uid\" data-testid=\"emoji\"><span class=\"xexx8yu xn5pp95 x18d9i69 x2fxd7x x1yqt14a x1bhl96m\">\u2714\ufe0f <\/span><\/span>Mua v\u1edbi gi\u00e1 t\u1ed1t nh\u1ea5t th\u1ecb tr\u01b0\u1eddng:<\/strong> B\u00ecnh Minh l\u00e0 c\u00f4ng ty tr\u1ef1c ti\u1ebfp s\u1ea3n xu\u1ea5t M\u00e1y \u00e9p c\u00e1m vi\u00ean S160-3L, n\u00ean khi mua m\u00e1y t\u1ea1i \u0111\u00e2y kh\u00e1ch h\u00e0ng s\u1ebd \u0111\u01b0\u1ee3c mua v\u1edbi gi\u00e1 t\u1ea1i x\u01b0\u1edfng ! Kh\u00f4ng qua trung gian!<\/p>\n<h2><strong>Th\u00f4ng s\u1ed1 k\u1ef9 thu\u1eadt<\/strong><\/h2>\n<table border=\"1\" cellspacing=\"1\" cellpadding=\"1\">\n<tbody>\n<tr>\n<td>C\u00f4ng su\u1ea5t \u0111\u1ed9ng c\u01a1<\/td>\n<td>3 kW<\/td>\n<\/tr>\n<tr>\n<td>Ngu\u1ed3n \u0111i\u1ec7n<\/td>\n<td>220 (V)<\/td>\n<\/tr>\n<tr>\n<td>T\u1ed1c \u0111\u1ed9 \u0111\u1ed9ng c\u01a1<\/td>\n<td>1400 (v\/p)<\/td>\n<\/tr>\n<tr>\n<td>N\u0103ng su\u1ea5t<\/td>\n<td>100 \u2013 180 kg\/gi\u1edd<\/td>\n<\/tr>\n<tr>\n<td>K\u00edch th\u01b0\u1edbc ( D * C * R )<\/td>\n<td>85*89*49 cm<\/td>\n<\/tr>\n<tr>\n<td>B\u1ea3o h\u00e0nh<\/td>\n<td>06 th\u00e1ng<\/td>\n<\/tr>\n<tr>\n<td>H\u00ecnh th\u1ee9c thanh to\u00e1n<\/td>\n<td><em><strong>Ti\u1ec1n m\u1eb7t ho\u1eb7c chuy\u1ec3n kho\u1ea3n<\/strong><\/em><\/td>\n<\/tr>\n<\/tbody>\n<\/table>\n","protected":false},"excerpt":{"rendered":"<ul>\n<li><strong>H\u00e3ng s\u1ea3n xu\u1ea5t<\/strong>: B\u00ecnh Minh<\/li>\n<li><strong>C\u00f4ng su\u1ea5t \u0111\u1ed9ng c\u01a1<\/strong>: 3kW<\/li>\n<li><strong>T\u1ed1c \u0111\u1ed9 :<\/strong>\u00a01400 v\u00f2ng\/ph\u00fat<\/li>\n<li><strong>Ngu\u1ed3n \u0111i\u1ec7n:<\/strong>\u00a0220V<\/li>\n<li><strong>N\u0103ng su\u1ea5t<\/strong>: 100 \u2013 180 kg\/gi\u1edd<\/li>\n<li><strong>T\u00ednh n\u0103ng:<\/strong>\u00a0Chuy\u00ean d\u00f9ng \u0111\u1ec3 nghi\u1ec1n \u00e9p h\u1ed7n h\u1ee3p nguy\u00ean li\u1ec7u th\u00e0nh vi\u00ean c\u00e1m dinh d\u01b0\u1ee1ng cho gia s\u00fac, gia c\u1ea7m,\u2026<\/li>\n<\/ul>\n","protected":false},"featured_media":8655,"comment_status":"closed","ping_status":"closed","template":"","meta":[],"product_brand":[],"product_cat":[64,63],"product_tag":[],"class_list":{"0":"post-8645","1":"product","2":"type-product","3":"status-publish","4":"has-post-thumbnail","6":"product_cat-may-ep-cam","7":"product_cat-may-ep-cam-vien-truc-dung","9":"first","10":"instock","11":"shipping-taxable","12":"product-type-simple"},"_links":{"self":[{"href":"https:\/\/congtybinhminh.com\/index.php?rest_route=\/wp\/v2\/product\/8645","targetHints":{"allow":["GET"]}}],"collection":[{"href":"https:\/\/congtybinhminh.com\/index.php?rest_route=\/wp\/v2\/product"}],"about":[{"href":"https:\/\/congtybinhminh.com\/index.php?rest_route=\/wp\/v2\/types\/product"}],"replies":[{"embeddable":true,"href":"https:\/\/congtybinhminh.com\/index.php?rest_route=%2Fwp%2Fv2%2Fcomments&post=8645"}],"wp:featuredmedia":[{"embeddable":true,"href":"https:\/\/congtybinhminh.com\/index.php?rest_route=\/wp\/v2\/media\/8655"}],"wp:attachment":[{"href":"https:\/\/congtybinhminh.com\/index.php?rest_route=%2Fwp%2Fv2%2Fmedia&parent=8645"}],"wp:term":[{"taxonomy":"product_brand","embeddable":true,"href":"https:\/\/congtybinhminh.com\/index.php?rest_route=%2Fwp%2Fv2%2Fproduct_brand&post=8645"},{"taxonomy":"product_cat","embeddable":true,"href":"https:\/\/congtybinhminh.com\/index.php?rest_route=%2Fwp%2Fv2%2Fproduct_cat&post=8645"},{"taxonomy":"product_tag","embeddable":true,"href":"https:\/\/congtybinhminh.com\/index.php?rest_route=%2Fwp%2Fv2%2Fproduct_tag&post=8645"}],"curies":[{"name":"wp","href":"https:\/\/api.w.org\/{rel}","templated":true}]}}