{"id":8543,"date":"2023-06-08T16:45:28","date_gmt":"2023-06-08T09:45:28","guid":{"rendered":"https:\/\/congtybinhminh.com\/?post_type=product&#038;p=8543"},"modified":"2023-06-18T15:39:51","modified_gmt":"2023-06-18T08:39:51","slug":"may-ep-cam-vien-s200-dau-no","status":"publish","type":"product","link":"https:\/\/congtybinhminh.com\/?product=may-ep-cam-vien-s200-dau-no","title":{"rendered":"M\u00e1y \u00e9p c\u00e1m vi\u00ean S200 \u0111\u1ea7u n\u1ed5"},"content":{"rendered":"<h2>Video ho\u1ea1t \u0111\u1ed9ng<\/h2>\n<p><iframe loading=\"lazy\" title=\"10Kg Nguy\u00ean Li\u1ec7u Th\u00f4 M\u00e1y \u00c9p C\u00e1m Vi\u00ean S200 \u0110\u1ea7u N\u1ed5 15HP S\u1ebd \u00c9p Trong Bao L\u00e2u?\" width=\"1020\" height=\"574\" src=\"https:\/\/www.youtube.com\/embed\/FBL0y5rzeqs?feature=oembed\" frameborder=\"0\" allow=\"accelerometer; autoplay; clipboard-write; encrypted-media; gyroscope; picture-in-picture; web-share\" allowfullscreen><\/iframe><\/p>\n<h2>Gi\u1edbi thi\u1ec7u m\u00e1y \u00e9p c\u00e1m vi\u00ean S200 \u0111\u1ea7u n\u1ed5<\/h2>\n<p>M\u00e1y \u00e9p c\u00e1m vi\u00ean S200 phi\u00ean b\u1ea3n l\u1eafp \u0111\u1eb7t \u0111\u1ea7u n\u1ed5 gi\u00fap b\u00e0 con t\u1ef1 s\u1ea3n xu\u1ea5t c\u00e1m vi\u00ean ngay t\u1ea1i nh\u00e0 m\u00e0 kh\u00f4ng c\u1ea7n s\u1eed d\u1ee5ng \u0111\u1ebfn ngu\u1ed3n \u0111i\u1ec7n.\u00a0B\u00e0 con c\u00f3 th\u1ec3 s\u1eed d\u1ee5ng m\u00e1y \u1edf m\u1ecdi n\u01a1i m\u00e0 kh\u00f4ng c\u1ea7n lo l\u1eafng \u0111i\u1ec7n y\u1ebfu, \u0111i\u1ec7n kh\u00f4ng \u0111\u1ee7 t\u1ea3i.<\/p>\n<p><img loading=\"lazy\" decoding=\"async\" class=\"aligncenter wp-image-8552 size-full\" src=\"https:\/\/congtybinhminh.com\/wp-content\/uploads\/2023\/06\/may-ep-cam-vien-S200-dau-no-2.webp\" alt=\"\" width=\"800\" height=\"600\" srcset=\"https:\/\/congtybinhminh.com\/wp-content\/uploads\/2023\/06\/may-ep-cam-vien-S200-dau-no-2.webp 800w, https:\/\/congtybinhminh.com\/wp-content\/uploads\/2023\/06\/may-ep-cam-vien-S200-dau-no-2-510x383.webp 510w, https:\/\/congtybinhminh.com\/wp-content\/uploads\/2023\/06\/may-ep-cam-vien-S200-dau-no-2-533x400.webp 533w, https:\/\/congtybinhminh.com\/wp-content\/uploads\/2023\/06\/may-ep-cam-vien-S200-dau-no-2-768x576.webp 768w\" sizes=\"auto, (max-width: 800px) 100vw, 800px\" \/><\/p>\n<p>S\u1ea3n xu\u1ea5t c\u00e1m vi\u00ean t\u1ea1i nh\u00e0 v\u1edbi m\u00e1y \u00e9p c\u00e1m vi\u00ean l\u00e0 gi\u1ea3i ph\u00e1p gi\u00fap cho qu\u00e1 tr\u00ecnh ch\u0103n nu\u00f4i \u0111\u1ea1t hi\u1ec7u qu\u1ea3 v\u1eeba ti\u1ebft ki\u1ec7m th\u1eddi gian, chi ph\u00ed v\u1eeba cung c\u1ea5p ngu\u1ed3n th\u1ee9c \u0103n ch\u1ea5t l\u01b0\u1ee3ng cho \u0111\u00e0n v\u1eadt nu\u00f4i.<\/p>\n<h2>\u01afu \u0111i\u1ec3m c\u1ee7a m\u00e1y \u00e9p c\u00e1m vi\u00ean S200 \u0111\u1ea7u n\u1ed5<\/h2>\n<p>M\u00e1y c\u00f3 th\u1ec3 nghi\u1ec1n &#8211; \u00e9p \u0111a d\u1ea1ng c\u00e1c lo\u1ea1i nguy\u00ean li\u1ec7u l\u00e0m c\u00e1m vi\u00ean nh\u01b0: cua, c\u00e1, \u1ed1c, rau xanh, ng\u00f4, b\u1ed9t c\u00e1m&#8230;.v\u00e0 nhi\u1ec1u nguy\u00ean li\u1ec7u kh\u00e1c n\u1eefa.<\/p>\n<p>Ngo\u00e0i ra m\u00e1y c\u00f2n c\u00f3 th\u1ec3 \u00e9p vi\u00ean ph\u00e2n h\u1eefu c\u01a1, ph\u00e2n vi sinh, \u00e9p c\u1ecf&#8230;<\/p>\n<p><img loading=\"lazy\" decoding=\"async\" class=\"aligncenter wp-image-8553 size-full\" src=\"https:\/\/congtybinhminh.com\/wp-content\/uploads\/2023\/06\/Nguyen-lieu-1-1.webp\" alt=\"\" width=\"800\" height=\"600\" srcset=\"https:\/\/congtybinhminh.com\/wp-content\/uploads\/2023\/06\/Nguyen-lieu-1-1.webp 800w, https:\/\/congtybinhminh.com\/wp-content\/uploads\/2023\/06\/Nguyen-lieu-1-1-510x383.webp 510w, https:\/\/congtybinhminh.com\/wp-content\/uploads\/2023\/06\/Nguyen-lieu-1-1-533x400.webp 533w, https:\/\/congtybinhminh.com\/wp-content\/uploads\/2023\/06\/Nguyen-lieu-1-1-768x576.webp 768w\" sizes=\"auto, (max-width: 800px) 100vw, 800px\" \/><\/p>\n<p>M\u00e1y l\u1eafp \u0111\u1ea7u n\u1ed5 r\u1ea5t thu\u1eadn ti\u1ec7n cho qu\u00e1 tr\u00ecnh s\u1eed d\u1ee5ng, ph\u00f9 h\u1ee3p v\u1edbi m\u1ecdi h\u1ed9 ch\u0103n nu\u00f4i.<\/p>\n<p>Th\u00e0nh ph\u1ea9m sau khi \u00e9p xong c\u00f3 th\u1ec3 cho v\u1eadt nu\u00f4i d\u00f9ng ngay ho\u1eb7c ph\u01a1i kh\u00f4 d\u00f9ng d\u1ea7n.<\/p>\n<h2>C\u1ea5u t\u1ea1o c\u1ee7a m\u00e1y \u00e9p c\u00e1m vi\u00ean S200 \u0111\u1ea7u n\u1ed5<\/h2>\n<h3>Khung m\u00e1y ch\u1eafc ch\u1eafn<\/h3>\n<p>M\u00e1y \u00e9p c\u00e1m vi\u00ean S200 \u0111\u1ea7u n\u1ed5 \u0111\u01b0\u1ee3c thi\u1ebft k\u1ebf hi\u1ec7n \u0111\u1ea1i, khung m\u00e1y \u0111\u01b0\u1ee3c h\u00e0n g\u1eafn ch\u1eafc ch\u1eafn \u0111\u1ea3m b\u1ea3o kh\u00f4ng g\u00e2y rung l\u1eafc trong qu\u00e1 tr\u00ecnh v\u1eadn h\u00e0nh. L\u1eafp \u0111\u1eb7t 4 b\u00e1nh xe thu\u1eadn ti\u1ec7n cho qu\u00e1 tr\u00ecnh di chuy\u1ec3n.<\/p>\n<h3><span id=\"Toa_nap_va_cua_xa\" class=\"ez-toc-section\"><\/span>Toa n\u1ea1p v\u00e0 c\u1eeda x\u1ea3<\/h3>\n<p>M\u00e1y \u0111\u01b0\u1ee3c thi\u1ebft k\u1ebf d\u00e1ng \u0111\u1ee9ng kh\u00f4ng chi\u1ebfm nhi\u1ec1u di\u1ec7n t\u00edch, v\u1edbi ph\u1ea7n toa n\u1ea1p d\u1ea1ng ph\u1ec5u tr\u00f2n, m\u1ed7i l\u1ea7n nghi\u1ec1n \u2013 \u00e9p t\u1eeb kho\u1ea3ng 3- 5 kg\/1 l\u1ea7n.<\/p>\n<p><img loading=\"lazy\" decoding=\"async\" class=\"aligncenter wp-image-8554 size-full\" src=\"https:\/\/congtybinhminh.com\/wp-content\/uploads\/2023\/06\/toa-nap-nguyen-lieu-5.webp\" alt=\"\" width=\"800\" height=\"600\" srcset=\"https:\/\/congtybinhminh.com\/wp-content\/uploads\/2023\/06\/toa-nap-nguyen-lieu-5.webp 800w, https:\/\/congtybinhminh.com\/wp-content\/uploads\/2023\/06\/toa-nap-nguyen-lieu-5-510x383.webp 510w, https:\/\/congtybinhminh.com\/wp-content\/uploads\/2023\/06\/toa-nap-nguyen-lieu-5-533x400.webp 533w, https:\/\/congtybinhminh.com\/wp-content\/uploads\/2023\/06\/toa-nap-nguyen-lieu-5-768x576.webp 768w\" sizes=\"auto, (max-width: 800px) 100vw, 800px\" \/><\/p>\n<p>Nguy\u00ean li\u1ec7u sau khi \u0111\u01b0\u1ee3c ph\u1ed1i tr\u1ed9n theo t\u1ef7 l\u1ec7 ng\u01b0\u1eddi d\u00f9ng ch\u1ec9 c\u1ea7n cho v\u00e0o toa. Vi\u00ean c\u00e1m sau khi \u00e9p s\u1ebd \u0111\u01b0\u1ee3c \u0111\u01b0a xu\u1ed1ng c\u1eeda x\u1ea3.<\/p>\n<h3><span id=\"Buong_lam_viec\" class=\"ez-toc-section\"><\/span>Bu\u1ed3ng l\u00e0m vi\u1ec7c<\/h3>\n<p>Nguy\u00ean li\u1ec7u \u0111\u01b0\u1ee3c nghi\u1ec1n \u2013 \u00e9p b\u1edfi h\u1ec7 th\u1ed1ng 2 qu\u1ea3 l\u00f4 k\u1ebft h\u1ee3p v\u1edbi m\u1eb7t s\u00e0ng. Ng\u01b0\u1eddi d\u00f9ng c\u00f3 th\u1ec3 thay \u0111\u1ed5i k\u00edch th\u01b0\u1edbc vi\u00ean c\u00e1m b\u1eb1ng c\u00e1ch:<\/p>\n<p><img loading=\"lazy\" decoding=\"async\" class=\"aligncenter wp-image-8557 size-full\" src=\"https:\/\/congtybinhminh.com\/wp-content\/uploads\/2023\/06\/qua-lo-va-mat-sang.webp\" alt=\"\" width=\"800\" height=\"600\" srcset=\"https:\/\/congtybinhminh.com\/wp-content\/uploads\/2023\/06\/qua-lo-va-mat-sang.webp 800w, https:\/\/congtybinhminh.com\/wp-content\/uploads\/2023\/06\/qua-lo-va-mat-sang-510x383.webp 510w, https:\/\/congtybinhminh.com\/wp-content\/uploads\/2023\/06\/qua-lo-va-mat-sang-533x400.webp 533w, https:\/\/congtybinhminh.com\/wp-content\/uploads\/2023\/06\/qua-lo-va-mat-sang-768x576.webp 768w\" sizes=\"auto, (max-width: 800px) 100vw, 800px\" \/><\/p>\n<ul>\n<li>L\u1ef1a ch\u1ecdn thay l\u1eafp m\u1eb7t s\u00e0ng trong m\u00e1y : s\u00e0ng 3ly; 4ly; 5ly&#8230;<\/li>\n<li>\u0110i\u1ec1u ch\u1ec9nh dao c\u1eaft \u0111\u1ec3 c\u0103n ch\u1ec9nh \u0111\u1ed9 d\u00e0i \u2013\u00a0 k\u00edch th\u01b0\u1edbc vi\u00ean c\u00e1m t\u1eeb 0.8mm \u2013 3 cm<\/li>\n<\/ul>\n<h3><span id=\"Nang_suat_cao\" class=\"ez-toc-section\"><\/span>N\u0103ng su\u1ea5t cao<\/h3>\n<p>M\u00e1y l\u1eafp \u0111\u1ea7u n\u1ed5 D10; D15 cho n\u0103ng su\u1ea5t \u0111\u1ea1t 100 \u2013 200 kg\/gi\u1edd. Ngo\u00e0i ra, ng\u01b0\u1eddi d\u00f9ng c\u00f3 th\u1ec3 s\u1eed d\u1ee5ng m\u00e1y \u00e9p c\u00e1m vi\u00ean S200 l\u1eafp \u0111\u1ed9ng c\u01a1 n\u1ebfu mu\u1ed1n c\u1ed1 \u0111\u1ecbnh m\u00e1y<\/p>\n<p><img loading=\"lazy\" decoding=\"async\" class=\"aligncenter wp-image-8558 size-full\" src=\"https:\/\/congtybinhminh.com\/wp-content\/uploads\/2023\/06\/thanh-pham-7.webp\" alt=\"\" width=\"800\" height=\"600\" srcset=\"https:\/\/congtybinhminh.com\/wp-content\/uploads\/2023\/06\/thanh-pham-7.webp 800w, https:\/\/congtybinhminh.com\/wp-content\/uploads\/2023\/06\/thanh-pham-7-510x383.webp 510w, https:\/\/congtybinhminh.com\/wp-content\/uploads\/2023\/06\/thanh-pham-7-533x400.webp 533w, https:\/\/congtybinhminh.com\/wp-content\/uploads\/2023\/06\/thanh-pham-7-768x576.webp 768w\" sizes=\"auto, (max-width: 800px) 100vw, 800px\" \/><\/p>\n<h2>Nh\u1eefng l\u1ee3i \u00edch khi s\u1eed d\u1ee5ng m\u00e1y \u00e9p c\u00e1m vi\u00ean S200 \u0111\u1ea7u n\u1ed5<\/h2>\n<p>S\u1eed d\u1ee5ng m\u00e1y \u00e9p c\u00e1m vi\u00ean S200 \u0111\u1ea7u n\u1ed5 g\u00f3p ph\u1ea7n ti\u1ebft ki\u1ec7m chi ph\u00ed v\u00e0 \u0111\u1ea3m b\u1ea3o ch\u1ea5t l\u01b0\u1ee3ng th\u1ee9c \u0103n cho \u0111\u00e0n v\u1eadt nu\u00f4i.<\/p>\n<p>T\u1eadn d\u1ee5ng \u0111\u01b0\u1ee3c nh\u1eefng nguy\u00ean li\u1ec7u c\u00f3 s\u1eb5n v\u1edbi gi\u00e1 th\u00e0nh r\u1ebb tr\u00e1nh l\u00e3ng ph\u00ed th\u1ee9c \u0103n<\/p>\n<p>M\u00e1y d\u1ec5 s\u1eed d\u1ee5ng n\u00ean ch\u1ec9 c\u1ea7n 1 nh\u00e2n c\u00f4ng \u0111\u1ee9ng v\u1eadn h\u00e0nh m\u00e1y l\u00e0 c\u00f3 th\u1ec3 ho\u1ea1t \u0111\u1ed9ng 1 c\u00e1ch tr\u01a1n tru cho n\u0103ng su\u1ea5t cao.<\/p>\n<h2>Th\u00f4ng s\u1ed1 k\u1ef9 thu\u1eadt<\/h2>\n<table border=\"1\" width=\"814\" cellspacing=\"1\" cellpadding=\"1\">\n<tbody>\n<tr>\n<td colspan=\"1\" rowspan=\"3\">\u0110\u1ed9ng c\u01a1<\/td>\n<td>C\u00f4ng su\u1ea5t \u0111\u1ea7u n\u1ed5<\/td>\n<td>\u00a0D10<\/td>\n<\/tr>\n<tr>\n<td>Ngu\u1ed3n \u0111i\u1ec7n<\/td>\n<td>\u00a0 (V)<\/td>\n<\/tr>\n<tr>\n<td>T\u1ed1c \u0111\u1ed9<\/td>\n<td>\u00a0(v\/p)<\/td>\n<\/tr>\n<tr>\n<td colspan=\"1\" rowspan=\"2\">Tr\u1ecdng l\u01b0\u1ee3ng m\u00e1y<\/td>\n<td>Nguy\u00ean b\u1ed9<\/td>\n<td>(kg)<\/td>\n<\/tr>\n<tr>\n<td>Kh\u00f4ng \u0111\u1ed9ng c\u01a1<\/td>\n<td>(kg)<\/td>\n<\/tr>\n<tr>\n<td colspan=\"1\" rowspan=\"2\">B\u1ea3o h\u00e0nh<\/td>\n<td>K\u1ef9 thu\u1eadt<\/td>\n<td>06 th\u00e1ng<\/td>\n<\/tr>\n<tr>\n<td>\u0110\u1ed9ng c\u01a1<\/td>\n<td>Theo t\u1eebng h\u00e3ng s\u1ea3n xu\u1ea5t<\/td>\n<\/tr>\n<tr>\n<td>N\u0103ng su\u1ea5t<\/td>\n<td colspan=\"2\" rowspan=\"1\">100 \u2013 200 kg\/gi\u1edd<\/td>\n<\/tr>\n<tr>\n<td>K\u00edch th\u01b0\u1edbc (D*C*R)<\/td>\n<td colspan=\"2\" rowspan=\"1\">110*100*50 cm<\/td>\n<\/tr>\n<tr>\n<td>H\u00ecnh th\u1ee9c thanh to\u00e1n<\/td>\n<td colspan=\"2\" rowspan=\"1\">Ti\u1ec1n m\u1eb7t ho\u1eb7c chuy\u1ec3n kho\u1ea3n<\/td>\n<\/tr>\n<\/tbody>\n<\/table>\n","protected":false},"excerpt":{"rendered":"<ul>\n<li><strong>H\u00e3ng s\u1ea3n xu\u1ea5t :<\/strong> B\u00ecnh Minh<\/li>\n<li><strong>C\u00f4ng su\u1ea5t \u0111\u00e2u n\u1ed5<\/strong>\u00a0: D10<\/li>\n<li><strong>N\u0103ng su\u1ea5t :<\/strong>\u00a0100 \u2013 200 kg\/gi\u1edd<\/li>\n<li><strong>K\u00edch th\u01b0\u1edbc (d*c*r):<\/strong>\u00a0110*100*50 cm<\/li>\n<li><strong>T\u00ednh n\u0103ng :<\/strong>\u00a0M\u00e1y chuy\u00ean d\u00f9ng nghi\u1ec1n \u2013 \u00e9p h\u1ed7n h\u1ee3p b\u1ed9t c\u00e1m, ng\u00f4 h\u1ea1t, rau xanh,\u2026 l\u00e0m c\u00e1m vi\u00ean cho gia s\u00fac \u2013 gia c\u1ea7m<\/li>\n<\/ul>\n","protected":false},"featured_media":8546,"comment_status":"closed","ping_status":"closed","template":"","meta":[],"product_brand":[],"product_cat":[64,63],"product_tag":[],"class_list":{"0":"post-8543","1":"product","2":"type-product","3":"status-publish","4":"has-post-thumbnail","6":"product_cat-may-ep-cam","7":"product_cat-may-ep-cam-vien-truc-dung","9":"first","10":"instock","11":"shipping-taxable","12":"product-type-simple"},"_links":{"self":[{"href":"https:\/\/congtybinhminh.com\/index.php?rest_route=\/wp\/v2\/product\/8543","targetHints":{"allow":["GET"]}}],"collection":[{"href":"https:\/\/congtybinhminh.com\/index.php?rest_route=\/wp\/v2\/product"}],"about":[{"href":"https:\/\/congtybinhminh.com\/index.php?rest_route=\/wp\/v2\/types\/product"}],"replies":[{"embeddable":true,"href":"https:\/\/congtybinhminh.com\/index.php?rest_route=%2Fwp%2Fv2%2Fcomments&post=8543"}],"wp:featuredmedia":[{"embeddable":true,"href":"https:\/\/congtybinhminh.com\/index.php?rest_route=\/wp\/v2\/media\/8546"}],"wp:attachment":[{"href":"https:\/\/congtybinhminh.com\/index.php?rest_route=%2Fwp%2Fv2%2Fmedia&parent=8543"}],"wp:term":[{"taxonomy":"product_brand","embeddable":true,"href":"https:\/\/congtybinhminh.com\/index.php?rest_route=%2Fwp%2Fv2%2Fproduct_brand&post=8543"},{"taxonomy":"product_cat","embeddable":true,"href":"https:\/\/congtybinhminh.com\/index.php?rest_route=%2Fwp%2Fv2%2Fproduct_cat&post=8543"},{"taxonomy":"product_tag","embeddable":true,"href":"https:\/\/congtybinhminh.com\/index.php?rest_route=%2Fwp%2Fv2%2Fproduct_tag&post=8543"}],"curies":[{"name":"wp","href":"https:\/\/api.w.org\/{rel}","templated":true}]}}