{"id":8528,"date":"2023-06-08T10:38:14","date_gmt":"2023-06-08T03:38:14","guid":{"rendered":"https:\/\/congtybinhminh.com\/?post_type=product&#038;p=8528"},"modified":"2024-04-03T16:45:40","modified_gmt":"2024-04-03T09:45:40","slug":"may-nghien-thuc-an-chan-nuoi-b12-2-toa","status":"publish","type":"product","link":"https:\/\/congtybinhminh.com\/?product=may-nghien-thuc-an-chan-nuoi-b12-2-toa","title":{"rendered":"M\u00e1y nghi\u1ec1n th\u1ee9c \u0103n ch\u0103n nu\u00f4i B12 &#8211; 2 toa"},"content":{"rendered":"<h2>Video ho\u1ea1t \u0111\u1ed9ng m\u00e1y<\/h2>\n<p><iframe loading=\"lazy\" title=\"M\u00e1y nghi\u1ec1n 12 2 toa. Nghi\u1ec1n si\u00eau m\u1ecbn n\u0103ng su\u1ea5t cao\" width=\"1020\" height=\"574\" src=\"https:\/\/www.youtube.com\/embed\/NLaVIuYFZOA?feature=oembed\" frameborder=\"0\" allow=\"accelerometer; autoplay; clipboard-write; encrypted-media; gyroscope; picture-in-picture; web-share\" referrerpolicy=\"strict-origin-when-cross-origin\" allowfullscreen><\/iframe><\/p>\n<h2>Gi\u1edbi thi\u1ec7u m\u00e1y nghi\u1ec1n TACN B12 &#8211; 2 toa<\/h2>\n<p>M\u00e1y nghi\u1ec1n th\u1ee9c \u0103n ch\u0103n nu\u00f4i B12 \u2013 2 toa \u0111\u01b0\u1ee3c c\u00f4ng ty B\u00ecnh Minh tr\u1ef1c ti\u1ebfp s\u1ea3n xu\u1ea5t ra chuy\u00ean d\u00f9ng \u0111\u1ec3 nghi\u1ec1n nh\u1ecf c\u00e1c h\u1ea1t n\u00f4ng s\u1ea3n c\u00f3 s\u1eb5n t\u1ea1i nh\u00e0 nh\u01b0 ng\u00f4, khoai, s\u1eafn, th\u00f3c,\u2026 d\u00f9ng \u0111\u1ec3 ph\u1ed1i tr\u1ed9n th\u1ee9c \u0103n ch\u0103n nu\u00f4i. Gi\u00fap v\u1eadt nu\u00f4i d\u1ec5 ti\u00eau h\u00f3a th\u1ee9c \u0103n, t\u0103ng c\u01b0\u1eddng dinh d\u01b0\u1ee1ng cho gia s\u00fac, gia c\u1ea7m v\u00e0 ti\u1ebft ki\u1ec7m t\u1ed1i \u0111a th\u1eddi gian c\u0169ng nh\u01b0 chi ph\u00ed ch\u0103n nu\u00f4i cho b\u00e0 con.<\/p>\n<p><img loading=\"lazy\" decoding=\"async\" class=\"aligncenter wp-image-8532 size-full\" src=\"https:\/\/congtybinhminh.com\/wp-content\/uploads\/2023\/06\/may-nghien-B12-2-toa-2.webp\" alt=\"\" width=\"800\" height=\"600\" srcset=\"https:\/\/congtybinhminh.com\/wp-content\/uploads\/2023\/06\/may-nghien-B12-2-toa-2.webp 800w, https:\/\/congtybinhminh.com\/wp-content\/uploads\/2023\/06\/may-nghien-B12-2-toa-2-510x383.webp 510w, https:\/\/congtybinhminh.com\/wp-content\/uploads\/2023\/06\/may-nghien-B12-2-toa-2-533x400.webp 533w, https:\/\/congtybinhminh.com\/wp-content\/uploads\/2023\/06\/may-nghien-B12-2-toa-2-768x576.webp 768w\" sizes=\"auto, (max-width: 800px) 100vw, 800px\" \/><\/p>\n<p>Ngo\u00e0i ra m\u00e1y c\u00f2n c\u00f3 th\u1ec3 nghi\u1ec1n g\u1ea1o ng\u00e2m th\u00e0nh b\u1ed9t \u1ea9m \u2013 nguy\u00ean li\u1ec7u ch\u00ednh s\u1ea3n xu\u1ea5t ra s\u1ee3i m\u1ef3, b\u00fan, ph\u1edf kh\u00f4 ch\u1ea5t l\u01b0\u1ee3ng, kh\u00f4ng h\u00f3a ch\u1ea5t.<\/p>\n<h2>T\u00ednh n\u0103ng n\u1ed5i tr\u1ed9i c\u1ee7a m\u00e1y<\/h2>\n<p>Thao t\u00e1c v\u1eadn h\u00e0nh m\u00e1y \u0111\u01a1n gi\u1ea3n, hi\u1ec7u qu\u1ea3 v\u01b0\u1ee3t tr\u1ed9i so v\u1edbi c\u00e1c d\u00f2ng m\u00e1y t\u01b0\u01a1ng t\u1ef1 tr\u00ean th\u1ecb tr\u01b0\u1eddng.<\/p>\n<p>M\u00e1y ho\u1ea1t \u0111\u1ed9ng b\u1ec1n b\u1ec9, ch\u1eafc ch\u1eafn, \u0111\u1ea3m b\u1ea3o an to\u00e0n cho ng\u01b0\u1eddi v\u1eadn h\u00e0nh v\u00e0 mang l\u1ea1i hi\u1ec7u qu\u1ea3 cao trong ch\u0103n nu\u00f4i.<\/p>\n<p><img loading=\"lazy\" decoding=\"async\" class=\"aligncenter wp-image-8529 size-full\" src=\"https:\/\/congtybinhminh.com\/wp-content\/uploads\/2023\/06\/may-nghien-B12-2-toa.webp\" alt=\"\" width=\"800\" height=\"600\" srcset=\"https:\/\/congtybinhminh.com\/wp-content\/uploads\/2023\/06\/may-nghien-B12-2-toa.webp 800w, https:\/\/congtybinhminh.com\/wp-content\/uploads\/2023\/06\/may-nghien-B12-2-toa-510x383.webp 510w, https:\/\/congtybinhminh.com\/wp-content\/uploads\/2023\/06\/may-nghien-B12-2-toa-533x400.webp 533w, https:\/\/congtybinhminh.com\/wp-content\/uploads\/2023\/06\/may-nghien-B12-2-toa-768x576.webp 768w\" sizes=\"auto, (max-width: 800px) 100vw, 800px\" \/><\/p>\n<p>\u0110\u01b0\u1ee3c l\u1eafp \u0111\u1ed9ng c\u01a1 5.5kw \u2013 7.5kw, ngu\u1ed3n \u0111i\u1ec7n 380V cho ra n\u0103ng su\u1ea5t cao, l\u00ean \u0111\u1ebfn <strong>100 \u2013 400kg\/h<\/strong>, gi\u00fap b\u00e0 con ti\u1ebft ki\u1ec7m th\u1eddi gian, c\u00f4ng s\u1ee9c c\u0169ng nh\u01b0 chi ph\u00ed khi ch\u1ebf bi\u1ebfn th\u1ee9c \u0103n ch\u0103n nu\u00f4i cho v\u1eadt nu\u00f4i.<\/p>\n<p>h\u00e0nh ph\u1ea9m b\u1ed9t sau nghi\u1ec1n nh\u1ecf, m\u1ecbn, \u0111\u1ed3ng \u0111\u1ec1u gi\u00fap v\u1eadt nu\u00f4i d\u1ec5<b>\u00a0<\/b>ti\u00eau h\u00f3a.<\/p>\n<p><strong>\u0110\u1eb7c bi\u1ec7t: Ngo\u00e0i nghi\u1ec1n b\u1ed9t kh\u00f4, m\u00e1y c\u00f2n c\u00f3 th\u1ec3 nghi\u1ec1n d\u1ec5 d\u00e0ng \u0111\u01b0\u1ee3c b\u1ed9t \u1ea9m nh\u01b0 b\u1ed9t g\u1ea1o ng\u00e2m \u0111\u1ec3 s\u1ea3n xu\u1ea5t b\u00fan kh\u00f4, ph\u1edf kh\u00f4, b\u00e1nh cu\u1ed1n,\u2026 m\u00e0 kh\u00f4ng b\u1ecb b\u00edt t\u1eafc s\u00e0ng hay n\u1eb7ng t\u1ea3i.<\/strong><\/p>\n<h2>C\u1ea5u t\u1ea1o m\u00e1y nghi\u1ec1n TACN B12 &#8211; 2 toa<\/h2>\n<p>M\u00e1y nghi\u1ec1n th\u1ee9c \u0103n ch\u0103n nu\u00f4i B12 \u2013 2 toa \u0111\u01b0\u1ee3c l\u00e0m b\u1eb1ng ch\u1ea5t li\u1ec7u th\u00e9p cao c\u1ea5p, gi\u00fap m\u00e1y ho\u1ea1t \u0111\u1ed9ng \u1ed5n \u0111\u1ecbnh, b\u1ec1n b\u1ec9. Thi\u1ebft k\u1ebf nh\u1ecf g\u1ecdn, kh\u00f4ng chi\u1ebfm qu\u00e1 nhi\u1ec1u kh\u00f4ng gian s\u1eed d\u1ee5ng.<\/p>\n<p><img loading=\"lazy\" decoding=\"async\" class=\"aligncenter wp-image-8534 size-full\" src=\"https:\/\/congtybinhminh.com\/wp-content\/uploads\/2023\/06\/cau-tao-may-1.webp\" alt=\"\" width=\"800\" height=\"600\" srcset=\"https:\/\/congtybinhminh.com\/wp-content\/uploads\/2023\/06\/cau-tao-may-1.webp 800w, https:\/\/congtybinhminh.com\/wp-content\/uploads\/2023\/06\/cau-tao-may-1-510x383.webp 510w, https:\/\/congtybinhminh.com\/wp-content\/uploads\/2023\/06\/cau-tao-may-1-533x400.webp 533w, https:\/\/congtybinhminh.com\/wp-content\/uploads\/2023\/06\/cau-tao-may-1-768x576.webp 768w\" sizes=\"auto, (max-width: 800px) 100vw, 800px\" \/><\/p>\n<h3><span id=\"Toa_nap_nguyen_lieu\" class=\"ez-toc-section\"><\/span>Toa n\u1ea1p nguy\u00ean li\u1ec7u<\/h3>\n<p>G\u1ed3m 2 toa: 1 toa n\u1ea1p l\u1edbn ph\u00eda tr\u00ean v\u00e0 1 toa n\u1ea1p nh\u1ecf ph\u00eda d\u01b0\u1edbi gi\u00fap m\u00e1y ti\u1ebfp nh\u1eadn c\u00e0ng nhi\u1ec1u nguy\u00ean li\u1ec7u, t\u0103ng n\u0103ng su\u1ea5t v\u00e0 hi\u1ec7u qu\u1ea3 l\u00e0m vi\u1ec7c.<\/p>\n<h3><span id=\"Buong_nghien\" class=\"ez-toc-section\"><\/span>Bu\u1ed3ng nghi\u1ec1n<\/h3>\n<p>Bu\u1ed3ng l\u00e0m vi\u1ec7c \u0111\u01b0\u1ee3c trang b\u1ecb 18 b\u00faa \u0111\u1eadp ch\u1eafc kh\u1ecfe c\u00f3 nhi\u1ec7m v\u1ee5 ch\u00e0 s\u00e1t nguy\u00ean li\u1ec7u v\u1edbi th\u00e0nh m\u00e1y khi\u1ebfn ch\u00fang v\u1ee1 v\u1ee5n l\u00e0m nhi\u1ec1u m\u1ea3nh nh\u1ecf \u0111\u1ed3ng th\u1eddi t\u1ea1o ra s\u1ee9c gi\u00f3 th\u1ed5i h\u1ea1t b\u1ed9t nh\u1ecf l\u1ecdt qua l\u01b0\u1edbi s\u00e0ng \u0111i xu\u1ed1ng c\u1eeda x\u1ea3.<\/p>\n<p><img loading=\"lazy\" decoding=\"async\" class=\"aligncenter wp-image-8533 size-full\" src=\"https:\/\/congtybinhminh.com\/wp-content\/uploads\/2023\/06\/Buong-nghien.webp\" alt=\"\" width=\"800\" height=\"600\" srcset=\"https:\/\/congtybinhminh.com\/wp-content\/uploads\/2023\/06\/Buong-nghien.webp 800w, https:\/\/congtybinhminh.com\/wp-content\/uploads\/2023\/06\/Buong-nghien-510x383.webp 510w, https:\/\/congtybinhminh.com\/wp-content\/uploads\/2023\/06\/Buong-nghien-533x400.webp 533w, https:\/\/congtybinhminh.com\/wp-content\/uploads\/2023\/06\/Buong-nghien-768x576.webp 768w\" sizes=\"auto, (max-width: 800px) 100vw, 800px\" \/><\/p>\n<p>\u0110\u1ec3 \u0111i\u1ec1u ch\u1ec9nh \u0111\u1ed9 m\u1ecbn c\u1ee7a th\u00e0nh ph\u1ea9m ph\u00f9 h\u1ee3p v\u1edbi gia s\u00fac, gia c\u1ea7m nh\u00e0 m\u00ecnh, b\u00e0 con ch\u1ec9 c\u1ea7n thao t\u00e1c \u0111\u01a1n gi\u1ea3n thay \u0111\u1ed5i m\u1eb7t s\u00e0ng trong m\u00e1y \u0111\u01b0\u1ee3c.<\/p>\n<h2>C\u00e1ch b\u1ea3o d\u01b0\u1ee1ng v\u00e0 v\u1ec7 sinh m\u00e1y<\/h2>\n<p>Sau khi t\u1eaft m\u00e1y khi kh\u00f4ng s\u1eed d\u1ee5ng n\u1eefa th\u00ec ph\u1ea3i v\u1ec7 sinh \u201ckh\u00f4\u201d s\u1ea1ch s\u1ebd. Tuy\u1ec7t \u0111\u1ed1i kh\u00f4ng d\u00f9ng n\u01b0\u1edbc r\u1eeda m\u00e1y s\u1ebd l\u00e0m \u01b0\u1edbt motor.<\/p>\n<p>D\u00f9ng c\u1edd l\u00ea m\u1edf kh\u00f3a ch\u1ed1t bu\u1ed3ng nghi\u1ec1n tr\u00ean th\u00e2n m\u00e1y, v\u1ec7 sinh kh\u00f4 bu\u1ed3ng nghi\u1ec1n .Th\u00e1o g\u00f4ng s\u00e0ng v\u00e0 s\u00e0ng \u0111\u1ec3 v\u1ec7 sinh.<\/p>\n<p><img loading=\"lazy\" decoding=\"async\" class=\"aligncenter wp-image-8535 size-full\" src=\"https:\/\/congtybinhminh.com\/wp-content\/uploads\/2023\/06\/may-nghien-B12-2-toa-3.webp\" alt=\"\" width=\"800\" height=\"600\" srcset=\"https:\/\/congtybinhminh.com\/wp-content\/uploads\/2023\/06\/may-nghien-B12-2-toa-3.webp 800w, https:\/\/congtybinhminh.com\/wp-content\/uploads\/2023\/06\/may-nghien-B12-2-toa-3-510x383.webp 510w, https:\/\/congtybinhminh.com\/wp-content\/uploads\/2023\/06\/may-nghien-B12-2-toa-3-533x400.webp 533w, https:\/\/congtybinhminh.com\/wp-content\/uploads\/2023\/06\/may-nghien-B12-2-toa-3-768x576.webp 768w\" sizes=\"auto, (max-width: 800px) 100vw, 800px\" \/><\/p>\n<p>Tra m\u1ee1 v\u00e0o v\u00fa b\u01a1m m\u1ee1 \u0111\u01b0\u1ee3c \u0111\u1ec3 s\u1eb5n 1-2 l\u1ea7n\/tu\u1ea7n \u0111\u1ec3 m\u00e1y ho\u1ea1t \u0111\u1ed9ng tr\u01a1n tru.<\/p>\n<p>Ki\u1ec3m tra c\u00e1c kh\u1edbp n\u1ed1i, si\u1ebft ch\u1eb7t l\u1ea1i \u1ed1c v\u00edt m\u1ed7i l\u1ea7n ho\u1ea1t \u0111\u1ed9ng \u0111\u1ec3 m\u00e1y v\u1eadn h\u00e0nh hi\u1ec7u qu\u1ea3.<\/p>\n<p>T\u1eaft m\u00e1y ngay khi c\u00f3 hi\u1ec7n t\u01b0\u1ee3ng motor ch\u1ea1y \u00ec y\u1ebfu, \u0111\u1ed9ng c\u01a1 qu\u00e1 n\u00f3ng.<\/p>\n<h2>Th\u00f4ng s\u1ed1 k\u1ef9 thu\u1eadt<\/h2>\n<table border=\"1\" cellspacing=\"1\" cellpadding=\"1\">\n<tbody>\n<tr>\n<td>C\u00f4ng su\u1ea5t \u0111\u1ed9ng c\u01a1<\/td>\n<td>5,5 &#8211; 7,5kw<\/td>\n<\/tr>\n<tr>\n<td>T\u1ed1c \u0111\u1ed9 v\u00f2ng quay<\/td>\n<td>4200-4500v\/p<\/td>\n<\/tr>\n<tr>\n<td>Ngu\u1ed3n \u0111i\u1ec7n<\/td>\n<td>380V<\/td>\n<\/tr>\n<tr>\n<td>Nguy\u00ean b\u1ed9<\/td>\n<td>kg<\/td>\n<\/tr>\n<tr>\n<td>Kh\u00f4ng \u0111\u1ed9ng c\u01a1<\/td>\n<td>kg<\/td>\n<\/tr>\n<tr>\n<td>N\u0103ng su\u1ea5t<\/td>\n<td>100 &#8211; 400kg\/gi\u1edd<\/td>\n<\/tr>\n<tr>\n<td>K\u00edch th\u01b0\u1edbc ( D * C * R )<\/td>\n<td>\n<div class=\"divTableRow\">\n<div class=\"divTableCell\">76 cm*53 cm*58 cm<\/div>\n<\/div>\n<\/td>\n<\/tr>\n<tr>\n<td>B\u1ea3o h\u00e0nh<\/td>\n<td>06 th\u00e1ng<\/td>\n<\/tr>\n<tr>\n<td>H\u00ecnh th\u1ee9c thanh to\u00e1n<\/td>\n<td><em><strong>Ti\u1ec1n m\u1eb7t ho\u1eb7c chuy\u1ec3n kho\u1ea3n<\/strong><\/em><\/td>\n<\/tr>\n<\/tbody>\n<\/table>\n","protected":false},"excerpt":{"rendered":"<p><strong>H\u00e3ng s\u1ea3n xu\u1ea5t: <\/strong>B\u00ecnh Minh<\/p>\n<p><strong>C\u00f4ng su\u1ea5t \u0111\u1ed9ng c\u01a1: <\/strong>5,5 \u2013 7,5 kw<\/p>\n<p><strong>Ngu\u1ed3n \u0111i\u1ec7n: <\/strong>380V<\/p>\n<p><strong>T\u1ed1c \u0111\u1ed9:<\/strong>\u00a04200\u00a0 \u2013 4500 v\/p<\/p>\n<p><strong>N\u0103ng su\u1ea5t: <\/strong>100 \u2013 400 kg\/gi\u1edd<\/p>\n<p><strong>T\u00ednh n\u0103ng:<\/strong> M\u00e1y chuy\u00ean d\u00f9ng nghi\u1ec1n c\u00e1c lo\u1ea1i g\u1ea1o, ng\u00f4 h\u1ea1t, th\u00f3c, tr\u1ea5u\u2026 th\u00e0nh b\u1ed9t si\u00eau m\u1ecbn.<\/p>\n","protected":false},"featured_media":8530,"comment_status":"closed","ping_status":"closed","template":"","meta":[],"product_brand":[],"product_cat":[32],"product_tag":[],"class_list":{"0":"post-8528","1":"product","2":"type-product","3":"status-publish","4":"has-post-thumbnail","6":"product_cat-may-nghien","8":"first","9":"instock","10":"shipping-taxable","11":"product-type-simple"},"_links":{"self":[{"href":"https:\/\/congtybinhminh.com\/index.php?rest_route=\/wp\/v2\/product\/8528","targetHints":{"allow":["GET"]}}],"collection":[{"href":"https:\/\/congtybinhminh.com\/index.php?rest_route=\/wp\/v2\/product"}],"about":[{"href":"https:\/\/congtybinhminh.com\/index.php?rest_route=\/wp\/v2\/types\/product"}],"replies":[{"embeddable":true,"href":"https:\/\/congtybinhminh.com\/index.php?rest_route=%2Fwp%2Fv2%2Fcomments&post=8528"}],"wp:featuredmedia":[{"embeddable":true,"href":"https:\/\/congtybinhminh.com\/index.php?rest_route=\/wp\/v2\/media\/8530"}],"wp:attachment":[{"href":"https:\/\/congtybinhminh.com\/index.php?rest_route=%2Fwp%2Fv2%2Fmedia&parent=8528"}],"wp:term":[{"taxonomy":"product_brand","embeddable":true,"href":"https:\/\/congtybinhminh.com\/index.php?rest_route=%2Fwp%2Fv2%2Fproduct_brand&post=8528"},{"taxonomy":"product_cat","embeddable":true,"href":"https:\/\/congtybinhminh.com\/index.php?rest_route=%2Fwp%2Fv2%2Fproduct_cat&post=8528"},{"taxonomy":"product_tag","embeddable":true,"href":"https:\/\/congtybinhminh.com\/index.php?rest_route=%2Fwp%2Fv2%2Fproduct_tag&post=8528"}],"curies":[{"name":"wp","href":"https:\/\/api.w.org\/{rel}","templated":true}]}}