{"id":8520,"date":"2023-06-08T09:30:05","date_gmt":"2023-06-08T02:30:05","guid":{"rendered":"https:\/\/congtybinhminh.com\/?post_type=product&#038;p=8520"},"modified":"2026-01-29T16:32:33","modified_gmt":"2026-01-29T09:32:33","slug":"may-no-bong-goi-thep","status":"publish","type":"product","link":"https:\/\/congtybinhminh.com\/?product=may-no-bong-goi-thep","title":{"rendered":"M\u00e1y n\u1ed5 b\u1ecfng g\u1ed1i th\u00e9p"},"content":{"rendered":"<h2>Video ho\u1ea1t \u0111\u1ed9ng m\u00e1y<\/h2>\n<p><iframe loading=\"lazy\" title=\"H\u01b0\u1edbng D\u1eabn C\u00e1ch L\u00e0m B\u1ecfng Ng\u00f4 B\u1ecfng G\u1ea1o V\u1edbi M\u00e1y N\u1ed5 B\u1ecfng G\u1ed1i Th\u00e9p\" width=\"1020\" height=\"574\" src=\"https:\/\/www.youtube.com\/embed\/dOeYMhhUuyI?feature=oembed\" frameborder=\"0\" allow=\"accelerometer; autoplay; clipboard-write; encrypted-media; gyroscope; picture-in-picture; web-share\" referrerpolicy=\"strict-origin-when-cross-origin\" allowfullscreen><\/iframe><\/p>\n<h2>Gi\u1edbi thi\u1ec7u m\u00e1y n\u1ed5 b\u1ecfng g\u1ed1i th\u00e9p<\/h2>\n<p>M\u00e1y n\u1ed5 b\u1ecfng g\u1ed1i th\u00e9p l\u00e0 d\u00f2ng m\u00e1y \u0111\u01b0\u1ee3c c\u00f4ng ty B\u00ecnh Minh tr\u1ef1c ti\u1ebfp ch\u1ebf t\u1ea1o v\u00e0 s\u1ea3n xu\u1ea5t ra. M\u00e1y \u0111\u00f9n \u0111\u01b0\u1ee3c nhi\u1ec1u lo\u1ea1i b\u1ecfng kh\u00e1c nh\u01b0 nh\u01b0: k\u00e9n t\u1eafm, \u0111\u1ee7 \u0111\u1ee7, bi zonzon, b\u1ecfng g\u1eady&#8230;.th\u00e0nh ph\u1ea9m c\u00f3 th\u1ec3 \u0103n \u0111\u01b0\u1ee3c ngay v\u00e0 \u0111\u1ea3m b\u1ea3o v\u1ec7 sinh.<\/p>\n<p><img loading=\"lazy\" decoding=\"async\" class=\"aligncenter wp-image-8521 size-full\" src=\"https:\/\/congtybinhminh.com\/wp-content\/uploads\/2023\/06\/may-no-bong-goi-thep.webp\" alt=\"\" width=\"800\" height=\"600\" srcset=\"https:\/\/congtybinhminh.com\/wp-content\/uploads\/2023\/06\/may-no-bong-goi-thep.webp 800w, https:\/\/congtybinhminh.com\/wp-content\/uploads\/2023\/06\/may-no-bong-goi-thep-510x383.webp 510w, https:\/\/congtybinhminh.com\/wp-content\/uploads\/2023\/06\/may-no-bong-goi-thep-533x400.webp 533w, https:\/\/congtybinhminh.com\/wp-content\/uploads\/2023\/06\/may-no-bong-goi-thep-768x576.webp 768w\" sizes=\"auto, (max-width: 800px) 100vw, 800px\" \/><\/p>\n<p>V\u1edbi thi\u1ebft k\u1ebf nh\u1ecf g\u1ecdn, d\u1ec5 d\u00e0ng l\u1eafp \u0111\u1eb7t m\u00e1y r\u1ea5t ph\u00f9 h\u1ee3p v\u1edbi nh\u1eefng h\u1ed9 gia \u0111\u00ecnh kinh doanh.<\/p>\n<h2>C\u1ea5u t\u1ea1o c\u1ee7a m\u00e1y n\u1ed5 b\u1ecfng g\u1ed1i th\u00e9p<\/h2>\n<p>M\u00e1y \u0111\u01b0\u1ee3c thi\u1ebft k\u1ebf nh\u1ecf g\u1ecdn, ch\u1eafc ch\u1eafn. Tr\u1ecdng l\u01b0\u1ee3ng m\u00e1y ch\u01b0a bao g\u1ed3m \u0111\u1ed9ng c\u01a1 l\u00e0 53kg.<\/p>\n<p><img loading=\"lazy\" decoding=\"async\" class=\"aligncenter wp-image-8523 size-full\" src=\"https:\/\/congtybinhminh.com\/wp-content\/uploads\/2023\/06\/may-no-bong-goi-thep-2.webp\" alt=\"\" width=\"800\" height=\"600\" srcset=\"https:\/\/congtybinhminh.com\/wp-content\/uploads\/2023\/06\/may-no-bong-goi-thep-2.webp 800w, https:\/\/congtybinhminh.com\/wp-content\/uploads\/2023\/06\/may-no-bong-goi-thep-2-510x383.webp 510w, https:\/\/congtybinhminh.com\/wp-content\/uploads\/2023\/06\/may-no-bong-goi-thep-2-533x400.webp 533w, https:\/\/congtybinhminh.com\/wp-content\/uploads\/2023\/06\/may-no-bong-goi-thep-2-768x576.webp 768w\" sizes=\"auto, (max-width: 800px) 100vw, 800px\" \/><\/p>\n<p>Ch\u00e2n b\u1ec7 \u0111\u01b0\u1ee3c g\u1eafn 4 b\u00e1nh xe d\u1ec5 d\u00e0ng cho vi\u1ec7c di chuy\u1ec3n m\u00e1y \u0111\u1ebfn n\u01a1i c\u1ea7n s\u1eed d\u1ee5ng.<\/p>\n<p>C\u1eeda n\u1ea1p nguy\u00ean li\u1ec7u d\u1ea1ng ph\u1ec5u gi\u00fap nguy\u00ean li\u1ec7u t\u1eeb t\u1eeb di chuy\u1ec3n \u0111\u1ec1u xu\u1ed1ng bu\u1ed3ng l\u00e0m vi\u1ec7c, t\u1ea1o \u0111i\u1ec1u ki\u1ec7n cho qu\u00e1 tr\u00ecnh n\u1ed5 b\u1ecfng di\u1ec5n ra hi\u1ec7u qu\u1ea3.<\/p>\n<p><img loading=\"lazy\" decoding=\"async\" class=\"aligncenter wp-image-8525 size-full\" src=\"https:\/\/congtybinhminh.com\/wp-content\/uploads\/2023\/06\/toa-nap-4.webp\" alt=\"\" width=\"800\" height=\"600\" srcset=\"https:\/\/congtybinhminh.com\/wp-content\/uploads\/2023\/06\/toa-nap-4.webp 800w, https:\/\/congtybinhminh.com\/wp-content\/uploads\/2023\/06\/toa-nap-4-510x383.webp 510w, https:\/\/congtybinhminh.com\/wp-content\/uploads\/2023\/06\/toa-nap-4-533x400.webp 533w, https:\/\/congtybinhminh.com\/wp-content\/uploads\/2023\/06\/toa-nap-4-768x576.webp 768w\" sizes=\"auto, (max-width: 800px) 100vw, 800px\" \/><\/p>\n<p>Khi v\u1eadn h\u00e0nh m\u00e1y, motor quay chuy\u1ec3n \u0111\u1ed9ng \u0111\u1ebfn xi lanh v\u00e0 ru\u1ed9t b\u1ecfng c\u00f3 c\u1ea5u t\u1ea1o ng\u01b0\u1ee3c chi\u1ec1u nhau t\u1ea1o ra ma s\u00e1t. L\u00fac n\u00e0y trong bu\u1ed3ng l\u00e0m vi\u1ec7c s\u1ebd sinh nhi\u1ec7t l\u00e0m ch\u00edn nguy\u00ean li\u1ec7u \u0111\u1ed3ng th\u1eddi th\u1ed5i ph\u1ed3ng th\u00e0nh c\u00e1c lo\u1ea1i b\u1ecfng th\u01a1m ngon, gi\u00f2n tan.<\/p>\n<p><img loading=\"lazy\" decoding=\"async\" class=\"aligncenter wp-image-8527 size-full\" src=\"https:\/\/congtybinhminh.com\/wp-content\/uploads\/2023\/06\/dao-cat-va-ruot-bong.webp\" alt=\"\" width=\"800\" height=\"600\" srcset=\"https:\/\/congtybinhminh.com\/wp-content\/uploads\/2023\/06\/dao-cat-va-ruot-bong.webp 800w, https:\/\/congtybinhminh.com\/wp-content\/uploads\/2023\/06\/dao-cat-va-ruot-bong-510x383.webp 510w, https:\/\/congtybinhminh.com\/wp-content\/uploads\/2023\/06\/dao-cat-va-ruot-bong-533x400.webp 533w, https:\/\/congtybinhminh.com\/wp-content\/uploads\/2023\/06\/dao-cat-va-ruot-bong-768x576.webp 768w\" sizes=\"auto, (max-width: 800px) 100vw, 800px\" \/><\/p>\n<h2>\u01afu \u0111i\u1ec3m c\u1ee7a m\u00e1y n\u1ed5 b\u1ecfng g\u1ed1i th\u00e9p<\/h2>\n<p>Nguy\u00ean li\u1ec7u ch\u1ee7 y\u1ebfu l\u00e0 g\u1ea1o, ng\u00f4, \u0111\u01b0\u1eddng&#8230;n\u00ean r\u1ea5t \u0111\u1ea3m b\u1ea3o ch\u1ea5t l\u01b0\u1ee3ng th\u00e0nh ph\u1ea9m.<\/p>\n<p>M\u00e1y n\u1ed5 \u0111\u01b0\u1ee3c \u0111a d\u1ea1ng c\u00e1c lo\u1ea1i b\u1ecfng: b\u1ecfng \u1ed1ng, b\u1ecfng k\u00e9n t\u1eb1m, b\u1ecfng bizonzon, b\u1ecfng h\u1ea1t \u0111u \u0111\u1ee7.<\/p>\n<p><img loading=\"lazy\" decoding=\"async\" class=\"aligncenter wp-image-8526 size-full\" src=\"https:\/\/congtybinhminh.com\/wp-content\/uploads\/2023\/06\/z4413668452588_a3219968889519b57ebf6207f8bc8e81.webp\" alt=\"\" width=\"800\" height=\"600\" srcset=\"https:\/\/congtybinhminh.com\/wp-content\/uploads\/2023\/06\/z4413668452588_a3219968889519b57ebf6207f8bc8e81.webp 800w, https:\/\/congtybinhminh.com\/wp-content\/uploads\/2023\/06\/z4413668452588_a3219968889519b57ebf6207f8bc8e81-510x383.webp 510w, https:\/\/congtybinhminh.com\/wp-content\/uploads\/2023\/06\/z4413668452588_a3219968889519b57ebf6207f8bc8e81-533x400.webp 533w, https:\/\/congtybinhminh.com\/wp-content\/uploads\/2023\/06\/z4413668452588_a3219968889519b57ebf6207f8bc8e81-768x576.webp 768w\" sizes=\"auto, (max-width: 800px) 100vw, 800px\" \/><\/p>\n<p>M\u00e1y n\u1ed5 b\u1ecfng ti\u1ebft ki\u1ec7m \u0111i\u1ec7n n\u0103ng, cho n\u0103ng su\u1ea5t cao l\u00ean t\u1edbi <strong>40-50kg\/gi\u1edd<\/strong>. M\u00e1y ph\u00f9 h\u1ee3p cho h\u1ed9 gia \u0111\u00ecnh v\u00e0 kinh doanh b\u1ecfng.<\/p>\n<p>M\u00e1y \u0111\u01b0\u1ee3c l\u00e0m t\u1eeb ch\u1ea5t li\u1ec7u th\u00e9p an to\u00e0n v\u1ec7 sinh th\u1ef1c ph\u1ea9m.<\/p>\n<h2>Th\u00f4ng s\u1ed1 k\u1ef9 thu\u1eadt<\/h2>\n<table border=\"1\" cellspacing=\"1\" cellpadding=\"1\">\n<tbody>\n<tr>\n<td>C\u00f4ng su\u1ea5t \u0111\u1ed9ng c\u01a1<\/td>\n<td>11 &#8211; 15kw<\/td>\n<\/tr>\n<tr>\n<td>T\u1ed1c \u0111\u1ed9 v\u00f2ng quay<\/td>\n<td>600-700v\/p<\/td>\n<\/tr>\n<tr>\n<td>Ngu\u1ed3n \u0111i\u1ec7n<\/td>\n<td>380V<\/td>\n<\/tr>\n<tr>\n<td>Nguy\u00ean b\u1ed9<\/td>\n<td>\u00a0kg<\/td>\n<\/tr>\n<tr>\n<td>Kh\u00f4ng \u0111\u1ed9ng c\u01a1<\/td>\n<td>\u00a0kg<\/td>\n<\/tr>\n<tr>\n<td>N\u0103ng su\u1ea5t<\/td>\n<td>40-50 kg\/h<\/td>\n<\/tr>\n<tr>\n<td>K\u00edch th\u01b0\u1edbc ( D * C * R )<\/td>\n<td>\n<div class=\"divTableRow\">\n<div class=\"divTableCell\">100*57*56 cm<\/div>\n<\/div>\n<\/td>\n<\/tr>\n<tr>\n<td>B\u1ea3o h\u00e0nh<\/td>\n<td>06 th\u00e1ng<\/td>\n<\/tr>\n<tr>\n<td>H\u00ecnh th\u1ee9c thanh to\u00e1n<\/td>\n<td><em><strong>Ti\u1ec1n m\u1eb7t ho\u1eb7c chuy\u1ec3n kho\u1ea3n<\/strong><\/em><\/td>\n<\/tr>\n<\/tbody>\n<\/table>\n<p>&nbsp;<\/p>\n","protected":false},"excerpt":{"rendered":"<ul>\n<li>H\u00e3ng s\u1ea3n xu\u1ea5t : B\u00ecnh Minh<\/li>\n<li>N\u0103ng su\u1ea5t: 40-50kg\/h<\/li>\n<li>T\u1ed1c \u0111\u1ed9 m\u00e1y: 600-700 v\u00f2ng\/ph\u00fat<\/li>\n<li>\u0110\u1ed9ng c\u01a1: 11-15kw<\/li>\n<li>Ngu\u1ed3n \u0111i\u1ec7n: 380V (3 pha)<\/li>\n<li>T\u00ednh n\u0103ng: M\u00e1y c\u00f3 th\u1ec3 n\u1ed5 b\u1ecfng \u1ed1ng, bizonzon, h\u1ea1t \u0111u \u0111\u1ee7 v\u00e0 k\u00e9n t\u1eb1m.<\/li>\n<\/ul>\n","protected":false},"featured_media":11204,"comment_status":"closed","ping_status":"closed","template":"","meta":[],"product_brand":[],"product_cat":[205],"product_tag":[],"class_list":{"0":"post-8520","1":"product","2":"type-product","3":"status-publish","4":"has-post-thumbnail","6":"product_cat-may-no-bong","8":"first","9":"instock","10":"shipping-taxable","11":"product-type-simple"},"_links":{"self":[{"href":"https:\/\/congtybinhminh.com\/index.php?rest_route=\/wp\/v2\/product\/8520","targetHints":{"allow":["GET"]}}],"collection":[{"href":"https:\/\/congtybinhminh.com\/index.php?rest_route=\/wp\/v2\/product"}],"about":[{"href":"https:\/\/congtybinhminh.com\/index.php?rest_route=\/wp\/v2\/types\/product"}],"replies":[{"embeddable":true,"href":"https:\/\/congtybinhminh.com\/index.php?rest_route=%2Fwp%2Fv2%2Fcomments&post=8520"}],"wp:featuredmedia":[{"embeddable":true,"href":"https:\/\/congtybinhminh.com\/index.php?rest_route=\/wp\/v2\/media\/11204"}],"wp:attachment":[{"href":"https:\/\/congtybinhminh.com\/index.php?rest_route=%2Fwp%2Fv2%2Fmedia&parent=8520"}],"wp:term":[{"taxonomy":"product_brand","embeddable":true,"href":"https:\/\/congtybinhminh.com\/index.php?rest_route=%2Fwp%2Fv2%2Fproduct_brand&post=8520"},{"taxonomy":"product_cat","embeddable":true,"href":"https:\/\/congtybinhminh.com\/index.php?rest_route=%2Fwp%2Fv2%2Fproduct_cat&post=8520"},{"taxonomy":"product_tag","embeddable":true,"href":"https:\/\/congtybinhminh.com\/index.php?rest_route=%2Fwp%2Fv2%2Fproduct_tag&post=8520"}],"curies":[{"name":"wp","href":"https:\/\/api.w.org\/{rel}","templated":true}]}}