{"id":8510,"date":"2023-06-07T16:14:14","date_gmt":"2023-06-07T09:14:14","guid":{"rendered":"https:\/\/congtybinhminh.com\/?post_type=product&#038;p=8510"},"modified":"2023-06-18T15:43:48","modified_gmt":"2023-06-18T08:43:48","slug":"may-dun-my-2-nong","status":"publish","type":"product","link":"https:\/\/congtybinhminh.com\/?product=may-dun-my-2-nong","title":{"rendered":"M\u00e1y \u0111\u00f9n m\u1ef3 2 n\u00f2ng"},"content":{"rendered":"<h2>Video ho\u1ea1t \u0111\u1ed9ng c\u1ee7a m\u00e1y \u0111\u00f9n m\u1ef3 2 n\u00f2ng<\/h2>\n<p><iframe loading=\"lazy\" title=\"C\u00e1ch L\u00e0m M\u00ec S\u1ee3i T\u1eeb M\u00e1y L\u00e0m M\u00ec C\u1ee7a C\u00f4ng Ty B\u00ecnh Minh\" width=\"1020\" height=\"574\" src=\"https:\/\/www.youtube.com\/embed\/mP3qf_S4xqk?feature=oembed\" frameborder=\"0\" allow=\"accelerometer; autoplay; clipboard-write; encrypted-media; gyroscope; picture-in-picture; web-share\" allowfullscreen><\/iframe><\/p>\n<h2>Gi\u1edbi thi\u1ec7u m\u00e1y \u0111\u00f9n m\u1ef3 2 n\u00f2ng<\/h2>\n<p>M\u1ef3 ph\u1edf, b\u00fan ph\u1edf l\u00e0 m\u00f3n \u0103n \u0111\u01b0\u1ee3c nhi\u1ec1u ng\u01b0\u1eddi \u01b0a th\u00edch, \u0111\u1ec3 s\u1ea3n xu\u1ea5t ra nh\u1eefng s\u1ee3i ph\u1edf, s\u1ee3i m\u1ef3 giai, gi\u00f2n \u0111\u1ea3m b\u1ea3o v\u1ec7 sinh an to\u00e0n th\u1ef1c ph\u1ea9m, c\u00f4ng ty B\u00ecnh Minh \u0111\u00e3 cho ra \u0111\u1eddi d\u00f2ng m\u00e1y \u0111\u00f9n m\u1ef3 2 n\u00f2ng.<\/p>\n<p>M\u00e1y \u0111\u01b0\u1ee3c l\u1eafp \u0111\u1eb7t nhi\u1ec1u m\u1eb7t s\u00e0ng kh\u00e1c nhau, c\u00f3 th\u1ec3 \u0111\u00e1p \u1ee9ng \u0111\u01b0\u1ee3c m\u1ecdi y\u00eau c\u1ea7u c\u1ee7a kh\u00e1ch h\u00e0ng.<\/p>\n<p><img loading=\"lazy\" decoding=\"async\" class=\"aligncenter wp-image-8514 size-full\" src=\"https:\/\/congtybinhminh.com\/wp-content\/uploads\/2023\/06\/may-dun-my-2-nong-3.webp\" alt=\"\" width=\"800\" height=\"600\" srcset=\"https:\/\/congtybinhminh.com\/wp-content\/uploads\/2023\/06\/may-dun-my-2-nong-3.webp 800w, https:\/\/congtybinhminh.com\/wp-content\/uploads\/2023\/06\/may-dun-my-2-nong-3-510x383.webp 510w, https:\/\/congtybinhminh.com\/wp-content\/uploads\/2023\/06\/may-dun-my-2-nong-3-533x400.webp 533w, https:\/\/congtybinhminh.com\/wp-content\/uploads\/2023\/06\/may-dun-my-2-nong-3-768x576.webp 768w\" sizes=\"auto, (max-width: 800px) 100vw, 800px\" \/><\/p>\n<h2>\u01afu \u0111i\u1ec3m c\u1ee7a m\u00e1y \u0111\u00f9n m\u1ef3 2 n\u00f2ng<\/h2>\n<p>M\u00e1y \u0111\u01b0\u1ee3c thi\u1ebft k\u1ebf hi\u1ec7n \u0111\u1ea1i, d\u1ec5 d\u00e0ng s\u1eed d\u1ee5ng ph\u00f9 h\u1ee3p l\u1eafp \u0111\u1eb7t \u1edf m\u1ecdi n\u01a1i, m\u00e1y \u0111\u01b0\u1ee3c thi\u1ebft k\u1ebf c\u00f3 2 m\u1eb7t s\u00e0ng ch\u00ednh: s\u00e0ng l\u00e0m b\u00fan v\u00e0 s\u00e0ng l\u00e0m m\u1ef3 v\u1edbi nhi\u1ec1u lo\u1ea1i s\u00e0ng c\u00f3 k\u00edch c\u1ee1 kh\u00e1c nhau.<\/p>\n<p>M\u00e1y cho ra th\u00e0nh ph\u1ea9m ch\u1ea5t l\u01b0\u1ee3ng ho\u00e0n h\u1ea3o, s\u1ee3i dai v\u00e0 gi\u00f2n h\u01a1n, \u0111\u1ea3m b\u1ea3o an to\u00e0n v\u1ec7 sinh th\u1ef1c ph\u1ea9m.<\/p>\n<p><img loading=\"lazy\" decoding=\"async\" class=\"aligncenter wp-image-8517 size-full\" src=\"https:\/\/congtybinhminh.com\/wp-content\/uploads\/2023\/06\/thanh-pham-6.webp\" alt=\"\" width=\"800\" height=\"600\" srcset=\"https:\/\/congtybinhminh.com\/wp-content\/uploads\/2023\/06\/thanh-pham-6.webp 800w, https:\/\/congtybinhminh.com\/wp-content\/uploads\/2023\/06\/thanh-pham-6-510x383.webp 510w, https:\/\/congtybinhminh.com\/wp-content\/uploads\/2023\/06\/thanh-pham-6-533x400.webp 533w, https:\/\/congtybinhminh.com\/wp-content\/uploads\/2023\/06\/thanh-pham-6-768x576.webp 768w\" sizes=\"auto, (max-width: 800px) 100vw, 800px\" \/><\/p>\n<p>S\u1eed d\u1ee5ng \u0111\u1ed9ng c\u01a1 15-17kw, ngu\u1ed3n \u0111i\u1ec7n 380v 3 pha m\u00e1y cho ra n\u0103ng su\u1ea5t kho\u1ea3ng 80-100kg\/gi\u1edd, r\u1ea5t th\u00edch h\u1ee3p v\u1edbi nh\u1eefng h\u1ed9 s\u1ea3n xu\u1ea5t kinh doanh.<\/p>\n<h2>C\u1ea5u t\u1ea1o v\u00e0 nguy\u00ean l\u00fd ho\u1ea1t \u0111\u1ed9ng c\u1ee7a m\u00e1y \u0111\u00f9n m\u1ef3 2 n\u00f2ng<\/h2>\n<p>Nguy\u00ean li\u1ec7u \u0111\u1ec3 l\u00e0m m\u1ef3 kh\u00f4, b\u00fan kh\u00f4 l\u00e0 b\u1ed9t g\u1ea1o \u1ea9m sau khi \u0111\u01b0\u1ee3c ng\u00e2m 8 \u0111\u1ebfn 10 ti\u1ebfng.<\/p>\n<p>B\u1ed9t g\u1ea1o ng\u00e2m sau khi \u0111\u01b0\u1ee3c cho v\u00e0o toa n\u1ea1p s\u1ebd \u0111\u01b0a t\u1eeb t\u1eeb xu\u1ed1ng tr\u1ee5c xo\u1eafn, h\u1ec7 th\u1ed1ng tr\u1ee5c xo\u1eafn trong bu\u1ed3ng l\u00e0m vi\u1ec7c s\u1ebd c\u00f3 nhi\u1ec7m v\u1ee5 t\u1ea1o nhi\u1ec7t \u0111\u1ec3 l\u00e0m ch\u00edn nguy\u00ean li\u1ec7u sau \u0111\u00f3 s\u1ebd \u0111\u01b0a th\u00e0nh ph\u1ea9m qua m\u1eb7t s\u00e0ng.<\/p>\n<p><img loading=\"lazy\" decoding=\"async\" class=\"aligncenter wp-image-8515 size-full\" src=\"https:\/\/congtybinhminh.com\/wp-content\/uploads\/2023\/06\/may-dun-my-2-nong-4.webp\" alt=\"\" width=\"800\" height=\"600\" srcset=\"https:\/\/congtybinhminh.com\/wp-content\/uploads\/2023\/06\/may-dun-my-2-nong-4.webp 800w, https:\/\/congtybinhminh.com\/wp-content\/uploads\/2023\/06\/may-dun-my-2-nong-4-510x383.webp 510w, https:\/\/congtybinhminh.com\/wp-content\/uploads\/2023\/06\/may-dun-my-2-nong-4-533x400.webp 533w, https:\/\/congtybinhminh.com\/wp-content\/uploads\/2023\/06\/may-dun-my-2-nong-4-768x576.webp 768w\" sizes=\"auto, (max-width: 800px) 100vw, 800px\" \/><\/p>\n<p>M\u00e1y \u0111\u01b0\u1ee3c thi\u1ebft k\u1ebf ri\u00eang bi\u1ec7t s\u00e0ng ph\u1edf, s\u00e0ng b\u00fan, s\u00e0ng m\u1ef3 v\u1edbi c\u00e1c k\u00edch th\u01b0\u1edbc l\u1ed7 s\u00e0ng kh\u00e1c nhau ph\u00f9 h\u1ee3p v\u1edbi m\u1ecdi nhu c\u1ea7u c\u1ee7a ng\u01b0\u1eddi ti\u00eau d\u00f9ng:<\/p>\n<ul>\n<li>S\u00e0ng b\u00fan kh\u00f4: 0.7mm, 0.8mm, 0.9mm, 1mm, 2mm,\u2026<\/li>\n<li>S\u00e0ng m\u1ef3 kh\u00f4, s\u00e0ng ph\u1edf kh\u00f4: 2.5mm, 3mm, 3.5mm, 4mm, 4.5mm, 5mm&#8230;<\/li>\n<\/ul>\n<p>M\u1ecdi c\u00f4ng \u0111o\u1ea1n l\u00e0m m\u1ef3 ho\u00e0n to\u00e0n b\u00e1n t\u1ef1 \u0111\u1ed9ng, gi\u00fap c\u00e1c h\u1ed9 kinh doanh, c\u00e1c x\u01b0\u1edfng s\u1ea3n xu\u1ea5t v\u00e0 ch\u1ebf bi\u1ebfn ti\u1ebft ki\u1ec7m th\u1eddi gian, c\u00f4ng s\u1ee9c v\u00e0 gi\u1ea3m thi\u1ec3u chi ph\u00ed thu\u00ea nh\u00e2n c\u00f4ng.<\/p>\n<p><img loading=\"lazy\" decoding=\"async\" class=\"aligncenter wp-image-8516 size-full\" src=\"https:\/\/congtybinhminh.com\/wp-content\/uploads\/2023\/06\/may-dun-my-2-nong-5.webp\" alt=\"\" width=\"800\" height=\"600\" srcset=\"https:\/\/congtybinhminh.com\/wp-content\/uploads\/2023\/06\/may-dun-my-2-nong-5.webp 800w, https:\/\/congtybinhminh.com\/wp-content\/uploads\/2023\/06\/may-dun-my-2-nong-5-510x383.webp 510w, https:\/\/congtybinhminh.com\/wp-content\/uploads\/2023\/06\/may-dun-my-2-nong-5-533x400.webp 533w, https:\/\/congtybinhminh.com\/wp-content\/uploads\/2023\/06\/may-dun-my-2-nong-5-768x576.webp 768w\" sizes=\"auto, (max-width: 800px) 100vw, 800px\" \/><\/p>\n<p>Ngo\u00e0i ra m\u00e1y c\u00f2n \u0111\u01b0\u1ee3c thi\u1ebft k\u1ebf 2 n\u00f2ng thu\u1eadn ti\u1ec7n trong qu\u00e1 tr\u00ecnh s\u1eed d\u1ee5ng, thi\u1ebft k\u1ebf d\u00e1ng r\u1eddi b\u00e0 con c\u00f3 th\u1ec3 th\u00e1o l\u1eafp \u0111\u1ed9ng c\u01a1 trong qu\u00e1 tr\u00ecnh s\u1eed d\u1ee5ng.<\/p>\n<h2>Th\u00f4ng s\u1ed1 k\u1ef9 thu\u1eadt<\/h2>\n<table style=\"font-weight: 400\">\n<tbody style=\"font-weight: inherit\">\n<tr style=\"font-weight: inherit\">\n<td rowspan=\"3\" width=\"270\">\n<p style=\"font-weight: inherit\"><span style=\"font-weight: inherit\">\u0110\u1ed9ng c\u01a1<\/span><\/p>\n<\/td>\n<td width=\"181\">\n<p style=\"font-weight: inherit\"><span style=\"font-weight: inherit\">C\u00f4ng su\u1ea5t \u0111\u1ed9ng c\u01a1<\/span><\/p>\n<\/td>\n<td width=\"186\">\n<p style=\"font-weight: inherit\"><span style=\"font-weight: inherit\">15-18.5kw<\/span><\/p>\n<\/td>\n<\/tr>\n<tr style=\"font-weight: inherit\">\n<td width=\"181\">\n<p style=\"font-weight: inherit\"><span style=\"font-weight: inherit\">Ngu\u1ed3n \u0111i\u1ec7n<\/span><\/p>\n<\/td>\n<td width=\"186\">\n<p style=\"font-weight: inherit\"><span style=\"font-weight: inherit\">380v<\/span><\/p>\n<\/td>\n<\/tr>\n<tr style=\"font-weight: inherit\">\n<td width=\"181\">\n<p style=\"font-weight: inherit\"><span style=\"font-weight: inherit\">T\u1ed1c \u0111\u1ed9<\/span><\/p>\n<\/td>\n<td width=\"186\">\n<p style=\"font-weight: inherit\"><span style=\"font-weight: inherit\">500-600V\/P<\/span><\/p>\n<\/td>\n<\/tr>\n<tr style=\"font-weight: inherit\">\n<td rowspan=\"2\" width=\"270\">\n<p style=\"font-weight: inherit\"><span style=\"font-weight: inherit\">M\u1eb7t s\u00e0ng<\/span><\/p>\n<\/td>\n<td width=\"181\">\n<p style=\"font-weight: inherit\"><span style=\"font-weight: inherit\">C\u00e1c lo\u1ea1i s\u00e0ng b\u00fan<\/span><\/p>\n<\/td>\n<td width=\"186\">\n<p style=\"font-weight: inherit\"><span style=\"font-weight: inherit\">0.7; 0.8; 0.9; 1; 1.2\u2026 ( ly)<\/span><\/p>\n<\/td>\n<\/tr>\n<tr style=\"font-weight: inherit\">\n<td width=\"181\">\n<p style=\"font-weight: inherit\"><span style=\"font-weight: inherit\">C\u00e1c lo\u1ea1i s\u00e0ng m\u1ef3<\/span><\/p>\n<\/td>\n<td width=\"186\">\n<p style=\"font-weight: inherit\"><span style=\"font-weight: inherit\">2.5; 3; 3.5; 4; 5\u2026( ly)<\/span><\/p>\n<\/td>\n<\/tr>\n<tr style=\"font-weight: inherit\">\n<td width=\"270\">\n<p style=\"font-weight: inherit\"><span style=\"font-weight: inherit\">N\u0103ng su\u1ea5t ( T\u00f9y theo m\u1eb7t s\u00e0ng)<\/span><\/p>\n<\/td>\n<td colspan=\"2\" width=\"367\">\n<p style=\"font-weight: inherit\"><span style=\"font-weight: inherit\">80-100 kg\/h<\/span><\/p>\n<\/td>\n<\/tr>\n<tr style=\"font-weight: inherit\">\n<td width=\"270\">\n<p style=\"font-weight: inherit\"><span style=\"font-weight: inherit\">Tr\u1ecdng l\u01b0\u1ee3ng to\u00e0n b\u1ed9 m\u00e1y<\/span><\/p>\n<\/td>\n<td colspan=\"2\" width=\"367\">-kg<\/td>\n<\/tr>\n<tr style=\"font-weight: inherit\">\n<td width=\"270\">\n<p style=\"font-weight: inherit\"><span style=\"font-weight: inherit\">Tr\u1ecdng l\u01b0\u1ee3ng m\u00e1y kh\u00f4ng \u0111\u1ed9ng c\u01a1<\/span><\/p>\n<\/td>\n<td colspan=\"2\" width=\"367\">\n<p style=\"font-weight: inherit\"><span style=\"font-weight: inherit\">kg<\/span><\/p>\n<\/td>\n<\/tr>\n<tr style=\"font-weight: inherit\">\n<td width=\"270\">\n<p style=\"font-weight: inherit\"><span style=\"font-weight: inherit\">K\u00edch th\u01b0\u1edbc \u0111\u00f3ng g\u00f3i<\/span><\/p>\n<\/td>\n<td colspan=\"2\" width=\"367\">\n<p style=\"font-weight: inherit\"><span style=\"font-weight: inherit\">86*60*52 cm<\/span><\/p>\n<\/td>\n<\/tr>\n<\/tbody>\n<\/table>\n<p>&nbsp;<\/p>\n","protected":false},"excerpt":{"rendered":"<p>H\u00e3ng SX: B\u00ecnh Minh<\/p>\n<p>N\u0103ng su\u1ea5t: 80-100kg\/gi\u1edd<\/p>\n<p>C\u00f4ng su\u1ea5t \u0111\u1ed9ng c\u01a1: 15-18.5kw<\/p>\n<p>T\u1ed1c \u0111\u1ed9 \u200b: 500-600 v\/p<\/p>\n<p>\u0110i\u1ec7n s\u1eed d\u1ee5ng: 380V-50Hz<\/p>\n<p>T\u00ednh n\u0103ng: Cho ra nhi\u1ec1u lo\u1ea1i s\u1ea3n ph\u1ea9m s\u1ee3i ph\u1edf, s\u1ee3i m\u1ef3 theo nhu c\u1ea7u c\u1ee7a kh\u00e1ch h\u00e0ng. S\u1ee3i m\u1ef3, s\u1ee3i ph\u1edf ch\u00edn \u0111\u1ec1u, s\u00f3ng v\u00e0 dai s\u1ee3i.<\/p>\n","protected":false},"featured_media":8511,"comment_status":"closed","ping_status":"closed","template":"","meta":[],"product_brand":[],"product_cat":[204],"product_tag":[],"class_list":{"0":"post-8510","1":"product","2":"type-product","3":"status-publish","4":"has-post-thumbnail","6":"product_cat-may-dun-my","8":"first","9":"instock","10":"shipping-taxable","11":"product-type-simple"},"_links":{"self":[{"href":"https:\/\/congtybinhminh.com\/index.php?rest_route=\/wp\/v2\/product\/8510","targetHints":{"allow":["GET"]}}],"collection":[{"href":"https:\/\/congtybinhminh.com\/index.php?rest_route=\/wp\/v2\/product"}],"about":[{"href":"https:\/\/congtybinhminh.com\/index.php?rest_route=\/wp\/v2\/types\/product"}],"replies":[{"embeddable":true,"href":"https:\/\/congtybinhminh.com\/index.php?rest_route=%2Fwp%2Fv2%2Fcomments&post=8510"}],"wp:featuredmedia":[{"embeddable":true,"href":"https:\/\/congtybinhminh.com\/index.php?rest_route=\/wp\/v2\/media\/8511"}],"wp:attachment":[{"href":"https:\/\/congtybinhminh.com\/index.php?rest_route=%2Fwp%2Fv2%2Fmedia&parent=8510"}],"wp:term":[{"taxonomy":"product_brand","embeddable":true,"href":"https:\/\/congtybinhminh.com\/index.php?rest_route=%2Fwp%2Fv2%2Fproduct_brand&post=8510"},{"taxonomy":"product_cat","embeddable":true,"href":"https:\/\/congtybinhminh.com\/index.php?rest_route=%2Fwp%2Fv2%2Fproduct_cat&post=8510"},{"taxonomy":"product_tag","embeddable":true,"href":"https:\/\/congtybinhminh.com\/index.php?rest_route=%2Fwp%2Fv2%2Fproduct_tag&post=8510"}],"curies":[{"name":"wp","href":"https:\/\/api.w.org\/{rel}","templated":true}]}}