{"id":8499,"date":"2023-06-07T14:03:08","date_gmt":"2023-06-07T07:03:08","guid":{"rendered":"https:\/\/congtybinhminh.com\/?post_type=product&#038;p=8499"},"modified":"2024-09-11T13:43:20","modified_gmt":"2024-09-11T06:43:20","slug":"may-nghien-thuc-an-chan-nuoi-bi14","status":"publish","type":"product","link":"https:\/\/congtybinhminh.com\/?product=may-nghien-thuc-an-chan-nuoi-bi14","title":{"rendered":"M\u00e1y nghi\u1ec1n th\u1ee9c \u0103n ch\u0103n nu\u00f4i Bi14"},"content":{"rendered":"<h2>Gi\u1edbi thi\u1ec7u m\u00e1y nghi\u1ec1n th\u1ee9c \u0103n ch\u0103n nu\u00f4i Bi14<\/h2>\n<p>M\u00e1y nghi\u1ec1n th\u1ee9c \u0103n ch\u0103n nu\u00f4i Bi14 inox \u0111\u01b0\u1ee3c c\u00f4ng ty B\u00ecnh Minh tr\u1ef1c ti\u1ebfp s\u1ea3n xu\u1ea5t ra v\u1edbi t\u00ednh n\u0103ng nghi\u1ec1n c\u00e1c lo\u1ea1i nguy\u00ean li\u1ec7u nh\u01b0: ng\u00f4, th\u00f3c, \u0111\u1ed7, s\u1eb5n&#8230;.th\u00e0nh b\u1ed9t kh\u00f4 v\u1edbi n\u0103ng su\u1ea5t v\u01b0\u1ee3t tr\u1ed9i.<\/p>\n<p>M\u00e1y \u0111\u01b0\u1ee3c l\u00e0m ho\u00e0n to\u00e0n 100% ch\u1ea5t li\u1ec7u inox \u0111\u1ea3m b\u1ea3o ch\u1ea5t l\u01b0\u1ee3ng.<\/p>\n<p><img loading=\"lazy\" decoding=\"async\" class=\"aligncenter wp-image-8505 size-full\" src=\"https:\/\/congtybinhminh.com\/wp-content\/uploads\/2023\/06\/may-nghien-Bi-14-6.webp\" alt=\"\" width=\"800\" height=\"600\" srcset=\"https:\/\/congtybinhminh.com\/wp-content\/uploads\/2023\/06\/may-nghien-Bi-14-6.webp 800w, https:\/\/congtybinhminh.com\/wp-content\/uploads\/2023\/06\/may-nghien-Bi-14-6-510x383.webp 510w, https:\/\/congtybinhminh.com\/wp-content\/uploads\/2023\/06\/may-nghien-Bi-14-6-533x400.webp 533w, https:\/\/congtybinhminh.com\/wp-content\/uploads\/2023\/06\/may-nghien-Bi-14-6-768x576.webp 768w\" sizes=\"auto, (max-width: 800px) 100vw, 800px\" \/><\/p>\n<h2>\u01afu \u0111i\u1ec3m c\u1ee7a m\u00e1y nghi\u1ec1n th\u1ee9c \u0103n ch\u0103n nu\u00f4i Bi 14<\/h2>\n<p>M\u00e1y c\u00f2n c\u00f3 kh\u1ea3 n\u0103ng nghi\u1ec1n c\u00e1c lo\u1ea1i nguy\u00ean li\u1ec7u nh\u01b0 ng\u0169 c\u1ed1c, g\u1ea1o, c\u1eabng ch\u00e8, th\u1ea3o d\u01b0\u1ee3c\u2026 th\u00e0nh b\u1ed9t kh\u00f4 si\u00eau m\u1ecbn.<\/p>\n<p>N\u0103ng su\u1ea5t cao t\u1eeb 800 \u2013 1000kg\/gi\u1edd ph\u00f9 h\u1ee3p v\u1edbi c\u00e1c h\u1ed9 kinh doanh c\u00f3 quy m\u00f4 v\u1eeba v\u00e0 l\u1edbn.<\/p>\n<p><img loading=\"lazy\" decoding=\"async\" class=\"aligncenter wp-image-8502 size-full\" src=\"https:\/\/congtybinhminh.com\/wp-content\/uploads\/2023\/06\/may-nghien-Bi-14-3.webp\" alt=\"\" width=\"800\" height=\"600\" srcset=\"https:\/\/congtybinhminh.com\/wp-content\/uploads\/2023\/06\/may-nghien-Bi-14-3.webp 800w, https:\/\/congtybinhminh.com\/wp-content\/uploads\/2023\/06\/may-nghien-Bi-14-3-510x383.webp 510w, https:\/\/congtybinhminh.com\/wp-content\/uploads\/2023\/06\/may-nghien-Bi-14-3-533x400.webp 533w, https:\/\/congtybinhminh.com\/wp-content\/uploads\/2023\/06\/may-nghien-Bi-14-3-768x576.webp 768w\" sizes=\"auto, (max-width: 800px) 100vw, 800px\" \/><\/p>\n<p>To\u00e0n b\u1ed9 m\u00e1y \u0111\u01b0\u1ee3c l\u00e0m b\u1eb1ng inox cao c\u1ea5p \u0111\u1ea3m b\u1ea3o an to\u00e0n v\u1ec7 sinh th\u1ef1c ph\u1ea9m.<\/p>\n<p>M\u00e1y nghi\u1ec1n th\u1ee9c \u0103n ch\u0103n nu\u00f4i Bi 14 c\u00f3 th\u1ec3 l\u1eafp \u0111a d\u1ea1ng c\u00e1c lo\u1ea1i m\u1eb7t s\u00e0ng c\u00f3 k\u00edch th\u01b0\u1edbc kh\u00e1c nhau, cho ra th\u00e0nh ph\u1ea9m b\u1ed9t v\u1edbi nhi\u1ec1u k\u00edch c\u1ee1 kh\u00e1c nhau t\u00f9y v\u00e0o nhu c\u1ea7u s\u1eed d\u1ee5ng.<\/p>\n<h2>C\u1ea5u t\u1ea1o c\u1ee7a m\u00e1y nghi\u1ec1n th\u1ee9c \u0103n ch\u0103n nu\u00f4i Bi14<\/h2>\n<h3>C\u1ea5u t\u1ea1o chung<\/h3>\n<p>M\u00e1y \u0111\u01b0\u1ee3c l\u00e0m ho\u00e0n to\u00e0n t\u1eeb ch\u1ea5t li\u1ec7u inox cao c\u1ea5p, ch\u1ed1ng g\u1ec9, ch\u1ed1ng d\u00ednh, c\u00f3 t\u00ednh th\u1ea9m m\u1ef9 cao v\u00e0 \u0111\u1ea3m b\u1ea3o an to\u00e0n v\u1ec7 sinh th\u1ef1c ph\u1ea9m.<\/p>\n<p><img loading=\"lazy\" decoding=\"async\" class=\"aligncenter wp-image-8501 size-full\" src=\"https:\/\/congtybinhminh.com\/wp-content\/uploads\/2023\/06\/may-nghien-Bi14-2.webp\" alt=\"\" width=\"800\" height=\"600\" srcset=\"https:\/\/congtybinhminh.com\/wp-content\/uploads\/2023\/06\/may-nghien-Bi14-2.webp 800w, https:\/\/congtybinhminh.com\/wp-content\/uploads\/2023\/06\/may-nghien-Bi14-2-510x383.webp 510w, https:\/\/congtybinhminh.com\/wp-content\/uploads\/2023\/06\/may-nghien-Bi14-2-533x400.webp 533w, https:\/\/congtybinhminh.com\/wp-content\/uploads\/2023\/06\/may-nghien-Bi14-2-768x576.webp 768w\" sizes=\"auto, (max-width: 800px) 100vw, 800px\" \/><\/p>\n<p>Khung m\u00e1y \u0111\u01b0\u1ee3c h\u00e0n g\u1eafn ch\u1eafn ch\u1eafn, h\u1ea1n ch\u1ebf rung l\u1eafc trong qu\u00e1 tr\u00ecnh m\u00e1y ho\u1ea1t \u0111\u1ed9ng. L\u1eafp \u0111\u1eb7t 4 b\u00e1nh xe thu\u1eadn ti\u1ec7n cho vi\u1ec7c di chuy\u1ec3n m\u00e1y \u0111\u1ebfn m\u1ecdi n\u01a1i.<\/p>\n<h3>Toa n\u1ea1p nguy\u00ean li\u1ec7u<\/h3>\n<p>Toa n\u1ea1p nguy\u00ean li\u1ec7u \u0111\u01b0\u1ee3c thi\u1ebft k\u1ebf to, r\u1ed9ng v\u00e0 c\u00f3 h\u01b0\u1edbng d\u1ed1c gi\u00fap nguy\u00ean li\u1ec7u d\u1ec5 d\u00e0ng di chuy\u1ec3n xu\u1ed1ng bu\u1ed3ng l\u00e0m vi\u1ec7c.<\/p>\n<p><img loading=\"lazy\" decoding=\"async\" class=\"aligncenter wp-image-8506 size-full\" src=\"https:\/\/congtybinhminh.com\/wp-content\/uploads\/2023\/06\/Toa-nap-nguyen-lieu-4.webp\" alt=\"\" width=\"800\" height=\"600\" srcset=\"https:\/\/congtybinhminh.com\/wp-content\/uploads\/2023\/06\/Toa-nap-nguyen-lieu-4.webp 800w, https:\/\/congtybinhminh.com\/wp-content\/uploads\/2023\/06\/Toa-nap-nguyen-lieu-4-510x383.webp 510w, https:\/\/congtybinhminh.com\/wp-content\/uploads\/2023\/06\/Toa-nap-nguyen-lieu-4-533x400.webp 533w, https:\/\/congtybinhminh.com\/wp-content\/uploads\/2023\/06\/Toa-nap-nguyen-lieu-4-768x576.webp 768w\" sizes=\"auto, (max-width: 800px) 100vw, 800px\" \/><\/p>\n<p>Toa n\u1ea1p \u0111\u01b0\u1ee3c trang b\u1ecb t\u1ea5m ch\u1eafn gi\u00fap ng\u01b0\u1eddi s\u1eed d\u1ee5ng d\u1ec5 d\u00e0ng \u0111i\u1ec1u ch\u1ec9nh l\u01b0\u1ee3ng nguy\u00ean li\u1ec7u xu\u1ed1ng bu\u1ed3ng nghi\u1ec1n, tr\u00e1nh g\u00e2y n\u1eb7ng t\u1ea3i cho m\u00e1y.<\/p>\n<h3>Bu\u1ed3ng l\u00e0m vi\u1ec7c v\u00e0 c\u1eeda x\u1ea3<\/h3>\n<p>Bu\u1ed3ng l\u00e0m vi\u1ec7c \u0111\u01b0\u1ee3c trang b\u1ecb 18 b\u00faa \u0111\u1eadp linh ho\u1ea1t c\u00f3 nhi\u1ec7m v\u1ee5 \u0111\u1eadp v\u1ee1, nghi\u1ec1n nh\u1ecf nguy\u00ean li\u1ec7u th\u00e0nh b\u1ed9t nh\u1ecf m\u1ecbn. Nguy\u00ean li\u1ec7u sau khi \u0111\u01b0\u1ee3c nghi\u1ec1n nh\u1ecf m\u1ecbn s\u1ebd chui l\u1ecdt qua c\u00e1c l\u1ed7 m\u1eb7t s\u00e0ng \u0111\u01b0\u1ee3c g\u1eafn ngay ph\u00eda d\u01b0\u1edbi.<\/p>\n<p>S\u1ef1 chuy\u1ec3n \u0111\u1ed9ng c\u1ee7a h\u1ec7 th\u1ed1ng b\u00faa nghi\u1ec1n t\u1ea1o ra s\u1ee9c gi\u00f3 th\u1ed5i th\u00e0nh ph\u1ea9m sang \u1ed1ng d\u1eabn t\u00fai \u0111\u1ec3 \u0111\u1ea9y th\u00e0nh ph\u1ea9m ra b\u00ean ngo\u00e0i.<\/p>\n<p><img loading=\"lazy\" decoding=\"async\" class=\"aligncenter wp-image-8507 size-full\" src=\"https:\/\/congtybinhminh.com\/wp-content\/uploads\/2023\/06\/Cua-xa-3.webp\" alt=\"\" width=\"800\" height=\"600\" srcset=\"https:\/\/congtybinhminh.com\/wp-content\/uploads\/2023\/06\/Cua-xa-3.webp 800w, https:\/\/congtybinhminh.com\/wp-content\/uploads\/2023\/06\/Cua-xa-3-510x383.webp 510w, https:\/\/congtybinhminh.com\/wp-content\/uploads\/2023\/06\/Cua-xa-3-533x400.webp 533w, https:\/\/congtybinhminh.com\/wp-content\/uploads\/2023\/06\/Cua-xa-3-768x576.webp 768w\" sizes=\"auto, (max-width: 800px) 100vw, 800px\" \/><\/p>\n<p>T\u1ea1i bu\u1ed3ng nghi\u1ec1n c\u00f2n \u0111\u01b0\u1ee3c trang b\u1ecb c\u00e1c ch\u1ed1t kh\u00f3a ch\u1eafc ch\u1eafn, \u0111\u1ea3m b\u1ea3o an to\u00e0n tuy\u1ec7t \u0111\u1ed1i cho ng\u01b0\u1eddi v\u1eadn h\u00e0nh.<\/p>\n<p>M\u00e1y l\u1eafp \u0111\u1eb7t \u0111\u1ed9ng c\u01a1 11kw, 3 pha cho n\u0103ng su\u1ea5t v\u00f4 c\u00f9ng cao t\u1eeb 800-1000kg\/gi\u1edd<\/p>\n<p><img loading=\"lazy\" decoding=\"async\" class=\"aligncenter wp-image-8508 size-full\" src=\"https:\/\/congtybinhminh.com\/wp-content\/uploads\/2023\/06\/Dong-co-1.webp\" alt=\"\" width=\"800\" height=\"600\" srcset=\"https:\/\/congtybinhminh.com\/wp-content\/uploads\/2023\/06\/Dong-co-1.webp 800w, https:\/\/congtybinhminh.com\/wp-content\/uploads\/2023\/06\/Dong-co-1-510x383.webp 510w, https:\/\/congtybinhminh.com\/wp-content\/uploads\/2023\/06\/Dong-co-1-533x400.webp 533w, https:\/\/congtybinhminh.com\/wp-content\/uploads\/2023\/06\/Dong-co-1-768x576.webp 768w\" sizes=\"auto, (max-width: 800px) 100vw, 800px\" \/><\/p>\n<h2>H\u01b0\u1edbng d\u1eabn s\u1eed d\u1ee5ng m\u00e1y nghi\u1ec1n th\u1ee9c \u0103n ch\u0103n nu\u00f4i Bi14<\/h2>\n<p>B\u00e0 con chu\u1ea9n b\u1ecb nguy\u00ean li\u1ec7u c\u1ea7n nghi\u1ec1n, bu\u1ed9c t\u00fai v\u1ea3i \u1edf c\u1eeda x\u1ea3 th\u00e0nh ph\u1ea9m.<\/p>\n<p>K\u1ebft n\u1ed1i m\u00e1y v\u1edbi ngu\u1ed3n \u0111i\u1ec7n 380V, kh\u1edfi \u0111\u1ed9ng m\u00e1y v\u00e0 \u0111\u1ec3 m\u00e1y ch\u1ea1y kh\u00f4ng t\u1ea3i kho\u1ea3ng 1 ph\u00fat r\u1ed3i cho t\u1eeb t\u1eeb nguy\u00ean li\u1ec7u v\u00e0o toa n\u1ea1p.<\/p>\n<p><img loading=\"lazy\" decoding=\"async\" class=\"aligncenter wp-image-8509 size-full\" src=\"https:\/\/congtybinhminh.com\/wp-content\/uploads\/2023\/06\/may-nghien-Bi-14-7.webp\" alt=\"\" width=\"800\" height=\"600\" srcset=\"https:\/\/congtybinhminh.com\/wp-content\/uploads\/2023\/06\/may-nghien-Bi-14-7.webp 800w, https:\/\/congtybinhminh.com\/wp-content\/uploads\/2023\/06\/may-nghien-Bi-14-7-510x383.webp 510w, https:\/\/congtybinhminh.com\/wp-content\/uploads\/2023\/06\/may-nghien-Bi-14-7-533x400.webp 533w, https:\/\/congtybinhminh.com\/wp-content\/uploads\/2023\/06\/may-nghien-Bi-14-7-768x576.webp 768w\" sizes=\"auto, (max-width: 800px) 100vw, 800px\" \/><\/p>\n<p>L\u01b0u \u00fd: kh\u00f4ng n\u00ean \u0111\u1ed5 qu\u00e1 nhi\u1ec1u v\u00e0 m\u1edf r\u1ed9ng t\u1ea5m ch\u1eafn \u0111i\u1ec1u ch\u1ec9nh l\u01b0u l\u01b0\u1ee3ng, tr\u00e1nh tr\u01b0\u1eddng h\u1ee3p nguy\u00ean li\u1ec7u b\u1ecb d\u1ed3n \u0111\u1ed9ng g\u00e2y t\u1eafc s\u00e0ng, b\u00f3 m\u00e1y.<\/p>\n<p>Khi \u0111\u00e3 nghi\u1ec1n h\u1ebft nguy\u00ean li\u1ec7u, b\u00e0 con th\u00e1o t\u00fai v\u1ea3i \u0111\u1ec3 thu l\u1ea5y th\u00e0nh ph\u1ea9m b\u1ed9t, r\u1ed3i ng\u1eaft ngu\u1ed3n \u0111i\u1ec7n v\u00e0 v\u1ec7 sinh m\u00e1y.<\/p>\n<h2>Nh\u1eefng l\u01b0u \u00fd khi s\u1eed d\u1ee5ng m\u00e1y nghi\u1ec1n th\u1ee9c \u0103n ch\u0103n nu\u00f4i Bi14<\/h2>\n<p>Kh\u00f4ng nghi\u1ec1n nh\u1eefng nguy\u00ean li\u1ec7u qu\u00e1 c\u1ee9ng, kh\u00f4ng \u0111\u1ec3 kim lo\u1ea1i s\u1eafc nh\u1ecdn r\u01a1i v\u00e0o bu\u1ed3ng nghi\u1ec1n tr\u00e1nh l\u00e0m h\u1ecfng b\u00faa nghi\u1ec1n.<\/p>\n<p>V\u1ec7 sinh kh\u00f4 c\u00e1c b\u1ed9 ph\u1eadn c\u1ee7a m\u00e1y<\/p>\n<p>Th\u01b0\u1eddng xuy\u00ean tra d\u1ea7u m\u1ee1 v\u00e0o c\u00e1c g\u1ed1i bi \u0111\u1ec3 b\u1ea3o d\u01b0\u1ee1ng m\u00e1y.<\/p>\n<h2>Th\u00f4ng s\u1ed1 k\u1ef9 thu\u1eadt<\/h2>\n<table border=\"1\" cellspacing=\"1\" cellpadding=\"1\">\n<tbody>\n<tr>\n<td>C\u00f4ng su\u1ea5t \u0111\u1ed9ng c\u01a1<\/td>\n<td>11kw<\/td>\n<\/tr>\n<tr>\n<td>T\u1ed1c \u0111\u1ed9 v\u00f2ng quay<\/td>\n<td>4200-4500v\/p<\/td>\n<\/tr>\n<tr>\n<td>Ngu\u1ed3n \u0111i\u1ec7n<\/td>\n<td>380V<\/td>\n<\/tr>\n<tr>\n<td>Nguy\u00ean b\u1ed9<\/td>\n<td>\u00a0kg<\/td>\n<\/tr>\n<tr>\n<td>Kh\u00f4ng \u0111\u1ed9ng c\u01a1<\/td>\n<td>\u00a0kg<\/td>\n<\/tr>\n<tr>\n<td>N\u0103ng su\u1ea5t<\/td>\n<td>800-1000 kg\/h<\/td>\n<\/tr>\n<tr>\n<td>K\u00edch th\u01b0\u1edbc ( D * C * R )<\/td>\n<td>\n<div class=\"divTableRow\">\n<div class=\"divTableCell\">130x84x84\u00a0cm<\/div>\n<\/div>\n<\/td>\n<\/tr>\n<tr>\n<td>B\u1ea3o h\u00e0nh<\/td>\n<td>06 th\u00e1ng<\/td>\n<\/tr>\n<tr>\n<td>H\u00ecnh th\u1ee9c thanh to\u00e1n<\/td>\n<td><em><strong>Ti\u1ec1n m\u1eb7t ho\u1eb7c chuy\u1ec3n kho\u1ea3n<\/strong><\/em><\/td>\n<\/tr>\n<\/tbody>\n<\/table>\n<p>&nbsp;<\/p>\n","protected":false},"excerpt":{"rendered":"<p>H\u00e3ng s\u1ea3n xu\u1ea5t: B\u00ecnh Minh<\/p>\n<p>Ngu\u1ed3n\u00a0\u0111i\u1ec7n: \u00a0380V<\/p>\n<p>N\u0103ng su\u1ea5t:\u00a0 \u00a0800kg -1000kg\/h<\/p>\n<p>C\u00f4ng su\u1ea5t \u0111\u1ed9ng c\u01a1: 11kw<\/p>\n<p>T\u00ednh n\u0103ng: M\u00e1y c\u00f3 ch\u1ee9c n\u0103ng nghi\u1ec1n \u0111a d\u1ea1ng nhi\u1ec1u lo\u1ea1i nguy\u00ean li\u1ec7u nh\u01b0: ng\u0169 c\u1ed1c, l\u1ea1c, m\u1ea7m \u0111\u1eadu n\u00e0nh, ng\u00f4, h\u1ea1t d\u1ebb, h\u1ea1nh nh\u00e2n,\u2026th\u00e0nh k\u00edch c\u1ee1 b\u1ed9t kh\u00e1c nhau<\/p>\n","protected":false},"featured_media":10032,"comment_status":"closed","ping_status":"closed","template":"","meta":[],"product_brand":[],"product_cat":[32],"product_tag":[],"class_list":{"0":"post-8499","1":"product","2":"type-product","3":"status-publish","4":"has-post-thumbnail","6":"product_cat-may-nghien","8":"first","9":"instock","10":"shipping-taxable","11":"product-type-simple"},"_links":{"self":[{"href":"https:\/\/congtybinhminh.com\/index.php?rest_route=\/wp\/v2\/product\/8499","targetHints":{"allow":["GET"]}}],"collection":[{"href":"https:\/\/congtybinhminh.com\/index.php?rest_route=\/wp\/v2\/product"}],"about":[{"href":"https:\/\/congtybinhminh.com\/index.php?rest_route=\/wp\/v2\/types\/product"}],"replies":[{"embeddable":true,"href":"https:\/\/congtybinhminh.com\/index.php?rest_route=%2Fwp%2Fv2%2Fcomments&post=8499"}],"wp:featuredmedia":[{"embeddable":true,"href":"https:\/\/congtybinhminh.com\/index.php?rest_route=\/wp\/v2\/media\/10032"}],"wp:attachment":[{"href":"https:\/\/congtybinhminh.com\/index.php?rest_route=%2Fwp%2Fv2%2Fmedia&parent=8499"}],"wp:term":[{"taxonomy":"product_brand","embeddable":true,"href":"https:\/\/congtybinhminh.com\/index.php?rest_route=%2Fwp%2Fv2%2Fproduct_brand&post=8499"},{"taxonomy":"product_cat","embeddable":true,"href":"https:\/\/congtybinhminh.com\/index.php?rest_route=%2Fwp%2Fv2%2Fproduct_cat&post=8499"},{"taxonomy":"product_tag","embeddable":true,"href":"https:\/\/congtybinhminh.com\/index.php?rest_route=%2Fwp%2Fv2%2Fproduct_tag&post=8499"}],"curies":[{"name":"wp","href":"https:\/\/api.w.org\/{rel}","templated":true}]}}