{"id":8470,"date":"2023-06-07T08:54:40","date_gmt":"2023-06-07T01:54:40","guid":{"rendered":"https:\/\/congtybinhminh.com\/?post_type=product&#038;p=8470"},"modified":"2024-05-27T16:12:00","modified_gmt":"2024-05-27T09:12:00","slug":"may-ep-cam-vien-s350","status":"publish","type":"product","link":"https:\/\/congtybinhminh.com\/?product=may-ep-cam-vien-s350","title":{"rendered":"M\u00e1y \u00e9p c\u00e1m vi\u00ean S350"},"content":{"rendered":"<h2>Video ho\u1ea1t \u0111\u1ed9ng c\u1ee7a m\u00e1y<\/h2>\n<p><iframe loading=\"lazy\" title=\"C\u00f4ng Ty B\u00ecnh Minh: D\u00e2y Chuy\u1ec1n S\u1ea3n Xu\u1ea5t C\u00e1m Vi\u00ean S\u1ed1 L\u01b0\u1ee3ng L\u1edbn S350\" width=\"1020\" height=\"574\" src=\"https:\/\/www.youtube.com\/embed\/TroW57AxOdM?feature=oembed\" frameborder=\"0\" allow=\"accelerometer; autoplay; clipboard-write; encrypted-media; gyroscope; picture-in-picture; web-share\" referrerpolicy=\"strict-origin-when-cross-origin\" allowfullscreen><\/iframe><\/p>\n<h2>Gi\u1edbi thi\u1ec7u m\u00e1y \u00e9p c\u00e1m vi\u00ean S450<\/h2>\n<p>Hi\u1ec7n nay, c\u00e1c h\u1ed9 ch\u0103n nu\u00f4i trang tr\u1ea1i ng\u00e0y m\u1ed9t nhi\u1ec1u, s\u1ed1 l\u01b0\u1ee3ng \u0111\u00e0n v\u1eadt nu\u00f4i l\u00ean \u0111\u1ebfn h\u00e0ng ngh\u00ecn con v\u00ec v\u1eady kh\u00e2u chu\u1ea9n b\u1ecb th\u1ee9c \u0103n t\u1ed1n kh\u00e1 nhi\u1ec1u th\u1eddi gian v\u00e0 c\u00f4ng s\u1ee9c.<\/p>\n<p><img loading=\"lazy\" decoding=\"async\" class=\"aligncenter wp-image-9705 size-full\" src=\"https:\/\/congtybinhminh.com\/wp-content\/uploads\/2023\/06\/may-ep-cam-vien-s350-binh-minh_result222.webp\" alt=\"may-ep-cam-vien-s350-binh-minh_result222\" width=\"800\" height=\"1080\" srcset=\"https:\/\/congtybinhminh.com\/wp-content\/uploads\/2023\/06\/may-ep-cam-vien-s350-binh-minh_result222.webp 800w, https:\/\/congtybinhminh.com\/wp-content\/uploads\/2023\/06\/may-ep-cam-vien-s350-binh-minh_result222-296x400.webp 296w, https:\/\/congtybinhminh.com\/wp-content\/uploads\/2023\/06\/may-ep-cam-vien-s350-binh-minh_result222-593x800.webp 593w, https:\/\/congtybinhminh.com\/wp-content\/uploads\/2023\/06\/may-ep-cam-vien-s350-binh-minh_result222-768x1037.webp 768w, https:\/\/congtybinhminh.com\/wp-content\/uploads\/2023\/06\/may-ep-cam-vien-s350-binh-minh_result222-510x689.webp 510w\" sizes=\"auto, (max-width: 800px) 100vw, 800px\" \/><\/p>\n<p>\u0110\u1ec3 h\u1ed7 tr\u1ee3 b\u00e0 con ch\u0103n nu\u00f4i hi\u1ec7u qu\u1ea3, ti\u1ebft ki\u1ec7m th\u1eddi gian v\u00e0 c\u00f4ng s\u1ee9c, c\u00f4ng ty B\u00ecnh Minh \u0111\u00e3 cho ra \u0111\u1eddi d\u00f2ng s\u1ea3n ph\u1ea9m m\u00e1y \u00e9p c\u00e1m vi\u00ean S350, v\u1edbi t\u00ednh n\u0103ng nghi\u1ec1n-\u00e9p-ph\u1ed1i tr\u1ed9n c\u00e1c nguy\u00ean li\u1ec7u th\u00f4 th\u00e0nh c\u00e1m vi\u00ean l\u00e0m th\u1ee9c \u0103n cho v\u1eadt nu\u00f4i.<\/p>\n<h2><span id=\"Uu_diem_cua_may_ep_cam_vien_S350\" class=\"ez-toc-section\"><\/span>\u01afu \u0111i\u1ec3m c\u1ee7a m\u00e1y \u00e9p c\u00e1m vi\u00ean S350<\/h2>\n<p>M\u00e1y c\u00f4ng su\u1ea5t l\u1edbn, cho n\u0103ng su\u1ea5t cao ph\u00f9 h\u1ee3p v\u1edbi nh\u1eefng trang tr\u1ea1i ch\u0103n nu\u00f4i quy m\u00f4 l\u1edbn.<\/p>\n<p>S\u1eed d\u1ee5ng m\u00e1y, gi\u00fap b\u00e0 con c\u00f3 th\u1ec3 t\u1eadn d\u1ee5ng \u0111\u01b0\u1ee3c nh\u1eefng nguy\u00ean li\u1ec7u c\u00f3 s\u1eb5n t\u1ea1i \u0111\u1ecba ph\u01b0\u01a1ng nh\u01b0: ng\u00f4 h\u1ea1t, th\u00f3c, cua, c\u00e1, rau, c\u1ecf \u2026.\u0111\u1ec3 \u00e9p th\u00e0nh c\u00e1m vi\u00ean l\u00e0m th\u1ee9c \u0103n cho gia s\u00fac gia c\u1ea7m.<\/p>\n<p><img loading=\"lazy\" decoding=\"async\" class=\"size-full wp-image-8484 aligncenter\" src=\"https:\/\/congtybinhminh.com\/wp-content\/uploads\/2023\/06\/Nguyen-lieu-1.webp\" alt=\"\" width=\"800\" height=\"400\" srcset=\"https:\/\/congtybinhminh.com\/wp-content\/uploads\/2023\/06\/Nguyen-lieu-1.webp 800w, https:\/\/congtybinhminh.com\/wp-content\/uploads\/2023\/06\/Nguyen-lieu-1-510x255.webp 510w, https:\/\/congtybinhminh.com\/wp-content\/uploads\/2023\/06\/Nguyen-lieu-1-768x384.webp 768w\" sizes=\"auto, (max-width: 800px) 100vw, 800px\" \/><\/p>\n<p>Ngo\u00e0i ra m\u00e1y c\u00f2n \u0111\u01b0\u1ee3c d\u00f9ng \u0111\u1ec3 \u00e9p ph\u00e2n tr\u00f9n qu\u1ebf, s\u00e2u canxi, ph\u00e2n d\u00ea\u2026v\u00e0 n\u00e9n th\u00e0nh vi\u00ean ph\u1ee5c v\u1ee5 nhi\u1ec1u nhu c\u1ea7u v\u00e0 m\u1ee5c \u0111\u00edch kh\u00e1c nhau c\u1ee7a ng\u01b0\u1eddi s\u1eed d\u1ee5ng.<\/p>\n<p>M\u00e1y \u0111\u01b0\u1ee3c l\u1eafp \u0111\u1eb7t \u0111\u1ed9ng c\u01a1 22kw \u0111\u1ebfn 30kw, s\u1eed d\u1ee5ng ngu\u1ed3n \u0111i\u1ec7n 380v 3 pha cho n\u0103ng su\u1ea5t v\u01b0\u1ee3t tr\u1ed9i t\u1eeb 700-800kg\/gi\u1edd.<\/p>\n<p><img loading=\"lazy\" decoding=\"async\" class=\"aligncenter wp-image-8488 size-full\" src=\"https:\/\/congtybinhminh.com\/wp-content\/uploads\/2023\/06\/thanh-pham-cam-vien.webp\" alt=\"\" width=\"800\" height=\"600\" srcset=\"https:\/\/congtybinhminh.com\/wp-content\/uploads\/2023\/06\/thanh-pham-cam-vien.webp 800w, https:\/\/congtybinhminh.com\/wp-content\/uploads\/2023\/06\/thanh-pham-cam-vien-510x383.webp 510w, https:\/\/congtybinhminh.com\/wp-content\/uploads\/2023\/06\/thanh-pham-cam-vien-533x400.webp 533w, https:\/\/congtybinhminh.com\/wp-content\/uploads\/2023\/06\/thanh-pham-cam-vien-768x576.webp 768w\" sizes=\"auto, (max-width: 800px) 100vw, 800px\" \/><\/p>\n<h2><span id=\"Cau_tao_may_ep_cam_vien_S350\" class=\"ez-toc-section\"><\/span>C\u1ea5u t\u1ea1o m\u00e1y \u00e9p c\u00e1m vi\u00ean S350<\/h2>\n<p>Thu\u1ed9c d\u00f2ng m\u00e1y c\u00f4ng nghi\u1ec7p v\u1edbi ph\u1ea7n khung m\u00e1y \u0111\u01b0\u1ee3c h\u00e0n g\u1eafn ch\u1eafc ch\u1eafn kh\u00f4ng g\u00e2y rung l\u1eafc trong qu\u00e1 tr\u00ecnh nghi\u1ec1n, \u0111\u1ea3m b\u1ea3o an to\u00e0n cho ng\u01b0\u1eddi d\u00f9ng<\/p>\n<p><img loading=\"lazy\" decoding=\"async\" class=\"aligncenter wp-image-9707 size-full\" src=\"https:\/\/congtybinhminh.com\/wp-content\/uploads\/2023\/06\/cau-tao-may-ep-cam-vien-s350-binh-minh-copy_result222.webp\" alt=\"cau-tao-may-ep-cam-vien-s350-binh-minh copy_result222\" width=\"800\" height=\"696\" srcset=\"https:\/\/congtybinhminh.com\/wp-content\/uploads\/2023\/06\/cau-tao-may-ep-cam-vien-s350-binh-minh-copy_result222.webp 800w, https:\/\/congtybinhminh.com\/wp-content\/uploads\/2023\/06\/cau-tao-may-ep-cam-vien-s350-binh-minh-copy_result222-460x400.webp 460w, https:\/\/congtybinhminh.com\/wp-content\/uploads\/2023\/06\/cau-tao-may-ep-cam-vien-s350-binh-minh-copy_result222-768x668.webp 768w, https:\/\/congtybinhminh.com\/wp-content\/uploads\/2023\/06\/cau-tao-may-ep-cam-vien-s350-binh-minh-copy_result222-510x444.webp 510w\" sizes=\"auto, (max-width: 800px) 100vw, 800px\" \/><\/p>\n<p>Toa n\u1ea1p thi\u1ebft k\u1ebf d\u00e1ng \u0111\u1ee9ng, ph\u1ec5u tr\u00f2n r\u1ed9ng c\u00f3 th\u1ec3 ch\u1ee9a h\u00e0ng c\u00e2n h\u1ed7n h\u1ee3p trong qu\u00e1 tr\u00ecnh \u00e9p<\/p>\n<p><img loading=\"lazy\" decoding=\"async\" class=\"aligncenter wp-image-9708 size-full\" src=\"https:\/\/congtybinhminh.com\/wp-content\/uploads\/2023\/06\/nguyen-ly-ep-cam-vien_result222.webp\" alt=\"nguyen-ly-ep-cam-vien_result222\" width=\"800\" height=\"600\" srcset=\"https:\/\/congtybinhminh.com\/wp-content\/uploads\/2023\/06\/nguyen-ly-ep-cam-vien_result222.webp 800w, https:\/\/congtybinhminh.com\/wp-content\/uploads\/2023\/06\/nguyen-ly-ep-cam-vien_result222-533x400.webp 533w, https:\/\/congtybinhminh.com\/wp-content\/uploads\/2023\/06\/nguyen-ly-ep-cam-vien_result222-768x576.webp 768w, https:\/\/congtybinhminh.com\/wp-content\/uploads\/2023\/06\/nguyen-ly-ep-cam-vien_result222-510x383.webp 510w\" sizes=\"auto, (max-width: 800px) 100vw, 800px\" \/><\/p>\n<p>Bu\u1ed3ng l\u00e0m vi\u1ec7c g\u1ed3m 3 qu\u1ea3 l\u00f4 \u00e9p quay tr\u00f2n v\u00e0 nghi\u1ec1n nguy\u00ean li\u1ec7u li\u00ean t\u1ee5c v\u1edb m\u1eb7t s\u00e0ng t\u1ea1o h\u00ecnh r\u1ed3i \u0111\u1ea9y qua l\u1ed7 s\u00e0ng xu\u1ed1ng c\u1eeda x\u1ea3<\/p>\n<p><img loading=\"lazy\" decoding=\"async\" class=\"aligncenter wp-image-8496 size-full\" src=\"https:\/\/congtybinhminh.com\/wp-content\/uploads\/2023\/06\/Qua-lo-mat-sang.webp\" alt=\"\" width=\"800\" height=\"600\" srcset=\"https:\/\/congtybinhminh.com\/wp-content\/uploads\/2023\/06\/Qua-lo-mat-sang.webp 800w, https:\/\/congtybinhminh.com\/wp-content\/uploads\/2023\/06\/Qua-lo-mat-sang-510x383.webp 510w, https:\/\/congtybinhminh.com\/wp-content\/uploads\/2023\/06\/Qua-lo-mat-sang-533x400.webp 533w, https:\/\/congtybinhminh.com\/wp-content\/uploads\/2023\/06\/Qua-lo-mat-sang-768x576.webp 768w\" sizes=\"auto, (max-width: 800px) 100vw, 800px\" \/><\/p>\n<p>Qu\u00e1 tr\u00ecnh \u00e9p t\u1ea1o ra ma s\u00e1t sinh nhi\u1ec7t kho\u1ea3ng 60 &#8211; 70 \u0111\u1ed9 C t\u1ea1o ra vi\u00ean c\u00e1m c\u00f3 \u0111\u1ed9 \u1ea5m n\u00f3ng c\u00f3 th\u1ec3 cho v\u1eadt nu\u00f4i d\u00f9ng lu\u00f4n ho\u1eb7c ph\u01a1i kh\u00f4 d\u00f9ng d\u1ea7n<\/p>\n<p>M\u1ed7i qu\u1ea3 l\u00f4 \u0111\u01b0\u1ee3c t\u00f4i b\u1eb1ng c\u00f4ng ngh\u1ec7 bi\u1ebfn t\u1ea7n \u0111\u1ea1t ti\u00eau chu\u1ea9n v\u1edbi \u0111\u1ed9 c\u1ee9ng cao, c\u00e1c khe r\u00e3nh tr\u00ean m\u1ed7i qu\u1ea3 l\u00f4 t\u1ea1o \u0111\u1ed9 b\u00e1m t\u0103ng kh\u1ea3 n\u0103ng ch\u1ed1ng m\u00f2n t\u1ed1t<\/p>\n<p><img loading=\"lazy\" decoding=\"async\" class=\"aligncenter wp-image-8497 size-full\" style=\"font-size: 14.4px\" src=\"https:\/\/congtybinhminh.com\/wp-content\/uploads\/2023\/06\/Cua-xa-2.webp\" alt=\"\" width=\"800\" height=\"600\" srcset=\"https:\/\/congtybinhminh.com\/wp-content\/uploads\/2023\/06\/Cua-xa-2.webp 800w, https:\/\/congtybinhminh.com\/wp-content\/uploads\/2023\/06\/Cua-xa-2-510x383.webp 510w, https:\/\/congtybinhminh.com\/wp-content\/uploads\/2023\/06\/Cua-xa-2-533x400.webp 533w, https:\/\/congtybinhminh.com\/wp-content\/uploads\/2023\/06\/Cua-xa-2-768x576.webp 768w\" sizes=\"auto, (max-width: 800px) 100vw, 800px\" \/><\/p>\n<p>M\u1eb7t s\u00e0ng d\u00e0y 2 m\u1eb7t \u0111\u1ec1u c\u00f3 th\u1ec3 s\u1eed d\u1ee5ng, m\u00e1y c\u00f3 th\u1ec3 thay \u0111\u1ed5i k\u00edch th\u01b0\u1edbc m\u1eb7t s\u00e0ng v\u1edbi k\u00edch th\u01b0\u1edbc 3ly; 4ly;5ly.. cho ra vi\u00ean c\u00e1m t\u01b0\u01a1ng \u1ee9ng v\u1edbi l\u1ed7 s\u00e0ng t\u00f9y nhu c\u1ea7u s\u1eed d\u1ee5ng<\/p>\n<p>B\u00ean trong m\u00e1y c\u00f3 thanh dao c\u1eaft gi\u00fap ng\u01b0\u1eddi d\u00f9ng c\u00f3 th\u1ec3 t\u1ef1 \u0111i\u1ec1u ch\u1ec9nh k\u00edch th\u01b0\u1edbc d\u00e0i &#8211; ng\u1eafn c\u1ee7a vi\u00ean c\u00e1m t\u1eeb 0.8 &#8211; 2 cm t\u00f9y theo y\u00eau c\u1ea7u<\/p>\n<p><img loading=\"lazy\" decoding=\"async\" class=\"aligncenter wp-image-9709 size-full\" src=\"https:\/\/congtybinhminh.com\/wp-content\/uploads\/2023\/06\/qua-trinh-ep-cam-vien_result222.webp\" alt=\"qua-trinh-ep-cam-vien_result222\" width=\"800\" height=\"600\" srcset=\"https:\/\/congtybinhminh.com\/wp-content\/uploads\/2023\/06\/qua-trinh-ep-cam-vien_result222.webp 800w, https:\/\/congtybinhminh.com\/wp-content\/uploads\/2023\/06\/qua-trinh-ep-cam-vien_result222-533x400.webp 533w, https:\/\/congtybinhminh.com\/wp-content\/uploads\/2023\/06\/qua-trinh-ep-cam-vien_result222-768x576.webp 768w, https:\/\/congtybinhminh.com\/wp-content\/uploads\/2023\/06\/qua-trinh-ep-cam-vien_result222-510x383.webp 510w\" sizes=\"auto, (max-width: 800px) 100vw, 800px\" \/><\/p>\n<p>M\u00e1y \u00e9p c\u00e1m vi\u00ean 3 pha s\u1eed d\u1ee5ng \u0111\u1ed9ng c\u01a1 c\u00f4ng su\u1ea5t 22 &#8211; 30kw ngu\u1ed3n \u0111i\u1ec7n 380V cho n\u0103ng su\u1ea5t \u0111\u1ea1t 700 &#8211; 800kg\/gi\u1edd<\/p>\n<h2><span id=\"Nhung_luu_y_khi_su_dung_may_ep_cam_vien_S350\" class=\"ez-toc-section\"><\/span>Nh\u1eefng l\u01b0u \u00fd khi s\u1eed d\u1ee5ng m\u00e1y \u00e9p c\u00e1m vi\u00ean S350<\/h2>\n<p>\u0110\u1eb7t m\u00e1y \u1edf nh\u1eefng n\u01a1i b\u1eb1ng ph\u1eb3ng, \u0111\u1ec3 tr\u00e1nh rung l\u1eafc khi m\u00e1y ho\u1ea1t \u0111\u1ed9ng. L\u1eafp \u0111\u1eb7t m\u00e1y \u1edf n\u01a1i g\u1ea7n ngu\u1ed3n \u0111i\u1ec7n thu\u1eadn ti\u1ec7n cho qu\u00e1 tr\u00ecnh s\u1eed d\u1ee5ng<\/p>\n<p>Ki\u1ec3m tra motor c\u00f9ng c\u00e1c b\u1ed9 ph\u1eadn c\u1ee7a m\u00e1y tr\u01b0\u1edbc khi s\u1eed d\u1ee5ng \u0111\u1ec3 \u0111\u1ea3m b\u1ea3o qu\u00e1 tr\u00ecnh s\u1eed d\u1ee5ng kh\u00f4ng g\u1eb7p s\u1ef1 c\u1ed1<\/p>\n<p>Sau m\u1ed7i l\u1ea7n s\u1eed d\u1ee5ng c\u1ea7n v\u1ec7 sinh m\u00e1y s\u1ea1ch s\u1ebd gi\u00fap m\u00e1y ho\u1ea1t \u0111\u1ed9ng \u0111\u01b0\u1ee3c b\u1ec1n b\u1ec9, l\u00e2u d\u00e0i.<\/p>\n<h2>\u0110\u1ecba ch\u1ec9 mua m\u00e1y \u00e9p c\u00e1m vi\u00ean gi\u00e1 g\u1ed1c t\u1ea1i x\u01b0\u1edfng<\/h2>\n<p>C\u00f4ng ty B\u00ecnh Minh \u0111\u01a1n v\u1ecb tr\u1ef1c ti\u1ebfp ch\u1ebf t\u1ea1o m\u00e1y \u00e9p c\u00e1m vi\u00ean t\u1ea1i H\u00e0 N\u1ed9i v\u1edbi cam k\u1ebft 100% h\u00e0ng m\u1edbi ch\u00ednh h\u00e3ng &#8211; kh\u00f4ng qua \u0111\u1ea1i l\u00fd trung gian<\/p>\n<p><img loading=\"lazy\" decoding=\"async\" class=\"aligncenter wp-image-9710 size-full\" src=\"https:\/\/congtybinhminh.com\/wp-content\/uploads\/2023\/06\/tong-hop-cac-dong-may-ep-cam-vien_result222.webp\" alt=\"tong-hop-cac-dong-may-ep-cam-vien_result222\" width=\"800\" height=\"456\" srcset=\"https:\/\/congtybinhminh.com\/wp-content\/uploads\/2023\/06\/tong-hop-cac-dong-may-ep-cam-vien_result222.webp 800w, https:\/\/congtybinhminh.com\/wp-content\/uploads\/2023\/06\/tong-hop-cac-dong-may-ep-cam-vien_result222-702x400.webp 702w, https:\/\/congtybinhminh.com\/wp-content\/uploads\/2023\/06\/tong-hop-cac-dong-may-ep-cam-vien_result222-768x438.webp 768w, https:\/\/congtybinhminh.com\/wp-content\/uploads\/2023\/06\/tong-hop-cac-dong-may-ep-cam-vien_result222-510x291.webp 510w\" sizes=\"auto, (max-width: 800px) 100vw, 800px\" \/><\/p>\n<p>\u0110\u1ec3 bi\u1ebft th\u00f4ng tin chi ti\u1ebft li\u00ean h\u1ec7 v\u1edbi ch\u00fang t\u00f4i v\u1edbi 3 c\u00e1ch sau:<\/p>\n<ul>\n<li>Truy c\u1eadp website: <strong><a href=\"https:\/\/congtybinhminh.com\/san-pham\/\">congtybinhminh.com<\/a><\/strong><\/li>\n<li>Truy c\u1eadp youtube: <strong><a href=\"https:\/\/www.youtube.com\/@congtybinhminh\">c\u00f4ng ty B\u00ecnh Minh<\/a><\/strong><\/li>\n<li>\u0110\u1ebfn tr\u1ef1c ti\u1ebfp x\u01b0\u1edfng s\u1ea3n xu\u1ea5t \u1edf tr\u1ee5 s\u1edf c\u1ee7a c\u00f4ng ty t\u1ea1i: H\u00e0 N\u1ed9i; Tp H\u1ed3 Ch\u00ed Minh<\/li>\n<\/ul>\n<p>Khi \u0111\u1ebfn tr\u1ef1c ti\u1ebfp t\u1ea1i x\u01b0\u1edfng mua h\u00e0ng, b\u00e0 con s\u1ebd \u0111\u01b0\u1ee3c tr\u1ea3i nghi\u1ec7m v\u1eadn h\u00e0nh m\u00e1y d\u01b0\u1edbi s\u1ef1 h\u01b0\u1edbng d\u1eabn c\u1ee7a \u0111\u1ed9i ng\u0169 k\u1ef9 thu\u1eadt<\/p>\n<p>\u0110\u1ed1i v\u1edbi b\u00e0 con \u1edf xa, c\u00f3 th\u1ec3 li\u00ean h\u1ec7 t\u1edbi s\u1ed1 \u0111i\u1ec7n tho\u1ea1i Hotline tr\u00ean website ho\u1eb7c \u0111\u1ec3 l\u1ea1i l\u1eddi nh\u1eafn ph\u1ea7n &#8221; B\u00ecnh lu\u1eadn&#8221; \u0111\u1ed9i ng\u0169 t\u01b0 v\u1ea5n s\u1ebd li\u00ean h\u1ec7 t\u1edbi b\u00e0 con trong th\u1eddi gian s\u1edbm nh\u1ea5t<\/p>\n<h2>Th\u00f4ng s\u1ed1 k\u1ef9 thu\u1eadt<\/h2>\n<table border=\"1\" width=\"1005\">\n<tbody>\n<tr>\n<td>C\u00f4ng su\u1ea5t \u0111\u1ed9ng c\u01a1<\/td>\n<td>\u00a022 &#8211; 30kw<\/td>\n<\/tr>\n<tr>\n<td>\u00a0Ngu\u1ed3n \u0111i\u1ec7n<\/td>\n<td>\u00a0380V<\/td>\n<\/tr>\n<tr>\n<td>\u00a0T\u1ed1c \u0111\u1ed9 v\u00f2ng quay \u0111\u1ed9ng c\u01a1<\/td>\n<td>\u00a01450 (v\u00f2ng\/ph\u00fat)<\/td>\n<\/tr>\n<tr>\n<td width=\"404\">N\u0103ng su\u1ea5t<\/td>\n<td>\u00a0700 \u2013 800 (kg\/gi\u1edd)<\/td>\n<\/tr>\n<tr>\n<td width=\"404\">K\u00edch th\u01b0\u1edbc (D*C*R)<\/td>\n<td>121cm*146cm*75cm<\/td>\n<\/tr>\n<tr>\n<td>Tr\u1ecdng l\u01b0\u1ee3ng<\/td>\n<td>kg<\/td>\n<\/tr>\n<tr>\n<td>B\u1ea3o h\u00e0nh<\/td>\n<td>06 th\u00e1ng<\/td>\n<\/tr>\n<\/tbody>\n<\/table>\n","protected":false},"excerpt":{"rendered":"<ul>\n<li><strong>H\u00e3ng s\u1ea3n xu\u1ea5t:<\/strong> B\u00ecnh Minh<\/li>\n<li><strong>C\u00f4ng su\u1ea5t \u0111\u1ed9ng c\u01a1:<\/strong>\u00a022kw \u2013 30kw<\/li>\n<li><strong>Ngu\u1ed3n\u00a0\u0111i\u1ec7n:\u00a0<\/strong>\u00a0380V<\/li>\n<li><strong>N\u0103ng su\u1ea5t:\u00a0<\/strong>\u00a0\u00a0700kg \u2013 800kg\/h<\/li>\n<li><strong>K\u00edch th\u01b0\u1edbc (d*c*r):<\/strong>\u00a0121cm*146cm*75cm<\/li>\n<li><strong>T\u00ednh n\u0103ng:<\/strong>\u00a0M\u00e1y c\u00f3 ch\u1ee9c n\u0103ng nghi\u1ec1n v\u00e0 \u00e9p nhi\u1ec1u lo\u1ea1i nguy\u00ean li\u1ec7u th\u00f4 nh\u01b0 ng\u00f4 h\u1ea1t, \u1ed1c, cua, c\u00e1, rau, c\u1ecf th\u00e0nh c\u00e1m vi\u00ean\u00a0trong kho\u1ea3ng th\u1eddi gian nhanh ch\u00f3ng<\/li>\n<\/ul>\n","protected":false},"featured_media":9698,"comment_status":"closed","ping_status":"closed","template":"","meta":[],"product_brand":[],"product_cat":[64,63],"product_tag":[],"class_list":{"0":"post-8470","1":"product","2":"type-product","3":"status-publish","4":"has-post-thumbnail","6":"product_cat-may-ep-cam","7":"product_cat-may-ep-cam-vien-truc-dung","9":"first","10":"instock","11":"shipping-taxable","12":"product-type-simple"},"_links":{"self":[{"href":"https:\/\/congtybinhminh.com\/index.php?rest_route=\/wp\/v2\/product\/8470","targetHints":{"allow":["GET"]}}],"collection":[{"href":"https:\/\/congtybinhminh.com\/index.php?rest_route=\/wp\/v2\/product"}],"about":[{"href":"https:\/\/congtybinhminh.com\/index.php?rest_route=\/wp\/v2\/types\/product"}],"replies":[{"embeddable":true,"href":"https:\/\/congtybinhminh.com\/index.php?rest_route=%2Fwp%2Fv2%2Fcomments&post=8470"}],"wp:featuredmedia":[{"embeddable":true,"href":"https:\/\/congtybinhminh.com\/index.php?rest_route=\/wp\/v2\/media\/9698"}],"wp:attachment":[{"href":"https:\/\/congtybinhminh.com\/index.php?rest_route=%2Fwp%2Fv2%2Fmedia&parent=8470"}],"wp:term":[{"taxonomy":"product_brand","embeddable":true,"href":"https:\/\/congtybinhminh.com\/index.php?rest_route=%2Fwp%2Fv2%2Fproduct_brand&post=8470"},{"taxonomy":"product_cat","embeddable":true,"href":"https:\/\/congtybinhminh.com\/index.php?rest_route=%2Fwp%2Fv2%2Fproduct_cat&post=8470"},{"taxonomy":"product_tag","embeddable":true,"href":"https:\/\/congtybinhminh.com\/index.php?rest_route=%2Fwp%2Fv2%2Fproduct_tag&post=8470"}],"curies":[{"name":"wp","href":"https:\/\/api.w.org\/{rel}","templated":true}]}}