{"id":8447,"date":"2023-06-06T16:08:11","date_gmt":"2023-06-06T09:08:11","guid":{"rendered":"https:\/\/congtybinhminh.com\/?post_type=product&#038;p=8447"},"modified":"2024-04-03T16:27:11","modified_gmt":"2024-04-03T09:27:11","slug":"may-bam-go-da-nang-2t-lap-dau-no","status":"publish","type":"product","link":"https:\/\/congtybinhminh.com\/?product=may-bam-go-da-nang-2t-lap-dau-no","title":{"rendered":"M\u00e1y b\u0103m g\u1ed7 \u0111a n\u0103ng 2T l\u1eafp \u0111\u1ea7u n\u1ed5"},"content":{"rendered":"<h2>Video ho\u1ea1t \u0111\u1ed9ng<\/h2>\n<p><iframe loading=\"lazy\" title=\"M\u00e1y B\u0103m G\u1ed7 2T \u0110\u1ea7u N\u1ed5 Cho C\u00e1c \u0110\u01a1n V\u1ecb Kh\u00f4ng C\u00f3 \u0110i\u1ec7n 3 Pha\" width=\"1020\" height=\"574\" src=\"https:\/\/www.youtube.com\/embed\/qNpWWz3DuCE?feature=oembed\" frameborder=\"0\" allow=\"accelerometer; autoplay; clipboard-write; encrypted-media; gyroscope; picture-in-picture; web-share\" referrerpolicy=\"strict-origin-when-cross-origin\" allowfullscreen><\/iframe><\/p>\n<h2>Gi\u1edbi thi\u1ec7u m\u00e1y b\u0103m g\u1ed7 \u0111a n\u0103ng 2T \u0111\u1ea7u n\u1ed5<\/h2>\n<p>\u0110\u1ec3 \u0111\u1ea3m b\u1ea3o \u0111\u00e1p \u1ee9ng \u0111\u01b0\u1ee3c nhu c\u1ea7u s\u1eed d\u1ee5ng m\u00e1y c\u1ee7a m\u1ecdi h\u1ed9 gia \u0111\u00ecnh k\u1ec3 c\u1ea3 nh\u1eefng h\u1ed9 kh\u00f4ng c\u00f3 \u0111i\u1ec7n hay nh\u1eefng gia \u0111\u00ecnh kh\u00f4ng s\u1eed d\u1ee5ng \u0111i\u1ec7n 3pha, c\u00f4ng ty B\u00ecnh Minh \u0111\u00e3 cho ra \u0111\u1eddi d\u00f2ng s\u1ea3n ph\u1ea9m m\u00e1y b\u0103m g\u1ed7 \u0111a n\u0103ng 2T phi\u00ean b\u1ea3n l\u1eafp \u0111\u1eb7t \u0111\u1ea7u n\u1ed5.<\/p>\n<p>S\u1eed d\u1ee5ng m\u00e1y g\u00f3p ph\u1ea7n gi\u00fap b\u00e0 con ti\u1ebft ki\u1ec7m th\u1eddi gian, chi ph\u00ed, n\u00e2ng cao n\u0103ng su\u1ea5t, \u0111em l\u1ea1i hi\u1ec7u qu\u1ea3 kinh t\u1ebf cao.<\/p>\n<p><img loading=\"lazy\" decoding=\"async\" class=\"aligncenter wp-image-8449 size-full\" src=\"https:\/\/congtybinhminh.com\/wp-content\/uploads\/2023\/06\/may-bam-go-2t-dau-no-2.webp\" alt=\"\" width=\"800\" height=\"600\" srcset=\"https:\/\/congtybinhminh.com\/wp-content\/uploads\/2023\/06\/may-bam-go-2t-dau-no-2.webp 800w, https:\/\/congtybinhminh.com\/wp-content\/uploads\/2023\/06\/may-bam-go-2t-dau-no-2-510x383.webp 510w, https:\/\/congtybinhminh.com\/wp-content\/uploads\/2023\/06\/may-bam-go-2t-dau-no-2-533x400.webp 533w, https:\/\/congtybinhminh.com\/wp-content\/uploads\/2023\/06\/may-bam-go-2t-dau-no-2-768x576.webp 768w\" sizes=\"auto, (max-width: 800px) 100vw, 800px\" \/><\/p>\n<h2>\u01afu \u0111i\u1ec3m c\u1ee7a m\u00e1y b\u0103m g\u1ed7 \u0111a n\u0103ng 2T \u0111\u1ea7u n\u1ed5<\/h2>\n<p>M\u00e1y c\u00f3 th\u1ec3 b\u0103m nhi\u1ec1u lo\u1ea1i nguy\u00ean li\u1ec7u nh\u01b0 th\u00e2n c\u00e2y g\u1ed7, c\u00e0nh c\u00e2y, \u0111\u1ea7u m\u1ea9u, palet, x\u01a1 d\u1eeba, b\u00e3 m\u00eda, c\u1ecf, v\u00e1n b\u00f3c, v\u00e1n l\u1ea1ng, v\u1ecf keo&#8230;<\/p>\n<p><img loading=\"lazy\" decoding=\"async\" class=\"aligncenter wp-image-8453 size-full\" src=\"https:\/\/congtybinhminh.com\/wp-content\/uploads\/2023\/06\/may-bam-go-2t-dau-no-4.webp\" alt=\"\" width=\"800\" height=\"600\" srcset=\"https:\/\/congtybinhminh.com\/wp-content\/uploads\/2023\/06\/may-bam-go-2t-dau-no-4.webp 800w, https:\/\/congtybinhminh.com\/wp-content\/uploads\/2023\/06\/may-bam-go-2t-dau-no-4-510x383.webp 510w, https:\/\/congtybinhminh.com\/wp-content\/uploads\/2023\/06\/may-bam-go-2t-dau-no-4-533x400.webp 533w, https:\/\/congtybinhminh.com\/wp-content\/uploads\/2023\/06\/may-bam-go-2t-dau-no-4-768x576.webp 768w\" sizes=\"auto, (max-width: 800px) 100vw, 800px\" \/><\/p>\n<p>S\u1eed d\u1ee5ng m\u00e1y \u1edf m\u1ecdi n\u01a1i m\u00e0 kh\u00f4ng c\u1ea7n d\u00f9ng \u0111\u1ebfn ngu\u1ed3n \u0111i\u1ec7n, ph\u00f9 h\u1ee3p v\u1edbi m\u1ecdi h\u1ed9 gia \u0111\u00ecnh.<\/p>\n<p>M\u00e1y cho n\u0103ng su\u1ea5t cao t\u1eeb 300-500kg\/gi\u1edd m\u00e0 kh\u00f4ng t\u1ed1n nhi\u1ec1u th\u1eddi gian v\u00e0 c\u00f4ng s\u1ee9c.<\/p>\n<h2>C\u1ea5u t\u1ea1o chi ti\u1ebft<\/h2>\n<h3>Toa n\u1ea1p<\/h3>\n<p>M\u00e1y b\u0103m g\u1ed7 \u0111a n\u0103ng 2T \u0111\u01b0\u1ee3c thi\u1ebft k\u1ebf toa n\u1ea1p d\u1ea1ng d\u1ed1c gi\u00fap cho vi\u1ec7c \u0111\u01b0a th\u00e2n g\u1ed7 v\u00e0o bu\u1ed3ng b\u0103m nh\u1ecf m\u1ed9t c\u00e1ch d\u1ec5 d\u00e0ng. M\u00e1y c\u00f3 th\u1ec3 b\u0103m th\u00e2n g\u1ed7 \u0111\u1ebfn 10cm .<\/p>\n<p>Ngo\u00e0i toa n\u1ea1p chuy\u00ean d\u1ee5ng b\u0103m g\u1ed7 k\u1ef9 thu\u1eadt vi\u00ean c\u00f2n thi\u1ebft k\u1ebf th\u00eam toa n\u1ea1p ki\u1ec3u ngang \u0111\u1ec3 chuy\u00ean d\u1ee5ng b\u0103m c\u00e0nh c\u00e2y.<\/p>\n<p><img loading=\"lazy\" decoding=\"async\" class=\"aligncenter wp-image-8451 size-full\" src=\"https:\/\/congtybinhminh.com\/wp-content\/uploads\/2023\/06\/toa-nap-3.webp\" alt=\"\" width=\"800\" height=\"600\" srcset=\"https:\/\/congtybinhminh.com\/wp-content\/uploads\/2023\/06\/toa-nap-3.webp 800w, https:\/\/congtybinhminh.com\/wp-content\/uploads\/2023\/06\/toa-nap-3-510x383.webp 510w, https:\/\/congtybinhminh.com\/wp-content\/uploads\/2023\/06\/toa-nap-3-533x400.webp 533w, https:\/\/congtybinhminh.com\/wp-content\/uploads\/2023\/06\/toa-nap-3-768x576.webp 768w\" sizes=\"auto, (max-width: 800px) 100vw, 800px\" \/><\/p>\n<h3><span id=\"Dau_no\" class=\"ez-toc-section\"><\/span>\u0110\u1ea7u n\u1ed5<\/h3>\n<p>H\u1ec7 th\u1ed1ng \u0111\u1ea7u n\u1ed5 v\u1edbi c\u00f4ng su\u1ea5t 24HP k\u1ebft h\u1ee3p c\u00f9ng b\u1ed9 ph\u1eadn \u0111\u1ec1 v\u00e0 \u00e1c quy c\u00f3 ch\u1ee9c n\u0103ng kh\u1edfi \u0111\u1ed9ng d\u1ec5 d\u00e0ng m\u00e0 kh\u00f4ng m\u1ea5t nhi\u1ec1u c\u00f4ng s\u1ee9c nh\u01b0 s\u1eed d\u1ee5ng<\/p>\n<p>Ngo\u00e0i ra, b\u00e0 con c\u00f3 th\u1ec3 s\u1eed d\u1ee5ng\u00a0<strong>m\u00e1y b\u0103m g\u1ed7 2T l\u1eafp \u0111\u1ed9ng c\u01a1 11kw\u00a0<\/strong>\u0111\u1ec3 ch\u1ea1y \u1ed5n \u0111\u1ecbnh m\u00e1y<\/p>\n<h3><span id=\"Khung_may\" class=\"ez-toc-section\"><\/span>Khung m\u00e1y<\/h3>\n<p>Khung b\u1ec7 m\u00e1y ch\u1eafc ch\u1eafn c\u00f9ng v\u1edbi h\u1ec7 th\u1ed1ng 4 b\u00e1nh xe thu\u1eadn ti\u1ec7n di chuy\u1ec3n m\u00e1y \u0111\u1ebfn m\u1ecdi n\u01a1i.<\/p>\n<h3><span id=\"Buong_dao_bam\" class=\"ez-toc-section\"><\/span>Bu\u1ed3ng dao b\u0103m<\/h3>\n<p><img loading=\"lazy\" decoding=\"async\" class=\"aligncenter wp-image-8452 size-full\" src=\"https:\/\/congtybinhminh.com\/wp-content\/uploads\/2023\/06\/Buong-dao-bam-1.webp\" alt=\"\" width=\"800\" height=\"600\" srcset=\"https:\/\/congtybinhminh.com\/wp-content\/uploads\/2023\/06\/Buong-dao-bam-1.webp 800w, https:\/\/congtybinhminh.com\/wp-content\/uploads\/2023\/06\/Buong-dao-bam-1-510x383.webp 510w, https:\/\/congtybinhminh.com\/wp-content\/uploads\/2023\/06\/Buong-dao-bam-1-533x400.webp 533w, https:\/\/congtybinhminh.com\/wp-content\/uploads\/2023\/06\/Buong-dao-bam-1-768x576.webp 768w\" sizes=\"auto, (max-width: 800px) 100vw, 800px\" \/><\/p>\n<p>Bu\u1ed3ng dao b\u0103m bao g\u1ed3m: 4 dao b\u0103m g\u1ed7, 3 dao b\u0103m c\u00e0nh, 12 b\u00faa nghi\u1ec1n v\u00e0 1 b\u00e1nh \u0111\u00e0 c\u00f9ng v\u1edbi m\u1eb7t s\u00e0ng 16 ly.<\/p>\n<h2>Nh\u1eefng l\u01b0u \u00fd khi s\u1eed d\u1ee5ng m\u00e1y b\u0103m g\u1ed7 \u0111a n\u0103ng 2T \u0111\u1ea7u n\u1ed5<\/h2>\n<p>\u0110\u1eb7t m\u00e1y tr\u00ean n\u1ec1n b\u1eb1ng ph\u1eb3ng \u0111\u1ec3 tr\u00e1nh g\u00e2y rung l\u1eafc trong qu\u00e1 tr\u00ecnh v\u1eadn h\u00e0nh<\/p>\n<p>Kh\u00f4ng \u0111\u1ec3 nh\u1eefng v\u1eadt d\u1ee5ng s\u1eafc, nh\u1ecdn r\u01a1i v\u00e0o bu\u1ed3ng b\u0103m<\/p>\n<p>V\u1ec7 sinh m\u00e1y s\u1ea1ch s\u1ebd sau m\u1ed7i l\u1ea7n s\u1eed d\u1ee5ng \u0111\u1ec3 m\u00e1y ho\u1ea1t \u0111\u1ed9ng \u1ed5n \u0111\u1ecbnh, l\u00e2u d\u00e0i.<\/p>\n<h2>Th\u00f4ng s\u1ed1 k\u1ef9 thu\u1eadt<\/h2>\n<table border=\"1\" width=\"814\" cellspacing=\"1\" cellpadding=\"1\">\n<tbody>\n<tr>\n<td colspan=\"1\" rowspan=\"3\">\u0110\u1ed9ng c\u01a1<\/td>\n<td>C\u00f4ng su\u1ea5t \u0111\u1ea7u n\u1ed5<\/td>\n<td>\u00a0D24<\/td>\n<\/tr>\n<tr>\n<td>Ngu\u1ed3n \u0111i\u1ec7n<\/td>\n<td>\u2013 (V)<\/td>\n<\/tr>\n<tr>\n<td>T\u1ed1c \u0111\u1ed9<\/td>\n<td>_ (v\/p)<\/td>\n<\/tr>\n<tr>\n<td colspan=\"1\" rowspan=\"2\">Tr\u1ecdng l\u01b0\u1ee3ng m\u00e1y<\/td>\n<td>Nguy\u00ean b\u1ed9<\/td>\n<td>(kg)<\/td>\n<\/tr>\n<tr>\n<td>Kh\u00f4ng \u0111\u1ed9ng c\u01a1<\/td>\n<td>(kg)<\/td>\n<\/tr>\n<tr>\n<td colspan=\"1\" rowspan=\"2\">B\u1ea3o h\u00e0nh<\/td>\n<td>K\u1ef9 thu\u1eadt<\/td>\n<td>06 th\u00e1ng<\/td>\n<\/tr>\n<tr>\n<td>\u0110\u1ed9ng c\u01a1<\/td>\n<td>Theo t\u1eebng h\u00e3ng s\u1ea3n xu\u1ea5t<\/td>\n<\/tr>\n<tr>\n<td>N\u0103ng su\u1ea5t<\/td>\n<td colspan=\"2\" rowspan=\"1\">\u00a0300-500kg\/gi\u1edd<\/td>\n<\/tr>\n<tr>\n<td>K\u00edch th\u01b0\u1edbc (D*C*R)<\/td>\n<td colspan=\"2\" rowspan=\"1\">163cm*95cm*56cm<\/td>\n<\/tr>\n<tr>\n<td>H\u00ecnh th\u1ee9c thanh to\u00e1n<\/td>\n<td colspan=\"2\" rowspan=\"1\">Ti\u1ec1n m\u1eb7t ho\u1eb7c chuy\u1ec3n kho\u1ea3n<\/td>\n<\/tr>\n<\/tbody>\n<\/table>\n<p>&nbsp;<\/p>\n","protected":false},"excerpt":{"rendered":"<ul>\n<li>H\u00e3ng s\u1ea3n xu\u1ea5t: B\u00ecnh Minh<\/li>\n<li>N\u0103ng su\u1ea5t : 300 &#8211; 500 kg\/h (t\u00f9y t\u1eebng d\u1ea1ng nguy\u00ean li\u1ec7u)<\/li>\n<li>C\u00f4ng su\u1ea5t \u0111\u1ea7u n\u1ed5: D24<\/li>\n<li>T\u00ednh n\u0103ng: M\u00e1y c\u00f3 ch\u1ee9c n\u0103ng b\u0103m nh\u1ecf c\u00e1c lo\u1ea1i nguy\u00ean li\u1ec7u g\u1ed7 t\u01b0\u01a1i ho\u1eb7c kh\u00f4, b\u0103m x\u01a1 d\u1eeba, b\u00e3 m\u00eda&#8230;<\/li>\n<\/ul>\n","protected":false},"featured_media":9562,"comment_status":"closed","ping_status":"closed","template":"","meta":[],"product_brand":[],"product_cat":[41],"product_tag":[],"class_list":{"0":"post-8447","1":"product","2":"type-product","3":"status-publish","4":"has-post-thumbnail","6":"product_cat-may-bam-go","8":"first","9":"instock","10":"shipping-taxable","11":"product-type-simple"},"_links":{"self":[{"href":"https:\/\/congtybinhminh.com\/index.php?rest_route=\/wp\/v2\/product\/8447","targetHints":{"allow":["GET"]}}],"collection":[{"href":"https:\/\/congtybinhminh.com\/index.php?rest_route=\/wp\/v2\/product"}],"about":[{"href":"https:\/\/congtybinhminh.com\/index.php?rest_route=\/wp\/v2\/types\/product"}],"replies":[{"embeddable":true,"href":"https:\/\/congtybinhminh.com\/index.php?rest_route=%2Fwp%2Fv2%2Fcomments&post=8447"}],"wp:featuredmedia":[{"embeddable":true,"href":"https:\/\/congtybinhminh.com\/index.php?rest_route=\/wp\/v2\/media\/9562"}],"wp:attachment":[{"href":"https:\/\/congtybinhminh.com\/index.php?rest_route=%2Fwp%2Fv2%2Fmedia&parent=8447"}],"wp:term":[{"taxonomy":"product_brand","embeddable":true,"href":"https:\/\/congtybinhminh.com\/index.php?rest_route=%2Fwp%2Fv2%2Fproduct_brand&post=8447"},{"taxonomy":"product_cat","embeddable":true,"href":"https:\/\/congtybinhminh.com\/index.php?rest_route=%2Fwp%2Fv2%2Fproduct_cat&post=8447"},{"taxonomy":"product_tag","embeddable":true,"href":"https:\/\/congtybinhminh.com\/index.php?rest_route=%2Fwp%2Fv2%2Fproduct_tag&post=8447"}],"curies":[{"name":"wp","href":"https:\/\/api.w.org\/{rel}","templated":true}]}}