{"id":8431,"date":"2023-06-06T10:22:29","date_gmt":"2023-06-06T03:22:29","guid":{"rendered":"https:\/\/congtybinhminh.com\/?post_type=product&#038;p=8431"},"modified":"2024-04-03T16:30:28","modified_gmt":"2024-04-03T09:30:28","slug":"may-bam-go-manh-5t","status":"publish","type":"product","link":"https:\/\/congtybinhminh.com\/?product=may-bam-go-manh-5t","title":{"rendered":"M\u00e1y b\u0103m g\u1ed7 m\u1ea3nh 5T"},"content":{"rendered":"<h2>Video ho\u1ea1t \u0111\u1ed9ng<\/h2>\n<p><iframe loading=\"lazy\" title=\"M\u00e1y B\u0103m G\u1ed7 M\u1ea3nh D\u0103m Ch\u00edp 5T Phi\u00ean B\u1ea3n 2022 B\u00ecnh Minh\" width=\"1020\" height=\"574\" src=\"https:\/\/www.youtube.com\/embed\/mG9TLKzr6Ng?feature=oembed\" frameborder=\"0\" allow=\"accelerometer; autoplay; clipboard-write; encrypted-media; gyroscope; picture-in-picture; web-share\" referrerpolicy=\"strict-origin-when-cross-origin\" allowfullscreen><\/iframe><\/p>\n<h2>Gi\u1edbi thi\u1ec7u m\u00e1y b\u0103m g\u1ed7 m\u1ea3nh 5T<\/h2>\n<p>\u0110\u1ec3 x\u1eed l\u00fd g\u1ed7 th\u1ea3i, g\u1ed7 m\u1ea9u&#8230;.th\u00e0nh d\u0103m g\u1ed7 \u0111\u1ec3 l\u00e0m th\u00e0nh nh\u1eefng s\u1ea3n ph\u1ea9m c\u00f3 gi\u00e1 tr\u1ecb, C\u00f4ng ty B\u00ecnh Minh \u0111\u00e3 cho ra m\u1eaft d\u00f2ng s\u1ea3n ph\u1ea9m m\u00e1y b\u0103m g\u1ed7 m\u1ea3nh 5T nh\u1eb1m \u0111\u00e1p \u1ee9ng nhu c\u1ea7u c\u1ee7a ng\u01b0\u1eddi s\u1eed d\u1ee5ng.<\/p>\n<p>S\u1eed d\u1ee5ng m\u00e1y v\u1eeba gi\u00fap ti\u1ebft ki\u1ec7m th\u1eddi gian, c\u00f4ng s\u1ee9c v\u1eeba \u0111\u1ea3m b\u1ea3o \u0111em l\u1ea1i hi\u1ec7u qu\u1ea3 n\u0103ng su\u1ea5t l\u00e0m vi\u1ec7c cao.<\/p>\n<p><img loading=\"lazy\" decoding=\"async\" class=\"aligncenter wp-image-8437 size-full\" src=\"https:\/\/congtybinhminh.com\/wp-content\/uploads\/2023\/06\/may-bam-go-manh-5T-5.webp\" alt=\"\" width=\"800\" height=\"600\" srcset=\"https:\/\/congtybinhminh.com\/wp-content\/uploads\/2023\/06\/may-bam-go-manh-5T-5.webp 800w, https:\/\/congtybinhminh.com\/wp-content\/uploads\/2023\/06\/may-bam-go-manh-5T-5-510x383.webp 510w, https:\/\/congtybinhminh.com\/wp-content\/uploads\/2023\/06\/may-bam-go-manh-5T-5-533x400.webp 533w, https:\/\/congtybinhminh.com\/wp-content\/uploads\/2023\/06\/may-bam-go-manh-5T-5-768x576.webp 768w\" sizes=\"auto, (max-width: 800px) 100vw, 800px\" \/><\/p>\n<h2>C\u1ea5u t\u1ea1o c\u1ee7a m\u00e1y b\u0103m g\u1ed7 m\u1ea3nh 5T<\/h2>\n<h3>Khung m\u00e1y ch\u1eafc ch\u1eafn<\/h3>\n<p>M\u00e1y b\u0103m g\u1ed7 m\u1ea3nh 5T \u0111\u01b0\u1ee3c thi\u1ebft k\u1ebf hi\u1ec7n \u0111\u1ea1i, khung m\u00e1y \u0111\u01b0\u1ee3c h\u00e0n g\u1eafn ch\u1eafc ch\u1eafn kh\u00f4ng g\u00e2y rung l\u1eafc trong qu\u00e1 tr\u00ecnh m\u00e1y ho\u1ea1t \u0111\u1ed9ng. L\u1eafp \u0111\u1eb7t 4 b\u00e1nh xe thu\u1eadn ti\u1ec7n cho qu\u00e1 tr\u00ecnh di chuy\u1ec3n m\u00e1y.<\/p>\n<p><img loading=\"lazy\" decoding=\"async\" class=\"aligncenter wp-image-8435 size-full\" src=\"https:\/\/congtybinhminh.com\/wp-content\/uploads\/2023\/06\/may-bam-go-manh-5T-4.webp\" alt=\"\" width=\"800\" height=\"600\" srcset=\"https:\/\/congtybinhminh.com\/wp-content\/uploads\/2023\/06\/may-bam-go-manh-5T-4.webp 800w, https:\/\/congtybinhminh.com\/wp-content\/uploads\/2023\/06\/may-bam-go-manh-5T-4-510x383.webp 510w, https:\/\/congtybinhminh.com\/wp-content\/uploads\/2023\/06\/may-bam-go-manh-5T-4-533x400.webp 533w, https:\/\/congtybinhminh.com\/wp-content\/uploads\/2023\/06\/may-bam-go-manh-5T-4-768x576.webp 768w\" sizes=\"auto, (max-width: 800px) 100vw, 800px\" \/><\/p>\n<h3>Toa n\u1ea1p v\u00e0 c\u1eeda x\u1ea3<\/h3>\n<p>Toa n\u1ea1p c\u1ee7a m\u00e1y \u0111\u01b0\u1ee3c thi\u1ebft k\u1ebf g\u00f3c nghi\u00eang gi\u00fap gi\u1ea3m t\u1ea3i khi \u0111\u01b0a nguy\u00ean li\u1ec7u v\u00e0o bu\u1ed3ng b\u0103m, h\u01a1n n\u1eefa ph\u1ea7n toa n\u1ea1p c\u00f3 chi\u1ec1u cao v\u1eeba t\u1ea7m ng\u01b0\u1eddi d\u00f9ng gi\u00fap ng\u01b0\u1eddi s\u1eed d\u1ee5ng d\u1ec5 d\u00e0ng \u0111\u01b0a nguy\u00ean li\u1ec7u.<\/p>\n<p><img loading=\"lazy\" decoding=\"async\" class=\"aligncenter wp-image-8438 size-full\" src=\"https:\/\/congtybinhminh.com\/wp-content\/uploads\/2023\/06\/toa-nap-nguyen-lieu-3.webp\" alt=\"\" width=\"800\" height=\"600\" srcset=\"https:\/\/congtybinhminh.com\/wp-content\/uploads\/2023\/06\/toa-nap-nguyen-lieu-3.webp 800w, https:\/\/congtybinhminh.com\/wp-content\/uploads\/2023\/06\/toa-nap-nguyen-lieu-3-510x383.webp 510w, https:\/\/congtybinhminh.com\/wp-content\/uploads\/2023\/06\/toa-nap-nguyen-lieu-3-533x400.webp 533w, https:\/\/congtybinhminh.com\/wp-content\/uploads\/2023\/06\/toa-nap-nguyen-lieu-3-768x576.webp 768w\" sizes=\"auto, (max-width: 800px) 100vw, 800px\" \/><\/p>\n<p>C\u1eeda x\u1ea3 \u0111\u01b0\u1ee3c thi\u1ebft k\u1ebf d\u1ea1ng c\u1ed5 cao, c\u00f3 \u0111\u1ed9 phun xa t\u1eeb 1 \u2013 2m thu\u1eadn ti\u1ec7n cho vi\u1ec7c thu gom th\u00e0nh ph\u1ea9m t\u1ea1i ch\u1ed7. Nguy\u00ean li\u1ec7u sau khi \u0111\u01b0\u1ee3c b\u0103m nh\u1ecf s\u1ebd \u0111\u01b0\u1ee3c c\u00e1c c\u00e1nh \u0111\u00e0 \u0111\u1ea9y th\u00e0nh ph\u1ea9m ra ngo\u00e0i theo \u0111\u01b0\u1eddng c\u1eeda x\u1ea3.<\/p>\n<h3>Bu\u1ed3ng dao b\u0103m<\/h3>\n<p>M\u00e1y b\u0103m g\u1ed7 th\u00e0nh d\u1ea1ng m\u1ea3nh \u0111\u01b0\u1ee3c trang b\u1ecb 4 dao b\u0103m ch\u00ednh c\u00f9ng 4 c\u00e1nh \u0111\u1ea9y tr\u00ean \u0111\u0129a \u0111\u00e0, gi\u00fap m\u00e1y t\u1ea1o m\u1ed9t l\u1ef1c b\u0103m m\u1ea1nh trong qu\u00e1 tr\u00ecnh ho\u1ea1t \u0111\u1ed9ng.<\/p>\n<p>B\u00ean c\u1ea1nh \u0111\u00f3, l\u01b0\u1ee1i dao \u0111\u01b0\u1ee3c ch\u1ebf t\u1ea1o t\u1eeb th\u00e9p c\u00f3 \u0111\u1ed9 c\u1ee9ng cao v\u00e0 r\u1ea5t s\u1eafc b\u00e9n gi\u00fap m\u00e1y l\u00e0m vi\u1ec7c hi\u1ec7u qu\u1ea3 v\u00e0 c\u00f3 n\u0103ng su\u1ea5t cao.<\/p>\n<p><img loading=\"lazy\" decoding=\"async\" class=\"aligncenter wp-image-8439 size-full\" src=\"https:\/\/congtybinhminh.com\/wp-content\/uploads\/2023\/06\/buong-bam-1.webp\" alt=\"\" width=\"800\" height=\"600\" srcset=\"https:\/\/congtybinhminh.com\/wp-content\/uploads\/2023\/06\/buong-bam-1.webp 800w, https:\/\/congtybinhminh.com\/wp-content\/uploads\/2023\/06\/buong-bam-1-510x383.webp 510w, https:\/\/congtybinhminh.com\/wp-content\/uploads\/2023\/06\/buong-bam-1-533x400.webp 533w, https:\/\/congtybinhminh.com\/wp-content\/uploads\/2023\/06\/buong-bam-1-768x576.webp 768w\" sizes=\"auto, (max-width: 800px) 100vw, 800px\" \/><\/p>\n<h2>N\u0103ng su\u1ea5t cao<\/h2>\n<p>M\u00e1y s\u1eed d\u1ee5ng \u0111\u1ed9ng c\u01a1 15kw motor l\u00f5i d\u00e2y \u0111\u1ed3ng 100% s\u1eed d\u1ee5ng \u0111i\u1ec7n 3 pha \u2013 380V cho n\u0103ng su\u1ea5t cao t\u1eeb 2000- 2500kg\/gi\u1edd. R\u1ea5t th\u00edch h\u1ee3p v\u1edbi c\u00e1c x\u01b0\u1edfng ch\u1ebf bi\u1ebfn g\u1ed7<\/p>\n<p><img loading=\"lazy\" decoding=\"async\" class=\"aligncenter wp-image-8440 size-full\" src=\"https:\/\/congtybinhminh.com\/wp-content\/uploads\/2023\/06\/thanh-pham-5.webp\" alt=\"\" width=\"800\" height=\"600\" srcset=\"https:\/\/congtybinhminh.com\/wp-content\/uploads\/2023\/06\/thanh-pham-5.webp 800w, https:\/\/congtybinhminh.com\/wp-content\/uploads\/2023\/06\/thanh-pham-5-510x383.webp 510w, https:\/\/congtybinhminh.com\/wp-content\/uploads\/2023\/06\/thanh-pham-5-533x400.webp 533w, https:\/\/congtybinhminh.com\/wp-content\/uploads\/2023\/06\/thanh-pham-5-768x576.webp 768w\" sizes=\"auto, (max-width: 800px) 100vw, 800px\" \/><\/p>\n<h2>\u01afu \u0111i\u1ec3m c\u1ee7a m\u00e1y b\u0103m g\u1ed7 m\u1ea3nh 5T<\/h2>\n<p>\u0110\u00e1p \u1ee9ng nhu c\u1ea7u s\u1eed d\u1ee5ng th\u00e0nh ph\u1ea9m b\u0103m d\u1ea1ng m\u1ea3nh<\/p>\n<p><img loading=\"lazy\" decoding=\"async\" class=\"aligncenter wp-image-8441 size-full\" src=\"https:\/\/congtybinhminh.com\/wp-content\/uploads\/2023\/06\/may-bam-go-manh-5T-6.webp\" alt=\"\" width=\"800\" height=\"600\" srcset=\"https:\/\/congtybinhminh.com\/wp-content\/uploads\/2023\/06\/may-bam-go-manh-5T-6.webp 800w, https:\/\/congtybinhminh.com\/wp-content\/uploads\/2023\/06\/may-bam-go-manh-5T-6-510x383.webp 510w, https:\/\/congtybinhminh.com\/wp-content\/uploads\/2023\/06\/may-bam-go-manh-5T-6-533x400.webp 533w, https:\/\/congtybinhminh.com\/wp-content\/uploads\/2023\/06\/may-bam-go-manh-5T-6-768x576.webp 768w\" sizes=\"auto, (max-width: 800px) 100vw, 800px\" \/><\/p>\n<p>T\u00e1i s\u1eed d\u1ee5ng g\u1ed7 th\u1ea3i mang l\u1ea1i l\u1ee3i nhu\u1eadn cao cho c\u00e1c c\u01a1 s\u1edf s\u1ea3n xu\u1ea5t<\/p>\n<p>D\u1ec5 d\u00e0ng s\u1eed d\u1ee5ng, ch\u1ec9 v\u1edbi 1 \u2013 2 ng\u01b0\u1eddi v\u1eadn h\u00e0nh m\u00e1y kh\u00f4ng ch\u1ec9 ti\u1ebft ki\u1ec7m th\u1eddi gian m\u00e0 c\u00f2n \u0111\u1ea3m b\u1ea3o n\u0103ng su\u1ea5t<\/p>\n<h2>Th\u00f4ng s\u1ed1 k\u1ef9 thu\u1eadt<\/h2>\n<table border=\"1\" width=\"814\" cellspacing=\"1\" cellpadding=\"1\">\n<tbody>\n<tr>\n<td colspan=\"1\" rowspan=\"3\">\u0110\u1ed9ng c\u01a1<\/td>\n<td>C\u00f4ng su\u1ea5t<\/td>\n<td>\u00a015kw<\/td>\n<\/tr>\n<tr>\n<td>Ngu\u1ed3n \u0111i\u1ec7n<\/td>\n<td>\u00a0380V<\/td>\n<\/tr>\n<tr>\n<td>T\u1ed1c \u0111\u1ed9<\/td>\n<td>1450 (v\/p)<\/td>\n<\/tr>\n<tr>\n<td colspan=\"1\" rowspan=\"2\">Tr\u1ecdng l\u01b0\u1ee3ng m\u00e1y<\/td>\n<td>Nguy\u00ean b\u1ed9<\/td>\n<td>(kg)<\/td>\n<\/tr>\n<tr>\n<td>Kh\u00f4ng \u0111\u1ed9ng c\u01a1<\/td>\n<td>(kg)<\/td>\n<\/tr>\n<tr>\n<td colspan=\"1\" rowspan=\"2\">B\u1ea3o h\u00e0nh<\/td>\n<td>K\u1ef9 thu\u1eadt<\/td>\n<td>06 th\u00e1ng<\/td>\n<\/tr>\n<tr>\n<td>\u0110\u1ed9ng c\u01a1<\/td>\n<td>Theo t\u1eebng h\u00e3ng s\u1ea3n xu\u1ea5t<\/td>\n<\/tr>\n<tr>\n<td>N\u0103ng su\u1ea5t<\/td>\n<td colspan=\"2\" rowspan=\"1\">2000 \u2013 2500 kg\/gi\u1edd<\/td>\n<\/tr>\n<tr>\n<td>K\u00edch th\u01b0\u1edbc (D*C*R)<\/td>\n<td colspan=\"2\" rowspan=\"1\">200*149*68 cm<\/td>\n<\/tr>\n<tr>\n<td>H\u00ecnh th\u1ee9c thanh to\u00e1n<\/td>\n<td colspan=\"2\" rowspan=\"1\">Ti\u1ec1n m\u1eb7t ho\u1eb7c chuy\u1ec3n kho\u1ea3n<\/td>\n<\/tr>\n<\/tbody>\n<\/table>\n<p>&nbsp;<\/p>\n","protected":false},"excerpt":{"rendered":"<ul>\n<li><strong>H\u00e3ng s\u1ea3n xu\u1ea5t :<\/strong> B\u00ecnh Minh<\/li>\n<li><strong>C\u00f4ng su\u1ea5t \u0111\u1ed9ng c\u01a1 :<\/strong>\u00a015kw<\/li>\n<li><strong>Ngu\u1ed3n \u0111i\u1ec7n :<\/strong>\u00a0380V<\/li>\n<li><strong>N\u0103ng su\u1ea5t:\u00a0<\/strong>2000 \u2013 2500 kg\/gi\u1edd<\/li>\n<li><strong>K\u00edch th\u01b0\u1edbc (d*c*r)<\/strong>\u00a0: 200*149*68 cm<\/li>\n<li><strong>T\u00ednh n\u0103ng :<\/strong>\u00a0M\u00e1y chuy\u00ean d\u00f9ng b\u0103m g\u1ed7 m\u1ea9u; g\u1ed7 th\u1ea3i;.. th\u00e0nh d\u1ea1ng m\u1ea3nh s\u1ed1 l\u01b0\u1ee3ng l\u1edbn<\/li>\n<\/ul>\n","protected":false},"featured_media":9565,"comment_status":"closed","ping_status":"closed","template":"","meta":[],"product_brand":[],"product_cat":[41],"product_tag":[],"class_list":{"0":"post-8431","1":"product","2":"type-product","3":"status-publish","4":"has-post-thumbnail","6":"product_cat-may-bam-go","8":"first","9":"instock","10":"shipping-taxable","11":"product-type-simple"},"_links":{"self":[{"href":"https:\/\/congtybinhminh.com\/index.php?rest_route=\/wp\/v2\/product\/8431","targetHints":{"allow":["GET"]}}],"collection":[{"href":"https:\/\/congtybinhminh.com\/index.php?rest_route=\/wp\/v2\/product"}],"about":[{"href":"https:\/\/congtybinhminh.com\/index.php?rest_route=\/wp\/v2\/types\/product"}],"replies":[{"embeddable":true,"href":"https:\/\/congtybinhminh.com\/index.php?rest_route=%2Fwp%2Fv2%2Fcomments&post=8431"}],"wp:featuredmedia":[{"embeddable":true,"href":"https:\/\/congtybinhminh.com\/index.php?rest_route=\/wp\/v2\/media\/9565"}],"wp:attachment":[{"href":"https:\/\/congtybinhminh.com\/index.php?rest_route=%2Fwp%2Fv2%2Fmedia&parent=8431"}],"wp:term":[{"taxonomy":"product_brand","embeddable":true,"href":"https:\/\/congtybinhminh.com\/index.php?rest_route=%2Fwp%2Fv2%2Fproduct_brand&post=8431"},{"taxonomy":"product_cat","embeddable":true,"href":"https:\/\/congtybinhminh.com\/index.php?rest_route=%2Fwp%2Fv2%2Fproduct_cat&post=8431"},{"taxonomy":"product_tag","embeddable":true,"href":"https:\/\/congtybinhminh.com\/index.php?rest_route=%2Fwp%2Fv2%2Fproduct_tag&post=8431"}],"curies":[{"name":"wp","href":"https:\/\/api.w.org\/{rel}","templated":true}]}}