{"id":8420,"date":"2023-06-06T07:51:01","date_gmt":"2023-06-06T00:51:01","guid":{"rendered":"https:\/\/congtybinhminh.com\/?post_type=product&#038;p=8420"},"modified":"2025-05-21T14:33:36","modified_gmt":"2025-05-21T07:33:36","slug":"may-bam-go-5t-dau-no","status":"publish","type":"product","link":"https:\/\/congtybinhminh.com\/?product=may-bam-go-5t-dau-no","title":{"rendered":"M\u00e1y b\u0103m g\u1ed7 5T \u0111\u1ea7u n\u1ed5"},"content":{"rendered":"<h2>Video m\u00e1y ho\u1ea1t \u0111\u1ed9ng<\/h2>\n<p><iframe loading=\"lazy\" title=\"M\u00e1y B\u0103m G\u1ed7 \u0110\u1ea7u N\u1ed5 D40 Ki\u1ec3m Tra Tr\u01b0\u1edbc Khi Giao H\u00e0ng Cho Kh\u00e1ch\" width=\"1020\" height=\"574\" src=\"https:\/\/www.youtube.com\/embed\/6rUxXbctjMw?feature=oembed\" frameborder=\"0\" allow=\"accelerometer; autoplay; clipboard-write; encrypted-media; gyroscope; picture-in-picture; web-share\" referrerpolicy=\"strict-origin-when-cross-origin\" allowfullscreen><\/iframe><\/p>\n<h2>Gi\u1edbi thi\u1ec7u m\u00e1y b\u0103m g\u1ed7 5T \u0111\u1ea7u n\u1ed5<\/h2>\n<p>M\u00e1y b\u0103m g\u1ed7 5T d\u00f9ng \u0111\u1ea7u n\u1ed5 do B\u00ecnh Minh s\u1ea3n xu\u1ea5t l\u00e0 thi\u1ebft b\u1ecb \u0111\u01b0\u1ee3c s\u1eed d\u1ee5ng \u0111\u1ec3 b\u0103m c\u00e2y g\u1ed7, c\u00e0nh c\u00e2y, v\u00e1n b\u00f3c\u2026 t\u1ea1o th\u00e0nh m\u1ea3nh nh\u1ecf l\u00e0m d\u0103m g\u1ed7. G\u00f3p ph\u1ea7n t\u00e1i s\u1eed d\u1ee5ng nguy\u00ean li\u1ec7u th\u1eeba \u0111em l\u1ea1i thu nh\u1eadp.<\/p>\n<p><img loading=\"lazy\" decoding=\"async\" class=\"aligncenter wp-image-8425 size-full\" src=\"https:\/\/congtybinhminh.com\/wp-content\/uploads\/2023\/06\/may-bam-go-5t-dau-no-5.webp\" alt=\"\" width=\"800\" height=\"600\" srcset=\"https:\/\/congtybinhminh.com\/wp-content\/uploads\/2023\/06\/may-bam-go-5t-dau-no-5.webp 800w, https:\/\/congtybinhminh.com\/wp-content\/uploads\/2023\/06\/may-bam-go-5t-dau-no-5-510x383.webp 510w, https:\/\/congtybinhminh.com\/wp-content\/uploads\/2023\/06\/may-bam-go-5t-dau-no-5-533x400.webp 533w, https:\/\/congtybinhminh.com\/wp-content\/uploads\/2023\/06\/may-bam-go-5t-dau-no-5-768x576.webp 768w\" sizes=\"auto, (max-width: 800px) 100vw, 800px\" \/><\/p>\n<h2><span id=\"Cau_tao_cua_may_bam_go_da_nang_5T_lap_dau_no\" class=\"ez-toc-section\"><\/span>C\u1ea5u t\u1ea1o c\u1ee7a\u00a0m\u00e1y b\u0103m g\u1ed7 \u0111a n\u0103ng 5T l\u1eafp \u0111\u1ea7u n\u1ed5<\/h2>\n<h3><span id=\"Khung_may\" class=\"ez-toc-section\"><\/span>Khung m\u00e1y<\/h3>\n<p>Thi\u1ebft k\u1ebf hi\u1ec7n \u0111\u1ea1i, v\u1edbi ph\u1ea7n khung m\u00e1y \u0111\u01b0\u1ee3c h\u00e0n g\u1eafn ch\u1eafc ch\u1eafn kh\u00f4ng g\u00e2y rung l\u1eafc trong qu\u00e1 tr\u00ecnh b\u0103m. L\u1eafp \u0111\u1eb7t 4 b\u00e1nh xe thu\u1eadn ti\u1ec7n di chuy\u1ec3n v\u1ecb tr\u00ed \u0111\u1eb7t m\u00e1y.<\/p>\n<p><img loading=\"lazy\" decoding=\"async\" class=\"aligncenter wp-image-8421 size-full\" src=\"https:\/\/congtybinhminh.com\/wp-content\/uploads\/2023\/06\/may-bam-go-5t-dau-no-1.webp\" alt=\"\" width=\"800\" height=\"600\" srcset=\"https:\/\/congtybinhminh.com\/wp-content\/uploads\/2023\/06\/may-bam-go-5t-dau-no-1.webp 800w, https:\/\/congtybinhminh.com\/wp-content\/uploads\/2023\/06\/may-bam-go-5t-dau-no-1-510x383.webp 510w, https:\/\/congtybinhminh.com\/wp-content\/uploads\/2023\/06\/may-bam-go-5t-dau-no-1-533x400.webp 533w, https:\/\/congtybinhminh.com\/wp-content\/uploads\/2023\/06\/may-bam-go-5t-dau-no-1-768x576.webp 768w\" sizes=\"auto, (max-width: 800px) 100vw, 800px\" \/><\/p>\n<h3><span id=\"Toa_nap_va_cua_xa\" class=\"ez-toc-section\"><\/span>Toa n\u1ea1p v\u00e0 c\u1eeda x\u1ea3<\/h3>\n<p>Ph\u1ea7n toa n\u1ea1p m\u00e1y b\u0103m g\u1ed7 \u0111\u01b0\u1ee3c thi\u1ebft k\u1ebf v\u1edbi 2 c\u1eeda x\u1ea3 ri\u00eang bi\u1ec7t:<\/p>\n<p>&#8211; 1 c\u1eeda chuy\u00ean b\u0103m th\u00e2n c\u00e0nh c\u00e2y g\u1ed7, g\u1ed7 c\u00f4ng nghi\u1ec7p, m\u1ea9u g\u1ed7\u2026<\/p>\n<p>&#8211; 1 c\u1eeda chuy\u00ean b\u0103m c\u00e0nh c\u00e2y, v\u00e1n b\u00f3c, tre, n\u1eefa\u2026<\/p>\n<p><img loading=\"lazy\" decoding=\"async\" class=\"aligncenter wp-image-8426 size-full\" src=\"https:\/\/congtybinhminh.com\/wp-content\/uploads\/2023\/06\/Toa-nap-2.webp\" alt=\"\" width=\"800\" height=\"600\" srcset=\"https:\/\/congtybinhminh.com\/wp-content\/uploads\/2023\/06\/Toa-nap-2.webp 800w, https:\/\/congtybinhminh.com\/wp-content\/uploads\/2023\/06\/Toa-nap-2-510x383.webp 510w, https:\/\/congtybinhminh.com\/wp-content\/uploads\/2023\/06\/Toa-nap-2-533x400.webp 533w, https:\/\/congtybinhminh.com\/wp-content\/uploads\/2023\/06\/Toa-nap-2-768x576.webp 768w\" sizes=\"auto, (max-width: 800px) 100vw, 800px\" \/><\/p>\n<p>Mi\u1ec7ng toa n\u1ea1p r\u1ed9ng, v\u1edbi thi\u1ebft k\u1ebf g\u00f3c nghi\u00eang gi\u00fap gi\u1ea3m t\u1ea3i khi \u0111\u01b0a nguy\u00ean li\u1ec7u v\u00e0o bu\u1ed3ng b\u0103m. Th\u00e0nh ph\u1ea9m sau khi b\u0103m s\u1ebd \u0111\u01b0\u1ee3c phun tr\u1ef1c ti\u1ebfp ra ngo\u00e0i c\u1eeda x\u1ea3.<\/p>\n<h3><span id=\"Buong_dao_bam\" class=\"ez-toc-section\"><\/span>Bu\u1ed3ng dao b\u0103m<\/h3>\n<p>H\u1ec7 th\u1ed1ng dao b\u0103m bu\u1ed3ng l\u00e0m vi\u1ec7c c\u1ee7a m\u00e1y g\u1ed3m 3 l\u01b0\u1ee1i dao b\u0103m c\u00e0nh s\u1eafc b\u00e9n c\u00f9ng 12 b\u00faa nghi\u1ec1n v\u00e0 b\u00e1nh \u0111\u00e0.<\/p>\n<p>Tr\u00ean b\u00e1nh \u0111\u00e0 \u0111\u01b0\u1ee3c l\u1eafp 4 con dao b\u0103m g\u1ed7 c\u00f9ng 1 m\u1eb7t s\u00e0ng l\u1ed7. T\u1ea1o l\u1ef1c b\u0103m trong su\u1ed1t qu\u00e1 tr\u00ecnh m\u00e1y ho\u1ea1t \u0111\u1ed9ng.<\/p>\n<p><img loading=\"lazy\" decoding=\"async\" class=\"aligncenter wp-image-8427 size-full\" src=\"https:\/\/congtybinhminh.com\/wp-content\/uploads\/2023\/06\/He-thong-dao-bam-go.webp\" alt=\"\" width=\"800\" height=\"600\" srcset=\"https:\/\/congtybinhminh.com\/wp-content\/uploads\/2023\/06\/He-thong-dao-bam-go.webp 800w, https:\/\/congtybinhminh.com\/wp-content\/uploads\/2023\/06\/He-thong-dao-bam-go-510x383.webp 510w, https:\/\/congtybinhminh.com\/wp-content\/uploads\/2023\/06\/He-thong-dao-bam-go-533x400.webp 533w, https:\/\/congtybinhminh.com\/wp-content\/uploads\/2023\/06\/He-thong-dao-bam-go-768x576.webp 768w\" sizes=\"auto, (max-width: 800px) 100vw, 800px\" \/><\/p>\n<h3><span id=\"Nang_suat\" class=\"ez-toc-section\"><\/span>N\u0103ng su\u1ea5t<\/h3>\n<p>S\u1eed d\u1ee5ng \u0111\u1ea7u n\u1ed5 v\u1edbi c\u00f4ng su\u1ea5t cao 40Hp, ng\u01b0\u1eddi d\u00f9ng c\u00f3 th\u1ec3 ch\u1ee7 \u0111\u1ed9ng v\u1eadn h\u00e0nh m\u00e1y \u1edf m\u1ecdi n\u01a1i kh\u00f4ng ph\u1ee5 thu\u1ed9c v\u00e0o ngu\u1ed3n \u0111i\u1ec7n, hay lo \u0111i\u1ec7n y\u1ebfu kh\u00f4ng \u0111\u1ee7 t\u1ea3i.<\/p>\n<p><img loading=\"lazy\" decoding=\"async\" class=\"aligncenter wp-image-8428 size-full\" src=\"https:\/\/congtybinhminh.com\/wp-content\/uploads\/2023\/06\/thanh-pham-3.webp\" alt=\"\" width=\"800\" height=\"600\" srcset=\"https:\/\/congtybinhminh.com\/wp-content\/uploads\/2023\/06\/thanh-pham-3.webp 800w, https:\/\/congtybinhminh.com\/wp-content\/uploads\/2023\/06\/thanh-pham-3-510x383.webp 510w, https:\/\/congtybinhminh.com\/wp-content\/uploads\/2023\/06\/thanh-pham-3-533x400.webp 533w, https:\/\/congtybinhminh.com\/wp-content\/uploads\/2023\/06\/thanh-pham-3-768x576.webp 768w\" sizes=\"auto, (max-width: 800px) 100vw, 800px\" \/><\/p>\n<p>Ngo\u00e0i ra, b\u00e0 con c\u00f3 th\u1ec3 s\u1eed d\u1ee5ng\u00a0<a href=\"https:\/\/congtybinhminh.com\/sp\/may-bam-go-5t\/\" target=\"_blank\" rel=\"noopener\"><strong>m\u00e1y b\u0103m g\u1ed7 5t l\u1eafp \u0111\u1ed9ng c\u01a1 22kw<\/strong><\/a> \u0111\u1ec3 \u1ed5n \u0111\u1ecbnh m\u00e1y.<\/p>\n<h2><span id=\"Uu_diem_khi_su_dung_may_bam_go_da_nang_5T_lap_dau_no\" class=\"ez-toc-section\"><\/span>\u01afu \u0111i\u1ec3m khi s\u1eed d\u1ee5ng\u00a0m\u00e1y b\u0103m g\u1ed7 \u0111a n\u0103ng 5T l\u1eafp \u0111\u1ea7u n\u1ed5<\/h2>\n<p>T\u00ednh \u0111a n\u0103ng c\u00f3 th\u1ec3 b\u0103m \u0111a d\u1ea1ng nguy\u00ean li\u1ec7u: g\u1ed7 c\u00f4ng nghi\u1ec7p, v\u00e1n b\u00f3c, m\u1ea9u g\u1ed7, c\u00e0nh c\u00e2y, tre, n\u1ee9a\u2026 th\u00e0nh m\u00f9n c\u01b0a<\/p>\n<p><img loading=\"lazy\" decoding=\"async\" class=\"aligncenter wp-image-8430 size-full\" src=\"https:\/\/congtybinhminh.com\/wp-content\/uploads\/2023\/06\/may-bam-go-5t-dau-no-6.webp\" alt=\"\" width=\"800\" height=\"600\" srcset=\"https:\/\/congtybinhminh.com\/wp-content\/uploads\/2023\/06\/may-bam-go-5t-dau-no-6.webp 800w, https:\/\/congtybinhminh.com\/wp-content\/uploads\/2023\/06\/may-bam-go-5t-dau-no-6-510x383.webp 510w, https:\/\/congtybinhminh.com\/wp-content\/uploads\/2023\/06\/may-bam-go-5t-dau-no-6-533x400.webp 533w, https:\/\/congtybinhminh.com\/wp-content\/uploads\/2023\/06\/may-bam-go-5t-dau-no-6-768x576.webp 768w\" sizes=\"auto, (max-width: 800px) 100vw, 800px\" \/><\/p>\n<p>T\u00e1i s\u1eed d\u1ee5ng g\u1ed7 th\u1ea3i mang \u0111\u1ebfn l\u1ee3i nhu\u1eadn cao cho c\u00e1c c\u01a1 s\u1edf s\u1ea3n xu\u1ea5t<\/p>\n<p>S\u1eed d\u1ee5ng \u0111\u01a1n gi\u1ea3n ch\u1ec9 v\u1edbi 1 \u2013 2 nh\u00e2n c\u00f4ng v\u1eadn h\u00e0nh m\u00e1y, ti\u1ebft ki\u1ec7m th\u1eddi gian v\u00e0 chi ph\u00ed<\/p>\n<h2>Th\u00f4ng s\u1ed1 k\u1ef9 thu\u1eadt<\/h2>\n<table border=\"1\" width=\"814\" cellspacing=\"1\" cellpadding=\"1\">\n<tbody>\n<tr>\n<td colspan=\"1\" rowspan=\"3\">\u0110\u1ed9ng c\u01a1<\/td>\n<td>C\u00f4ng su\u1ea5t \u0111\u1ea7u n\u1ed5<\/td>\n<td>\u00a0D40<\/td>\n<\/tr>\n<tr>\n<td>Ngu\u1ed3n \u0111i\u1ec7n<\/td>\n<td>&#8211; (V)<\/td>\n<\/tr>\n<tr>\n<td>T\u1ed1c \u0111\u1ed9<\/td>\n<td>1450 (v\/p)<\/td>\n<\/tr>\n<tr>\n<td colspan=\"1\" rowspan=\"2\">Tr\u1ecdng l\u01b0\u1ee3ng m\u00e1y<\/td>\n<td>Nguy\u00ean b\u1ed9<\/td>\n<td>\u00a0658 (kg)<\/td>\n<\/tr>\n<tr>\n<td>Kh\u00f4ng \u0111\u1ed9ng c\u01a1<\/td>\n<td>\u00a0388\u00a0 (kg)<\/td>\n<\/tr>\n<tr>\n<td colspan=\"1\" rowspan=\"2\">B\u1ea3o h\u00e0nh<\/td>\n<td>K\u1ef9 thu\u1eadt<\/td>\n<td>06 th\u00e1ng<\/td>\n<\/tr>\n<tr>\n<td>\u0110\u1ed9ng c\u01a1<\/td>\n<td>Theo t\u1eebng h\u00e3ng s\u1ea3n xu\u1ea5t<\/td>\n<\/tr>\n<tr>\n<td>N\u0103ng su\u1ea5t<\/td>\n<td colspan=\"2\" rowspan=\"1\">2000 \u2013 2500 kg\/gi\u1edd<\/td>\n<\/tr>\n<tr>\n<td>K\u00edch th\u01b0\u1edbc (D*C*R)<\/td>\n<td colspan=\"2\" rowspan=\"1\">218*123*93 cm<\/td>\n<\/tr>\n<tr>\n<td>H\u00ecnh th\u1ee9c thanh to\u00e1n<\/td>\n<td colspan=\"2\" rowspan=\"1\">Ti\u1ec1n m\u1eb7t ho\u1eb7c chuy\u1ec3n kho\u1ea3n<\/td>\n<\/tr>\n<\/tbody>\n<\/table>\n","protected":false},"excerpt":{"rendered":"<ul>\n<li><strong>H\u00e3ng s\u1ea3n xu\u1ea5t:<\/strong> B\u00ecnh Minh<\/li>\n<li><strong>C\u00f4ng su\u1ea5t \u0111\u1ea7u n\u1ed5<\/strong>: D40<\/li>\n<li><strong>N\u0103ng su\u1ea5t:<\/strong> 2 \u2013 2,5 t\u1ea5n\/gi\u1edd<\/li>\n<li><strong>K\u00edch th\u01b0\u1edbc (d*c*r):<\/strong>\u00a0218*123*93 cm<\/li>\n<li><strong>T\u00ednh n\u0103ng :<\/strong>\u00a0M\u00e1y chuy\u00ean d\u00f9ng b\u0103m nh\u1ecf c\u00e0nh c\u00e2y, m\u1ea9u g\u1ed7\u2026 th\u00e0nh m\u1ea3nh d\u0103m g\u1ed7 ph\u1ee5c v\u1ee5 cho vi\u1ec7c ch\u1ebf bi\u1ebfn s\u1ea3n xu\u1ea5t g\u1ed7 \u00e9p, ch\u1ea5t \u0111\u1ed1t\u2026<\/li>\n<\/ul>\n","protected":false},"featured_media":9563,"comment_status":"closed","ping_status":"closed","template":"","meta":[],"product_brand":[],"product_cat":[41],"product_tag":[],"class_list":{"0":"post-8420","1":"product","2":"type-product","3":"status-publish","4":"has-post-thumbnail","6":"product_cat-may-bam-go","8":"first","9":"instock","10":"shipping-taxable","11":"product-type-simple"},"_links":{"self":[{"href":"https:\/\/congtybinhminh.com\/index.php?rest_route=\/wp\/v2\/product\/8420","targetHints":{"allow":["GET"]}}],"collection":[{"href":"https:\/\/congtybinhminh.com\/index.php?rest_route=\/wp\/v2\/product"}],"about":[{"href":"https:\/\/congtybinhminh.com\/index.php?rest_route=\/wp\/v2\/types\/product"}],"replies":[{"embeddable":true,"href":"https:\/\/congtybinhminh.com\/index.php?rest_route=%2Fwp%2Fv2%2Fcomments&post=8420"}],"wp:featuredmedia":[{"embeddable":true,"href":"https:\/\/congtybinhminh.com\/index.php?rest_route=\/wp\/v2\/media\/9563"}],"wp:attachment":[{"href":"https:\/\/congtybinhminh.com\/index.php?rest_route=%2Fwp%2Fv2%2Fmedia&parent=8420"}],"wp:term":[{"taxonomy":"product_brand","embeddable":true,"href":"https:\/\/congtybinhminh.com\/index.php?rest_route=%2Fwp%2Fv2%2Fproduct_brand&post=8420"},{"taxonomy":"product_cat","embeddable":true,"href":"https:\/\/congtybinhminh.com\/index.php?rest_route=%2Fwp%2Fv2%2Fproduct_cat&post=8420"},{"taxonomy":"product_tag","embeddable":true,"href":"https:\/\/congtybinhminh.com\/index.php?rest_route=%2Fwp%2Fv2%2Fproduct_tag&post=8420"}],"curies":[{"name":"wp","href":"https:\/\/api.w.org\/{rel}","templated":true}]}}