{"id":8406,"date":"2023-06-05T15:39:33","date_gmt":"2023-06-05T08:39:33","guid":{"rendered":"https:\/\/congtybinhminh.com\/?post_type=product&#038;p=8406"},"modified":"2024-02-20T10:28:00","modified_gmt":"2024-02-20T03:28:00","slug":"may-bam-canh-b300","status":"publish","type":"product","link":"https:\/\/congtybinhminh.com\/?product=may-bam-canh-b300","title":{"rendered":"M\u00e1y b\u0103m c\u00e0nh B300"},"content":{"rendered":"<h2>Video ho\u1ea1t \u0111\u1ed9ng c\u1ee7a m\u00e1y:<\/h2>\n<p><iframe loading=\"lazy\" title=\"M\u00e1y B\u0103m C\u00e0nh B300 \u0110\u1ea7u N\u1ed5 D15 Kh\u00f4ng C\u1ea7n \u0110i\u1ec7n C\u00f3 Th\u1ec3 B\u0103m \u0110\u01b0\u1ee3c Nh\u1eefng Lo\u1ea1i Nguy\u00ean Li\u1ec7u G\u00ec?\" width=\"1020\" height=\"574\" src=\"https:\/\/www.youtube.com\/embed\/5ef90WiSrBU?feature=oembed\" frameborder=\"0\" allow=\"accelerometer; autoplay; clipboard-write; encrypted-media; gyroscope; picture-in-picture; web-share\" allowfullscreen><\/iframe><\/p>\n<h2>Gi\u1edbi thi\u1ec7u m\u00e1y b\u0103m c\u00e0nh B300<\/h2>\n<p>M\u00e1y b\u0103m c\u00e0nh B300 l\u00e0 d\u00f2ng s\u1ea3n ph\u1ea9m \u0111\u01b0\u1ee3c C\u00f4ng ty B\u00ecnh Minh m\u1edbi cho ra m\u1eaft v\u1edbi t\u00ednh n\u0103ng b\u0103m c\u00e1c lo\u1ea1i nguy\u00ean li\u1ec7u nh\u01b0: c\u00e0nh c\u00e2y, th\u00e2n g\u1ed7&#8230;.v\u00e0 nhi\u1ec1u nguy\u00ean li\u1ec7u kh\u00e1c th\u00e0nh d\u1ea1ng m\u1ea3nh nh\u1ecf.<\/p>\n<p>D\u00f2ng m\u00e1y ra \u0111\u1eddi g\u00f3p ph\u1ea7n gi\u00fap b\u00e0 con gi\u1ea3m thi\u1ec3u s\u1ee9c lao \u0111\u1ed9ng, \u0111\u1ed3ng th\u1eddi n\u00e2ng cao n\u0103ng su\u1ea5t c\u0169ng nh\u01b0 hi\u1ec7u qu\u1ea3 l\u00e0m vi\u1ec7c.<\/p>\n<figure id=\"attachment_8413\" aria-describedby=\"caption-attachment-8413\" style=\"width: 800px\" class=\"wp-caption aligncenter\"><img loading=\"lazy\" decoding=\"async\" class=\"wp-image-8413 size-full\" src=\"https:\/\/congtybinhminh.com\/wp-content\/uploads\/2023\/06\/may-bam-canh-b300-5.webp\" alt=\"\" width=\"800\" height=\"600\" srcset=\"https:\/\/congtybinhminh.com\/wp-content\/uploads\/2023\/06\/may-bam-canh-b300-5.webp 800w, https:\/\/congtybinhminh.com\/wp-content\/uploads\/2023\/06\/may-bam-canh-b300-5-510x383.webp 510w, https:\/\/congtybinhminh.com\/wp-content\/uploads\/2023\/06\/may-bam-canh-b300-5-533x400.webp 533w, https:\/\/congtybinhminh.com\/wp-content\/uploads\/2023\/06\/may-bam-canh-b300-5-768x576.webp 768w\" sizes=\"auto, (max-width: 800px) 100vw, 800px\" \/><figcaption id=\"caption-attachment-8413\" class=\"wp-caption-text\">M\u00e1y b\u0103m c\u00e0nh B300<\/figcaption><\/figure>\n<h2><span id=\"Cau_tao_may_bam_canh_2T_be_keo_Phien_ban_thang_42023\" class=\"ez-toc-section\"><\/span>C\u1ea5u t\u1ea1o m\u00e1y b\u0103m c\u00e0nh B300<\/h2>\n<h3><span id=\"Khung_may_chac_chan\" class=\"ez-toc-section\"><\/span>Khung m\u00e1y ch\u1eafc ch\u1eafn<\/h3>\n<p>M\u00e1y b\u0103m c\u00e0nh B300 \u0111\u01b0\u1ee3c thi\u1ebft k\u1ebf hi\u1ec7n \u0111\u1ea1i v\u1edbi ph\u1ea7n khung m\u00e1y \u0111\u01b0\u1ee3c h\u00e0n g\u1eafn ch\u1eafc ch\u1eafn, gi\u00fap gi\u1ea3m rung l\u1eafc trong qu\u00e1 tr\u00ecnh v\u1eadn h\u00e0nh.<\/p>\n<p>L\u1eafp \u0111\u1eb7t h\u1ec7 th\u1ed1ng b\u00e1nh xe n\u00ean c\u00f3 th\u1ec3 d\u1ec5 d\u00e0ng di chuy\u1ec3n m\u00e1y \u0111\u1ebfn m\u1ecdi n\u01a1i, m\u1ecdi v\u1ecb tr\u00ed.<\/p>\n<p><img loading=\"lazy\" decoding=\"async\" class=\"aligncenter wp-image-8412 size-full\" src=\"https:\/\/congtybinhminh.com\/wp-content\/uploads\/2023\/06\/cau-tao-may-bam-canh-B300.webp\" alt=\"\" width=\"800\" height=\"600\" srcset=\"https:\/\/congtybinhminh.com\/wp-content\/uploads\/2023\/06\/cau-tao-may-bam-canh-B300.webp 800w, https:\/\/congtybinhminh.com\/wp-content\/uploads\/2023\/06\/cau-tao-may-bam-canh-B300-510x383.webp 510w, https:\/\/congtybinhminh.com\/wp-content\/uploads\/2023\/06\/cau-tao-may-bam-canh-B300-533x400.webp 533w, https:\/\/congtybinhminh.com\/wp-content\/uploads\/2023\/06\/cau-tao-may-bam-canh-B300-768x576.webp 768w\" sizes=\"auto, (max-width: 800px) 100vw, 800px\" \/><\/p>\n<h3><span id=\"Toa_nap_va_cua_xa\" class=\"ez-toc-section\"><\/span>Toa n\u1ea1p v\u00e0 c\u1eeda x\u1ea3<\/h3>\n<p>Toa n\u1ea1p \u0111\u01b0\u1ee3c thi\u1ebft k\u1ebf d\u1ea1ng ph\u1ec5u l\u1edbn,to r\u1ed9ng c\u00f3 k\u00edch th\u01b0\u1edbc (CD*CR): 50x50cm, ph\u1ea7n tr\u1ecdng t\u00e2m khung m\u00e1y h\u1ea1 th\u1ea5p t\u1ed1i \u0111a thu\u1eadn ti\u1ec7n khi \u0111\u01b0a nguy\u00ean li\u1ec7u v\u00e0o b\u0103m gi\u00fap gi\u1ea3m \u0111\u1ed9 rung v\u00e0 h\u1ea1n ch\u1ebf l\u00e0m nguy\u00ean li\u1ec7u b\u1eafn ra ngo\u00e0i.<\/p>\n<p><img loading=\"lazy\" decoding=\"async\" class=\"aligncenter wp-image-8414 size-full\" src=\"https:\/\/congtybinhminh.com\/wp-content\/uploads\/2023\/06\/Toa-nap-nguyen-lieu-2.webp\" alt=\"\" width=\"800\" height=\"600\" srcset=\"https:\/\/congtybinhminh.com\/wp-content\/uploads\/2023\/06\/Toa-nap-nguyen-lieu-2.webp 800w, https:\/\/congtybinhminh.com\/wp-content\/uploads\/2023\/06\/Toa-nap-nguyen-lieu-2-510x383.webp 510w, https:\/\/congtybinhminh.com\/wp-content\/uploads\/2023\/06\/Toa-nap-nguyen-lieu-2-533x400.webp 533w, https:\/\/congtybinhminh.com\/wp-content\/uploads\/2023\/06\/Toa-nap-nguyen-lieu-2-768x576.webp 768w\" sizes=\"auto, (max-width: 800px) 100vw, 800px\" \/><\/p>\n<p>C\u1eeda x\u1ea3 \u0111\u01b0\u1ee3c thi\u1ebft k\u1ebf v\u00f2i cao, c\u00f3 n\u1eafp ch\u1eafn gi\u00fap \u0111i\u1ec1u ch\u1ec9nh h\u01b0\u1edbng phun: xa ho\u1eb7c g\u1ea7n.<\/p>\n<p><img loading=\"lazy\" decoding=\"async\" class=\"aligncenter wp-image-8415 size-full\" src=\"https:\/\/congtybinhminh.com\/wp-content\/uploads\/2023\/06\/Cua-xa-1.webp\" alt=\"\" width=\"800\" height=\"600\" srcset=\"https:\/\/congtybinhminh.com\/wp-content\/uploads\/2023\/06\/Cua-xa-1.webp 800w, https:\/\/congtybinhminh.com\/wp-content\/uploads\/2023\/06\/Cua-xa-1-510x383.webp 510w, https:\/\/congtybinhminh.com\/wp-content\/uploads\/2023\/06\/Cua-xa-1-533x400.webp 533w, https:\/\/congtybinhminh.com\/wp-content\/uploads\/2023\/06\/Cua-xa-1-768x576.webp 768w\" sizes=\"auto, (max-width: 800px) 100vw, 800px\" \/><\/p>\n<h3><span id=\"Buong_lam_viec\" class=\"ez-toc-section\"><\/span>Bu\u1ed3ng l\u00e0m vi\u1ec7c<\/h3>\n<p>M\u00e1y \u0111\u01b0\u1ee3c trang b\u1ecb 2 dao b\u0103m ch\u00ednh d\u00e0y 8ly, d\u00e0i 24cm v\u00e0 1 dao k\u00ea d\u00e0y 10 ly, d\u00e0i 29cm c\u00f9ng 4 b\u00e1nh \u0111\u00e0 gi\u00fap b\u0103m nguy\u00ean li\u1ec7u m\u1ed9t c\u00e1ch nhanh ch\u00f3ng, \u0111\u1ea1t hi\u1ec7u qu\u1ea3.<\/p>\n<p><img loading=\"lazy\" decoding=\"async\" class=\"aligncenter wp-image-8416 size-full\" src=\"https:\/\/congtybinhminh.com\/wp-content\/uploads\/2023\/06\/Buong-lam-viec-4.webp\" alt=\"\" width=\"800\" height=\"600\" srcset=\"https:\/\/congtybinhminh.com\/wp-content\/uploads\/2023\/06\/Buong-lam-viec-4.webp 800w, https:\/\/congtybinhminh.com\/wp-content\/uploads\/2023\/06\/Buong-lam-viec-4-510x383.webp 510w, https:\/\/congtybinhminh.com\/wp-content\/uploads\/2023\/06\/Buong-lam-viec-4-533x400.webp 533w, https:\/\/congtybinhminh.com\/wp-content\/uploads\/2023\/06\/Buong-lam-viec-4-768x576.webp 768w\" sizes=\"auto, (max-width: 800px) 100vw, 800px\" \/><\/p>\n<h3><span id=\"Su_dung_dau_no_giup_dat_nang_suat_cao\" class=\"ez-toc-section\"><\/span>S\u1eed d\u1ee5ng \u0111\u1ea7u n\u1ed5, gi\u00fap \u0111\u1ea1t n\u0103ng su\u1ea5t cao<\/h3>\n<p>Ph\u1ea7n b\u1ec7 m\u00e1y \u0111\u01b0\u1ee3c l\u1eafp \u0111\u1eb7t \u0111\u1ea7u n\u1ed5 D15Hp, \u0111\u1ea1t n\u0103ng su\u1ea5t v\u01b0\u1ee3t tr\u1ed9i r\u1ea5t th\u00edch h\u1ee3p v\u1edbi nh\u1eefng h\u1ed9 s\u1ea3n xu\u1ea5t kinh doanh c\u1ea7n b\u0103m s\u1ed1 l\u01b0\u1ee3ng l\u1edbn nguy\u00ean li\u1ec7u.<\/p>\n<figure id=\"attachment_8417\" aria-describedby=\"caption-attachment-8417\" style=\"width: 800px\" class=\"wp-caption aligncenter\"><img loading=\"lazy\" decoding=\"async\" class=\"wp-image-8417 size-full\" src=\"https:\/\/congtybinhminh.com\/wp-content\/uploads\/2023\/06\/Dau-no.webp\" alt=\"\" width=\"800\" height=\"600\" srcset=\"https:\/\/congtybinhminh.com\/wp-content\/uploads\/2023\/06\/Dau-no.webp 800w, https:\/\/congtybinhminh.com\/wp-content\/uploads\/2023\/06\/Dau-no-510x383.webp 510w, https:\/\/congtybinhminh.com\/wp-content\/uploads\/2023\/06\/Dau-no-533x400.webp 533w, https:\/\/congtybinhminh.com\/wp-content\/uploads\/2023\/06\/Dau-no-768x576.webp 768w\" sizes=\"auto, (max-width: 800px) 100vw, 800px\" \/><figcaption id=\"caption-attachment-8417\" class=\"wp-caption-text\">\u0110\u1ea7u n\u1ed5 D15Hp<\/figcaption><\/figure>\n<p>L\u1eafp \u0111\u1eb7t \u0111\u1ea7u n\u1ed5 gi\u00fap b\u00e0 con s\u1eed d\u1ee5ng m\u00e1y \u1edf m\u1ecdi n\u01a1i m\u00e0 kh\u00f4ng c\u1ea7n d\u00f9ng \u0111\u1ebfn ngu\u1ed3n \u0111i\u1ec7n, r\u1ea5t th\u00edch h\u1ee3p v\u1edbi nh\u1eefng h\u1ed9 kh\u00f4ng c\u00f3 \u0111i\u1ec7n 3 pha ho\u1eb7c \u0111i\u1ec7n y\u1ebfu kh\u00f4ng \u0111\u1ee7 t\u1ea3i.<\/p>\n<h2>\u01afu \u0111i\u1ec3m c\u1ee7a m\u00e1y b\u0103m c\u00e0nh B300<\/h2>\n<p>M\u00e1y v\u1eeba c\u00f3 th\u1ec3 s\u1eed d\u1ee5ng \u0111\u1ea7u n\u1ed5 D15Hp v\u1eeba c\u00f3 th\u1ec3 d\u00f9ng \u0111\u1ed9ng c\u01a1 \u0111i\u1ec7n 7,5kw, th\u00edch h\u1ee3p v\u1edbi m\u1ecdi h\u1ed9 gia \u0111\u00ecnh.<\/p>\n<p>Thi\u1ebft k\u1ebf hi\u1ec7n \u0111\u1ea1i, d\u1ec5 d\u00e0ng s\u1eed d\u1ee5ng ch\u1ec9 c\u1ea7n 1 \u0111\u1ebfn 2 nh\u00e2n c\u00f4ng l\u00e0 c\u00f3 th\u1ec3 v\u1eadn h\u00e0nh m\u00e1y m\u1ed9t c\u00e1ch tr\u01a1n tru.<\/p>\n<p><img loading=\"lazy\" decoding=\"async\" class=\"aligncenter wp-image-8418 size-full\" src=\"https:\/\/congtybinhminh.com\/wp-content\/uploads\/2023\/06\/may-bam-canh-b300-6.webp\" alt=\"\" width=\"800\" height=\"600\" srcset=\"https:\/\/congtybinhminh.com\/wp-content\/uploads\/2023\/06\/may-bam-canh-b300-6.webp 800w, https:\/\/congtybinhminh.com\/wp-content\/uploads\/2023\/06\/may-bam-canh-b300-6-510x383.webp 510w, https:\/\/congtybinhminh.com\/wp-content\/uploads\/2023\/06\/may-bam-canh-b300-6-533x400.webp 533w, https:\/\/congtybinhminh.com\/wp-content\/uploads\/2023\/06\/may-bam-canh-b300-6-768x576.webp 768w\" sizes=\"auto, (max-width: 800px) 100vw, 800px\" \/><\/p>\n<h2><span id=\"Nhung_luu_y_khi_su_dung_may_bam_canh_2T_be_keo_Phien_ban_thang_42023\" class=\"ez-toc-section\"><\/span>M\u1ed9t s\u1ed1 l\u01b0u \u00fd khi s\u1eed d\u1ee5ng m\u00e1y b\u0103m c\u00e0nh B300<\/h2>\n<p>K\u1ebft th\u00fac qu\u00e1 tr\u00ecnh b\u0103m, cho m\u00e1y ch\u1ea1y th\u00eam kho\u1ea3ng 10 \u2013 20s \u0111\u1ec3 \u0111\u1ea3m b\u1ea3o th\u00e0nh ph\u1ea9m \u0111\u00e3 \u0111\u01b0\u1ee3c \u0111\u1ea9y h\u1ebft ra b\u00ean ngo\u00e0i.<\/p>\n<p>Th\u01b0\u1eddng xuy\u00ean tra d\u1ea7u m\u1ee1 v\u00e0o c\u00e1c g\u1ed1i bi \u0111\u1ec3 b\u1ea3o d\u01b0\u1ee1ng v\u00e0 duy tr\u00ec ho\u1ea1t \u0111\u1ed9ng m\u00e1y th\u01b0\u1eddng xuy\u00ean.<\/p>\n<p>Kh\u00f4ng b\u0103m nh\u1eefng nguy\u00ean li\u1ec7u c\u1ee9ng kh\u00f4ng ph\u00f9 h\u1ee3p ho\u1eb7c \u0111\u1ec3 kim lo\u1ea1i r\u01a1i v\u00e0o bu\u1ed3ng b\u0103m s\u1ebd l\u00e0m m\u1ebb, h\u1ecfng dao.<\/p>\n<h2><span id=\"Thong_so_ky_thuat\" class=\"ez-toc-section\"><\/span>Th\u00f4ng s\u1ed1 k\u1ef9 thu\u1eadt<\/h2>\n<table border=\"1\" cellspacing=\"1\" cellpadding=\"1\">\n<tbody>\n<tr>\n<td colspan=\"1\" rowspan=\"3\">\u0110\u1ed9ng c\u01a1<\/td>\n<td>C\u00f4ng su\u1ea5t \u0111\u1ea7u n\u1ed5<\/td>\n<td>\u00a0D15Hp<\/td>\n<\/tr>\n<tr>\n<td>C\u00f4ng su\u1ea5t \u0111\u1ed9ng c\u01a1<\/td>\n<td>\u00a07,5kw<\/td>\n<\/tr>\n<tr>\n<td>T\u1ed1c \u0111\u1ed9 m\u00e1y<\/td>\n<td>\u00a0 \u00a0 v\/p<\/td>\n<\/tr>\n<tr>\n<td colspan=\"1\" rowspan=\"2\">\u00a0Tr\u1ecdng l\u01b0\u1ee3ng m\u00e1y<\/td>\n<td>Nguy\u00ean b\u1ed9<\/td>\n<td>\u00a0 kg<\/td>\n<\/tr>\n<tr>\n<td>Kh\u00f4ng \u0111\u1ea7u n\u1ed5<\/td>\n<td>\u00a0 kg<\/td>\n<\/tr>\n<tr>\n<td colspan=\"1\" rowspan=\"2\">\u00a0B\u1ea3o h\u00e0nh<\/td>\n<td>\u00a0K\u1ef9 thu\u1eadt<\/td>\n<td>\u00a0 06 th\u00e1ng<\/td>\n<\/tr>\n<tr>\n<td>\u00a0\u0110\u1ed9ng c\u01a1<\/td>\n<td>\u00a0Theo t\u1eebng h\u00e3ng s\u1ea3n xu\u1ea5t<\/td>\n<\/tr>\n<tr>\n<td>N\u0103ng su\u1ea5t<\/td>\n<td colspan=\"2\" rowspan=\"1\">\u00a0 \u00a0 kg\/gi\u1edd<\/td>\n<\/tr>\n<tr>\n<td>K\u00edch th\u01b0\u1edbc (D*C*R)<\/td>\n<td colspan=\"2\" rowspan=\"1\">\u00a0185*149*182 cm<\/td>\n<\/tr>\n<tr>\n<td>\u00a0H\u00ecnh th\u1ee9c thanh to\u00e1n<\/td>\n<td colspan=\"2\" rowspan=\"1\">\u00a0Ti\u1ec1n m\u1eb7t ho\u1eb7c chuy\u1ec3n kho\u1ea3n<\/td>\n<\/tr>\n<\/tbody>\n<\/table>\n","protected":false},"excerpt":{"rendered":"<ul>\n<li><strong>H\u00e3ng s\u1ea3n xu\u1ea5t :<\/strong>\u00a0B\u00ecnh Minh<\/li>\n<li><strong>C\u00f4ng su\u1ea5t \u0111\u1ea7u n\u1ed5 :<\/strong> D15Hp<\/li>\n<li><strong>N\u0103ng su\u1ea5t :\u00a0<\/strong><\/li>\n<li><strong>K\u00edch th\u01b0\u1edbc (d*c*r) :<\/strong> 185*149*182cm<\/li>\n<li><strong>T\u00ednh n\u0103ng :<\/strong> M\u00e1y chuy\u00ean d\u00f9ng b\u0103m nh\u1ecf c\u00e0nh c\u00e2y, th\u00e2n g\u1ed7\u2026.th\u00e0nh d\u1ea1ng d\u0103m m\u1ea3nh nh\u1ecf<\/li>\n<\/ul>\n","protected":false},"featured_media":8407,"comment_status":"closed","ping_status":"closed","template":"","meta":[],"product_brand":[],"product_cat":[41],"product_tag":[],"class_list":{"0":"post-8406","1":"product","2":"type-product","3":"status-publish","4":"has-post-thumbnail","6":"product_cat-may-bam-go","8":"first","9":"instock","10":"shipping-taxable","11":"product-type-simple"},"_links":{"self":[{"href":"https:\/\/congtybinhminh.com\/index.php?rest_route=\/wp\/v2\/product\/8406","targetHints":{"allow":["GET"]}}],"collection":[{"href":"https:\/\/congtybinhminh.com\/index.php?rest_route=\/wp\/v2\/product"}],"about":[{"href":"https:\/\/congtybinhminh.com\/index.php?rest_route=\/wp\/v2\/types\/product"}],"replies":[{"embeddable":true,"href":"https:\/\/congtybinhminh.com\/index.php?rest_route=%2Fwp%2Fv2%2Fcomments&post=8406"}],"wp:featuredmedia":[{"embeddable":true,"href":"https:\/\/congtybinhminh.com\/index.php?rest_route=\/wp\/v2\/media\/8407"}],"wp:attachment":[{"href":"https:\/\/congtybinhminh.com\/index.php?rest_route=%2Fwp%2Fv2%2Fmedia&parent=8406"}],"wp:term":[{"taxonomy":"product_brand","embeddable":true,"href":"https:\/\/congtybinhminh.com\/index.php?rest_route=%2Fwp%2Fv2%2Fproduct_brand&post=8406"},{"taxonomy":"product_cat","embeddable":true,"href":"https:\/\/congtybinhminh.com\/index.php?rest_route=%2Fwp%2Fv2%2Fproduct_cat&post=8406"},{"taxonomy":"product_tag","embeddable":true,"href":"https:\/\/congtybinhminh.com\/index.php?rest_route=%2Fwp%2Fv2%2Fproduct_tag&post=8406"}],"curies":[{"name":"wp","href":"https:\/\/api.w.org\/{rel}","templated":true}]}}