{"id":8393,"date":"2023-06-05T09:27:42","date_gmt":"2023-06-05T02:27:42","guid":{"rendered":"https:\/\/congtybinhminh.com\/?post_type=product&#038;p=8393"},"modified":"2026-02-25T15:39:37","modified_gmt":"2026-02-25T08:39:37","slug":"may-nghien-buong-dap-50-phien-ban-moi","status":"publish","type":"product","link":"https:\/\/congtybinhminh.com\/?product=may-nghien-buong-dap-50-phien-ban-moi","title":{"rendered":"M\u00e1y nghi\u1ec1n th\u1ee9c \u0103n ch\u0103n nu\u00f4i B50"},"content":{"rendered":"<h2>Gi\u1edbi thi\u1ec7u m\u00e1y nghi\u1ec1n th\u1ee9c \u0103n ch\u0103n nu\u00f4i B50<\/h2>\n<p>M\u00e1y nghi\u1ec1n th\u1ee9c \u0103n ch\u0103n nu\u00f4i B50\u00a0 do c\u00f4ng ty B\u00ecnh Minh s\u1ea3n xu\u1ea5t, chuy\u00ean nghi\u1ec1n c\u00e1c lo\u1ea1i n\u00f4ng s\u1ea3n kh\u00f4 th\u00e0nh d\u1ea1ng b\u1ed9t c\u00e1m s\u1ed1 l\u01b0\u1ee3ng l\u1edbn.<\/p>\n<p><img loading=\"lazy\" decoding=\"async\" class=\"aligncenter wp-image-11235 size-full\" src=\"https:\/\/congtybinhminh.com\/wp-content\/uploads\/2023\/06\/may-nghien-thuc-an-chan-nuoi-b50_result.webp\" alt=\"may-nghien-thuc-an-chan-nuoi-b50_result\" width=\"800\" height=\"800\" srcset=\"https:\/\/congtybinhminh.com\/wp-content\/uploads\/2023\/06\/may-nghien-thuc-an-chan-nuoi-b50_result.webp 800w, https:\/\/congtybinhminh.com\/wp-content\/uploads\/2023\/06\/may-nghien-thuc-an-chan-nuoi-b50_result-400x400.webp 400w, https:\/\/congtybinhminh.com\/wp-content\/uploads\/2023\/06\/may-nghien-thuc-an-chan-nuoi-b50_result-280x280.webp 280w, https:\/\/congtybinhminh.com\/wp-content\/uploads\/2023\/06\/may-nghien-thuc-an-chan-nuoi-b50_result-768x768.webp 768w, https:\/\/congtybinhminh.com\/wp-content\/uploads\/2023\/06\/may-nghien-thuc-an-chan-nuoi-b50_result-247x247.webp 247w, https:\/\/congtybinhminh.com\/wp-content\/uploads\/2023\/06\/may-nghien-thuc-an-chan-nuoi-b50_result-510x510.webp 510w, https:\/\/congtybinhminh.com\/wp-content\/uploads\/2023\/06\/may-nghien-thuc-an-chan-nuoi-b50_result-100x100.webp 100w\" sizes=\"auto, (max-width: 800px) 100vw, 800px\" \/><\/p>\n<p>S\u1edf h\u1eefu c\u00f4ng ngh\u1ec7 h\u00fat gi\u00f3 ti\u00ean ti\u1ebfn thu gom c\u00e1m kh\u00e9p k\u00edn, h\u1ea1n ch\u1ebf t\u00ecnh tr\u1ea1ng th\u1ea5t tho\u00e1t th\u00e0nh ph\u1ea9m v\u00e0 t\u00ecnh tr\u1ea1ng ngh\u1ebdn m\u00e1y, l\u1ef1a ch\u1ecdn s\u1ed1 1 cho trang tr\u1ea1i hi\u1ec7n \u0111\u1ea1i<\/p>\n<h2>C\u1ea5u t\u1ea1o m\u00e1y nghi\u1ec1n th\u1ee9c \u0103n ch\u0103n nu\u00f4i B50<\/h2>\n<h3>Khung m\u00e1y ch\u1eafc ch\u1eafn<\/h3>\n<p>Thu\u1ed9c d\u00f2ng m\u00e1y c\u00f4ng nghi\u1ec7p v\u1edbi ph\u1ea7n khung m\u00e1y \u0111\u01b0\u1ee3c h\u00e0n g\u1eafn ch\u1eafc ch\u1eafn kh\u00f4ng g\u00e2y rung l\u1eafc trong qu\u00e1 tr\u00ecnh nghi\u1ec1n<\/p>\n<p><img loading=\"lazy\" decoding=\"async\" class=\"aligncenter wp-image-11236 size-full\" src=\"https:\/\/congtybinhminh.com\/wp-content\/uploads\/2023\/06\/cau-tao-may-nghien-thuc-an-chan-nuoi-b50_result222_result.webp\" alt=\"cau-tao-may-nghien-thuc-an-chan-nuoi-b50_result222_result\" width=\"800\" height=\"752\" srcset=\"https:\/\/congtybinhminh.com\/wp-content\/uploads\/2023\/06\/cau-tao-may-nghien-thuc-an-chan-nuoi-b50_result222_result.webp 800w, https:\/\/congtybinhminh.com\/wp-content\/uploads\/2023\/06\/cau-tao-may-nghien-thuc-an-chan-nuoi-b50_result222_result-426x400.webp 426w, https:\/\/congtybinhminh.com\/wp-content\/uploads\/2023\/06\/cau-tao-may-nghien-thuc-an-chan-nuoi-b50_result222_result-768x722.webp 768w, https:\/\/congtybinhminh.com\/wp-content\/uploads\/2023\/06\/cau-tao-may-nghien-thuc-an-chan-nuoi-b50_result222_result-510x479.webp 510w\" sizes=\"auto, (max-width: 800px) 100vw, 800px\" \/><\/p>\n<h3>Ph\u1ec5u n\u1ea1p li\u1ec7u ti\u1ec7n d\u1ee5ng<\/h3>\n<p>Toa n\u1ea1p \u0111\u01b0\u1ee3c thi\u1ebft k\u1ebf l\u1edbn v\u1edbi khoang ch\u1ee9a r\u1ed9ng, c\u00f3 th\u1ec3 ch\u1ee9a h\u00e0ng c\u00e2n nguy\u00ean li\u1ec7u m\u1ed7i m\u1ebb. T\u1ea1o \u0111i\u1ec1u ki\u1ec7n thu\u1eadn l\u1ee3i trong su\u1ed1t qu\u00e1 tr\u00ecnh nghi\u1ec1n<\/p>\n<p><img loading=\"lazy\" decoding=\"async\" class=\"aligncenter wp-image-11244 size-full\" src=\"https:\/\/congtybinhminh.com\/wp-content\/uploads\/2023\/06\/may-nghien-cong-nghiep-3-pha_result.webp\" alt=\"may-nghien-cong-nghiep-3-pha_result\" width=\"800\" height=\"450\" srcset=\"https:\/\/congtybinhminh.com\/wp-content\/uploads\/2023\/06\/may-nghien-cong-nghiep-3-pha_result.webp 800w, https:\/\/congtybinhminh.com\/wp-content\/uploads\/2023\/06\/may-nghien-cong-nghiep-3-pha_result-711x400.webp 711w, https:\/\/congtybinhminh.com\/wp-content\/uploads\/2023\/06\/may-nghien-cong-nghiep-3-pha_result-768x432.webp 768w, https:\/\/congtybinhminh.com\/wp-content\/uploads\/2023\/06\/may-nghien-cong-nghiep-3-pha_result-510x287.webp 510w\" sizes=\"auto, (max-width: 800px) 100vw, 800px\" \/><\/p>\n<p>Thi\u1ebft k\u1ebf m\u00e1ng d\u1ed1c v\u1ec1 bu\u1ed3ng nghi\u1ec1n, ph\u00eda tr\u01b0\u1edbc l\u00e0 t\u1ea5m ch\u1eafn ng\u0103n thu\u1eadn ti\u1ec7n cho ng\u01b0\u1eddi d\u00f9ng \u0111i\u1ec1u ch\u1ec9nh l\u01b0\u1ee3ng nguy\u00ean li\u1ec7u xu\u1ed1ng bu\u1ed3ng nghi\u1ec1n<\/p>\n<h3>Bu\u1ed3ng l\u00e0m vi\u1ec7c<\/h3>\n<p>H\u1ec7 th\u1ed1ng bu\u1ed3ng l\u00e0m vi\u1ec7c g\u1ed3m b\u00faa c\u1ed1 \u0111\u1ecbnh v\u00e0 60 b\u00faa \u0111\u1eadp ho\u1ea1t \u0111\u1ed9ng li\u00ean t\u1ee5c nghi\u1ec1n nh\u1ecf nguy\u00ean li\u1ec7u.<\/p>\n<p><img loading=\"lazy\" decoding=\"async\" class=\"aligncenter wp-image-11237 size-full\" src=\"https:\/\/congtybinhminh.com\/wp-content\/uploads\/2023\/06\/may-nghien-bua_result.webp\" alt=\"may-nghien-bua_result\" width=\"768\" height=\"1533\" srcset=\"https:\/\/congtybinhminh.com\/wp-content\/uploads\/2023\/06\/may-nghien-bua_result.webp 768w, https:\/\/congtybinhminh.com\/wp-content\/uploads\/2023\/06\/may-nghien-bua_result-200x400.webp 200w, https:\/\/congtybinhminh.com\/wp-content\/uploads\/2023\/06\/may-nghien-bua_result-401x800.webp 401w, https:\/\/congtybinhminh.com\/wp-content\/uploads\/2023\/06\/may-nghien-bua_result-510x1018.webp 510w\" sizes=\"auto, (max-width: 768px) 100vw, 768px\" \/><\/p>\n<p>Qu\u1ea1t gi\u00f3 t\u1ea1o lu\u1ed3ng kh\u00ed l\u01b0u th\u00f4ng li\u00ean t\u1ee5c, gi\u00fap nguy\u00ean li\u1ec7u sau khi nghi\u1ec1n \u0111\u01b0\u1ee3c h\u00fat ra ngay l\u1eadp t\u1ee9c, tr\u00e1nh hi\u1ec7n t\u01b0\u1ee3ng sinh nhi\u1ec7t l\u00e0m ch\u00e1y ho\u1eb7c ngh\u1ebdn m\u00e1y<\/p>\n<p><img loading=\"lazy\" decoding=\"async\" class=\"aligncenter wp-image-8403 size-full\" src=\"https:\/\/congtybinhminh.com\/wp-content\/uploads\/2023\/06\/chan-bao-ve-day-curoa.webp\" alt=\"\" width=\"800\" height=\"600\" srcset=\"https:\/\/congtybinhminh.com\/wp-content\/uploads\/2023\/06\/chan-bao-ve-day-curoa.webp 800w, https:\/\/congtybinhminh.com\/wp-content\/uploads\/2023\/06\/chan-bao-ve-day-curoa-510x383.webp 510w, https:\/\/congtybinhminh.com\/wp-content\/uploads\/2023\/06\/chan-bao-ve-day-curoa-533x400.webp 533w, https:\/\/congtybinhminh.com\/wp-content\/uploads\/2023\/06\/chan-bao-ve-day-curoa-768x576.webp 768w\" sizes=\"auto, (max-width: 800px) 100vw, 800px\" \/><\/p>\n<p>M\u00e1y nghi\u1ec1n th\u1ee9c \u0103n ch\u0103n nu\u00f4i B50 s\u1eed d\u1ee5ng \u0111i\u1ec7n 380V v\u1edbi 2 motor g\u1ed3m:<\/p>\n<ul>\n<li>Motor ch\u1ea1y m\u00e1y nghi\u1ec1n v\u1edbi c\u00f4ng su\u1ea5t 55 &#8211; 70 kw<\/li>\n<li>Motor ch\u1ea1y b\u1ea7u h\u00fat gi\u00f3 v\u1edbi c\u00f4ng su\u1ea5t 11kw<\/li>\n<\/ul>\n<h2><b>M\u00e1y nghi\u1ec1n th\u1ee9c \u0103n ch\u0103n nu\u00f4i B50 mang t\u1edbi l\u1ee3i \u00edch g\u00ec ?<\/b><\/h2>\n<p>&#8221;M\u00e1y m\u00f3c thay th\u1ebf s\u1ee9c ng\u01b0\u1eddi&#8221; vi\u1ec7c \u1ee9ng d\u1ee5ng m\u00e1y nghi\u1ec1n v\u00e0o ch\u0103n nu\u00f4i mang t\u1edbi nhi\u1ec1u l\u1ee3i \u00edch cho ng\u01b0\u1eddi d\u00f9ng:<\/p>\n<p><img loading=\"lazy\" decoding=\"async\" class=\"aligncenter wp-image-11241 size-full\" src=\"https:\/\/congtybinhminh.com\/wp-content\/uploads\/2023\/06\/may-nghien-cong-nghiep-60-bua_result.webp\" alt=\"may-nghien-cong-nghiep-60-bua_result\" width=\"800\" height=\"800\" srcset=\"https:\/\/congtybinhminh.com\/wp-content\/uploads\/2023\/06\/may-nghien-cong-nghiep-60-bua_result.webp 800w, https:\/\/congtybinhminh.com\/wp-content\/uploads\/2023\/06\/may-nghien-cong-nghiep-60-bua_result-400x400.webp 400w, https:\/\/congtybinhminh.com\/wp-content\/uploads\/2023\/06\/may-nghien-cong-nghiep-60-bua_result-280x280.webp 280w, https:\/\/congtybinhminh.com\/wp-content\/uploads\/2023\/06\/may-nghien-cong-nghiep-60-bua_result-768x768.webp 768w, https:\/\/congtybinhminh.com\/wp-content\/uploads\/2023\/06\/may-nghien-cong-nghiep-60-bua_result-247x247.webp 247w, https:\/\/congtybinhminh.com\/wp-content\/uploads\/2023\/06\/may-nghien-cong-nghiep-60-bua_result-510x510.webp 510w, https:\/\/congtybinhminh.com\/wp-content\/uploads\/2023\/06\/may-nghien-cong-nghiep-60-bua_result-100x100.webp 100w\" sizes=\"auto, (max-width: 800px) 100vw, 800px\" \/><\/p>\n<ul>\n<li>Ti\u1ebft ki\u1ec7m th\u1eddi gian, c\u00f4ng s\u1ee9c nh\u00e2n c\u00f4ng lao \u0111\u1ed9ng m\u1ed9t c\u00e1ch t\u1ed1i \u0111a<\/li>\n<li>T\u1eadn d\u1ee5ng \u0111\u01b0\u1ee3c ngu\u1ed3n nguy\u00ean li\u1ec7u gi\u00e1 r\u1ebb l\u00e0m th\u1ee9c \u0103n ch\u0103n nu\u00f4i<\/li>\n<li>\u0110\u1ea3m b\u1ea3o ngu\u1ed3n th\u1ee9c \u0103n s\u1ea1ch, an to\u00e0n v\u1ec7 sinh th\u1ef1c ph\u1ea9m v\u1eadt nu\u00f4i d\u1ec5 ti\u00eau h\u00f3a nhanh l\u1edbn<\/li>\n<li>Ch\u1ee7 \u0111\u1ed9ng s\u1ea3n xu\u1ea5t th\u1ee9c \u0103n cho gia s\u00fac n\u00e2ng cao n\u0103ng su\u1ea5t hi\u1ec7u qu\u1ea3 kinh t\u1ebf cao<\/li>\n<\/ul>\n<p>N\u1ebfu ch\u0103n nu\u00f4i quy m\u00f4 l\u1edbn, c\u1ea7n nghi\u1ec1n li\u00ean t\u1ee5c, tr\u00e1nh th\u1ea5t tho\u00e1t nguy\u00ean li\u1ec7u n\u00ean d\u00f9ng m\u00e1y d\u00f2ng m\u00e1y nghi\u1ec1n c\u00f3 b\u1ea7u h\u00fat gi\u00f3<\/p>\n<p><img loading=\"lazy\" decoding=\"async\" class=\"aligncenter wp-image-11245 size-full\" src=\"https:\/\/congtybinhminh.com\/wp-content\/uploads\/2023\/06\/may-nghien-ngo-3-pha-binh-minh_result.webp\" alt=\"may-nghien-ngo-3-pha-binh-minh_result\" width=\"800\" height=\"822\" srcset=\"https:\/\/congtybinhminh.com\/wp-content\/uploads\/2023\/06\/may-nghien-ngo-3-pha-binh-minh_result.webp 800w, https:\/\/congtybinhminh.com\/wp-content\/uploads\/2023\/06\/may-nghien-ngo-3-pha-binh-minh_result-389x400.webp 389w, https:\/\/congtybinhminh.com\/wp-content\/uploads\/2023\/06\/may-nghien-ngo-3-pha-binh-minh_result-779x800.webp 779w, https:\/\/congtybinhminh.com\/wp-content\/uploads\/2023\/06\/may-nghien-ngo-3-pha-binh-minh_result-768x789.webp 768w, https:\/\/congtybinhminh.com\/wp-content\/uploads\/2023\/06\/may-nghien-ngo-3-pha-binh-minh_result-510x524.webp 510w\" sizes=\"auto, (max-width: 800px) 100vw, 800px\" \/><\/p>\n<p>N\u1ebfu nhu c\u1ea7u v\u00e0 quy m\u00f4 ch\u0103n nu\u00f4i kh\u00f4ng qu\u00e1 l\u1edbn, kh\u00f4ng gian tho\u00e1ng \u0111\u00e3n v\u00e0 mu\u1ed1n ti\u1ebft ki\u1ec7m chi ph\u00ed, <strong><a href=\"https:\/\/congtybinhminh.com\/san-pham\/may-nghien-thuc-an-chan-nuoi-b50-buong-thang\/\">m\u00e1y nghi\u1ec1n c\u1eeda x\u1ea3 th\u1eb3ng<\/a><\/strong> s\u1ebd l\u00e0 l\u1ef1a ch\u1ecdn kinh t\u00ea<\/p>\n<h2>\u0110\u1ecba ch\u1ec9 mua m\u00e1y nghi\u1ec1n uy t\u00edn, ch\u00ednh h\u00e3ng<\/h2>\n<p>C\u00f4ng ty B\u00ecnh Minh &#8211; t\u1ef1 h\u00e0o l\u00e0 \u0111\u01a1n v\u1ecb s\u1ea3n xu\u1ea5t v\u00e0 cung c\u1ea5p c\u00e1c d\u00f2ng m\u00e1y nghi\u1ec1n uy t\u00edn &#8211; ch\u1ea5t l\u01b0\u1ee3ng &#8211; ch\u00ednh h\u00e3ng 100% kh\u00f4ng qua \u0111\u1ea1i l\u00fd trung gian<\/p>\n<p><img loading=\"lazy\" decoding=\"async\" class=\"aligncenter wp-image-9882 size-full\" src=\"https:\/\/congtybinhminh.com\/wp-content\/uploads\/2024\/08\/dia-chi-mua-may-nghien_result222.webp\" alt=\"dia-chi-mua-may-nghien_result222\" width=\"800\" height=\"1064\" srcset=\"https:\/\/congtybinhminh.com\/wp-content\/uploads\/2024\/08\/dia-chi-mua-may-nghien_result222.webp 800w, https:\/\/congtybinhminh.com\/wp-content\/uploads\/2024\/08\/dia-chi-mua-may-nghien_result222-301x400.webp 301w, https:\/\/congtybinhminh.com\/wp-content\/uploads\/2024\/08\/dia-chi-mua-may-nghien_result222-602x800.webp 602w, https:\/\/congtybinhminh.com\/wp-content\/uploads\/2024\/08\/dia-chi-mua-may-nghien_result222-768x1021.webp 768w, https:\/\/congtybinhminh.com\/wp-content\/uploads\/2024\/08\/dia-chi-mua-may-nghien_result222-510x678.webp 510w\" sizes=\"auto, (max-width: 800px) 100vw, 800px\" \/><\/p>\n<p>\u0110\u1ec3 \u0111\u1eb7t mua m\u00e1y nghi\u1ec1n th\u1ee9c \u0103n ch\u0103n nu\u00f4i B50 ch\u00ednh h\u00e3ng, b\u00e0 con c\u00f3 th\u1ec3 \u0111\u1ebfn tr\u1ef1c ti\u1ebfp \u0111\u01a1n v\u1ecb t\u1ea1i ph\u01b0\u1eddng S\u01a1n T\u00e2y v\u00e0 th\u1eed nghi\u1ec7m v\u1eadn h\u00e0nh m\u00e1y d\u01b0\u1edbi s\u1ef1 h\u01b0\u1edbng d\u1eabn c\u1ee7a \u0111\u1ed9i ng\u0169 k\u1ef9 thu\u1eadt<\/p>\n<p>\u0110\u1ed1i v\u1edbi b\u00e0 con \u1edf xa, c\u00f3 th\u1ec3 li\u00ean h\u1ec7 t\u1edbi s\u1ed1 \u0111i\u1ec7n tho\u1ea1i tr\u00ean website ho\u1eb7c \u0111\u1ec3 l\u1ea1i l\u1eddi nh\u1eafn \u0111\u1ec3 \u0111\u01b0\u1ee3c t\u01b0 v\u1ea5n s\u1edbm nh\u1ea5t<\/p>\n<h2>Th\u00f4ng s\u1ed1 k\u1ef9 thu\u1eadt<\/h2>\n<table>\n<tbody>\n<tr>\n<td rowspan=\"3\" width=\"213\">\u0110\u1ed9ng c\u01a1<\/td>\n<td width=\"213\">C\u00f4ng su\u1ea5t \u0111\u1ed9ng c\u01a1<\/td>\n<td width=\"213\">\n<p class=\"ai-optimize-31\">M\u00e1y : 55 -75 kw<\/p>\n<p class=\"ai-optimize-34\">B\u1ea7u gi\u00f3 : 11kw<\/p>\n<\/td>\n<\/tr>\n<tr>\n<td width=\"213\">Ngu\u1ed3n \u0111i\u1ec7n<\/td>\n<td width=\"213\">380 V<\/td>\n<\/tr>\n<tr>\n<td width=\"213\">T\u1ed1c \u0111\u1ed9 m\u00e1y<\/td>\n<td width=\"213\">\n<p class=\"ai-optimize-32\">M\u00e1y : 1450 v\/p<\/p>\n<p class=\"ai-optimize-35\">B\u1ea7u gi\u00f3: 2900 v\/p<\/p>\n<\/td>\n<\/tr>\n<tr>\n<td rowspan=\"2\" width=\"213\">Tr\u1ecdng l\u01b0\u1ee3ng m\u00e1y<\/td>\n<td width=\"213\">Nguy\u00ean b\u1ed9<\/td>\n<td width=\"213\">\u00a0 kg<\/td>\n<\/tr>\n<tr>\n<td width=\"213\">Kh\u00f4ng \u0111\u1ed9ng c\u01a1<\/td>\n<td width=\"213\">\u00a0 kg<\/td>\n<\/tr>\n<tr>\n<td rowspan=\"2\" width=\"213\">B\u1ea3o h\u00e0nh<\/td>\n<td width=\"213\">K\u1ef9 thu\u1eadt<\/td>\n<td width=\"213\">\u00a012 th\u00e1ng<\/td>\n<\/tr>\n<tr>\n<td width=\"213\">\u0110\u1ed9ng c\u01a1<\/td>\n<td width=\"213\">Theo t\u1eebng h\u00e3ng s\u1ea3n xu\u1ea5t<\/td>\n<\/tr>\n<tr>\n<td width=\"213\">N\u0103ng su\u1ea5t<\/td>\n<td colspan=\"2\" width=\"426\">\u00a0\u00a0\u00a0\u00a0\u00a0\u00a0\u00a0\u00a0\u00a0\u00a0\u00a0\u00a0\u00a0\u00a0\u00a0\u00a0\u00a0\u00a0\u00a0\u00a0\u00a0\u00a0\u00a0\u00a0\u00a0\u00a0\u00a0\u00a0\u00a0\u00a0\u00a0\u00a0\u00a0\u00a0\u00a0\u00a0\u00a0\u00a0\u00a0 Kg<\/td>\n<\/tr>\n<tr>\n<td width=\"213\">K\u00edch th\u01b0\u1edbc (D*C*R)<\/td>\n<td colspan=\"2\" width=\"426\">220*173*175Cm<\/td>\n<\/tr>\n<tr>\n<td width=\"213\">H\u00ecnh th\u1ee9c thanh to\u00e1n<\/td>\n<td colspan=\"2\" width=\"426\">Ti\u1ec1n m\u1eb7t ho\u1eb7c chuy\u1ec3n kho\u1ea3n<\/td>\n<\/tr>\n<\/tbody>\n<\/table>\n<p>&nbsp;<\/p>\n","protected":false},"excerpt":{"rendered":"<ul>\n<li><strong>H\u00e3ng s\u1ea3n xu\u1ea5t:<\/strong> B\u00ecnh Minh<\/li>\n<li><strong>C\u00f4ng su\u1ea5t \u0111\/c m\u00e1y<\/strong>: 55kw \u2013 75kw<\/li>\n<li><strong>C\u00f4ng su\u1ea5t d\/c b\u1ea7u gi\u00f3:<\/strong>\u00a011 kw<\/li>\n<li><strong>\u0110i\u1ec7n n\u0103ng\u00a0<\/strong>\u00a0\u00a0 \u00a0 \u00a0: 380V<\/li>\n<li><strong>N\u0103ng su\u1ea5t\u00a0<\/strong>\u00a0\u00a0 \u00a0 : 2500 \u2013 3000kg\/h<\/li>\n<li><strong>K\u00edch th\u01b0\u1edbc (D*C*R): \u00a0<\/strong>220*173*175Cm<\/li>\n<li><strong>T\u00ednh n\u0103ng\u00a0 \u00a0<\/strong>\u00a0\u00a0 \u00a0:\u00a0M\u00e1y nghi\u1ec1n \u0111a d\u1ea1ng c\u00e1c lo\u1ea1i nguy\u00ean li\u1ec7u: ng\u00f4, khoai, s\u1eafn, \u2026 th\u00e0nh b\u1ed9t m\u1ecbn<\/li>\n<\/ul>\n","protected":false},"featured_media":11238,"comment_status":"closed","ping_status":"closed","template":"","meta":[],"product_brand":[],"product_cat":[32],"product_tag":[],"class_list":{"0":"post-8393","1":"product","2":"type-product","3":"status-publish","4":"has-post-thumbnail","6":"product_cat-may-nghien","8":"first","9":"instock","10":"shipping-taxable","11":"product-type-simple"},"_links":{"self":[{"href":"https:\/\/congtybinhminh.com\/index.php?rest_route=\/wp\/v2\/product\/8393","targetHints":{"allow":["GET"]}}],"collection":[{"href":"https:\/\/congtybinhminh.com\/index.php?rest_route=\/wp\/v2\/product"}],"about":[{"href":"https:\/\/congtybinhminh.com\/index.php?rest_route=\/wp\/v2\/types\/product"}],"replies":[{"embeddable":true,"href":"https:\/\/congtybinhminh.com\/index.php?rest_route=%2Fwp%2Fv2%2Fcomments&post=8393"}],"wp:featuredmedia":[{"embeddable":true,"href":"https:\/\/congtybinhminh.com\/index.php?rest_route=\/wp\/v2\/media\/11238"}],"wp:attachment":[{"href":"https:\/\/congtybinhminh.com\/index.php?rest_route=%2Fwp%2Fv2%2Fmedia&parent=8393"}],"wp:term":[{"taxonomy":"product_brand","embeddable":true,"href":"https:\/\/congtybinhminh.com\/index.php?rest_route=%2Fwp%2Fv2%2Fproduct_brand&post=8393"},{"taxonomy":"product_cat","embeddable":true,"href":"https:\/\/congtybinhminh.com\/index.php?rest_route=%2Fwp%2Fv2%2Fproduct_cat&post=8393"},{"taxonomy":"product_tag","embeddable":true,"href":"https:\/\/congtybinhminh.com\/index.php?rest_route=%2Fwp%2Fv2%2Fproduct_tag&post=8393"}],"curies":[{"name":"wp","href":"https:\/\/api.w.org\/{rel}","templated":true}]}}