{"id":8369,"date":"2023-06-04T14:35:24","date_gmt":"2023-06-04T07:35:24","guid":{"rendered":"https:\/\/congtybinhminh.com\/?post_type=product&#038;p=8369"},"modified":"2023-06-18T15:53:39","modified_gmt":"2023-06-18T08:53:39","slug":"may-tron-gia-vi","status":"publish","type":"product","link":"https:\/\/congtybinhminh.com\/?product=may-tron-gia-vi","title":{"rendered":"M\u00e1y tr\u1ed9n gia v\u1ecb"},"content":{"rendered":"<h2>Gi\u1edbi thi\u1ec7u m\u00e1y tr\u1ed9n gia v\u1ecb<\/h2>\n<p>M\u00e1y tr\u1ed9n gia v\u1ecb l\u00e0 d\u00f2ng s\u1ea3n ph\u1ea9m \u0111\u01b0\u1ee3c c\u00f4ng ty B\u00ecnh Minh tr\u1ef1c ti\u1ebfp ch\u1ebf t\u1ea1o v\u00e0 s\u1ea3n xu\u1ea5t ra v\u1edbi ch\u1ee9c n\u0103ng \u0111\u1ea3o &#8211; tr\u1ed9n nguy\u00ean li\u1ec7u v\u1edbi s\u1ed1 l\u01b0\u1ee3ng l\u1edbn m\u1ed9t c\u00e1ch t\u1ef1 \u0111\u1ed9ng.<\/p>\n<p>S\u1eed d\u1ee5ng m\u00e1y tr\u1ed9n nguy\u00ean li\u1ec7u s\u1ebd gi\u00fap b\u00e0 con ti\u1ebft ki\u1ec7m \u0111\u01b0\u1ee3c th\u1eddi gian v\u00e0 nh\u00e2n c\u00f4ng lao \u0111\u1ed9ng nh\u01b0ng v\u1eabn \u0111em l\u1ea1i hi\u1ec7u qu\u1ea3 n\u0103ng su\u1ea5t cao.<\/p>\n<p><img loading=\"lazy\" decoding=\"async\" class=\"aligncenter wp-image-8379 size-full\" src=\"https:\/\/congtybinhminh.com\/wp-content\/uploads\/2023\/06\/may-tron-gia-vi-binh-minh-4.webp\" alt=\"\" width=\"800\" height=\"600\" srcset=\"https:\/\/congtybinhminh.com\/wp-content\/uploads\/2023\/06\/may-tron-gia-vi-binh-minh-4.webp 800w, https:\/\/congtybinhminh.com\/wp-content\/uploads\/2023\/06\/may-tron-gia-vi-binh-minh-4-510x383.webp 510w, https:\/\/congtybinhminh.com\/wp-content\/uploads\/2023\/06\/may-tron-gia-vi-binh-minh-4-533x400.webp 533w, https:\/\/congtybinhminh.com\/wp-content\/uploads\/2023\/06\/may-tron-gia-vi-binh-minh-4-768x576.webp 768w\" sizes=\"auto, (max-width: 800px) 100vw, 800px\" \/><\/p>\n<h2>\u01afu \u0111i\u1ec3m c\u1ee7a m\u00e1y tr\u1ed9n gia v\u1ecb<\/h2>\n<p>M\u00e1y tr\u1ed9n gia v\u1ecb B\u00ecnh Minh \u0111\u01b0\u1ee3c thi\u1ebft k\u1ebf ho\u00e0n to\u00e0n b\u1eb1ng ch\u1ea5t li\u1ec7u inox cao c\u1ea5p, \u0111\u1ea3m b\u1ea3o kh\u00f4ng hoen g\u1ec9 v\u00e0 \u0111\u1ea3m b\u1ea3o an to\u00e0n v\u1ec7 sinh.<\/p>\n<p><img loading=\"lazy\" decoding=\"async\" class=\"aligncenter wp-image-8372 size-full\" src=\"https:\/\/congtybinhminh.com\/wp-content\/uploads\/2023\/06\/may-tron-gia-vi-binh-minh-2-1.webp\" alt=\"\" width=\"800\" height=\"600\" srcset=\"https:\/\/congtybinhminh.com\/wp-content\/uploads\/2023\/06\/may-tron-gia-vi-binh-minh-2-1.webp 800w, https:\/\/congtybinhminh.com\/wp-content\/uploads\/2023\/06\/may-tron-gia-vi-binh-minh-2-1-510x383.webp 510w, https:\/\/congtybinhminh.com\/wp-content\/uploads\/2023\/06\/may-tron-gia-vi-binh-minh-2-1-533x400.webp 533w, https:\/\/congtybinhminh.com\/wp-content\/uploads\/2023\/06\/may-tron-gia-vi-binh-minh-2-1-768x576.webp 768w\" sizes=\"auto, (max-width: 800px) 100vw, 800px\" \/><\/p>\n<p>V\u1edbi thi\u1ebft k\u1ebf nh\u1ecf g\u1ecdn, hi\u1ec7n \u0111\u1ea1i d\u00f2ng m\u00e1y \u0111\u01b0\u1ee3c l\u1eafp \u0111\u1ed9ng c\u01a1 1,5kw t\u1ed1c \u0111\u1ed9 v\u00f2ng quay l\u00e0 1450v\/p cho n\u0103ng su\u1ea5t v\u00f4 c\u00f9ng cao.<\/p>\n<p>Qu\u00e1 tr\u00ecnh tr\u1ed9n t\u1ef1 \u0111\u1ed9ng, \u0111\u01a1n gi\u1ea3n thu\u1eadn ti\u1ec7n cho ng\u01b0\u1eddi s\u1eed d\u1ee5ng.<\/p>\n<h2>C\u1ea5u t\u1ea1o c\u1ee7a m\u00e1y tr\u1ed9n gia v\u1ecb<\/h2>\n<h3>Khung m\u00e1y ch\u1eafc ch\u1eafn<\/h3>\n<p>M\u00e1y tr\u1ed9n gia v\u1ecb B\u00ecnh Minh \u0111\u01b0\u1ee3c thi\u1ebft k\u1ebf nh\u1ecf g\u1ecdn hi\u1ec7n \u0111\u1ea1i v\u1edbi ph\u1ea7n khung m\u00e1y ch\u1eafc ch\u1eafn \u0111\u01b0\u1ee3c c\u1ea5u t\u1ea1o g\u1ed3m 3 ph\u1ea7n ch\u00ednh g\u1ed3m: Lu tr\u1ed9n h\u00ecnh l\u1ee5c gi\u00e1c, \u0111\u1ed9ng c\u01a1 quay v\u00e0 ch\u00e2n m\u00e1y.<\/p>\n<p><img loading=\"lazy\" decoding=\"async\" class=\"aligncenter wp-image-8375 size-full\" src=\"https:\/\/congtybinhminh.com\/wp-content\/uploads\/2023\/06\/Cau-tao-may-tron-gia-vi-binh-minh.webp\" alt=\"\" width=\"800\" height=\"600\" srcset=\"https:\/\/congtybinhminh.com\/wp-content\/uploads\/2023\/06\/Cau-tao-may-tron-gia-vi-binh-minh.webp 800w, https:\/\/congtybinhminh.com\/wp-content\/uploads\/2023\/06\/Cau-tao-may-tron-gia-vi-binh-minh-510x383.webp 510w, https:\/\/congtybinhminh.com\/wp-content\/uploads\/2023\/06\/Cau-tao-may-tron-gia-vi-binh-minh-533x400.webp 533w, https:\/\/congtybinhminh.com\/wp-content\/uploads\/2023\/06\/Cau-tao-may-tron-gia-vi-binh-minh-768x576.webp 768w\" sizes=\"auto, (max-width: 800px) 100vw, 800px\" \/><\/p>\n<h3>D\u1ec5 d\u00e0ng s\u1eed d\u1ee5ng<\/h3>\n<p>Lu tr\u1ed9n \u0111\u01b0\u1ee3c thi\u1ebft k\u1ebf g\u00f3c c\u1ea1nh h\u00ecnh l\u1ee5c gi\u00e1c, gi\u00fap kh\u1ea3 n\u0103ng tr\u1ed9n \u0111\u01b0\u1ee3c \u0111\u1ed3ng \u0111\u1ec1u h\u01a1n.<\/p>\n<p>\u0110\u1eb7c bi\u1ec7t, m\u00e1y c\u00f2n c\u00f3 c\u1ea7n \u0111i\u1ec1u ch\u1ec9nh n\u00ean ng\u01b0\u1eddi s\u1eed d\u1ee5ng c\u00f3 th\u1ec3 n\u00e2ng h\u1ea1 bu\u1ed3ng tr\u1ed9n m\u1ed9t c\u00e1ch d\u1ec5 d\u00e0ng.<\/p>\n<figure id=\"attachment_8377\" aria-describedby=\"caption-attachment-8377\" style=\"width: 800px\" class=\"wp-caption aligncenter\"><img loading=\"lazy\" decoding=\"async\" class=\"wp-image-8377 size-full\" src=\"https:\/\/congtybinhminh.com\/wp-content\/uploads\/2023\/06\/can-gat-dieu-chinh-may-tron-gia-vi.webp\" alt=\"\" width=\"800\" height=\"600\" srcset=\"https:\/\/congtybinhminh.com\/wp-content\/uploads\/2023\/06\/can-gat-dieu-chinh-may-tron-gia-vi.webp 800w, https:\/\/congtybinhminh.com\/wp-content\/uploads\/2023\/06\/can-gat-dieu-chinh-may-tron-gia-vi-510x383.webp 510w, https:\/\/congtybinhminh.com\/wp-content\/uploads\/2023\/06\/can-gat-dieu-chinh-may-tron-gia-vi-533x400.webp 533w, https:\/\/congtybinhminh.com\/wp-content\/uploads\/2023\/06\/can-gat-dieu-chinh-may-tron-gia-vi-768x576.webp 768w\" sizes=\"auto, (max-width: 800px) 100vw, 800px\" \/><figcaption id=\"caption-attachment-8377\" class=\"wp-caption-text\">C\u1ea7n g\u1ea1t \u0111i\u1ec1u ch\u1ec9nh v\u00e0 c\u00f4ng t\u1eafc \u0111\u1ea3o chi\u1ec1u<\/figcaption><\/figure>\n<p>C\u00f4ng t\u1eafc \u0111\u1ea3o chi\u1ec1u tr\u1ed9n linh ho\u1ea1t:<\/p>\n<ul>\n<li>B\u1eadt c\u00f4ng t\u1eafc b\u00ean tr\u00e1i n\u1ebfu mu\u1ed1n bu\u1ed3ng tr\u1ed9n \u0111\u1ea3o chi\u1ec1u ng\u01b0\u1ee3c chi\u1ec1u kim \u0111\u1ed3ng h\u1ed3<\/li>\n<li>B\u1eadt c\u00f4ng t\u1eafc b\u00ean ph\u1ea3i n\u1ebfu mu\u1ed1n bu\u1ed3ng tr\u1ed9n \u0111\u1ea3o chi\u1ec1u \u0111\u00fang chi\u1ec1u kim \u0111\u1ed3ng h\u1ed3.<\/li>\n<\/ul>\n<h2>C\u01a1 ch\u1ebf ho\u1ea1t \u0111\u1ed9ng c\u1ee7a m\u00e1y tr\u1ed9n gia v\u1ecb<\/h2>\n<p>C\u1eafm \u0111i\u1ec7n b\u1eadt c\u00f4ng t\u1eafc c\u00e0i \u0111\u1eb7t chi\u1ec1u quay v\u1eadn h\u00e0nh m\u00e1y, sau \u0111\u00f3 cho nguy\u00ean li\u1ec7u v\u00e0o lu. \u0110i\u1ec1u ch\u1ec9nh \u0111\u1ed9 nghi\u00eang c\u1ee7a lu cho ph\u00f9 h\u1ee3p v\u1edbi t\u1eebng s\u1ea3n ph\u1ea9m c\u1ea7n tr\u1ed9n gia v\u1ecb.<\/p>\n<p><img loading=\"lazy\" decoding=\"async\" class=\"aligncenter wp-image-8378 size-full\" src=\"https:\/\/congtybinhminh.com\/wp-content\/uploads\/2023\/06\/may-tron-gia-vi-binh-minh-3-1.webp\" alt=\"\" width=\"800\" height=\"600\" srcset=\"https:\/\/congtybinhminh.com\/wp-content\/uploads\/2023\/06\/may-tron-gia-vi-binh-minh-3-1.webp 800w, https:\/\/congtybinhminh.com\/wp-content\/uploads\/2023\/06\/may-tron-gia-vi-binh-minh-3-1-510x383.webp 510w, https:\/\/congtybinhminh.com\/wp-content\/uploads\/2023\/06\/may-tron-gia-vi-binh-minh-3-1-533x400.webp 533w, https:\/\/congtybinhminh.com\/wp-content\/uploads\/2023\/06\/may-tron-gia-vi-binh-minh-3-1-768x576.webp 768w\" sizes=\"auto, (max-width: 800px) 100vw, 800px\" \/><\/p>\n<p>Th\u00e0nh ph\u1ea9m khi \u0111\u1ea1t nhu c\u1ea7u, b\u00f3p tay phanh t\u1eeb t\u1eeb di chuy\u1ec3n c\u1ea7n \u0111i\u1ec1u ch\u1ec9nh mi\u1ec7ng lu xu\u1ed1ng th\u1ea5p \u0111\u1ec3 \u0111\u1ed5 nguy\u00ean li\u1ec7u ra.<\/p>\n<p><img loading=\"lazy\" decoding=\"async\" class=\"aligncenter wp-image-8380 size-full\" src=\"https:\/\/congtybinhminh.com\/wp-content\/uploads\/2023\/06\/may-tron-gia-vi-binh-minh-5.webp\" alt=\"\" width=\"800\" height=\"600\" srcset=\"https:\/\/congtybinhminh.com\/wp-content\/uploads\/2023\/06\/may-tron-gia-vi-binh-minh-5.webp 800w, https:\/\/congtybinhminh.com\/wp-content\/uploads\/2023\/06\/may-tron-gia-vi-binh-minh-5-510x383.webp 510w, https:\/\/congtybinhminh.com\/wp-content\/uploads\/2023\/06\/may-tron-gia-vi-binh-minh-5-533x400.webp 533w, https:\/\/congtybinhminh.com\/wp-content\/uploads\/2023\/06\/may-tron-gia-vi-binh-minh-5-768x576.webp 768w\" sizes=\"auto, (max-width: 800px) 100vw, 800px\" \/><\/p>\n<p>K\u1ebft th\u00fac quy tr\u00ecnh, t\u1eaft m\u00e1y v\u1ec7 sinh b\u00ean trong lu v\u00e0 lau b\u00ean ngo\u00e0i m\u00e1y.<\/p>\n<p>\u0110\u1eb7c bi\u1ec7t, c\u00e1c c\u01a1 s\u1edf s\u1ea3n xu\u1ea5t c\u00e1m c\u00f3 th\u1ec3 s\u1eed d\u1ee5ng m\u00e1y tr\u1ed9n \u0111\u1ec3 tr\u1ed9n vi\u00ean c\u00e1m sau khi \u00e9p v\u1edbi d\u1ea7u nh\u1eb1m t\u0103ng dinh d\u01b0\u1ee1ng cho c\u00e1m vi\u00ean v\u00e0 t\u1ea1o \u0111\u1ed9 b\u00f3ng b\u1eaft m\u1eaft.<\/p>\n<h2>Nh\u1eefng l\u01b0u \u00fd khi s\u1eed d\u1ee5ng m\u00e1y tr\u1ed9n gia v\u1ecb<\/h2>\n<p>\u0110\u1eb7t m\u00e1y \u1edf nh\u1eefng n\u01a1i b\u1eb1ng ph\u1eb3ng, kh\u00f4ng g\u1ed3 gh\u1ec1 \u0111\u1ec3 tr\u00e1nh rung l\u1eafc trong qu\u00e1 tr\u00ecnh v\u1eadn h\u00e0nh m\u00e1y<\/p>\n<p>Trong qu\u00e1 tr\u00ecnh tr\u1ed9n kh\u00f4ng n\u00ean \u0111\u1ec3 nh\u1eefng v\u1eadt c\u1ee9ng, s\u1eafc, nh\u1ecdn r\u01a1i v\u00e0o trong bu\u1ed3ng tr\u1ed9n<\/p>\n<p>Ki\u1ec3m tra m\u00e1y, ngu\u1ed3n \u0111i\u1ec7n \u1ed5n \u0111\u1ecbnh tr\u01b0\u1edbc khi v\u1eadn h\u00e0nh m\u00e1y \u0111\u1ec3 m\u00e1y \u0111\u01b0\u1ee3c ho\u1ea1t \u0111\u1ed9ng m\u1ed9t c\u00e1ch tr\u01a1n tru<\/p>\n<p>Sau m\u1ed7i l\u1ea7n s\u1eed d\u1ee5ng c\u1ea7n v\u1ec7 sinh m\u00e1y th\u1eadt s\u1ea1ch s\u1ebd.<\/p>\n<h2>Th\u00f4ng s\u1ed1 k\u1ef9 thu\u1eadt<\/h2>\n<table border=\"1\" width=\"814\" cellspacing=\"1\" cellpadding=\"1\">\n<tbody>\n<tr>\n<td colspan=\"1\" rowspan=\"3\">\u0110\u1ed9ng c\u01a1<\/td>\n<td>C\u00f4ng su\u1ea5t \u0111\u1ed9ng c\u01a1<\/td>\n<td>\u00a01,5 kw<\/td>\n<\/tr>\n<tr>\n<td>Ngu\u1ed3n \u0111i\u1ec7n<\/td>\n<td>\u00a0380 (V)<\/td>\n<\/tr>\n<tr>\n<td>T\u1ed1c \u0111\u1ed9<\/td>\n<td>1450 (v\/p)<\/td>\n<\/tr>\n<tr>\n<td colspan=\"1\" rowspan=\"2\">Tr\u1ecdng l\u01b0\u1ee3ng m\u00e1y<\/td>\n<td>Nguy\u00ean b\u1ed9<\/td>\n<td>\u00a0(kg)<\/td>\n<\/tr>\n<tr>\n<td>Kh\u00f4ng \u0111\u1ed9ng c\u01a1<\/td>\n<td>\u00a0(kg)<\/td>\n<\/tr>\n<tr>\n<td colspan=\"1\" rowspan=\"2\">B\u1ea3o h\u00e0nh<\/td>\n<td>K\u1ef9 thu\u1eadt<\/td>\n<td>06 th\u00e1ng<\/td>\n<\/tr>\n<tr>\n<td>\u0110\u1ed9ng c\u01a1<\/td>\n<td>Theo t\u1eebng h\u00e3ng s\u1ea3n xu\u1ea5t<\/td>\n<\/tr>\n<tr>\n<td>N\u0103ng su\u1ea5t<\/td>\n<td colspan=\"2\" rowspan=\"1\">\u00a0 \u00a0 \u00a0 \u00a0 \u00a0 \u00a0 \u00a0kg\/gi\u1edd<\/td>\n<\/tr>\n<tr>\n<td>K\u00edch th\u01b0\u1edbc (D*C*R)<\/td>\n<td colspan=\"2\" rowspan=\"1\">130*161*113 cm<\/td>\n<\/tr>\n<tr>\n<td>H\u00ecnh th\u1ee9c thanh to\u00e1n<\/td>\n<td colspan=\"2\" rowspan=\"1\">Ti\u1ec1n m\u1eb7t ho\u1eb7c chuy\u1ec3n kho\u1ea3n<\/td>\n<\/tr>\n<\/tbody>\n<\/table>\n","protected":false},"excerpt":{"rendered":"<ul>\n<li><strong>H\u00e3ng s\u1ea3n xu\u1ea5t:<\/strong> B\u00ecnh Minh<\/li>\n<li><strong>C\u00f4ng su\u1ea5t \u0111\u1ed9ng c\u01a1:<\/strong>\u00a01,5kw<\/li>\n<li><strong>Ngu\u1ed3n \u0111i\u1ec7n:<\/strong>\u00a03 pha<\/li>\n<li><strong>T\u00f3c \u0111\u1ed9:<\/strong>\u00a01450 v\/p<\/li>\n<li><strong>K\u00edch th\u01b0\u1edbc (D*C*R):<\/strong>\u00a0130*161*113 cm<\/li>\n<li><strong>T\u00ednh n\u0103ng:<\/strong>\u00a0M\u00e1y chuy\u00ean d\u00f9ng \u0111\u1ea3o \u2013 tr\u1ed9n \u0111\u1ec1u nguy\u00ean li\u1ec7u s\u1ed1 l\u01b0\u1ee3ng l\u1edbn h\u1ed7 tr\u1ee3 c\u00e1c h\u1ed9 kinh doanh, c\u01a1 s\u1edf s\u1ea3n xu\u1ea5t ch\u1ebf bi\u1ebfn\u2026<\/li>\n<\/ul>\n","protected":false},"featured_media":8370,"comment_status":"closed","ping_status":"closed","template":"","meta":[],"product_brand":[],"product_cat":[98],"product_tag":[],"class_list":{"0":"post-8369","1":"product","2":"type-product","3":"status-publish","4":"has-post-thumbnail","6":"product_cat-may-tron","8":"first","9":"instock","10":"shipping-taxable","11":"product-type-simple"},"_links":{"self":[{"href":"https:\/\/congtybinhminh.com\/index.php?rest_route=\/wp\/v2\/product\/8369","targetHints":{"allow":["GET"]}}],"collection":[{"href":"https:\/\/congtybinhminh.com\/index.php?rest_route=\/wp\/v2\/product"}],"about":[{"href":"https:\/\/congtybinhminh.com\/index.php?rest_route=\/wp\/v2\/types\/product"}],"replies":[{"embeddable":true,"href":"https:\/\/congtybinhminh.com\/index.php?rest_route=%2Fwp%2Fv2%2Fcomments&post=8369"}],"wp:featuredmedia":[{"embeddable":true,"href":"https:\/\/congtybinhminh.com\/index.php?rest_route=\/wp\/v2\/media\/8370"}],"wp:attachment":[{"href":"https:\/\/congtybinhminh.com\/index.php?rest_route=%2Fwp%2Fv2%2Fmedia&parent=8369"}],"wp:term":[{"taxonomy":"product_brand","embeddable":true,"href":"https:\/\/congtybinhminh.com\/index.php?rest_route=%2Fwp%2Fv2%2Fproduct_brand&post=8369"},{"taxonomy":"product_cat","embeddable":true,"href":"https:\/\/congtybinhminh.com\/index.php?rest_route=%2Fwp%2Fv2%2Fproduct_cat&post=8369"},{"taxonomy":"product_tag","embeddable":true,"href":"https:\/\/congtybinhminh.com\/index.php?rest_route=%2Fwp%2Fv2%2Fproduct_tag&post=8369"}],"curies":[{"name":"wp","href":"https:\/\/api.w.org\/{rel}","templated":true}]}}