{"id":8347,"date":"2023-06-04T10:24:59","date_gmt":"2023-06-04T03:24:59","guid":{"rendered":"https:\/\/congtybinhminh.com\/?post_type=product&#038;p=8347"},"modified":"2023-06-18T15:54:20","modified_gmt":"2023-06-18T08:54:20","slug":"may-rang-hat-da-nang-r30-inox","status":"publish","type":"product","link":"https:\/\/congtybinhminh.com\/?product=may-rang-hat-da-nang-r30-inox","title":{"rendered":"M\u00e1y rang h\u1ea1t \u0111a n\u0103ng R30 inox"},"content":{"rendered":"<h2>Video ho\u1ea1t \u0111\u1ed9ng<\/h2>\n<h2>Gi\u1edbi thi\u1ec7u m\u00e1y rang h\u1ea1t \u0111a n\u0103ng R30 inox<\/h2>\n<p>C\u00f4ng ty B\u00ecnh Minh \u0111\u00e3 cho ra \u0111\u1eddi d\u00f2ng m\u00e1y rang R30 inox v\u1edbi kh\u1ea3 n\u0103ng rang s\u1ed1 l\u01b0\u1ee3ng l\u1edbn nguy\u00ean li\u1ec7u trong m\u1ed9t th\u1eddi gian ng\u1eafn, v\u1eeba gi\u00fap ti\u1ebft ki\u1ec7m th\u1eddi gian, c\u00f4ng s\u1ee9c v\u1eeba \u0111\u1ea3m b\u1ea3o \u0111em l\u1ea1i n\u0103ng su\u1ea5t cao.<\/p>\n<p>D\u00f2ng s\u1ea3n ph\u1ea9m \u0111\u01b0\u1ee3c thi\u1ebft k\u1ebf ho\u00e0n to\u00e0n b\u1eb1ng ch\u1ea5t li\u1ec7u inox \u0111\u1ea3m b\u1ea3o an to\u00e0n v\u1ec7 sinh th\u1ef1c ph\u1ea9m cho ng\u01b0\u1eddi ti\u00eau d\u00f9ng.<\/p>\n<p><img loading=\"lazy\" decoding=\"async\" class=\"aligncenter wp-image-8363 size-full\" src=\"https:\/\/congtybinhminh.com\/wp-content\/uploads\/2023\/06\/may-rang-r30-inox-4.webp\" alt=\"\" width=\"800\" height=\"600\" srcset=\"https:\/\/congtybinhminh.com\/wp-content\/uploads\/2023\/06\/may-rang-r30-inox-4.webp 800w, https:\/\/congtybinhminh.com\/wp-content\/uploads\/2023\/06\/may-rang-r30-inox-4-510x383.webp 510w, https:\/\/congtybinhminh.com\/wp-content\/uploads\/2023\/06\/may-rang-r30-inox-4-533x400.webp 533w, https:\/\/congtybinhminh.com\/wp-content\/uploads\/2023\/06\/may-rang-r30-inox-4-768x576.webp 768w\" sizes=\"auto, (max-width: 800px) 100vw, 800px\" \/><\/p>\n<h2>\u01afu \u0111i\u1ec3m v\u01b0\u1ee3t tr\u1ed9i c\u1ee7a d\u00f2ng m\u00e1y rang R30 inox<\/h2>\n<p>M\u00e1y \u0111\u01b0\u1ee3c l\u00e0m ho\u00e0n to\u00e0n b\u1eb1ng ch\u1ea5t li\u1ec7u inox ch\u1ed1ng g\u1ec9, v\u1eeba \u0111\u1ea3m b\u1ea3o t\u00ednh th\u1ea9m m\u1ef9 v\u1eeba \u0111\u1ea3m b\u1ea3o an to\u00e0n v\u1ec7 sinh th\u1ef1c ph\u1ea9m<\/p>\n<p>M\u00e1y c\u00f3 th\u1ec3 rang \u0111\u01b0\u1ee3c \u0111a d\u1ea1ng c\u00e1c lo\u1ea1i nguy\u00ean li\u1ec7u nh\u01b0: l\u1ea1c, v\u1eebng, h\u1ea1t \u0111i\u1ec1u, h\u01b0\u1edbng d\u01b0\u01a1ng, \u00f3c ch\u00f3&#8230;.v\u00e0 nhi\u1ec1u nguy\u00ean li\u1ec7u kh\u00e1c n\u1eefa.<\/p>\n<p><img loading=\"lazy\" decoding=\"async\" class=\"aligncenter wp-image-8364 size-full\" src=\"https:\/\/congtybinhminh.com\/wp-content\/uploads\/2023\/06\/Nguyen-lieu-da-dang-1.webp\" alt=\"\" width=\"800\" height=\"600\" srcset=\"https:\/\/congtybinhminh.com\/wp-content\/uploads\/2023\/06\/Nguyen-lieu-da-dang-1.webp 800w, https:\/\/congtybinhminh.com\/wp-content\/uploads\/2023\/06\/Nguyen-lieu-da-dang-1-510x383.webp 510w, https:\/\/congtybinhminh.com\/wp-content\/uploads\/2023\/06\/Nguyen-lieu-da-dang-1-533x400.webp 533w, https:\/\/congtybinhminh.com\/wp-content\/uploads\/2023\/06\/Nguyen-lieu-da-dang-1-768x576.webp 768w\" sizes=\"auto, (max-width: 800px) 100vw, 800px\" \/><\/p>\n<p>V\u1edbi thi\u1ebft k\u1ebf b\u1ea3ng \u0111i\u1ec1u ch\u1ec9nh nhi\u1ec7t \u0111\u1ed9, ng\u01b0\u1eddi d\u00f9ng c\u00f3 th\u1ec3 s\u1eed d\u1ee5ng m\u00e1y m\u1ed9t c\u00e1ch d\u1ec5 d\u00e0ng.<\/p>\n<p>Th\u00e0nh ph\u1ea9m \u0111\u01b0\u1ee3c rang ch\u00edn \u0111\u1ec1u, c\u00f3 h\u01b0\u01a1ng v\u1ecb th\u01a1m ngon h\u01a1n.<\/p>\n<h2>C\u1ea5u t\u1ea1o m\u00e1y rang h\u1ea1t \u0111a n\u0103ng R30 inox<\/h2>\n<p>M\u00e1y \u0111\u01b0\u1ee3c thi\u1ebft k\u1ebf ch\u1eafc ch\u1eafn, hi\u1ec7n \u0111\u1ea1i, nh\u1ecf g\u1ecdn, l\u1eafp \u0111\u1eb7t 4 b\u00e1nh xe thu\u1eadn ti\u1ec7n cho qu\u00e1 tr\u00ecnh di chuy\u1ec3n m\u00e1y \u0111\u1ebfn m\u1ecdi n\u01a1i.<\/p>\n<p>Toa n\u1ea1p nguy\u00ean li\u1ec7u \u0111\u01b0\u1ee3c l\u00e0m theo ki\u1ec3u h\u00ecnh ph\u1ec5u s\u1ebd c\u00f3 t\u00e1c d\u1ee5ng \u0111\u01b0a nguy\u00ean li\u1ec7u v\u00e0o bu\u1ed3ng l\u00e0m vi\u1ec7c m\u1ed9t c\u00e1ch nhanh ch\u00f3ng v\u1edbi k\u00edch th\u01b0\u1edbc CR 36cm * CD 40cm.<\/p>\n<p><img loading=\"lazy\" decoding=\"async\" class=\"aligncenter wp-image-8365 size-full\" src=\"https:\/\/congtybinhminh.com\/wp-content\/uploads\/2023\/06\/Toa-nap-va-cua-xa-may-rang-r30.webp\" alt=\"\" width=\"800\" height=\"600\" srcset=\"https:\/\/congtybinhminh.com\/wp-content\/uploads\/2023\/06\/Toa-nap-va-cua-xa-may-rang-r30.webp 800w, https:\/\/congtybinhminh.com\/wp-content\/uploads\/2023\/06\/Toa-nap-va-cua-xa-may-rang-r30-510x383.webp 510w, https:\/\/congtybinhminh.com\/wp-content\/uploads\/2023\/06\/Toa-nap-va-cua-xa-may-rang-r30-533x400.webp 533w, https:\/\/congtybinhminh.com\/wp-content\/uploads\/2023\/06\/Toa-nap-va-cua-xa-may-rang-r30-768x576.webp 768w\" sizes=\"auto, (max-width: 800px) 100vw, 800px\" \/><\/p>\n<p>Khi nguy\u00ean li\u1ec7u \u0111\u00e3 \u0111i v\u00e0o bu\u1ed3ng l\u00e0m vi\u1ec7c, trong l\u1ed3ng rang v\u1edbi 3 c\u00e1nh \u0111\u1ea3o nguy\u00ean li\u1ec7u \u0111\u1ec1u l\u00e0m b\u1eb1ng ch\u1ea5t li\u1ec7u inox s\u1ebd c\u00f3 nhi\u1ec7m v\u1ee5 \u0111\u1ea3o \u0111\u1ec1u nguy\u00ean li\u1ec7u v\u00e0 cho ra th\u00e0nh ph\u1ea9m ch\u00edn \u0111\u1ec1u.<\/p>\n<p><img loading=\"lazy\" decoding=\"async\" class=\"aligncenter wp-image-8366 size-full\" src=\"https:\/\/congtybinhminh.com\/wp-content\/uploads\/2023\/06\/Long-rang-2.webp\" alt=\"\" width=\"800\" height=\"600\" srcset=\"https:\/\/congtybinhminh.com\/wp-content\/uploads\/2023\/06\/Long-rang-2.webp 800w, https:\/\/congtybinhminh.com\/wp-content\/uploads\/2023\/06\/Long-rang-2-510x383.webp 510w, https:\/\/congtybinhminh.com\/wp-content\/uploads\/2023\/06\/Long-rang-2-533x400.webp 533w, https:\/\/congtybinhminh.com\/wp-content\/uploads\/2023\/06\/Long-rang-2-768x576.webp 768w\" sizes=\"auto, (max-width: 800px) 100vw, 800px\" \/><\/p>\n<p>H\u1ec7 th\u1ed1ng \u0111i\u1ec1u khi\u1ec3n c\u1ee7a m\u00e1y \u0111\u01b0\u1ee3c c\u1ea3i ti\u1ebfn hi\u1ec7n \u0111\u1ea1i bao g\u1ed3m: c\u00f4ng t\u1eafc t\u1eaft\/m\u1edf, c\u00f4ng t\u1eafc \u0111\u1ea3o chi\u1ec1u, h\u1ec7 th\u1ed1ng \u0111i\u1ec1u ch\u1ec9nh nhi\u1ec7t \u0111\u1ed9 t\u1eeb 0 \u2013 400 \u0111\u1ed9, \u0111\u1ed3ng h\u1ed3 h\u1eb9n gi\u1edd ti\u1ec7n d\u1ee5ng, v\u00e0 \u0111\u00e8n b\u00e1o.<\/p>\n<p><img loading=\"lazy\" decoding=\"async\" class=\"aligncenter wp-image-8367 size-full\" src=\"https:\/\/congtybinhminh.com\/wp-content\/uploads\/2023\/06\/Bang-dieu-khien-2.webp\" alt=\"\" width=\"800\" height=\"600\" srcset=\"https:\/\/congtybinhminh.com\/wp-content\/uploads\/2023\/06\/Bang-dieu-khien-2.webp 800w, https:\/\/congtybinhminh.com\/wp-content\/uploads\/2023\/06\/Bang-dieu-khien-2-510x383.webp 510w, https:\/\/congtybinhminh.com\/wp-content\/uploads\/2023\/06\/Bang-dieu-khien-2-533x400.webp 533w, https:\/\/congtybinhminh.com\/wp-content\/uploads\/2023\/06\/Bang-dieu-khien-2-768x576.webp 768w\" sizes=\"auto, (max-width: 800px) 100vw, 800px\" \/><\/p>\n<p>H\u1ec7 th\u1ed1ng rang b\u1eb1ng 15 thanh nhi\u1ec7t, c\u00f4ng su\u1ea5t ti\u00eau th\u1ee5 nhi\u1ec7t m\u1ed7i thanh nhi\u1ec7t s\u1ebd c\u00f3 c\u00f4ng su\u1ea5t 450W\/1 thanh nhi\u1ec7t.<\/p>\n<p><img loading=\"lazy\" decoding=\"async\" class=\"aligncenter wp-image-8368 size-full\" src=\"https:\/\/congtybinhminh.com\/wp-content\/uploads\/2023\/06\/thanh-nhi225187135t.webp\" alt=\"\" width=\"800\" height=\"600\" srcset=\"https:\/\/congtybinhminh.com\/wp-content\/uploads\/2023\/06\/thanh-nhi225187135t.webp 800w, https:\/\/congtybinhminh.com\/wp-content\/uploads\/2023\/06\/thanh-nhi225187135t-510x383.webp 510w, https:\/\/congtybinhminh.com\/wp-content\/uploads\/2023\/06\/thanh-nhi225187135t-533x400.webp 533w, https:\/\/congtybinhminh.com\/wp-content\/uploads\/2023\/06\/thanh-nhi225187135t-768x576.webp 768w\" sizes=\"auto, (max-width: 800px) 100vw, 800px\" \/><\/p>\n<p>K\u00edch th\u01b0\u1edbc c\u1ee7a m\u00e1y rang \u0111a n\u0103ng R30 inox ( D\u00e0i 175cm* R\u1ed9ng 63cm* Cao 142cm)<\/p>\n<h2><span id=\"Nhung_luu_y_khi_su_dung_may_rang_hat_da_nang_R30_inox\" class=\"ez-toc-section\"><\/span>Nh\u1eefng l\u01b0u \u00fd khi s\u1eed d\u1ee5ng m\u00e1y rang h\u1ea1t \u0111a n\u0103ng R30 inox<\/h2>\n<p>\u0110\u1eb7t m\u00e1y tr\u00ean n\u1ec1n ph\u1eb3ng tr\u00e1nh rung l\u1eafc g\u00e2y nguy hi\u1ec3m trong qu\u00e1 tr\u00ecnh s\u1eed d\u1ee5ng.<\/p>\n<p>B\u1eadt c\u00f4ng t\u1eafc kh\u1edfi \u0111\u1ed9ng m\u00e1y ki\u1ec3m tra \u1ed5n \u0111\u1ecbnh \u0111\u1ed9ng c\u01a1 tr\u01b0\u1edbc khi b\u1eaft \u0111\u1ea7u quy tr\u00ecnh. (N\u00ean kh\u1edfi \u0111\u1ed9ng m\u00e1y l\u00e0m n\u00f3ng l\u1ed3ng rang t\u1eeb 5 \u2013 10 ph\u00fat r\u1ed3i cho h\u1ea1t v\u00e0o rang)<\/p>\n<p>M\u00e1y kh\u00f4ng rang \u0111\u01b0\u1ee3c h\u1ea1t t\u1ea9m \u01b0\u1edbt v\u00ec trong qu\u00e1 tr\u00ecnh rang s\u1ebd l\u00e0m b\u1ed1c h\u01a1i khi\u1ebfn h\u1ea1t kh\u00f4ng c\u00f2n \u0111\u1ed9 gi\u00f2n. \u0110\u1ec3 rang c\u00e1c lo\u1ea1i h\u1ea1t t\u1ea9m \u01b0\u1edbp b\u1ea1n c\u1ea7n s\u1ea5y kh\u00f4 ho\u1eb7c \u0111\u1ec3 cho r\u00e1o m\u1edbi cho v\u00e0o rang.<\/p>\n<p>V\u1ec7 sinh tr\u01b0\u1edbc v\u00e0 sau khi s\u1eed d\u1ee5ng \u0111\u1ea3m b\u1ea3o \u0111\u1ed9 b\u1ec1n cho m\u00e1y.<\/p>\n<h2>Th\u00f4ng s\u1ed1 k\u1ef9 thu\u1eadt<\/h2>\n<table class=\"Table\" align=\"center\">\n<tbody>\n<tr>\n<td rowspan=\"3\" width=\"270\">\n<p align=\"center\">\u0110\u1ed9ng c\u01a1<\/p>\n<\/td>\n<td width=\"211\">\u00a0C\u00f4ng su\u1ea5t \u0111\u1ed9ng c\u01a1<\/td>\n<td width=\"210\">\n<p align=\"center\">1,5 kw<\/p>\n<\/td>\n<\/tr>\n<tr>\n<td width=\"211\">\u00a0Ngu\u1ed3n \u0111i\u1ec7n<\/td>\n<td width=\"210\">\n<p align=\"center\">220- 380 (V)<\/p>\n<\/td>\n<\/tr>\n<tr>\n<td width=\"211\">\u00a0C\u00f4ng su\u1ea5t ti\u00eau th\u1ee5 nhi\u1ec7t<\/td>\n<td width=\"210\">\n<p align=\"center\">15 thanh nhi\u1ec7t, m\u1ed7i thanh nhi\u1ec7t c\u00f4ng su\u1ea5t 450W\/ thanh nhi\u1ec7t<\/p>\n<\/td>\n<\/tr>\n<tr>\n<td rowspan=\"2\" width=\"270\">\n<p align=\"center\">Tr\u1ecdng l\u01b0\u1ee3ng m\u00e1y<\/p>\n<\/td>\n<td width=\"211\">\u00a0Nguy\u00ean b\u1ed9<\/td>\n<td width=\"210\">\n<p align=\"center\">( kg)<\/p>\n<\/td>\n<\/tr>\n<tr>\n<td width=\"211\">\u00a0Kh\u00f4ng \u0111\u1ed9ng c\u01a1<\/td>\n<td width=\"210\">\n<p align=\"center\">( kg)<\/p>\n<\/td>\n<\/tr>\n<tr>\n<td rowspan=\"2\" width=\"270\">\n<p align=\"center\">B\u1ea3o h\u00e0nh<\/p>\n<\/td>\n<td width=\"211\">\u00a0K\u1ef9 thu\u1eadt<\/td>\n<td width=\"210\">\n<p align=\"center\">06\u00a0th\u00e1ng<\/p>\n<\/td>\n<\/tr>\n<tr>\n<td width=\"211\">\u00a0\u0110\u1ed9ng c\u01a1<\/td>\n<td width=\"210\">\n<p align=\"center\">Theo t\u1eebng h\u00e3ng s\u1ea3n xu\u1ea5t<\/p>\n<\/td>\n<\/tr>\n<tr>\n<td width=\"270\">\n<p align=\"center\">N\u0103ng su\u1ea5t<\/p>\n<\/td>\n<td colspan=\"2\" width=\"421\">\n<p align=\"center\">25-30 (kg\/m\u1ebb)<\/p>\n<\/td>\n<\/tr>\n<tr>\n<td width=\"270\">\n<p align=\"center\">K\u00edch th\u01b0\u1edbc ( D * C * R )<\/p>\n<\/td>\n<td colspan=\"2\" width=\"421\">\n<p align=\"center\">175*142*63cm<\/p>\n<\/td>\n<\/tr>\n<tr>\n<td width=\"270\">\n<p align=\"center\">H\u00ecnh th\u1ee9c thanh to\u00e1n<\/p>\n<\/td>\n<td colspan=\"2\" width=\"421\">Ti\u1ec1n m\u1eb7t ho\u1eb7c chuy\u1ec3n kho\u1ea3n<\/td>\n<\/tr>\n<\/tbody>\n<\/table>\n","protected":false},"excerpt":{"rendered":"<ul>\n<li>H\u00e3ng s\u1ea3n xu\u1ea5t: B\u00ecnh Minh<\/li>\n<li>C\u00f4ng su\u1ea5t \u0111\u1ed9ng c\u01a1: 1.5kw<\/li>\n<li>C\u00f4ng su\u1ea5t ti\u00eau th\u1ee5 nhi\u1ec7t: 15 thanh nhi\u1ec7t, m\u1ed7i thanh nhi\u1ec7t 450W<\/li>\n<li>Ngu\u1ed3n\u00a0\u0111i\u1ec7n: 220V \u2013 380V<\/li>\n<li>N\u0103ng su\u1ea5t: 25kg -30kg\/h<\/li>\n<li>T\u00ednh n\u0103ng: M\u00e1y \u0111\u01b0\u1ee3c c\u1ea3i ti\u1ebfn ho\u00e0n to\u00e0n b\u1eb1ng ch\u1ea5t li\u1ec7u inox. M\u00e1y c\u00f3 nhi\u1ec7m v\u1ee5 rang \u0111a d\u1ea1ng nhi\u1ec1u nguy\u00ean li\u1ec7u nh\u01b0: g\u1ea1o, ng\u00f4, \u0111\u1ed7 xanh, \u0111\u1ed7 \u0111en, m\u1ea7m \u0111\u1eadu n\u00e0nh, macca, sachi,\u2026<\/li>\n<\/ul>\n","protected":false},"featured_media":8360,"comment_status":"closed","ping_status":"closed","template":"","meta":[],"product_brand":[],"product_cat":[28],"product_tag":[],"class_list":{"0":"post-8347","1":"product","2":"type-product","3":"status-publish","4":"has-post-thumbnail","6":"product_cat-may-rang","8":"first","9":"instock","10":"shipping-taxable","11":"product-type-simple"},"_links":{"self":[{"href":"https:\/\/congtybinhminh.com\/index.php?rest_route=\/wp\/v2\/product\/8347","targetHints":{"allow":["GET"]}}],"collection":[{"href":"https:\/\/congtybinhminh.com\/index.php?rest_route=\/wp\/v2\/product"}],"about":[{"href":"https:\/\/congtybinhminh.com\/index.php?rest_route=\/wp\/v2\/types\/product"}],"replies":[{"embeddable":true,"href":"https:\/\/congtybinhminh.com\/index.php?rest_route=%2Fwp%2Fv2%2Fcomments&post=8347"}],"wp:featuredmedia":[{"embeddable":true,"href":"https:\/\/congtybinhminh.com\/index.php?rest_route=\/wp\/v2\/media\/8360"}],"wp:attachment":[{"href":"https:\/\/congtybinhminh.com\/index.php?rest_route=%2Fwp%2Fv2%2Fmedia&parent=8347"}],"wp:term":[{"taxonomy":"product_brand","embeddable":true,"href":"https:\/\/congtybinhminh.com\/index.php?rest_route=%2Fwp%2Fv2%2Fproduct_brand&post=8347"},{"taxonomy":"product_cat","embeddable":true,"href":"https:\/\/congtybinhminh.com\/index.php?rest_route=%2Fwp%2Fv2%2Fproduct_cat&post=8347"},{"taxonomy":"product_tag","embeddable":true,"href":"https:\/\/congtybinhminh.com\/index.php?rest_route=%2Fwp%2Fv2%2Fproduct_tag&post=8347"}],"curies":[{"name":"wp","href":"https:\/\/api.w.org\/{rel}","templated":true}]}}