{"id":8320,"date":"2023-06-02T10:31:19","date_gmt":"2023-06-02T03:31:19","guid":{"rendered":"https:\/\/congtybinhminh.com\/?post_type=product&#038;p=8320"},"modified":"2024-06-05T15:39:07","modified_gmt":"2024-06-05T08:39:07","slug":"may-rang-hat-da-nang-r50-inox","status":"publish","type":"product","link":"https:\/\/congtybinhminh.com\/?product=may-rang-hat-da-nang-r50-inox","title":{"rendered":"M\u00e1y rang h\u1ea1t \u0111a n\u0103ng R50 inox"},"content":{"rendered":"<h2>Gi\u1edbi thi\u1ec7u m\u00e1y rang h\u1ea1t \u0111a n\u0103ng R50 inox<\/h2>\n<p>B\u1ea1n \u0111ang t\u00ecm ki\u1ec3m m\u1ed9t gi\u1ea3i ph\u00e1p ho\u00e0n h\u1ea3o ph\u1ee5c v\u1ee5 cho vi\u1ec7c rang h\u1ea1t cho c\u01a1 s\u1edf kinh doanh c\u1ee7a m\u00ecnh ? \u0110\u1eebng b\u1ecf l\u1ee1 c\u01a1 h\u1ed9i tr\u1ea3i nghi\u1ec7m m\u00e1y rang h\u1ea1t \u0111a n\u0103ng R50 inox do c\u00f4ng ty B\u00ecnh Minh s\u1ea3n xu\u1ea5t<\/p>\n<p><img loading=\"lazy\" decoding=\"async\" class=\"aligncenter wp-image-9746 size-full\" src=\"https:\/\/congtybinhminh.com\/wp-content\/uploads\/2023\/06\/may-rang-hat-da-nang-r50-inox_result222.webp\" alt=\"may-rang-hat-da-nang-r50-inox_result222\" width=\"800\" height=\"1078\" srcset=\"https:\/\/congtybinhminh.com\/wp-content\/uploads\/2023\/06\/may-rang-hat-da-nang-r50-inox_result222.webp 800w, https:\/\/congtybinhminh.com\/wp-content\/uploads\/2023\/06\/may-rang-hat-da-nang-r50-inox_result222-297x400.webp 297w, https:\/\/congtybinhminh.com\/wp-content\/uploads\/2023\/06\/may-rang-hat-da-nang-r50-inox_result222-594x800.webp 594w, https:\/\/congtybinhminh.com\/wp-content\/uploads\/2023\/06\/may-rang-hat-da-nang-r50-inox_result222-768x1035.webp 768w, https:\/\/congtybinhminh.com\/wp-content\/uploads\/2023\/06\/may-rang-hat-da-nang-r50-inox_result222-510x687.webp 510w\" sizes=\"auto, (max-width: 800px) 100vw, 800px\" \/><\/p>\n<p>Qu\u00e1 tr\u00ecnh rang kh\u00e9p k\u00edn, s\u1eed d\u1ee5ng h\u01a1i n\u00f3ng \u0111\u1ec3 l\u00e0m gi\u1ea3m \u0111\u1ed9 \u1ea9m trong h\u1ea1t m\u00e0 v\u1eabn gi\u1eef \u0111\u1ed9 gi\u00f2n kh\u00f4ng lo n\u1ea5m m\u1ed1c. V\u1edbi kh\u1ea3 n\u0103ng rang \u0111a d\u1ea1ng c\u00e1c lo\u1ea1i hat cho n\u0103ng su\u1ea5t \u0111\u1ea1t t\u1eeb 40 -5 0 kg\/m\u1ebb th\u00edch h\u1ee3p s\u1eed d\u1ee5ng t\u1ea1i c\u00e1c h\u1ed9 gia \u0111\u00ecnh, c\u01a1 s\u1edf s\u1ea3n xu\u1ea5t kinh doanh<\/p>\n<h2>Nh\u1eefng t\u00ednh n\u0103ng m\u00e1y rang h\u1ea1t \u0111a n\u0103ng R50 inox<\/h2>\n<p>Chi\u1ebfc m\u00e1y rang \u0111a n\u0103ng c\u00f3 th\u1ec3 rang ch\u00edn &#8211; gi\u00f2n c\u00e1c lo\u1ea1i h\u1ea1t kh\u00e1c nhau t\u1eeb h\u1ea1t n\u00f4ng s\u1ea3n \u0111\u1ebfn h\u1ea1t ng\u0169 c\u1ed1c mang \u0111\u1ebfn s\u1ef1 ti\u1ec7n l\u1ee3i cho ng\u01b0\u1eddi d\u00f9ng:<\/p>\n<p><img loading=\"lazy\" decoding=\"async\" class=\"aligncenter wp-image-8335 size-full\" src=\"https:\/\/congtybinhminh.com\/wp-content\/uploads\/2023\/06\/nguyen-lieu.webp\" alt=\"\" width=\"800\" height=\"600\" srcset=\"https:\/\/congtybinhminh.com\/wp-content\/uploads\/2023\/06\/nguyen-lieu.webp 800w, https:\/\/congtybinhminh.com\/wp-content\/uploads\/2023\/06\/nguyen-lieu-510x383.webp 510w, https:\/\/congtybinhminh.com\/wp-content\/uploads\/2023\/06\/nguyen-lieu-533x400.webp 533w, https:\/\/congtybinhminh.com\/wp-content\/uploads\/2023\/06\/nguyen-lieu-768x576.webp 768w\" sizes=\"auto, (max-width: 800px) 100vw, 800px\" \/><\/p>\n<ul>\n<li>M\u00e1y rang c\u00e1c lo\u1ea1i h\u1ea1t n\u00f4ng s\u1ea3n: g\u1ea1o n\u1ebfp; g\u1ea1o t\u1ebb, h\u1ea1t ng\u00f4, c\u1ee7 l\u1ea1c.. ph\u1ee5c v\u1ee5 trong n\u00f4ng nghi\u1ec7p<\/li>\n<li>M\u00e1y rang c\u00e1c lo\u1ea1i h\u1ea1t \u0111\u1ed7: h\u1ea1t \u0111\u1ed7 \u0111en, \u0111\u1ed7 xanh, \u0111\u1eadu t\u01b0\u01a1ng, h\u01b0\u1edbng d\u01b0\u01a1ng&#8230;<\/li>\n<\/ul>\n<p>Th\u00e0nh ph\u1ea9m sau khi rang, h\u1ea1t ch\u00edn \u0111\u1ec1u t\u1eeb trong ra ngo\u00e0i, h\u1ea1t gi\u00f2n v\u1ecf \u0111\u1ec1u m\u00e0u kh\u00f4ng b\u1ecb ch\u00e1y x\u00e9m. \u0110\u1eb7c bi\u1ec7t, v\u1eabn gi\u1eef \u0111\u01b0\u1ee3c h\u01b0\u01a1ng v\u1ecb t\u1ef1 nhi\u00ean c\u1ee7a t\u1eebng lo\u1ea1i h\u1ea1t<\/p>\n<h2>C\u1ea5u t\u1ea1o c\u1ee7a m\u00e1y rang h\u1ea1t \u0111a n\u0103ng R50 inox<\/h2>\n<h3>Khung m\u00e1y ch\u1eafc ch\u1eafn<\/h3>\n<p>Thu\u1ed9c d\u00f2ng m\u00e1y c\u00f4ng nghi\u1ec7p, b\u00ean ngo\u00e0i l\u1ed3ng rang l\u00e0 l\u1edbp khung ch\u1eafc ch\u1eafn l\u00e0m b\u1eb1ng inox cao c\u1ea5p kh\u00f4ng g\u00e2y han g\u1ec9 v\u1edbi kh\u1ea3 n\u0103ng c\u00e1ch nhi\u1ec7t v\u00e0 h\u1ea1n ch\u1ebf kh\u00f4ng th\u1ea5t tho\u00e1t nhi\u1ec7t trong qu\u00e1 tr\u00ecnh rang<\/p>\n<p><img loading=\"lazy\" decoding=\"async\" class=\"aligncenter wp-image-9747 size-full\" src=\"https:\/\/congtybinhminh.com\/wp-content\/uploads\/2023\/06\/cau-tao-may-rang-hat-da-nang-r50-inox-copy_result222.webp\" alt=\"cau-tao-may-rang-hat-da-nang-r50-inox copy_result222\" width=\"800\" height=\"592\" srcset=\"https:\/\/congtybinhminh.com\/wp-content\/uploads\/2023\/06\/cau-tao-may-rang-hat-da-nang-r50-inox-copy_result222.webp 800w, https:\/\/congtybinhminh.com\/wp-content\/uploads\/2023\/06\/cau-tao-may-rang-hat-da-nang-r50-inox-copy_result222-541x400.webp 541w, https:\/\/congtybinhminh.com\/wp-content\/uploads\/2023\/06\/cau-tao-may-rang-hat-da-nang-r50-inox-copy_result222-768x568.webp 768w, https:\/\/congtybinhminh.com\/wp-content\/uploads\/2023\/06\/cau-tao-may-rang-hat-da-nang-r50-inox-copy_result222-510x377.webp 510w\" sizes=\"auto, (max-width: 800px) 100vw, 800px\" \/><\/p>\n<p>Ph\u00eda d\u01b0\u1edbi ch\u00e2n m\u00e1y l\u1eafp \u0111\u1eb7t 4 b\u00e1nh xe thu\u1eadn ti\u1ec7n di chuy\u1ec3n v\u1ecb tr\u00ed \u0111\u1eb7t m\u00e1y<\/p>\n<h3>Toa n\u1ea1p nguy\u00ean li\u1ec7u<\/h3>\n<p>Toa n\u1ea1p nguy\u00ean li\u1ec7u \u0111\u01b0\u1ee3c thi\u1ebft k\u1ebf d\u1ea1ng h\u00ecnh ph\u1ec5u d\u1ea1ng \u0111\u1ee9ng, nguy\u00ean li\u1ec7u khi \u0111\u01b0\u1ee3c \u0111\u01b0a v\u00e0o toa s\u1ebd \u0111\u01b0\u1ee3c \u1ed1ng d\u1eabn, d\u1eabn ch\u00fang v\u00e0o l\u1ed3ng rang m\u00e0 kh\u00f4ng l\u00e0m v\u01b0\u01a1ng b\u1eafn ra ngo\u00e0i<\/p>\n<p><img loading=\"lazy\" decoding=\"async\" class=\"aligncenter wp-image-9748 size-full\" src=\"https:\/\/congtybinhminh.com\/wp-content\/uploads\/2023\/06\/toa-nap-may-rang_result222.webp\" alt=\"toa-nap-may-rang_result222\" width=\"800\" height=\"738\" srcset=\"https:\/\/congtybinhminh.com\/wp-content\/uploads\/2023\/06\/toa-nap-may-rang_result222.webp 800w, https:\/\/congtybinhminh.com\/wp-content\/uploads\/2023\/06\/toa-nap-may-rang_result222-434x400.webp 434w, https:\/\/congtybinhminh.com\/wp-content\/uploads\/2023\/06\/toa-nap-may-rang_result222-768x708.webp 768w, https:\/\/congtybinhminh.com\/wp-content\/uploads\/2023\/06\/toa-nap-may-rang_result222-510x470.webp 510w\" sizes=\"auto, (max-width: 800px) 100vw, 800px\" \/><\/p>\n<h3>L\u1ed3ng rang linh ho\u1ea1t<\/h3>\n<p>B\u00ean trong l\u1ed3ng c\u00f3 3 c\u00e1nh \u0111\u1ea3o s\u1ebd c\u00f3 nhi\u1ec7m v\u1ee5 quay tr\u00f2n v\u00e0 \u0111\u1ea3o \u0111\u1ec1u nguy\u00ean li\u1ec7u \u0111\u1ebfn khi th\u00e0nh ph\u1ea9m ch\u00ednh gi\u00f2n v\u00e0 kh\u00f4ng b\u1ecb ch\u00e1y x\u00e9m<\/p>\n<p><img loading=\"lazy\" decoding=\"async\" class=\"aligncenter wp-image-9749 size-full\" src=\"https:\/\/congtybinhminh.com\/wp-content\/uploads\/2023\/06\/long-rang-hat-copy-2_result222.webp\" alt=\"long-rang-hat copy 2_result222\" width=\"800\" height=\"684\" srcset=\"https:\/\/congtybinhminh.com\/wp-content\/uploads\/2023\/06\/long-rang-hat-copy-2_result222.webp 800w, https:\/\/congtybinhminh.com\/wp-content\/uploads\/2023\/06\/long-rang-hat-copy-2_result222-468x400.webp 468w, https:\/\/congtybinhminh.com\/wp-content\/uploads\/2023\/06\/long-rang-hat-copy-2_result222-768x657.webp 768w, https:\/\/congtybinhminh.com\/wp-content\/uploads\/2023\/06\/long-rang-hat-copy-2_result222-510x436.webp 510w\" sizes=\"auto, (max-width: 800px) 100vw, 800px\" \/><\/p>\n<p>B\u00ean tr\u00ean l\u1ed3ng rang, m\u00e1y \u0111\u01b0\u1ee3c thi\u1ebft k\u1ebf th\u00eam m\u1ed9t \u1ed1ng tho\u00e1t nhi\u1ec7t, c\u00f3 nhi\u1ec7m v\u1ee5 tho\u00e1t h\u01a1i n\u01b0\u1edbc \u1edf trong l\u1ed3ng rang ra ngo\u00e0i gi\u00fap nguy\u00ean li\u1ec7u ch\u00edn nhanh h\u01a1n.<\/p>\n<p><img loading=\"lazy\" decoding=\"async\" class=\"aligncenter wp-image-9750 size-full\" src=\"https:\/\/congtybinhminh.com\/wp-content\/uploads\/2023\/06\/ong-thoat-nhiet_result222.webp\" alt=\"ong-thoat-nhiet_result222\" width=\"800\" height=\"392\" srcset=\"https:\/\/congtybinhminh.com\/wp-content\/uploads\/2023\/06\/ong-thoat-nhiet_result222.webp 800w, https:\/\/congtybinhminh.com\/wp-content\/uploads\/2023\/06\/ong-thoat-nhiet_result222-768x376.webp 768w, https:\/\/congtybinhminh.com\/wp-content\/uploads\/2023\/06\/ong-thoat-nhiet_result222-510x250.webp 510w\" sizes=\"auto, (max-width: 800px) 100vw, 800px\" \/><\/p>\n<h3>H\u1ec7 th\u1ed1ng thanh nhi\u1ec7t<\/h3>\n<p>G\u1ed3m 21 thanh nhi\u1ec7t v\u1edbi c\u00f4ng su\u1ea5t 800W m\u1ed7i thanh, c\u00e1c thanh nhi\u1ec7t \u0111\u01b0\u1ee3c b\u1ed1 tr\u00ed khoa h\u1ecdc gi\u00fap nhi\u1ec7t \u0111\u1ed9 \u0111\u01b0\u1ee3c ph\u00e2n b\u1ed5 \u0111\u1ec1u kh\u1eafp l\u1ed3ng rang.<\/p>\n<p><img loading=\"lazy\" decoding=\"async\" class=\"aligncenter wp-image-9752 size-full\" src=\"https:\/\/congtybinhminh.com\/wp-content\/uploads\/2023\/06\/thanh-nhiet_result222.webp\" alt=\"thanh-nhiet_result222\" width=\"800\" height=\"684\" srcset=\"https:\/\/congtybinhminh.com\/wp-content\/uploads\/2023\/06\/thanh-nhiet_result222.webp 800w, https:\/\/congtybinhminh.com\/wp-content\/uploads\/2023\/06\/thanh-nhiet_result222-468x400.webp 468w, https:\/\/congtybinhminh.com\/wp-content\/uploads\/2023\/06\/thanh-nhiet_result222-768x657.webp 768w, https:\/\/congtybinhminh.com\/wp-content\/uploads\/2023\/06\/thanh-nhiet_result222-510x436.webp 510w\" sizes=\"auto, (max-width: 800px) 100vw, 800px\" \/><\/p>\n<h3>B\u1ea3ng \u0111i\u1ec1u khi\u1ec3n hi\u1ec7n \u0111\u1ea1i<\/h3>\n<p>M\u00e1y rang h\u1ea1t \u0111a n\u0103ng R50 inox \u0111\u01b0\u1ee3c ch\u1ebf t\u1ea1o hi\u1ec7n \u0111\u1ea1i, thao t\u00e1c s\u1eed d\u1ee5ng m\u00e1y \u0111\u1ec1u \u0111\u01b0\u1ee3c t\u1ef1 \u0111\u1ed9ng h\u00f3a \u0111i\u1ec1u ch\u1ec9nh th\u00f4ng qua b\u1ea3ng khi\u1ec3n th\u00f4ng minh:<\/p>\n<p><img loading=\"lazy\" decoding=\"async\" class=\"aligncenter wp-image-9751 size-full\" src=\"https:\/\/congtybinhminh.com\/wp-content\/uploads\/2023\/06\/bang-dieu-khien-may-rang_result222.webp\" alt=\"bang-dieu-khien-may-rang_result222\" width=\"800\" height=\"600\" srcset=\"https:\/\/congtybinhminh.com\/wp-content\/uploads\/2023\/06\/bang-dieu-khien-may-rang_result222.webp 800w, https:\/\/congtybinhminh.com\/wp-content\/uploads\/2023\/06\/bang-dieu-khien-may-rang_result222-533x400.webp 533w, https:\/\/congtybinhminh.com\/wp-content\/uploads\/2023\/06\/bang-dieu-khien-may-rang_result222-768x576.webp 768w, https:\/\/congtybinhminh.com\/wp-content\/uploads\/2023\/06\/bang-dieu-khien-may-rang_result222-510x383.webp 510w\" sizes=\"auto, (max-width: 800px) 100vw, 800px\" \/><\/p>\n<ul>\n<li><strong>C\u00f4ng t\u1eafc ngu\u1ed3n:<\/strong> khi m\u00e1y ho\u1ea1t \u0111\u1ed9ng s\u1ebd c\u00f3 \u0111\u00e8n b\u00e1o hi\u1ec3n th\u1ecb ch\u1ec9 s\u1ed1 \u0111i\u1ec7n \u00e1p ngu\u1ed3n \u0111i\u1ec7n.<\/li>\n<li><strong>\u0110\u1ed3ng h\u1ed3 \u0111i\u1ec1u ch\u1ec9nh nhi\u1ec7t \u0111\u1ed9<\/strong>: \u0111\u1ec3 l\u1ef1a ch\u1ecdn nhi\u1ec7t \u0111\u1ed9 rang th\u00edch h\u1ee3p v\u1edbi t\u1eebng lo\u1ea1i nguy\u00ean li\u1ec7u.<\/li>\n<li><strong>\u0110\u1ed3ng h\u1ed3 h\u1eb9n gi\u1edd:<\/strong> ti\u1ec7n d\u1ee5ng t\u1ef1 ng\u1eaft sau khi h\u1ebft th\u1eddi gian c\u00e0i \u0111\u1eb7t. Gi\u00fap ng\u01b0\u1eddi d\u00f9ng kh\u00f4ng ph\u1ea3i ng\u1ed3i \u0111\u1ee3i \u0111\u1ec3 t\u1eaft m\u00e1y khi ho\u00e0n th\u00e0nh.<\/li>\n<li><strong>C\u00f4ng t\u1eafc \u0111\u1ea3o chi\u1ec1u<\/strong>: c\u00f3 t\u00e1c d\u1ee5ng khi th\u00e0nh ph\u1ea9m ch\u00edn \u0111\u1ea3o chi\u1ec1u c\u00f4ng t\u1eafc s\u1ebd \u0111\u01b0a th\u00e0nh ph\u1ea9m ra ngo\u00e0i theo m\u00e1ng \u1ee9ng nguy\u00ean li\u1ec7u.<\/li>\n<\/ul>\n<h3>C\u1eeda x\u1ea3 th\u00e0nh ph\u1ea9m<\/h3>\n<p>Th\u00e0nh ph\u1ea9m sau khi rang ch\u00edn s\u1ebd \u0111\u01b0\u1ee3c c\u00e1c c\u00e1nh \u0111\u1ea3o \u0111\u01b0a ra ngo\u00e0i l\u1ed3ng rang t\u1ef1 \u0111\u1ed9ng v\u00e0 \u0111i xu\u1ed1ng m\u00e1ng x\u1ea3 th\u00e0nh ph\u1ea9m tho\u00e1t ra ngo\u00e0i, m\u00e0 kh\u00f4ng ph\u1ea3i d\u00f9ng c\u00f4ng c\u1ee5 v\u00e9t nguy\u00ean li\u1ec7u ra ngo\u00e0i<\/p>\n<p><img loading=\"lazy\" decoding=\"async\" class=\"aligncenter wp-image-9753 size-full\" src=\"https:\/\/congtybinhminh.com\/wp-content\/uploads\/2023\/06\/cua-xa-may-rang_result222.webp\" alt=\"cua-xa-may-rang_result222\" width=\"800\" height=\"460\" srcset=\"https:\/\/congtybinhminh.com\/wp-content\/uploads\/2023\/06\/cua-xa-may-rang_result222.webp 800w, https:\/\/congtybinhminh.com\/wp-content\/uploads\/2023\/06\/cua-xa-may-rang_result222-696x400.webp 696w, https:\/\/congtybinhminh.com\/wp-content\/uploads\/2023\/06\/cua-xa-may-rang_result222-768x442.webp 768w, https:\/\/congtybinhminh.com\/wp-content\/uploads\/2023\/06\/cua-xa-may-rang_result222-510x293.webp 510w\" sizes=\"auto, (max-width: 800px) 100vw, 800px\" \/><\/p>\n<h3>N\u0103ng su\u1ea5t cao<\/h3>\n<p>M\u00e1y rang h\u1ea1t 3 pha s\u1eed d\u1ee5ng \u0111\u1ed9ng c\u01a1 1,5kw motor l\u00f5i d\u00e2y \u0111\u1ed3ng 100% cho n\u0103ng su\u1ea5t \u0111\u1ea1t kho\u1ea3ng 40 &#8211; 50 kg\/m\u1ebb \u0111\u00e1p \u1ee9ng nhu c\u1ea7u ng\u01b0\u1eddi d\u00f9ng<\/p>\n<p><img loading=\"lazy\" decoding=\"async\" class=\"aligncenter wp-image-9754 size-full\" src=\"https:\/\/congtybinhminh.com\/wp-content\/uploads\/2023\/06\/dong-co-may-rang_result222.webp\" alt=\"dong-co-may-rang_result222\" width=\"800\" height=\"532\" srcset=\"https:\/\/congtybinhminh.com\/wp-content\/uploads\/2023\/06\/dong-co-may-rang_result222.webp 800w, https:\/\/congtybinhminh.com\/wp-content\/uploads\/2023\/06\/dong-co-may-rang_result222-602x400.webp 602w, https:\/\/congtybinhminh.com\/wp-content\/uploads\/2023\/06\/dong-co-may-rang_result222-768x511.webp 768w, https:\/\/congtybinhminh.com\/wp-content\/uploads\/2023\/06\/dong-co-may-rang_result222-510x339.webp 510w\" sizes=\"auto, (max-width: 800px) 100vw, 800px\" \/><\/p>\n<h2>Nh\u1eefng l\u01b0u \u00fd khi s\u1eed d\u1ee5ng m\u00e1y rang h\u1ea1t \u0111a n\u0103ng R50 inox<\/h2>\n<p>\u0110\u1eb7t m\u00e1y tr\u00ean n\u1ec1n ph\u1eb3ng tr\u00e1nh rung l\u1eafc trong qu\u00e1 tr\u00ecnh s\u1eed d\u1ee5ng.<\/p>\n<p>Cho m\u00e1y ch\u1ea1y kh\u00f4ng t\u1ea3i ki\u1ec3m tra \u1ed5n \u0111\u1ecbnh tr\u01b0\u1edbc khi b\u1eaft \u0111\u1ea7u v\u1eadn h\u00e0nh.<\/p>\n<p><img loading=\"lazy\" decoding=\"async\" class=\"aligncenter wp-image-9756 size-full\" src=\"https:\/\/congtybinhminh.com\/wp-content\/uploads\/2023\/06\/rang-gao_result222.webp\" alt=\"rang-gao_result222\" width=\"800\" height=\"456\" srcset=\"https:\/\/congtybinhminh.com\/wp-content\/uploads\/2023\/06\/rang-gao_result222.webp 800w, https:\/\/congtybinhminh.com\/wp-content\/uploads\/2023\/06\/rang-gao_result222-702x400.webp 702w, https:\/\/congtybinhminh.com\/wp-content\/uploads\/2023\/06\/rang-gao_result222-768x438.webp 768w, https:\/\/congtybinhminh.com\/wp-content\/uploads\/2023\/06\/rang-gao_result222-510x291.webp 510w\" sizes=\"auto, (max-width: 800px) 100vw, 800px\" \/><\/p>\n<p>M\u00e1y c\u00f3 th\u1ec3 ho\u1ea1t \u0111\u1ed9ng li\u00ean t\u1ee5c nh\u01b0ng \u0111\u1ec3 gi\u1eef \u0111\u1ed9 b\u1ec1n v\u00e0 k\u00e9o d\u00e0i tu\u1ed5i th\u1ecd c\u1ee7a m\u00e1y b\u00e0 con n\u00ean chia nh\u1ecf ra t\u1eebng m\u1ebb. Ph\u00e2n lo\u1ea1i t\u1eebng nguy\u00ean li\u1ec7u v\u00e0 c\u00e0i \u0111\u1eb7t nhi\u1ec7t \u0111\u1ed9 th\u00edch h\u1ee3p \u1ee9ng v\u1edbi t\u1eebng nguy\u00ean li\u1ec7u.<\/p>\n<p><img loading=\"lazy\" decoding=\"async\" class=\"aligncenter wp-image-9757 size-full\" src=\"https:\/\/congtybinhminh.com\/wp-content\/uploads\/2023\/06\/may-rang-ngu-coc_result222.webp\" alt=\"may-rang-ngu-coc_result222\" width=\"800\" height=\"600\" srcset=\"https:\/\/congtybinhminh.com\/wp-content\/uploads\/2023\/06\/may-rang-ngu-coc_result222.webp 800w, https:\/\/congtybinhminh.com\/wp-content\/uploads\/2023\/06\/may-rang-ngu-coc_result222-533x400.webp 533w, https:\/\/congtybinhminh.com\/wp-content\/uploads\/2023\/06\/may-rang-ngu-coc_result222-768x576.webp 768w, https:\/\/congtybinhminh.com\/wp-content\/uploads\/2023\/06\/may-rang-ngu-coc_result222-510x383.webp 510w\" sizes=\"auto, (max-width: 800px) 100vw, 800px\" \/><\/p>\n<p>V\u1ec7 sinh tr\u01b0\u1edbc v\u00e0 sau khi s\u1eed d\u1ee5ng, v\u1edbi c\u00e1c v\u1ebft b\u1ea9n c\u1ee9ng \u0111\u1ea7u b\u00e0 con c\u00f3 th\u1ec3 s\u1eed d\u1ee5ng kh\u0103n \u1ea9m \u0111\u1ec3 lau l\u1ed3ng rang r\u1ed3i cho m\u00e1y ch\u1ea1y kh\u00f4, tuy\u1ec7t \u0111\u1ed1i kh\u00f4ng \u0111\u01b0\u1ee3c \u0111\u1ed5 n\u01b0\u1edbc hay s\u1eed d\u1ee5ng ch\u1ea5t t\u1ea9y r\u1eeda v\u00e0o l\u1ed3ng rang.<\/p>\n<h2>\u0110\u1ecba ch\u1ec9 mua m\u00e1y rang h\u1ea1t \u0111a n\u0103ng R50 inox gi\u00e1 g\u1ed1c t\u1ea1i x\u01b0\u1edfng<\/h2>\n<p>\u0110\u1ec3 \u0111\u1eb7t mua h\u00e0ng ch\u00ednh h\u00e3ng, b\u00e0 con c\u00f3 th\u1ec3 \u0111\u1ebfn tr\u1ee5 s\u1edf g\u1ea7n nh\u1ea5t c\u1ee7a c\u00f4ng ty \u0111\u1ec3 xem v\u00e0 \u0111\u1eb7t mua h\u00e0ng:<\/p>\n<ul>\n<li>Tr\u1ee5 s\u1edf ch\u00ednh: P. L\u00ea L\u1ee3i &#8211; Tx S\u01a1n T\u00e2y &#8211; H\u00e0 N\u1ed9i<\/li>\n<li>Chi nh\u00e1nh mi\u1ec1n Nam: x\u00e3 T\u00e2n Ki\u00ean &#8211; H. B\u00ecnh Ch\u00e1nh &#8211; Tp H\u1ed3 Ch\u00ed Minh<\/li>\n<\/ul>\n<p><img loading=\"lazy\" decoding=\"async\" class=\"aligncenter wp-image-9755 size-full\" src=\"https:\/\/congtybinhminh.com\/wp-content\/uploads\/2023\/06\/dia-chi-mua-may-rang-hatcopy-2_result222.webp\" alt=\"dia-chi-mua-may-rang-hatcopy 2_result222\" width=\"800\" height=\"1139\" srcset=\"https:\/\/congtybinhminh.com\/wp-content\/uploads\/2023\/06\/dia-chi-mua-may-rang-hatcopy-2_result222.webp 800w, https:\/\/congtybinhminh.com\/wp-content\/uploads\/2023\/06\/dia-chi-mua-may-rang-hatcopy-2_result222-281x400.webp 281w, https:\/\/congtybinhminh.com\/wp-content\/uploads\/2023\/06\/dia-chi-mua-may-rang-hatcopy-2_result222-562x800.webp 562w, https:\/\/congtybinhminh.com\/wp-content\/uploads\/2023\/06\/dia-chi-mua-may-rang-hatcopy-2_result222-768x1093.webp 768w, https:\/\/congtybinhminh.com\/wp-content\/uploads\/2023\/06\/dia-chi-mua-may-rang-hatcopy-2_result222-510x726.webp 510w\" sizes=\"auto, (max-width: 800px) 100vw, 800px\" \/><\/p>\n<p>Khi \u0111\u1ebfn \u0111\u00e2y, b\u00e0 con s\u1ebd \u0111\u01b0\u1ee3c th\u1eed nghi\u1ec7m v\u1eadn h\u00e0nh m\u00e1y d\u01b0\u1edbi s\u1ef1 h\u01b0\u1edbng d\u1eabn c\u1ee7a \u0111\u1ed9i ng\u0169 k\u1ef9 thu\u1eadt<\/p>\n<p>\u0110\u1ed1i v\u1edbi b\u00e0 con \u1edf xa, c\u00f3 th\u1ec3 li\u00ean h\u1ec7 t\u1edbi s\u1ed1 \u0111i\u1ec7n tho\u1ea1i Hotline tr\u00ean website ho\u1eb7c \u0111\u1ec3 l\u1ea1i l\u1eddi nh\u1eafn \u0111\u1ed9i ng\u0169 t\u01b0 v\u1ea5n s\u1ebd li\u00ean h\u1ec7 t\u1edbi b\u00e0 con trong th\u1eddi gian s\u1edbm nh\u1ea5t<\/p>\n<h2>Th\u00f4ng s\u1ed1 k\u1ef9 thu\u1eadt<\/h2>\n<table border=\"1\" cellspacing=\"1\" cellpadding=\"1\">\n<tbody>\n<tr>\n<td colspan=\"1\" rowspan=\"3\">\u0110\u1ed9ng c\u01a1<\/td>\n<td>C\u00f4ng su\u1ea5t ti\u00eau th\u1ee5 nhi\u1ec7t<\/td>\n<td>21 thanh nhi\u1ec7t ( 800w\/thanh)<\/td>\n<\/tr>\n<tr>\n<td>T\u1ed1c \u0111\u1ed9<\/td>\n<td>\u00a01450 v\/p<\/td>\n<\/tr>\n<tr>\n<td>Ngu\u1ed3n \u0111i\u1ec7n<\/td>\n<td>380V<\/td>\n<\/tr>\n<tr>\n<td>Tr\u1ecdng l\u01b0\u1ee3ng<\/td>\n<td colspan=\"2\" rowspan=\"1\">\u00a0364 kg (nguy\u00ean b\u1ed9)<\/td>\n<\/tr>\n<tr>\n<td>N\u0103ng su\u1ea5t<\/td>\n<td colspan=\"2\" rowspan=\"1\">40 &#8211; 45 kg\/m\u1ebb<\/td>\n<\/tr>\n<tr>\n<td>B\u1ea3o h\u00e0nh<\/td>\n<td colspan=\"2\" rowspan=\"1\">\u00a006 th\u00e1ng<\/td>\n<\/tr>\n<tr>\n<td>K\u00edch th\u01b0\u1edbc (d*c*r)<\/td>\n<td colspan=\"2\" rowspan=\"1\">205*160*95<\/td>\n<\/tr>\n<tr>\n<td>H\u00ecnh th\u1ee9c thanh to\u00e1n<\/td>\n<td colspan=\"2\" rowspan=\"1\">Ti\u1ec1n m\u1eb7t ho\u1eb7c chuy\u1ec3n kho\u1ea3n<\/td>\n<\/tr>\n<\/tbody>\n<\/table>\n<p>&nbsp;<\/p>\n<p>&nbsp;<\/p>\n","protected":false},"excerpt":{"rendered":"<ul>\n<li><strong>H\u00e3ng s\u1ea3n xu\u1ea5t:<\/strong>\u00a0B\u00ecnh Minh<\/li>\n<li><strong>C\u00f4ng su\u1ea5t ti\u00eau th\u1ee5:\u00a0<\/strong>21 thanh nhi\u1ec7t, 800W\/thanh nhi\u1ec7t<\/li>\n<li><strong>Ngu\u1ed3n \u0111i\u1ec7n:<\/strong>\u00a03 pha<\/li>\n<li><strong>N\u0103ng su\u1ea5t:<\/strong>\u00a040 \u2013 50kg\/m\u1ebb<\/li>\n<li><strong>Tr\u1ecdng l\u01b0\u1ee3ng:<\/strong>\u00a0364 kg ( c\u1ea3 \u0111\u1ed9ng c\u01a1)<\/li>\n<li><strong>K\u00edch th\u01b0\u1edbc (D*C*R):<\/strong>\u00a0205*160*95 cm<\/li>\n<li><strong>T\u00ednh n\u0103ng:<\/strong>\u00a0M\u00e1y chuy\u00ean d\u00f9ng rang ch\u00edn gi\u00f2n \u0111\u1ec1u c\u00e1c lo\u1ea1i h\u1ea1t ng\u0169 c\u1ed1c, \u0111\u1ed7 t\u01b0\u01a1ng, g\u1ea1o, h\u1ea1t h\u01b0\u1edbng d\u01b0\u01a1ng\u2026<\/li>\n<\/ul>\n","protected":false},"featured_media":8327,"comment_status":"closed","ping_status":"closed","template":"","meta":[],"product_brand":[],"product_cat":[28],"product_tag":[],"class_list":{"0":"post-8320","1":"product","2":"type-product","3":"status-publish","4":"has-post-thumbnail","6":"product_cat-may-rang","8":"first","9":"instock","10":"shipping-taxable","11":"product-type-simple"},"_links":{"self":[{"href":"https:\/\/congtybinhminh.com\/index.php?rest_route=\/wp\/v2\/product\/8320","targetHints":{"allow":["GET"]}}],"collection":[{"href":"https:\/\/congtybinhminh.com\/index.php?rest_route=\/wp\/v2\/product"}],"about":[{"href":"https:\/\/congtybinhminh.com\/index.php?rest_route=\/wp\/v2\/types\/product"}],"replies":[{"embeddable":true,"href":"https:\/\/congtybinhminh.com\/index.php?rest_route=%2Fwp%2Fv2%2Fcomments&post=8320"}],"wp:featuredmedia":[{"embeddable":true,"href":"https:\/\/congtybinhminh.com\/index.php?rest_route=\/wp\/v2\/media\/8327"}],"wp:attachment":[{"href":"https:\/\/congtybinhminh.com\/index.php?rest_route=%2Fwp%2Fv2%2Fmedia&parent=8320"}],"wp:term":[{"taxonomy":"product_brand","embeddable":true,"href":"https:\/\/congtybinhminh.com\/index.php?rest_route=%2Fwp%2Fv2%2Fproduct_brand&post=8320"},{"taxonomy":"product_cat","embeddable":true,"href":"https:\/\/congtybinhminh.com\/index.php?rest_route=%2Fwp%2Fv2%2Fproduct_cat&post=8320"},{"taxonomy":"product_tag","embeddable":true,"href":"https:\/\/congtybinhminh.com\/index.php?rest_route=%2Fwp%2Fv2%2Fproduct_tag&post=8320"}],"curies":[{"name":"wp","href":"https:\/\/api.w.org\/{rel}","templated":true}]}}