{"id":8308,"date":"2023-06-01T14:30:20","date_gmt":"2023-06-01T07:30:20","guid":{"rendered":"https:\/\/congtybinhminh.com\/?post_type=product&#038;p=8308"},"modified":"2023-06-01T14:33:07","modified_gmt":"2023-06-01T07:33:07","slug":"may-loc-dau-thuc-vat-25l","status":"publish","type":"product","link":"https:\/\/congtybinhminh.com\/?product=may-loc-dau-thuc-vat-25l","title":{"rendered":"M\u00e1y l\u1ecdc d\u1ea7u th\u1ef1c v\u1eadt 25L"},"content":{"rendered":"<h2>Video ho\u1ea1t \u0111\u1ed9ng<\/h2>\n<p><iframe loading=\"lazy\" title=\"B\u00e0n Giao M\u00e1y \u00c9p D\u1ea7u M\u00e8 20-25Kg\/H B\u00ecnh Minh Theo L\u1ef1a Ch\u1ecdn Kh\u00e1ch H\u00e0ng\" width=\"1020\" height=\"574\" src=\"https:\/\/www.youtube.com\/embed\/Qs_fM1XzgtI?start=2&#038;feature=oembed\" frameborder=\"0\" allow=\"accelerometer; autoplay; clipboard-write; encrypted-media; gyroscope; picture-in-picture; web-share\" allowfullscreen><\/iframe><\/p>\n<h2>Gi\u1edbi thi\u1ec7u m\u00e1y l\u1ecdc d\u1ea7u th\u1ef1c v\u1eadt 25L<\/h2>\n<p>Th\u00f4ng th\u01b0\u1eddng sau qu\u00e1 tr\u00ecnh s\u1ea3n xu\u1ea5t d\u1ea7u th\u00f4 t\u1eeb\u00a0<strong>m\u00e1y \u00e9p d\u1ea7u<\/strong>, d\u1ea7u th\u00f4 th\u01b0\u1eddng ch\u1ee9a c\u00e1c c\u1eb7n v\u1ea9n v\u00e0 t\u1ea1p ch\u1ea5t, kh\u00f4ng nh\u1eefng v\u1eady so v\u1edbi vi\u1ec7c s\u1eed d\u1ee5ng ph\u01b0\u01a1ng ph\u00e1p th\u1ee7 c\u00f4ng \u0111\u1ec3 d\u1ea7u t\u1ef1 l\u1eafng \u0111\u1ecdng s\u1ebd m\u1ea5t r\u1ea5t nhi\u1ec1u th\u1eddi gian.<\/p>\n<figure id=\"attachment_8315\" aria-describedby=\"caption-attachment-8315\" style=\"width: 800px\" class=\"wp-caption aligncenter\"><img loading=\"lazy\" decoding=\"async\" class=\"wp-image-8315 size-full\" src=\"https:\/\/congtybinhminh.com\/wp-content\/uploads\/2023\/06\/may-loc-dau-25-lit.webp\" alt=\"\" width=\"800\" height=\"600\" srcset=\"https:\/\/congtybinhminh.com\/wp-content\/uploads\/2023\/06\/may-loc-dau-25-lit.webp 800w, https:\/\/congtybinhminh.com\/wp-content\/uploads\/2023\/06\/may-loc-dau-25-lit-510x383.webp 510w, https:\/\/congtybinhminh.com\/wp-content\/uploads\/2023\/06\/may-loc-dau-25-lit-533x400.webp 533w, https:\/\/congtybinhminh.com\/wp-content\/uploads\/2023\/06\/may-loc-dau-25-lit-768x576.webp 768w\" sizes=\"auto, (max-width: 800px) 100vw, 800px\" \/><figcaption id=\"caption-attachment-8315\" class=\"wp-caption-text\">M\u00e1y l\u1ecdc d\u1ea7u th\u1ef1c v\u1eadt 25L<\/figcaption><\/figure>\n<p>Nh\u1eb1m gi\u1ea3i quy\u1ebft v\u1ea5n \u0111\u1ec1 \u0111\u00f3, C\u00f4ng ty B\u00ecnh Minh \u0111\u00e3 ch\u1ebf t\u1ea1o v\u00e0 s\u1ea3n xu\u1ea5t ra d\u00f2ng m\u00e1y l\u1ecdc d\u1ea7u th\u1ef1c v\u1eadt 25L g\u00f3p ph\u1ea7n t\u0103ng n\u0103ng su\u1ea5t, \u0111\u1ea3m b\u1ea3o ch\u1ea5t l\u01b0\u1ee3ng 100% c\u1ee7a th\u00e0nh ph\u1ea9m.<\/p>\n<h2>\u01afu \u0111i\u1ec3m c\u1ee7a m\u00e1y l\u1ecdc d\u1ea7u th\u1ef1c v\u1eadt 25L<\/h2>\n<p>M\u00e1y \u0111\u01b0\u1ee3c thi\u1ebft k\u1ebf nh\u1ecf g\u1ecdn, kh\u00f4ng chi\u1ebfm nhi\u1ec1u di\u1ec7n t\u00edch. L\u1eafp \u0111\u1eb7t 4 b\u00e1nh xe thu\u1eadn ti\u1ec7n cho qu\u00e1 tr\u00ecnh di chuy\u1ec3n m\u00e1y.<\/p>\n<p>M\u00e1y s\u1eed d\u1ee5ng ngu\u1ed3n \u0111i\u1ec7n 220V\u00a0 1pha, th\u00edch h\u1ee3p v\u1edbi m\u1ecdi h\u1ed9 gia \u0111\u00ecnh.<\/p>\n<figure id=\"attachment_8316\" aria-describedby=\"caption-attachment-8316\" style=\"width: 800px\" class=\"wp-caption aligncenter\"><img loading=\"lazy\" decoding=\"async\" class=\"wp-image-8316 size-full\" src=\"https:\/\/congtybinhminh.com\/wp-content\/uploads\/2023\/06\/thanh-pham.webp\" alt=\"\" width=\"800\" height=\"600\" srcset=\"https:\/\/congtybinhminh.com\/wp-content\/uploads\/2023\/06\/thanh-pham.webp 800w, https:\/\/congtybinhminh.com\/wp-content\/uploads\/2023\/06\/thanh-pham-510x383.webp 510w, https:\/\/congtybinhminh.com\/wp-content\/uploads\/2023\/06\/thanh-pham-533x400.webp 533w, https:\/\/congtybinhminh.com\/wp-content\/uploads\/2023\/06\/thanh-pham-768x576.webp 768w\" sizes=\"auto, (max-width: 800px) 100vw, 800px\" \/><figcaption id=\"caption-attachment-8316\" class=\"wp-caption-text\">Th\u00e0nh ph\u1ea9m d\u1ea7u \u0103n sau khi l\u1ecdc<\/figcaption><\/figure>\n<p>H\u1ed7 tr\u1ee3 l\u1ecdc m\u1ecdi c\u1eb7n v\u1ea9n \u0111\u1ec3 cho ra th\u00e0nh ph\u1ea9m d\u1ea7u trong v\u1eaft.<\/p>\n<h2>C\u1ea5u t\u1ea1o m\u00e1y l\u1ecdc d\u1ea7u th\u1ef1c v\u1eadt 25L<\/h2>\n<p>M\u00e1y \u0111\u01b0\u1ee3c thi\u1ebft k\u1ebf ch\u1eafc ch\u1eafn, \u0111\u1ea3m b\u1ea3o thu\u1eadn l\u1ee3i cho qu\u00e1 tr\u00ecnh m\u00e1y v\u1eadn h\u00e0nh. Thi\u1ebft k\u1ebf d\u1ea1ng h\u1ed9p \u0111\u1ee9ng c\u00f9ng 4 b\u00e1nh xe di chuy\u1ec3n t\u1edbi m\u1ecdi n\u01a1i.<\/p>\n<h3>Bu\u1ed3ng l\u00e0m vi\u1ec7c<\/h3>\n<p>Ng\u01b0\u1eddi d\u00f9ng s\u1ebd cho l\u01b0\u1ee3ng d\u1ea7u c\u1ea7n s\u00e0ng l\u1ecdc nh\u01b0: d\u1ea7u l\u1ea1c, d\u1ea7u v\u1eebng, d\u1ea7u g\u1ea5c, d\u1ea7u \u0111\u1eadu t\u01b0\u01a1ng.\u2026v\u00e0o trong bu\u1ed3ng l\u00e0m vi\u1ec7c c\u1ee7a m\u00e1y<\/p>\n<figure id=\"attachment_8317\" aria-describedby=\"caption-attachment-8317\" style=\"width: 800px\" class=\"wp-caption aligncenter\"><img loading=\"lazy\" decoding=\"async\" class=\"wp-image-8317 size-full\" src=\"https:\/\/congtybinhminh.com\/wp-content\/uploads\/2023\/06\/Buong-lam-viec-2.webp\" alt=\"\" width=\"800\" height=\"600\" srcset=\"https:\/\/congtybinhminh.com\/wp-content\/uploads\/2023\/06\/Buong-lam-viec-2.webp 800w, https:\/\/congtybinhminh.com\/wp-content\/uploads\/2023\/06\/Buong-lam-viec-2-510x383.webp 510w, https:\/\/congtybinhminh.com\/wp-content\/uploads\/2023\/06\/Buong-lam-viec-2-533x400.webp 533w, https:\/\/congtybinhminh.com\/wp-content\/uploads\/2023\/06\/Buong-lam-viec-2-768x576.webp 768w\" sizes=\"auto, (max-width: 800px) 100vw, 800px\" \/><figcaption id=\"caption-attachment-8317\" class=\"wp-caption-text\">B\u00ean trong bu\u1ed3ng l\u00e0m vi\u1ec7c<\/figcaption><\/figure>\n<p>Bu\u1ed3ng l\u1ecdc d\u1ea7u g\u1ed3m 2 ng\u0103n \u0111\u01b0\u1ee3c ng\u0103n c\u00e1ch nh\u1edd t\u1ea5m v\u1ea3i l\u1ecdc, t\u1eeb \u0111\u00f3 c\u00e1c c\u1eb7n d\u1ea7u \u0111\u1ec1u \u0111\u01b0\u1ee3c l\u1ecdc s\u1ea1ch. T\u1ea5m s\u00e0ng l\u1ecdc l\u00e0m b\u1eb1ng ch\u1ea5t li\u1ec7u inox \u0111\u1ea3m b\u1ea3o v\u1ec7 sinh th\u1ef1c ph\u1ea9m.<\/p>\n<h3>B\u00ecnh n\u00e9n kh\u00ed t\u1ea1o \u00e1p su\u1ea5t<\/h3>\n<p>N\u1eafp n\u1ed3i \u0111\u01b0\u1ee3c thi\u1ebft k\u1ebf 6 tay kh\u00f3a ch\u1eafc ch\u1eafn c\u00f9ng van x\u1ea3 kh\u00ed gi\u00fap cho kh\u00f4ng kh\u00ed b\u00ean ngo\u00e0i kh\u00f4ng th\u1ec3 l\u01b0u th\u00f4ng v\u00e0o trong bu\u1ed3ng l\u00e0m vi\u1ec7c.<\/p>\n<p><img loading=\"lazy\" decoding=\"async\" class=\"aligncenter wp-image-8318 size-full\" src=\"https:\/\/congtybinhminh.com\/wp-content\/uploads\/2023\/06\/nap-noi-voi-6-tay-khoa.webp\" alt=\"\" width=\"800\" height=\"600\" srcset=\"https:\/\/congtybinhminh.com\/wp-content\/uploads\/2023\/06\/nap-noi-voi-6-tay-khoa.webp 800w, https:\/\/congtybinhminh.com\/wp-content\/uploads\/2023\/06\/nap-noi-voi-6-tay-khoa-510x383.webp 510w, https:\/\/congtybinhminh.com\/wp-content\/uploads\/2023\/06\/nap-noi-voi-6-tay-khoa-533x400.webp 533w, https:\/\/congtybinhminh.com\/wp-content\/uploads\/2023\/06\/nap-noi-voi-6-tay-khoa-768x576.webp 768w\" sizes=\"auto, (max-width: 800px) 100vw, 800px\" \/><\/p>\n<p>H\u1ec7 th\u1ed1ng b\u01a1m h\u01a1i c\u00f3 t\u00e1c d\u1ee5ng \u0111i\u1ec1u ch\u1ec9nh t\u0103ng \u00e1p xu\u1ea5t,\u00a0 sau \u0111\u00f3 n\u00e9n kh\u00ed \u0111\u1ea9y l\u01b0\u1ee3ng d\u1ea7u qua m\u00e0ng l\u1ecdc (\u0111\u1ec3 l\u1ecdc s\u1ea1ch m\u1ecdi c\u1eb7n b\u00e3 cho ra th\u00e0nh ph\u1ea9m l\u01b0\u1ee3ng d\u1ea7u trong, m\u00e0u s\u1eafc v\u00e0ng \u00f3ng, \u0111\u1eb9p m\u1eaft)<\/p>\n<figure id=\"attachment_8319\" aria-describedby=\"caption-attachment-8319\" style=\"width: 800px\" class=\"wp-caption aligncenter\"><img loading=\"lazy\" decoding=\"async\" class=\"wp-image-8319 size-full\" src=\"https:\/\/congtybinhminh.com\/wp-content\/uploads\/2023\/06\/binh-nen-khi.webp\" alt=\"\" width=\"800\" height=\"600\" srcset=\"https:\/\/congtybinhminh.com\/wp-content\/uploads\/2023\/06\/binh-nen-khi.webp 800w, https:\/\/congtybinhminh.com\/wp-content\/uploads\/2023\/06\/binh-nen-khi-510x383.webp 510w, https:\/\/congtybinhminh.com\/wp-content\/uploads\/2023\/06\/binh-nen-khi-533x400.webp 533w, https:\/\/congtybinhminh.com\/wp-content\/uploads\/2023\/06\/binh-nen-khi-768x576.webp 768w\" sizes=\"auto, (max-width: 800px) 100vw, 800px\" \/><figcaption id=\"caption-attachment-8319\" class=\"wp-caption-text\">B\u00ecnh n\u00e9n kh\u00ed<\/figcaption><\/figure>\n<h2>Nguy\u00ean l\u00fd ho\u1ea1t \u0111\u1ed9ng c\u1ee7a m\u00e1y<\/h2>\n<p>\u0110\u1ed5 l\u01b0\u1ee3ng d\u1ea7u th\u1ef1c v\u1eadt sau khi \u00e9p c\u00f3 l\u1eabn t\u1ea1p ch\u1ea5t v\u00e0o khoang ch\u1ee9a d\u1ea7u r\u1ed3i \u0111\u1eady n\u1eafp v\u00e0 c\u00e0i 6 tay kh\u00f3a ch\u1eafc ch\u1eafn, si\u1ebft ch\u1eb7t theo h\u01b0\u1edbng \u0111\u1ed1i l\u1eadp nhau \u0111\u1ec3 tr\u00e1nh cong v\u00eanh n\u1eafp.<\/p>\n<p>M\u1edf van \u0111\u1ea9y kh\u00ed t\u1eeb t\u1eeb cho kh\u00ed n\u00e9n t\u1eeb ph\u00eda trong b\u00ecnh n\u00e9n \u0111i v\u00e0o khoang ch\u1ee9a d\u1ea7u. Th\u00e0nh ph\u1ea9m d\u1ea7u th\u1ef1c v\u1eadt s\u1ebd \u0111\u01b0\u1ee3c t\u1ea5m v\u1ea3i l\u1ecdc l\u01b0u h\u1ebft ph\u1ea7n c\u1eb7n, ph\u1ea7n d\u1ea7u trong s\u1ebd ch\u1ea1y xu\u1ed1ng ph\u00eda d\u01b0\u1edbi v\u00e0 \u0111i ra ngo\u00e0i qua \u1ed1ng x\u1ea3.<\/p>\n<h2>Th\u00f4ng s\u1ed1 k\u1ef9 thu\u1eadt<\/h2>\n<table border=\"1\" cellspacing=\"1\" cellpadding=\"1\">\n<tbody>\n<tr>\n<td>Ngu\u1ed3n \u0111i\u1ec7n<\/td>\n<td>220V<\/td>\n<\/tr>\n<tr>\n<td>Tr\u1ecdng l\u01b0\u1ee3ng nguy\u00ean b\u1ed9<\/td>\n<td>120kg<\/td>\n<\/tr>\n<tr>\n<td>N\u0103ng su\u1ea5t<\/td>\n<td>10 &#8211; 15 l\u00edt\/gi\u1edd<\/td>\n<\/tr>\n<tr>\n<td>K\u00edch th\u01b0\u1edbc (D*C*R)<\/td>\n<td><span style=\"font-family: Times New Roman, Times, serif\">80 * 105 * 66cm<\/span><\/td>\n<\/tr>\n<tr>\n<td>B\u1ea3o h\u00e0nh<\/td>\n<td>06 th\u00e1ng<\/td>\n<\/tr>\n<\/tbody>\n<\/table>\n","protected":false},"excerpt":{"rendered":"<ul>\n<li><strong>H\u00e3ng s\u1ea3n xu\u1ea5t :<\/strong> B\u00ecnh Minh<\/li>\n<li><strong>\u0110i\u1ec7n n\u0103ng :<\/strong>\u00a0220V<\/li>\n<li><strong>N\u0103ng su\u1ea5t :<\/strong> 10 \u2013 15 l\u00edt<\/li>\n<li><strong>K\u00edch th\u01b0\u1edbc (d*c*r) :<\/strong> 80*105*66 cm<\/li>\n<li><strong>T\u00ednh n\u0103ng :<\/strong>\u00a0M\u00e1y chuy\u00ean d\u00f9ng l\u1ecdc c\u1eb7n d\u1ea7u \u00e9p v\u00e0 cho ra l\u01b0\u1ee3ng d\u1ea7u \u0103n s\u1ea1ch nhanh ch\u00f3ng<\/li>\n<\/ul>\n","protected":false},"featured_media":8309,"comment_status":"closed","ping_status":"closed","template":"","meta":[],"product_brand":[],"product_cat":[30],"product_tag":[],"class_list":{"0":"post-8308","1":"product","2":"type-product","3":"status-publish","4":"has-post-thumbnail","6":"product_cat-may-loc-dau","8":"first","9":"instock","10":"shipping-taxable","11":"product-type-simple"},"_links":{"self":[{"href":"https:\/\/congtybinhminh.com\/index.php?rest_route=\/wp\/v2\/product\/8308","targetHints":{"allow":["GET"]}}],"collection":[{"href":"https:\/\/congtybinhminh.com\/index.php?rest_route=\/wp\/v2\/product"}],"about":[{"href":"https:\/\/congtybinhminh.com\/index.php?rest_route=\/wp\/v2\/types\/product"}],"replies":[{"embeddable":true,"href":"https:\/\/congtybinhminh.com\/index.php?rest_route=%2Fwp%2Fv2%2Fcomments&post=8308"}],"wp:featuredmedia":[{"embeddable":true,"href":"https:\/\/congtybinhminh.com\/index.php?rest_route=\/wp\/v2\/media\/8309"}],"wp:attachment":[{"href":"https:\/\/congtybinhminh.com\/index.php?rest_route=%2Fwp%2Fv2%2Fmedia&parent=8308"}],"wp:term":[{"taxonomy":"product_brand","embeddable":true,"href":"https:\/\/congtybinhminh.com\/index.php?rest_route=%2Fwp%2Fv2%2Fproduct_brand&post=8308"},{"taxonomy":"product_cat","embeddable":true,"href":"https:\/\/congtybinhminh.com\/index.php?rest_route=%2Fwp%2Fv2%2Fproduct_cat&post=8308"},{"taxonomy":"product_tag","embeddable":true,"href":"https:\/\/congtybinhminh.com\/index.php?rest_route=%2Fwp%2Fv2%2Fproduct_tag&post=8308"}],"curies":[{"name":"wp","href":"https:\/\/api.w.org\/{rel}","templated":true}]}}