{"id":8298,"date":"2023-06-01T10:11:33","date_gmt":"2023-06-01T03:11:33","guid":{"rendered":"https:\/\/congtybinhminh.com\/?post_type=product&#038;p=8298"},"modified":"2026-01-12T08:52:14","modified_gmt":"2026-01-12T01:52:14","slug":"may-xay-ep-nuoc-cot-lien-hoan","status":"publish","type":"product","link":"https:\/\/congtybinhminh.com\/?product=may-xay-ep-nuoc-cot-lien-hoan","title":{"rendered":"M\u00e1y xay \u00e9p n\u01b0\u1edbc c\u1ed1t li\u00ean ho\u00e0n"},"content":{"rendered":"<h2>Xem video tr\u1ef1c ti\u1ebfp t\u1ea1i \u0111\u00e2y:<\/h2>\n<p><iframe loading=\"lazy\" title=\"M\u00e1y Xay \u00c9p N\u01b0\u1edbc C\u1ed1t Li\u00ean Ho\u00e0n Th\u1ebf H\u1ec7 M\u1edbi Hi\u1ec7u Qu\u1ea3 \u00c9p Ki\u1ec7t H\u01a1n 99%\" width=\"1020\" height=\"574\" src=\"https:\/\/www.youtube.com\/embed\/uMD3UCgVQ-o?feature=oembed\" frameborder=\"0\" allow=\"accelerometer; autoplay; clipboard-write; encrypted-media; gyroscope; picture-in-picture; web-share\" referrerpolicy=\"strict-origin-when-cross-origin\" allowfullscreen><\/iframe><\/p>\n<h2>Gi\u1edbi thi\u1ec7u m\u00e1y xay \u00e9p n\u01b0\u1edbc c\u1ed1t li\u00ean ho\u00e0n inox<\/h2>\n<p>M\u00e1y xay \u00e9p n\u01b0\u1edbc c\u1ed1t li\u00ean ho\u00e0n inox cao c\u1ea5p t\u00edch h\u1ee3p 2 t\u00ednh n\u0103ng &#8221;xay nh\u1ecf &#8211; \u00e9p ki\u1ec7t&#8221; c\u00e1c lo\u1ea1i rau c\u1ee7 qu\u1ea3 nh\u01b0: rau b\u1eafp c\u1ea3i; d\u01b0a h\u1ea5u; b\u00ed \u0111ao; c\u00e0 r\u1ed1t.. m\u00e0 kh\u00f4ng c\u1ea7n ph\u1ea3i th\u00e1i nh\u1ecf tr\u01b0\u1edbc<\/p>\n<p><img loading=\"lazy\" decoding=\"async\" class=\"aligncenter wp-image-11153 size-full\" src=\"https:\/\/congtybinhminh.com\/wp-content\/uploads\/2023\/06\/may-xay-ep-nuoc-cot-lien-hoan-inox_result.webp\" alt=\"may-xay-ep-nuoc-cot-lien-hoan-inox_result\" width=\"800\" height=\"1046\" srcset=\"https:\/\/congtybinhminh.com\/wp-content\/uploads\/2023\/06\/may-xay-ep-nuoc-cot-lien-hoan-inox_result.webp 800w, https:\/\/congtybinhminh.com\/wp-content\/uploads\/2023\/06\/may-xay-ep-nuoc-cot-lien-hoan-inox_result-306x400.webp 306w, https:\/\/congtybinhminh.com\/wp-content\/uploads\/2023\/06\/may-xay-ep-nuoc-cot-lien-hoan-inox_result-612x800.webp 612w, https:\/\/congtybinhminh.com\/wp-content\/uploads\/2023\/06\/may-xay-ep-nuoc-cot-lien-hoan-inox_result-768x1004.webp 768w, https:\/\/congtybinhminh.com\/wp-content\/uploads\/2023\/06\/may-xay-ep-nuoc-cot-lien-hoan-inox_result-510x667.webp 510w\" sizes=\"auto, (max-width: 800px) 100vw, 800px\" \/><\/p>\n<p>\u00c9p ki\u1ec7t \u0111a d\u1ea1ng c\u00e1c lo\u1ea1i rau c\u1ee7 qu\u1ea3 l\u00ean t\u1edbi 95 &#8211; 98% cho n\u0103ng su\u1ea5t \u0111\u1ea1t t\u1eeb 200 &#8211; 400 kg\/gi\u1edd<\/p>\n<h2><span id=\"Uu_diem_cua_may_xay_ep_nuoc_cot_lien_hoan_Inox\" class=\"ez-toc-section\"><\/span>\u01afu \u0111i\u1ec3m c\u1ee7a m\u00e1y xay \u00e9p n\u01b0\u1edbc c\u1ed1t li\u00ean ho\u00e0n Inox<\/h2>\n<p>\u2714\ufe0f Nguy\u00ean li\u1ec7u \u00e9p \u0111a d\u1ea1ng c\u00e1c lo\u1ea1i rau c\u1ee7 qu\u1ea3: b\u1eafp c\u1ea3i; c\u1ee7 c\u00e0 r\u1ed1t; c\u1ee7 c\u00e1i tr\u1eafng..<\/p>\n<p>\u2714\ufe0f M\u00e1y \u0111\u01b0\u1ee3c l\u1eafp \u0111\u1eb7t \u0111\u1ed9ng c\u01a1 3kw d\u00f9ng \u0111i\u1ec7n gia \u0111\u00ecnh 220V motor l\u00f5i d\u00e2y \u0111\u1ed3ng 100%. K\u1ebft h\u1ee3p v\u1edbi h\u1ed9p s\u1ed1 gi\u1ea3m t\u1ed1c gi\u00fap m\u00e1y ch\u1ea1y kh\u1ecfe v\u00e0 \u1ed5n \u0111\u1ecbnh h\u01a1n.<\/p>\n<p><img loading=\"lazy\" decoding=\"async\" class=\"aligncenter wp-image-11159 size-full\" src=\"https:\/\/congtybinhminh.com\/wp-content\/uploads\/2023\/06\/may-xay-ep-nuoc-cot-inox_result-1.webp\" alt=\"may-xay-ep-nuoc-cot-inox_result\" width=\"800\" height=\"893\" srcset=\"https:\/\/congtybinhminh.com\/wp-content\/uploads\/2023\/06\/may-xay-ep-nuoc-cot-inox_result-1.webp 800w, https:\/\/congtybinhminh.com\/wp-content\/uploads\/2023\/06\/may-xay-ep-nuoc-cot-inox_result-1-358x400.webp 358w, https:\/\/congtybinhminh.com\/wp-content\/uploads\/2023\/06\/may-xay-ep-nuoc-cot-inox_result-1-717x800.webp 717w, https:\/\/congtybinhminh.com\/wp-content\/uploads\/2023\/06\/may-xay-ep-nuoc-cot-inox_result-1-768x857.webp 768w, https:\/\/congtybinhminh.com\/wp-content\/uploads\/2023\/06\/may-xay-ep-nuoc-cot-inox_result-1-510x569.webp 510w\" sizes=\"auto, (max-width: 800px) 100vw, 800px\" \/><\/p>\n<p>\u2714\ufe0f M\u00e1y c\u00f3 c\u00f4ng t\u1eafc t\u1eaft\/m\u1edf b\u1eb1ng aptomat ti\u1ec7n l\u1ee3i v\u00e0 d\u1ec5 s\u1eed d\u1ee5ng. M\u00e1y \u0111\u01b0\u1ee3c s\u1eed d\u1ee5ng \u0111i\u1ec7n gia \u0111\u00ecnh 220V ph\u00f9 h\u1ee3p v\u1edbi m\u1ecdi h\u1ed9 gia \u0111\u00ecnh kinh doanh, x\u01b0\u1edfng s\u1ea3n xu\u1ea5t v\u00e0 ch\u1ebf bi\u1ebfn.<br \/>\n\u2714\ufe0f N\u0103ng su\u1ea5t m\u00e1y si\u00eau cao, l\u00ean t\u1edbi <strong>200-400kg\/gi\u1edd<\/strong>.<\/p>\n<h2><span id=\"Cau_tao_cua_may_xay_ep_nuoc_cot_lien_hoan\" class=\"ez-toc-section\"><\/span>C\u1ea5u t\u1ea1o c\u1ee7a m\u00e1y xay \u00e9p n\u01b0\u1edbc c\u1ed1t li\u00ean ho\u00e0n<\/h2>\n<h3><span id=\"Cau_tao_chung\" class=\"ez-toc-section\"><\/span>C\u1ea5u t\u1ea1o chung<\/h3>\n<p>Thi\u1ebft k\u1ebf hi\u1ec7n \u0111\u1ea1i, m\u00e1y \u00e9p \u0111\u01b0\u1ee3c l\u00e0m b\u1eb1ng inox cao c\u1ea5p kh\u00f4ng ch\u1ec9 \u0111\u1ea3m b\u1ea3o v\u1ec7 sinh m\u00e0 c\u00f2n t\u0103ng tu\u1ed5i th\u1ecd c\u1ee7a m\u00e1y<\/p>\n<p><img loading=\"lazy\" decoding=\"async\" class=\"aligncenter wp-image-8300 size-full\" src=\"https:\/\/congtybinhminh.com\/wp-content\/uploads\/2023\/06\/may-ep-nuoc-cot-lien-hoan-2.webp\" alt=\"\" width=\"800\" height=\"600\" srcset=\"https:\/\/congtybinhminh.com\/wp-content\/uploads\/2023\/06\/may-ep-nuoc-cot-lien-hoan-2.webp 800w, https:\/\/congtybinhminh.com\/wp-content\/uploads\/2023\/06\/may-ep-nuoc-cot-lien-hoan-2-510x383.webp 510w, https:\/\/congtybinhminh.com\/wp-content\/uploads\/2023\/06\/may-ep-nuoc-cot-lien-hoan-2-533x400.webp 533w, https:\/\/congtybinhminh.com\/wp-content\/uploads\/2023\/06\/may-ep-nuoc-cot-lien-hoan-2-768x576.webp 768w\" sizes=\"auto, (max-width: 800px) 100vw, 800px\" \/><\/p>\n<p>&nbsp;<\/p>\n<p>Bao b\u1ecdc ph\u1ea7n khung m\u00e1y \u0111\u01b0\u1ee3c h\u00e0n g\u1eafn ch\u1eafc ch\u1eafn kh\u00f4ng g\u00e2y rung l\u1eafc, ph\u00eda d\u01b0\u1edbi ch\u00e2n m\u00e1y l\u1eafp \u0111\u1eb7t 4 b\u00e1nh xe thu\u1eadn ti\u1ec7n di chuy\u1ec3n v\u1ecb tr\u00ed \u0111\u1eb7t m\u00e1y<\/p>\n<h3><span id=\"Toa_nap_nguyen_lieu\" class=\"ez-toc-section\"><\/span>Toa n\u1ea1p nguy\u00ean li\u1ec7u<\/h3>\n<p>Ph\u1ea7n toa n\u1ea1p d\u1ea1ng \u0111\u1ee9ng h\u01b0\u1edbng d\u1ed1c n\u1ed1i li\u1ec1n xu\u1ed1ng c\u00e1c l\u01b0\u1ee1i dao xay &#8211; b\u0103m nh\u1ecf nguy\u00ean li\u1ec7u.<\/p>\n<p><img loading=\"lazy\" decoding=\"async\" class=\"aligncenter wp-image-8304 size-full\" src=\"https:\/\/congtybinhminh.com\/wp-content\/uploads\/2023\/06\/toa-nap-nguyen-lieu-1.webp\" alt=\"\" width=\"800\" height=\"600\" srcset=\"https:\/\/congtybinhminh.com\/wp-content\/uploads\/2023\/06\/toa-nap-nguyen-lieu-1.webp 800w, https:\/\/congtybinhminh.com\/wp-content\/uploads\/2023\/06\/toa-nap-nguyen-lieu-1-510x383.webp 510w, https:\/\/congtybinhminh.com\/wp-content\/uploads\/2023\/06\/toa-nap-nguyen-lieu-1-533x400.webp 533w, https:\/\/congtybinhminh.com\/wp-content\/uploads\/2023\/06\/toa-nap-nguyen-lieu-1-768x576.webp 768w\" sizes=\"auto, (max-width: 800px) 100vw, 800px\" \/><\/p>\n<p>Ph\u00eda tr\u01b0\u1edbc c\u1eeda n\u1ea1p c\u00f2n \u0111\u01b0\u1ee3c thi\u1ebft k\u1ebf th\u00eam t\u1ea5m ng\u0103n nh\u1ef1a d\u1ebbo, gi\u00fap trong qu\u00e1 tr\u00ecnh xay nguy\u00ean li\u1ec7u kh\u00f4ng b\u1ecb b\u1eafn ng\u01b0\u1ee3c ra ngo\u00e0i.<\/p>\n<h3><span id=\"Buong_lam_viec\" class=\"ez-toc-section\"><\/span>Bu\u1ed3ng l\u00e0m vi\u1ec7c<\/h3>\n<p>\u0110\u01b0\u1ee3c thi\u1ebft k\u1ebf 2 bu\u1ed3ng l\u00e0m vi\u1ec7c ri\u00eang bi\u1ec7t:<\/p>\n<ul>\n<li>M\u1ed9t bu\u1ed3ng d\u00f9ng \u0111\u1ec3 xay nh\u1ecf nguy\u00ean li\u1ec7u<\/li>\n<li>M\u1ed9t bu\u1ed3ng \u0111\u1ec3 \u00e9p l\u1ea5y n\u01b0\u1edbc.<\/li>\n<\/ul>\n<p>Bu\u1ed3ng xay s\u1ebd bao g\u1ed3m c\u00e1c l\u01b0\u1ee1i dao b\u0103m \u0111\u01b0\u1ee3c l\u00e0m b\u1eb1ng inox t\u1ea1o ra s\u1ee9c va \u0111\u1eadp cho nguy\u00ean li\u1ec7u \u0111\u1ec3 nghi\u1ec1n nh\u1ecf.<\/p>\n<p><img loading=\"lazy\" decoding=\"async\" class=\"size-full wp-image-8305 aligncenter\" src=\"https:\/\/congtybinhminh.com\/wp-content\/uploads\/2023\/06\/buong-lam-viec-1.webp\" alt=\"\" width=\"800\" height=\"400\" srcset=\"https:\/\/congtybinhminh.com\/wp-content\/uploads\/2023\/06\/buong-lam-viec-1.webp 800w, https:\/\/congtybinhminh.com\/wp-content\/uploads\/2023\/06\/buong-lam-viec-1-510x255.webp 510w, https:\/\/congtybinhminh.com\/wp-content\/uploads\/2023\/06\/buong-lam-viec-1-768x384.webp 768w\" sizes=\"auto, (max-width: 800px) 100vw, 800px\" \/><\/p>\n<p>Sau \u0111\u00f3, nguy\u00ean li\u1ec7u s\u1ebd \u0111i xu\u1ed1ng tr\u1ee5c \u00e9p, tr\u1ee5c \u00e9p thi\u1ebft k\u1ebf d\u1ea1ng xo\u1eafn th\u00f4ng qua tay quay si\u1ebft ch\u1eb7t v\u00e0 \u00e9p ki\u1ec7t n\u01b0\u1edbc c\u1ed1t c\u00f3 trong nguy\u00ean li\u1ec7u<\/p>\n<p><img loading=\"lazy\" decoding=\"async\" class=\"aligncenter wp-image-11157 size-full\" src=\"https:\/\/congtybinhminh.com\/wp-content\/uploads\/2023\/06\/truc-xoan-ep_result.webp\" alt=\"truc-xoan-ep_result\" width=\"800\" height=\"555\" srcset=\"https:\/\/congtybinhminh.com\/wp-content\/uploads\/2023\/06\/truc-xoan-ep_result.webp 800w, https:\/\/congtybinhminh.com\/wp-content\/uploads\/2023\/06\/truc-xoan-ep_result-577x400.webp 577w, https:\/\/congtybinhminh.com\/wp-content\/uploads\/2023\/06\/truc-xoan-ep_result-768x533.webp 768w, https:\/\/congtybinhminh.com\/wp-content\/uploads\/2023\/06\/truc-xoan-ep_result-510x354.webp 510w\" sizes=\"auto, (max-width: 800px) 100vw, 800px\" \/><\/p>\n<p>Bao quanh b\u00ean ngo\u00e0i tr\u1ee5c xo\u1eafn l\u00e0 h\u1ec7 th\u1ed1ng l\u01b0\u1edbi l\u1ecdc g\u1ed3m c\u00e1c l\u1ed7 nh\u1ecf l\u1ecdc s\u1ea1ch ph\u1ea7n c\u1eb7n b\u00e3 trong n\u01b0\u1edbc \u00e9p<\/p>\n<p><img loading=\"lazy\" decoding=\"async\" class=\"aligncenter wp-image-11155 size-full\" src=\"https:\/\/congtybinhminh.com\/wp-content\/uploads\/2023\/06\/bang-dieu-khien-may-ep-nuoc-cot_result_result.webp\" alt=\"bang-dieu-khien-may-ep-nuoc-cot_result_result\" width=\"800\" height=\"544\" srcset=\"https:\/\/congtybinhminh.com\/wp-content\/uploads\/2023\/06\/bang-dieu-khien-may-ep-nuoc-cot_result_result.webp 800w, https:\/\/congtybinhminh.com\/wp-content\/uploads\/2023\/06\/bang-dieu-khien-may-ep-nuoc-cot_result_result-588x400.webp 588w, https:\/\/congtybinhminh.com\/wp-content\/uploads\/2023\/06\/bang-dieu-khien-may-ep-nuoc-cot_result_result-768x522.webp 768w, https:\/\/congtybinhminh.com\/wp-content\/uploads\/2023\/06\/bang-dieu-khien-may-ep-nuoc-cot_result_result-510x347.webp 510w\" sizes=\"auto, (max-width: 800px) 100vw, 800px\" \/><\/p>\n<p>Qu\u00e1 tr\u00ecnh m\u00e1y ho\u1ea1t \u0111\u1ed9ng th\u00f4ng qua h\u1ec7 th\u1ed1ng c\u00f4ng t\u1eafc:<\/p>\n<p>\u0110\u00e8n b\u00e1o vol: hi\u1ec3n th\u1ecb ngu\u1ed3n \u0111i\u1ec7n m\u00e1y \u0111ang ch\u1ea1y<\/p>\n<p>C\u00f4ng t\u1eafc \u0111\u1ea3o chi\u1ec1u:<\/p>\n<ul>\n<li>V\u1eb7n c\u00f4ng t\u1eafc sang ph\u1ea3i kh\u1edfi \u0111\u1ed9ng b\u1eaft \u0111\u1ea7u qu\u00e1 tr\u00ecnh \u00e9p<\/li>\n<li>V\u1eb7t c\u00f4ng t\u1eafc sang tr\u00e1i ( ng\u01b0\u1ee3c chi\u1ec1u kim \u0111\u1ed3ng h\u1ed3) \u0111\u01b0a nguy\u00ean li\u1ec7u \u0111\u00f9n ng\u01b0\u1ee3c l\u1ea1i (n\u1ebfu tr\u1ee5c xo\u1eafn b\u1ecb k\u1eb9t)<\/li>\n<\/ul>\n<h3>\u00a0C\u1eeda x\u1ea3 th\u00e0nh ph\u1ea9m<\/h3>\n<p>Th\u00e0nh ph\u1ea9m sau khi \u00e9p s\u1ebd \u0111\u01b0\u1ee3c \u0111\u01b0a tr\u1ef1c ti\u1ebfp ra ngo\u00e0i c\u1eeda x\u1ea3, v\u1edbi thi\u1ebft k\u1ebf 2 c\u1eeda x\u1ea3 ri\u00eang bi\u1ec7t:<\/p>\n<ul>\n<li>1 c\u1eeda x\u1ea3 \u0111\u01b0a n\u01b0\u1edbc c\u1ed1t ra ngo\u00e0i<\/li>\n<li>1 c\u1eeda x\u1ea3 b\u00e3 nguy\u00ean li\u1ec7u<\/li>\n<\/ul>\n<p><img loading=\"lazy\" decoding=\"async\" class=\"aligncenter wp-image-11156 size-full\" src=\"https:\/\/congtybinhminh.com\/wp-content\/uploads\/2023\/06\/ep-nuoc-cot-dua_result_result.webp\" alt=\"ep-nuoc-cot-dua_result_result\" width=\"800\" height=\"533\" srcset=\"https:\/\/congtybinhminh.com\/wp-content\/uploads\/2023\/06\/ep-nuoc-cot-dua_result_result.webp 800w, https:\/\/congtybinhminh.com\/wp-content\/uploads\/2023\/06\/ep-nuoc-cot-dua_result_result-600x400.webp 600w, https:\/\/congtybinhminh.com\/wp-content\/uploads\/2023\/06\/ep-nuoc-cot-dua_result_result-768x512.webp 768w, https:\/\/congtybinhminh.com\/wp-content\/uploads\/2023\/06\/ep-nuoc-cot-dua_result_result-510x340.webp 510w\" sizes=\"auto, (max-width: 800px) 100vw, 800px\" \/><\/p>\n<h3>Cho n\u0103ng su\u1ea5t cao<\/h3>\n<p>M\u00e1y xay \u00e9p n\u01b0\u1edbc c\u1ed1t li\u00ean ho\u00e0n s\u1eed d\u1ee5ng \u0111\u1ed9ng c\u01a1 3kw d\u00f9ng \u0111i\u1ec7n gia \u0111\u00ecnh 220V cho n\u0103ng su\u1ea5t \u0111\u1ea1t t\u1eeb 200 &#8211; 300 kg\/gi\u1edd \u00e9p ki\u1ec7t t\u1edbi 95 &#8211; 98%<\/p>\n<p><img loading=\"lazy\" decoding=\"async\" class=\"aligncenter wp-image-11158 size-full\" src=\"https:\/\/congtybinhminh.com\/wp-content\/uploads\/2023\/06\/may-xay-ep-nuoc-cot_result_result.webp\" alt=\"may-xay-ep-nuoc-cot_result_result\" width=\"800\" height=\"533\" srcset=\"https:\/\/congtybinhminh.com\/wp-content\/uploads\/2023\/06\/may-xay-ep-nuoc-cot_result_result.webp 800w, https:\/\/congtybinhminh.com\/wp-content\/uploads\/2023\/06\/may-xay-ep-nuoc-cot_result_result-600x400.webp 600w, https:\/\/congtybinhminh.com\/wp-content\/uploads\/2023\/06\/may-xay-ep-nuoc-cot_result_result-768x512.webp 768w, https:\/\/congtybinhminh.com\/wp-content\/uploads\/2023\/06\/may-xay-ep-nuoc-cot_result_result-510x340.webp 510w\" sizes=\"auto, (max-width: 800px) 100vw, 800px\" \/><\/p>\n<h2>\u0110\u1ecba ch\u1ec9 mua m\u00e1y \u00e9p n\u01b0\u1edbc c\u1ed1t gi\u00e1 g\u1ed1c t\u1ea1i x\u01b0\u1edfng<\/h2>\n<p>C\u00f4ng ty B\u00ecnh Minh v\u1edbi h\u01a1n 35 n\u0103m h\u00ecnh th\u00e0nh v\u00e0 ph\u00e1t tri\u1ec3n trong l\u0129nh v\u1ef1c c\u01a1 kh\u00ed, chuy\u00ean s\u1ea3n xu\u1ea5t c\u00e1c d\u00f2ng m\u00e1y n\u00f4ng nghi\u1ec7p &#8211; c\u00f4ng nghi\u1ec7p &#8211; m\u00e1y ch\u1ebf bi\u1ebfn th\u1ef1c ph\u1ea9m. \u0110\u1ed3n h\u00e0nh c\u00f9ng b\u00e0 con tr\u00ean kh\u1eafp m\u1ecdi mi\u1ec1n T\u1ed5 Qu\u1ed1c<\/p>\n<ul>\n<li>M\u00e1y \u0111\u01b0\u1ee3c s\u1ea3n xu\u1ea5t tr\u1ef1c ti\u1ebfp kh\u00f4ng qua \u0111\u1ea1i l\u00fd trung gian<\/li>\n<li>B\u1ea3o h\u00e0nh m\u00e1y 12 th\u00e1ng, h\u1ed7 tr\u1ee3 t\u01b0 v\u1ea5n k\u1ef9 thu\u1eadt tr\u1ecdn \u0111\u1eddi m\u00e1y<\/li>\n<li>C\u00f3 s\u1eafn m\u00e1y m\u00f3c v\u00e0 linh ph\u1ee5 ki\u1ec7n thu\u1eadn ti\u1ec7n s\u1eeda ch\u1eefa<\/li>\n<\/ul>\n<p>\u0110\u1ec3 \u0111\u1eb7t mua m\u00e1y ch\u00ednh h\u00e3ng v\u00e0 bi\u1ebft th\u00eam th\u00f4ng tin chi ti\u1ebft b\u00e0 con c\u00f3 th\u1ec3 t\u00ecm hi\u1ec3u 1 trong 3 c\u00e1ch sau:<\/p>\n<ul>\n<li>Truy c\u1eadp website: <strong><a href=\"https:\/\/congtybinhminh.com\/\">congtybinhminh.com<\/a><\/strong><\/li>\n<li>Truy c\u1eadp youtube: <strong><a href=\"https:\/\/www.youtube.com\/@congtybinhminh\">c\u00f4ng ty B\u00ecnh Minh<\/a><\/strong><\/li>\n<li>\u0110\u1ebfn tr\u1ef1c ti\u1ebfp tr\u1ee5 s\u1edf g\u1ea7n nh\u1ea5t c\u1ee7a c\u00f4ng ty t\u1ea1i H\u00e0 N\u1ed9i<\/li>\n<\/ul>\n<p>\u0110\u1ed1i v\u1edbi b\u00e0 con \u1edf xa, c\u00f3 th\u1ec3 li\u00ean h\u1ec7 s\u1ed1 \u0111i\u1ec7n th\u1ea1oi Hotline tr\u00ean website ho\u1eb7c \u0111\u1ec3 l\u1ea1i l\u1eddi nh\u1eafn ph\u1ea7n b\u00ecnh lu\u1eadn \u0111\u1ed9i ng\u0169 t\u01b0 v\u1ea5n s\u1ebd li\u00ean h\u1ec7 b\u00e0 con trong th\u1eddi gian s\u1edbm nh\u1ea5t<\/p>\n<div class=\"divTable blueTable\">\n<div class=\"divTableBody\">\n<div class=\"divTableRow\">\n<div class=\"divTableCell\">\n<h2>Th\u00f4ng s\u1ed1 k\u1ef9 thu\u1eadt<\/h2>\n<table>\n<tbody>\n<tr>\n<td rowspan=\"3\" width=\"248\">\u0110\u1ed9ng c\u01a1<\/td>\n<td width=\"196\">C\u00f4ng su\u1ea5t \u0111\u1ed9ng c\u01a1<\/td>\n<td width=\"194\">3kW + 3.5kw<\/td>\n<\/tr>\n<tr>\n<td width=\"196\">Ngu\u1ed3n \u0111i\u1ec7n<\/td>\n<td width=\"194\">220 (V)<\/td>\n<\/tr>\n<tr>\n<td width=\"196\">T\u1ed1c \u0111\u1ed9<\/td>\n<td width=\"194\">1450( v\/p)<\/td>\n<\/tr>\n<tr>\n<td rowspan=\"2\" width=\"248\">Tr\u1ecdng l\u01b0\u1ee3ng m\u00e1y<\/td>\n<td width=\"196\">Nguy\u00ean b\u1ed9<\/td>\n<td width=\"194\">\u00a0172 ( kg)<\/td>\n<\/tr>\n<tr>\n<td width=\"196\">Kh\u00f4ng \u0111\u1ed9ng \u00a0c\u01a1<\/td>\n<td width=\"194\">\u00a0( kg)<\/td>\n<\/tr>\n<tr>\n<td rowspan=\"2\" width=\"248\">B\u1ea3o h\u00e0nh<\/td>\n<td width=\"196\">K\u1ef9 thu\u1eadt<\/td>\n<td width=\"194\">12 th\u00e1ng<\/td>\n<\/tr>\n<tr>\n<td width=\"196\">\u0110\u1ed9ng c\u01a1<\/td>\n<td width=\"194\">Theo t\u1eebng h\u00e3ng s\u1ea3n xu\u1ea5t<\/td>\n<\/tr>\n<tr>\n<td width=\"248\">N\u0103ng su\u1ea5t<\/td>\n<td colspan=\"2\" width=\"390\">200 \u2013 400 kg\/h<\/td>\n<\/tr>\n<tr>\n<td width=\"248\">K\u00edch th\u01b0\u1edbc\u00a0 ( D * C * R )<\/td>\n<td colspan=\"2\" width=\"390\">124*153*55cm<\/td>\n<\/tr>\n<tr>\n<td width=\"248\">H\u00ecnh th\u1ee9c thanh to\u00e1n<\/td>\n<td colspan=\"2\" width=\"390\">\u00a0Ti\u1ec1n m\u1eb7t ho\u1eb7c chuy\u1ec3n kho\u1ea3<\/td>\n<\/tr>\n<\/tbody>\n<\/table>\n<\/div>\n<\/div>\n<\/div>\n<\/div>\n","protected":false},"excerpt":{"rendered":"<ul>\n<li><strong>H\u00e3ng s\u1ea3n xu\u1ea5t:<\/strong>\u00a0B\u00ecnh Minh<\/li>\n<li><strong>C\u00f4ng su\u1ea5t \u0111\u1ed9ng c\u01a1<\/strong>: 3kw + 3.5kw<\/li>\n<li><strong>Ngu\u1ed3n \u0111i\u1ec7n:<\/strong>\u00a0220V<\/li>\n<li><strong>N\u0103ng su\u1ea5t<\/strong>: 200 \u2013 400 kg\/gi\u1edd<\/li>\n<li><strong>K\u00edch th\u01b0\u1edbc (d*c*r):<\/strong>\u00a0124*153*55 cm<\/li>\n<li><strong>T\u00ednh n\u0103ng:<\/strong>\u00a0m\u00e1y chuy\u00ean d\u00f9ng \u00e9p n\u01b0\u1edbc c\u1ed1t c\u00e1c lo\u1ea1i rau c\u1ee7 qu\u1ea3 s\u1ed1 l\u01b0\u1ee3ng l\u1edbn<\/li>\n<\/ul>\n","protected":false},"featured_media":11152,"comment_status":"closed","ping_status":"closed","template":"","meta":[],"product_brand":[],"product_cat":[131],"product_tag":[],"class_list":{"0":"post-8298","1":"product","2":"type-product","3":"status-publish","4":"has-post-thumbnail","6":"product_cat-may-ep-nuoc-cot","8":"first","9":"instock","10":"shipping-taxable","11":"product-type-simple"},"_links":{"self":[{"href":"https:\/\/congtybinhminh.com\/index.php?rest_route=\/wp\/v2\/product\/8298","targetHints":{"allow":["GET"]}}],"collection":[{"href":"https:\/\/congtybinhminh.com\/index.php?rest_route=\/wp\/v2\/product"}],"about":[{"href":"https:\/\/congtybinhminh.com\/index.php?rest_route=\/wp\/v2\/types\/product"}],"replies":[{"embeddable":true,"href":"https:\/\/congtybinhminh.com\/index.php?rest_route=%2Fwp%2Fv2%2Fcomments&post=8298"}],"wp:featuredmedia":[{"embeddable":true,"href":"https:\/\/congtybinhminh.com\/index.php?rest_route=\/wp\/v2\/media\/11152"}],"wp:attachment":[{"href":"https:\/\/congtybinhminh.com\/index.php?rest_route=%2Fwp%2Fv2%2Fmedia&parent=8298"}],"wp:term":[{"taxonomy":"product_brand","embeddable":true,"href":"https:\/\/congtybinhminh.com\/index.php?rest_route=%2Fwp%2Fv2%2Fproduct_brand&post=8298"},{"taxonomy":"product_cat","embeddable":true,"href":"https:\/\/congtybinhminh.com\/index.php?rest_route=%2Fwp%2Fv2%2Fproduct_cat&post=8298"},{"taxonomy":"product_tag","embeddable":true,"href":"https:\/\/congtybinhminh.com\/index.php?rest_route=%2Fwp%2Fv2%2Fproduct_tag&post=8298"}],"curies":[{"name":"wp","href":"https:\/\/api.w.org\/{rel}","templated":true}]}}