{"id":8263,"date":"2023-05-23T15:22:05","date_gmt":"2023-05-23T08:22:05","guid":{"rendered":"https:\/\/congtybinhminh.com\/?post_type=product&#038;p=8263"},"modified":"2023-10-02T09:15:25","modified_gmt":"2023-10-02T02:15:25","slug":"may-bam-xo-dua-b250-dau-no","status":"publish","type":"product","link":"https:\/\/congtybinhminh.com\/?product=may-bam-xo-dua-b250-dau-no","title":{"rendered":"M\u00e1y b\u0103m x\u01a1 d\u1eeba B250 \u0111\u1ea7u n\u1ed5"},"content":{"rendered":"<h2>Video ho\u1ea1t \u0111\u1ed9ng<\/h2>\n<p><iframe loading=\"lazy\" title=\"M\u00e1y B\u0103m X\u01a1 D\u1eeba B250 \u0110\u1ea7u N\u1ed5 Li\u1ec7u N\u0103ng Su\u1ea5t C\u00f3 B\u1eb1ng M\u00e1y \u0110\u1ed9ng C\u01a1 \u0110i\u1ec7n?\" width=\"1020\" height=\"574\" src=\"https:\/\/www.youtube.com\/embed\/Mhf2XWbs5SY?feature=oembed\" frameborder=\"0\" allow=\"accelerometer; autoplay; clipboard-write; encrypted-media; gyroscope; picture-in-picture; web-share\" allowfullscreen><\/iframe><\/p>\n<h2>Gi\u1edbi thi\u1ec7u m\u00e1y b\u0103m x\u01a1 d\u1eeba B250 \u0111\u1ea7u n\u1ed5<\/h2>\n<p>\u0110\u1ec3 x\u1eed l\u00fd s\u1ed1 l\u01b0\u1ee3ng l\u1edbn v\u1ecf d\u1eeba t\u01b0\u01a1i, v\u1ecf d\u1eeba kh\u00f4 m\u1ed9t c\u00e1ch nhanh ch\u00f3ng v\u00e0 ti\u1ebft ki\u1ec7m th\u1eddi gian, c\u00f4ng ty B\u00ecnh Minh \u0111\u00e3 cho ra \u0111\u1eddi d\u00f2ng s\u1ea3n ph\u1ea9m m\u00e1y b\u0103m x\u01a1 d\u1eeba B250 s\u1eed d\u1ee5ng \u0111\u1ea7u n\u1ed5.<\/p>\n<figure id=\"attachment_8270\" aria-describedby=\"caption-attachment-8270\" style=\"width: 800px\" class=\"wp-caption aligncenter\"><img loading=\"lazy\" decoding=\"async\" class=\"wp-image-8270 size-full\" src=\"https:\/\/congtybinhminh.com\/wp-content\/uploads\/2023\/05\/may-bam-xo-dua-b250-dau-no-5.webp\" alt=\"\" width=\"800\" height=\"600\" srcset=\"https:\/\/congtybinhminh.com\/wp-content\/uploads\/2023\/05\/may-bam-xo-dua-b250-dau-no-5.webp 800w, https:\/\/congtybinhminh.com\/wp-content\/uploads\/2023\/05\/may-bam-xo-dua-b250-dau-no-5-510x383.webp 510w, https:\/\/congtybinhminh.com\/wp-content\/uploads\/2023\/05\/may-bam-xo-dua-b250-dau-no-5-533x400.webp 533w, https:\/\/congtybinhminh.com\/wp-content\/uploads\/2023\/05\/may-bam-xo-dua-b250-dau-no-5-768x576.webp 768w\" sizes=\"auto, (max-width: 800px) 100vw, 800px\" \/><figcaption id=\"caption-attachment-8270\" class=\"wp-caption-text\">M\u00e1y b\u0103m x\u01a1 d\u1eeba B250 \u0111\u1ea7u n\u1ed5<\/figcaption><\/figure>\n<p>V\u1edbi phi\u00ean b\u1ea3n \u0111\u1ea7u n\u1ed5, b\u00e0 con c\u00f3 th\u1ec3 b\u0103m v\u1ecf d\u1eeba th\u00e0nh m\u00f9n d\u1eeba m\u1ecdi l\u00fac, m\u1ecdi n\u01a1i m\u00e0 kh\u00f4ng c\u1ea7n d\u00f9ng \u0111\u1ebfn ngu\u1ed3n \u0111i\u1ec7n, v\u1eeba ti\u1ec7n l\u1ee3i v\u1eeba \u0111em l\u1ea1i n\u0103ng su\u1ea5t cao.<\/p>\n<h2><span id=\"Tinh_nang_noi_bat_cua_may_bam_xo_dua_B250\" class=\"ez-toc-section\"><\/span>T\u00ednh n\u0103ng n\u1ed5i b\u1eadt c\u1ee7a m\u00e1y b\u0103m x\u01a1 d\u1eeba B250 \u0111\u1ea7u n\u1ed5<\/h2>\n<p>M\u00e1y l\u1eafp \u0111\u1eb7t \u0111\u1ea7u n\u1ed5 D10 thu\u1eadn ti\u1ec7n cho qu\u00e1 tr\u00ecnh s\u1eed d\u1ee5ng, ph\u00f9 h\u1ee3p v\u1edbi m\u1ecdi h\u1ed9 gia \u0111\u00ecnh m\u00e0 kh\u00f4ng lo \u0111i\u1ec7n y\u1ebfu, \u0111i\u1ec7n kh\u00f4ng \u0111\u1ee7 t\u1ea3i.<\/p>\n<figure id=\"attachment_8271\" aria-describedby=\"caption-attachment-8271\" style=\"width: 800px\" class=\"wp-caption aligncenter\"><img loading=\"lazy\" decoding=\"async\" class=\"wp-image-8271 size-full\" src=\"https:\/\/congtybinhminh.com\/wp-content\/uploads\/2023\/05\/Dau-no-may-bam-xo-dua-B250.webp\" alt=\"\" width=\"800\" height=\"600\" srcset=\"https:\/\/congtybinhminh.com\/wp-content\/uploads\/2023\/05\/Dau-no-may-bam-xo-dua-B250.webp 800w, https:\/\/congtybinhminh.com\/wp-content\/uploads\/2023\/05\/Dau-no-may-bam-xo-dua-B250-510x383.webp 510w, https:\/\/congtybinhminh.com\/wp-content\/uploads\/2023\/05\/Dau-no-may-bam-xo-dua-B250-533x400.webp 533w, https:\/\/congtybinhminh.com\/wp-content\/uploads\/2023\/05\/Dau-no-may-bam-xo-dua-B250-768x576.webp 768w\" sizes=\"auto, (max-width: 800px) 100vw, 800px\" \/><figcaption id=\"caption-attachment-8271\" class=\"wp-caption-text\">\u0110\u1ea7u n\u1ed5 D10<\/figcaption><\/figure>\n<p>M\u00e1y b\u0103m x\u01a1 d\u1eeba B250 \u0111\u1ea7u n\u1ed5 l\u1eafp \u0111\u1eb7t 4 b\u00e1nh xe n\u00ean d\u1ec5 d\u00e0ng di chuy\u1ec3n m\u00e1y \u0111\u1ebfn m\u1ecdi n\u01a1i, m\u1ecdi v\u1ecb tr\u00ed.<\/p>\n<p>M\u00e1y c\u00f3 kh\u1ea3 n\u0103ng b\u0103m s\u1ed1 l\u01b0\u1ee3ng l\u1edbn v\u1ecf d\u1eeba t\u01b0\u01a1i, v\u1ecf d\u1eeba kh\u00f4 g\u00f3p ph\u1ea7n \u0111em l\u1ea1i n\u0103ng su\u1ea5t cho b\u00e0 con<\/p>\n<p>Th\u00e0nh ph\u1ea9m m\u00f9n d\u1eeba sau khi b\u0103m \u0111\u01b0\u1ee3c \u1ee9ng d\u1ee5ng \u0111a d\u1ea1ng trong \u0111\u1eddi s\u1ed1ng nh\u01b0:<\/p>\n<ul>\n<li>L\u00e0m gi\u00e1 th\u1ec3 tr\u1ed3ng c\u00e2y<\/li>\n<li>L\u00e0m \u0111\u1ec7m l\u00f3t chu\u1ed3ng sinh h\u1ecdc<\/li>\n<li>L\u00e0m ph\u00e2n b\u00f3n c\u1ea3i t\u1ea1o \u0111\u1ea5t tr\u1ed3ng<\/li>\n<li>L\u00e0m nh\u1eefng s\u1ea3n ph\u1ea9m th\u1ee7 c\u00f4ng<\/li>\n<\/ul>\n<figure id=\"attachment_7724\" class=\"wp-caption aligncenter\" aria-describedby=\"caption-attachment-7724\"><\/figure>\n<h2><span id=\"Cau_tao_cua_may\" class=\"ez-toc-section\"><\/span>C\u1ea5u t\u1ea1o c\u1ee7a m\u00e1y<\/h2>\n<p>M\u00e1y \u0111\u01b0\u1ee3c thi\u1ebft k\u1ebf nh\u1ecf g\u1ecdn, khung m\u00e1y ch\u1eafc ch\u1eafn kh\u00f4ng g\u00e2y rung l\u1eafc trong qu\u00e1 tr\u00ecnh v\u1eadn h\u00e0nh. \u0110\u1ea3m b\u1ea3o an to\u00e0n cho ng\u01b0\u1eddi s\u1eed d\u1ee5ng.<\/p>\n<figure id=\"attachment_8265\" aria-describedby=\"caption-attachment-8265\" style=\"width: 800px\" class=\"wp-caption aligncenter\"><img loading=\"lazy\" decoding=\"async\" class=\"wp-image-8265 size-full\" src=\"https:\/\/congtybinhminh.com\/wp-content\/uploads\/2023\/05\/cau-tao-may-bam-xo-dua-b250-dau-no.webp\" alt=\"\" width=\"800\" height=\"600\" srcset=\"https:\/\/congtybinhminh.com\/wp-content\/uploads\/2023\/05\/cau-tao-may-bam-xo-dua-b250-dau-no.webp 800w, https:\/\/congtybinhminh.com\/wp-content\/uploads\/2023\/05\/cau-tao-may-bam-xo-dua-b250-dau-no-510x383.webp 510w, https:\/\/congtybinhminh.com\/wp-content\/uploads\/2023\/05\/cau-tao-may-bam-xo-dua-b250-dau-no-533x400.webp 533w, https:\/\/congtybinhminh.com\/wp-content\/uploads\/2023\/05\/cau-tao-may-bam-xo-dua-b250-dau-no-768x576.webp 768w\" sizes=\"auto, (max-width: 800px) 100vw, 800px\" \/><figcaption id=\"caption-attachment-8265\" class=\"wp-caption-text\">C\u1ea5u t\u1ea1o m\u00e1y<\/figcaption><\/figure>\n<p>Ph\u1ea7n toa n\u1ea1p \u0111\u01b0\u1ee3c thi\u1ebft k\u1ebf d\u1ea1ng \u0111\u1ee9ng, mi\u1ec7ng ph\u1ec5u r\u1ed9ng\u00a0h\u01b0\u1edbng d\u1ed1c xu\u1ed1ng d\u01b0\u1edbi gi\u00fap nguy\u00ean li\u1ec7u d\u1ec5 d\u00e0ng di chuy\u1ec3n xu\u1ed1ng bu\u1ed3ng b\u0103m.<\/p>\n<figure id=\"attachment_8272\" aria-describedby=\"caption-attachment-8272\" style=\"width: 800px\" class=\"wp-caption aligncenter\"><img loading=\"lazy\" decoding=\"async\" class=\"wp-image-8272 size-full\" src=\"https:\/\/congtybinhminh.com\/wp-content\/uploads\/2023\/05\/Toa-nap.webp\" alt=\"\" width=\"800\" height=\"600\" srcset=\"https:\/\/congtybinhminh.com\/wp-content\/uploads\/2023\/05\/Toa-nap.webp 800w, https:\/\/congtybinhminh.com\/wp-content\/uploads\/2023\/05\/Toa-nap-510x383.webp 510w, https:\/\/congtybinhminh.com\/wp-content\/uploads\/2023\/05\/Toa-nap-533x400.webp 533w, https:\/\/congtybinhminh.com\/wp-content\/uploads\/2023\/05\/Toa-nap-768x576.webp 768w\" sizes=\"auto, (max-width: 800px) 100vw, 800px\" \/><figcaption id=\"caption-attachment-8272\" class=\"wp-caption-text\">Toa n\u1ea1p nguy\u00ean li\u1ec7u<\/figcaption><\/figure>\n<figure id=\"attachment_7676\" class=\"wp-caption aligncenter\" aria-describedby=\"caption-attachment-7676\"><\/figure>\n<p>Ph\u1ea7n c\u1eeda x\u1ea3 \u0111\u01b0\u1ee3c thi\u1ebft k\u1ebf bu\u00f4ng th\u1eb3ng t\u1eeb bu\u1ed3ng l\u00e0m vi\u1ec7c xu\u1ed1ng gi\u00fap cho nguy\u00ean li\u1ec7u sau khi b\u0103m d\u1ec5 d\u00e0ng di chuy\u1ec3n ra b\u00ean ngo\u00e0i, kh\u00f4ng lo b\u1ecb t\u1eafc ngh\u1ebdn.<\/p>\n<figure id=\"attachment_8273\" aria-describedby=\"caption-attachment-8273\" style=\"width: 800px\" class=\"wp-caption aligncenter\"><img loading=\"lazy\" decoding=\"async\" class=\"wp-image-8273 size-full\" src=\"https:\/\/congtybinhminh.com\/wp-content\/uploads\/2023\/05\/Cua-xa.webp\" alt=\"\" width=\"800\" height=\"600\" srcset=\"https:\/\/congtybinhminh.com\/wp-content\/uploads\/2023\/05\/Cua-xa.webp 800w, https:\/\/congtybinhminh.com\/wp-content\/uploads\/2023\/05\/Cua-xa-510x383.webp 510w, https:\/\/congtybinhminh.com\/wp-content\/uploads\/2023\/05\/Cua-xa-533x400.webp 533w, https:\/\/congtybinhminh.com\/wp-content\/uploads\/2023\/05\/Cua-xa-768x576.webp 768w\" sizes=\"auto, (max-width: 800px) 100vw, 800px\" \/><figcaption id=\"caption-attachment-8273\" class=\"wp-caption-text\">C\u1eeda x\u1ea3<\/figcaption><\/figure>\n<figure id=\"attachment_7677\" class=\"wp-caption aligncenter\" aria-describedby=\"caption-attachment-7677\"><\/figure>\n<p>Bu\u1ed3ng l\u00e0m vi\u1ec7c\u00a0 \u0111\u01b0\u1ee3c trang b\u1ecb h\u1ec7 th\u1ed1ng dao b\u0103m g\u1ed3m 4 dao 2 l\u01b0\u1ee1i s\u1eafc b\u00e9n \u0111\u01b0\u1ee3c g\u1eafn tr\u00ean 1 tr\u1ee5c quay k\u1ebft h\u1ee3p c\u00f9ng 2 con dao h\u00e0n ch\u1ebft c\u00f3 nhi\u1ec7m v\u1ee5 b\u0103m nh\u1ecf qu\u1ea3 d\u1eeba nhanh ch\u00f3ng.<\/p>\n<figure id=\"attachment_8274\" aria-describedby=\"caption-attachment-8274\" style=\"width: 800px\" class=\"wp-caption aligncenter\"><img loading=\"lazy\" decoding=\"async\" class=\"wp-image-8274 size-full\" src=\"https:\/\/congtybinhminh.com\/wp-content\/uploads\/2023\/05\/Buong-bam.webp\" alt=\"\" width=\"800\" height=\"600\" srcset=\"https:\/\/congtybinhminh.com\/wp-content\/uploads\/2023\/05\/Buong-bam.webp 800w, https:\/\/congtybinhminh.com\/wp-content\/uploads\/2023\/05\/Buong-bam-510x383.webp 510w, https:\/\/congtybinhminh.com\/wp-content\/uploads\/2023\/05\/Buong-bam-533x400.webp 533w, https:\/\/congtybinhminh.com\/wp-content\/uploads\/2023\/05\/Buong-bam-768x576.webp 768w\" sizes=\"auto, (max-width: 800px) 100vw, 800px\" \/><figcaption id=\"caption-attachment-8274\" class=\"wp-caption-text\">Bu\u1ed3ng dao b\u0103m<\/figcaption><\/figure>\n<figure id=\"attachment_7678\" class=\"wp-caption aligncenter\" aria-describedby=\"caption-attachment-7678\"><\/figure>\n<p>K\u1ebft h\u1ee3p v\u1edbi 1 m\u1eb7t s\u00e0ng \u0111\u01b0\u1ee3c l\u1eafp ngay ph\u00eda d\u01b0\u1edbi, gi\u00fap s\u00e0ng l\u1ecdc\u00a0v\u00e0 ch\u1ec9 cho ph\u00e9p c\u00e1c m\u1ea9u v\u1ee5n c\u00f3 k\u00edch th\u01b0\u1edbc nh\u1ecf t\u01b0\u01a1ng \u1ee9ng \u0111i qua, cho th\u00e0nh ph\u1ea9m \u0111\u1ea1t \u0111\u1ed9\u00a0\u0111\u1ed3ng \u0111\u1ec1u.<\/p>\n<p>Ng\u01b0\u1eddi d\u00f9ng c\u00f3 th\u1ec3 \u0111i\u1ec1u ch\u1ec9nh k\u00edch c\u1ee1 c\u1ee7a th\u00e0nh ph\u1ea9m b\u1eb1ng c\u00e1ch l\u1ef1a ch\u1ecdn thay l\u1eafp m\u1eb7t s\u00e0ng\u00a0l\u1eafp trong m\u00e1y<\/p>\n<h2><span id=\"Uu_diem_cua_may_bam_xo_dua_B250\" class=\"ez-toc-section\"><\/span>\u01afu \u0111i\u1ec3m c\u1ee7a m\u00e1y b\u0103m x\u01a1 d\u1eeba B250 \u0111\u1ea7u n\u1ed5<\/h2>\n<p>Ch\u1ec9 c\u1ea7n 1 nh\u00e2n c\u00f4ng \u0111\u1ee9ng v\u1eadn h\u00e0nh m\u00e1y l\u00e0 c\u00f3 th\u1ec3 ho\u1ea1t \u0111\u1ed9ng m\u1ed9t c\u00e1ch tr\u01a1n tru v\u00e0 \u0111em l\u1ea1i hi\u1ec7u qu\u1ea3 n\u0103ng su\u1ea5t cao.<\/p>\n<p><img loading=\"lazy\" decoding=\"async\" class=\"aligncenter wp-image-8275 size-full\" src=\"https:\/\/congtybinhminh.com\/wp-content\/uploads\/2023\/05\/may-bam-xo-dua-b250-dau-no-6.webp\" alt=\"\" width=\"800\" height=\"600\" srcset=\"https:\/\/congtybinhminh.com\/wp-content\/uploads\/2023\/05\/may-bam-xo-dua-b250-dau-no-6.webp 800w, https:\/\/congtybinhminh.com\/wp-content\/uploads\/2023\/05\/may-bam-xo-dua-b250-dau-no-6-510x383.webp 510w, https:\/\/congtybinhminh.com\/wp-content\/uploads\/2023\/05\/may-bam-xo-dua-b250-dau-no-6-533x400.webp 533w, https:\/\/congtybinhminh.com\/wp-content\/uploads\/2023\/05\/may-bam-xo-dua-b250-dau-no-6-768x576.webp 768w\" sizes=\"auto, (max-width: 800px) 100vw, 800px\" \/><\/p>\n<p>S\u1eed d\u1ee5ng m\u00e1y b\u0103m x\u01a1 d\u1eeba B250 \u0111\u1ea7u n\u1ed5 gi\u00fap b\u00e0 con c\u00f3 th\u1ec3 ti\u1ebft ki\u1ec7m \u0111\u01b0\u1ee3c th\u1eddi gian v\u00e0 nh\u00e2n c\u00f4ng lao \u0111\u1ed9ng<\/p>\n<p>T\u1eadn d\u1ee5ng \u0111\u01b0\u1ee3c nh\u1eefng ph\u1ee5 ph\u1ea9m t\u01b0\u1edfng ch\u1eebng nh\u01b0 b\u1ecf \u0111i l\u00e0m th\u00e0nh nh\u1eefng s\u1ea3n ph\u1ea9m c\u00f3 gi\u00e1 tr\u1ecb.<\/p>\n<h2><span id=\"Nhung_dieu_can_luu_y_khi_su_dung_may\" class=\"ez-toc-section\"><\/span>Nh\u1eefng \u0111i\u1ec1u c\u1ea7n l\u01b0u \u00fd khi s\u1eed d\u1ee5ng m\u00e1y<\/h2>\n<p>N\u00ean \u0111\u1eb7t m\u00e1y tr\u00ean n\u1ec1n ph\u1eb3ng kh\u00f4 r\u00e1o<\/p>\n<p>Lau tay th\u1eadt kh\u00f4 tr\u01b0\u1edbc khi v\u1eadn h\u00e0nh m\u00e1y.<\/p>\n<p>Th\u01b0\u1eddng xuy\u00ean v\u1ec7 sinh m\u00e1y m\u1ed9t c\u00e1ch s\u1ea1ch s\u1ebd<\/p>\n<p>Ki\u1ec3m tra bu\u1ed3ng dao b\u0103m \u0111\u1ec3 tr\u00e1nh nh\u1eefng v\u1eadt c\u1ee9ng, nh\u1ecdn r\u01a1i v\u00e0o bu\u1ed3ng b\u0103m g\u00e2y h\u1ecfng dao.<\/p>\n<h2><span id=\"Thong_so_ky_thuat\" class=\"ez-toc-section\"><\/span>Th\u00f4ng s\u1ed1 k\u1ef9 thu\u1eadt:<\/h2>\n<table border=\"1\" cellspacing=\"1\" cellpadding=\"1\">\n<tbody>\n<tr>\n<td>C\u00f4ng su\u1ea5t \u0111\u1ea7u n\u1ed5<\/td>\n<td>D10<\/td>\n<\/tr>\n<tr>\n<td>Ngu\u1ed3n \u0111i\u1ec7n<\/td>\n<td>\u00a0\u2013\u00a0 ( V)<\/td>\n<\/tr>\n<tr>\n<td>T\u1ed1c \u0111\u1ed9 \u0111\u1ed9ng c\u01a1<\/td>\n<td>\u00a0\u2013\u00a0 ( v\/p)<\/td>\n<\/tr>\n<tr>\n<td>Nguy\u00ean b\u1ed9<\/td>\n<td>\u00a0(kg)<\/td>\n<\/tr>\n<tr>\n<td>Kh\u00f4ng \u0111\u1ed9ng c\u01a1<\/td>\n<td>(kg)<\/td>\n<\/tr>\n<tr>\n<td>N\u0103ng su\u1ea5t<\/td>\n<td>\u00a0250- 300 kg\/h<\/td>\n<\/tr>\n<tr>\n<td>K\u00edch th\u01b0\u1edbc ( D * C * R )<\/td>\n<td><\/td>\n<\/tr>\n<tr>\n<td>B\u1ea3o h\u00e0nh<\/td>\n<td>06 th\u00e1ng<\/td>\n<\/tr>\n<tr>\n<td>H\u00ecnh th\u1ee9c thanh to\u00e1n<\/td>\n<td><em><strong>Ti\u1ec1n m\u1eb7t ho\u1eb7c chuy\u1ec3n kho\u1ea3n\u00a0<\/strong><\/em><\/td>\n<\/tr>\n<\/tbody>\n<\/table>\n","protected":false},"excerpt":{"rendered":"<p><strong>H\u00e3ng s\u1ea3n xu\u1ea5t:\u00a0<\/strong>B\u00ecnh Minh<\/p>\n<p><strong>\u0110\u1ea7u n\u1ed5:<\/strong> D10<\/p>\n<p><strong>N\u0103ng su\u1ea5t:\u00a0 \u00a0 \u00a0 \u00a0 \u00a0 <\/strong>kg\/gi\u1edd<strong>\u00a0<\/strong><\/p>\n<p><strong>K\u00edch th\u01b0\u1edbc (CD*CC*CR):\u00a0<\/strong><\/p>\n<p><strong>T\u00ednh n\u0103ng:<\/strong>\u00a0M\u00e1y chuy\u00ean b\u0103m v\u1ecf d\u1eeba t\u01b0\u01a1i, v\u1ecf d\u1eeba kh\u00f4,\u2026 th\u00e0nh d\u1ea1ng m\u00f9n d\u1eeba l\u00e0m ph\u00e2n b\u00f3n tr\u1ed3ng c\u00e2y, \u0111\u1ec7m l\u00f3t chu\u1ed3ng\u2026<\/p>\n","protected":false},"featured_media":8268,"comment_status":"closed","ping_status":"closed","template":"","meta":[],"product_brand":[],"product_cat":[197],"product_tag":[],"class_list":{"0":"post-8263","1":"product","2":"type-product","3":"status-publish","4":"has-post-thumbnail","6":"product_cat-may-bam-xo-dua-2","8":"first","9":"instock","10":"shipping-taxable","11":"product-type-simple"},"_links":{"self":[{"href":"https:\/\/congtybinhminh.com\/index.php?rest_route=\/wp\/v2\/product\/8263","targetHints":{"allow":["GET"]}}],"collection":[{"href":"https:\/\/congtybinhminh.com\/index.php?rest_route=\/wp\/v2\/product"}],"about":[{"href":"https:\/\/congtybinhminh.com\/index.php?rest_route=\/wp\/v2\/types\/product"}],"replies":[{"embeddable":true,"href":"https:\/\/congtybinhminh.com\/index.php?rest_route=%2Fwp%2Fv2%2Fcomments&post=8263"}],"wp:featuredmedia":[{"embeddable":true,"href":"https:\/\/congtybinhminh.com\/index.php?rest_route=\/wp\/v2\/media\/8268"}],"wp:attachment":[{"href":"https:\/\/congtybinhminh.com\/index.php?rest_route=%2Fwp%2Fv2%2Fmedia&parent=8263"}],"wp:term":[{"taxonomy":"product_brand","embeddable":true,"href":"https:\/\/congtybinhminh.com\/index.php?rest_route=%2Fwp%2Fv2%2Fproduct_brand&post=8263"},{"taxonomy":"product_cat","embeddable":true,"href":"https:\/\/congtybinhminh.com\/index.php?rest_route=%2Fwp%2Fv2%2Fproduct_cat&post=8263"},{"taxonomy":"product_tag","embeddable":true,"href":"https:\/\/congtybinhminh.com\/index.php?rest_route=%2Fwp%2Fv2%2Fproduct_tag&post=8263"}],"curies":[{"name":"wp","href":"https:\/\/api.w.org\/{rel}","templated":true}]}}